{"id":64,"date":"2025-05-22T11:00:55","date_gmt":"2025-05-22T08:00:55","guid":{"rendered":"https:\/\/meripelastus.fi\/viitasaari-vedos\/?page_id=64"},"modified":"2025-05-22T11:06:14","modified_gmt":"2025-05-22T08:06:14","slug":"tehtavat","status":"publish","type":"page","link":"https:\/\/meripelastus.fi\/viitasaari\/toiminta\/tehtavat\/","title":{"rendered":"Teht\u00e4v\u00e4t"},"content":{"rendered":"\n<ul class=\"list-unstyled\" id=\"tehtavatrss\" data-amount=\"20\" data-city=\"72\">\n\t\t\t\t\t\t<template>\n\t\t\t\t\t\t\t<li>\n\t\t\t\t\t\t\t\t<time><\/time>\n\t\t\t\t\t\t\t\t<strong><\/strong>\n\t\t\t\t\t\t\t\t<span><\/span>\n\t\t\t\t\t\t\t<\/li>\n\t\t\t\t\t\t<\/template>\n\t\t\t\t\t<\/ul>\n","protected":false},"excerpt":{"rendered":"","protected":false},"author":1,"featured_media":0,"parent":60,"menu_order":0,"comment_status":"closed","ping_status":"closed","template":"","meta":{"_acf_changed":false,"inline_featured_image":false,"footnotes":""},"class_list":["post-64","page","type-page","status-publish","hentry"],"acf":[],"yoast_head":"<!-- This site is optimized with the Yoast SEO Premium plugin v27.2 (Yoast SEO v27.2) - https:\/\/yoast.com\/product\/yoast-seo-premium-wordpress\/ -->\n<title>Teht\u00e4v\u00e4t - Viitasaaren J\u00e4rvipelastajat ry<\/title>\n<meta name=\"robots\" content=\"noindex, follow, max-snippet:-1, max-image-preview:large, max-video-preview:-1\" \/>\n<meta property=\"og:locale\" content=\"fi_FI\" \/>\n<meta property=\"og:type\" content=\"article\" \/>\n<meta property=\"og:title\" content=\"Teht\u00e4v\u00e4t\" \/>\n<meta property=\"og:url\" content=\"https:\/\/meripelastus.fi\/viitasaari\/toiminta\/tehtavat\/\" \/>\n<meta property=\"og:site_name\" content=\"Viitasaaren J\u00e4rvipelastajat ry\" \/>\n<meta property=\"article:modified_time\" content=\"2025-05-22T08:06:14+00:00\" \/>\n<meta name=\"twitter:card\" content=\"summary_large_image\" \/>\n<script type=\"application\/ld+json\" class=\"yoast-schema-graph\">{\"@context\":\"https:\/\/schema.org\",\"@graph\":[{\"@type\":\"WebPage\",\"@id\":\"https:\/\/meripelastus.fi\/viitasaari\/toiminta\/tehtavat\/\",\"url\":\"https:\/\/meripelastus.fi\/viitasaari\/toiminta\/tehtavat\/\",\"name\":\"Teht\u00e4v\u00e4t - Viitasaaren J\u00e4rvipelastajat ry\",\"isPartOf\":{\"@id\":\"https:\/\/meripelastus.fi\/viitasaari\/#website\"},\"datePublished\":\"2025-05-22T08:00:55+00:00\",\"dateModified\":\"2025-05-22T08:06:14+00:00\",\"breadcrumb\":{\"@id\":\"https:\/\/meripelastus.fi\/viitasaari\/toiminta\/tehtavat\/#breadcrumb\"},\"inLanguage\":\"fi\",\"potentialAction\":[{\"@type\":\"ReadAction\",\"target\":[\"https:\/\/meripelastus.fi\/viitasaari\/toiminta\/tehtavat\/\"]}]},{\"@type\":\"BreadcrumbList\",\"@id\":\"https:\/\/meripelastus.fi\/viitasaari\/toiminta\/tehtavat\/#breadcrumb\",\"itemListElement\":[{\"@type\":\"ListItem\",\"position\":1,\"name\":\"Etusivu\",\"item\":\"https:\/\/meripelastus.fi\/viitasaari\/\"},{\"@type\":\"ListItem\",\"position\":2,\"name\":\"Toiminta\",\"item\":\"https:\/\/meripelastus.fi\/viitasaari\/toiminta\/\"},{\"@type\":\"ListItem\",\"position\":3,\"name\":\"Teht\u00e4v\u00e4t\"}]},{\"@type\":\"WebSite\",\"@id\":\"https:\/\/meripelastus.fi\/viitasaari\/#website\",\"url\":\"https:\/\/meripelastus.fi\/viitasaari\/\",\"name\":\"Viitasaaren J\u00e4rvipelastajat ry\",\"description\":\"Vapaaehtoiset apunasi vesill\u00e4\",\"potentialAction\":[{\"@type\":\"SearchAction\",\"target\":{\"@type\":\"EntryPoint\",\"urlTemplate\":\"https:\/\/meripelastus.fi\/viitasaari\/?s={search_term_string}\"},\"query-input\":{\"@type\":\"PropertyValueSpecification\",\"valueRequired\":true,\"valueName\":\"search_term_string\"}}],\"inLanguage\":\"fi\"}]}<\/script>\n<!-- \/ Yoast SEO Premium plugin. -->","yoast_head_json":{"title":"Teht\u00e4v\u00e4t - Viitasaaren J\u00e4rvipelastajat ry","robots":{"index":"noindex","follow":"follow","max-snippet":"max-snippet:-1","max-image-preview":"max-image-preview:large","max-video-preview":"max-video-preview:-1"},"og_locale":"fi_FI","og_type":"article","og_title":"Teht\u00e4v\u00e4t","og_url":"https:\/\/meripelastus.fi\/viitasaari\/toiminta\/tehtavat\/","og_site_name":"Viitasaaren J\u00e4rvipelastajat ry","article_modified_time":"2025-05-22T08:06:14+00:00","twitter_card":"summary_large_image","schema":{"@context":"https:\/\/schema.org","@graph":[{"@type":"WebPage","@id":"https:\/\/meripelastus.fi\/viitasaari\/toiminta\/tehtavat\/","url":"https:\/\/meripelastus.fi\/viitasaari\/toiminta\/tehtavat\/","name":"Teht\u00e4v\u00e4t - Viitasaaren J\u00e4rvipelastajat ry","isPartOf":{"@id":"https:\/\/meripelastus.fi\/viitasaari\/#website"},"datePublished":"2025-05-22T08:00:55+00:00","dateModified":"2025-05-22T08:06:14+00:00","breadcrumb":{"@id":"https:\/\/meripelastus.fi\/viitasaari\/toiminta\/tehtavat\/#breadcrumb"},"inLanguage":"fi","potentialAction":[{"@type":"ReadAction","target":["https:\/\/meripelastus.fi\/viitasaari\/toiminta\/tehtavat\/"]}]},{"@type":"BreadcrumbList","@id":"https:\/\/meripelastus.fi\/viitasaari\/toiminta\/tehtavat\/#breadcrumb","itemListElement":[{"@type":"ListItem","position":1,"name":"Etusivu","item":"https:\/\/meripelastus.fi\/viitasaari\/"},{"@type":"ListItem","position":2,"name":"Toiminta","item":"https:\/\/meripelastus.fi\/viitasaari\/toiminta\/"},{"@type":"ListItem","position":3,"name":"Teht\u00e4v\u00e4t"}]},{"@type":"WebSite","@id":"https:\/\/meripelastus.fi\/viitasaari\/#website","url":"https:\/\/meripelastus.fi\/viitasaari\/","name":"Viitasaaren J\u00e4rvipelastajat ry","description":"Vapaaehtoiset apunasi vesill\u00e4","potentialAction":[{"@type":"SearchAction","target":{"@type":"EntryPoint","urlTemplate":"https:\/\/meripelastus.fi\/viitasaari\/?s={search_term_string}"},"query-input":{"@type":"PropertyValueSpecification","valueRequired":true,"valueName":"search_term_string"}}],"inLanguage":"fi"}]}},"_links":{"self":[{"href":"https:\/\/meripelastus.fi\/viitasaari\/wp-json\/wp\/v2\/pages\/64","targetHints":{"allow":["GET"]}}],"collection":[{"href":"https:\/\/meripelastus.fi\/viitasaari\/wp-json\/wp\/v2\/pages"}],"about":[{"href":"https:\/\/meripelastus.fi\/viitasaari\/wp-json\/wp\/v2\/types\/page"}],"author":[{"embeddable":true,"href":"https:\/\/meripelastus.fi\/viitasaari\/wp-json\/wp\/v2\/users\/1"}],"replies":[{"embeddable":true,"href":"https:\/\/meripelastus.fi\/viitasaari\/wp-json\/wp\/v2\/comments?post=64"}],"version-history":[{"count":2,"href":"https:\/\/meripelastus.fi\/viitasaari\/wp-json\/wp\/v2\/pages\/64\/revisions"}],"predecessor-version":[{"id":76,"href":"https:\/\/meripelastus.fi\/viitasaari\/wp-json\/wp\/v2\/pages\/64\/revisions\/76"}],"up":[{"embeddable":true,"href":"https:\/\/meripelastus.fi\/viitasaari\/wp-json\/wp\/v2\/pages\/60"}],"wp:attachment":[{"href":"https:\/\/meripelastus.fi\/viitasaari\/wp-json\/wp\/v2\/media?parent=64"}],"curies":[{"name":"wp","href":"https:\/\/api.w.org\/{rel}","templated":true}]}}