{"id":58,"date":"2025-05-22T11:00:04","date_gmt":"2025-05-22T08:00:04","guid":{"rendered":"https:\/\/meripelastus.fi\/viitasaari-vedos\/?page_id=58"},"modified":"2025-06-01T12:29:18","modified_gmt":"2025-06-01T09:29:18","slug":"tietoa-meista","status":"publish","type":"page","link":"https:\/\/meripelastus.fi\/viitasaari\/viitasaaren-jarvipelastajat\/tietoa-meista\/","title":{"rendered":"Tietoa meist\u00e4"},"content":{"rendered":"\n<p>Yhdistyksemme suorittaa avustus-, etsint\u00e4- ja pelastusteht\u00e4vi\u00e4 Pohjois-Keiteleell\u00e4 joko itsen\u00e4isesti tai viranomaisten tukena. Toimialueemme ulottuu Keitepohjasta Neiturin kanavaan ja Matilanvirtaan.  <\/p>\n\n\n\n<p>Avovesikaudella miehist\u00f6mme on l\u00e4ht\u00f6valmiudessa ymp\u00e4ri vuorokauden. Avustuspyynn\u00f6t ja toimeksiannot saamme p\u00e4\u00e4s\u00e4\u00e4nt\u00f6isesti Trossi-palvelusta tai h\u00e4t\u00e4keskukselta.<\/p>\n\n\n\n<p>Viitasaaren J\u00e4rvipelastajat ry on perustettu vuonna 1981. Yhdistyksell\u00e4 on nyky\u00e4\u00e4n k\u00e4yt\u00f6ss\u00e4 vuonna 1996 valmistunut PV4-luokan alus sek\u00e4 apuveneen\u00e4 RIB-vene. Alustemme kotisatama on Viitasaaren terveysaseman rannassa.<\/p>\n\n\n\n<p><\/p>\n","protected":false},"excerpt":{"rendered":"<p>Yhdistyksemme suorittaa avustus-, etsint\u00e4- ja pelastusteht\u00e4vi\u00e4 Pohjois-Keiteleell\u00e4 joko itsen\u00e4isesti tai viranomaisten tukena. Toimialueemme ulottuu Keitepohjasta Neiturin kanavaan ja Matilanvirtaan. Avovesikaudella miehist\u00f6mme on l\u00e4ht\u00f6valmiudessa ymp\u00e4ri vuorokauden. Avustuspyynn\u00f6t ja toimeksiannot saamme p\u00e4\u00e4s\u00e4\u00e4nt\u00f6isesti Trossi-palvelusta tai h\u00e4t\u00e4keskukselta. Viitasaaren J\u00e4rvipelastajat ry on perustettu vuonna 1981. Yhdistyksell\u00e4 on nyky\u00e4\u00e4n k\u00e4yt\u00f6ss\u00e4 vuonna 1996 valmistunut PV4-luokan alus sek\u00e4 apuveneen\u00e4 RIB-vene. Alustemme kotisatama on [&hellip;]<\/p>\n","protected":false},"author":1,"featured_media":0,"parent":56,"menu_order":0,"comment_status":"closed","ping_status":"closed","template":"","meta":{"_acf_changed":false,"inline_featured_image":false,"footnotes":""},"class_list":["post-58","page","type-page","status-publish","hentry"],"acf":[],"yoast_head":"<!-- This site is optimized with the Yoast SEO Premium plugin v27.2 (Yoast SEO v27.2) - https:\/\/yoast.com\/product\/yoast-seo-premium-wordpress\/ -->\n<title>Tietoa meist\u00e4 - Viitasaaren J\u00e4rvipelastajat ry<\/title>\n<meta name=\"robots\" content=\"noindex, follow, max-snippet:-1, max-image-preview:large, max-video-preview:-1\" \/>\n<meta property=\"og:locale\" content=\"fi_FI\" \/>\n<meta property=\"og:type\" content=\"article\" \/>\n<meta property=\"og:title\" content=\"Tietoa meist\u00e4\" \/>\n<meta property=\"og:description\" content=\"Yhdistyksemme suorittaa avustus-, etsint\u00e4- ja pelastusteht\u00e4vi\u00e4 Pohjois-Keiteleell\u00e4 joko itsen\u00e4isesti tai viranomaisten tukena. Toimialueemme ulottuu Keitepohjasta Neiturin kanavaan ja Matilanvirtaan. Avovesikaudella miehist\u00f6mme on l\u00e4ht\u00f6valmiudessa ymp\u00e4ri vuorokauden. Avustuspyynn\u00f6t ja toimeksiannot saamme p\u00e4\u00e4s\u00e4\u00e4nt\u00f6isesti Trossi-palvelusta tai h\u00e4t\u00e4keskukselta. Viitasaaren J\u00e4rvipelastajat ry on perustettu vuonna 1981. Yhdistyksell\u00e4 on nyky\u00e4\u00e4n k\u00e4yt\u00f6ss\u00e4 vuonna 1996 valmistunut PV4-luokan alus sek\u00e4 apuveneen\u00e4 RIB-vene. Alustemme kotisatama on [&hellip;]\" \/>\n<meta property=\"og:url\" content=\"https:\/\/meripelastus.fi\/viitasaari\/viitasaaren-jarvipelastajat\/tietoa-meista\/\" \/>\n<meta property=\"og:site_name\" content=\"Viitasaaren J\u00e4rvipelastajat ry\" \/>\n<meta property=\"article:modified_time\" content=\"2025-06-01T09:29:18+00:00\" \/>\n<meta name=\"twitter:card\" content=\"summary_large_image\" \/>\n<meta name=\"twitter:label1\" content=\"Arvioitu lukuaika\" \/>\n\t<meta name=\"twitter:data1\" content=\"1 minuutti\" \/>\n<script type=\"application\/ld+json\" class=\"yoast-schema-graph\">{\"@context\":\"https:\/\/schema.org\",\"@graph\":[{\"@type\":\"WebPage\",\"@id\":\"https:\/\/meripelastus.fi\/viitasaari\/viitasaaren-jarvipelastajat\/tietoa-meista\/\",\"url\":\"https:\/\/meripelastus.fi\/viitasaari\/viitasaaren-jarvipelastajat\/tietoa-meista\/\",\"name\":\"Tietoa meist\u00e4 - Viitasaaren J\u00e4rvipelastajat ry\",\"isPartOf\":{\"@id\":\"https:\/\/meripelastus.fi\/viitasaari\/#website\"},\"datePublished\":\"2025-05-22T08:00:04+00:00\",\"dateModified\":\"2025-06-01T09:29:18+00:00\",\"breadcrumb\":{\"@id\":\"https:\/\/meripelastus.fi\/viitasaari\/viitasaaren-jarvipelastajat\/tietoa-meista\/#breadcrumb\"},\"inLanguage\":\"fi\",\"potentialAction\":[{\"@type\":\"ReadAction\",\"target\":[\"https:\/\/meripelastus.fi\/viitasaari\/viitasaaren-jarvipelastajat\/tietoa-meista\/\"]}]},{\"@type\":\"BreadcrumbList\",\"@id\":\"https:\/\/meripelastus.fi\/viitasaari\/viitasaaren-jarvipelastajat\/tietoa-meista\/#breadcrumb\",\"itemListElement\":[{\"@type\":\"ListItem\",\"position\":1,\"name\":\"Etusivu\",\"item\":\"https:\/\/meripelastus.fi\/viitasaari\/\"},{\"@type\":\"ListItem\",\"position\":2,\"name\":\"Viitasaaren j\u00e4rvipelastajat\",\"item\":\"https:\/\/meripelastus.fi\/viitasaari\/viitasaaren-jarvipelastajat\/\"},{\"@type\":\"ListItem\",\"position\":3,\"name\":\"Tietoa meist\u00e4\"}]},{\"@type\":\"WebSite\",\"@id\":\"https:\/\/meripelastus.fi\/viitasaari\/#website\",\"url\":\"https:\/\/meripelastus.fi\/viitasaari\/\",\"name\":\"Viitasaaren J\u00e4rvipelastajat ry\",\"description\":\"Vapaaehtoiset apunasi vesill\u00e4\",\"potentialAction\":[{\"@type\":\"SearchAction\",\"target\":{\"@type\":\"EntryPoint\",\"urlTemplate\":\"https:\/\/meripelastus.fi\/viitasaari\/?s={search_term_string}\"},\"query-input\":{\"@type\":\"PropertyValueSpecification\",\"valueRequired\":true,\"valueName\":\"search_term_string\"}}],\"inLanguage\":\"fi\"}]}<\/script>\n<!-- \/ Yoast SEO Premium plugin. -->","yoast_head_json":{"title":"Tietoa meist\u00e4 - Viitasaaren J\u00e4rvipelastajat ry","robots":{"index":"noindex","follow":"follow","max-snippet":"max-snippet:-1","max-image-preview":"max-image-preview:large","max-video-preview":"max-video-preview:-1"},"og_locale":"fi_FI","og_type":"article","og_title":"Tietoa meist\u00e4","og_description":"Yhdistyksemme suorittaa avustus-, etsint\u00e4- ja pelastusteht\u00e4vi\u00e4 Pohjois-Keiteleell\u00e4 joko itsen\u00e4isesti tai viranomaisten tukena. Toimialueemme ulottuu Keitepohjasta Neiturin kanavaan ja Matilanvirtaan. Avovesikaudella miehist\u00f6mme on l\u00e4ht\u00f6valmiudessa ymp\u00e4ri vuorokauden. Avustuspyynn\u00f6t ja toimeksiannot saamme p\u00e4\u00e4s\u00e4\u00e4nt\u00f6isesti Trossi-palvelusta tai h\u00e4t\u00e4keskukselta. Viitasaaren J\u00e4rvipelastajat ry on perustettu vuonna 1981. Yhdistyksell\u00e4 on nyky\u00e4\u00e4n k\u00e4yt\u00f6ss\u00e4 vuonna 1996 valmistunut PV4-luokan alus sek\u00e4 apuveneen\u00e4 RIB-vene. Alustemme kotisatama on [&hellip;]","og_url":"https:\/\/meripelastus.fi\/viitasaari\/viitasaaren-jarvipelastajat\/tietoa-meista\/","og_site_name":"Viitasaaren J\u00e4rvipelastajat ry","article_modified_time":"2025-06-01T09:29:18+00:00","twitter_card":"summary_large_image","twitter_misc":{"Arvioitu lukuaika":"1 minuutti"},"schema":{"@context":"https:\/\/schema.org","@graph":[{"@type":"WebPage","@id":"https:\/\/meripelastus.fi\/viitasaari\/viitasaaren-jarvipelastajat\/tietoa-meista\/","url":"https:\/\/meripelastus.fi\/viitasaari\/viitasaaren-jarvipelastajat\/tietoa-meista\/","name":"Tietoa meist\u00e4 - Viitasaaren J\u00e4rvipelastajat ry","isPartOf":{"@id":"https:\/\/meripelastus.fi\/viitasaari\/#website"},"datePublished":"2025-05-22T08:00:04+00:00","dateModified":"2025-06-01T09:29:18+00:00","breadcrumb":{"@id":"https:\/\/meripelastus.fi\/viitasaari\/viitasaaren-jarvipelastajat\/tietoa-meista\/#breadcrumb"},"inLanguage":"fi","potentialAction":[{"@type":"ReadAction","target":["https:\/\/meripelastus.fi\/viitasaari\/viitasaaren-jarvipelastajat\/tietoa-meista\/"]}]},{"@type":"BreadcrumbList","@id":"https:\/\/meripelastus.fi\/viitasaari\/viitasaaren-jarvipelastajat\/tietoa-meista\/#breadcrumb","itemListElement":[{"@type":"ListItem","position":1,"name":"Etusivu","item":"https:\/\/meripelastus.fi\/viitasaari\/"},{"@type":"ListItem","position":2,"name":"Viitasaaren j\u00e4rvipelastajat","item":"https:\/\/meripelastus.fi\/viitasaari\/viitasaaren-jarvipelastajat\/"},{"@type":"ListItem","position":3,"name":"Tietoa meist\u00e4"}]},{"@type":"WebSite","@id":"https:\/\/meripelastus.fi\/viitasaari\/#website","url":"https:\/\/meripelastus.fi\/viitasaari\/","name":"Viitasaaren J\u00e4rvipelastajat ry","description":"Vapaaehtoiset apunasi vesill\u00e4","potentialAction":[{"@type":"SearchAction","target":{"@type":"EntryPoint","urlTemplate":"https:\/\/meripelastus.fi\/viitasaari\/?s={search_term_string}"},"query-input":{"@type":"PropertyValueSpecification","valueRequired":true,"valueName":"search_term_string"}}],"inLanguage":"fi"}]}},"_links":{"self":[{"href":"https:\/\/meripelastus.fi\/viitasaari\/wp-json\/wp\/v2\/pages\/58","targetHints":{"allow":["GET"]}}],"collection":[{"href":"https:\/\/meripelastus.fi\/viitasaari\/wp-json\/wp\/v2\/pages"}],"about":[{"href":"https:\/\/meripelastus.fi\/viitasaari\/wp-json\/wp\/v2\/types\/page"}],"author":[{"embeddable":true,"href":"https:\/\/meripelastus.fi\/viitasaari\/wp-json\/wp\/v2\/users\/1"}],"replies":[{"embeddable":true,"href":"https:\/\/meripelastus.fi\/viitasaari\/wp-json\/wp\/v2\/comments?post=58"}],"version-history":[{"count":6,"href":"https:\/\/meripelastus.fi\/viitasaari\/wp-json\/wp\/v2\/pages\/58\/revisions"}],"predecessor-version":[{"id":127,"href":"https:\/\/meripelastus.fi\/viitasaari\/wp-json\/wp\/v2\/pages\/58\/revisions\/127"}],"up":[{"embeddable":true,"href":"https:\/\/meripelastus.fi\/viitasaari\/wp-json\/wp\/v2\/pages\/56"}],"wp:attachment":[{"href":"https:\/\/meripelastus.fi\/viitasaari\/wp-json\/wp\/v2\/media?parent=58"}],"curies":[{"name":"wp","href":"https:\/\/api.w.org\/{rel}","templated":true}]}}