{"id":8,"date":"2018-03-19T09:16:29","date_gmt":"2018-03-19T07:16:29","guid":{"rendered":"http:\/\/basetemplate.smpsyhdistykset.16.testivedos.com\/?page_id=8"},"modified":"2024-09-18T21:08:03","modified_gmt":"2024-09-18T18:08:03","slug":"tietoa-meista","status":"publish","type":"page","link":"https:\/\/meripelastus.fi\/varkaus\/keski-savon-jarvipelastajat\/tietoa-meista\/","title":{"rendered":"Tietoa meist\u00e4"},"content":{"rendered":"\n<h2 class=\"wp-block-heading\">Keski-Savon J\u00e4rvipelastajat ry<\/h2>\n\n\n\n<p>Keski-Savon J\u00e4rvipelastajat ry on vuonna 1975 perustettu Suomen Meripelastusseuran j\u00e4senyhdistys.<\/p>\n\n\n\n<p>J\u00e4seni\u00e4 n. 150 joista n. 15 h\u00e4lytysmiehist\u00f6ss\u00e4.<\/p>\n\n\n\n<p>Keski-Savon J\u00e4rvipelastajat ry on j\u00e4senen\u00e4 my\u00f6s vapaaehtoisessa pelastuspalvelussa (VAPEPA).<\/p>\n\n\n\n<h4 class=\"wp-block-heading\"><strong>Arvomme ja asenteemme<\/strong><\/h4>\n\n\n\n<ol class=\"wp-block-list\">\n<li>Vapaaehtoisuus<\/li>\n\n\n\n<li>Yhteis\u00f6llisyys<\/li>\n\n\n\n<li>Turvallisuus<\/li>\n\n\n\n<li>P\u00e4tevyys<\/li>\n<\/ol>\n\n\n\n<h4 class=\"wp-block-heading\">\u00a0\u00a0<\/h4>\n\n\n\n<h4 class=\"wp-block-heading\"><a href=\"https:\/\/meripelastus.fi\/jasenyys\/liittymislomakkeet\/\"><strong>Liity j\u00e4seneksi!<\/strong><\/a><\/h4>\n\n\n\n<p>Aloita uusi haastava harrastus &#8211; liity j\u00e4rvipelastajiin<br>Yhdistyksemme tarvitsee jatkuvasti uusia j\u00e4seni\u00e4 koulutettavaksi j\u00e4rvipelastus- ja avustustoimintaan. Et tarvitse v\u00e4ltt\u00e4m\u00e4tt\u00e4 aikaisempaa kokemusta vesill\u00e4 liikkumisesta. Sinulla tulee olla palava halu vapaaehtoiseen toimintaan ja lis\u00e4ksi olet vastuuntuntoinen ja halukas oppimaan ja toimimaan ryhm\u00e4ss\u00e4 joskus tiukankin ohjaamisen alaisena.<\/p>\n\n\n\n<p><a href=\"https:\/\/meripelastus.fi\/jasenyys\/liittymislomakkeet\/\">Liittym\u00e4ll\u00e4 mukaan<\/a> toimintaan<\/p>\n\n\n\n<ul class=\"wp-block-list\">\n<li>saat tyydytyst\u00e4 toisten auttamisesta<\/li>\n\n\n\n<li>opit merenkulkutaitoja vaikeissakin olosuhteissa<\/li>\n\n\n\n<li>voit osallistua \u00e4kkil\u00e4hd\u00f6ill\u00e4 &#8221;el\u00e4mysmatkoihin&#8221;, joita ei ole myyt\u00e4v\u00e4n\u00e4 miss\u00e4\u00e4n.<\/li>\n<\/ul>\n","protected":false},"excerpt":{"rendered":"<p>Keski-Savon J\u00e4rvipelastajat ry Keski-Savon J\u00e4rvipelastajat ry on vuonna 1975 perustettu Suomen Meripelastusseuran j\u00e4senyhdistys. J\u00e4seni\u00e4 n. 150 joista n. 15 h\u00e4lytysmiehist\u00f6ss\u00e4. Keski-Savon J\u00e4rvipelastajat ry on j\u00e4senen\u00e4 my\u00f6s vapaaehtoisessa pelastuspalvelussa (VAPEPA). Arvomme ja asenteemme \u00a0\u00a0 Liity j\u00e4seneksi! Aloita uusi haastava harrastus &#8211; liity j\u00e4rvipelastajiinYhdistyksemme tarvitsee jatkuvasti uusia j\u00e4seni\u00e4 koulutettavaksi j\u00e4rvipelastus- ja avustustoimintaan. Et tarvitse v\u00e4ltt\u00e4m\u00e4tt\u00e4 aikaisempaa kokemusta [&hellip;]<\/p>\n","protected":false},"author":1,"featured_media":0,"parent":6,"menu_order":0,"comment_status":"closed","ping_status":"closed","template":"","meta":{"_acf_changed":false,"inline_featured_image":false,"footnotes":""},"class_list":["post-8","page","type-page","status-publish","hentry"],"acf":[],"yoast_head":"<!-- This site is optimized with the Yoast SEO Premium plugin v27.2 (Yoast SEO v27.2) - https:\/\/yoast.com\/product\/yoast-seo-premium-wordpress\/ -->\n<title>Tietoa meist\u00e4 - Keski-Savon J\u00e4rvipelastajat<\/title>\n<meta name=\"robots\" content=\"index, follow, max-snippet:-1, max-image-preview:large, max-video-preview:-1\" \/>\n<link rel=\"canonical\" href=\"https:\/\/meripelastus.fi\/varkaus\/keski-savon-jarvipelastajat\/tietoa-meista\/\" \/>\n<meta property=\"og:locale\" content=\"fi_FI\" \/>\n<meta property=\"og:type\" content=\"article\" \/>\n<meta property=\"og:title\" content=\"Tietoa meist\u00e4\" \/>\n<meta property=\"og:description\" content=\"Keski-Savon J\u00e4rvipelastajat ry Keski-Savon J\u00e4rvipelastajat ry on vuonna 1975 perustettu Suomen Meripelastusseuran j\u00e4senyhdistys. J\u00e4seni\u00e4 n. 150 joista n. 15 h\u00e4lytysmiehist\u00f6ss\u00e4. Keski-Savon J\u00e4rvipelastajat ry on j\u00e4senen\u00e4 my\u00f6s vapaaehtoisessa pelastuspalvelussa (VAPEPA). Arvomme ja asenteemme \u00a0\u00a0 Liity j\u00e4seneksi! Aloita uusi haastava harrastus &#8211; liity j\u00e4rvipelastajiinYhdistyksemme tarvitsee jatkuvasti uusia j\u00e4seni\u00e4 koulutettavaksi j\u00e4rvipelastus- ja avustustoimintaan. Et tarvitse v\u00e4ltt\u00e4m\u00e4tt\u00e4 aikaisempaa kokemusta [&hellip;]\" \/>\n<meta property=\"og:url\" content=\"https:\/\/meripelastus.fi\/varkaus\/keski-savon-jarvipelastajat\/tietoa-meista\/\" \/>\n<meta property=\"og:site_name\" content=\"Keski-Savon J\u00e4rvipelastajat\" \/>\n<meta property=\"article:modified_time\" content=\"2024-09-18T18:08:03+00:00\" \/>\n<meta name=\"twitter:card\" content=\"summary_large_image\" \/>\n<meta name=\"twitter:label1\" content=\"Arvioitu lukuaika\" \/>\n\t<meta name=\"twitter:data1\" content=\"1 minuutti\" \/>\n<script type=\"application\/ld+json\" class=\"yoast-schema-graph\">{\"@context\":\"https:\/\/schema.org\",\"@graph\":[{\"@type\":\"WebPage\",\"@id\":\"https:\/\/meripelastus.fi\/varkaus\/keski-savon-jarvipelastajat\/tietoa-meista\/\",\"url\":\"https:\/\/meripelastus.fi\/varkaus\/keski-savon-jarvipelastajat\/tietoa-meista\/\",\"name\":\"Tietoa meist\u00e4 - Keski-Savon J\u00e4rvipelastajat\",\"isPartOf\":{\"@id\":\"https:\/\/meripelastus.fi\/varkaus\/#website\"},\"datePublished\":\"2018-03-19T07:16:29+00:00\",\"dateModified\":\"2024-09-18T18:08:03+00:00\",\"breadcrumb\":{\"@id\":\"https:\/\/meripelastus.fi\/varkaus\/keski-savon-jarvipelastajat\/tietoa-meista\/#breadcrumb\"},\"inLanguage\":\"fi\",\"potentialAction\":[{\"@type\":\"ReadAction\",\"target\":[\"https:\/\/meripelastus.fi\/varkaus\/keski-savon-jarvipelastajat\/tietoa-meista\/\"]}]},{\"@type\":\"BreadcrumbList\",\"@id\":\"https:\/\/meripelastus.fi\/varkaus\/keski-savon-jarvipelastajat\/tietoa-meista\/#breadcrumb\",\"itemListElement\":[{\"@type\":\"ListItem\",\"position\":1,\"name\":\"Etusivu\",\"item\":\"https:\/\/meripelastus.fi\/varkaus\/\"},{\"@type\":\"ListItem\",\"position\":2,\"name\":\"Keski-Savon J\u00e4rvipelastajat\",\"item\":\"https:\/\/meripelastus.fi\/varkaus\/keski-savon-jarvipelastajat\/\"},{\"@type\":\"ListItem\",\"position\":3,\"name\":\"Tietoa meist\u00e4\"}]},{\"@type\":\"WebSite\",\"@id\":\"https:\/\/meripelastus.fi\/varkaus\/#website\",\"url\":\"https:\/\/meripelastus.fi\/varkaus\/\",\"name\":\"Keski-Savon J\u00e4rvipelastajat\",\"description\":\"Vapaaehtoiset apunasi vesill\u00e4\",\"potentialAction\":[{\"@type\":\"SearchAction\",\"target\":{\"@type\":\"EntryPoint\",\"urlTemplate\":\"https:\/\/meripelastus.fi\/varkaus\/?s={search_term_string}\"},\"query-input\":{\"@type\":\"PropertyValueSpecification\",\"valueRequired\":true,\"valueName\":\"search_term_string\"}}],\"inLanguage\":\"fi\"}]}<\/script>\n<!-- \/ Yoast SEO Premium plugin. -->","yoast_head_json":{"title":"Tietoa meist\u00e4 - Keski-Savon J\u00e4rvipelastajat","robots":{"index":"index","follow":"follow","max-snippet":"max-snippet:-1","max-image-preview":"max-image-preview:large","max-video-preview":"max-video-preview:-1"},"canonical":"https:\/\/meripelastus.fi\/varkaus\/keski-savon-jarvipelastajat\/tietoa-meista\/","og_locale":"fi_FI","og_type":"article","og_title":"Tietoa meist\u00e4","og_description":"Keski-Savon J\u00e4rvipelastajat ry Keski-Savon J\u00e4rvipelastajat ry on vuonna 1975 perustettu Suomen Meripelastusseuran j\u00e4senyhdistys. J\u00e4seni\u00e4 n. 150 joista n. 15 h\u00e4lytysmiehist\u00f6ss\u00e4. Keski-Savon J\u00e4rvipelastajat ry on j\u00e4senen\u00e4 my\u00f6s vapaaehtoisessa pelastuspalvelussa (VAPEPA). Arvomme ja asenteemme \u00a0\u00a0 Liity j\u00e4seneksi! Aloita uusi haastava harrastus &#8211; liity j\u00e4rvipelastajiinYhdistyksemme tarvitsee jatkuvasti uusia j\u00e4seni\u00e4 koulutettavaksi j\u00e4rvipelastus- ja avustustoimintaan. Et tarvitse v\u00e4ltt\u00e4m\u00e4tt\u00e4 aikaisempaa kokemusta [&hellip;]","og_url":"https:\/\/meripelastus.fi\/varkaus\/keski-savon-jarvipelastajat\/tietoa-meista\/","og_site_name":"Keski-Savon J\u00e4rvipelastajat","article_modified_time":"2024-09-18T18:08:03+00:00","twitter_card":"summary_large_image","twitter_misc":{"Arvioitu lukuaika":"1 minuutti"},"schema":{"@context":"https:\/\/schema.org","@graph":[{"@type":"WebPage","@id":"https:\/\/meripelastus.fi\/varkaus\/keski-savon-jarvipelastajat\/tietoa-meista\/","url":"https:\/\/meripelastus.fi\/varkaus\/keski-savon-jarvipelastajat\/tietoa-meista\/","name":"Tietoa meist\u00e4 - Keski-Savon J\u00e4rvipelastajat","isPartOf":{"@id":"https:\/\/meripelastus.fi\/varkaus\/#website"},"datePublished":"2018-03-19T07:16:29+00:00","dateModified":"2024-09-18T18:08:03+00:00","breadcrumb":{"@id":"https:\/\/meripelastus.fi\/varkaus\/keski-savon-jarvipelastajat\/tietoa-meista\/#breadcrumb"},"inLanguage":"fi","potentialAction":[{"@type":"ReadAction","target":["https:\/\/meripelastus.fi\/varkaus\/keski-savon-jarvipelastajat\/tietoa-meista\/"]}]},{"@type":"BreadcrumbList","@id":"https:\/\/meripelastus.fi\/varkaus\/keski-savon-jarvipelastajat\/tietoa-meista\/#breadcrumb","itemListElement":[{"@type":"ListItem","position":1,"name":"Etusivu","item":"https:\/\/meripelastus.fi\/varkaus\/"},{"@type":"ListItem","position":2,"name":"Keski-Savon J\u00e4rvipelastajat","item":"https:\/\/meripelastus.fi\/varkaus\/keski-savon-jarvipelastajat\/"},{"@type":"ListItem","position":3,"name":"Tietoa meist\u00e4"}]},{"@type":"WebSite","@id":"https:\/\/meripelastus.fi\/varkaus\/#website","url":"https:\/\/meripelastus.fi\/varkaus\/","name":"Keski-Savon J\u00e4rvipelastajat","description":"Vapaaehtoiset apunasi vesill\u00e4","potentialAction":[{"@type":"SearchAction","target":{"@type":"EntryPoint","urlTemplate":"https:\/\/meripelastus.fi\/varkaus\/?s={search_term_string}"},"query-input":{"@type":"PropertyValueSpecification","valueRequired":true,"valueName":"search_term_string"}}],"inLanguage":"fi"}]}},"_links":{"self":[{"href":"https:\/\/meripelastus.fi\/varkaus\/wp-json\/wp\/v2\/pages\/8","targetHints":{"allow":["GET"]}}],"collection":[{"href":"https:\/\/meripelastus.fi\/varkaus\/wp-json\/wp\/v2\/pages"}],"about":[{"href":"https:\/\/meripelastus.fi\/varkaus\/wp-json\/wp\/v2\/types\/page"}],"author":[{"embeddable":true,"href":"https:\/\/meripelastus.fi\/varkaus\/wp-json\/wp\/v2\/users\/1"}],"replies":[{"embeddable":true,"href":"https:\/\/meripelastus.fi\/varkaus\/wp-json\/wp\/v2\/comments?post=8"}],"version-history":[{"count":16,"href":"https:\/\/meripelastus.fi\/varkaus\/wp-json\/wp\/v2\/pages\/8\/revisions"}],"predecessor-version":[{"id":594,"href":"https:\/\/meripelastus.fi\/varkaus\/wp-json\/wp\/v2\/pages\/8\/revisions\/594"}],"up":[{"embeddable":true,"href":"https:\/\/meripelastus.fi\/varkaus\/wp-json\/wp\/v2\/pages\/6"}],"wp:attachment":[{"href":"https:\/\/meripelastus.fi\/varkaus\/wp-json\/wp\/v2\/media?parent=8"}],"curies":[{"name":"wp","href":"https:\/\/api.w.org\/{rel}","templated":true}]}}