{"id":51,"date":"2018-03-19T09:24:37","date_gmt":"2018-03-19T07:24:37","guid":{"rendered":"http:\/\/basetemplate.smpsyhdistykset.16.testivedos.com\/?page_id=51"},"modified":"2026-02-24T11:44:58","modified_gmt":"2026-02-24T09:44:58","slug":"yhteystiedot","status":"publish","type":"page","link":"https:\/\/meripelastus.fi\/varkaus\/yhteystiedot\/","title":{"rendered":"Yhteystiedot"},"content":{"rendered":"\n<h2 class=\"wp-block-heading\"><span><strong>SMPS Keski-Savon J\u00e4rvipelastajat ry<\/strong><\/span><\/h2>\n\n\n\n<p><strong>Hoikan tukikohta<br><\/strong>Hoikanm\u00e4entie 22<br>78250 Varkaus<\/p>\n\n\n\n<p>Y-tunnus 0883637-1<\/p>\n\n\n\n<p><strong>Kiirett\u00f6m\u00e4t avustusteht\u00e4v\u00e4t J\u00e4senpalvelu: 0800 30 22 30<\/strong><\/p>\n\n\n\n<p><\/p>\n\n\n\n<figure class=\"wp-block-gallery has-nested-images columns-default is-cropped wp-block-gallery-1 is-layout-flex wp-block-gallery-is-layout-flex\">\n<figure class=\"wp-block-image size-large is-style-default\"><img loading=\"lazy\" decoding=\"async\" width=\"1024\" height=\"998\" data-id=\"525\" src=\"https:\/\/meripelastus.fi\/varkaus\/wp-content\/uploads\/sites\/34\/2024\/07\/20240714_191637-1-1-1024x998.jpg\" alt=\"\" class=\"wp-image-525\" srcset=\"https:\/\/meripelastus.fi\/varkaus\/wp-content\/uploads\/sites\/34\/2024\/07\/20240714_191637-1-1-1024x998.jpg 1024w, https:\/\/meripelastus.fi\/varkaus\/wp-content\/uploads\/sites\/34\/2024\/07\/20240714_191637-1-1-300x292.jpg 300w, https:\/\/meripelastus.fi\/varkaus\/wp-content\/uploads\/sites\/34\/2024\/07\/20240714_191637-1-1-768x749.jpg 768w, https:\/\/meripelastus.fi\/varkaus\/wp-content\/uploads\/sites\/34\/2024\/07\/20240714_191637-1-1-1536x1497.jpg 1536w, https:\/\/meripelastus.fi\/varkaus\/wp-content\/uploads\/sites\/34\/2024\/07\/20240714_191637-1-1-2048x1996.jpg 2048w\" sizes=\"auto, (max-width: 1024px) 100vw, 1024px\" \/><\/figure>\n<\/figure>\n\n\n\n<h2 class=\"wp-block-heading\" id=\"page-title\">Hallitus<\/h2>\n\n\n\n<p>hallitus(at)messi.meripelastus.fi<\/p>\n\n\n\n<h2 class=\"wp-block-heading\">Puheenjohtaja<\/h2>\n\n\n\n<p>Hannu J\u00e4rvel\u00e4inen<\/p>\n\n\n\n<p>Puhelin:&nbsp;+358443121028<\/p>\n\n\n\n<p>S\u00e4hk\u00f6posti:&nbsp;<a href=\"mailto:pj.varkaus@messi.meripelastus.fi\">pj.varkaus(at)messi.meripelastus.fi<\/a><\/p>\n\n\n\n<h2 class=\"wp-block-heading\">Varapuheenjohtaja<\/h2>\n\n\n\n<p>Ari P\u00f6ll\u00e4nen<\/p>\n\n\n\n<p>Puhelin: +358414367288<\/p>\n\n\n\n<h2 class=\"wp-block-heading\">J\u00e4sen<\/h2>\n\n\n\n<p>Jouni&nbsp;Itkonen<\/p>\n\n\n\n<p>Puhelin:&nbsp;+358405822889<\/p>\n\n\n\n<h2 class=\"wp-block-heading\">J\u00e4sen<\/h2>\n\n\n\n<p>Jari Miettinen<\/p>\n\n\n\n<p>Puhelin:&nbsp;+358405140777<\/p>\n\n\n\n<p><\/p>\n\n\n\n<h2 class=\"wp-block-heading\">J\u00e4sen<\/h2>\n\n\n\n<p>Toni&nbsp;Rissanen<\/p>\n\n\n\n<p>Puhelin:&nbsp;+358505990657<\/p>\n\n\n\n<h2 class=\"wp-block-heading\">J\u00e4sen<\/h2>\n\n\n\n<p>Olli Riukulehto<\/p>\n\n\n\n<p>Puhelin: +358405887500<\/p>\n\n\n\n<h2 class=\"wp-block-heading\">Varaj\u00e4sen<\/h2>\n\n\n\n<p>Juhani&nbsp;Westerlund<\/p>\n\n\n\n<p>Puhelin:&nbsp;+358400277353<\/p>\n\n\n\n<h2 class=\"wp-block-heading\">Varaj\u00e4sen<\/h2>\n\n\n\n<p>Pekka Damski<\/p>\n\n\n\n<p>Puhelin:&nbsp;+358445285829<\/p>\n\n\n\n<h2 class=\"wp-block-heading\">Toimihenkil\u00f6t<\/h2>\n\n\n\n<p>Helena Kaukorinne<\/p>\n\n\n\n<p>J\u00e4sensihteeri<\/p>\n\n\n\n<p>Puhelin: +358505273684<\/p>\n\n\n\n<p>Jukka Pasanen<\/p>\n\n\n\n<p>Koulutusvastaava<\/p>\n\n\n\n<p>Puhelin: +358505436152<\/p>\n","protected":false},"excerpt":{"rendered":"<p>SMPS Keski-Savon J\u00e4rvipelastajat ry Hoikan tukikohtaHoikanm\u00e4entie 2278250 Varkaus Y-tunnus 0883637-1 Kiirett\u00f6m\u00e4t avustusteht\u00e4v\u00e4t J\u00e4senpalvelu: 0800 30 22 30 Hallitus hallitus(at)messi.meripelastus.fi Puheenjohtaja Hannu J\u00e4rvel\u00e4inen Puhelin:&nbsp;+358443121028 S\u00e4hk\u00f6posti:&nbsp;pj.varkaus(at)messi.meripelastus.fi Varapuheenjohtaja Ari P\u00f6ll\u00e4nen Puhelin: +358414367288 J\u00e4sen Jouni&nbsp;Itkonen Puhelin:&nbsp;+358405822889 J\u00e4sen Jari Miettinen Puhelin:&nbsp;+358405140777 J\u00e4sen Toni&nbsp;Rissanen Puhelin:&nbsp;+358505990657 J\u00e4sen Olli Riukulehto Puhelin: +358405887500 Varaj\u00e4sen Juhani&nbsp;Westerlund Puhelin:&nbsp;+358400277353 Varaj\u00e4sen Pekka Damski Puhelin:&nbsp;+358445285829 Toimihenkil\u00f6t Helena Kaukorinne J\u00e4sensihteeri [&hellip;]<\/p>\n","protected":false},"author":1,"featured_media":0,"parent":0,"menu_order":4,"comment_status":"closed","ping_status":"closed","template":"","meta":{"_acf_changed":false,"inline_featured_image":false,"footnotes":""},"class_list":["post-51","page","type-page","status-publish","hentry"],"acf":[],"yoast_head":"<!-- This site is optimized with the Yoast SEO Premium plugin v27.2 (Yoast SEO v27.2) - https:\/\/yoast.com\/product\/yoast-seo-premium-wordpress\/ -->\n<title>Yhteystiedot - Keski-Savon J\u00e4rvipelastajat<\/title>\n<meta name=\"robots\" content=\"index, follow, max-snippet:-1, max-image-preview:large, max-video-preview:-1\" \/>\n<link rel=\"canonical\" href=\"https:\/\/meripelastus.fi\/varkaus\/yhteystiedot\/\" \/>\n<meta property=\"og:locale\" content=\"fi_FI\" \/>\n<meta property=\"og:type\" content=\"article\" \/>\n<meta property=\"og:title\" content=\"Yhteystiedot\" \/>\n<meta property=\"og:description\" content=\"SMPS Keski-Savon J\u00e4rvipelastajat ry Hoikan tukikohtaHoikanm\u00e4entie 2278250 Varkaus Y-tunnus 0883637-1 Kiirett\u00f6m\u00e4t avustusteht\u00e4v\u00e4t J\u00e4senpalvelu: 0800 30 22 30 Hallitus hallitus(at)messi.meripelastus.fi Puheenjohtaja Hannu J\u00e4rvel\u00e4inen Puhelin:&nbsp;+358443121028 S\u00e4hk\u00f6posti:&nbsp;pj.varkaus(at)messi.meripelastus.fi Varapuheenjohtaja Ari P\u00f6ll\u00e4nen Puhelin: +358414367288 J\u00e4sen Jouni&nbsp;Itkonen Puhelin:&nbsp;+358405822889 J\u00e4sen Jari Miettinen Puhelin:&nbsp;+358405140777 J\u00e4sen Toni&nbsp;Rissanen Puhelin:&nbsp;+358505990657 J\u00e4sen Olli Riukulehto Puhelin: +358405887500 Varaj\u00e4sen Juhani&nbsp;Westerlund Puhelin:&nbsp;+358400277353 Varaj\u00e4sen Pekka Damski Puhelin:&nbsp;+358445285829 Toimihenkil\u00f6t Helena Kaukorinne J\u00e4sensihteeri [&hellip;]\" \/>\n<meta property=\"og:url\" content=\"https:\/\/meripelastus.fi\/varkaus\/yhteystiedot\/\" \/>\n<meta property=\"og:site_name\" content=\"Keski-Savon J\u00e4rvipelastajat\" \/>\n<meta property=\"article:modified_time\" content=\"2026-02-24T09:44:58+00:00\" \/>\n<meta property=\"og:image\" content=\"https:\/\/meripelastus.fi\/varkaus\/wp-content\/uploads\/sites\/34\/2024\/07\/20240714_191637-1-1-scaled.jpg\" \/>\n\t<meta property=\"og:image:width\" content=\"2560\" \/>\n\t<meta property=\"og:image:height\" content=\"2495\" \/>\n\t<meta property=\"og:image:type\" content=\"image\/jpeg\" \/>\n<meta name=\"twitter:card\" content=\"summary_large_image\" \/>\n<meta name=\"twitter:label1\" content=\"Arvioitu lukuaika\" \/>\n\t<meta name=\"twitter:data1\" content=\"1 minuutti\" \/>\n<script type=\"application\/ld+json\" class=\"yoast-schema-graph\">{\"@context\":\"https:\/\/schema.org\",\"@graph\":[{\"@type\":\"WebPage\",\"@id\":\"https:\/\/meripelastus.fi\/varkaus\/yhteystiedot\/\",\"url\":\"https:\/\/meripelastus.fi\/varkaus\/yhteystiedot\/\",\"name\":\"Yhteystiedot - Keski-Savon J\u00e4rvipelastajat\",\"isPartOf\":{\"@id\":\"https:\/\/meripelastus.fi\/varkaus\/#website\"},\"primaryImageOfPage\":{\"@id\":\"https:\/\/meripelastus.fi\/varkaus\/yhteystiedot\/#primaryimage\"},\"image\":{\"@id\":\"https:\/\/meripelastus.fi\/varkaus\/yhteystiedot\/#primaryimage\"},\"thumbnailUrl\":\"https:\/\/meripelastus.fi\/varkaus\/wp-content\/uploads\/sites\/34\/2024\/07\/20240714_191637-1-1-1024x998.jpg\",\"datePublished\":\"2018-03-19T07:24:37+00:00\",\"dateModified\":\"2026-02-24T09:44:58+00:00\",\"breadcrumb\":{\"@id\":\"https:\/\/meripelastus.fi\/varkaus\/yhteystiedot\/#breadcrumb\"},\"inLanguage\":\"fi\",\"potentialAction\":[{\"@type\":\"ReadAction\",\"target\":[\"https:\/\/meripelastus.fi\/varkaus\/yhteystiedot\/\"]}]},{\"@type\":\"ImageObject\",\"inLanguage\":\"fi\",\"@id\":\"https:\/\/meripelastus.fi\/varkaus\/yhteystiedot\/#primaryimage\",\"url\":\"https:\/\/meripelastus.fi\/varkaus\/wp-content\/uploads\/sites\/34\/2024\/07\/20240714_191637-1-1-scaled.jpg\",\"contentUrl\":\"https:\/\/meripelastus.fi\/varkaus\/wp-content\/uploads\/sites\/34\/2024\/07\/20240714_191637-1-1-scaled.jpg\",\"width\":2560,\"height\":2495},{\"@type\":\"BreadcrumbList\",\"@id\":\"https:\/\/meripelastus.fi\/varkaus\/yhteystiedot\/#breadcrumb\",\"itemListElement\":[{\"@type\":\"ListItem\",\"position\":1,\"name\":\"Etusivu\",\"item\":\"https:\/\/meripelastus.fi\/varkaus\/\"},{\"@type\":\"ListItem\",\"position\":2,\"name\":\"Yhteystiedot\"}]},{\"@type\":\"WebSite\",\"@id\":\"https:\/\/meripelastus.fi\/varkaus\/#website\",\"url\":\"https:\/\/meripelastus.fi\/varkaus\/\",\"name\":\"Keski-Savon J\u00e4rvipelastajat\",\"description\":\"Vapaaehtoiset apunasi vesill\u00e4\",\"potentialAction\":[{\"@type\":\"SearchAction\",\"target\":{\"@type\":\"EntryPoint\",\"urlTemplate\":\"https:\/\/meripelastus.fi\/varkaus\/?s={search_term_string}\"},\"query-input\":{\"@type\":\"PropertyValueSpecification\",\"valueRequired\":true,\"valueName\":\"search_term_string\"}}],\"inLanguage\":\"fi\"}]}<\/script>\n<!-- \/ Yoast SEO Premium plugin. -->","yoast_head_json":{"title":"Yhteystiedot - Keski-Savon J\u00e4rvipelastajat","robots":{"index":"index","follow":"follow","max-snippet":"max-snippet:-1","max-image-preview":"max-image-preview:large","max-video-preview":"max-video-preview:-1"},"canonical":"https:\/\/meripelastus.fi\/varkaus\/yhteystiedot\/","og_locale":"fi_FI","og_type":"article","og_title":"Yhteystiedot","og_description":"SMPS Keski-Savon J\u00e4rvipelastajat ry Hoikan tukikohtaHoikanm\u00e4entie 2278250 Varkaus Y-tunnus 0883637-1 Kiirett\u00f6m\u00e4t avustusteht\u00e4v\u00e4t J\u00e4senpalvelu: 0800 30 22 30 Hallitus hallitus(at)messi.meripelastus.fi Puheenjohtaja Hannu J\u00e4rvel\u00e4inen Puhelin:&nbsp;+358443121028 S\u00e4hk\u00f6posti:&nbsp;pj.varkaus(at)messi.meripelastus.fi Varapuheenjohtaja Ari P\u00f6ll\u00e4nen Puhelin: +358414367288 J\u00e4sen Jouni&nbsp;Itkonen Puhelin:&nbsp;+358405822889 J\u00e4sen Jari Miettinen Puhelin:&nbsp;+358405140777 J\u00e4sen Toni&nbsp;Rissanen Puhelin:&nbsp;+358505990657 J\u00e4sen Olli Riukulehto Puhelin: +358405887500 Varaj\u00e4sen Juhani&nbsp;Westerlund Puhelin:&nbsp;+358400277353 Varaj\u00e4sen Pekka Damski Puhelin:&nbsp;+358445285829 Toimihenkil\u00f6t Helena Kaukorinne J\u00e4sensihteeri [&hellip;]","og_url":"https:\/\/meripelastus.fi\/varkaus\/yhteystiedot\/","og_site_name":"Keski-Savon J\u00e4rvipelastajat","article_modified_time":"2026-02-24T09:44:58+00:00","og_image":[{"width":2560,"height":2495,"url":"https:\/\/meripelastus.fi\/varkaus\/wp-content\/uploads\/sites\/34\/2024\/07\/20240714_191637-1-1-scaled.jpg","type":"image\/jpeg"}],"twitter_card":"summary_large_image","twitter_misc":{"Arvioitu lukuaika":"1 minuutti"},"schema":{"@context":"https:\/\/schema.org","@graph":[{"@type":"WebPage","@id":"https:\/\/meripelastus.fi\/varkaus\/yhteystiedot\/","url":"https:\/\/meripelastus.fi\/varkaus\/yhteystiedot\/","name":"Yhteystiedot - Keski-Savon J\u00e4rvipelastajat","isPartOf":{"@id":"https:\/\/meripelastus.fi\/varkaus\/#website"},"primaryImageOfPage":{"@id":"https:\/\/meripelastus.fi\/varkaus\/yhteystiedot\/#primaryimage"},"image":{"@id":"https:\/\/meripelastus.fi\/varkaus\/yhteystiedot\/#primaryimage"},"thumbnailUrl":"https:\/\/meripelastus.fi\/varkaus\/wp-content\/uploads\/sites\/34\/2024\/07\/20240714_191637-1-1-1024x998.jpg","datePublished":"2018-03-19T07:24:37+00:00","dateModified":"2026-02-24T09:44:58+00:00","breadcrumb":{"@id":"https:\/\/meripelastus.fi\/varkaus\/yhteystiedot\/#breadcrumb"},"inLanguage":"fi","potentialAction":[{"@type":"ReadAction","target":["https:\/\/meripelastus.fi\/varkaus\/yhteystiedot\/"]}]},{"@type":"ImageObject","inLanguage":"fi","@id":"https:\/\/meripelastus.fi\/varkaus\/yhteystiedot\/#primaryimage","url":"https:\/\/meripelastus.fi\/varkaus\/wp-content\/uploads\/sites\/34\/2024\/07\/20240714_191637-1-1-scaled.jpg","contentUrl":"https:\/\/meripelastus.fi\/varkaus\/wp-content\/uploads\/sites\/34\/2024\/07\/20240714_191637-1-1-scaled.jpg","width":2560,"height":2495},{"@type":"BreadcrumbList","@id":"https:\/\/meripelastus.fi\/varkaus\/yhteystiedot\/#breadcrumb","itemListElement":[{"@type":"ListItem","position":1,"name":"Etusivu","item":"https:\/\/meripelastus.fi\/varkaus\/"},{"@type":"ListItem","position":2,"name":"Yhteystiedot"}]},{"@type":"WebSite","@id":"https:\/\/meripelastus.fi\/varkaus\/#website","url":"https:\/\/meripelastus.fi\/varkaus\/","name":"Keski-Savon J\u00e4rvipelastajat","description":"Vapaaehtoiset apunasi vesill\u00e4","potentialAction":[{"@type":"SearchAction","target":{"@type":"EntryPoint","urlTemplate":"https:\/\/meripelastus.fi\/varkaus\/?s={search_term_string}"},"query-input":{"@type":"PropertyValueSpecification","valueRequired":true,"valueName":"search_term_string"}}],"inLanguage":"fi"}]}},"_links":{"self":[{"href":"https:\/\/meripelastus.fi\/varkaus\/wp-json\/wp\/v2\/pages\/51","targetHints":{"allow":["GET"]}}],"collection":[{"href":"https:\/\/meripelastus.fi\/varkaus\/wp-json\/wp\/v2\/pages"}],"about":[{"href":"https:\/\/meripelastus.fi\/varkaus\/wp-json\/wp\/v2\/types\/page"}],"author":[{"embeddable":true,"href":"https:\/\/meripelastus.fi\/varkaus\/wp-json\/wp\/v2\/users\/1"}],"replies":[{"embeddable":true,"href":"https:\/\/meripelastus.fi\/varkaus\/wp-json\/wp\/v2\/comments?post=51"}],"version-history":[{"count":23,"href":"https:\/\/meripelastus.fi\/varkaus\/wp-json\/wp\/v2\/pages\/51\/revisions"}],"predecessor-version":[{"id":734,"href":"https:\/\/meripelastus.fi\/varkaus\/wp-json\/wp\/v2\/pages\/51\/revisions\/734"}],"wp:attachment":[{"href":"https:\/\/meripelastus.fi\/varkaus\/wp-json\/wp\/v2\/media?parent=51"}],"curies":[{"name":"wp","href":"https:\/\/api.w.org\/{rel}","templated":true}]}}