{"id":28,"date":"2018-03-19T09:19:27","date_gmt":"2018-03-19T07:19:27","guid":{"rendered":"http:\/\/basetemplate.smpsyhdistykset.16.testivedos.com\/?page_id=28"},"modified":"2026-01-01T20:08:05","modified_gmt":"2026-01-01T18:08:05","slug":"miehisto","status":"publish","type":"page","link":"https:\/\/meripelastus.fi\/varkaus\/toiminta\/miehisto\/","title":{"rendered":"Toiminta"},"content":{"rendered":"\n<h2 class=\"wp-block-heading\" id=\"h-toiminta\">Toiminta<\/h2>\n\n\n\n<p>Pelastusaluksia yhdistyksell\u00e4 on 2 kpl, jonka lis\u00e4ksi yhdistyksell\u00e4 on 7 tn. nosturilla varustettu kuljetuslautta.<\/p>\n\n\n\n<p>Alukset p\u00e4ivyst\u00e4v\u00e4t avovesikauden aikana.<\/p>\n\n\n\n<p>Alukset ovat h\u00e4lytysvalmiudessa 24 h \/vrk. H\u00e4lytyksen saatuamme  olemme liikkeell\u00e4 viimeist\u00e4\u00e4n puolessa tunnissa.<\/p>\n\n\n\n<p>Kaikki toiminta on vapaaehtoisten voimin tapahtuvaa toimintaa. Toimimme yhteisty\u00f6ss\u00e4 pelastus- ja poliisiviranomaisten kanssa.<\/p>\n\n\n\n<p>Teht\u00e4v\u00e4t saamme p\u00e4\u00e4asiassa Trossi-palvelun kautta. My\u00f6s viranomaisilta ja veneilij\u00f6ilt\u00e4 suoraan saamme toimeksiantoja.<\/p>\n\n\n\n<p>Toiminta-alue rajautuu: Pohjoisessa Konnuksen kanavaan, etel\u00e4ss\u00e4 Linnansaareen, id\u00e4ss\u00e4 Pilpan kanava eli Haukiveden pohjoinen osa-alue ja v\u00e4yl\u00e4t Hein\u00e4vedelle ja Savonrannalle.<\/p>\n\n\n\n<p>Toimintamme rahoittamiseksi teemme pienimuotoisia vesikuljetuksia nosturilautallamme saareen.<\/p>\n\n\n\n<p><\/p>\n\n\n\n<p><a href=\"https:\/\/meripelastus.fi\/jaseneksi\/#jasenpalvelumme\">https:\/\/meripelastus.fi\/jaseneksi\/#jasenpalvelumme<\/a><\/p>\n\n\n\n<p><\/p>\n","protected":false},"excerpt":{"rendered":"<p>Toiminta Pelastusaluksia yhdistyksell\u00e4 on 2 kpl, jonka lis\u00e4ksi yhdistyksell\u00e4 on 7 tn. nosturilla varustettu kuljetuslautta. Alukset p\u00e4ivyst\u00e4v\u00e4t avovesikauden aikana. Alukset ovat h\u00e4lytysvalmiudessa 24 h \/vrk. H\u00e4lytyksen saatuamme olemme liikkeell\u00e4 viimeist\u00e4\u00e4n puolessa tunnissa. Kaikki toiminta on vapaaehtoisten voimin tapahtuvaa toimintaa. Toimimme yhteisty\u00f6ss\u00e4 pelastus- ja poliisiviranomaisten kanssa. Teht\u00e4v\u00e4t saamme p\u00e4\u00e4asiassa Trossi-palvelun kautta. My\u00f6s viranomaisilta ja veneilij\u00f6ilt\u00e4 suoraan [&hellip;]<\/p>\n","protected":false},"author":1,"featured_media":0,"parent":20,"menu_order":0,"comment_status":"closed","ping_status":"closed","template":"","meta":{"_acf_changed":false,"inline_featured_image":false,"footnotes":""},"class_list":["post-28","page","type-page","status-publish","hentry"],"acf":[],"yoast_head":"<!-- This site is optimized with the Yoast SEO Premium plugin v27.2 (Yoast SEO v27.2) - https:\/\/yoast.com\/product\/yoast-seo-premium-wordpress\/ -->\n<title>Toiminta - Keski-Savon J\u00e4rvipelastajat<\/title>\n<meta name=\"robots\" content=\"index, follow, max-snippet:-1, max-image-preview:large, max-video-preview:-1\" \/>\n<link rel=\"canonical\" href=\"https:\/\/meripelastus.fi\/varkaus\/toiminta\/miehisto\/\" \/>\n<meta property=\"og:locale\" content=\"fi_FI\" \/>\n<meta property=\"og:type\" content=\"article\" \/>\n<meta property=\"og:title\" content=\"Toiminta\" \/>\n<meta property=\"og:description\" content=\"Toiminta Pelastusaluksia yhdistyksell\u00e4 on 2 kpl, jonka lis\u00e4ksi yhdistyksell\u00e4 on 7 tn. nosturilla varustettu kuljetuslautta. Alukset p\u00e4ivyst\u00e4v\u00e4t avovesikauden aikana. Alukset ovat h\u00e4lytysvalmiudessa 24 h \/vrk. H\u00e4lytyksen saatuamme olemme liikkeell\u00e4 viimeist\u00e4\u00e4n puolessa tunnissa. Kaikki toiminta on vapaaehtoisten voimin tapahtuvaa toimintaa. Toimimme yhteisty\u00f6ss\u00e4 pelastus- ja poliisiviranomaisten kanssa. Teht\u00e4v\u00e4t saamme p\u00e4\u00e4asiassa Trossi-palvelun kautta. My\u00f6s viranomaisilta ja veneilij\u00f6ilt\u00e4 suoraan [&hellip;]\" \/>\n<meta property=\"og:url\" content=\"https:\/\/meripelastus.fi\/varkaus\/toiminta\/miehisto\/\" \/>\n<meta property=\"og:site_name\" content=\"Keski-Savon J\u00e4rvipelastajat\" \/>\n<meta property=\"article:modified_time\" content=\"2026-01-01T18:08:05+00:00\" \/>\n<meta name=\"twitter:card\" content=\"summary_large_image\" \/>\n<meta name=\"twitter:label1\" content=\"Arvioitu lukuaika\" \/>\n\t<meta name=\"twitter:data1\" content=\"1 minuutti\" \/>\n<script type=\"application\/ld+json\" class=\"yoast-schema-graph\">{\"@context\":\"https:\/\/schema.org\",\"@graph\":[{\"@type\":\"WebPage\",\"@id\":\"https:\/\/meripelastus.fi\/varkaus\/toiminta\/miehisto\/\",\"url\":\"https:\/\/meripelastus.fi\/varkaus\/toiminta\/miehisto\/\",\"name\":\"Toiminta - Keski-Savon J\u00e4rvipelastajat\",\"isPartOf\":{\"@id\":\"https:\/\/meripelastus.fi\/varkaus\/#website\"},\"datePublished\":\"2018-03-19T07:19:27+00:00\",\"dateModified\":\"2026-01-01T18:08:05+00:00\",\"breadcrumb\":{\"@id\":\"https:\/\/meripelastus.fi\/varkaus\/toiminta\/miehisto\/#breadcrumb\"},\"inLanguage\":\"fi\",\"potentialAction\":[{\"@type\":\"ReadAction\",\"target\":[\"https:\/\/meripelastus.fi\/varkaus\/toiminta\/miehisto\/\"]}]},{\"@type\":\"BreadcrumbList\",\"@id\":\"https:\/\/meripelastus.fi\/varkaus\/toiminta\/miehisto\/#breadcrumb\",\"itemListElement\":[{\"@type\":\"ListItem\",\"position\":1,\"name\":\"Etusivu\",\"item\":\"https:\/\/meripelastus.fi\/varkaus\/\"},{\"@type\":\"ListItem\",\"position\":2,\"name\":\"Toiminta\",\"item\":\"https:\/\/meripelastus.fi\/varkaus\/toiminta\/\"},{\"@type\":\"ListItem\",\"position\":3,\"name\":\"Toiminta\"}]},{\"@type\":\"WebSite\",\"@id\":\"https:\/\/meripelastus.fi\/varkaus\/#website\",\"url\":\"https:\/\/meripelastus.fi\/varkaus\/\",\"name\":\"Keski-Savon J\u00e4rvipelastajat\",\"description\":\"Vapaaehtoiset apunasi vesill\u00e4\",\"potentialAction\":[{\"@type\":\"SearchAction\",\"target\":{\"@type\":\"EntryPoint\",\"urlTemplate\":\"https:\/\/meripelastus.fi\/varkaus\/?s={search_term_string}\"},\"query-input\":{\"@type\":\"PropertyValueSpecification\",\"valueRequired\":true,\"valueName\":\"search_term_string\"}}],\"inLanguage\":\"fi\"}]}<\/script>\n<!-- \/ Yoast SEO Premium plugin. -->","yoast_head_json":{"title":"Toiminta - Keski-Savon J\u00e4rvipelastajat","robots":{"index":"index","follow":"follow","max-snippet":"max-snippet:-1","max-image-preview":"max-image-preview:large","max-video-preview":"max-video-preview:-1"},"canonical":"https:\/\/meripelastus.fi\/varkaus\/toiminta\/miehisto\/","og_locale":"fi_FI","og_type":"article","og_title":"Toiminta","og_description":"Toiminta Pelastusaluksia yhdistyksell\u00e4 on 2 kpl, jonka lis\u00e4ksi yhdistyksell\u00e4 on 7 tn. nosturilla varustettu kuljetuslautta. Alukset p\u00e4ivyst\u00e4v\u00e4t avovesikauden aikana. Alukset ovat h\u00e4lytysvalmiudessa 24 h \/vrk. H\u00e4lytyksen saatuamme olemme liikkeell\u00e4 viimeist\u00e4\u00e4n puolessa tunnissa. Kaikki toiminta on vapaaehtoisten voimin tapahtuvaa toimintaa. Toimimme yhteisty\u00f6ss\u00e4 pelastus- ja poliisiviranomaisten kanssa. Teht\u00e4v\u00e4t saamme p\u00e4\u00e4asiassa Trossi-palvelun kautta. My\u00f6s viranomaisilta ja veneilij\u00f6ilt\u00e4 suoraan [&hellip;]","og_url":"https:\/\/meripelastus.fi\/varkaus\/toiminta\/miehisto\/","og_site_name":"Keski-Savon J\u00e4rvipelastajat","article_modified_time":"2026-01-01T18:08:05+00:00","twitter_card":"summary_large_image","twitter_misc":{"Arvioitu lukuaika":"1 minuutti"},"schema":{"@context":"https:\/\/schema.org","@graph":[{"@type":"WebPage","@id":"https:\/\/meripelastus.fi\/varkaus\/toiminta\/miehisto\/","url":"https:\/\/meripelastus.fi\/varkaus\/toiminta\/miehisto\/","name":"Toiminta - Keski-Savon J\u00e4rvipelastajat","isPartOf":{"@id":"https:\/\/meripelastus.fi\/varkaus\/#website"},"datePublished":"2018-03-19T07:19:27+00:00","dateModified":"2026-01-01T18:08:05+00:00","breadcrumb":{"@id":"https:\/\/meripelastus.fi\/varkaus\/toiminta\/miehisto\/#breadcrumb"},"inLanguage":"fi","potentialAction":[{"@type":"ReadAction","target":["https:\/\/meripelastus.fi\/varkaus\/toiminta\/miehisto\/"]}]},{"@type":"BreadcrumbList","@id":"https:\/\/meripelastus.fi\/varkaus\/toiminta\/miehisto\/#breadcrumb","itemListElement":[{"@type":"ListItem","position":1,"name":"Etusivu","item":"https:\/\/meripelastus.fi\/varkaus\/"},{"@type":"ListItem","position":2,"name":"Toiminta","item":"https:\/\/meripelastus.fi\/varkaus\/toiminta\/"},{"@type":"ListItem","position":3,"name":"Toiminta"}]},{"@type":"WebSite","@id":"https:\/\/meripelastus.fi\/varkaus\/#website","url":"https:\/\/meripelastus.fi\/varkaus\/","name":"Keski-Savon J\u00e4rvipelastajat","description":"Vapaaehtoiset apunasi vesill\u00e4","potentialAction":[{"@type":"SearchAction","target":{"@type":"EntryPoint","urlTemplate":"https:\/\/meripelastus.fi\/varkaus\/?s={search_term_string}"},"query-input":{"@type":"PropertyValueSpecification","valueRequired":true,"valueName":"search_term_string"}}],"inLanguage":"fi"}]}},"_links":{"self":[{"href":"https:\/\/meripelastus.fi\/varkaus\/wp-json\/wp\/v2\/pages\/28","targetHints":{"allow":["GET"]}}],"collection":[{"href":"https:\/\/meripelastus.fi\/varkaus\/wp-json\/wp\/v2\/pages"}],"about":[{"href":"https:\/\/meripelastus.fi\/varkaus\/wp-json\/wp\/v2\/types\/page"}],"author":[{"embeddable":true,"href":"https:\/\/meripelastus.fi\/varkaus\/wp-json\/wp\/v2\/users\/1"}],"replies":[{"embeddable":true,"href":"https:\/\/meripelastus.fi\/varkaus\/wp-json\/wp\/v2\/comments?post=28"}],"version-history":[{"count":14,"href":"https:\/\/meripelastus.fi\/varkaus\/wp-json\/wp\/v2\/pages\/28\/revisions"}],"predecessor-version":[{"id":714,"href":"https:\/\/meripelastus.fi\/varkaus\/wp-json\/wp\/v2\/pages\/28\/revisions\/714"}],"up":[{"embeddable":true,"href":"https:\/\/meripelastus.fi\/varkaus\/wp-json\/wp\/v2\/pages\/20"}],"wp:attachment":[{"href":"https:\/\/meripelastus.fi\/varkaus\/wp-json\/wp\/v2\/media?parent=28"}],"curies":[{"name":"wp","href":"https:\/\/api.w.org\/{rel}","templated":true}]}}