{"id":22,"date":"2018-03-19T09:18:43","date_gmt":"2018-03-19T07:18:43","guid":{"rendered":"http:\/\/basetemplate.smpsyhdistykset.16.testivedos.com\/?page_id=22"},"modified":"2024-08-27T21:27:14","modified_gmt":"2024-08-27T18:27:14","slug":"halytysohje","status":"publish","type":"page","link":"https:\/\/meripelastus.fi\/varkaus\/toiminta\/halytysohje\/","title":{"rendered":"H\u00e4lytysohje"},"content":{"rendered":"\n<p>Merell\u00e4 meripelastuksen h\u00e4lytysnumero<span>&nbsp;<\/span><b>0294 1000<\/b><br>Tai VHF-kanava<span>&nbsp;<\/span><b>16 \/ VHF-DSC 70<\/b><br>Sis\u00e4vesill\u00e4 yleinen h\u00e4t\u00e4numero<span>&nbsp;<\/span><b>112<\/b><\/p>\n\n\n\n<ol class=\"wp-block-list\">\n<li>Kerro (aluksesi) nimi ja yhteystiedot<\/li>\n\n\n\n<li>Kerro tarkka tapahtumapaikka<\/li>\n\n\n\n<li>Kerro mit\u00e4 on tapahtunut<\/li>\n\n\n\n<li>Montako ihmist\u00e4 on vaarassa, onko loukkaantuneita?<\/li>\n\n\n\n<li>Kerro mit\u00e4 apua tarvitaan<\/li>\n\n\n\n<li>\u00c4l\u00e4 katkaise yhteytt\u00e4 ennen kuin saat luvan<\/li>\n<\/ol>\n\n\n\n<h2 class=\"wp-block-heading\">Kiireett\u00f6m\u00e4t avustusteht\u00e4v\u00e4t<\/h2>\n\n\n\n<p><strong>Trossi-palvelunumero (1.5.-31.10.)<\/strong><br><strong>0800 30 22 30<\/strong><\/p>\n\n\n\n<h2 class=\"wp-block-heading\">Emergency instructions<\/h2>\n\n\n\n<p>Kuopio and lake Saimaa: call 112<\/p>\n\n\n\n<p>Distress calls to the Maritime Rescue Centre via VHF ch<span>&nbsp;<\/span><b>16 \/ VHF-DSC 70<\/b><br>or by telephone<span>&nbsp;<\/span><b>+358-294 1000<\/b><span>&nbsp;<\/span>(international)<span>&nbsp;<\/span><b>0294 1000<\/b><span>&nbsp;<\/span>(national)<\/p>\n\n\n\n<ol class=\"wp-block-list\">\n<li>Tell your (ships) name and contact information<\/li>\n\n\n\n<li>Tell your position<\/li>\n\n\n\n<li>Tell what has happened<\/li>\n\n\n\n<li>How many people are in danger, how many are injured ?<\/li>\n\n\n\n<li>Tell what kind of help is needed<\/li>\n\n\n\n<li>Do not hang up before you get premission to do so<\/li>\n<\/ol>\n","protected":false},"excerpt":{"rendered":"<p>Merell\u00e4 meripelastuksen h\u00e4lytysnumero&nbsp;0294 1000Tai VHF-kanava&nbsp;16 \/ VHF-DSC 70Sis\u00e4vesill\u00e4 yleinen h\u00e4t\u00e4numero&nbsp;112 Kiireett\u00f6m\u00e4t avustusteht\u00e4v\u00e4t Trossi-palvelunumero (1.5.-31.10.)0800 30 22 30 Emergency instructions Kuopio and lake Saimaa: call 112 Distress calls to the Maritime Rescue Centre via VHF ch&nbsp;16 \/ VHF-DSC 70or by telephone&nbsp;+358-294 1000&nbsp;(international)&nbsp;0294 1000&nbsp;(national)<\/p>\n","protected":false},"author":1,"featured_media":0,"parent":20,"menu_order":0,"comment_status":"closed","ping_status":"closed","template":"","meta":{"_acf_changed":false,"inline_featured_image":false,"footnotes":""},"class_list":["post-22","page","type-page","status-publish","hentry"],"acf":[],"yoast_head":"<!-- This site is optimized with the Yoast SEO Premium plugin v27.2 (Yoast SEO v27.2) - https:\/\/yoast.com\/product\/yoast-seo-premium-wordpress\/ -->\n<title>H\u00e4lytysohje - Keski-Savon J\u00e4rvipelastajat<\/title>\n<meta name=\"robots\" content=\"index, follow, max-snippet:-1, max-image-preview:large, max-video-preview:-1\" \/>\n<link rel=\"canonical\" href=\"https:\/\/meripelastus.fi\/varkaus\/toiminta\/halytysohje\/\" \/>\n<meta property=\"og:locale\" content=\"fi_FI\" \/>\n<meta property=\"og:type\" content=\"article\" \/>\n<meta property=\"og:title\" content=\"H\u00e4lytysohje\" \/>\n<meta property=\"og:description\" content=\"Merell\u00e4 meripelastuksen h\u00e4lytysnumero&nbsp;0294 1000Tai VHF-kanava&nbsp;16 \/ VHF-DSC 70Sis\u00e4vesill\u00e4 yleinen h\u00e4t\u00e4numero&nbsp;112 Kiireett\u00f6m\u00e4t avustusteht\u00e4v\u00e4t Trossi-palvelunumero (1.5.-31.10.)0800 30 22 30 Emergency instructions Kuopio and lake Saimaa: call 112 Distress calls to the Maritime Rescue Centre via VHF ch&nbsp;16 \/ VHF-DSC 70or by telephone&nbsp;+358-294 1000&nbsp;(international)&nbsp;0294 1000&nbsp;(national)\" \/>\n<meta property=\"og:url\" content=\"https:\/\/meripelastus.fi\/varkaus\/toiminta\/halytysohje\/\" \/>\n<meta property=\"og:site_name\" content=\"Keski-Savon J\u00e4rvipelastajat\" \/>\n<meta property=\"article:modified_time\" content=\"2024-08-27T18:27:14+00:00\" \/>\n<meta name=\"twitter:card\" content=\"summary_large_image\" \/>\n<meta name=\"twitter:label1\" content=\"Arvioitu lukuaika\" \/>\n\t<meta name=\"twitter:data1\" content=\"1 minuutti\" \/>\n<script type=\"application\/ld+json\" class=\"yoast-schema-graph\">{\"@context\":\"https:\/\/schema.org\",\"@graph\":[{\"@type\":\"WebPage\",\"@id\":\"https:\/\/meripelastus.fi\/varkaus\/toiminta\/halytysohje\/\",\"url\":\"https:\/\/meripelastus.fi\/varkaus\/toiminta\/halytysohje\/\",\"name\":\"H\u00e4lytysohje - Keski-Savon J\u00e4rvipelastajat\",\"isPartOf\":{\"@id\":\"https:\/\/meripelastus.fi\/varkaus\/#website\"},\"datePublished\":\"2018-03-19T07:18:43+00:00\",\"dateModified\":\"2024-08-27T18:27:14+00:00\",\"breadcrumb\":{\"@id\":\"https:\/\/meripelastus.fi\/varkaus\/toiminta\/halytysohje\/#breadcrumb\"},\"inLanguage\":\"fi\",\"potentialAction\":[{\"@type\":\"ReadAction\",\"target\":[\"https:\/\/meripelastus.fi\/varkaus\/toiminta\/halytysohje\/\"]}]},{\"@type\":\"BreadcrumbList\",\"@id\":\"https:\/\/meripelastus.fi\/varkaus\/toiminta\/halytysohje\/#breadcrumb\",\"itemListElement\":[{\"@type\":\"ListItem\",\"position\":1,\"name\":\"Etusivu\",\"item\":\"https:\/\/meripelastus.fi\/varkaus\/\"},{\"@type\":\"ListItem\",\"position\":2,\"name\":\"Toiminta\",\"item\":\"https:\/\/meripelastus.fi\/varkaus\/toiminta\/\"},{\"@type\":\"ListItem\",\"position\":3,\"name\":\"H\u00e4lytysohje\"}]},{\"@type\":\"WebSite\",\"@id\":\"https:\/\/meripelastus.fi\/varkaus\/#website\",\"url\":\"https:\/\/meripelastus.fi\/varkaus\/\",\"name\":\"Keski-Savon J\u00e4rvipelastajat\",\"description\":\"Vapaaehtoiset apunasi vesill\u00e4\",\"potentialAction\":[{\"@type\":\"SearchAction\",\"target\":{\"@type\":\"EntryPoint\",\"urlTemplate\":\"https:\/\/meripelastus.fi\/varkaus\/?s={search_term_string}\"},\"query-input\":{\"@type\":\"PropertyValueSpecification\",\"valueRequired\":true,\"valueName\":\"search_term_string\"}}],\"inLanguage\":\"fi\"}]}<\/script>\n<!-- \/ Yoast SEO Premium plugin. -->","yoast_head_json":{"title":"H\u00e4lytysohje - Keski-Savon J\u00e4rvipelastajat","robots":{"index":"index","follow":"follow","max-snippet":"max-snippet:-1","max-image-preview":"max-image-preview:large","max-video-preview":"max-video-preview:-1"},"canonical":"https:\/\/meripelastus.fi\/varkaus\/toiminta\/halytysohje\/","og_locale":"fi_FI","og_type":"article","og_title":"H\u00e4lytysohje","og_description":"Merell\u00e4 meripelastuksen h\u00e4lytysnumero&nbsp;0294 1000Tai VHF-kanava&nbsp;16 \/ VHF-DSC 70Sis\u00e4vesill\u00e4 yleinen h\u00e4t\u00e4numero&nbsp;112 Kiireett\u00f6m\u00e4t avustusteht\u00e4v\u00e4t Trossi-palvelunumero (1.5.-31.10.)0800 30 22 30 Emergency instructions Kuopio and lake Saimaa: call 112 Distress calls to the Maritime Rescue Centre via VHF ch&nbsp;16 \/ VHF-DSC 70or by telephone&nbsp;+358-294 1000&nbsp;(international)&nbsp;0294 1000&nbsp;(national)","og_url":"https:\/\/meripelastus.fi\/varkaus\/toiminta\/halytysohje\/","og_site_name":"Keski-Savon J\u00e4rvipelastajat","article_modified_time":"2024-08-27T18:27:14+00:00","twitter_card":"summary_large_image","twitter_misc":{"Arvioitu lukuaika":"1 minuutti"},"schema":{"@context":"https:\/\/schema.org","@graph":[{"@type":"WebPage","@id":"https:\/\/meripelastus.fi\/varkaus\/toiminta\/halytysohje\/","url":"https:\/\/meripelastus.fi\/varkaus\/toiminta\/halytysohje\/","name":"H\u00e4lytysohje - Keski-Savon J\u00e4rvipelastajat","isPartOf":{"@id":"https:\/\/meripelastus.fi\/varkaus\/#website"},"datePublished":"2018-03-19T07:18:43+00:00","dateModified":"2024-08-27T18:27:14+00:00","breadcrumb":{"@id":"https:\/\/meripelastus.fi\/varkaus\/toiminta\/halytysohje\/#breadcrumb"},"inLanguage":"fi","potentialAction":[{"@type":"ReadAction","target":["https:\/\/meripelastus.fi\/varkaus\/toiminta\/halytysohje\/"]}]},{"@type":"BreadcrumbList","@id":"https:\/\/meripelastus.fi\/varkaus\/toiminta\/halytysohje\/#breadcrumb","itemListElement":[{"@type":"ListItem","position":1,"name":"Etusivu","item":"https:\/\/meripelastus.fi\/varkaus\/"},{"@type":"ListItem","position":2,"name":"Toiminta","item":"https:\/\/meripelastus.fi\/varkaus\/toiminta\/"},{"@type":"ListItem","position":3,"name":"H\u00e4lytysohje"}]},{"@type":"WebSite","@id":"https:\/\/meripelastus.fi\/varkaus\/#website","url":"https:\/\/meripelastus.fi\/varkaus\/","name":"Keski-Savon J\u00e4rvipelastajat","description":"Vapaaehtoiset apunasi vesill\u00e4","potentialAction":[{"@type":"SearchAction","target":{"@type":"EntryPoint","urlTemplate":"https:\/\/meripelastus.fi\/varkaus\/?s={search_term_string}"},"query-input":{"@type":"PropertyValueSpecification","valueRequired":true,"valueName":"search_term_string"}}],"inLanguage":"fi"}]}},"_links":{"self":[{"href":"https:\/\/meripelastus.fi\/varkaus\/wp-json\/wp\/v2\/pages\/22","targetHints":{"allow":["GET"]}}],"collection":[{"href":"https:\/\/meripelastus.fi\/varkaus\/wp-json\/wp\/v2\/pages"}],"about":[{"href":"https:\/\/meripelastus.fi\/varkaus\/wp-json\/wp\/v2\/types\/page"}],"author":[{"embeddable":true,"href":"https:\/\/meripelastus.fi\/varkaus\/wp-json\/wp\/v2\/users\/1"}],"replies":[{"embeddable":true,"href":"https:\/\/meripelastus.fi\/varkaus\/wp-json\/wp\/v2\/comments?post=22"}],"version-history":[{"count":4,"href":"https:\/\/meripelastus.fi\/varkaus\/wp-json\/wp\/v2\/pages\/22\/revisions"}],"predecessor-version":[{"id":368,"href":"https:\/\/meripelastus.fi\/varkaus\/wp-json\/wp\/v2\/pages\/22\/revisions\/368"}],"up":[{"embeddable":true,"href":"https:\/\/meripelastus.fi\/varkaus\/wp-json\/wp\/v2\/pages\/20"}],"wp:attachment":[{"href":"https:\/\/meripelastus.fi\/varkaus\/wp-json\/wp\/v2\/media?parent=22"}],"curies":[{"name":"wp","href":"https:\/\/api.w.org\/{rel}","templated":true}]}}