{"id":51,"date":"2018-03-19T09:24:37","date_gmt":"2018-03-19T07:24:37","guid":{"rendered":"http:\/\/basetemplate.smpsyhdistykset.16.testivedos.com\/?page_id=51"},"modified":"2026-04-09T18:56:06","modified_gmt":"2026-04-09T15:56:06","slug":"yhteystiedot","status":"publish","type":"page","link":"https:\/\/meripelastus.fi\/vaasa\/yhteystiedot\/","title":{"rendered":"Yhteystiedot"},"content":{"rendered":"<p><strong>H\u00c4LYTYSNUMERO<\/strong><\/p>\n<p>Merell\u00e4 meripelastuksen h\u00e4lytysnumero\u00a0<b>0294 1000<\/b><br \/>\nTai VHF-kanava\u00a0<b>16 \/ VHF-DSC 70<\/b><br \/>\nSis\u00e4vesill\u00e4 yleinen h\u00e4t\u00e4numero\u00a0<b>112<\/b><\/p>\n<p>Katso <a href=\"https:\/\/meripelastus.fi\/vaasa-vedos\/toiminta\/halytysohje\/\">h\u00e4lytysohje<\/a><\/p>\n<p><strong>KIIREETT\u00d6M\u00c4T J\u00c4SENPALVELU-AVUSTUSTEHT\u00c4V\u00c4T<\/strong><\/p>\n<p>Trossi-palvelunumero\u00a0<strong>0800 30 22 30<\/strong><br \/>\np\u00e4ivyst\u00e4\u00e4 24\/7 1.5.-31.10.<\/p>\n<p><strong>POSTI- JA LASKUTUSOSOITE<\/strong><\/p>\n<p>Vaasan Meripelastusyhdistys-Vasa Sj\u00f6r\u00e4ddningsf\u00f6rening r.y.<\/p>\n<p>PL 83810<\/p>\n<p>01051 LASKUT<\/p>\n<p>Verkkolaskuosoite: 003715499422<\/p>\n<p>vmpy.laskutus@gmail.com<\/p>\n<p>Y-tunnus: 1549942-2<\/p>\n<p><b>PUHEENJOHTAJA<\/b><\/p>\n<p>Tapio Majaniemi<\/p>\n<p>044 241 8118<\/p>\n<p><a href=\"mailto:vaasa@messi.meripelastus.fi\">vaasa@messi.meripelastus.fi<\/a><\/p>\n<p><strong>OPERATIIVINEN TOIMINTA<\/strong><\/p>\n<p>Sami Kotaj\u00e4rvi<\/p>\n<p><a href=\"mailto:valmius.vaasa@messi.meripelastus.fi\">valmius.vaasa@messi.meripelastus.fi<\/a><\/p>\n<p><strong>KOULUTUS<\/strong><\/p>\n<p>Akseli Nousiainen<\/p>\n<p class=\"p1\"><span class=\"s1\">050 520 7006<\/span><\/p>\n<p class=\"p1\"><span class=\"s1\">akkimatias@gmail.com<\/span><\/p>\n<p><strong>VIRANOMAISYHTEISTY\u00d6<\/strong><\/p>\n<p>Antti Flander<\/p>\n<p>044 545 1370<\/p>\n<p><strong>VIITOITUS VAASAN SIS\u00c4SAARISTON PIENVENEREITEILL\u00c4<\/strong><\/p>\n<p class=\"p1\"><span class=\"s1\">Poikkeamailmoitukset pienvenev\u00e4ylien viitoituksesta alueella Pohjoinen kaupunginselk\u00e4 &#8211; Kaffeb\u00e5dan &#8211; Storh\u00e4sten, Vaasan sis\u00e4\u00e4ntulov\u00e4yl\u00e4n pohjoispuolella, toimitetaan jatkossa Vaasan kaupungille osoitteeseen jarmo.latvala@vaasa.fi. Virallisten v\u00e4ylien poikkeamista poikkeamatiedot <a href=\"https:\/\/extranet.vayla.fi\/pooki_www\/palaute\/?fbclid=IwZXh0bgNhZW0CMTEAAR24U6VXmKuk_GvtbeVgPH3szd5mIpbXq2vsOPddj6hlr0yJYKX8QAYfkIU_aem_AWxKAfjygsgpX3WBpxj9NRgLaWhxuxSHZKgojcTEaHUgXMCUYrSD4exvKdq4cl91SrU5kySkmiWu6yjlfbIyG61Z\">https:\/\/extranet.vayla.fi\/pooki_www\/palaute<\/a><\/span><\/p>\n","protected":false},"excerpt":{"rendered":"<p>H\u00c4LYTYSNUMERO Merell\u00e4 meripelastuksen h\u00e4lytysnumero\u00a00294 1000 Tai VHF-kanava\u00a016 \/ VHF-DSC 70 Sis\u00e4vesill\u00e4 yleinen h\u00e4t\u00e4numero\u00a0112 Katso h\u00e4lytysohje KIIREETT\u00d6M\u00c4T J\u00c4SENPALVELU-AVUSTUSTEHT\u00c4V\u00c4T Trossi-palvelunumero\u00a00800 30 22 30 p\u00e4ivyst\u00e4\u00e4 24\/7 1.5.-31.10. POSTI- JA LASKUTUSOSOITE Vaasan Meripelastusyhdistys-Vasa Sj\u00f6r\u00e4ddningsf\u00f6rening r.y. PL 83810 01051 LASKUT Verkkolaskuosoite: 003715499422 vmpy.laskutus@gmail.com Y-tunnus: 1549942-2 PUHEENJOHTAJA Tapio Majaniemi 044 241 8118 vaasa@messi.meripelastus.fi OPERATIIVINEN TOIMINTA Sami Kotaj\u00e4rvi valmius.vaasa@messi.meripelastus.fi KOULUTUS Akseli Nousiainen [&hellip;]<\/p>\n","protected":false},"author":1,"featured_media":0,"parent":0,"menu_order":4,"comment_status":"closed","ping_status":"closed","template":"","meta":{"_acf_changed":false,"inline_featured_image":false,"footnotes":""},"class_list":["post-51","page","type-page","status-publish","hentry"],"acf":[],"yoast_head":"<!-- This site is optimized with the Yoast SEO Premium plugin v27.2 (Yoast SEO v27.2) - https:\/\/yoast.com\/product\/yoast-seo-premium-wordpress\/ -->\n<title>Yhteystiedot - Vaasan Meripelastusyhdistys<\/title>\n<meta name=\"robots\" content=\"index, follow, max-snippet:-1, max-image-preview:large, max-video-preview:-1\" \/>\n<link rel=\"canonical\" href=\"https:\/\/meripelastus.fi\/vaasa\/yhteystiedot\/\" \/>\n<meta property=\"og:locale\" content=\"fi_FI\" \/>\n<meta property=\"og:type\" content=\"article\" \/>\n<meta property=\"og:title\" content=\"Yhteystiedot\" \/>\n<meta property=\"og:description\" content=\"H\u00c4LYTYSNUMERO Merell\u00e4 meripelastuksen h\u00e4lytysnumero\u00a00294 1000 Tai VHF-kanava\u00a016 \/ VHF-DSC 70 Sis\u00e4vesill\u00e4 yleinen h\u00e4t\u00e4numero\u00a0112 Katso h\u00e4lytysohje KIIREETT\u00d6M\u00c4T J\u00c4SENPALVELU-AVUSTUSTEHT\u00c4V\u00c4T Trossi-palvelunumero\u00a00800 30 22 30 p\u00e4ivyst\u00e4\u00e4 24\/7 1.5.-31.10. POSTI- JA LASKUTUSOSOITE Vaasan Meripelastusyhdistys-Vasa Sj\u00f6r\u00e4ddningsf\u00f6rening r.y. PL 83810 01051 LASKUT Verkkolaskuosoite: 003715499422 vmpy.laskutus@gmail.com Y-tunnus: 1549942-2 PUHEENJOHTAJA Tapio Majaniemi 044 241 8118 vaasa@messi.meripelastus.fi OPERATIIVINEN TOIMINTA Sami Kotaj\u00e4rvi valmius.vaasa@messi.meripelastus.fi KOULUTUS Akseli Nousiainen [&hellip;]\" \/>\n<meta property=\"og:url\" content=\"https:\/\/meripelastus.fi\/vaasa\/yhteystiedot\/\" \/>\n<meta property=\"og:site_name\" content=\"Vaasan Meripelastusyhdistys\" \/>\n<meta property=\"article:modified_time\" content=\"2026-04-09T15:56:06+00:00\" \/>\n<meta name=\"twitter:card\" content=\"summary_large_image\" \/>\n<meta name=\"twitter:label1\" content=\"Arvioitu lukuaika\" \/>\n\t<meta name=\"twitter:data1\" content=\"1 minuutti\" \/>\n<script type=\"application\/ld+json\" class=\"yoast-schema-graph\">{\"@context\":\"https:\/\/schema.org\",\"@graph\":[{\"@type\":\"WebPage\",\"@id\":\"https:\/\/meripelastus.fi\/vaasa\/yhteystiedot\/\",\"url\":\"https:\/\/meripelastus.fi\/vaasa\/yhteystiedot\/\",\"name\":\"Yhteystiedot - Vaasan Meripelastusyhdistys\",\"isPartOf\":{\"@id\":\"https:\/\/meripelastus.fi\/vaasa\/#website\"},\"datePublished\":\"2018-03-19T07:24:37+00:00\",\"dateModified\":\"2026-04-09T15:56:06+00:00\",\"breadcrumb\":{\"@id\":\"https:\/\/meripelastus.fi\/vaasa\/yhteystiedot\/#breadcrumb\"},\"inLanguage\":\"fi\",\"potentialAction\":[{\"@type\":\"ReadAction\",\"target\":[\"https:\/\/meripelastus.fi\/vaasa\/yhteystiedot\/\"]}]},{\"@type\":\"BreadcrumbList\",\"@id\":\"https:\/\/meripelastus.fi\/vaasa\/yhteystiedot\/#breadcrumb\",\"itemListElement\":[{\"@type\":\"ListItem\",\"position\":1,\"name\":\"Etusivu\",\"item\":\"https:\/\/meripelastus.fi\/vaasa\/\"},{\"@type\":\"ListItem\",\"position\":2,\"name\":\"Yhteystiedot\"}]},{\"@type\":\"WebSite\",\"@id\":\"https:\/\/meripelastus.fi\/vaasa\/#website\",\"url\":\"https:\/\/meripelastus.fi\/vaasa\/\",\"name\":\"Vaasan Meripelastusyhdistys\",\"description\":\"Vapaaehtoiset apunasi vesill\u00e4\",\"potentialAction\":[{\"@type\":\"SearchAction\",\"target\":{\"@type\":\"EntryPoint\",\"urlTemplate\":\"https:\/\/meripelastus.fi\/vaasa\/?s={search_term_string}\"},\"query-input\":{\"@type\":\"PropertyValueSpecification\",\"valueRequired\":true,\"valueName\":\"search_term_string\"}}],\"inLanguage\":\"fi\"}]}<\/script>\n<!-- \/ Yoast SEO Premium plugin. -->","yoast_head_json":{"title":"Yhteystiedot - Vaasan Meripelastusyhdistys","robots":{"index":"index","follow":"follow","max-snippet":"max-snippet:-1","max-image-preview":"max-image-preview:large","max-video-preview":"max-video-preview:-1"},"canonical":"https:\/\/meripelastus.fi\/vaasa\/yhteystiedot\/","og_locale":"fi_FI","og_type":"article","og_title":"Yhteystiedot","og_description":"H\u00c4LYTYSNUMERO Merell\u00e4 meripelastuksen h\u00e4lytysnumero\u00a00294 1000 Tai VHF-kanava\u00a016 \/ VHF-DSC 70 Sis\u00e4vesill\u00e4 yleinen h\u00e4t\u00e4numero\u00a0112 Katso h\u00e4lytysohje KIIREETT\u00d6M\u00c4T J\u00c4SENPALVELU-AVUSTUSTEHT\u00c4V\u00c4T Trossi-palvelunumero\u00a00800 30 22 30 p\u00e4ivyst\u00e4\u00e4 24\/7 1.5.-31.10. POSTI- JA LASKUTUSOSOITE Vaasan Meripelastusyhdistys-Vasa Sj\u00f6r\u00e4ddningsf\u00f6rening r.y. PL 83810 01051 LASKUT Verkkolaskuosoite: 003715499422 vmpy.laskutus@gmail.com Y-tunnus: 1549942-2 PUHEENJOHTAJA Tapio Majaniemi 044 241 8118 vaasa@messi.meripelastus.fi OPERATIIVINEN TOIMINTA Sami Kotaj\u00e4rvi valmius.vaasa@messi.meripelastus.fi KOULUTUS Akseli Nousiainen [&hellip;]","og_url":"https:\/\/meripelastus.fi\/vaasa\/yhteystiedot\/","og_site_name":"Vaasan Meripelastusyhdistys","article_modified_time":"2026-04-09T15:56:06+00:00","twitter_card":"summary_large_image","twitter_misc":{"Arvioitu lukuaika":"1 minuutti"},"schema":{"@context":"https:\/\/schema.org","@graph":[{"@type":"WebPage","@id":"https:\/\/meripelastus.fi\/vaasa\/yhteystiedot\/","url":"https:\/\/meripelastus.fi\/vaasa\/yhteystiedot\/","name":"Yhteystiedot - Vaasan Meripelastusyhdistys","isPartOf":{"@id":"https:\/\/meripelastus.fi\/vaasa\/#website"},"datePublished":"2018-03-19T07:24:37+00:00","dateModified":"2026-04-09T15:56:06+00:00","breadcrumb":{"@id":"https:\/\/meripelastus.fi\/vaasa\/yhteystiedot\/#breadcrumb"},"inLanguage":"fi","potentialAction":[{"@type":"ReadAction","target":["https:\/\/meripelastus.fi\/vaasa\/yhteystiedot\/"]}]},{"@type":"BreadcrumbList","@id":"https:\/\/meripelastus.fi\/vaasa\/yhteystiedot\/#breadcrumb","itemListElement":[{"@type":"ListItem","position":1,"name":"Etusivu","item":"https:\/\/meripelastus.fi\/vaasa\/"},{"@type":"ListItem","position":2,"name":"Yhteystiedot"}]},{"@type":"WebSite","@id":"https:\/\/meripelastus.fi\/vaasa\/#website","url":"https:\/\/meripelastus.fi\/vaasa\/","name":"Vaasan Meripelastusyhdistys","description":"Vapaaehtoiset apunasi vesill\u00e4","potentialAction":[{"@type":"SearchAction","target":{"@type":"EntryPoint","urlTemplate":"https:\/\/meripelastus.fi\/vaasa\/?s={search_term_string}"},"query-input":{"@type":"PropertyValueSpecification","valueRequired":true,"valueName":"search_term_string"}}],"inLanguage":"fi"}]}},"_links":{"self":[{"href":"https:\/\/meripelastus.fi\/vaasa\/wp-json\/wp\/v2\/pages\/51","targetHints":{"allow":["GET"]}}],"collection":[{"href":"https:\/\/meripelastus.fi\/vaasa\/wp-json\/wp\/v2\/pages"}],"about":[{"href":"https:\/\/meripelastus.fi\/vaasa\/wp-json\/wp\/v2\/types\/page"}],"author":[{"embeddable":true,"href":"https:\/\/meripelastus.fi\/vaasa\/wp-json\/wp\/v2\/users\/1"}],"replies":[{"embeddable":true,"href":"https:\/\/meripelastus.fi\/vaasa\/wp-json\/wp\/v2\/comments?post=51"}],"version-history":[{"count":23,"href":"https:\/\/meripelastus.fi\/vaasa\/wp-json\/wp\/v2\/pages\/51\/revisions"}],"predecessor-version":[{"id":818,"href":"https:\/\/meripelastus.fi\/vaasa\/wp-json\/wp\/v2\/pages\/51\/revisions\/818"}],"wp:attachment":[{"href":"https:\/\/meripelastus.fi\/vaasa\/wp-json\/wp\/v2\/media?parent=51"}],"curies":[{"name":"wp","href":"https:\/\/api.w.org\/{rel}","templated":true}]}}