{"id":451,"date":"2021-06-24T14:23:55","date_gmt":"2021-06-24T11:23:55","guid":{"rendered":"https:\/\/meripelastus.fi\/vaasa\/?page_id=451"},"modified":"2022-08-20T12:29:24","modified_gmt":"2022-08-20T09:29:24","slug":"liity-jaseneksi","status":"publish","type":"page","link":"https:\/\/meripelastus.fi\/vaasa\/liity-jaseneksi\/","title":{"rendered":"Liity j\u00e4seneksi!"},"content":{"rendered":"<p><img loading=\"lazy\" decoding=\"async\" class=\"alignnone size-medium wp-image-405\" src=\"https:\/\/meripelastus.fi\/vaasa-vedos\/wp-content\/uploads\/sites\/33\/2021\/04\/rekrykuva_2014_teaser-300x194.jpg\" alt=\"\" width=\"300\" height=\"194\" srcset=\"https:\/\/meripelastus.fi\/vaasa\/wp-content\/uploads\/sites\/33\/2021\/04\/rekrykuva_2014_teaser-300x194.jpg 300w, https:\/\/meripelastus.fi\/vaasa\/wp-content\/uploads\/sites\/33\/2021\/04\/rekrykuva_2014_teaser-1024x662.jpg 1024w, https:\/\/meripelastus.fi\/vaasa\/wp-content\/uploads\/sites\/33\/2021\/04\/rekrykuva_2014_teaser-768x496.jpg 768w, https:\/\/meripelastus.fi\/vaasa\/wp-content\/uploads\/sites\/33\/2021\/04\/rekrykuva_2014_teaser.jpg 1417w\" sizes=\"auto, (max-width: 300px) 100vw, 300px\" \/><\/p>\n<p><span>\u2022<\/span><span>\u00a0<\/span><a href=\"https:\/\/meripelastus.fi\/jasenyys\/liittymislomakkeet\/\">Henkil\u00f6j\u00e4senen\u00e4<\/a> tuet toimintaamme yhdistyksen j\u00e4senmaksun maksamalla<\/p>\n<p><span>\u2022<\/span><span>\u00a0<\/span>Jos haluat liitty\u00e4 Trossi-j\u00e4seneksi, t\u00e4yt\u00e4 <a href=\"https:\/\/meripelastus.fi\/jasenyys\/liittymislomakkeet\/\">liittymislomake\u00a0<\/a><\/p>\n<p><span>\u2022<\/span><span>\u00a0<\/span>Yhteis\u00f6j\u00e4senyys on tarkoitettu yrityksille ja organisaatioille, jotka haluavat tukea toimintaamme j\u00e4senmaksun hinnalla<\/p>\n<p><span>\u2022 <\/span>Jos haluat liitty\u00e4 mukaan pelastusmiehist\u00f6\u00f6n tai auttaa tukitoiminnoissa, lue lis\u00e4\u00e4<span>\u00a0<\/span><a href=\"https:\/\/meripelastus.fi\/vaasa\/koulutus\/\">koulutussivulta<\/a><\/p>\n","protected":false},"excerpt":{"rendered":"<p>\u2022\u00a0Henkil\u00f6j\u00e4senen\u00e4 tuet toimintaamme yhdistyksen j\u00e4senmaksun maksamalla \u2022\u00a0Jos haluat liitty\u00e4 Trossi-j\u00e4seneksi, t\u00e4yt\u00e4 liittymislomake\u00a0 \u2022\u00a0Yhteis\u00f6j\u00e4senyys on tarkoitettu yrityksille ja organisaatioille, jotka haluavat tukea toimintaamme j\u00e4senmaksun hinnalla \u2022 Jos haluat liitty\u00e4 mukaan pelastusmiehist\u00f6\u00f6n tai auttaa tukitoiminnoissa, lue lis\u00e4\u00e4\u00a0koulutussivulta<\/p>\n","protected":false},"author":87,"featured_media":0,"parent":0,"menu_order":0,"comment_status":"closed","ping_status":"closed","template":"","meta":{"_acf_changed":false,"inline_featured_image":false,"footnotes":""},"class_list":["post-451","page","type-page","status-publish","hentry"],"acf":[],"yoast_head":"<!-- This site is optimized with the Yoast SEO Premium plugin v27.4 (Yoast SEO v27.4) - https:\/\/yoast.com\/product\/yoast-seo-premium-wordpress\/ -->\n<title>Liity j\u00e4seneksi! - Vaasan Meripelastusyhdistys<\/title>\n<meta name=\"robots\" content=\"index, follow, max-snippet:-1, max-image-preview:large, max-video-preview:-1\" \/>\n<link rel=\"canonical\" href=\"https:\/\/meripelastus.fi\/vaasa\/liity-jaseneksi\/\" \/>\n<meta property=\"og:locale\" content=\"fi_FI\" \/>\n<meta property=\"og:type\" content=\"article\" \/>\n<meta property=\"og:title\" content=\"Liity j\u00e4seneksi!\" \/>\n<meta property=\"og:description\" content=\"\u2022\u00a0Henkil\u00f6j\u00e4senen\u00e4 tuet toimintaamme yhdistyksen j\u00e4senmaksun maksamalla \u2022\u00a0Jos haluat liitty\u00e4 Trossi-j\u00e4seneksi, t\u00e4yt\u00e4 liittymislomake\u00a0 \u2022\u00a0Yhteis\u00f6j\u00e4senyys on tarkoitettu yrityksille ja organisaatioille, jotka haluavat tukea toimintaamme j\u00e4senmaksun hinnalla \u2022 Jos haluat liitty\u00e4 mukaan pelastusmiehist\u00f6\u00f6n tai auttaa tukitoiminnoissa, lue lis\u00e4\u00e4\u00a0koulutussivulta\" \/>\n<meta property=\"og:url\" content=\"https:\/\/meripelastus.fi\/vaasa\/liity-jaseneksi\/\" \/>\n<meta property=\"og:site_name\" content=\"Vaasan Meripelastusyhdistys\" \/>\n<meta property=\"article:modified_time\" content=\"2022-08-20T09:29:24+00:00\" \/>\n<meta property=\"og:image\" content=\"https:\/\/meripelastus.fi\/vaasa-vedos\/wp-content\/uploads\/sites\/33\/2021\/04\/rekrykuva_2014_teaser-300x194.jpg\" \/>\n<meta name=\"twitter:card\" content=\"summary_large_image\" \/>\n<meta name=\"twitter:label1\" content=\"Arvioitu lukuaika\" \/>\n\t<meta name=\"twitter:data1\" content=\"1 minuutti\" \/>\n<script type=\"application\/ld+json\" class=\"yoast-schema-graph\">{\"@context\":\"https:\\\/\\\/schema.org\",\"@graph\":[{\"@type\":\"WebPage\",\"@id\":\"https:\\\/\\\/meripelastus.fi\\\/vaasa\\\/liity-jaseneksi\\\/\",\"url\":\"https:\\\/\\\/meripelastus.fi\\\/vaasa\\\/liity-jaseneksi\\\/\",\"name\":\"Liity j\u00e4seneksi! - Vaasan Meripelastusyhdistys\",\"isPartOf\":{\"@id\":\"https:\\\/\\\/meripelastus.fi\\\/vaasa\\\/#website\"},\"primaryImageOfPage\":{\"@id\":\"https:\\\/\\\/meripelastus.fi\\\/vaasa\\\/liity-jaseneksi\\\/#primaryimage\"},\"image\":{\"@id\":\"https:\\\/\\\/meripelastus.fi\\\/vaasa\\\/liity-jaseneksi\\\/#primaryimage\"},\"thumbnailUrl\":\"https:\\\/\\\/meripelastus.fi\\\/vaasa-vedos\\\/wp-content\\\/uploads\\\/sites\\\/33\\\/2021\\\/04\\\/rekrykuva_2014_teaser-300x194.jpg\",\"datePublished\":\"2021-06-24T11:23:55+00:00\",\"dateModified\":\"2022-08-20T09:29:24+00:00\",\"breadcrumb\":{\"@id\":\"https:\\\/\\\/meripelastus.fi\\\/vaasa\\\/liity-jaseneksi\\\/#breadcrumb\"},\"inLanguage\":\"fi\",\"potentialAction\":[{\"@type\":\"ReadAction\",\"target\":[\"https:\\\/\\\/meripelastus.fi\\\/vaasa\\\/liity-jaseneksi\\\/\"]}]},{\"@type\":\"ImageObject\",\"inLanguage\":\"fi\",\"@id\":\"https:\\\/\\\/meripelastus.fi\\\/vaasa\\\/liity-jaseneksi\\\/#primaryimage\",\"url\":\"https:\\\/\\\/meripelastus.fi\\\/vaasa-vedos\\\/wp-content\\\/uploads\\\/sites\\\/33\\\/2021\\\/04\\\/rekrykuva_2014_teaser-300x194.jpg\",\"contentUrl\":\"https:\\\/\\\/meripelastus.fi\\\/vaasa-vedos\\\/wp-content\\\/uploads\\\/sites\\\/33\\\/2021\\\/04\\\/rekrykuva_2014_teaser-300x194.jpg\"},{\"@type\":\"BreadcrumbList\",\"@id\":\"https:\\\/\\\/meripelastus.fi\\\/vaasa\\\/liity-jaseneksi\\\/#breadcrumb\",\"itemListElement\":[{\"@type\":\"ListItem\",\"position\":1,\"name\":\"Etusivu\",\"item\":\"https:\\\/\\\/meripelastus.fi\\\/vaasa\\\/\"},{\"@type\":\"ListItem\",\"position\":2,\"name\":\"Liity j\u00e4seneksi!\"}]},{\"@type\":\"WebSite\",\"@id\":\"https:\\\/\\\/meripelastus.fi\\\/vaasa\\\/#website\",\"url\":\"https:\\\/\\\/meripelastus.fi\\\/vaasa\\\/\",\"name\":\"Vaasan Meripelastusyhdistys\",\"description\":\"Vapaaehtoiset apunasi vesill\u00e4\",\"potentialAction\":[{\"@type\":\"SearchAction\",\"target\":{\"@type\":\"EntryPoint\",\"urlTemplate\":\"https:\\\/\\\/meripelastus.fi\\\/vaasa\\\/?s={search_term_string}\"},\"query-input\":{\"@type\":\"PropertyValueSpecification\",\"valueRequired\":true,\"valueName\":\"search_term_string\"}}],\"inLanguage\":\"fi\"}]}<\/script>\n<!-- \/ Yoast SEO Premium plugin. -->","yoast_head_json":{"title":"Liity j\u00e4seneksi! - Vaasan Meripelastusyhdistys","robots":{"index":"index","follow":"follow","max-snippet":"max-snippet:-1","max-image-preview":"max-image-preview:large","max-video-preview":"max-video-preview:-1"},"canonical":"https:\/\/meripelastus.fi\/vaasa\/liity-jaseneksi\/","og_locale":"fi_FI","og_type":"article","og_title":"Liity j\u00e4seneksi!","og_description":"\u2022\u00a0Henkil\u00f6j\u00e4senen\u00e4 tuet toimintaamme yhdistyksen j\u00e4senmaksun maksamalla \u2022\u00a0Jos haluat liitty\u00e4 Trossi-j\u00e4seneksi, t\u00e4yt\u00e4 liittymislomake\u00a0 \u2022\u00a0Yhteis\u00f6j\u00e4senyys on tarkoitettu yrityksille ja organisaatioille, jotka haluavat tukea toimintaamme j\u00e4senmaksun hinnalla \u2022 Jos haluat liitty\u00e4 mukaan pelastusmiehist\u00f6\u00f6n tai auttaa tukitoiminnoissa, lue lis\u00e4\u00e4\u00a0koulutussivulta","og_url":"https:\/\/meripelastus.fi\/vaasa\/liity-jaseneksi\/","og_site_name":"Vaasan Meripelastusyhdistys","article_modified_time":"2022-08-20T09:29:24+00:00","og_image":[{"url":"https:\/\/meripelastus.fi\/vaasa-vedos\/wp-content\/uploads\/sites\/33\/2021\/04\/rekrykuva_2014_teaser-300x194.jpg","type":"","width":"","height":""}],"twitter_card":"summary_large_image","twitter_misc":{"Arvioitu lukuaika":"1 minuutti"},"schema":{"@context":"https:\/\/schema.org","@graph":[{"@type":"WebPage","@id":"https:\/\/meripelastus.fi\/vaasa\/liity-jaseneksi\/","url":"https:\/\/meripelastus.fi\/vaasa\/liity-jaseneksi\/","name":"Liity j\u00e4seneksi! - Vaasan Meripelastusyhdistys","isPartOf":{"@id":"https:\/\/meripelastus.fi\/vaasa\/#website"},"primaryImageOfPage":{"@id":"https:\/\/meripelastus.fi\/vaasa\/liity-jaseneksi\/#primaryimage"},"image":{"@id":"https:\/\/meripelastus.fi\/vaasa\/liity-jaseneksi\/#primaryimage"},"thumbnailUrl":"https:\/\/meripelastus.fi\/vaasa-vedos\/wp-content\/uploads\/sites\/33\/2021\/04\/rekrykuva_2014_teaser-300x194.jpg","datePublished":"2021-06-24T11:23:55+00:00","dateModified":"2022-08-20T09:29:24+00:00","breadcrumb":{"@id":"https:\/\/meripelastus.fi\/vaasa\/liity-jaseneksi\/#breadcrumb"},"inLanguage":"fi","potentialAction":[{"@type":"ReadAction","target":["https:\/\/meripelastus.fi\/vaasa\/liity-jaseneksi\/"]}]},{"@type":"ImageObject","inLanguage":"fi","@id":"https:\/\/meripelastus.fi\/vaasa\/liity-jaseneksi\/#primaryimage","url":"https:\/\/meripelastus.fi\/vaasa-vedos\/wp-content\/uploads\/sites\/33\/2021\/04\/rekrykuva_2014_teaser-300x194.jpg","contentUrl":"https:\/\/meripelastus.fi\/vaasa-vedos\/wp-content\/uploads\/sites\/33\/2021\/04\/rekrykuva_2014_teaser-300x194.jpg"},{"@type":"BreadcrumbList","@id":"https:\/\/meripelastus.fi\/vaasa\/liity-jaseneksi\/#breadcrumb","itemListElement":[{"@type":"ListItem","position":1,"name":"Etusivu","item":"https:\/\/meripelastus.fi\/vaasa\/"},{"@type":"ListItem","position":2,"name":"Liity j\u00e4seneksi!"}]},{"@type":"WebSite","@id":"https:\/\/meripelastus.fi\/vaasa\/#website","url":"https:\/\/meripelastus.fi\/vaasa\/","name":"Vaasan Meripelastusyhdistys","description":"Vapaaehtoiset apunasi vesill\u00e4","potentialAction":[{"@type":"SearchAction","target":{"@type":"EntryPoint","urlTemplate":"https:\/\/meripelastus.fi\/vaasa\/?s={search_term_string}"},"query-input":{"@type":"PropertyValueSpecification","valueRequired":true,"valueName":"search_term_string"}}],"inLanguage":"fi"}]}},"_links":{"self":[{"href":"https:\/\/meripelastus.fi\/vaasa\/wp-json\/wp\/v2\/pages\/451","targetHints":{"allow":["GET"]}}],"collection":[{"href":"https:\/\/meripelastus.fi\/vaasa\/wp-json\/wp\/v2\/pages"}],"about":[{"href":"https:\/\/meripelastus.fi\/vaasa\/wp-json\/wp\/v2\/types\/page"}],"author":[{"embeddable":true,"href":"https:\/\/meripelastus.fi\/vaasa\/wp-json\/wp\/v2\/users\/87"}],"replies":[{"embeddable":true,"href":"https:\/\/meripelastus.fi\/vaasa\/wp-json\/wp\/v2\/comments?post=451"}],"version-history":[{"count":3,"href":"https:\/\/meripelastus.fi\/vaasa\/wp-json\/wp\/v2\/pages\/451\/revisions"}],"predecessor-version":[{"id":519,"href":"https:\/\/meripelastus.fi\/vaasa\/wp-json\/wp\/v2\/pages\/451\/revisions\/519"}],"wp:attachment":[{"href":"https:\/\/meripelastus.fi\/vaasa\/wp-json\/wp\/v2\/media?parent=451"}],"curies":[{"name":"wp","href":"https:\/\/api.w.org\/{rel}","templated":true}]}}