{"id":395,"date":"2021-04-30T20:33:34","date_gmt":"2021-04-30T17:33:34","guid":{"rendered":"https:\/\/meripelastus.fi\/vaasa-vedos\/?page_id=395"},"modified":"2024-07-30T11:15:50","modified_gmt":"2024-07-30T08:15:50","slug":"kuntovaatimukset","status":"publish","type":"page","link":"https:\/\/meripelastus.fi\/vaasa\/kuntovaatimukset\/","title":{"rendered":"Kuntovaatimukset"},"content":{"rendered":"<p><img loading=\"lazy\" decoding=\"async\" class=\"alignnone size-medium wp-image-396\" src=\"https:\/\/meripelastus.fi\/vaasa-vedos\/wp-content\/uploads\/sites\/33\/2021\/04\/miehisto_0-300x121.jpg\" alt=\"\" width=\"300\" height=\"121\" srcset=\"https:\/\/meripelastus.fi\/vaasa\/wp-content\/uploads\/sites\/33\/2021\/04\/miehisto_0-300x121.jpg 300w, https:\/\/meripelastus.fi\/vaasa\/wp-content\/uploads\/sites\/33\/2021\/04\/miehisto_0-1024x414.jpg 1024w, https:\/\/meripelastus.fi\/vaasa\/wp-content\/uploads\/sites\/33\/2021\/04\/miehisto_0-768x310.jpg 768w, https:\/\/meripelastus.fi\/vaasa\/wp-content\/uploads\/sites\/33\/2021\/04\/miehisto_0.jpg 1181w\" sizes=\"auto, (max-width: 300px) 100vw, 300px\" \/><\/p>\n<p>Vapaaehtoisten meripelastajien ei tarvitse olla superkuntoilijoita tai tarzaneita!<\/p>\n<p>T\u00e4ysin normaali kunto riitt\u00e4\u00e4. Lajimme on kuitenkin monella tavalla vaativa ja siit\u00e4 syyst\u00e4 jokaisen miehist\u00f6n j\u00e4senen t\u00e4ytyy huolehtia fyysisest\u00e4 ja psyykkisest\u00e4 jaksamisestaan. Liikkuminen ja elintavoista huolehtiminen pit\u00e4v\u00e4t suorituskyvyn kohdallaan vuosien vieriess\u00e4. Teht\u00e4viin l\u00e4hdet\u00e4\u00e4n usein v\u00e4hill\u00e4 unilla ja reissu voi ven\u00e4ht\u00e4\u00e4 pitk\u00e4ksi. Monet suoritteet pelastusteht\u00e4viss\u00e4 ja koulutustilanteissa vaativat v\u00e4hint\u00e4\u00e4n kohtuullista lihaskuntoa ja kest\u00e4vyytt\u00e4. Tapaturmaherkkyys lis\u00e4\u00e4ntyy suorassa suhteessa kunnon heiketess\u00e4. Teemme kovasti t\u00f6it\u00e4 tapaturmien v\u00e4ltt\u00e4miseksi ja siin\u00e4 onnistutaan muun muassa huolehtimalla miehist\u00f6n kunnosta.<\/p>\n<p>Suomen Meripelastusseuran asemilla on erilaisia fyysisen suorituskyvyn vaatimuksia. Tarkista paikkakuntakohtaiset vaatimukset silt\u00e4 asemalta, jonka toimintaan olet pyrkim\u00e4ss\u00e4.<\/p>\n<p><img loading=\"lazy\" decoding=\"async\" class=\"alignnone size-medium wp-image-400\" src=\"https:\/\/meripelastus.fi\/vaasa-vedos\/wp-content\/uploads\/sites\/33\/2021\/04\/uinti1-300x215.jpg\" alt=\"\" width=\"300\" height=\"215\" srcset=\"https:\/\/meripelastus.fi\/vaasa\/wp-content\/uploads\/sites\/33\/2021\/04\/uinti1-300x215.jpg 300w, https:\/\/meripelastus.fi\/vaasa\/wp-content\/uploads\/sites\/33\/2021\/04\/uinti1-1024x733.jpg 1024w, https:\/\/meripelastus.fi\/vaasa\/wp-content\/uploads\/sites\/33\/2021\/04\/uinti1-768x550.jpg 768w, https:\/\/meripelastus.fi\/vaasa\/wp-content\/uploads\/sites\/33\/2021\/04\/uinti1.jpg 1417w\" sizes=\"auto, (max-width: 300px) 100vw, 300px\" \/><\/p>\n<p><strong>MERIPELASTUSSEURAN VAASAN ASEMAN SUORITUSKYKYVAATIMUKSET<\/strong><\/p>\n<p><strong>UINTIKYKY<\/strong><\/p>\n<p>Vuosittaisessa uintikokeessa tarkistetaan h\u00e4lytysmiehist\u00f6n j\u00e4senten uintikyky. Uintikoe sis\u00e4lt\u00e4\u00e4 hypyn veteen altaan reunalta ja yht\u00e4jaksoisen 200 metrin uinnin alle kuudessa minuutissa vapaalla uintityylill\u00e4 50 metrin radalla. Testi kannattaa k\u00e4yd\u00e4 tekem\u00e4ss\u00e4 itse jo etuk\u00e4teen valvotuissa olosuhteissa uimahallissa!<\/p>\n<p>Kaikille miehist\u00f6mme j\u00e4senille suositellaan suoriutumista 200 metrin uintikokeesta alle viidess\u00e4 minuutissa, mutta yl\u00e4raja on kuusi minuuttia. Jos vanhaan miehist\u00f6\u00f6n kuuluva ei l\u00e4p\u00e4ise n\u00e4ytt\u00f6\u00e4, h\u00e4nell\u00e4 on kuitenkin puoli vuotta aikaa suorittaa se hyv\u00e4ksytysti.<\/p>\n<p>Osa miehist\u00f6ryhmist\u00e4 on sellaisia, joihin kuuluva henkil\u00f6 tyypillisesti m\u00e4\u00e4r\u00e4t\u00e4\u00e4n pelastusveneen pintapelastajaksi. Pintapelastaja valmistautuu esimerkiksi pelastamaan ihmisen merest\u00e4 tai muodostaa ty\u00f6parinsa avulla uimalla k\u00f6ysiyhteyden kohteeseen. N\u00e4iss\u00e4 miehist\u00f6ryhmiss\u00e4 (vanhemmat kansimiehet ja per\u00e4miehet) toimivia suositetaan suoriutumaan 200 metrin uintikokeesta alle viidess\u00e4 minuutissa krooliuintina (tai p\u00e4inuintina vatsallaan snorkkelin ja maskin kanssa). Kun miehist\u00f6\u00e4 sijoitetaan p\u00e4ivystysryhmiin, otetaan aina huomioon kunkin fyysinen suorituskyky.<\/p>\n<p><img loading=\"lazy\" decoding=\"async\" class=\"alignnone size-medium wp-image-398\" src=\"https:\/\/meripelastus.fi\/vaasa-vedos\/wp-content\/uploads\/sites\/33\/2021\/04\/tulokaskoe2_0-300x200.jpg\" alt=\"\" width=\"300\" height=\"200\" srcset=\"https:\/\/meripelastus.fi\/vaasa\/wp-content\/uploads\/sites\/33\/2021\/04\/tulokaskoe2_0-300x200.jpg 300w, https:\/\/meripelastus.fi\/vaasa\/wp-content\/uploads\/sites\/33\/2021\/04\/tulokaskoe2_0-1024x682.jpg 1024w, https:\/\/meripelastus.fi\/vaasa\/wp-content\/uploads\/sites\/33\/2021\/04\/tulokaskoe2_0-768x512.jpg 768w, https:\/\/meripelastus.fi\/vaasa\/wp-content\/uploads\/sites\/33\/2021\/04\/tulokaskoe2_0.jpg 1181w\" sizes=\"auto, (max-width: 300px) 100vw, 300px\" \/><\/p>\n<p><strong>TOIMINTAKYKYN\u00c4YTT\u00d6<\/strong><\/p>\n<p>H\u00e4lytysmiehist\u00f6\u00f6n kuuluvat suorittavat vuosittain toimintakykyn\u00e4yt\u00f6ksi kutsutun fyysisen kokeen. Kokeessa tehd\u00e4\u00e4n yht\u00e4jaksoisesti sellaisia suoritteita, joita tulee vastaan pelastusteht\u00e4viss\u00e4. Toimintakykyn\u00e4yt\u00f6ss\u00e4 muun muassa uidaan meripelastajan ty\u00f6varusteissa (kuivapuku), kannetaan ja vedet\u00e4\u00e4n taakkaa sek\u00e4 suoritetaan motorinen teht\u00e4v\u00e4 ja noustaan vedest\u00e4 veneeseen. Jokaisen miehist\u00f6\u00f6n kuuluvan ja siihen haluavan pit\u00e4\u00e4 l\u00e4p\u00e4ist\u00e4 n\u00e4ytt\u00f6 jokaisena toimintavuonna. Jos vanhan miehist\u00f6\u00f6n kuuluva ei l\u00e4p\u00e4ise n\u00e4ytt\u00f6\u00e4, h\u00e4nell\u00e4 on puoli vuotta aikaa suorittaa se hyv\u00e4ksytysti.<\/p>\n<p>Tulokaskurssille hakeutuvat suorittavat rekrytointi-illan aikana t\u00e4m\u00e4n saman toimintakykyn\u00e4yt\u00f6n.<\/p>\n<p>Toimintakykyn\u00e4ytt\u00f6 ei ole erityisen vaativa, siit\u00e4 selvi\u00e4\u00e4 t\u00e4ysin normaalilla kunnolla. T\u00e4t\u00e4 osaa vapaaehtoisesta meripelastamisesta ei tarvitse j\u00e4nnitt\u00e4\u00e4! Kun vanha miehist\u00f6 suorittaa n\u00e4yt\u00f6n, joukko kannustaa toisiaan. Fyysisest\u00e4 kunnosta huolehtiminen on normaali arkeemme kuuluva asia, ja n\u00e4yt\u00f6n suorittaminen on vain ohimenev\u00e4 v\u00e4lietappi vuosiohjelmassamme.<\/p>\n","protected":false},"excerpt":{"rendered":"<p>Vapaaehtoisten meripelastajien ei tarvitse olla superkuntoilijoita tai tarzaneita! T\u00e4ysin normaali kunto riitt\u00e4\u00e4. Lajimme on kuitenkin monella tavalla vaativa ja siit\u00e4 syyst\u00e4 jokaisen miehist\u00f6n j\u00e4senen t\u00e4ytyy huolehtia fyysisest\u00e4 ja psyykkisest\u00e4 jaksamisestaan. Liikkuminen ja elintavoista huolehtiminen pit\u00e4v\u00e4t suorituskyvyn kohdallaan vuosien vieriess\u00e4. Teht\u00e4viin l\u00e4hdet\u00e4\u00e4n usein v\u00e4hill\u00e4 unilla ja reissu voi ven\u00e4ht\u00e4\u00e4 pitk\u00e4ksi. Monet suoritteet pelastusteht\u00e4viss\u00e4 ja koulutustilanteissa vaativat [&hellip;]<\/p>\n","protected":false},"author":87,"featured_media":0,"parent":0,"menu_order":0,"comment_status":"closed","ping_status":"closed","template":"","meta":{"_acf_changed":false,"inline_featured_image":false,"footnotes":""},"class_list":["post-395","page","type-page","status-publish","hentry"],"acf":[],"yoast_head":"<!-- This site is optimized with the Yoast SEO Premium plugin v27.2 (Yoast SEO v27.2) - https:\/\/yoast.com\/product\/yoast-seo-premium-wordpress\/ -->\n<title>Kuntovaatimukset - Vaasan Meripelastusyhdistys<\/title>\n<meta name=\"robots\" content=\"index, follow, max-snippet:-1, max-image-preview:large, max-video-preview:-1\" \/>\n<link rel=\"canonical\" href=\"https:\/\/meripelastus.fi\/vaasa\/kuntovaatimukset\/\" \/>\n<meta property=\"og:locale\" content=\"fi_FI\" \/>\n<meta property=\"og:type\" content=\"article\" \/>\n<meta property=\"og:title\" content=\"Kuntovaatimukset\" \/>\n<meta property=\"og:description\" content=\"Vapaaehtoisten meripelastajien ei tarvitse olla superkuntoilijoita tai tarzaneita! T\u00e4ysin normaali kunto riitt\u00e4\u00e4. Lajimme on kuitenkin monella tavalla vaativa ja siit\u00e4 syyst\u00e4 jokaisen miehist\u00f6n j\u00e4senen t\u00e4ytyy huolehtia fyysisest\u00e4 ja psyykkisest\u00e4 jaksamisestaan. Liikkuminen ja elintavoista huolehtiminen pit\u00e4v\u00e4t suorituskyvyn kohdallaan vuosien vieriess\u00e4. Teht\u00e4viin l\u00e4hdet\u00e4\u00e4n usein v\u00e4hill\u00e4 unilla ja reissu voi ven\u00e4ht\u00e4\u00e4 pitk\u00e4ksi. Monet suoritteet pelastusteht\u00e4viss\u00e4 ja koulutustilanteissa vaativat [&hellip;]\" \/>\n<meta property=\"og:url\" content=\"https:\/\/meripelastus.fi\/vaasa\/kuntovaatimukset\/\" \/>\n<meta property=\"og:site_name\" content=\"Vaasan Meripelastusyhdistys\" \/>\n<meta property=\"article:modified_time\" content=\"2024-07-30T08:15:50+00:00\" \/>\n<meta property=\"og:image\" content=\"https:\/\/meripelastus.fi\/vaasa-vedos\/wp-content\/uploads\/sites\/33\/2021\/04\/miehisto_0-300x121.jpg\" \/>\n<meta name=\"twitter:card\" content=\"summary_large_image\" \/>\n<meta name=\"twitter:label1\" content=\"Arvioitu lukuaika\" \/>\n\t<meta name=\"twitter:data1\" content=\"3 minuuttia\" \/>\n<script type=\"application\/ld+json\" class=\"yoast-schema-graph\">{\"@context\":\"https:\/\/schema.org\",\"@graph\":[{\"@type\":\"WebPage\",\"@id\":\"https:\/\/meripelastus.fi\/vaasa\/kuntovaatimukset\/\",\"url\":\"https:\/\/meripelastus.fi\/vaasa\/kuntovaatimukset\/\",\"name\":\"Kuntovaatimukset - Vaasan Meripelastusyhdistys\",\"isPartOf\":{\"@id\":\"https:\/\/meripelastus.fi\/vaasa\/#website\"},\"primaryImageOfPage\":{\"@id\":\"https:\/\/meripelastus.fi\/vaasa\/kuntovaatimukset\/#primaryimage\"},\"image\":{\"@id\":\"https:\/\/meripelastus.fi\/vaasa\/kuntovaatimukset\/#primaryimage\"},\"thumbnailUrl\":\"https:\/\/meripelastus.fi\/vaasa-vedos\/wp-content\/uploads\/sites\/33\/2021\/04\/miehisto_0-300x121.jpg\",\"datePublished\":\"2021-04-30T17:33:34+00:00\",\"dateModified\":\"2024-07-30T08:15:50+00:00\",\"breadcrumb\":{\"@id\":\"https:\/\/meripelastus.fi\/vaasa\/kuntovaatimukset\/#breadcrumb\"},\"inLanguage\":\"fi\",\"potentialAction\":[{\"@type\":\"ReadAction\",\"target\":[\"https:\/\/meripelastus.fi\/vaasa\/kuntovaatimukset\/\"]}]},{\"@type\":\"ImageObject\",\"inLanguage\":\"fi\",\"@id\":\"https:\/\/meripelastus.fi\/vaasa\/kuntovaatimukset\/#primaryimage\",\"url\":\"https:\/\/meripelastus.fi\/vaasa-vedos\/wp-content\/uploads\/sites\/33\/2021\/04\/miehisto_0-300x121.jpg\",\"contentUrl\":\"https:\/\/meripelastus.fi\/vaasa-vedos\/wp-content\/uploads\/sites\/33\/2021\/04\/miehisto_0-300x121.jpg\"},{\"@type\":\"BreadcrumbList\",\"@id\":\"https:\/\/meripelastus.fi\/vaasa\/kuntovaatimukset\/#breadcrumb\",\"itemListElement\":[{\"@type\":\"ListItem\",\"position\":1,\"name\":\"Etusivu\",\"item\":\"https:\/\/meripelastus.fi\/vaasa\/\"},{\"@type\":\"ListItem\",\"position\":2,\"name\":\"Kuntovaatimukset\"}]},{\"@type\":\"WebSite\",\"@id\":\"https:\/\/meripelastus.fi\/vaasa\/#website\",\"url\":\"https:\/\/meripelastus.fi\/vaasa\/\",\"name\":\"Vaasan Meripelastusyhdistys\",\"description\":\"Vapaaehtoiset apunasi vesill\u00e4\",\"potentialAction\":[{\"@type\":\"SearchAction\",\"target\":{\"@type\":\"EntryPoint\",\"urlTemplate\":\"https:\/\/meripelastus.fi\/vaasa\/?s={search_term_string}\"},\"query-input\":{\"@type\":\"PropertyValueSpecification\",\"valueRequired\":true,\"valueName\":\"search_term_string\"}}],\"inLanguage\":\"fi\"}]}<\/script>\n<!-- \/ Yoast SEO Premium plugin. -->","yoast_head_json":{"title":"Kuntovaatimukset - Vaasan Meripelastusyhdistys","robots":{"index":"index","follow":"follow","max-snippet":"max-snippet:-1","max-image-preview":"max-image-preview:large","max-video-preview":"max-video-preview:-1"},"canonical":"https:\/\/meripelastus.fi\/vaasa\/kuntovaatimukset\/","og_locale":"fi_FI","og_type":"article","og_title":"Kuntovaatimukset","og_description":"Vapaaehtoisten meripelastajien ei tarvitse olla superkuntoilijoita tai tarzaneita! T\u00e4ysin normaali kunto riitt\u00e4\u00e4. Lajimme on kuitenkin monella tavalla vaativa ja siit\u00e4 syyst\u00e4 jokaisen miehist\u00f6n j\u00e4senen t\u00e4ytyy huolehtia fyysisest\u00e4 ja psyykkisest\u00e4 jaksamisestaan. Liikkuminen ja elintavoista huolehtiminen pit\u00e4v\u00e4t suorituskyvyn kohdallaan vuosien vieriess\u00e4. Teht\u00e4viin l\u00e4hdet\u00e4\u00e4n usein v\u00e4hill\u00e4 unilla ja reissu voi ven\u00e4ht\u00e4\u00e4 pitk\u00e4ksi. Monet suoritteet pelastusteht\u00e4viss\u00e4 ja koulutustilanteissa vaativat [&hellip;]","og_url":"https:\/\/meripelastus.fi\/vaasa\/kuntovaatimukset\/","og_site_name":"Vaasan Meripelastusyhdistys","article_modified_time":"2024-07-30T08:15:50+00:00","og_image":[{"url":"https:\/\/meripelastus.fi\/vaasa-vedos\/wp-content\/uploads\/sites\/33\/2021\/04\/miehisto_0-300x121.jpg","type":"","width":"","height":""}],"twitter_card":"summary_large_image","twitter_misc":{"Arvioitu lukuaika":"3 minuuttia"},"schema":{"@context":"https:\/\/schema.org","@graph":[{"@type":"WebPage","@id":"https:\/\/meripelastus.fi\/vaasa\/kuntovaatimukset\/","url":"https:\/\/meripelastus.fi\/vaasa\/kuntovaatimukset\/","name":"Kuntovaatimukset - Vaasan Meripelastusyhdistys","isPartOf":{"@id":"https:\/\/meripelastus.fi\/vaasa\/#website"},"primaryImageOfPage":{"@id":"https:\/\/meripelastus.fi\/vaasa\/kuntovaatimukset\/#primaryimage"},"image":{"@id":"https:\/\/meripelastus.fi\/vaasa\/kuntovaatimukset\/#primaryimage"},"thumbnailUrl":"https:\/\/meripelastus.fi\/vaasa-vedos\/wp-content\/uploads\/sites\/33\/2021\/04\/miehisto_0-300x121.jpg","datePublished":"2021-04-30T17:33:34+00:00","dateModified":"2024-07-30T08:15:50+00:00","breadcrumb":{"@id":"https:\/\/meripelastus.fi\/vaasa\/kuntovaatimukset\/#breadcrumb"},"inLanguage":"fi","potentialAction":[{"@type":"ReadAction","target":["https:\/\/meripelastus.fi\/vaasa\/kuntovaatimukset\/"]}]},{"@type":"ImageObject","inLanguage":"fi","@id":"https:\/\/meripelastus.fi\/vaasa\/kuntovaatimukset\/#primaryimage","url":"https:\/\/meripelastus.fi\/vaasa-vedos\/wp-content\/uploads\/sites\/33\/2021\/04\/miehisto_0-300x121.jpg","contentUrl":"https:\/\/meripelastus.fi\/vaasa-vedos\/wp-content\/uploads\/sites\/33\/2021\/04\/miehisto_0-300x121.jpg"},{"@type":"BreadcrumbList","@id":"https:\/\/meripelastus.fi\/vaasa\/kuntovaatimukset\/#breadcrumb","itemListElement":[{"@type":"ListItem","position":1,"name":"Etusivu","item":"https:\/\/meripelastus.fi\/vaasa\/"},{"@type":"ListItem","position":2,"name":"Kuntovaatimukset"}]},{"@type":"WebSite","@id":"https:\/\/meripelastus.fi\/vaasa\/#website","url":"https:\/\/meripelastus.fi\/vaasa\/","name":"Vaasan Meripelastusyhdistys","description":"Vapaaehtoiset apunasi vesill\u00e4","potentialAction":[{"@type":"SearchAction","target":{"@type":"EntryPoint","urlTemplate":"https:\/\/meripelastus.fi\/vaasa\/?s={search_term_string}"},"query-input":{"@type":"PropertyValueSpecification","valueRequired":true,"valueName":"search_term_string"}}],"inLanguage":"fi"}]}},"_links":{"self":[{"href":"https:\/\/meripelastus.fi\/vaasa\/wp-json\/wp\/v2\/pages\/395","targetHints":{"allow":["GET"]}}],"collection":[{"href":"https:\/\/meripelastus.fi\/vaasa\/wp-json\/wp\/v2\/pages"}],"about":[{"href":"https:\/\/meripelastus.fi\/vaasa\/wp-json\/wp\/v2\/types\/page"}],"author":[{"embeddable":true,"href":"https:\/\/meripelastus.fi\/vaasa\/wp-json\/wp\/v2\/users\/87"}],"replies":[{"embeddable":true,"href":"https:\/\/meripelastus.fi\/vaasa\/wp-json\/wp\/v2\/comments?post=395"}],"version-history":[{"count":4,"href":"https:\/\/meripelastus.fi\/vaasa\/wp-json\/wp\/v2\/pages\/395\/revisions"}],"predecessor-version":[{"id":735,"href":"https:\/\/meripelastus.fi\/vaasa\/wp-json\/wp\/v2\/pages\/395\/revisions\/735"}],"wp:attachment":[{"href":"https:\/\/meripelastus.fi\/vaasa\/wp-json\/wp\/v2\/media?parent=395"}],"curies":[{"name":"wp","href":"https:\/\/api.w.org\/{rel}","templated":true}]}}