{"id":380,"date":"2021-04-30T20:23:38","date_gmt":"2021-04-30T17:23:38","guid":{"rendered":"https:\/\/meripelastus.fi\/vaasa-vedos\/?page_id=380"},"modified":"2025-12-08T17:04:39","modified_gmt":"2025-12-08T15:04:39","slug":"koulutus","status":"publish","type":"page","link":"https:\/\/meripelastus.fi\/vaasa\/koulutus\/","title":{"rendered":"Koulutus"},"content":{"rendered":"<p><img loading=\"lazy\" decoding=\"async\" class=\"alignnone size-medium wp-image-385\" style=\"font-size: 1.1rem\" src=\"https:\/\/meripelastus.fi\/vaasa-vedos\/wp-content\/uploads\/sites\/33\/2021\/04\/pelastuslautta-300x200.jpg\" alt=\"\" width=\"300\" height=\"200\" srcset=\"https:\/\/meripelastus.fi\/vaasa\/wp-content\/uploads\/sites\/33\/2021\/04\/pelastuslautta-300x200.jpg 300w, https:\/\/meripelastus.fi\/vaasa\/wp-content\/uploads\/sites\/33\/2021\/04\/pelastuslautta-1024x683.jpg 1024w, https:\/\/meripelastus.fi\/vaasa\/wp-content\/uploads\/sites\/33\/2021\/04\/pelastuslautta-768x512.jpg 768w, https:\/\/meripelastus.fi\/vaasa\/wp-content\/uploads\/sites\/33\/2021\/04\/pelastuslautta-1536x1024.jpg 1536w, https:\/\/meripelastus.fi\/vaasa\/wp-content\/uploads\/sites\/33\/2021\/04\/pelastuslautta.jpg 1984w\" sizes=\"auto, (max-width: 300px) 100vw, 300px\" \/><\/p>\n<p>Vapaaehtoiset meripelastajat koulutetaan perusteellisesti, jotta toimintamme olisi tehokasta ja turvallista. Koulutuksemme perustuu Suomen Meripelastusseuran ja viranomaisten vaatimuksiin. Jokainen miehist\u00f6n j\u00e4sen osallistuu s\u00e4\u00e4nn\u00f6llisesti pelastustoiminnan harjoitteluun. Meripelastus on uskomattoman monipuolinen laji, joka tarjoaa haasteita ja kokemuksia vuosikausiksi. Oman aseman miehist\u00f6n lis\u00e4ksi t\u00e4ss\u00e4 harrastuksessa p\u00e4\u00e4see osaksi isoa vapaaehtoisten meripelastajien joukkoa l\u00e4pi Suomen, kansainv\u00e4lisist\u00e4 yhteyksist\u00e4 puhumattakaan.<\/p>\n<p><strong style=\"font-size: 1.1rem\">Vaasan Meripelastusyhdistyksen tulokaskursseille hakeudutaan vuosittain syksyll\u00e4 j\u00e4rjestett\u00e4v\u00e4n\u00e4 rekrytointi-iltana. Seuraava rekrytointi-ilta j\u00e4rjestet\u00e4\u00e4n syksyll\u00e4 2026 Kutterisatamassa.\u00a0<\/strong><\/p>\n<p><img loading=\"lazy\" decoding=\"async\" class=\"alignnone size-medium wp-image-383\" src=\"https:\/\/meripelastus.fi\/vaasa-vedos\/wp-content\/uploads\/sites\/33\/2021\/04\/kutterisatama_kartta_2-300x195.jpg\" alt=\"\" width=\"300\" height=\"195\" srcset=\"https:\/\/meripelastus.fi\/vaasa\/wp-content\/uploads\/sites\/33\/2021\/04\/kutterisatama_kartta_2-300x195.jpg 300w, https:\/\/meripelastus.fi\/vaasa\/wp-content\/uploads\/sites\/33\/2021\/04\/kutterisatama_kartta_2-768x499.jpg 768w, https:\/\/meripelastus.fi\/vaasa\/wp-content\/uploads\/sites\/33\/2021\/04\/kutterisatama_kartta_2.jpg 886w\" sizes=\"auto, (max-width: 300px) 100vw, 300px\" \/><\/p>\n<p>Lis\u00e4tietoja voi my\u00f6s kysy\u00e4 yhdistyksen koulutusvastaavalta Akseli Nousiaiselta (<span style=\"font-size: revert\">050 520 7006 \/ <\/span><span class=\"s1\">akkimatias@gmail.com)<\/span><\/p>\n<p><strong><em>Vuosittain syksyll\u00e4 j\u00e4rjestett\u00e4v\u00e4n\u00e4 rekrytointi-iltana\u00a0<\/em><\/strong>kerrotaan lis\u00e4\u00e4 toiminnasta vapaaehtoisena meripelastajana ja muissa tukiteht\u00e4viss\u00e4. Noin tunnin kest\u00e4v\u00e4n tietoiskun j\u00e4lkeen halukkaat voivat jatkaa tulokashaastatteluun ja lyhyeen fyysist\u00e4 kuntoa mittaavaan toimintakykyn\u00e4ytt\u00f6\u00f6n. Kummatkin j\u00e4rjestet\u00e4\u00e4n saman illan aikana Kutterisatamassa. Varustukseksi riitt\u00e4v\u00e4t s\u00e4\u00e4nmukaiset ulkoiluvaatteet. Toimintakykyn\u00e4ytt\u00f6\u00e4 ei tarvitse ollenkaan j\u00e4nnitt\u00e4\u00e4. Siihen kuluu suoritteita, joissa p\u00e4rj\u00e4\u00e4 t\u00e4ysin normaalilla fyysisell\u00e4 kunnolla. Varaa riitt\u00e4v\u00e4sti aikaa rekryillan ajaksi, haastatteluihin mahtuu kerrallaan yksi henkil\u00f6 ja muut joutuvat odottelemaan kahvikupin kanssa.<\/p>\n<p><strong><em>P\u00e4\u00e4syvaatimuksena\u00a0<\/em><\/strong>merell\u00e4 liikkuvan pelastusmiehist\u00f6n toimintaan Meripelastusseuran Vaasan asemalla ovat normaali fyysinen ja psyykkinen kunto, normaali terveys, riitt\u00e4v\u00e4 uimataito (200 m kuudessa minuutissa omalla uintityylill\u00e4 uimahalliolosuhteissa), noin 17-45 vuoden ik\u00e4, vastuullinen asenne, vakiintuneena asuinpaikkana Vaasan seutu sek\u00e4 el\u00e4m\u00e4ntilanne, joka mahdollistaa harrastuksen. Yksik\u00f6n k\u00e4ytt\u00f6kieli on suomi, mutta useamman kielen taitaminen on enemm\u00e4n kuin eduksi teht\u00e4viss\u00e4mme. Aiempi kokemus vesill\u00e4liikkumisesta on eduksi, mutta ei miss\u00e4\u00e4n tapauksessa ole v\u00e4ltt\u00e4m\u00e4t\u00f6nt\u00e4.\u00a0<a href=\"http:\/\/vaasa.meripelastus.fi\/kuntovaatimukset\">(lis\u00e4tietoa kuntovaatimuksista)<\/a><\/p>\n<p><img loading=\"lazy\" decoding=\"async\" class=\"alignnone size-medium wp-image-391\" style=\"font-size: 1.1rem\" src=\"https:\/\/meripelastus.fi\/vaasa-vedos\/wp-content\/uploads\/sites\/33\/2021\/04\/tulokaskoe_0-300x200.jpg\" alt=\"\" width=\"300\" height=\"200\" srcset=\"https:\/\/meripelastus.fi\/vaasa\/wp-content\/uploads\/sites\/33\/2021\/04\/tulokaskoe_0-300x200.jpg 300w, https:\/\/meripelastus.fi\/vaasa\/wp-content\/uploads\/sites\/33\/2021\/04\/tulokaskoe_0-1024x682.jpg 1024w, https:\/\/meripelastus.fi\/vaasa\/wp-content\/uploads\/sites\/33\/2021\/04\/tulokaskoe_0-768x512.jpg 768w, https:\/\/meripelastus.fi\/vaasa\/wp-content\/uploads\/sites\/33\/2021\/04\/tulokaskoe_0.jpg 1181w\" sizes=\"auto, (max-width: 300px) 100vw, 300px\" \/><\/p>\n<p><strong><em>Tulokashaastattelussa<\/em><\/strong> tutustutaan tarkemmin toimintaan hakeutuvaan henkil\u00f6\u00f6n. Sairaanhoitajan kanssa k\u00e4yd\u00e4\u00e4n l\u00e4pi luottamuksellisesti terveydentilaan liittyv\u00e4t asiat Suomen Meripelastusseuran s\u00e4\u00e4nt\u00f6jen mukaisesti. T\u00e4m\u00e4n j\u00e4lkeen seuraa kouluttajan haastattelu, jossa on mahdollisuus viel\u00e4 tarkentaa tietojaan. Kouluttaja muodostaa yhdess\u00e4 haastateltavan kanssa k\u00e4sityksen, onko vapaaehtoinen meripelastusty\u00f6 h\u00e4nelle todenn\u00e4k\u00f6isesti soveltuva harrastus. Haastattelujen j\u00e4lkeen alkaa lyhyt toimintakykyn\u00e4ytt\u00f6, jossa testataan fyysinen suorituskyky. Kokeeseen sis\u00e4ltyv\u00e4t osuudet eiv\u00e4t ole erityisen vaativia, niist\u00e4 selviytyy t\u00e4ysin normaalilla fyysisell\u00e4 kunnolla. Toimintakykyn\u00e4ytt\u00f6\u00f6n sis\u00e4ltyy lyhyt uintiosuus pelastautumispuvussa, taakan siirto, k\u00f6ydenveto ja motoriikkakoe. Haastatteluillan perusteella valitaan aloittava tulokasryhm\u00e4. Ennen ensimm\u00e4ist\u00e4 koulutuskertaa suoritetaan uintikoe Vaasan uimahallissa, jonka j\u00e4lkeen tulokaskurssin henkil\u00f6valinnat voidaan vahvistaa.<\/p>\n<p><img loading=\"lazy\" decoding=\"async\" class=\"alignnone size-medium wp-image-387\" style=\"font-size: 1.1rem\" src=\"https:\/\/meripelastus.fi\/vaasa-vedos\/wp-content\/uploads\/sites\/33\/2021\/04\/ryhma-300x131.jpg\" alt=\"\" width=\"300\" height=\"131\" srcset=\"https:\/\/meripelastus.fi\/vaasa\/wp-content\/uploads\/sites\/33\/2021\/04\/ryhma-300x131.jpg 300w, https:\/\/meripelastus.fi\/vaasa\/wp-content\/uploads\/sites\/33\/2021\/04\/ryhma-1024x447.jpg 1024w, https:\/\/meripelastus.fi\/vaasa\/wp-content\/uploads\/sites\/33\/2021\/04\/ryhma-768x336.jpg 768w, https:\/\/meripelastus.fi\/vaasa\/wp-content\/uploads\/sites\/33\/2021\/04\/ryhma.jpg 1181w\" sizes=\"auto, (max-width: 300px) 100vw, 300px\" \/><\/p>\n<p><strong><em>Tulokaskoulutuksessa<\/em><\/strong>\u00a0annetaan perusvalmiudet aluksen miehist\u00f6ss\u00e4 toimimiseen. Noin kaksi ja puoli kuukautta kest\u00e4v\u00e4n jakson aikana k\u00e4yd\u00e4\u00e4n l\u00e4pi meripelastusj\u00e4rjestelm\u00e4, yksik\u00f6n perustoiminnot ja turvallisuuss\u00e4\u00e4nn\u00f6t, henkil\u00f6kohtainen pelastautuminen, merimiestaitoja, perusmeripelastustaitoja, palontorjuntaa, viestiliikennett\u00e4 sek\u00e4 ensiapua. Koulutuksen puoliv\u00e4lin j\u00e4lkeen valitaan partiomiehist\u00f6\u00f6n harjoittelijoiksi soveltuvat henkil\u00f6t. Sama ryhm\u00e4 aloittaa my\u00f6s p\u00e4ivyst\u00e4misen.<\/p>\n<p><img loading=\"lazy\" decoding=\"async\" class=\"alignnone size-medium wp-image-389\" src=\"https:\/\/meripelastus.fi\/vaasa-vedos\/wp-content\/uploads\/sites\/33\/2021\/04\/tankilla-300x200.jpg\" alt=\"\" width=\"300\" height=\"200\" srcset=\"https:\/\/meripelastus.fi\/vaasa\/wp-content\/uploads\/sites\/33\/2021\/04\/tankilla-300x200.jpg 300w, https:\/\/meripelastus.fi\/vaasa\/wp-content\/uploads\/sites\/33\/2021\/04\/tankilla-1024x683.jpg 1024w, https:\/\/meripelastus.fi\/vaasa\/wp-content\/uploads\/sites\/33\/2021\/04\/tankilla-768x512.jpg 768w, https:\/\/meripelastus.fi\/vaasa\/wp-content\/uploads\/sites\/33\/2021\/04\/tankilla.jpg 1417w\" sizes=\"auto, (max-width: 300px) 100vw, 300px\" \/><\/p>\n<p><strong><em>Kansimieskoulutus\u00a0<\/em><\/strong>kest\u00e4\u00e4 yhdest\u00e4 kahteen vuotta. Koulutus antaa valmiudet meripelastusaluksen miehist\u00f6ss\u00e4 toimimiseen itsen\u00e4isiss\u00e4 teht\u00e4viss\u00e4. Jakson aikana perehdyt\u00e4\u00e4n laajasti meripelastusteht\u00e4vien hoitamiseen. Kansimies kykenee huolehtimaan kansitoiminnoista, ruorinpidosta, apuveneen k\u00e4sittelyst\u00e4 sek\u00e4 rajoitetusti viestiliikenteest\u00e4 ja navigoinnista.<\/p>\n<p><strong><em>Per\u00e4mieskoulutuksessa<\/em><\/strong>\u00a0perehdyt\u00e4\u00e4n aluksen toimintaan kokonaisuutena. Merenkulkuun ja ohjaamoty\u00f6skentelyyn annetaan runsaasti opetusta. Vaiheen j\u00e4lkeen koulutettava onkin harjaantunut aluksen ohjailuryhm\u00e4ss\u00e4 ty\u00f6skentelyss\u00e4. Koulutusvaiheen kesto vaihtelee kahdesta kolmeen vuoteen.<\/p>\n<p><img loading=\"lazy\" decoding=\"async\" class=\"alignnone size-medium wp-image-381\" style=\"font-size: 1.1rem\" src=\"https:\/\/meripelastus.fi\/vaasa-vedos\/wp-content\/uploads\/sites\/33\/2021\/04\/koulutuswr_0-300x200.jpg\" alt=\"\" width=\"300\" height=\"200\" srcset=\"https:\/\/meripelastus.fi\/vaasa\/wp-content\/uploads\/sites\/33\/2021\/04\/koulutuswr_0-300x200.jpg 300w, https:\/\/meripelastus.fi\/vaasa\/wp-content\/uploads\/sites\/33\/2021\/04\/koulutuswr_0-1024x682.jpg 1024w, https:\/\/meripelastus.fi\/vaasa\/wp-content\/uploads\/sites\/33\/2021\/04\/koulutuswr_0-768x512.jpg 768w, https:\/\/meripelastus.fi\/vaasa\/wp-content\/uploads\/sites\/33\/2021\/04\/koulutuswr_0.jpg 1181w\" sizes=\"auto, (max-width: 300px) 100vw, 300px\" \/><\/p>\n<p><strong><em>P\u00e4\u00e4llikk\u00f6koulutuksessa<\/em><\/strong>\u00a0olevalle annetaan valmiudet aluksen toiminnasta vastaamiseen.\u00a0P\u00e4\u00e4llik\u00f6n tulee hallita kaikki perustoiminnot.<\/p>\n<p>Vapaaehtoinen meripelastusty\u00f6 harrastuksena on erinomainen vastapaino ty\u00f6el\u00e4m\u00e4lle. Meri on meri vapaaehtoisellekin ja siit\u00e4 syyst\u00e4 miehist\u00f6t koulutetaan huolella &#8211; jo oman turvallisuutensakin vuoksi. Jotta kovissakin s\u00e4\u00e4olosuhteissa voitaisiin auttaa muita vesill\u00e4liikkujia, tulee miehist\u00f6jen ja kaluston olla huippukunnossa. Vapaaehtoisesta meripelastusty\u00f6st\u00e4 voit lukea lis\u00e4\u00e4 my\u00f6s Suomen Meripelastusseuran verkkosivuilta\u00a0<a href=\"http:\/\/www.meripelastus.fi\/\">www.meripelastus.fi<\/a><\/p>\n","protected":false},"excerpt":{"rendered":"<p>Vapaaehtoiset meripelastajat koulutetaan perusteellisesti, jotta toimintamme olisi tehokasta ja turvallista. Koulutuksemme perustuu Suomen Meripelastusseuran ja viranomaisten vaatimuksiin. Jokainen miehist\u00f6n j\u00e4sen osallistuu s\u00e4\u00e4nn\u00f6llisesti pelastustoiminnan harjoitteluun. Meripelastus on uskomattoman monipuolinen laji, joka tarjoaa haasteita ja kokemuksia vuosikausiksi. Oman aseman miehist\u00f6n lis\u00e4ksi t\u00e4ss\u00e4 harrastuksessa p\u00e4\u00e4see osaksi isoa vapaaehtoisten meripelastajien joukkoa l\u00e4pi Suomen, kansainv\u00e4lisist\u00e4 yhteyksist\u00e4 puhumattakaan. Vaasan Meripelastusyhdistyksen tulokaskursseille [&hellip;]<\/p>\n","protected":false},"author":87,"featured_media":0,"parent":0,"menu_order":0,"comment_status":"closed","ping_status":"closed","template":"","meta":{"_acf_changed":false,"inline_featured_image":false,"footnotes":""},"class_list":["post-380","page","type-page","status-publish","hentry"],"acf":[],"yoast_head":"<!-- This site is optimized with the Yoast SEO Premium plugin v27.2 (Yoast SEO v27.2) - https:\/\/yoast.com\/product\/yoast-seo-premium-wordpress\/ -->\n<title>Koulutus - Vaasan Meripelastusyhdistys<\/title>\n<meta name=\"robots\" content=\"index, follow, max-snippet:-1, max-image-preview:large, max-video-preview:-1\" \/>\n<link rel=\"canonical\" href=\"https:\/\/meripelastus.fi\/vaasa\/koulutus\/\" \/>\n<meta property=\"og:locale\" content=\"fi_FI\" \/>\n<meta property=\"og:type\" content=\"article\" \/>\n<meta property=\"og:title\" content=\"Koulutus\" \/>\n<meta property=\"og:description\" content=\"Vapaaehtoiset meripelastajat koulutetaan perusteellisesti, jotta toimintamme olisi tehokasta ja turvallista. Koulutuksemme perustuu Suomen Meripelastusseuran ja viranomaisten vaatimuksiin. Jokainen miehist\u00f6n j\u00e4sen osallistuu s\u00e4\u00e4nn\u00f6llisesti pelastustoiminnan harjoitteluun. Meripelastus on uskomattoman monipuolinen laji, joka tarjoaa haasteita ja kokemuksia vuosikausiksi. Oman aseman miehist\u00f6n lis\u00e4ksi t\u00e4ss\u00e4 harrastuksessa p\u00e4\u00e4see osaksi isoa vapaaehtoisten meripelastajien joukkoa l\u00e4pi Suomen, kansainv\u00e4lisist\u00e4 yhteyksist\u00e4 puhumattakaan. Vaasan Meripelastusyhdistyksen tulokaskursseille [&hellip;]\" \/>\n<meta property=\"og:url\" content=\"https:\/\/meripelastus.fi\/vaasa\/koulutus\/\" \/>\n<meta property=\"og:site_name\" content=\"Vaasan Meripelastusyhdistys\" \/>\n<meta property=\"article:modified_time\" content=\"2025-12-08T15:04:39+00:00\" \/>\n<meta property=\"og:image\" content=\"https:\/\/meripelastus.fi\/vaasa\/wp-content\/uploads\/sites\/33\/2021\/04\/pelastuslautta.jpg\" \/>\n\t<meta property=\"og:image:width\" content=\"1984\" \/>\n\t<meta property=\"og:image:height\" content=\"1323\" \/>\n\t<meta property=\"og:image:type\" content=\"image\/jpeg\" \/>\n<meta name=\"twitter:card\" content=\"summary_large_image\" \/>\n<meta name=\"twitter:label1\" content=\"Arvioitu lukuaika\" \/>\n\t<meta name=\"twitter:data1\" content=\"5 minuuttia\" \/>\n<script type=\"application\/ld+json\" class=\"yoast-schema-graph\">{\"@context\":\"https:\/\/schema.org\",\"@graph\":[{\"@type\":\"WebPage\",\"@id\":\"https:\/\/meripelastus.fi\/vaasa\/koulutus\/\",\"url\":\"https:\/\/meripelastus.fi\/vaasa\/koulutus\/\",\"name\":\"Koulutus - Vaasan Meripelastusyhdistys\",\"isPartOf\":{\"@id\":\"https:\/\/meripelastus.fi\/vaasa\/#website\"},\"primaryImageOfPage\":{\"@id\":\"https:\/\/meripelastus.fi\/vaasa\/koulutus\/#primaryimage\"},\"image\":{\"@id\":\"https:\/\/meripelastus.fi\/vaasa\/koulutus\/#primaryimage\"},\"thumbnailUrl\":\"https:\/\/meripelastus.fi\/vaasa-vedos\/wp-content\/uploads\/sites\/33\/2021\/04\/pelastuslautta-300x200.jpg\",\"datePublished\":\"2021-04-30T17:23:38+00:00\",\"dateModified\":\"2025-12-08T15:04:39+00:00\",\"breadcrumb\":{\"@id\":\"https:\/\/meripelastus.fi\/vaasa\/koulutus\/#breadcrumb\"},\"inLanguage\":\"fi\",\"potentialAction\":[{\"@type\":\"ReadAction\",\"target\":[\"https:\/\/meripelastus.fi\/vaasa\/koulutus\/\"]}]},{\"@type\":\"ImageObject\",\"inLanguage\":\"fi\",\"@id\":\"https:\/\/meripelastus.fi\/vaasa\/koulutus\/#primaryimage\",\"url\":\"https:\/\/meripelastus.fi\/vaasa-vedos\/wp-content\/uploads\/sites\/33\/2021\/04\/pelastuslautta-300x200.jpg\",\"contentUrl\":\"https:\/\/meripelastus.fi\/vaasa-vedos\/wp-content\/uploads\/sites\/33\/2021\/04\/pelastuslautta-300x200.jpg\"},{\"@type\":\"BreadcrumbList\",\"@id\":\"https:\/\/meripelastus.fi\/vaasa\/koulutus\/#breadcrumb\",\"itemListElement\":[{\"@type\":\"ListItem\",\"position\":1,\"name\":\"Etusivu\",\"item\":\"https:\/\/meripelastus.fi\/vaasa\/\"},{\"@type\":\"ListItem\",\"position\":2,\"name\":\"Koulutus\"}]},{\"@type\":\"WebSite\",\"@id\":\"https:\/\/meripelastus.fi\/vaasa\/#website\",\"url\":\"https:\/\/meripelastus.fi\/vaasa\/\",\"name\":\"Vaasan Meripelastusyhdistys\",\"description\":\"Vapaaehtoiset apunasi vesill\u00e4\",\"potentialAction\":[{\"@type\":\"SearchAction\",\"target\":{\"@type\":\"EntryPoint\",\"urlTemplate\":\"https:\/\/meripelastus.fi\/vaasa\/?s={search_term_string}\"},\"query-input\":{\"@type\":\"PropertyValueSpecification\",\"valueRequired\":true,\"valueName\":\"search_term_string\"}}],\"inLanguage\":\"fi\"}]}<\/script>\n<!-- \/ Yoast SEO Premium plugin. -->","yoast_head_json":{"title":"Koulutus - Vaasan Meripelastusyhdistys","robots":{"index":"index","follow":"follow","max-snippet":"max-snippet:-1","max-image-preview":"max-image-preview:large","max-video-preview":"max-video-preview:-1"},"canonical":"https:\/\/meripelastus.fi\/vaasa\/koulutus\/","og_locale":"fi_FI","og_type":"article","og_title":"Koulutus","og_description":"Vapaaehtoiset meripelastajat koulutetaan perusteellisesti, jotta toimintamme olisi tehokasta ja turvallista. Koulutuksemme perustuu Suomen Meripelastusseuran ja viranomaisten vaatimuksiin. Jokainen miehist\u00f6n j\u00e4sen osallistuu s\u00e4\u00e4nn\u00f6llisesti pelastustoiminnan harjoitteluun. Meripelastus on uskomattoman monipuolinen laji, joka tarjoaa haasteita ja kokemuksia vuosikausiksi. Oman aseman miehist\u00f6n lis\u00e4ksi t\u00e4ss\u00e4 harrastuksessa p\u00e4\u00e4see osaksi isoa vapaaehtoisten meripelastajien joukkoa l\u00e4pi Suomen, kansainv\u00e4lisist\u00e4 yhteyksist\u00e4 puhumattakaan. Vaasan Meripelastusyhdistyksen tulokaskursseille [&hellip;]","og_url":"https:\/\/meripelastus.fi\/vaasa\/koulutus\/","og_site_name":"Vaasan Meripelastusyhdistys","article_modified_time":"2025-12-08T15:04:39+00:00","og_image":[{"width":1984,"height":1323,"url":"https:\/\/meripelastus.fi\/vaasa\/wp-content\/uploads\/sites\/33\/2021\/04\/pelastuslautta.jpg","type":"image\/jpeg"}],"twitter_card":"summary_large_image","twitter_misc":{"Arvioitu lukuaika":"5 minuuttia"},"schema":{"@context":"https:\/\/schema.org","@graph":[{"@type":"WebPage","@id":"https:\/\/meripelastus.fi\/vaasa\/koulutus\/","url":"https:\/\/meripelastus.fi\/vaasa\/koulutus\/","name":"Koulutus - Vaasan Meripelastusyhdistys","isPartOf":{"@id":"https:\/\/meripelastus.fi\/vaasa\/#website"},"primaryImageOfPage":{"@id":"https:\/\/meripelastus.fi\/vaasa\/koulutus\/#primaryimage"},"image":{"@id":"https:\/\/meripelastus.fi\/vaasa\/koulutus\/#primaryimage"},"thumbnailUrl":"https:\/\/meripelastus.fi\/vaasa-vedos\/wp-content\/uploads\/sites\/33\/2021\/04\/pelastuslautta-300x200.jpg","datePublished":"2021-04-30T17:23:38+00:00","dateModified":"2025-12-08T15:04:39+00:00","breadcrumb":{"@id":"https:\/\/meripelastus.fi\/vaasa\/koulutus\/#breadcrumb"},"inLanguage":"fi","potentialAction":[{"@type":"ReadAction","target":["https:\/\/meripelastus.fi\/vaasa\/koulutus\/"]}]},{"@type":"ImageObject","inLanguage":"fi","@id":"https:\/\/meripelastus.fi\/vaasa\/koulutus\/#primaryimage","url":"https:\/\/meripelastus.fi\/vaasa-vedos\/wp-content\/uploads\/sites\/33\/2021\/04\/pelastuslautta-300x200.jpg","contentUrl":"https:\/\/meripelastus.fi\/vaasa-vedos\/wp-content\/uploads\/sites\/33\/2021\/04\/pelastuslautta-300x200.jpg"},{"@type":"BreadcrumbList","@id":"https:\/\/meripelastus.fi\/vaasa\/koulutus\/#breadcrumb","itemListElement":[{"@type":"ListItem","position":1,"name":"Etusivu","item":"https:\/\/meripelastus.fi\/vaasa\/"},{"@type":"ListItem","position":2,"name":"Koulutus"}]},{"@type":"WebSite","@id":"https:\/\/meripelastus.fi\/vaasa\/#website","url":"https:\/\/meripelastus.fi\/vaasa\/","name":"Vaasan Meripelastusyhdistys","description":"Vapaaehtoiset apunasi vesill\u00e4","potentialAction":[{"@type":"SearchAction","target":{"@type":"EntryPoint","urlTemplate":"https:\/\/meripelastus.fi\/vaasa\/?s={search_term_string}"},"query-input":{"@type":"PropertyValueSpecification","valueRequired":true,"valueName":"search_term_string"}}],"inLanguage":"fi"}]}},"_links":{"self":[{"href":"https:\/\/meripelastus.fi\/vaasa\/wp-json\/wp\/v2\/pages\/380","targetHints":{"allow":["GET"]}}],"collection":[{"href":"https:\/\/meripelastus.fi\/vaasa\/wp-json\/wp\/v2\/pages"}],"about":[{"href":"https:\/\/meripelastus.fi\/vaasa\/wp-json\/wp\/v2\/types\/page"}],"author":[{"embeddable":true,"href":"https:\/\/meripelastus.fi\/vaasa\/wp-json\/wp\/v2\/users\/87"}],"replies":[{"embeddable":true,"href":"https:\/\/meripelastus.fi\/vaasa\/wp-json\/wp\/v2\/comments?post=380"}],"version-history":[{"count":23,"href":"https:\/\/meripelastus.fi\/vaasa\/wp-json\/wp\/v2\/pages\/380\/revisions"}],"predecessor-version":[{"id":800,"href":"https:\/\/meripelastus.fi\/vaasa\/wp-json\/wp\/v2\/pages\/380\/revisions\/800"}],"wp:attachment":[{"href":"https:\/\/meripelastus.fi\/vaasa\/wp-json\/wp\/v2\/media?parent=380"}],"curies":[{"name":"wp","href":"https:\/\/api.w.org\/{rel}","templated":true}]}}