{"id":38,"date":"2018-03-19T09:20:36","date_gmt":"2018-03-19T07:20:36","guid":{"rendered":"http:\/\/basetemplate.smpsyhdistykset.16.testivedos.com\/?page_id=38"},"modified":"2021-04-30T19:46:59","modified_gmt":"2021-04-30T16:46:59","slug":"tilaa-uutiskirje","status":"publish","type":"page","link":"https:\/\/meripelastus.fi\/vaasa\/toiminta\/tilaa-uutiskirje\/","title":{"rendered":"Meripelastusaseman toiminta"},"content":{"rendered":"<p><img loading=\"lazy\" decoding=\"async\" class=\"alignnone wp-image-344\" src=\"https:\/\/meripelastus.fi\/vaasa-vedos\/wp-content\/uploads\/sites\/33\/2021\/04\/avauskuva_2-300x196.jpg\" alt=\"\" width=\"680\" height=\"444\" srcset=\"https:\/\/meripelastus.fi\/vaasa\/wp-content\/uploads\/sites\/33\/2021\/04\/avauskuva_2-300x196.jpg 300w, https:\/\/meripelastus.fi\/vaasa\/wp-content\/uploads\/sites\/33\/2021\/04\/avauskuva_2-1024x669.jpg 1024w, https:\/\/meripelastus.fi\/vaasa\/wp-content\/uploads\/sites\/33\/2021\/04\/avauskuva_2-768x501.jpg 768w, https:\/\/meripelastus.fi\/vaasa\/wp-content\/uploads\/sites\/33\/2021\/04\/avauskuva_2.jpg 1181w\" sizes=\"auto, (max-width: 680px) 100vw, 680px\" \/><\/p>\n<p>Meripelastusseuran asemat huolehtivat viranomaisten tukena pelastustoiminnasta omilla alueillaan. \u00a0Pelastusmiehist\u00f6mme antavat vapaaehtoisesti panoksensa muiden merell\u00e4liikkujien eteen kovissakin olosuhteissa. Toimintamme perustuu luottamukseen &#8211; luotamme toisiimme ja meihin luotetaan.<\/p>\n<p>Miehist\u00f6n j\u00e4senet oppivat koulutuksessa tuntemaan toisensa ja ty\u00f6skentelem\u00e4\u00e4n yhdess\u00e4. Paljon tehd\u00e4\u00e4n huumorilla, mutta tositilanteessa toimitaan kurinalaisesti. Yhteiset kokemukset luovat yhteishenke\u00e4.<\/p>\n<p>&nbsp;<\/p>\n<p><img loading=\"lazy\" decoding=\"async\" class=\"alignnone wp-image-349\" src=\"https:\/\/meripelastus.fi\/vaasa-vedos\/wp-content\/uploads\/sites\/33\/2021\/04\/uinti-300x213.jpg\" alt=\"\" width=\"680\" height=\"484\" srcset=\"https:\/\/meripelastus.fi\/vaasa\/wp-content\/uploads\/sites\/33\/2021\/04\/uinti-300x213.jpg 300w, https:\/\/meripelastus.fi\/vaasa\/wp-content\/uploads\/sites\/33\/2021\/04\/uinti-1024x728.jpg 1024w, https:\/\/meripelastus.fi\/vaasa\/wp-content\/uploads\/sites\/33\/2021\/04\/uinti-768x546.jpg 768w, https:\/\/meripelastus.fi\/vaasa\/wp-content\/uploads\/sites\/33\/2021\/04\/uinti.jpg 1417w\" sizes=\"auto, (max-width: 680px) 100vw, 680px\" \/><\/p>\n<p>&nbsp;<\/p>\n<p><span>Miehist\u00f6\u00f6mme kuuluu ihmisi\u00e4 eri aloilta. Vapaaehtoisen meripelastajan arki rytmittyy osin pelastustoiminnan ehdoilla, mutta\u00a0ei mitenk\u00e4\u00e4n est\u00e4 normaalia perhe- ja ty\u00f6el\u00e4m\u00e4\u00e4.\u00a0Joistain ty\u00f6paikoista on mahdollista l\u00e4hte\u00e4 virka-aikana h\u00e4lytysteht\u00e4viin, jotkut p\u00e4ivyst\u00e4v\u00e4t t\u00f6idens\u00e4 vuoksi vain iltaisin. H\u00e4lytysmiehist\u00f6\u00f6n p\u00e4\u00e4dyt\u00e4\u00e4n perusteellisen koulutuksen j\u00e4lkeen. Kouluttautuminen ei p\u00e4\u00e4ty koskaan &#8211; teht\u00e4v\u00e4t miehist\u00f6ss\u00e4 muuttuvat, kun kokemusta karttuu. <\/span><\/p>\n<p><span>Pelastusmiehist\u00f6 kouluttautuu kerran viikossa arki-iltana. Partioviikonloppu osuu kohdalle keskim\u00e4\u00e4rin kerran kuukaudessa. Viikonloppuisin yksikk\u00f6 liikkuu Merenkurkussa ja tukeutuu saaristotukikohtaansa Raippaluodossa. Kutterisatamassa sijaitsevaa asemaa k\u00e4ytet\u00e4\u00e4n p\u00e4ivitt\u00e4in koulutuksiin, yll\u00e4pitot\u00f6ihin ja tukitoimintoihin.<\/span><\/p>\n<p>&nbsp;<\/p>\n<p><img loading=\"lazy\" decoding=\"async\" class=\"alignnone wp-image-346\" src=\"https:\/\/meripelastus.fi\/vaasa-vedos\/wp-content\/uploads\/sites\/33\/2021\/04\/service_0-300x200.jpg\" alt=\"\" width=\"680\" height=\"453\" srcset=\"https:\/\/meripelastus.fi\/vaasa\/wp-content\/uploads\/sites\/33\/2021\/04\/service_0-300x200.jpg 300w, https:\/\/meripelastus.fi\/vaasa\/wp-content\/uploads\/sites\/33\/2021\/04\/service_0-1024x682.jpg 1024w, https:\/\/meripelastus.fi\/vaasa\/wp-content\/uploads\/sites\/33\/2021\/04\/service_0-768x512.jpg 768w, https:\/\/meripelastus.fi\/vaasa\/wp-content\/uploads\/sites\/33\/2021\/04\/service_0.jpg 1181w\" sizes=\"auto, (max-width: 680px) 100vw, 680px\" \/><\/p>\n<p><span>Pelastustoiminnassa huolehditaan tarkoin kalustosta, sill\u00e4 se ei saa pett\u00e4\u00e4 teht\u00e4viss\u00e4.\u00a0Vahvuuteemme etsit\u00e4\u00e4n jatkuvasti henkil\u00f6it\u00e4, jotka ovat kiinnostuneita teknisest\u00e4 toimintaymp\u00e4rist\u00f6st\u00e4. Varusteiden yll\u00e4pito ja tekninen\u00a0kehitt\u00e4minen on\u00a0t\u00e4ysiverist\u00e4 meripelastusty\u00f6t\u00e4, jota ilman emme voi tehd\u00e4 ty\u00f6t\u00e4mme merell\u00e4. <\/span><\/p>\n<p><span>Tekniikkaryhm\u00e4 huolehtii aluksistamme sek\u00e4 varusteista.\u00a0Rikkoutuneet v\u00e4lineet korjataan mahdollisimman nopeasti. Jokainen pelastusmiehist\u00f6n j\u00e4sen on vastuussa varusteiden kunnosta ja n\u00e4it\u00e4 t\u00f6it\u00e4 tehd\u00e4\u00e4n yhdess\u00e4. Tekniikkaryhm\u00e4\u00e4n kuuluva\u00a0<\/span><em>alusvastaava<\/em><span>\u00a0koordinoi t\u00f6it\u00e4.<\/span><\/p>\n<p><strong>Jos olet kiinnostunut tekniikkaryhm\u00e4mme toiminnasta, ota yhteytt\u00e4 koulutusvastaavaan &#8211; tai osallistu syksyn infoiltaan! Lis\u00e4tietoa koulutussivulta.\u00a0<\/strong><\/p>\n","protected":false},"excerpt":{"rendered":"<p>Meripelastusseuran asemat huolehtivat viranomaisten tukena pelastustoiminnasta omilla alueillaan. \u00a0Pelastusmiehist\u00f6mme antavat vapaaehtoisesti panoksensa muiden merell\u00e4liikkujien eteen kovissakin olosuhteissa. Toimintamme perustuu luottamukseen &#8211; luotamme toisiimme ja meihin luotetaan. Miehist\u00f6n j\u00e4senet oppivat koulutuksessa tuntemaan toisensa ja ty\u00f6skentelem\u00e4\u00e4n yhdess\u00e4. Paljon tehd\u00e4\u00e4n huumorilla, mutta tositilanteessa toimitaan kurinalaisesti. Yhteiset kokemukset luovat yhteishenke\u00e4. &nbsp; &nbsp; Miehist\u00f6\u00f6mme kuuluu ihmisi\u00e4 eri aloilta. Vapaaehtoisen meripelastajan [&hellip;]<\/p>\n","protected":false},"author":1,"featured_media":0,"parent":20,"menu_order":0,"comment_status":"closed","ping_status":"closed","template":"","meta":{"_acf_changed":false,"inline_featured_image":false,"footnotes":""},"class_list":["post-38","page","type-page","status-publish","hentry"],"acf":[],"yoast_head":"<!-- This site is optimized with the Yoast SEO Premium plugin v27.2 (Yoast SEO v27.2) - https:\/\/yoast.com\/product\/yoast-seo-premium-wordpress\/ -->\n<title>Meripelastusaseman toiminta - Vaasan Meripelastusyhdistys<\/title>\n<meta name=\"robots\" content=\"index, follow, max-snippet:-1, max-image-preview:large, max-video-preview:-1\" \/>\n<link rel=\"canonical\" href=\"https:\/\/meripelastus.fi\/vaasa\/toiminta\/tilaa-uutiskirje\/\" \/>\n<meta property=\"og:locale\" content=\"fi_FI\" \/>\n<meta property=\"og:type\" content=\"article\" \/>\n<meta property=\"og:title\" content=\"Meripelastusaseman toiminta\" \/>\n<meta property=\"og:description\" content=\"Meripelastusseuran asemat huolehtivat viranomaisten tukena pelastustoiminnasta omilla alueillaan. \u00a0Pelastusmiehist\u00f6mme antavat vapaaehtoisesti panoksensa muiden merell\u00e4liikkujien eteen kovissakin olosuhteissa. Toimintamme perustuu luottamukseen &#8211; luotamme toisiimme ja meihin luotetaan. Miehist\u00f6n j\u00e4senet oppivat koulutuksessa tuntemaan toisensa ja ty\u00f6skentelem\u00e4\u00e4n yhdess\u00e4. Paljon tehd\u00e4\u00e4n huumorilla, mutta tositilanteessa toimitaan kurinalaisesti. Yhteiset kokemukset luovat yhteishenke\u00e4. &nbsp; &nbsp; Miehist\u00f6\u00f6mme kuuluu ihmisi\u00e4 eri aloilta. Vapaaehtoisen meripelastajan [&hellip;]\" \/>\n<meta property=\"og:url\" content=\"https:\/\/meripelastus.fi\/vaasa\/toiminta\/tilaa-uutiskirje\/\" \/>\n<meta property=\"og:site_name\" content=\"Vaasan Meripelastusyhdistys\" \/>\n<meta property=\"article:modified_time\" content=\"2021-04-30T16:46:59+00:00\" \/>\n<meta property=\"og:image\" content=\"https:\/\/meripelastus.fi\/vaasa-vedos\/wp-content\/uploads\/sites\/33\/2021\/04\/avauskuva_2-300x196.jpg\" \/>\n<meta name=\"twitter:card\" content=\"summary_large_image\" \/>\n<meta name=\"twitter:label1\" content=\"Arvioitu lukuaika\" \/>\n\t<meta name=\"twitter:data1\" content=\"2 minuuttia\" \/>\n<script type=\"application\/ld+json\" class=\"yoast-schema-graph\">{\"@context\":\"https:\/\/schema.org\",\"@graph\":[{\"@type\":\"WebPage\",\"@id\":\"https:\/\/meripelastus.fi\/vaasa\/toiminta\/tilaa-uutiskirje\/\",\"url\":\"https:\/\/meripelastus.fi\/vaasa\/toiminta\/tilaa-uutiskirje\/\",\"name\":\"Meripelastusaseman toiminta - Vaasan Meripelastusyhdistys\",\"isPartOf\":{\"@id\":\"https:\/\/meripelastus.fi\/vaasa\/#website\"},\"primaryImageOfPage\":{\"@id\":\"https:\/\/meripelastus.fi\/vaasa\/toiminta\/tilaa-uutiskirje\/#primaryimage\"},\"image\":{\"@id\":\"https:\/\/meripelastus.fi\/vaasa\/toiminta\/tilaa-uutiskirje\/#primaryimage\"},\"thumbnailUrl\":\"https:\/\/meripelastus.fi\/vaasa-vedos\/wp-content\/uploads\/sites\/33\/2021\/04\/avauskuva_2-300x196.jpg\",\"datePublished\":\"2018-03-19T07:20:36+00:00\",\"dateModified\":\"2021-04-30T16:46:59+00:00\",\"breadcrumb\":{\"@id\":\"https:\/\/meripelastus.fi\/vaasa\/toiminta\/tilaa-uutiskirje\/#breadcrumb\"},\"inLanguage\":\"fi\",\"potentialAction\":[{\"@type\":\"ReadAction\",\"target\":[\"https:\/\/meripelastus.fi\/vaasa\/toiminta\/tilaa-uutiskirje\/\"]}]},{\"@type\":\"ImageObject\",\"inLanguage\":\"fi\",\"@id\":\"https:\/\/meripelastus.fi\/vaasa\/toiminta\/tilaa-uutiskirje\/#primaryimage\",\"url\":\"https:\/\/meripelastus.fi\/vaasa\/wp-content\/uploads\/sites\/33\/2021\/04\/avauskuva_2.jpg\",\"contentUrl\":\"https:\/\/meripelastus.fi\/vaasa\/wp-content\/uploads\/sites\/33\/2021\/04\/avauskuva_2.jpg\",\"width\":1181,\"height\":771},{\"@type\":\"BreadcrumbList\",\"@id\":\"https:\/\/meripelastus.fi\/vaasa\/toiminta\/tilaa-uutiskirje\/#breadcrumb\",\"itemListElement\":[{\"@type\":\"ListItem\",\"position\":1,\"name\":\"Etusivu\",\"item\":\"https:\/\/meripelastus.fi\/vaasa\/\"},{\"@type\":\"ListItem\",\"position\":2,\"name\":\"Toiminta\",\"item\":\"https:\/\/meripelastus.fi\/vaasa\/toiminta\/\"},{\"@type\":\"ListItem\",\"position\":3,\"name\":\"Meripelastusaseman toiminta\"}]},{\"@type\":\"WebSite\",\"@id\":\"https:\/\/meripelastus.fi\/vaasa\/#website\",\"url\":\"https:\/\/meripelastus.fi\/vaasa\/\",\"name\":\"Vaasan Meripelastusyhdistys\",\"description\":\"Vapaaehtoiset apunasi vesill\u00e4\",\"potentialAction\":[{\"@type\":\"SearchAction\",\"target\":{\"@type\":\"EntryPoint\",\"urlTemplate\":\"https:\/\/meripelastus.fi\/vaasa\/?s={search_term_string}\"},\"query-input\":{\"@type\":\"PropertyValueSpecification\",\"valueRequired\":true,\"valueName\":\"search_term_string\"}}],\"inLanguage\":\"fi\"}]}<\/script>\n<!-- \/ Yoast SEO Premium plugin. -->","yoast_head_json":{"title":"Meripelastusaseman toiminta - Vaasan Meripelastusyhdistys","robots":{"index":"index","follow":"follow","max-snippet":"max-snippet:-1","max-image-preview":"max-image-preview:large","max-video-preview":"max-video-preview:-1"},"canonical":"https:\/\/meripelastus.fi\/vaasa\/toiminta\/tilaa-uutiskirje\/","og_locale":"fi_FI","og_type":"article","og_title":"Meripelastusaseman toiminta","og_description":"Meripelastusseuran asemat huolehtivat viranomaisten tukena pelastustoiminnasta omilla alueillaan. \u00a0Pelastusmiehist\u00f6mme antavat vapaaehtoisesti panoksensa muiden merell\u00e4liikkujien eteen kovissakin olosuhteissa. Toimintamme perustuu luottamukseen &#8211; luotamme toisiimme ja meihin luotetaan. Miehist\u00f6n j\u00e4senet oppivat koulutuksessa tuntemaan toisensa ja ty\u00f6skentelem\u00e4\u00e4n yhdess\u00e4. Paljon tehd\u00e4\u00e4n huumorilla, mutta tositilanteessa toimitaan kurinalaisesti. Yhteiset kokemukset luovat yhteishenke\u00e4. &nbsp; &nbsp; Miehist\u00f6\u00f6mme kuuluu ihmisi\u00e4 eri aloilta. Vapaaehtoisen meripelastajan [&hellip;]","og_url":"https:\/\/meripelastus.fi\/vaasa\/toiminta\/tilaa-uutiskirje\/","og_site_name":"Vaasan Meripelastusyhdistys","article_modified_time":"2021-04-30T16:46:59+00:00","og_image":[{"url":"https:\/\/meripelastus.fi\/vaasa-vedos\/wp-content\/uploads\/sites\/33\/2021\/04\/avauskuva_2-300x196.jpg","type":"","width":"","height":""}],"twitter_card":"summary_large_image","twitter_misc":{"Arvioitu lukuaika":"2 minuuttia"},"schema":{"@context":"https:\/\/schema.org","@graph":[{"@type":"WebPage","@id":"https:\/\/meripelastus.fi\/vaasa\/toiminta\/tilaa-uutiskirje\/","url":"https:\/\/meripelastus.fi\/vaasa\/toiminta\/tilaa-uutiskirje\/","name":"Meripelastusaseman toiminta - Vaasan Meripelastusyhdistys","isPartOf":{"@id":"https:\/\/meripelastus.fi\/vaasa\/#website"},"primaryImageOfPage":{"@id":"https:\/\/meripelastus.fi\/vaasa\/toiminta\/tilaa-uutiskirje\/#primaryimage"},"image":{"@id":"https:\/\/meripelastus.fi\/vaasa\/toiminta\/tilaa-uutiskirje\/#primaryimage"},"thumbnailUrl":"https:\/\/meripelastus.fi\/vaasa-vedos\/wp-content\/uploads\/sites\/33\/2021\/04\/avauskuva_2-300x196.jpg","datePublished":"2018-03-19T07:20:36+00:00","dateModified":"2021-04-30T16:46:59+00:00","breadcrumb":{"@id":"https:\/\/meripelastus.fi\/vaasa\/toiminta\/tilaa-uutiskirje\/#breadcrumb"},"inLanguage":"fi","potentialAction":[{"@type":"ReadAction","target":["https:\/\/meripelastus.fi\/vaasa\/toiminta\/tilaa-uutiskirje\/"]}]},{"@type":"ImageObject","inLanguage":"fi","@id":"https:\/\/meripelastus.fi\/vaasa\/toiminta\/tilaa-uutiskirje\/#primaryimage","url":"https:\/\/meripelastus.fi\/vaasa\/wp-content\/uploads\/sites\/33\/2021\/04\/avauskuva_2.jpg","contentUrl":"https:\/\/meripelastus.fi\/vaasa\/wp-content\/uploads\/sites\/33\/2021\/04\/avauskuva_2.jpg","width":1181,"height":771},{"@type":"BreadcrumbList","@id":"https:\/\/meripelastus.fi\/vaasa\/toiminta\/tilaa-uutiskirje\/#breadcrumb","itemListElement":[{"@type":"ListItem","position":1,"name":"Etusivu","item":"https:\/\/meripelastus.fi\/vaasa\/"},{"@type":"ListItem","position":2,"name":"Toiminta","item":"https:\/\/meripelastus.fi\/vaasa\/toiminta\/"},{"@type":"ListItem","position":3,"name":"Meripelastusaseman toiminta"}]},{"@type":"WebSite","@id":"https:\/\/meripelastus.fi\/vaasa\/#website","url":"https:\/\/meripelastus.fi\/vaasa\/","name":"Vaasan Meripelastusyhdistys","description":"Vapaaehtoiset apunasi vesill\u00e4","potentialAction":[{"@type":"SearchAction","target":{"@type":"EntryPoint","urlTemplate":"https:\/\/meripelastus.fi\/vaasa\/?s={search_term_string}"},"query-input":{"@type":"PropertyValueSpecification","valueRequired":true,"valueName":"search_term_string"}}],"inLanguage":"fi"}]}},"_links":{"self":[{"href":"https:\/\/meripelastus.fi\/vaasa\/wp-json\/wp\/v2\/pages\/38","targetHints":{"allow":["GET"]}}],"collection":[{"href":"https:\/\/meripelastus.fi\/vaasa\/wp-json\/wp\/v2\/pages"}],"about":[{"href":"https:\/\/meripelastus.fi\/vaasa\/wp-json\/wp\/v2\/types\/page"}],"author":[{"embeddable":true,"href":"https:\/\/meripelastus.fi\/vaasa\/wp-json\/wp\/v2\/users\/1"}],"replies":[{"embeddable":true,"href":"https:\/\/meripelastus.fi\/vaasa\/wp-json\/wp\/v2\/comments?post=38"}],"version-history":[{"count":8,"href":"https:\/\/meripelastus.fi\/vaasa\/wp-json\/wp\/v2\/pages\/38\/revisions"}],"predecessor-version":[{"id":353,"href":"https:\/\/meripelastus.fi\/vaasa\/wp-json\/wp\/v2\/pages\/38\/revisions\/353"}],"up":[{"embeddable":true,"href":"https:\/\/meripelastus.fi\/vaasa\/wp-json\/wp\/v2\/pages\/20"}],"wp:attachment":[{"href":"https:\/\/meripelastus.fi\/vaasa\/wp-json\/wp\/v2\/media?parent=38"}],"curies":[{"name":"wp","href":"https:\/\/api.w.org\/{rel}","templated":true}]}}