{"id":373,"date":"2021-04-30T20:16:10","date_gmt":"2021-04-30T17:16:10","guid":{"rendered":"https:\/\/meripelastus.fi\/vaasa-vedos\/?page_id=373"},"modified":"2025-04-10T22:36:40","modified_gmt":"2025-04-10T19:36:40","slug":"ensivaste","status":"publish","type":"page","link":"https:\/\/meripelastus.fi\/vaasa\/ensivaste\/","title":{"rendered":"Ensivaste"},"content":{"rendered":"<p><img loading=\"lazy\" decoding=\"async\" class=\"alignnone size-medium wp-image-374\" src=\"https:\/\/meripelastus.fi\/vaasa-vedos\/wp-content\/uploads\/sites\/33\/2021\/04\/evy-300x201.jpg\" alt=\"\" width=\"300\" height=\"201\" srcset=\"https:\/\/meripelastus.fi\/vaasa\/wp-content\/uploads\/sites\/33\/2021\/04\/evy-300x201.jpg 300w, https:\/\/meripelastus.fi\/vaasa\/wp-content\/uploads\/sites\/33\/2021\/04\/evy-1024x687.jpg 1024w, https:\/\/meripelastus.fi\/vaasa\/wp-content\/uploads\/sites\/33\/2021\/04\/evy-768x515.jpg 768w, https:\/\/meripelastus.fi\/vaasa\/wp-content\/uploads\/sites\/33\/2021\/04\/evy.jpg 1417w\" sizes=\"auto, (max-width: 300px) 100vw, 300px\" \/><\/p>\n<p>Ensivasteella tarkoitetaan mit\u00e4 tahansa h\u00e4t\u00e4tilapotilaan todenn\u00e4k\u00f6isesti ensimm\u00e4isen\u00e4 tavoittavaa yksikk\u00f6\u00e4, jonka tarkoituksena on lyhent\u00e4\u00e4 henke\u00e4 pelastavan hoidon alkamisviivett\u00e4. Maallikkotasoisen ensivasteyksik\u00f6n henkil\u00f6st\u00f6st\u00e4 k\u00e4ytet\u00e4\u00e4n termi\u00e4 ensiauttaja<em>\u00a0(Pohjanmaan Pelastuslaitos 2010).<\/em><\/p>\n<p>Ensivastetoiminnan harjoittelu aloitetaan Vaasan Meripelastusyhdistyksess\u00e4 jo miehist\u00f6koulutuksen alussa. Ensiapukurssin ja sen j\u00e4lkeen suoritettavan ensivastekurssin sek\u00e4 s\u00e4\u00e4nn\u00f6llisen harjoittelun kautta on mahdollista saada lupa toimia ensivastety\u00f6ss\u00e4. Suurin osa pelastusmiehist\u00f6st\u00e4 on koulutettu ensivastetasolle.<\/p>\n<p><img loading=\"lazy\" decoding=\"async\" class=\"alignnone size-medium wp-image-376\" src=\"https:\/\/meripelastus.fi\/vaasa-vedos\/wp-content\/uploads\/sites\/33\/2021\/04\/evyharjoitus-300x190.jpg\" alt=\"\" width=\"300\" height=\"190\" srcset=\"https:\/\/meripelastus.fi\/vaasa\/wp-content\/uploads\/sites\/33\/2021\/04\/evyharjoitus-300x190.jpg 300w, https:\/\/meripelastus.fi\/vaasa\/wp-content\/uploads\/sites\/33\/2021\/04\/evyharjoitus-1024x649.jpg 1024w, https:\/\/meripelastus.fi\/vaasa\/wp-content\/uploads\/sites\/33\/2021\/04\/evyharjoitus-768x486.jpg 768w, https:\/\/meripelastus.fi\/vaasa\/wp-content\/uploads\/sites\/33\/2021\/04\/evyharjoitus.jpg 1181w\" sizes=\"auto, (max-width: 300px) 100vw, 300px\" \/><\/p>\n<p>Yksikk\u00f6 ilmoitetaan h\u00e4lytysvasteeseen, kun miehist\u00f6ss\u00e4 on ensivastekoulutettu ty\u00f6pari, josta v\u00e4hint\u00e4\u00e4n toinen kuuluu p\u00e4\u00e4llyst\u00f6\u00f6n ja toinen on v\u00e4hint\u00e4\u00e4n kansimies.<\/p>\n<p>Vaasan Meripelastusyhdistyksen strategiana on kohdentaa noin nelj\u00e4sosa koulutustoiminnasta ensivastety\u00f6h\u00f6n. Ratkaisu on tehty siksi, ett\u00e4 ihmisten hoitaminen n\u00e4hd\u00e4\u00e4n eritt\u00e4in t\u00e4rke\u00e4n\u00e4 osana valmiuttamme.<\/p>\n","protected":false},"excerpt":{"rendered":"<p>Ensivasteella tarkoitetaan mit\u00e4 tahansa h\u00e4t\u00e4tilapotilaan todenn\u00e4k\u00f6isesti ensimm\u00e4isen\u00e4 tavoittavaa yksikk\u00f6\u00e4, jonka tarkoituksena on lyhent\u00e4\u00e4 henke\u00e4 pelastavan hoidon alkamisviivett\u00e4. Maallikkotasoisen ensivasteyksik\u00f6n henkil\u00f6st\u00f6st\u00e4 k\u00e4ytet\u00e4\u00e4n termi\u00e4 ensiauttaja\u00a0(Pohjanmaan Pelastuslaitos 2010). Ensivastetoiminnan harjoittelu aloitetaan Vaasan Meripelastusyhdistyksess\u00e4 jo miehist\u00f6koulutuksen alussa. Ensiapukurssin ja sen j\u00e4lkeen suoritettavan ensivastekurssin sek\u00e4 s\u00e4\u00e4nn\u00f6llisen harjoittelun kautta on mahdollista saada lupa toimia ensivastety\u00f6ss\u00e4. Suurin osa pelastusmiehist\u00f6st\u00e4 on koulutettu ensivastetasolle. [&hellip;]<\/p>\n","protected":false},"author":87,"featured_media":0,"parent":0,"menu_order":0,"comment_status":"closed","ping_status":"closed","template":"","meta":{"_acf_changed":false,"inline_featured_image":false,"footnotes":""},"class_list":["post-373","page","type-page","status-publish","hentry"],"acf":[],"yoast_head":"<!-- This site is optimized with the Yoast SEO Premium plugin v27.4 (Yoast SEO v27.4) - https:\/\/yoast.com\/product\/yoast-seo-premium-wordpress\/ -->\n<title>Ensivaste - Vaasan Meripelastusyhdistys<\/title>\n<meta name=\"robots\" content=\"index, follow, max-snippet:-1, max-image-preview:large, max-video-preview:-1\" \/>\n<link rel=\"canonical\" href=\"https:\/\/meripelastus.fi\/vaasa\/ensivaste\/\" \/>\n<meta property=\"og:locale\" content=\"fi_FI\" \/>\n<meta property=\"og:type\" content=\"article\" \/>\n<meta property=\"og:title\" content=\"Ensivaste\" \/>\n<meta property=\"og:description\" content=\"Ensivasteella tarkoitetaan mit\u00e4 tahansa h\u00e4t\u00e4tilapotilaan todenn\u00e4k\u00f6isesti ensimm\u00e4isen\u00e4 tavoittavaa yksikk\u00f6\u00e4, jonka tarkoituksena on lyhent\u00e4\u00e4 henke\u00e4 pelastavan hoidon alkamisviivett\u00e4. Maallikkotasoisen ensivasteyksik\u00f6n henkil\u00f6st\u00f6st\u00e4 k\u00e4ytet\u00e4\u00e4n termi\u00e4 ensiauttaja\u00a0(Pohjanmaan Pelastuslaitos 2010). Ensivastetoiminnan harjoittelu aloitetaan Vaasan Meripelastusyhdistyksess\u00e4 jo miehist\u00f6koulutuksen alussa. Ensiapukurssin ja sen j\u00e4lkeen suoritettavan ensivastekurssin sek\u00e4 s\u00e4\u00e4nn\u00f6llisen harjoittelun kautta on mahdollista saada lupa toimia ensivastety\u00f6ss\u00e4. Suurin osa pelastusmiehist\u00f6st\u00e4 on koulutettu ensivastetasolle. [&hellip;]\" \/>\n<meta property=\"og:url\" content=\"https:\/\/meripelastus.fi\/vaasa\/ensivaste\/\" \/>\n<meta property=\"og:site_name\" content=\"Vaasan Meripelastusyhdistys\" \/>\n<meta property=\"article:modified_time\" content=\"2025-04-10T19:36:40+00:00\" \/>\n<meta property=\"og:image\" content=\"https:\/\/meripelastus.fi\/vaasa\/wp-content\/uploads\/sites\/33\/2021\/04\/evy.jpg\" \/>\n\t<meta property=\"og:image:width\" content=\"1417\" \/>\n\t<meta property=\"og:image:height\" content=\"951\" \/>\n\t<meta property=\"og:image:type\" content=\"image\/jpeg\" \/>\n<meta name=\"twitter:card\" content=\"summary_large_image\" \/>\n<meta name=\"twitter:label1\" content=\"Arvioitu lukuaika\" \/>\n\t<meta name=\"twitter:data1\" content=\"1 minuutti\" \/>\n<script type=\"application\/ld+json\" class=\"yoast-schema-graph\">{\"@context\":\"https:\\\/\\\/schema.org\",\"@graph\":[{\"@type\":\"WebPage\",\"@id\":\"https:\\\/\\\/meripelastus.fi\\\/vaasa\\\/ensivaste\\\/\",\"url\":\"https:\\\/\\\/meripelastus.fi\\\/vaasa\\\/ensivaste\\\/\",\"name\":\"Ensivaste - Vaasan Meripelastusyhdistys\",\"isPartOf\":{\"@id\":\"https:\\\/\\\/meripelastus.fi\\\/vaasa\\\/#website\"},\"primaryImageOfPage\":{\"@id\":\"https:\\\/\\\/meripelastus.fi\\\/vaasa\\\/ensivaste\\\/#primaryimage\"},\"image\":{\"@id\":\"https:\\\/\\\/meripelastus.fi\\\/vaasa\\\/ensivaste\\\/#primaryimage\"},\"thumbnailUrl\":\"https:\\\/\\\/meripelastus.fi\\\/vaasa-vedos\\\/wp-content\\\/uploads\\\/sites\\\/33\\\/2021\\\/04\\\/evy-300x201.jpg\",\"datePublished\":\"2021-04-30T17:16:10+00:00\",\"dateModified\":\"2025-04-10T19:36:40+00:00\",\"breadcrumb\":{\"@id\":\"https:\\\/\\\/meripelastus.fi\\\/vaasa\\\/ensivaste\\\/#breadcrumb\"},\"inLanguage\":\"fi\",\"potentialAction\":[{\"@type\":\"ReadAction\",\"target\":[\"https:\\\/\\\/meripelastus.fi\\\/vaasa\\\/ensivaste\\\/\"]}]},{\"@type\":\"ImageObject\",\"inLanguage\":\"fi\",\"@id\":\"https:\\\/\\\/meripelastus.fi\\\/vaasa\\\/ensivaste\\\/#primaryimage\",\"url\":\"https:\\\/\\\/meripelastus.fi\\\/vaasa-vedos\\\/wp-content\\\/uploads\\\/sites\\\/33\\\/2021\\\/04\\\/evy-300x201.jpg\",\"contentUrl\":\"https:\\\/\\\/meripelastus.fi\\\/vaasa-vedos\\\/wp-content\\\/uploads\\\/sites\\\/33\\\/2021\\\/04\\\/evy-300x201.jpg\"},{\"@type\":\"BreadcrumbList\",\"@id\":\"https:\\\/\\\/meripelastus.fi\\\/vaasa\\\/ensivaste\\\/#breadcrumb\",\"itemListElement\":[{\"@type\":\"ListItem\",\"position\":1,\"name\":\"Etusivu\",\"item\":\"https:\\\/\\\/meripelastus.fi\\\/vaasa\\\/\"},{\"@type\":\"ListItem\",\"position\":2,\"name\":\"Ensivaste\"}]},{\"@type\":\"WebSite\",\"@id\":\"https:\\\/\\\/meripelastus.fi\\\/vaasa\\\/#website\",\"url\":\"https:\\\/\\\/meripelastus.fi\\\/vaasa\\\/\",\"name\":\"Vaasan Meripelastusyhdistys\",\"description\":\"Vapaaehtoiset apunasi vesill\u00e4\",\"potentialAction\":[{\"@type\":\"SearchAction\",\"target\":{\"@type\":\"EntryPoint\",\"urlTemplate\":\"https:\\\/\\\/meripelastus.fi\\\/vaasa\\\/?s={search_term_string}\"},\"query-input\":{\"@type\":\"PropertyValueSpecification\",\"valueRequired\":true,\"valueName\":\"search_term_string\"}}],\"inLanguage\":\"fi\"}]}<\/script>\n<!-- \/ Yoast SEO Premium plugin. -->","yoast_head_json":{"title":"Ensivaste - Vaasan Meripelastusyhdistys","robots":{"index":"index","follow":"follow","max-snippet":"max-snippet:-1","max-image-preview":"max-image-preview:large","max-video-preview":"max-video-preview:-1"},"canonical":"https:\/\/meripelastus.fi\/vaasa\/ensivaste\/","og_locale":"fi_FI","og_type":"article","og_title":"Ensivaste","og_description":"Ensivasteella tarkoitetaan mit\u00e4 tahansa h\u00e4t\u00e4tilapotilaan todenn\u00e4k\u00f6isesti ensimm\u00e4isen\u00e4 tavoittavaa yksikk\u00f6\u00e4, jonka tarkoituksena on lyhent\u00e4\u00e4 henke\u00e4 pelastavan hoidon alkamisviivett\u00e4. Maallikkotasoisen ensivasteyksik\u00f6n henkil\u00f6st\u00f6st\u00e4 k\u00e4ytet\u00e4\u00e4n termi\u00e4 ensiauttaja\u00a0(Pohjanmaan Pelastuslaitos 2010). Ensivastetoiminnan harjoittelu aloitetaan Vaasan Meripelastusyhdistyksess\u00e4 jo miehist\u00f6koulutuksen alussa. Ensiapukurssin ja sen j\u00e4lkeen suoritettavan ensivastekurssin sek\u00e4 s\u00e4\u00e4nn\u00f6llisen harjoittelun kautta on mahdollista saada lupa toimia ensivastety\u00f6ss\u00e4. Suurin osa pelastusmiehist\u00f6st\u00e4 on koulutettu ensivastetasolle. [&hellip;]","og_url":"https:\/\/meripelastus.fi\/vaasa\/ensivaste\/","og_site_name":"Vaasan Meripelastusyhdistys","article_modified_time":"2025-04-10T19:36:40+00:00","og_image":[{"width":1417,"height":951,"url":"https:\/\/meripelastus.fi\/vaasa\/wp-content\/uploads\/sites\/33\/2021\/04\/evy.jpg","type":"image\/jpeg"}],"twitter_card":"summary_large_image","twitter_misc":{"Arvioitu lukuaika":"1 minuutti"},"schema":{"@context":"https:\/\/schema.org","@graph":[{"@type":"WebPage","@id":"https:\/\/meripelastus.fi\/vaasa\/ensivaste\/","url":"https:\/\/meripelastus.fi\/vaasa\/ensivaste\/","name":"Ensivaste - Vaasan Meripelastusyhdistys","isPartOf":{"@id":"https:\/\/meripelastus.fi\/vaasa\/#website"},"primaryImageOfPage":{"@id":"https:\/\/meripelastus.fi\/vaasa\/ensivaste\/#primaryimage"},"image":{"@id":"https:\/\/meripelastus.fi\/vaasa\/ensivaste\/#primaryimage"},"thumbnailUrl":"https:\/\/meripelastus.fi\/vaasa-vedos\/wp-content\/uploads\/sites\/33\/2021\/04\/evy-300x201.jpg","datePublished":"2021-04-30T17:16:10+00:00","dateModified":"2025-04-10T19:36:40+00:00","breadcrumb":{"@id":"https:\/\/meripelastus.fi\/vaasa\/ensivaste\/#breadcrumb"},"inLanguage":"fi","potentialAction":[{"@type":"ReadAction","target":["https:\/\/meripelastus.fi\/vaasa\/ensivaste\/"]}]},{"@type":"ImageObject","inLanguage":"fi","@id":"https:\/\/meripelastus.fi\/vaasa\/ensivaste\/#primaryimage","url":"https:\/\/meripelastus.fi\/vaasa-vedos\/wp-content\/uploads\/sites\/33\/2021\/04\/evy-300x201.jpg","contentUrl":"https:\/\/meripelastus.fi\/vaasa-vedos\/wp-content\/uploads\/sites\/33\/2021\/04\/evy-300x201.jpg"},{"@type":"BreadcrumbList","@id":"https:\/\/meripelastus.fi\/vaasa\/ensivaste\/#breadcrumb","itemListElement":[{"@type":"ListItem","position":1,"name":"Etusivu","item":"https:\/\/meripelastus.fi\/vaasa\/"},{"@type":"ListItem","position":2,"name":"Ensivaste"}]},{"@type":"WebSite","@id":"https:\/\/meripelastus.fi\/vaasa\/#website","url":"https:\/\/meripelastus.fi\/vaasa\/","name":"Vaasan Meripelastusyhdistys","description":"Vapaaehtoiset apunasi vesill\u00e4","potentialAction":[{"@type":"SearchAction","target":{"@type":"EntryPoint","urlTemplate":"https:\/\/meripelastus.fi\/vaasa\/?s={search_term_string}"},"query-input":{"@type":"PropertyValueSpecification","valueRequired":true,"valueName":"search_term_string"}}],"inLanguage":"fi"}]}},"_links":{"self":[{"href":"https:\/\/meripelastus.fi\/vaasa\/wp-json\/wp\/v2\/pages\/373","targetHints":{"allow":["GET"]}}],"collection":[{"href":"https:\/\/meripelastus.fi\/vaasa\/wp-json\/wp\/v2\/pages"}],"about":[{"href":"https:\/\/meripelastus.fi\/vaasa\/wp-json\/wp\/v2\/types\/page"}],"author":[{"embeddable":true,"href":"https:\/\/meripelastus.fi\/vaasa\/wp-json\/wp\/v2\/users\/87"}],"replies":[{"embeddable":true,"href":"https:\/\/meripelastus.fi\/vaasa\/wp-json\/wp\/v2\/comments?post=373"}],"version-history":[{"count":4,"href":"https:\/\/meripelastus.fi\/vaasa\/wp-json\/wp\/v2\/pages\/373\/revisions"}],"predecessor-version":[{"id":755,"href":"https:\/\/meripelastus.fi\/vaasa\/wp-json\/wp\/v2\/pages\/373\/revisions\/755"}],"wp:attachment":[{"href":"https:\/\/meripelastus.fi\/vaasa\/wp-json\/wp\/v2\/media?parent=373"}],"curies":[{"name":"wp","href":"https:\/\/api.w.org\/{rel}","templated":true}]}}