{"id":363,"date":"2021-04-30T20:01:35","date_gmt":"2021-04-30T17:01:35","guid":{"rendered":"https:\/\/meripelastus.fi\/vaasa-vedos\/?page_id=363"},"modified":"2025-07-22T17:28:23","modified_gmt":"2025-07-22T14:28:23","slug":"uutiset-ja-tiedotus","status":"publish","type":"page","link":"https:\/\/meripelastus.fi\/vaasa\/uutiset-ja-tiedotus\/","title":{"rendered":"Uutiset ja tiedotus"},"content":{"rendered":"<div id=\"js_1a8\" data-ft=\"{&quot;tn&quot;:&quot;K&quot;}\">Vaasan Meripelastusyhdistys tiedottaa p\u00e4ivitt\u00e4istoiminnasta sosiaalisen median kanavissaan <a href=\"https:\/\/fi-fi.facebook.com\/vaasanmeripelastusyhdistys\">Facebookissa<\/a> ja <a href=\"https:\/\/www.instagram.com\/vaasanmeripelastusyhdistys\/?hl=fi\">Instagramissa<\/a>. H\u00e4lytysteht\u00e4viss\u00e4 kerromme vain teht\u00e4v\u00e4tyypin, ajankohdan ja saaristoalueen. Tervetuloa seuraamaan vapaaehtoisten meripelastajien toimintaa!<\/div>\n<div data-ft=\"{&quot;tn&quot;:&quot;K&quot;}\"><\/div>\n<div data-ft=\"{&quot;tn&quot;:&quot;K&quot;}\"><\/div>\n<div data-ft=\"{&quot;tn&quot;:&quot;K&quot;}\"><img loading=\"lazy\" decoding=\"async\" class=\"alignnone wp-image-365\" src=\"https:\/\/meripelastus.fi\/vaasa-vedos\/wp-content\/uploads\/sites\/33\/2021\/04\/media_1-300x219.jpg\" alt=\"\" width=\"434\" height=\"317\" srcset=\"https:\/\/meripelastus.fi\/vaasa\/wp-content\/uploads\/sites\/33\/2021\/04\/media_1-300x219.jpg 300w, https:\/\/meripelastus.fi\/vaasa\/wp-content\/uploads\/sites\/33\/2021\/04\/media_1-1024x746.jpg 1024w, https:\/\/meripelastus.fi\/vaasa\/wp-content\/uploads\/sites\/33\/2021\/04\/media_1-768x560.jpg 768w, https:\/\/meripelastus.fi\/vaasa\/wp-content\/uploads\/sites\/33\/2021\/04\/media_1.jpg 1120w\" sizes=\"auto, (max-width: 434px) 100vw, 434px\" \/><\/div>\n<div data-ft=\"{&quot;tn&quot;:&quot;K&quot;}\"><\/div>\n<div data-ft=\"{&quot;tn&quot;:&quot;K&quot;}\">\n<p><b>TIEDOTUSVASTUU ERI TEHT\u00c4VISS\u00c4:<\/b><\/p>\n<p>MERIPELASTUS \/ Meripelastuskeskus Turku<\/p>\n<p>PELASTUSTOIMI \/ Pohjanmaan Pelastuslaitos<\/p>\n<p>ENSIHOITO \/ Pohjanmaan hyvinvointialue<\/p>\n<p>AVUSTUSTEHT\u00c4V\u00c4T \/ Vaasan Meripelastusyhdistys<\/p>\n<p><strong>ASEMAN VIESTINT\u00c4:<\/strong><\/p>\n<p>Mikko Lehtim\u00e4ki 040 514 7155\u00a0<a href=\"mailto:mikko.lehtimaki@netikka.fi\">mikko.lehtimaki@netikka.fi<\/a><\/p>\n<p>Kerromme mielell\u00e4mme toiminnastamme, ota yhteytt\u00e4!<\/p>\n<\/div>\n","protected":false},"excerpt":{"rendered":"<p>Vaasan Meripelastusyhdistys tiedottaa p\u00e4ivitt\u00e4istoiminnasta sosiaalisen median kanavissaan Facebookissa ja Instagramissa. H\u00e4lytysteht\u00e4viss\u00e4 kerromme vain teht\u00e4v\u00e4tyypin, ajankohdan ja saaristoalueen. Tervetuloa seuraamaan vapaaehtoisten meripelastajien toimintaa! TIEDOTUSVASTUU ERI TEHT\u00c4VISS\u00c4: MERIPELASTUS \/ Meripelastuskeskus Turku PELASTUSTOIMI \/ Pohjanmaan Pelastuslaitos ENSIHOITO \/ Pohjanmaan hyvinvointialue AVUSTUSTEHT\u00c4V\u00c4T \/ Vaasan Meripelastusyhdistys ASEMAN VIESTINT\u00c4: Mikko Lehtim\u00e4ki 040 514 7155\u00a0mikko.lehtimaki@netikka.fi Kerromme mielell\u00e4mme toiminnastamme, ota yhteytt\u00e4!<\/p>\n","protected":false},"author":87,"featured_media":0,"parent":0,"menu_order":0,"comment_status":"closed","ping_status":"closed","template":"","meta":{"_acf_changed":false,"inline_featured_image":false,"footnotes":""},"class_list":["post-363","page","type-page","status-publish","hentry"],"acf":[],"yoast_head":"<!-- This site is optimized with the Yoast SEO Premium plugin v27.4 (Yoast SEO v27.4) - https:\/\/yoast.com\/product\/yoast-seo-premium-wordpress\/ -->\n<title>Uutiset ja tiedotus - Vaasan Meripelastusyhdistys<\/title>\n<meta name=\"robots\" content=\"index, follow, max-snippet:-1, max-image-preview:large, max-video-preview:-1\" \/>\n<link rel=\"canonical\" href=\"https:\/\/meripelastus.fi\/vaasa\/uutiset-ja-tiedotus\/\" \/>\n<meta property=\"og:locale\" content=\"fi_FI\" \/>\n<meta property=\"og:type\" content=\"article\" \/>\n<meta property=\"og:title\" content=\"Uutiset ja tiedotus\" \/>\n<meta property=\"og:description\" content=\"Vaasan Meripelastusyhdistys tiedottaa p\u00e4ivitt\u00e4istoiminnasta sosiaalisen median kanavissaan Facebookissa ja Instagramissa. H\u00e4lytysteht\u00e4viss\u00e4 kerromme vain teht\u00e4v\u00e4tyypin, ajankohdan ja saaristoalueen. Tervetuloa seuraamaan vapaaehtoisten meripelastajien toimintaa! TIEDOTUSVASTUU ERI TEHT\u00c4VISS\u00c4: MERIPELASTUS \/ Meripelastuskeskus Turku PELASTUSTOIMI \/ Pohjanmaan Pelastuslaitos ENSIHOITO \/ Pohjanmaan hyvinvointialue AVUSTUSTEHT\u00c4V\u00c4T \/ Vaasan Meripelastusyhdistys ASEMAN VIESTINT\u00c4: Mikko Lehtim\u00e4ki 040 514 7155\u00a0mikko.lehtimaki@netikka.fi Kerromme mielell\u00e4mme toiminnastamme, ota yhteytt\u00e4!\" \/>\n<meta property=\"og:url\" content=\"https:\/\/meripelastus.fi\/vaasa\/uutiset-ja-tiedotus\/\" \/>\n<meta property=\"og:site_name\" content=\"Vaasan Meripelastusyhdistys\" \/>\n<meta property=\"article:modified_time\" content=\"2025-07-22T14:28:23+00:00\" \/>\n<meta property=\"og:image\" content=\"https:\/\/meripelastus.fi\/vaasa\/wp-content\/uploads\/sites\/33\/2021\/04\/media_1.jpg\" \/>\n\t<meta property=\"og:image:width\" content=\"1120\" \/>\n\t<meta property=\"og:image:height\" content=\"816\" \/>\n\t<meta property=\"og:image:type\" content=\"image\/jpeg\" \/>\n<meta name=\"twitter:card\" content=\"summary_large_image\" \/>\n<meta name=\"twitter:label1\" content=\"Arvioitu lukuaika\" \/>\n\t<meta name=\"twitter:data1\" content=\"1 minuutti\" \/>\n<script type=\"application\/ld+json\" class=\"yoast-schema-graph\">{\"@context\":\"https:\\\/\\\/schema.org\",\"@graph\":[{\"@type\":\"WebPage\",\"@id\":\"https:\\\/\\\/meripelastus.fi\\\/vaasa\\\/uutiset-ja-tiedotus\\\/\",\"url\":\"https:\\\/\\\/meripelastus.fi\\\/vaasa\\\/uutiset-ja-tiedotus\\\/\",\"name\":\"Uutiset ja tiedotus - Vaasan Meripelastusyhdistys\",\"isPartOf\":{\"@id\":\"https:\\\/\\\/meripelastus.fi\\\/vaasa\\\/#website\"},\"primaryImageOfPage\":{\"@id\":\"https:\\\/\\\/meripelastus.fi\\\/vaasa\\\/uutiset-ja-tiedotus\\\/#primaryimage\"},\"image\":{\"@id\":\"https:\\\/\\\/meripelastus.fi\\\/vaasa\\\/uutiset-ja-tiedotus\\\/#primaryimage\"},\"thumbnailUrl\":\"https:\\\/\\\/meripelastus.fi\\\/vaasa-vedos\\\/wp-content\\\/uploads\\\/sites\\\/33\\\/2021\\\/04\\\/media_1-300x219.jpg\",\"datePublished\":\"2021-04-30T17:01:35+00:00\",\"dateModified\":\"2025-07-22T14:28:23+00:00\",\"breadcrumb\":{\"@id\":\"https:\\\/\\\/meripelastus.fi\\\/vaasa\\\/uutiset-ja-tiedotus\\\/#breadcrumb\"},\"inLanguage\":\"fi\",\"potentialAction\":[{\"@type\":\"ReadAction\",\"target\":[\"https:\\\/\\\/meripelastus.fi\\\/vaasa\\\/uutiset-ja-tiedotus\\\/\"]}]},{\"@type\":\"ImageObject\",\"inLanguage\":\"fi\",\"@id\":\"https:\\\/\\\/meripelastus.fi\\\/vaasa\\\/uutiset-ja-tiedotus\\\/#primaryimage\",\"url\":\"https:\\\/\\\/meripelastus.fi\\\/vaasa\\\/wp-content\\\/uploads\\\/sites\\\/33\\\/2021\\\/04\\\/media_1.jpg\",\"contentUrl\":\"https:\\\/\\\/meripelastus.fi\\\/vaasa\\\/wp-content\\\/uploads\\\/sites\\\/33\\\/2021\\\/04\\\/media_1.jpg\",\"width\":1120,\"height\":816},{\"@type\":\"BreadcrumbList\",\"@id\":\"https:\\\/\\\/meripelastus.fi\\\/vaasa\\\/uutiset-ja-tiedotus\\\/#breadcrumb\",\"itemListElement\":[{\"@type\":\"ListItem\",\"position\":1,\"name\":\"Etusivu\",\"item\":\"https:\\\/\\\/meripelastus.fi\\\/vaasa\\\/\"},{\"@type\":\"ListItem\",\"position\":2,\"name\":\"Uutiset ja tiedotus\"}]},{\"@type\":\"WebSite\",\"@id\":\"https:\\\/\\\/meripelastus.fi\\\/vaasa\\\/#website\",\"url\":\"https:\\\/\\\/meripelastus.fi\\\/vaasa\\\/\",\"name\":\"Vaasan Meripelastusyhdistys\",\"description\":\"Vapaaehtoiset apunasi vesill\u00e4\",\"potentialAction\":[{\"@type\":\"SearchAction\",\"target\":{\"@type\":\"EntryPoint\",\"urlTemplate\":\"https:\\\/\\\/meripelastus.fi\\\/vaasa\\\/?s={search_term_string}\"},\"query-input\":{\"@type\":\"PropertyValueSpecification\",\"valueRequired\":true,\"valueName\":\"search_term_string\"}}],\"inLanguage\":\"fi\"}]}<\/script>\n<!-- \/ Yoast SEO Premium plugin. -->","yoast_head_json":{"title":"Uutiset ja tiedotus - Vaasan Meripelastusyhdistys","robots":{"index":"index","follow":"follow","max-snippet":"max-snippet:-1","max-image-preview":"max-image-preview:large","max-video-preview":"max-video-preview:-1"},"canonical":"https:\/\/meripelastus.fi\/vaasa\/uutiset-ja-tiedotus\/","og_locale":"fi_FI","og_type":"article","og_title":"Uutiset ja tiedotus","og_description":"Vaasan Meripelastusyhdistys tiedottaa p\u00e4ivitt\u00e4istoiminnasta sosiaalisen median kanavissaan Facebookissa ja Instagramissa. H\u00e4lytysteht\u00e4viss\u00e4 kerromme vain teht\u00e4v\u00e4tyypin, ajankohdan ja saaristoalueen. Tervetuloa seuraamaan vapaaehtoisten meripelastajien toimintaa! TIEDOTUSVASTUU ERI TEHT\u00c4VISS\u00c4: MERIPELASTUS \/ Meripelastuskeskus Turku PELASTUSTOIMI \/ Pohjanmaan Pelastuslaitos ENSIHOITO \/ Pohjanmaan hyvinvointialue AVUSTUSTEHT\u00c4V\u00c4T \/ Vaasan Meripelastusyhdistys ASEMAN VIESTINT\u00c4: Mikko Lehtim\u00e4ki 040 514 7155\u00a0mikko.lehtimaki@netikka.fi Kerromme mielell\u00e4mme toiminnastamme, ota yhteytt\u00e4!","og_url":"https:\/\/meripelastus.fi\/vaasa\/uutiset-ja-tiedotus\/","og_site_name":"Vaasan Meripelastusyhdistys","article_modified_time":"2025-07-22T14:28:23+00:00","og_image":[{"width":1120,"height":816,"url":"https:\/\/meripelastus.fi\/vaasa\/wp-content\/uploads\/sites\/33\/2021\/04\/media_1.jpg","type":"image\/jpeg"}],"twitter_card":"summary_large_image","twitter_misc":{"Arvioitu lukuaika":"1 minuutti"},"schema":{"@context":"https:\/\/schema.org","@graph":[{"@type":"WebPage","@id":"https:\/\/meripelastus.fi\/vaasa\/uutiset-ja-tiedotus\/","url":"https:\/\/meripelastus.fi\/vaasa\/uutiset-ja-tiedotus\/","name":"Uutiset ja tiedotus - Vaasan Meripelastusyhdistys","isPartOf":{"@id":"https:\/\/meripelastus.fi\/vaasa\/#website"},"primaryImageOfPage":{"@id":"https:\/\/meripelastus.fi\/vaasa\/uutiset-ja-tiedotus\/#primaryimage"},"image":{"@id":"https:\/\/meripelastus.fi\/vaasa\/uutiset-ja-tiedotus\/#primaryimage"},"thumbnailUrl":"https:\/\/meripelastus.fi\/vaasa-vedos\/wp-content\/uploads\/sites\/33\/2021\/04\/media_1-300x219.jpg","datePublished":"2021-04-30T17:01:35+00:00","dateModified":"2025-07-22T14:28:23+00:00","breadcrumb":{"@id":"https:\/\/meripelastus.fi\/vaasa\/uutiset-ja-tiedotus\/#breadcrumb"},"inLanguage":"fi","potentialAction":[{"@type":"ReadAction","target":["https:\/\/meripelastus.fi\/vaasa\/uutiset-ja-tiedotus\/"]}]},{"@type":"ImageObject","inLanguage":"fi","@id":"https:\/\/meripelastus.fi\/vaasa\/uutiset-ja-tiedotus\/#primaryimage","url":"https:\/\/meripelastus.fi\/vaasa\/wp-content\/uploads\/sites\/33\/2021\/04\/media_1.jpg","contentUrl":"https:\/\/meripelastus.fi\/vaasa\/wp-content\/uploads\/sites\/33\/2021\/04\/media_1.jpg","width":1120,"height":816},{"@type":"BreadcrumbList","@id":"https:\/\/meripelastus.fi\/vaasa\/uutiset-ja-tiedotus\/#breadcrumb","itemListElement":[{"@type":"ListItem","position":1,"name":"Etusivu","item":"https:\/\/meripelastus.fi\/vaasa\/"},{"@type":"ListItem","position":2,"name":"Uutiset ja tiedotus"}]},{"@type":"WebSite","@id":"https:\/\/meripelastus.fi\/vaasa\/#website","url":"https:\/\/meripelastus.fi\/vaasa\/","name":"Vaasan Meripelastusyhdistys","description":"Vapaaehtoiset apunasi vesill\u00e4","potentialAction":[{"@type":"SearchAction","target":{"@type":"EntryPoint","urlTemplate":"https:\/\/meripelastus.fi\/vaasa\/?s={search_term_string}"},"query-input":{"@type":"PropertyValueSpecification","valueRequired":true,"valueName":"search_term_string"}}],"inLanguage":"fi"}]}},"_links":{"self":[{"href":"https:\/\/meripelastus.fi\/vaasa\/wp-json\/wp\/v2\/pages\/363","targetHints":{"allow":["GET"]}}],"collection":[{"href":"https:\/\/meripelastus.fi\/vaasa\/wp-json\/wp\/v2\/pages"}],"about":[{"href":"https:\/\/meripelastus.fi\/vaasa\/wp-json\/wp\/v2\/types\/page"}],"author":[{"embeddable":true,"href":"https:\/\/meripelastus.fi\/vaasa\/wp-json\/wp\/v2\/users\/87"}],"replies":[{"embeddable":true,"href":"https:\/\/meripelastus.fi\/vaasa\/wp-json\/wp\/v2\/comments?post=363"}],"version-history":[{"count":9,"href":"https:\/\/meripelastus.fi\/vaasa\/wp-json\/wp\/v2\/pages\/363\/revisions"}],"predecessor-version":[{"id":788,"href":"https:\/\/meripelastus.fi\/vaasa\/wp-json\/wp\/v2\/pages\/363\/revisions\/788"}],"wp:attachment":[{"href":"https:\/\/meripelastus.fi\/vaasa\/wp-json\/wp\/v2\/media?parent=363"}],"curies":[{"name":"wp","href":"https:\/\/api.w.org\/{rel}","templated":true}]}}