{"id":358,"date":"2021-04-30T19:51:23","date_gmt":"2021-04-30T16:51:23","guid":{"rendered":"https:\/\/meripelastus.fi\/vaasa-vedos\/?page_id=358"},"modified":"2021-06-24T14:14:41","modified_gmt":"2021-06-24T11:14:41","slug":"tukijat","status":"publish","type":"page","link":"https:\/\/meripelastus.fi\/vaasa\/sv\/etusivu-2\/tukijat\/","title":{"rendered":"V\u00c5RA SUPPORTRAR"},"content":{"rendered":"<p>V\u00e5ra supportrar h\u00e5ller r\u00e4ddare till sj\u00f6ss!<\/p>\n<p>Finska sj\u00f6r\u00e4ddningsf\u00f6reningen hanterar cirka 30% av Finlands vattenr\u00e4ddning till en kostnad som inte kan j\u00e4mf\u00f6ras med n\u00e5got annat organiseringss\u00e4tt. Vi letar st\u00e4ndigt efter partners som \u00e4r redo att st\u00f6dja r\u00e4ddningsarbete i Kvarken. Finlands Sj\u00f6r\u00e4ddningss\u00e4llskap g\u00f6r socialt v\u00e4rdefullt arbete som du kan ber\u00e4tta f\u00f6r dina intressenter. Och samtidigt vara involverad i r\u00e4ddningsarbetet.<\/p>\n<p>V\u00e5ra supportf\u00f6retag har m\u00f6jlighet att utnyttja v\u00e5rt samarbete i deras intressentkommunikation och marknadsf\u00f6ring. Frivillig sj\u00f6r\u00e4ddningsverksamhet v\u00e4cker bara positiva k\u00e4nslor. Vi publicerar v\u00e5ra supportrars namn p\u00e5 v\u00e5ra hemsidor och informerar ocks\u00e5 om st\u00f6det p\u00e5 v\u00e5ra sociala mediekanaler. Vi diskuterar g\u00e4rna andra s\u00e4tt som vi kan hj\u00e4lpa ditt f\u00f6retag att sticka ut med oss.<\/p>\n<p>Vi tackar v\u00e5ra supportrar!<\/p>\n<p>&nbsp;<\/p>\n<div id=\"page-content-column\">\n<div class=\"region region-content\">\n<div id=\"block-system-main\" class=\"block-shadow block block-system first last odd\">\n<div class=\"content\">\n<div id=\"node-23\" class=\"node node-page view-mode-full clearfix\">\n<div class=\"content\">\n<div class=\"field field-name-body field-type-text-with-summary field-label-hidden\">\n<div class=\"field-items\">\n<div class=\"field-item even\">\n<div>\n<p><strong>V\u00c5RA SUPPORTRAR 2020<\/strong><\/p>\n<p><strong>W\u00e4rtsil\u00e4 Finland Oy<\/strong><\/p>\n<p><strong>Prohoc Oy<\/strong><\/p>\n<p>Teqniq Wind Oy<\/p>\n<p>L\u00e4hitapiola Pohjanmaa<\/p>\n<p>Vaasan Aktias\u00e4\u00e4ti\u00f6<\/p>\n<p>Mustasaaren Aktias\u00e4\u00e4ti\u00f6<\/p>\n<p>V\u00f6yrin Aktias\u00e4\u00e4ti\u00f6<\/p>\n<p>Aktiastiftelsen i Solf-Sundom<\/p>\n<p>Oy Botnia-Marin Ab<\/p>\n<p>Kallion Kaihdin Oy<\/p>\n<p>Pohjanmaan Rauta Oy<\/p>\n<p>Roaming Oy<\/p>\n<p>Oy Black Label Bytes Ab<\/p>\n<p>Secureplan Turvatekniikka Oy<\/p>\n<p>Kumi-J\u00e4rvinen Oy<\/p>\n<p>STARK Vaasa<\/p>\n<p>Virpi Kankaanp\u00e4\u00e4<\/p>\n<p>Vaasan kaupunki<\/p>\n<p>&nbsp;<\/p>\n<\/div>\n<\/div>\n<\/div>\n<\/div>\n<\/div>\n<\/div>\n<\/div>\n<\/div>\n<\/div>\n<div class=\"addthis_toolbox addthis_default_style \">\n<div class=\"atclear\"><\/div>\n<\/div>\n<\/div>\n<div id=\"right-column\">\n<div class=\"region region-sidebar-second column sidebar\">\n<div class=\"section\">\n<div id=\"block-block-6\" class=\"block-shadow block block-block first odd\"><\/div>\n<\/div>\n<\/div>\n<\/div>\n","protected":false},"excerpt":{"rendered":"<p>V\u00e5ra supportrar h\u00e5ller r\u00e4ddare till sj\u00f6ss! Finska sj\u00f6r\u00e4ddningsf\u00f6reningen hanterar cirka 30% av Finlands vattenr\u00e4ddning till en kostnad som inte kan j\u00e4mf\u00f6ras med n\u00e5got annat organiseringss\u00e4tt. Vi letar st\u00e4ndigt efter partners som \u00e4r redo att st\u00f6dja r\u00e4ddningsarbete i Kvarken. Finlands Sj\u00f6r\u00e4ddningss\u00e4llskap g\u00f6r socialt v\u00e4rdefullt arbete som du kan ber\u00e4tta f\u00f6r dina intressenter. Och samtidigt vara involverad [&hellip;]<\/p>\n","protected":false},"author":87,"featured_media":0,"parent":197,"menu_order":0,"comment_status":"closed","ping_status":"closed","template":"","meta":{"_acf_changed":false,"inline_featured_image":false,"footnotes":""},"class_list":["post-358","page","type-page","status-publish","hentry"],"acf":[],"yoast_head":"<!-- This site is optimized with the Yoast SEO Premium plugin v27.2 (Yoast SEO v27.2) - https:\/\/yoast.com\/product\/yoast-seo-premium-wordpress\/ -->\n<title>V\u00c5RA SUPPORTRAR - Vaasan Meripelastusyhdistys<\/title>\n<meta name=\"robots\" content=\"index, follow, max-snippet:-1, max-image-preview:large, max-video-preview:-1\" \/>\n<link rel=\"canonical\" href=\"https:\/\/meripelastus.fi\/vaasa\/sv\/etusivu-2\/tukijat\/\" \/>\n<meta property=\"og:locale\" content=\"fi_FI\" \/>\n<meta property=\"og:type\" content=\"article\" \/>\n<meta property=\"og:title\" content=\"V\u00c5RA SUPPORTRAR\" \/>\n<meta property=\"og:description\" content=\"V\u00e5ra supportrar h\u00e5ller r\u00e4ddare till sj\u00f6ss! Finska sj\u00f6r\u00e4ddningsf\u00f6reningen hanterar cirka 30% av Finlands vattenr\u00e4ddning till en kostnad som inte kan j\u00e4mf\u00f6ras med n\u00e5got annat organiseringss\u00e4tt. Vi letar st\u00e4ndigt efter partners som \u00e4r redo att st\u00f6dja r\u00e4ddningsarbete i Kvarken. Finlands Sj\u00f6r\u00e4ddningss\u00e4llskap g\u00f6r socialt v\u00e4rdefullt arbete som du kan ber\u00e4tta f\u00f6r dina intressenter. Och samtidigt vara involverad [&hellip;]\" \/>\n<meta property=\"og:url\" content=\"https:\/\/meripelastus.fi\/vaasa\/sv\/etusivu-2\/tukijat\/\" \/>\n<meta property=\"og:site_name\" content=\"Vaasan Meripelastusyhdistys\" \/>\n<meta property=\"article:modified_time\" content=\"2021-06-24T11:14:41+00:00\" \/>\n<meta name=\"twitter:card\" content=\"summary_large_image\" \/>\n<meta name=\"twitter:label1\" content=\"Arvioitu lukuaika\" \/>\n\t<meta name=\"twitter:data1\" content=\"1 minuutti\" \/>\n<script type=\"application\/ld+json\" class=\"yoast-schema-graph\">{\"@context\":\"https:\/\/schema.org\",\"@graph\":[{\"@type\":\"WebPage\",\"@id\":\"https:\/\/meripelastus.fi\/vaasa\/sv\/etusivu-2\/tukijat\/\",\"url\":\"https:\/\/meripelastus.fi\/vaasa\/sv\/etusivu-2\/tukijat\/\",\"name\":\"V\u00c5RA SUPPORTRAR - Vaasan Meripelastusyhdistys\",\"isPartOf\":{\"@id\":\"https:\/\/meripelastus.fi\/vaasa\/#website\"},\"datePublished\":\"2021-04-30T16:51:23+00:00\",\"dateModified\":\"2021-06-24T11:14:41+00:00\",\"breadcrumb\":{\"@id\":\"https:\/\/meripelastus.fi\/vaasa\/sv\/etusivu-2\/tukijat\/#breadcrumb\"},\"inLanguage\":\"fi\",\"potentialAction\":[{\"@type\":\"ReadAction\",\"target\":[\"https:\/\/meripelastus.fi\/vaasa\/sv\/etusivu-2\/tukijat\/\"]}]},{\"@type\":\"BreadcrumbList\",\"@id\":\"https:\/\/meripelastus.fi\/vaasa\/sv\/etusivu-2\/tukijat\/#breadcrumb\",\"itemListElement\":[{\"@type\":\"ListItem\",\"position\":1,\"name\":\"Etusivu\",\"item\":\"https:\/\/meripelastus.fi\/vaasa\/\"},{\"@type\":\"ListItem\",\"position\":2,\"name\":\"Vasa Sj\u00f6r\u00e4ddningsf\u00f6rening r.y.\",\"item\":\"https:\/\/meripelastus.fi\/vaasa\/sv\/\"},{\"@type\":\"ListItem\",\"position\":3,\"name\":\"V\u00c5RA SUPPORTRAR\"}]},{\"@type\":\"WebSite\",\"@id\":\"https:\/\/meripelastus.fi\/vaasa\/#website\",\"url\":\"https:\/\/meripelastus.fi\/vaasa\/\",\"name\":\"Vaasan Meripelastusyhdistys\",\"description\":\"Vapaaehtoiset apunasi vesill\u00e4\",\"potentialAction\":[{\"@type\":\"SearchAction\",\"target\":{\"@type\":\"EntryPoint\",\"urlTemplate\":\"https:\/\/meripelastus.fi\/vaasa\/?s={search_term_string}\"},\"query-input\":{\"@type\":\"PropertyValueSpecification\",\"valueRequired\":true,\"valueName\":\"search_term_string\"}}],\"inLanguage\":\"fi\"}]}<\/script>\n<!-- \/ Yoast SEO Premium plugin. -->","yoast_head_json":{"title":"V\u00c5RA SUPPORTRAR - Vaasan Meripelastusyhdistys","robots":{"index":"index","follow":"follow","max-snippet":"max-snippet:-1","max-image-preview":"max-image-preview:large","max-video-preview":"max-video-preview:-1"},"canonical":"https:\/\/meripelastus.fi\/vaasa\/sv\/etusivu-2\/tukijat\/","og_locale":"fi_FI","og_type":"article","og_title":"V\u00c5RA SUPPORTRAR","og_description":"V\u00e5ra supportrar h\u00e5ller r\u00e4ddare till sj\u00f6ss! Finska sj\u00f6r\u00e4ddningsf\u00f6reningen hanterar cirka 30% av Finlands vattenr\u00e4ddning till en kostnad som inte kan j\u00e4mf\u00f6ras med n\u00e5got annat organiseringss\u00e4tt. Vi letar st\u00e4ndigt efter partners som \u00e4r redo att st\u00f6dja r\u00e4ddningsarbete i Kvarken. Finlands Sj\u00f6r\u00e4ddningss\u00e4llskap g\u00f6r socialt v\u00e4rdefullt arbete som du kan ber\u00e4tta f\u00f6r dina intressenter. Och samtidigt vara involverad [&hellip;]","og_url":"https:\/\/meripelastus.fi\/vaasa\/sv\/etusivu-2\/tukijat\/","og_site_name":"Vaasan Meripelastusyhdistys","article_modified_time":"2021-06-24T11:14:41+00:00","twitter_card":"summary_large_image","twitter_misc":{"Arvioitu lukuaika":"1 minuutti"},"schema":{"@context":"https:\/\/schema.org","@graph":[{"@type":"WebPage","@id":"https:\/\/meripelastus.fi\/vaasa\/sv\/etusivu-2\/tukijat\/","url":"https:\/\/meripelastus.fi\/vaasa\/sv\/etusivu-2\/tukijat\/","name":"V\u00c5RA SUPPORTRAR - Vaasan Meripelastusyhdistys","isPartOf":{"@id":"https:\/\/meripelastus.fi\/vaasa\/#website"},"datePublished":"2021-04-30T16:51:23+00:00","dateModified":"2021-06-24T11:14:41+00:00","breadcrumb":{"@id":"https:\/\/meripelastus.fi\/vaasa\/sv\/etusivu-2\/tukijat\/#breadcrumb"},"inLanguage":"fi","potentialAction":[{"@type":"ReadAction","target":["https:\/\/meripelastus.fi\/vaasa\/sv\/etusivu-2\/tukijat\/"]}]},{"@type":"BreadcrumbList","@id":"https:\/\/meripelastus.fi\/vaasa\/sv\/etusivu-2\/tukijat\/#breadcrumb","itemListElement":[{"@type":"ListItem","position":1,"name":"Etusivu","item":"https:\/\/meripelastus.fi\/vaasa\/"},{"@type":"ListItem","position":2,"name":"Vasa Sj\u00f6r\u00e4ddningsf\u00f6rening r.y.","item":"https:\/\/meripelastus.fi\/vaasa\/sv\/"},{"@type":"ListItem","position":3,"name":"V\u00c5RA SUPPORTRAR"}]},{"@type":"WebSite","@id":"https:\/\/meripelastus.fi\/vaasa\/#website","url":"https:\/\/meripelastus.fi\/vaasa\/","name":"Vaasan Meripelastusyhdistys","description":"Vapaaehtoiset apunasi vesill\u00e4","potentialAction":[{"@type":"SearchAction","target":{"@type":"EntryPoint","urlTemplate":"https:\/\/meripelastus.fi\/vaasa\/?s={search_term_string}"},"query-input":{"@type":"PropertyValueSpecification","valueRequired":true,"valueName":"search_term_string"}}],"inLanguage":"fi"}]}},"_links":{"self":[{"href":"https:\/\/meripelastus.fi\/vaasa\/wp-json\/wp\/v2\/pages\/358","targetHints":{"allow":["GET"]}}],"collection":[{"href":"https:\/\/meripelastus.fi\/vaasa\/wp-json\/wp\/v2\/pages"}],"about":[{"href":"https:\/\/meripelastus.fi\/vaasa\/wp-json\/wp\/v2\/types\/page"}],"author":[{"embeddable":true,"href":"https:\/\/meripelastus.fi\/vaasa\/wp-json\/wp\/v2\/users\/87"}],"replies":[{"embeddable":true,"href":"https:\/\/meripelastus.fi\/vaasa\/wp-json\/wp\/v2\/comments?post=358"}],"version-history":[{"count":5,"href":"https:\/\/meripelastus.fi\/vaasa\/wp-json\/wp\/v2\/pages\/358\/revisions"}],"predecessor-version":[{"id":446,"href":"https:\/\/meripelastus.fi\/vaasa\/wp-json\/wp\/v2\/pages\/358\/revisions\/446"}],"up":[{"embeddable":true,"href":"https:\/\/meripelastus.fi\/vaasa\/wp-json\/wp\/v2\/pages\/197"}],"wp:attachment":[{"href":"https:\/\/meripelastus.fi\/vaasa\/wp-json\/wp\/v2\/media?parent=358"}],"curies":[{"name":"wp","href":"https:\/\/api.w.org\/{rel}","templated":true}]}}