{"id":355,"date":"2021-04-30T19:51:23","date_gmt":"2021-04-30T16:51:23","guid":{"rendered":"https:\/\/meripelastus.fi\/vaasa-vedos\/?page_id=355"},"modified":"2025-12-07T21:45:49","modified_gmt":"2025-12-07T19:45:49","slug":"tukijat","status":"publish","type":"page","link":"https:\/\/meripelastus.fi\/vaasa\/etusivu\/tukijat\/","title":{"rendered":"Tukijat ja yhteisty\u00f6kumppanit"},"content":{"rendered":"\n<h2 class=\"wp-block-heading\" id=\"h-tukijamme-pitavat-pelastajat-merella\">Tukijamme pit\u00e4v\u00e4t pelastajat merell\u00e4!<\/h2>\n\n\n\n<p>Suomen Meripelastusseura hoitaa noin 30 % Suomen vesist\u00f6pelastuksesta kustannuksin, joita ei voi verrata muuhun j\u00e4rjest\u00e4mistapaan. Etsimme koko ajan yhteisty\u00f6kumppaneita, jotka ovat valmiita tukemaan pelastustoimintaa Merenkurkussa. Meripelastusseura tekee yhteiskunnallisesti arvokasta ty\u00f6t\u00e4, jonka voitte kertoa sidosryhmillenne. Ja olla samalla pelastusty\u00f6ss\u00e4 mukana.<\/p>\n\n\n\n<p>Tukiyrityksill\u00e4mme on mahdollisuus hy\u00f6dynt\u00e4\u00e4 yhteisty\u00f6t\u00e4mme sidosryhm\u00e4viestinn\u00e4ss\u00e4\u00e4n ja markkinoinnissaan. Vapaaehtoinen meripelastustoiminta her\u00e4tt\u00e4\u00e4 vain positiivisia tunteita. Julkaisemme yli 500 euroa lahjoittaneiden yritysten tai yhteis\u00f6jen nimen tukijalistallamme kauden lopussa ja kerromme saamastamme tuesta my\u00f6s sosiaalisen median kanavissamme. Keskustelemme mielell\u00e4mme my\u00f6s muista tavoista, joilla voimme auttaa yrityst\u00e4nne n\u00e4kym\u00e4\u00e4n kanssamme.<\/p>\n\n\n\n<p>Kiit\u00e4mme tukijoitamme!<\/p>\n\n\n\n<h3 class=\"wp-block-heading\" id=\"h-yhteistyokumppanit-ja-tukijat-2025\">YHTEISTY\u00d6KUMPPANIT JA TUKIJAT 2025<\/h3>\n\n\n\n<p><strong>W\u00e4rtsil\u00e4 Finland Oy<\/strong><br><strong>Prohoc Oy<\/strong><br><strong>Osuuskauppa KPO<\/strong><\/p>\n\n\n\n<p>L\u00e4hitapiola Pohjanmaa<\/p>\n\n\n\n<p>Teqniq Wind Oy<\/p>\n\n\n\n<p>Konecranes Finland Oy<\/p>\n\n\n\n<p>Pohjanmaan hyvinvointialue<\/p>\n\n\n\n<p>Vaasan Aktias\u00e4\u00e4ti\u00f6<\/p>\n\n\n\n<p>Mustasaaren Aktias\u00e4\u00e4ti\u00f6<\/p>\n\n\n\n<p>V\u00f6r\u00e5 Sparbanks Aktias\u00e4\u00e4ti\u00f6<\/p>\n\n\n\n<p>Aktiastiftelsen i Solf-Sundom<\/p>\n\n\n\n<p>Botnia Marin Oy Ab<\/p>\n\n\n\n<p>Wasasafe Oy<\/p>\n","protected":false},"excerpt":{"rendered":"<p>Tukijamme pit\u00e4v\u00e4t pelastajat merell\u00e4! Suomen Meripelastusseura hoitaa noin 30 % Suomen vesist\u00f6pelastuksesta kustannuksin, joita ei voi verrata muuhun j\u00e4rjest\u00e4mistapaan. Etsimme koko ajan yhteisty\u00f6kumppaneita, jotka ovat valmiita tukemaan pelastustoimintaa Merenkurkussa. Meripelastusseura tekee yhteiskunnallisesti arvokasta ty\u00f6t\u00e4, jonka voitte kertoa sidosryhmillenne. Ja olla samalla pelastusty\u00f6ss\u00e4 mukana. Tukiyrityksill\u00e4mme on mahdollisuus hy\u00f6dynt\u00e4\u00e4 yhteisty\u00f6t\u00e4mme sidosryhm\u00e4viestinn\u00e4ss\u00e4\u00e4n ja markkinoinnissaan. Vapaaehtoinen meripelastustoiminta her\u00e4tt\u00e4\u00e4 vain [&hellip;]<\/p>\n","protected":false},"author":87,"featured_media":0,"parent":4,"menu_order":0,"comment_status":"closed","ping_status":"closed","template":"","meta":{"_acf_changed":false,"inline_featured_image":false,"footnotes":""},"class_list":["post-355","page","type-page","status-publish","hentry"],"acf":[],"yoast_head":"<!-- This site is optimized with the Yoast SEO Premium plugin v27.2 (Yoast SEO v27.2) - https:\/\/yoast.com\/product\/yoast-seo-premium-wordpress\/ -->\n<title>Tukijat ja yhteisty\u00f6kumppanit - Vaasan Meripelastusyhdistys<\/title>\n<meta name=\"robots\" content=\"index, follow, max-snippet:-1, max-image-preview:large, max-video-preview:-1\" \/>\n<link rel=\"canonical\" href=\"https:\/\/meripelastus.fi\/vaasa\/etusivu\/tukijat\/\" \/>\n<meta property=\"og:locale\" content=\"fi_FI\" \/>\n<meta property=\"og:type\" content=\"article\" \/>\n<meta property=\"og:title\" content=\"Tukijat ja yhteisty\u00f6kumppanit\" \/>\n<meta property=\"og:description\" content=\"Tukijamme pit\u00e4v\u00e4t pelastajat merell\u00e4! Suomen Meripelastusseura hoitaa noin 30 % Suomen vesist\u00f6pelastuksesta kustannuksin, joita ei voi verrata muuhun j\u00e4rjest\u00e4mistapaan. Etsimme koko ajan yhteisty\u00f6kumppaneita, jotka ovat valmiita tukemaan pelastustoimintaa Merenkurkussa. Meripelastusseura tekee yhteiskunnallisesti arvokasta ty\u00f6t\u00e4, jonka voitte kertoa sidosryhmillenne. Ja olla samalla pelastusty\u00f6ss\u00e4 mukana. Tukiyrityksill\u00e4mme on mahdollisuus hy\u00f6dynt\u00e4\u00e4 yhteisty\u00f6t\u00e4mme sidosryhm\u00e4viestinn\u00e4ss\u00e4\u00e4n ja markkinoinnissaan. Vapaaehtoinen meripelastustoiminta her\u00e4tt\u00e4\u00e4 vain [&hellip;]\" \/>\n<meta property=\"og:url\" content=\"https:\/\/meripelastus.fi\/vaasa\/etusivu\/tukijat\/\" \/>\n<meta property=\"og:site_name\" content=\"Vaasan Meripelastusyhdistys\" \/>\n<meta property=\"article:modified_time\" content=\"2025-12-07T19:45:49+00:00\" \/>\n<meta name=\"twitter:card\" content=\"summary_large_image\" \/>\n<meta name=\"twitter:label1\" content=\"Arvioitu lukuaika\" \/>\n\t<meta name=\"twitter:data1\" content=\"1 minuutti\" \/>\n<script type=\"application\/ld+json\" class=\"yoast-schema-graph\">{\"@context\":\"https:\/\/schema.org\",\"@graph\":[{\"@type\":\"WebPage\",\"@id\":\"https:\/\/meripelastus.fi\/vaasa\/etusivu\/tukijat\/\",\"url\":\"https:\/\/meripelastus.fi\/vaasa\/etusivu\/tukijat\/\",\"name\":\"Tukijat ja yhteisty\u00f6kumppanit - Vaasan Meripelastusyhdistys\",\"isPartOf\":{\"@id\":\"https:\/\/meripelastus.fi\/vaasa\/#website\"},\"datePublished\":\"2021-04-30T16:51:23+00:00\",\"dateModified\":\"2025-12-07T19:45:49+00:00\",\"breadcrumb\":{\"@id\":\"https:\/\/meripelastus.fi\/vaasa\/etusivu\/tukijat\/#breadcrumb\"},\"inLanguage\":\"fi\",\"potentialAction\":[{\"@type\":\"ReadAction\",\"target\":[\"https:\/\/meripelastus.fi\/vaasa\/etusivu\/tukijat\/\"]}]},{\"@type\":\"BreadcrumbList\",\"@id\":\"https:\/\/meripelastus.fi\/vaasa\/etusivu\/tukijat\/#breadcrumb\",\"itemListElement\":[{\"@type\":\"ListItem\",\"position\":1,\"name\":\"Etusivu\",\"item\":\"https:\/\/meripelastus.fi\/vaasa\/\"},{\"@type\":\"ListItem\",\"position\":2,\"name\":\"Vaasan Meripelastusyhdistys\",\"item\":\"https:\/\/meripelastus.fi\/vaasa\/\"},{\"@type\":\"ListItem\",\"position\":3,\"name\":\"Tukijat ja yhteisty\u00f6kumppanit\"}]},{\"@type\":\"WebSite\",\"@id\":\"https:\/\/meripelastus.fi\/vaasa\/#website\",\"url\":\"https:\/\/meripelastus.fi\/vaasa\/\",\"name\":\"Vaasan Meripelastusyhdistys\",\"description\":\"Vapaaehtoiset apunasi vesill\u00e4\",\"potentialAction\":[{\"@type\":\"SearchAction\",\"target\":{\"@type\":\"EntryPoint\",\"urlTemplate\":\"https:\/\/meripelastus.fi\/vaasa\/?s={search_term_string}\"},\"query-input\":{\"@type\":\"PropertyValueSpecification\",\"valueRequired\":true,\"valueName\":\"search_term_string\"}}],\"inLanguage\":\"fi\"}]}<\/script>\n<!-- \/ Yoast SEO Premium plugin. -->","yoast_head_json":{"title":"Tukijat ja yhteisty\u00f6kumppanit - Vaasan Meripelastusyhdistys","robots":{"index":"index","follow":"follow","max-snippet":"max-snippet:-1","max-image-preview":"max-image-preview:large","max-video-preview":"max-video-preview:-1"},"canonical":"https:\/\/meripelastus.fi\/vaasa\/etusivu\/tukijat\/","og_locale":"fi_FI","og_type":"article","og_title":"Tukijat ja yhteisty\u00f6kumppanit","og_description":"Tukijamme pit\u00e4v\u00e4t pelastajat merell\u00e4! Suomen Meripelastusseura hoitaa noin 30 % Suomen vesist\u00f6pelastuksesta kustannuksin, joita ei voi verrata muuhun j\u00e4rjest\u00e4mistapaan. Etsimme koko ajan yhteisty\u00f6kumppaneita, jotka ovat valmiita tukemaan pelastustoimintaa Merenkurkussa. Meripelastusseura tekee yhteiskunnallisesti arvokasta ty\u00f6t\u00e4, jonka voitte kertoa sidosryhmillenne. Ja olla samalla pelastusty\u00f6ss\u00e4 mukana. Tukiyrityksill\u00e4mme on mahdollisuus hy\u00f6dynt\u00e4\u00e4 yhteisty\u00f6t\u00e4mme sidosryhm\u00e4viestinn\u00e4ss\u00e4\u00e4n ja markkinoinnissaan. Vapaaehtoinen meripelastustoiminta her\u00e4tt\u00e4\u00e4 vain [&hellip;]","og_url":"https:\/\/meripelastus.fi\/vaasa\/etusivu\/tukijat\/","og_site_name":"Vaasan Meripelastusyhdistys","article_modified_time":"2025-12-07T19:45:49+00:00","twitter_card":"summary_large_image","twitter_misc":{"Arvioitu lukuaika":"1 minuutti"},"schema":{"@context":"https:\/\/schema.org","@graph":[{"@type":"WebPage","@id":"https:\/\/meripelastus.fi\/vaasa\/etusivu\/tukijat\/","url":"https:\/\/meripelastus.fi\/vaasa\/etusivu\/tukijat\/","name":"Tukijat ja yhteisty\u00f6kumppanit - Vaasan Meripelastusyhdistys","isPartOf":{"@id":"https:\/\/meripelastus.fi\/vaasa\/#website"},"datePublished":"2021-04-30T16:51:23+00:00","dateModified":"2025-12-07T19:45:49+00:00","breadcrumb":{"@id":"https:\/\/meripelastus.fi\/vaasa\/etusivu\/tukijat\/#breadcrumb"},"inLanguage":"fi","potentialAction":[{"@type":"ReadAction","target":["https:\/\/meripelastus.fi\/vaasa\/etusivu\/tukijat\/"]}]},{"@type":"BreadcrumbList","@id":"https:\/\/meripelastus.fi\/vaasa\/etusivu\/tukijat\/#breadcrumb","itemListElement":[{"@type":"ListItem","position":1,"name":"Etusivu","item":"https:\/\/meripelastus.fi\/vaasa\/"},{"@type":"ListItem","position":2,"name":"Vaasan Meripelastusyhdistys","item":"https:\/\/meripelastus.fi\/vaasa\/"},{"@type":"ListItem","position":3,"name":"Tukijat ja yhteisty\u00f6kumppanit"}]},{"@type":"WebSite","@id":"https:\/\/meripelastus.fi\/vaasa\/#website","url":"https:\/\/meripelastus.fi\/vaasa\/","name":"Vaasan Meripelastusyhdistys","description":"Vapaaehtoiset apunasi vesill\u00e4","potentialAction":[{"@type":"SearchAction","target":{"@type":"EntryPoint","urlTemplate":"https:\/\/meripelastus.fi\/vaasa\/?s={search_term_string}"},"query-input":{"@type":"PropertyValueSpecification","valueRequired":true,"valueName":"search_term_string"}}],"inLanguage":"fi"}]}},"_links":{"self":[{"href":"https:\/\/meripelastus.fi\/vaasa\/wp-json\/wp\/v2\/pages\/355","targetHints":{"allow":["GET"]}}],"collection":[{"href":"https:\/\/meripelastus.fi\/vaasa\/wp-json\/wp\/v2\/pages"}],"about":[{"href":"https:\/\/meripelastus.fi\/vaasa\/wp-json\/wp\/v2\/types\/page"}],"author":[{"embeddable":true,"href":"https:\/\/meripelastus.fi\/vaasa\/wp-json\/wp\/v2\/users\/87"}],"replies":[{"embeddable":true,"href":"https:\/\/meripelastus.fi\/vaasa\/wp-json\/wp\/v2\/comments?post=355"}],"version-history":[{"count":22,"href":"https:\/\/meripelastus.fi\/vaasa\/wp-json\/wp\/v2\/pages\/355\/revisions"}],"predecessor-version":[{"id":796,"href":"https:\/\/meripelastus.fi\/vaasa\/wp-json\/wp\/v2\/pages\/355\/revisions\/796"}],"up":[{"embeddable":true,"href":"https:\/\/meripelastus.fi\/vaasa\/wp-json\/wp\/v2\/pages\/4"}],"wp:attachment":[{"href":"https:\/\/meripelastus.fi\/vaasa\/wp-json\/wp\/v2\/media?parent=355"}],"curies":[{"name":"wp","href":"https:\/\/api.w.org\/{rel}","templated":true}]}}