{"id":28,"date":"2018-03-19T09:19:27","date_gmt":"2018-03-19T07:19:27","guid":{"rendered":"http:\/\/basetemplate.smpsyhdistykset.16.testivedos.com\/?page_id=28"},"modified":"2026-03-17T23:49:14","modified_gmt":"2026-03-17T21:49:14","slug":"crew","status":"publish","type":"page","link":"https:\/\/meripelastus.fi\/vaasa\/toiminta\/crew\/","title":{"rendered":"Crew"},"content":{"rendered":"\n<h3 class=\"wp-block-heading\" id=\"h-paallikot\">P\u00c4\u00c4LLIK\u00d6T<\/h3>\n\n\n\n<p>Lehtim\u00e4ki Mikko<\/p>\n\n\n\n<p>Kotaj\u00e4rvi Sami<\/p>\n\n\n\n<p>Koiranen Anton<\/p>\n\n\n\n<p>Flander Antti<\/p>\n\n\n\n<h3 class=\"wp-block-heading\" id=\"h-peramiehet\">PER\u00c4MIEHET<\/h3>\n\n\n\n<p>Tuori Jouni<\/p>\n\n\n\n<p>Hagn\u00e4s Niclas<\/p>\n\n\n\n<p>Vainionp\u00e4\u00e4 Teemu<\/p>\n\n\n\n<p>Nousiainen Akseli<\/p>\n\n\n\n<h3 class=\"wp-block-heading\" id=\"h-kansimiehet\">KANSIMIEHET<\/h3>\n\n\n\n<p>Kontiokari Alex<\/p>\n\n\n\n<p>Vierikko Arttu<\/p>\n\n\n\n<p>P\u00e4tsi Jaska<\/p>\n\n\n\n<p>Nevala Ida<\/p>\n\n\n\n<p>Bergwall Merja<\/p>\n\n\n\n<h3 class=\"wp-block-heading\" id=\"h-kansimiesharjoittelijat\">KANSIMIESHARJOITTELIJAT<\/h3>\n\n\n\n<p>M\u00e4kynen Rasmus<\/p>\n\n\n\n<p>Jansson Tobias<\/p>\n\n\n\n<p>Kankaanp\u00e4\u00e4 Inkeri<\/p>\n\n\n\n<p>Lundstr\u00f6m Jens<\/p>\n\n\n\n<p>Sillanp\u00e4\u00e4 Santtu<\/p>\n\n\n\n<p>Lang Rasmus<\/p>\n\n\n\n<p>Loo Casper<\/p>\n\n\n\n<p>Hirvo Akseli<\/p>\n\n\n\n<p>Per\u00e4l\u00e4 Silja<\/p>\n\n\n\n<h3 class=\"wp-block-heading\" id=\"h-tekniikka\">TEKNIIKKA<\/h3>\n\n\n\n<p>Loo Kaj-Erik (alusvastaava)<\/p>\n\n\n\n<p>Kallio Jani<\/p>\n\n\n\n<p>Heinonen Pertti<\/p>\n\n\n\n<h3 class=\"wp-block-heading\" id=\"h-evy-koulutus\">EVY-KOULUTUS<\/h3>\n\n\n\n<p>Piiroinen Ville (ryhm\u00e4n vastaava)<\/p>\n\n\n\n<p>Karlsson-Piiroinen Susanna<\/p>\n\n\n\n<p>Hyyrynen Miia<\/p>\n\n\n\n<p>Aho Aamos<\/p>\n\n\n\n<h3 class=\"wp-block-heading\" id=\"h-hallinto\"><strong>HALLINTO<\/strong><\/h3>\n\n\n\n<p>Majaniemi Tapio (puheenjohtaja)<\/p>\n\n\n\n<p>Kankaanp\u00e4\u00e4 Inkeri (taloushallinto)<\/p>\n\n\n\n<p><\/p>\n","protected":false},"excerpt":{"rendered":"<p>P\u00c4\u00c4LLIK\u00d6T Lehtim\u00e4ki Mikko Kotaj\u00e4rvi Sami Koiranen Anton Flander Antti PER\u00c4MIEHET Tuori Jouni Hagn\u00e4s Niclas Vainionp\u00e4\u00e4 Teemu Nousiainen Akseli KANSIMIEHET Kontiokari Alex Vierikko Arttu P\u00e4tsi Jaska Nevala Ida Bergwall Merja KANSIMIESHARJOITTELIJAT M\u00e4kynen Rasmus Jansson Tobias Kankaanp\u00e4\u00e4 Inkeri Lundstr\u00f6m Jens Sillanp\u00e4\u00e4 Santtu Lang Rasmus Loo Casper Hirvo Akseli Per\u00e4l\u00e4 Silja TEKNIIKKA Loo Kaj-Erik (alusvastaava) Kallio Jani Heinonen [&hellip;]<\/p>\n","protected":false},"author":1,"featured_media":0,"parent":20,"menu_order":0,"comment_status":"closed","ping_status":"closed","template":"","meta":{"_acf_changed":false,"inline_featured_image":false,"footnotes":""},"class_list":["post-28","page","type-page","status-publish","hentry"],"acf":[],"yoast_head":"<!-- This site is optimized with the Yoast SEO Premium plugin v27.2 (Yoast SEO v27.2) - https:\/\/yoast.com\/product\/yoast-seo-premium-wordpress\/ -->\n<title>Crew - Vaasan Meripelastusyhdistys<\/title>\n<meta name=\"robots\" content=\"index, follow, max-snippet:-1, max-image-preview:large, max-video-preview:-1\" \/>\n<link rel=\"canonical\" href=\"https:\/\/meripelastus.fi\/vaasa\/toiminta\/crew\/\" \/>\n<meta property=\"og:locale\" content=\"fi_FI\" \/>\n<meta property=\"og:type\" content=\"article\" \/>\n<meta property=\"og:title\" content=\"Crew\" \/>\n<meta property=\"og:description\" content=\"P\u00c4\u00c4LLIK\u00d6T Lehtim\u00e4ki Mikko Kotaj\u00e4rvi Sami Koiranen Anton Flander Antti PER\u00c4MIEHET Tuori Jouni Hagn\u00e4s Niclas Vainionp\u00e4\u00e4 Teemu Nousiainen Akseli KANSIMIEHET Kontiokari Alex Vierikko Arttu P\u00e4tsi Jaska Nevala Ida Bergwall Merja KANSIMIESHARJOITTELIJAT M\u00e4kynen Rasmus Jansson Tobias Kankaanp\u00e4\u00e4 Inkeri Lundstr\u00f6m Jens Sillanp\u00e4\u00e4 Santtu Lang Rasmus Loo Casper Hirvo Akseli Per\u00e4l\u00e4 Silja TEKNIIKKA Loo Kaj-Erik (alusvastaava) Kallio Jani Heinonen [&hellip;]\" \/>\n<meta property=\"og:url\" content=\"https:\/\/meripelastus.fi\/vaasa\/toiminta\/crew\/\" \/>\n<meta property=\"og:site_name\" content=\"Vaasan Meripelastusyhdistys\" \/>\n<meta property=\"article:modified_time\" content=\"2026-03-17T21:49:14+00:00\" \/>\n<meta name=\"twitter:card\" content=\"summary_large_image\" \/>\n<meta name=\"twitter:label1\" content=\"Arvioitu lukuaika\" \/>\n\t<meta name=\"twitter:data1\" content=\"1 minuutti\" \/>\n<script type=\"application\/ld+json\" class=\"yoast-schema-graph\">{\"@context\":\"https:\/\/schema.org\",\"@graph\":[{\"@type\":\"WebPage\",\"@id\":\"https:\/\/meripelastus.fi\/vaasa\/toiminta\/crew\/\",\"url\":\"https:\/\/meripelastus.fi\/vaasa\/toiminta\/crew\/\",\"name\":\"Crew - Vaasan Meripelastusyhdistys\",\"isPartOf\":{\"@id\":\"https:\/\/meripelastus.fi\/vaasa\/#website\"},\"datePublished\":\"2018-03-19T07:19:27+00:00\",\"dateModified\":\"2026-03-17T21:49:14+00:00\",\"breadcrumb\":{\"@id\":\"https:\/\/meripelastus.fi\/vaasa\/toiminta\/crew\/#breadcrumb\"},\"inLanguage\":\"fi\",\"potentialAction\":[{\"@type\":\"ReadAction\",\"target\":[\"https:\/\/meripelastus.fi\/vaasa\/toiminta\/crew\/\"]}]},{\"@type\":\"BreadcrumbList\",\"@id\":\"https:\/\/meripelastus.fi\/vaasa\/toiminta\/crew\/#breadcrumb\",\"itemListElement\":[{\"@type\":\"ListItem\",\"position\":1,\"name\":\"Etusivu\",\"item\":\"https:\/\/meripelastus.fi\/vaasa\/\"},{\"@type\":\"ListItem\",\"position\":2,\"name\":\"Toiminta\",\"item\":\"https:\/\/meripelastus.fi\/vaasa\/toiminta\/\"},{\"@type\":\"ListItem\",\"position\":3,\"name\":\"Crew\"}]},{\"@type\":\"WebSite\",\"@id\":\"https:\/\/meripelastus.fi\/vaasa\/#website\",\"url\":\"https:\/\/meripelastus.fi\/vaasa\/\",\"name\":\"Vaasan Meripelastusyhdistys\",\"description\":\"Vapaaehtoiset apunasi vesill\u00e4\",\"potentialAction\":[{\"@type\":\"SearchAction\",\"target\":{\"@type\":\"EntryPoint\",\"urlTemplate\":\"https:\/\/meripelastus.fi\/vaasa\/?s={search_term_string}\"},\"query-input\":{\"@type\":\"PropertyValueSpecification\",\"valueRequired\":true,\"valueName\":\"search_term_string\"}}],\"inLanguage\":\"fi\"}]}<\/script>\n<!-- \/ Yoast SEO Premium plugin. -->","yoast_head_json":{"title":"Crew - Vaasan Meripelastusyhdistys","robots":{"index":"index","follow":"follow","max-snippet":"max-snippet:-1","max-image-preview":"max-image-preview:large","max-video-preview":"max-video-preview:-1"},"canonical":"https:\/\/meripelastus.fi\/vaasa\/toiminta\/crew\/","og_locale":"fi_FI","og_type":"article","og_title":"Crew","og_description":"P\u00c4\u00c4LLIK\u00d6T Lehtim\u00e4ki Mikko Kotaj\u00e4rvi Sami Koiranen Anton Flander Antti PER\u00c4MIEHET Tuori Jouni Hagn\u00e4s Niclas Vainionp\u00e4\u00e4 Teemu Nousiainen Akseli KANSIMIEHET Kontiokari Alex Vierikko Arttu P\u00e4tsi Jaska Nevala Ida Bergwall Merja KANSIMIESHARJOITTELIJAT M\u00e4kynen Rasmus Jansson Tobias Kankaanp\u00e4\u00e4 Inkeri Lundstr\u00f6m Jens Sillanp\u00e4\u00e4 Santtu Lang Rasmus Loo Casper Hirvo Akseli Per\u00e4l\u00e4 Silja TEKNIIKKA Loo Kaj-Erik (alusvastaava) Kallio Jani Heinonen [&hellip;]","og_url":"https:\/\/meripelastus.fi\/vaasa\/toiminta\/crew\/","og_site_name":"Vaasan Meripelastusyhdistys","article_modified_time":"2026-03-17T21:49:14+00:00","twitter_card":"summary_large_image","twitter_misc":{"Arvioitu lukuaika":"1 minuutti"},"schema":{"@context":"https:\/\/schema.org","@graph":[{"@type":"WebPage","@id":"https:\/\/meripelastus.fi\/vaasa\/toiminta\/crew\/","url":"https:\/\/meripelastus.fi\/vaasa\/toiminta\/crew\/","name":"Crew - Vaasan Meripelastusyhdistys","isPartOf":{"@id":"https:\/\/meripelastus.fi\/vaasa\/#website"},"datePublished":"2018-03-19T07:19:27+00:00","dateModified":"2026-03-17T21:49:14+00:00","breadcrumb":{"@id":"https:\/\/meripelastus.fi\/vaasa\/toiminta\/crew\/#breadcrumb"},"inLanguage":"fi","potentialAction":[{"@type":"ReadAction","target":["https:\/\/meripelastus.fi\/vaasa\/toiminta\/crew\/"]}]},{"@type":"BreadcrumbList","@id":"https:\/\/meripelastus.fi\/vaasa\/toiminta\/crew\/#breadcrumb","itemListElement":[{"@type":"ListItem","position":1,"name":"Etusivu","item":"https:\/\/meripelastus.fi\/vaasa\/"},{"@type":"ListItem","position":2,"name":"Toiminta","item":"https:\/\/meripelastus.fi\/vaasa\/toiminta\/"},{"@type":"ListItem","position":3,"name":"Crew"}]},{"@type":"WebSite","@id":"https:\/\/meripelastus.fi\/vaasa\/#website","url":"https:\/\/meripelastus.fi\/vaasa\/","name":"Vaasan Meripelastusyhdistys","description":"Vapaaehtoiset apunasi vesill\u00e4","potentialAction":[{"@type":"SearchAction","target":{"@type":"EntryPoint","urlTemplate":"https:\/\/meripelastus.fi\/vaasa\/?s={search_term_string}"},"query-input":{"@type":"PropertyValueSpecification","valueRequired":true,"valueName":"search_term_string"}}],"inLanguage":"fi"}]}},"_links":{"self":[{"href":"https:\/\/meripelastus.fi\/vaasa\/wp-json\/wp\/v2\/pages\/28","targetHints":{"allow":["GET"]}}],"collection":[{"href":"https:\/\/meripelastus.fi\/vaasa\/wp-json\/wp\/v2\/pages"}],"about":[{"href":"https:\/\/meripelastus.fi\/vaasa\/wp-json\/wp\/v2\/types\/page"}],"author":[{"embeddable":true,"href":"https:\/\/meripelastus.fi\/vaasa\/wp-json\/wp\/v2\/users\/1"}],"replies":[{"embeddable":true,"href":"https:\/\/meripelastus.fi\/vaasa\/wp-json\/wp\/v2\/comments?post=28"}],"version-history":[{"count":52,"href":"https:\/\/meripelastus.fi\/vaasa\/wp-json\/wp\/v2\/pages\/28\/revisions"}],"predecessor-version":[{"id":810,"href":"https:\/\/meripelastus.fi\/vaasa\/wp-json\/wp\/v2\/pages\/28\/revisions\/810"}],"up":[{"embeddable":true,"href":"https:\/\/meripelastus.fi\/vaasa\/wp-json\/wp\/v2\/pages\/20"}],"wp:attachment":[{"href":"https:\/\/meripelastus.fi\/vaasa\/wp-json\/wp\/v2\/media?parent=28"}],"curies":[{"name":"wp","href":"https:\/\/api.w.org\/{rel}","templated":true}]}}