{"id":246,"date":"2018-03-19T09:18:43","date_gmt":"2018-03-19T07:18:43","guid":{"rendered":"https:\/\/meripelastus.fi\/vaasa-vedos\/verksamhet\/halytysohje\/"},"modified":"2024-01-11T13:33:58","modified_gmt":"2024-01-11T11:33:58","slug":"alarmanvisning","status":"publish","type":"page","link":"https:\/\/meripelastus.fi\/vaasa\/sv\/verksamhet\/alarmanvisning\/","title":{"rendered":"Alarmanvisning"},"content":{"rendered":"\n<h2 class=\"wp-block-heading\">Alarmanvisning<\/h2>\n\n\n\n<p>Sj\u00f6r\u00e4ddningens alarmnummer&nbsp;<b>0294 1000<\/b><br>Eller VHF-kanal&nbsp;<b>16 \/ VHF-DSC 70<\/b><br>Allm\u00e4nt n\u00f6dnummer&nbsp;<b>112<\/b><\/p>\n\n\n\n<ol class=\"wp-block-list\">\n<li>Ber\u00e4tta (fartygets) namn och kontaktuppgifter<\/li>\n\n\n\n<li>Ber\u00e4tta exakt var olyckan skett<\/li>\n\n\n\n<li>Ber\u00e4tta vad som har h\u00e4nt<\/li>\n\n\n\n<li>Hur m\u00e5nga m\u00e4nniskor \u00e4r i fara, finns det skadade?<\/li>\n\n\n\n<li>Ber\u00e4tta hurudan hj\u00e4lp det beh\u00f6vs<\/li>\n\n\n\n<li>Avbryt inte kontakten f\u00f6rr\u00e4n du f\u00e5tt lov<\/li>\n<\/ol>\n","protected":false},"excerpt":{"rendered":"<p>Alarmanvisning Sj\u00f6r\u00e4ddningens alarmnummer&nbsp;0294 1000Eller VHF-kanal&nbsp;16 \/ VHF-DSC 70Allm\u00e4nt n\u00f6dnummer&nbsp;112<\/p>\n","protected":false},"author":1,"featured_media":0,"parent":211,"menu_order":0,"comment_status":"closed","ping_status":"closed","template":"","meta":{"_acf_changed":false,"inline_featured_image":false,"footnotes":""},"class_list":["post-246","page","type-page","status-publish","hentry"],"acf":[],"yoast_head":"<!-- This site is optimized with the Yoast SEO Premium plugin v27.4 (Yoast SEO v27.4) - https:\/\/yoast.com\/product\/yoast-seo-premium-wordpress\/ -->\n<title>Alarmanvisning - Vaasan Meripelastusyhdistys<\/title>\n<meta name=\"robots\" content=\"index, follow, max-snippet:-1, max-image-preview:large, max-video-preview:-1\" \/>\n<link rel=\"canonical\" href=\"https:\/\/meripelastus.fi\/vaasa\/sv\/verksamhet\/alarmanvisning\/\" \/>\n<meta property=\"og:locale\" content=\"fi_FI\" \/>\n<meta property=\"og:type\" content=\"article\" \/>\n<meta property=\"og:title\" content=\"Alarmanvisning\" \/>\n<meta property=\"og:description\" content=\"Alarmanvisning Sj\u00f6r\u00e4ddningens alarmnummer&nbsp;0294 1000Eller VHF-kanal&nbsp;16 \/ VHF-DSC 70Allm\u00e4nt n\u00f6dnummer&nbsp;112\" \/>\n<meta property=\"og:url\" content=\"https:\/\/meripelastus.fi\/vaasa\/sv\/verksamhet\/alarmanvisning\/\" \/>\n<meta property=\"og:site_name\" content=\"Vaasan Meripelastusyhdistys\" \/>\n<meta property=\"article:modified_time\" content=\"2024-01-11T11:33:58+00:00\" \/>\n<meta name=\"twitter:card\" content=\"summary_large_image\" \/>\n<meta name=\"twitter:label1\" content=\"Arvioitu lukuaika\" \/>\n\t<meta name=\"twitter:data1\" content=\"1 minuutti\" \/>\n<script type=\"application\/ld+json\" class=\"yoast-schema-graph\">{\"@context\":\"https:\\\/\\\/schema.org\",\"@graph\":[{\"@type\":\"WebPage\",\"@id\":\"https:\\\/\\\/meripelastus.fi\\\/vaasa\\\/sv\\\/verksamhet\\\/alarmanvisning\\\/\",\"url\":\"https:\\\/\\\/meripelastus.fi\\\/vaasa\\\/sv\\\/verksamhet\\\/alarmanvisning\\\/\",\"name\":\"Alarmanvisning - Vaasan Meripelastusyhdistys\",\"isPartOf\":{\"@id\":\"https:\\\/\\\/meripelastus.fi\\\/vaasa\\\/#website\"},\"datePublished\":\"2018-03-19T07:18:43+00:00\",\"dateModified\":\"2024-01-11T11:33:58+00:00\",\"breadcrumb\":{\"@id\":\"https:\\\/\\\/meripelastus.fi\\\/vaasa\\\/sv\\\/verksamhet\\\/alarmanvisning\\\/#breadcrumb\"},\"inLanguage\":\"fi\",\"potentialAction\":[{\"@type\":\"ReadAction\",\"target\":[\"https:\\\/\\\/meripelastus.fi\\\/vaasa\\\/sv\\\/verksamhet\\\/alarmanvisning\\\/\"]}]},{\"@type\":\"BreadcrumbList\",\"@id\":\"https:\\\/\\\/meripelastus.fi\\\/vaasa\\\/sv\\\/verksamhet\\\/alarmanvisning\\\/#breadcrumb\",\"itemListElement\":[{\"@type\":\"ListItem\",\"position\":1,\"name\":\"Etusivu\",\"item\":\"https:\\\/\\\/meripelastus.fi\\\/vaasa\\\/\"},{\"@type\":\"ListItem\",\"position\":2,\"name\":\"Verksamhet\",\"item\":\"https:\\\/\\\/meripelastus.fi\\\/vaasa\\\/sv\\\/verksamhet\\\/\"},{\"@type\":\"ListItem\",\"position\":3,\"name\":\"Alarmanvisning\"}]},{\"@type\":\"WebSite\",\"@id\":\"https:\\\/\\\/meripelastus.fi\\\/vaasa\\\/#website\",\"url\":\"https:\\\/\\\/meripelastus.fi\\\/vaasa\\\/\",\"name\":\"Vaasan Meripelastusyhdistys\",\"description\":\"Vapaaehtoiset apunasi vesill\u00e4\",\"potentialAction\":[{\"@type\":\"SearchAction\",\"target\":{\"@type\":\"EntryPoint\",\"urlTemplate\":\"https:\\\/\\\/meripelastus.fi\\\/vaasa\\\/?s={search_term_string}\"},\"query-input\":{\"@type\":\"PropertyValueSpecification\",\"valueRequired\":true,\"valueName\":\"search_term_string\"}}],\"inLanguage\":\"fi\"}]}<\/script>\n<!-- \/ Yoast SEO Premium plugin. -->","yoast_head_json":{"title":"Alarmanvisning - Vaasan Meripelastusyhdistys","robots":{"index":"index","follow":"follow","max-snippet":"max-snippet:-1","max-image-preview":"max-image-preview:large","max-video-preview":"max-video-preview:-1"},"canonical":"https:\/\/meripelastus.fi\/vaasa\/sv\/verksamhet\/alarmanvisning\/","og_locale":"fi_FI","og_type":"article","og_title":"Alarmanvisning","og_description":"Alarmanvisning Sj\u00f6r\u00e4ddningens alarmnummer&nbsp;0294 1000Eller VHF-kanal&nbsp;16 \/ VHF-DSC 70Allm\u00e4nt n\u00f6dnummer&nbsp;112","og_url":"https:\/\/meripelastus.fi\/vaasa\/sv\/verksamhet\/alarmanvisning\/","og_site_name":"Vaasan Meripelastusyhdistys","article_modified_time":"2024-01-11T11:33:58+00:00","twitter_card":"summary_large_image","twitter_misc":{"Arvioitu lukuaika":"1 minuutti"},"schema":{"@context":"https:\/\/schema.org","@graph":[{"@type":"WebPage","@id":"https:\/\/meripelastus.fi\/vaasa\/sv\/verksamhet\/alarmanvisning\/","url":"https:\/\/meripelastus.fi\/vaasa\/sv\/verksamhet\/alarmanvisning\/","name":"Alarmanvisning - Vaasan Meripelastusyhdistys","isPartOf":{"@id":"https:\/\/meripelastus.fi\/vaasa\/#website"},"datePublished":"2018-03-19T07:18:43+00:00","dateModified":"2024-01-11T11:33:58+00:00","breadcrumb":{"@id":"https:\/\/meripelastus.fi\/vaasa\/sv\/verksamhet\/alarmanvisning\/#breadcrumb"},"inLanguage":"fi","potentialAction":[{"@type":"ReadAction","target":["https:\/\/meripelastus.fi\/vaasa\/sv\/verksamhet\/alarmanvisning\/"]}]},{"@type":"BreadcrumbList","@id":"https:\/\/meripelastus.fi\/vaasa\/sv\/verksamhet\/alarmanvisning\/#breadcrumb","itemListElement":[{"@type":"ListItem","position":1,"name":"Etusivu","item":"https:\/\/meripelastus.fi\/vaasa\/"},{"@type":"ListItem","position":2,"name":"Verksamhet","item":"https:\/\/meripelastus.fi\/vaasa\/sv\/verksamhet\/"},{"@type":"ListItem","position":3,"name":"Alarmanvisning"}]},{"@type":"WebSite","@id":"https:\/\/meripelastus.fi\/vaasa\/#website","url":"https:\/\/meripelastus.fi\/vaasa\/","name":"Vaasan Meripelastusyhdistys","description":"Vapaaehtoiset apunasi vesill\u00e4","potentialAction":[{"@type":"SearchAction","target":{"@type":"EntryPoint","urlTemplate":"https:\/\/meripelastus.fi\/vaasa\/?s={search_term_string}"},"query-input":{"@type":"PropertyValueSpecification","valueRequired":true,"valueName":"search_term_string"}}],"inLanguage":"fi"}]}},"_links":{"self":[{"href":"https:\/\/meripelastus.fi\/vaasa\/wp-json\/wp\/v2\/pages\/246","targetHints":{"allow":["GET"]}}],"collection":[{"href":"https:\/\/meripelastus.fi\/vaasa\/wp-json\/wp\/v2\/pages"}],"about":[{"href":"https:\/\/meripelastus.fi\/vaasa\/wp-json\/wp\/v2\/types\/page"}],"author":[{"embeddable":true,"href":"https:\/\/meripelastus.fi\/vaasa\/wp-json\/wp\/v2\/users\/1"}],"replies":[{"embeddable":true,"href":"https:\/\/meripelastus.fi\/vaasa\/wp-json\/wp\/v2\/comments?post=246"}],"version-history":[{"count":3,"href":"https:\/\/meripelastus.fi\/vaasa\/wp-json\/wp\/v2\/pages\/246\/revisions"}],"predecessor-version":[{"id":656,"href":"https:\/\/meripelastus.fi\/vaasa\/wp-json\/wp\/v2\/pages\/246\/revisions\/656"}],"up":[{"embeddable":true,"href":"https:\/\/meripelastus.fi\/vaasa\/wp-json\/wp\/v2\/pages\/211"}],"wp:attachment":[{"href":"https:\/\/meripelastus.fi\/vaasa\/wp-json\/wp\/v2\/media?parent=246"}],"curies":[{"name":"wp","href":"https:\/\/api.w.org\/{rel}","templated":true}]}}