{"id":22,"date":"2018-03-19T09:18:43","date_gmt":"2018-03-19T07:18:43","guid":{"rendered":"http:\/\/basetemplate.smpsyhdistykset.16.testivedos.com\/?page_id=22"},"modified":"2021-04-30T19:31:32","modified_gmt":"2021-04-30T16:31:32","slug":"halytysohje","status":"publish","type":"page","link":"https:\/\/meripelastus.fi\/vaasa\/toiminta\/halytysohje\/","title":{"rendered":"H\u00e4lytysohje"},"content":{"rendered":"<div class=\"title\">\n<h2 id=\"page-title\" class=\"title\">H\u00e4t\u00e4tilanteissa toimi n\u00e4in:<\/h2>\n<\/div>\n<div class=\"region region-content\">\n<div id=\"block-system-main\" class=\"block-shadow block block-system first last odd\">\n<div class=\"content\">\n<div id=\"node-5\" class=\"node node-page view-mode-full clearfix\">\n<div class=\"content\">\n<div class=\"field field-name-body field-type-text-with-summary field-label-hidden\">\n<div class=\"field-items\">\n<div class=\"field-item even\">\n<p>Merell\u00e4 meripelastuksen h\u00e4lytysnumero<span>\u00a0<\/span><b>0294 1000<\/b><br \/>\nTai VHF-kanava<span>\u00a0<\/span><b>16 \/ VHF-DSC 70<\/b><br \/>\nSis\u00e4vesill\u00e4 yleinen h\u00e4t\u00e4numero<span>\u00a0<\/span><b>112<\/b><\/p>\n<ol>\n<li>Kerro (aluksesi) nimi ja yhteystiedot<\/li>\n<li>Kerro tarkka tapahtumapaikka<\/li>\n<li>Kerro mit\u00e4 on tapahtunut<\/li>\n<li>Montako ihmist\u00e4 on vaarassa, onko loukkaantuneita?<\/li>\n<li>Kerro mit\u00e4 apua tarvitaan<\/li>\n<li>\u00c4l\u00e4 katkaise yhteytt\u00e4 ennen kuin saat luvan<\/li>\n<\/ol>\n<div class=\"module\">\n<div class=\"title\">\n<h2>Alarmanvisning<\/h2>\n<\/div>\n<p>Sj\u00f6r\u00e4ddningens alarmnummer<span>\u00a0<\/span><b>0294 1000<\/b><br \/>\nEller VHF-kanal<span>\u00a0<\/span><b>16 \/ VHF-DSC 70<\/b><br \/>\nAllm\u00e4nt n\u00f6dnummer<span>\u00a0<\/span><b>112<\/b><\/p>\n<ol>\n<li>Ber\u00e4tta (fartygets) namn och kontaktuppgifter<\/li>\n<li>Ber\u00e4tta exakt var olyckan skett<\/li>\n<li>Ber\u00e4tta vad som har h\u00e4nt<\/li>\n<li>Hur m\u00e5nga m\u00e4nniskor \u00e4r i fara, finns det skadade?<\/li>\n<li>Ber\u00e4tta hurudan hj\u00e4lp det beh\u00f6vs<\/li>\n<li>Avbryt inte kontakten f\u00f6rr\u00e4n du f\u00e5tt lov<\/li>\n<\/ol>\n<\/div>\n<div class=\"module\">\n<div class=\"title\">\n<h2>Emergency instructions<\/h2>\n<\/div>\n<p>Distress calls to the Maritime Rescue Centre via VHF ch<span>\u00a0<\/span><b>16 \/ VHF-DSC 70<\/b><br \/>\nor by telephone<span>\u00a0<\/span><b>+358-294 1000<\/b><span>\u00a0<\/span>(international)<span>\u00a0<\/span><b>0294 1000<\/b><span>\u00a0<\/span>(national)<\/p>\n<ol>\n<li>Tell your (ships) name and contact information<\/li>\n<li>Tell your position<\/li>\n<li>Tell what has happened<\/li>\n<li>How many people are in danger, how many are injured ?<\/li>\n<li>Tell what kind of help is needed<\/li>\n<li>Do not hang up before you get premission to do so<\/li>\n<\/ol>\n<\/div>\n<\/div>\n<\/div>\n<\/div>\n<\/div>\n<\/div>\n<\/div>\n<\/div>\n<\/div>\n","protected":false},"excerpt":{"rendered":"<p>H\u00e4t\u00e4tilanteissa toimi n\u00e4in: Merell\u00e4 meripelastuksen h\u00e4lytysnumero\u00a00294 1000 Tai VHF-kanava\u00a016 \/ VHF-DSC 70 Sis\u00e4vesill\u00e4 yleinen h\u00e4t\u00e4numero\u00a0112 Kerro (aluksesi) nimi ja yhteystiedot Kerro tarkka tapahtumapaikka Kerro mit\u00e4 on tapahtunut Montako ihmist\u00e4 on vaarassa, onko loukkaantuneita? Kerro mit\u00e4 apua tarvitaan \u00c4l\u00e4 katkaise yhteytt\u00e4 ennen kuin saat luvan Alarmanvisning Sj\u00f6r\u00e4ddningens alarmnummer\u00a00294 1000 Eller VHF-kanal\u00a016 \/ VHF-DSC 70 Allm\u00e4nt n\u00f6dnummer\u00a0112 [&hellip;]<\/p>\n","protected":false},"author":1,"featured_media":0,"parent":20,"menu_order":0,"comment_status":"closed","ping_status":"closed","template":"","meta":{"_acf_changed":false,"inline_featured_image":false,"footnotes":""},"class_list":["post-22","page","type-page","status-publish","hentry"],"acf":[],"yoast_head":"<!-- This site is optimized with the Yoast SEO Premium plugin v27.2 (Yoast SEO v27.2) - https:\/\/yoast.com\/product\/yoast-seo-premium-wordpress\/ -->\n<title>H\u00e4lytysohje - Vaasan Meripelastusyhdistys<\/title>\n<meta name=\"robots\" content=\"index, follow, max-snippet:-1, max-image-preview:large, max-video-preview:-1\" \/>\n<link rel=\"canonical\" href=\"https:\/\/meripelastus.fi\/vaasa\/toiminta\/halytysohje\/\" \/>\n<meta property=\"og:locale\" content=\"fi_FI\" \/>\n<meta property=\"og:type\" content=\"article\" \/>\n<meta property=\"og:title\" content=\"H\u00e4lytysohje\" \/>\n<meta property=\"og:description\" content=\"H\u00e4t\u00e4tilanteissa toimi n\u00e4in: Merell\u00e4 meripelastuksen h\u00e4lytysnumero\u00a00294 1000 Tai VHF-kanava\u00a016 \/ VHF-DSC 70 Sis\u00e4vesill\u00e4 yleinen h\u00e4t\u00e4numero\u00a0112 Kerro (aluksesi) nimi ja yhteystiedot Kerro tarkka tapahtumapaikka Kerro mit\u00e4 on tapahtunut Montako ihmist\u00e4 on vaarassa, onko loukkaantuneita? Kerro mit\u00e4 apua tarvitaan \u00c4l\u00e4 katkaise yhteytt\u00e4 ennen kuin saat luvan Alarmanvisning Sj\u00f6r\u00e4ddningens alarmnummer\u00a00294 1000 Eller VHF-kanal\u00a016 \/ VHF-DSC 70 Allm\u00e4nt n\u00f6dnummer\u00a0112 [&hellip;]\" \/>\n<meta property=\"og:url\" content=\"https:\/\/meripelastus.fi\/vaasa\/toiminta\/halytysohje\/\" \/>\n<meta property=\"og:site_name\" content=\"Vaasan Meripelastusyhdistys\" \/>\n<meta property=\"article:modified_time\" content=\"2021-04-30T16:31:32+00:00\" \/>\n<meta name=\"twitter:card\" content=\"summary_large_image\" \/>\n<meta name=\"twitter:label1\" content=\"Arvioitu lukuaika\" \/>\n\t<meta name=\"twitter:data1\" content=\"1 minuutti\" \/>\n<script type=\"application\/ld+json\" class=\"yoast-schema-graph\">{\"@context\":\"https:\/\/schema.org\",\"@graph\":[{\"@type\":\"WebPage\",\"@id\":\"https:\/\/meripelastus.fi\/vaasa\/toiminta\/halytysohje\/\",\"url\":\"https:\/\/meripelastus.fi\/vaasa\/toiminta\/halytysohje\/\",\"name\":\"H\u00e4lytysohje - Vaasan Meripelastusyhdistys\",\"isPartOf\":{\"@id\":\"https:\/\/meripelastus.fi\/vaasa\/#website\"},\"datePublished\":\"2018-03-19T07:18:43+00:00\",\"dateModified\":\"2021-04-30T16:31:32+00:00\",\"breadcrumb\":{\"@id\":\"https:\/\/meripelastus.fi\/vaasa\/toiminta\/halytysohje\/#breadcrumb\"},\"inLanguage\":\"fi\",\"potentialAction\":[{\"@type\":\"ReadAction\",\"target\":[\"https:\/\/meripelastus.fi\/vaasa\/toiminta\/halytysohje\/\"]}]},{\"@type\":\"BreadcrumbList\",\"@id\":\"https:\/\/meripelastus.fi\/vaasa\/toiminta\/halytysohje\/#breadcrumb\",\"itemListElement\":[{\"@type\":\"ListItem\",\"position\":1,\"name\":\"Etusivu\",\"item\":\"https:\/\/meripelastus.fi\/vaasa\/\"},{\"@type\":\"ListItem\",\"position\":2,\"name\":\"Toiminta\",\"item\":\"https:\/\/meripelastus.fi\/vaasa\/toiminta\/\"},{\"@type\":\"ListItem\",\"position\":3,\"name\":\"H\u00e4lytysohje\"}]},{\"@type\":\"WebSite\",\"@id\":\"https:\/\/meripelastus.fi\/vaasa\/#website\",\"url\":\"https:\/\/meripelastus.fi\/vaasa\/\",\"name\":\"Vaasan Meripelastusyhdistys\",\"description\":\"Vapaaehtoiset apunasi vesill\u00e4\",\"potentialAction\":[{\"@type\":\"SearchAction\",\"target\":{\"@type\":\"EntryPoint\",\"urlTemplate\":\"https:\/\/meripelastus.fi\/vaasa\/?s={search_term_string}\"},\"query-input\":{\"@type\":\"PropertyValueSpecification\",\"valueRequired\":true,\"valueName\":\"search_term_string\"}}],\"inLanguage\":\"fi\"}]}<\/script>\n<!-- \/ Yoast SEO Premium plugin. -->","yoast_head_json":{"title":"H\u00e4lytysohje - Vaasan Meripelastusyhdistys","robots":{"index":"index","follow":"follow","max-snippet":"max-snippet:-1","max-image-preview":"max-image-preview:large","max-video-preview":"max-video-preview:-1"},"canonical":"https:\/\/meripelastus.fi\/vaasa\/toiminta\/halytysohje\/","og_locale":"fi_FI","og_type":"article","og_title":"H\u00e4lytysohje","og_description":"H\u00e4t\u00e4tilanteissa toimi n\u00e4in: Merell\u00e4 meripelastuksen h\u00e4lytysnumero\u00a00294 1000 Tai VHF-kanava\u00a016 \/ VHF-DSC 70 Sis\u00e4vesill\u00e4 yleinen h\u00e4t\u00e4numero\u00a0112 Kerro (aluksesi) nimi ja yhteystiedot Kerro tarkka tapahtumapaikka Kerro mit\u00e4 on tapahtunut Montako ihmist\u00e4 on vaarassa, onko loukkaantuneita? Kerro mit\u00e4 apua tarvitaan \u00c4l\u00e4 katkaise yhteytt\u00e4 ennen kuin saat luvan Alarmanvisning Sj\u00f6r\u00e4ddningens alarmnummer\u00a00294 1000 Eller VHF-kanal\u00a016 \/ VHF-DSC 70 Allm\u00e4nt n\u00f6dnummer\u00a0112 [&hellip;]","og_url":"https:\/\/meripelastus.fi\/vaasa\/toiminta\/halytysohje\/","og_site_name":"Vaasan Meripelastusyhdistys","article_modified_time":"2021-04-30T16:31:32+00:00","twitter_card":"summary_large_image","twitter_misc":{"Arvioitu lukuaika":"1 minuutti"},"schema":{"@context":"https:\/\/schema.org","@graph":[{"@type":"WebPage","@id":"https:\/\/meripelastus.fi\/vaasa\/toiminta\/halytysohje\/","url":"https:\/\/meripelastus.fi\/vaasa\/toiminta\/halytysohje\/","name":"H\u00e4lytysohje - Vaasan Meripelastusyhdistys","isPartOf":{"@id":"https:\/\/meripelastus.fi\/vaasa\/#website"},"datePublished":"2018-03-19T07:18:43+00:00","dateModified":"2021-04-30T16:31:32+00:00","breadcrumb":{"@id":"https:\/\/meripelastus.fi\/vaasa\/toiminta\/halytysohje\/#breadcrumb"},"inLanguage":"fi","potentialAction":[{"@type":"ReadAction","target":["https:\/\/meripelastus.fi\/vaasa\/toiminta\/halytysohje\/"]}]},{"@type":"BreadcrumbList","@id":"https:\/\/meripelastus.fi\/vaasa\/toiminta\/halytysohje\/#breadcrumb","itemListElement":[{"@type":"ListItem","position":1,"name":"Etusivu","item":"https:\/\/meripelastus.fi\/vaasa\/"},{"@type":"ListItem","position":2,"name":"Toiminta","item":"https:\/\/meripelastus.fi\/vaasa\/toiminta\/"},{"@type":"ListItem","position":3,"name":"H\u00e4lytysohje"}]},{"@type":"WebSite","@id":"https:\/\/meripelastus.fi\/vaasa\/#website","url":"https:\/\/meripelastus.fi\/vaasa\/","name":"Vaasan Meripelastusyhdistys","description":"Vapaaehtoiset apunasi vesill\u00e4","potentialAction":[{"@type":"SearchAction","target":{"@type":"EntryPoint","urlTemplate":"https:\/\/meripelastus.fi\/vaasa\/?s={search_term_string}"},"query-input":{"@type":"PropertyValueSpecification","valueRequired":true,"valueName":"search_term_string"}}],"inLanguage":"fi"}]}},"_links":{"self":[{"href":"https:\/\/meripelastus.fi\/vaasa\/wp-json\/wp\/v2\/pages\/22","targetHints":{"allow":["GET"]}}],"collection":[{"href":"https:\/\/meripelastus.fi\/vaasa\/wp-json\/wp\/v2\/pages"}],"about":[{"href":"https:\/\/meripelastus.fi\/vaasa\/wp-json\/wp\/v2\/types\/page"}],"author":[{"embeddable":true,"href":"https:\/\/meripelastus.fi\/vaasa\/wp-json\/wp\/v2\/users\/1"}],"replies":[{"embeddable":true,"href":"https:\/\/meripelastus.fi\/vaasa\/wp-json\/wp\/v2\/comments?post=22"}],"version-history":[{"count":3,"href":"https:\/\/meripelastus.fi\/vaasa\/wp-json\/wp\/v2\/pages\/22\/revisions"}],"predecessor-version":[{"id":339,"href":"https:\/\/meripelastus.fi\/vaasa\/wp-json\/wp\/v2\/pages\/22\/revisions\/339"}],"up":[{"embeddable":true,"href":"https:\/\/meripelastus.fi\/vaasa\/wp-json\/wp\/v2\/pages\/20"}],"wp:attachment":[{"href":"https:\/\/meripelastus.fi\/vaasa\/wp-json\/wp\/v2\/media?parent=22"}],"curies":[{"name":"wp","href":"https:\/\/api.w.org\/{rel}","templated":true}]}}