{"id":8,"date":"2018-03-19T09:16:29","date_gmt":"2018-03-19T07:16:29","guid":{"rendered":"http:\/\/basetemplate.smpsyhdistykset.16.testivedos.com\/?page_id=8"},"modified":"2026-02-03T09:29:40","modified_gmt":"2026-02-03T07:29:40","slug":"tietoa-meista","status":"publish","type":"page","link":"https:\/\/meripelastus.fi\/uusikaupunki\/uusikaupunki\/tietoa-meista\/","title":{"rendered":"Tietoa meist\u00e4"},"content":{"rendered":"\n<p>P\u00e4\u00e4asiallinen teht\u00e4v\u00e4mme on avustaa veneilij\u00f6it\u00e4 toiminta-alueellamme, joka on Saaristomeren pohjoisosa sek\u00e4 etel\u00e4inen Selk\u00e4meri, ongelmien sattuessa, on se sitten konerikko, polttoaineen loppuminen tai karilleajo. Vakavampia tilanteita ei onneksi usein satu, mutta niidenkin varalle olemme varautuneet koulutuksin sek\u00e4 harjoitusten muodossa.<\/p>\n\n\n\n<p>Joko sinulta l\u00f6ytyy Trossi-palvelu n\u00e4iden tilanteiden varalle? T\u00e4ss\u00e4 kohtaa moni ehk\u00e4 miettii, mik\u00e4 ihmeen Trossi ja sivuuttaa asian.<\/p>\n\n\n\n<p>Tiesitk\u00f6, ett\u00e4 vesill\u00e4 toimintakyvytt\u00f6m\u00e4ksi joutuneen veneen pelastaminen on maksullista, jos ihmishenki\u00e4 ei ole vaarassa? Ihmiset vied\u00e4\u00e4n turvaan aina korvauksetta, mutta veneen siirrosta joudutaan perim\u00e4\u00e4n omakustannushinta. Summa voi olla jopa satoja euroja pelastusaluksen koosta ja teht\u00e4v\u00e4n pituudesta riippuen. Hankkimalla Meripelastusseuran Trossi j\u00e4senpalvelun varmistat my\u00f6s veneellesi maksuttoman avun. Samalla tuet vapaaehtoista meripelastusty\u00f6t\u00e4.<\/p>\n\n\n\n<p>Trossilla saat hinauksen l\u00e4himp\u00e4\u00e4n satamaan, mihin on saatavissa korjauspalveluita, apua korjaajan ja veneen v\u00e4liaikaisen s\u00e4ilytyspaikan hankkimisessa, vastaavan palvelun Ahvenanmaalla, Ruotsissa, Norjassa ja Tanskassa (tietyill\u00e4 alueilla).<\/p>\n\n\n\n<p>Ellei sinulta viel\u00e4 Trossia l\u00f6ydy, nyt kannattaa viimeist\u00e4\u00e4n lukea siit\u00e4 lis\u00e4\u00e4 ja hankkia se veneilyn turvaksi. Lis\u00e4tietoja asiasta&nbsp;sek\u00e4 liittymisohjeet l\u00f6yd\u00e4t kohdasta Meripelastusseura ja sielt\u00e4 Trossi-linkki.<\/p>\n\n\n\n<p>N\u00e4kyvyytt\u00e4 t\u00e4rke\u00e4lle vapaaehtoisty\u00f6lle saadaan my\u00f6s olemalla mukana esim. Uudenkaupungin kev\u00e4t- ja syysmarkkinoilla sek\u00e4 Puupaatei Pakkahuoneel-tapahtumassa, jonka hoitaa p\u00e4\u00e4asiassa tukijaos. Tukijaokseenkin otamme ilolla vastaan uusia innokkaita naisia toimintaan mukaan.<\/p>\n\n\n\n<p>Jos olet uutta harrastusta vailla ja merellinen toiminta kiinnostaa, ota rohkeasti yhteytt\u00e4 ja tule mukaan toimintaamme.&nbsp;<\/p>\n\n\n\n<p>J\u00e4seni\u00e4 yhdistyksess\u00e4 on n. 600, ja heist\u00e4 n. 25 henkil\u00f6\u00e4 on mukana aktiivitoiminnassa.<\/p>\n\n\n\n<p>Pelastustoimintaamme tukevat <span style=\"color: #ff6600\"><strong style=\"color: #ff6600\">Op Varsinais-Suomi <\/strong>, <\/span><span style=\"color: #000080\"><span style=\"color: #333399\"><strong>Uudenkaupungin kaupunki, <span style=\"color: #008080\">S\u00e4\u00e4st\u00f6pankki Kalanti-Pyh\u00e4ranta, <span style=\"color: #000000\">Uudenkaupungin Suomalaisen seuran s\u00e4\u00e4ti\u00f6, Vahterus <\/span><\/span><\/strong><span style=\"color: #008080\"><span style=\"color: #000000\">sek\u00e4  <\/span><\/span><strong><span style=\"color: #008080\"><span style=\"color: #000000\">Varha<\/span><\/span><\/strong><\/span><\/span><\/p>\n\n\n\n<p>Logoja klikkaamalla saat tietoa mm. ajankohtaisista pankkiasioista, kaupungimme palveluista ja tapahtumista, Suomalaisen seuran historiasta ja avustuksista sek\u00e4 levyl\u00e4mm\u00f6nsiirtimi\u00e4 tekev\u00e4st\u00e4 Vahteruksesta.<\/p>\n\n\n\n<figure class=\"wp-block-image size-large is-resized\"><a href=\"https:\/\/www.op.fi\/etusivu\"><img loading=\"lazy\" decoding=\"async\" width=\"1024\" height=\"185\" src=\"https:\/\/meripelastus.fi\/uusikaupunki\/wp-content\/uploads\/sites\/17\/2026\/02\/OP_Varsinais-Suomi_vasen_RGB-1024x185.png\" alt=\"\" class=\"wp-image-658\" style=\"width:331px;height:auto\" srcset=\"https:\/\/meripelastus.fi\/uusikaupunki\/wp-content\/uploads\/sites\/17\/2026\/02\/OP_Varsinais-Suomi_vasen_RGB-1024x185.png 1024w, https:\/\/meripelastus.fi\/uusikaupunki\/wp-content\/uploads\/sites\/17\/2026\/02\/OP_Varsinais-Suomi_vasen_RGB-300x54.png 300w, https:\/\/meripelastus.fi\/uusikaupunki\/wp-content\/uploads\/sites\/17\/2026\/02\/OP_Varsinais-Suomi_vasen_RGB-768x139.png 768w, https:\/\/meripelastus.fi\/uusikaupunki\/wp-content\/uploads\/sites\/17\/2026\/02\/OP_Varsinais-Suomi_vasen_RGB-1536x277.png 1536w, https:\/\/meripelastus.fi\/uusikaupunki\/wp-content\/uploads\/sites\/17\/2026\/02\/OP_Varsinais-Suomi_vasen_RGB-2048x370.png 2048w\" sizes=\"auto, (max-width: 1024px) 100vw, 1024px\" \/><\/a><\/figure>\n\n\n\n<p><\/p>\n\n\n\n<figure class=\"wp-block-image\"><a href=\"https:\/\/uusikaupunki.fi\/fi\"><img loading=\"lazy\" decoding=\"async\" width=\"300\" height=\"152\" src=\"https:\/\/meripelastus.fi\/uusikaupunki\/wp-content\/uploads\/sites\/17\/2025\/03\/uki_logo-300x152.jpg\" alt=\"\" class=\"wp-image-550\" srcset=\"https:\/\/meripelastus.fi\/uusikaupunki\/wp-content\/uploads\/sites\/17\/2025\/03\/uki_logo-300x152.jpg 300w, https:\/\/meripelastus.fi\/uusikaupunki\/wp-content\/uploads\/sites\/17\/2025\/03\/uki_logo.jpg 346w\" sizes=\"auto, (max-width: 300px) 100vw, 300px\" \/><\/a><\/figure>\n\n\n\n<p><\/p>\n\n\n\n<figure class=\"wp-block-image\"><a href=\"https:\/\/www.saastopankki.fi\/fi-fi\/pankit-ja-konttorit\/saastopankki-kalanti-pyharanta\"><img loading=\"lazy\" decoding=\"async\" width=\"247\" height=\"87\" src=\"https:\/\/meripelastus.fi\/uusikaupunki\/wp-content\/uploads\/sites\/17\/2025\/03\/Saastopankki_logo.jpg\" alt=\"\" class=\"wp-image-568\" \/><\/a><\/figure>\n\n\n\n<p><\/p>\n\n\n\n<figure class=\"wp-block-image\"><a href=\"https:\/\/vahterus.com\/?gad_source=1&amp;gclid=Cj0KCQiAoJC-BhCSARIsAPhdfSgQfslOheocZ2qp27qufV8cQ3dDcJI_0tVJ-9jh4ptYsvI0Zu2bL4oaArhQEALw_wcB\"><img loading=\"lazy\" decoding=\"async\" width=\"300\" height=\"66\" src=\"https:\/\/meripelastus.fi\/uusikaupunki\/wp-content\/uploads\/sites\/17\/2025\/03\/Vahterus-300x66.jpg\" alt=\"\" class=\"wp-image-571\" srcset=\"https:\/\/meripelastus.fi\/uusikaupunki\/wp-content\/uploads\/sites\/17\/2025\/03\/Vahterus-300x66.jpg 300w, https:\/\/meripelastus.fi\/uusikaupunki\/wp-content\/uploads\/sites\/17\/2025\/03\/Vahterus-350x77.jpg 350w, https:\/\/meripelastus.fi\/uusikaupunki\/wp-content\/uploads\/sites\/17\/2025\/03\/Vahterus.jpg 352w\" sizes=\"auto, (max-width: 300px) 100vw, 300px\" \/><\/a><\/figure>\n\n\n\n<p><\/p>\n\n\n\n<figure class=\"wp-block-image\"><a href=\"https:\/\/uginsss.fi\/\"><img loading=\"lazy\" decoding=\"async\" width=\"348\" height=\"83\" src=\"https:\/\/meripelastus.fi\/uusikaupunki\/wp-content\/uploads\/sites\/17\/2025\/05\/suomalaisen-seuran-saatio.jpg\" alt=\"\" class=\"wp-image-606\" srcset=\"https:\/\/meripelastus.fi\/uusikaupunki\/wp-content\/uploads\/sites\/17\/2025\/05\/suomalaisen-seuran-saatio.jpg 348w, https:\/\/meripelastus.fi\/uusikaupunki\/wp-content\/uploads\/sites\/17\/2025\/05\/suomalaisen-seuran-saatio-300x72.jpg 300w\" sizes=\"auto, (max-width: 348px) 100vw, 348px\" \/><\/a><\/figure>\n\n\n\n<figure class=\"wp-block-image size-full is-resized\"><a href=\"https:\/\/www.varha.fi\/fi\" target=\"_blank\" rel=\" noreferrer noopener\"><img loading=\"lazy\" decoding=\"async\" width=\"342\" height=\"142\" src=\"https:\/\/meripelastus.fi\/uusikaupunki\/wp-content\/uploads\/sites\/17\/2026\/01\/varha.jpg\" alt=\"\" class=\"wp-image-650\" style=\"width:277px;height:auto\" srcset=\"https:\/\/meripelastus.fi\/uusikaupunki\/wp-content\/uploads\/sites\/17\/2026\/01\/varha.jpg 342w, https:\/\/meripelastus.fi\/uusikaupunki\/wp-content\/uploads\/sites\/17\/2026\/01\/varha-300x125.jpg 300w\" sizes=\"auto, (max-width: 342px) 100vw, 342px\" \/><\/a><\/figure>\n\n\n\n<p><\/p>\n","protected":false},"excerpt":{"rendered":"<p>P\u00e4\u00e4asiallinen teht\u00e4v\u00e4mme on avustaa veneilij\u00f6it\u00e4 toiminta-alueellamme, joka on Saaristomeren pohjoisosa sek\u00e4 etel\u00e4inen Selk\u00e4meri, ongelmien sattuessa, on se sitten konerikko, polttoaineen loppuminen tai karilleajo. Vakavampia tilanteita ei onneksi usein satu, mutta niidenkin varalle olemme varautuneet koulutuksin sek\u00e4 harjoitusten muodossa. Joko sinulta l\u00f6ytyy Trossi-palvelu n\u00e4iden tilanteiden varalle? T\u00e4ss\u00e4 kohtaa moni ehk\u00e4 miettii, mik\u00e4 ihmeen Trossi ja sivuuttaa [&hellip;]<\/p>\n","protected":false},"author":1,"featured_media":0,"parent":6,"menu_order":0,"comment_status":"closed","ping_status":"closed","template":"","meta":{"_acf_changed":false,"inline_featured_image":false,"footnotes":""},"class_list":["post-8","page","type-page","status-publish","hentry"],"acf":[],"yoast_head":"<!-- This site is optimized with the Yoast SEO Premium plugin v27.2 (Yoast SEO v27.2) - https:\/\/yoast.com\/product\/yoast-seo-premium-wordpress\/ -->\n<title>Tietoa meist\u00e4 - Uudenkaupungin Meripelastajat<\/title>\n<meta name=\"robots\" content=\"index, follow, max-snippet:-1, max-image-preview:large, max-video-preview:-1\" \/>\n<link rel=\"canonical\" href=\"https:\/\/meripelastus.fi\/uusikaupunki\/uusikaupunki\/tietoa-meista\/\" \/>\n<meta property=\"og:locale\" content=\"fi_FI\" \/>\n<meta property=\"og:type\" content=\"article\" \/>\n<meta property=\"og:title\" content=\"Tietoa meist\u00e4\" \/>\n<meta property=\"og:description\" content=\"P\u00e4\u00e4asiallinen teht\u00e4v\u00e4mme on avustaa veneilij\u00f6it\u00e4 toiminta-alueellamme, joka on Saaristomeren pohjoisosa sek\u00e4 etel\u00e4inen Selk\u00e4meri, ongelmien sattuessa, on se sitten konerikko, polttoaineen loppuminen tai karilleajo. Vakavampia tilanteita ei onneksi usein satu, mutta niidenkin varalle olemme varautuneet koulutuksin sek\u00e4 harjoitusten muodossa. Joko sinulta l\u00f6ytyy Trossi-palvelu n\u00e4iden tilanteiden varalle? T\u00e4ss\u00e4 kohtaa moni ehk\u00e4 miettii, mik\u00e4 ihmeen Trossi ja sivuuttaa [&hellip;]\" \/>\n<meta property=\"og:url\" content=\"https:\/\/meripelastus.fi\/uusikaupunki\/uusikaupunki\/tietoa-meista\/\" \/>\n<meta property=\"og:site_name\" content=\"Uudenkaupungin Meripelastajat\" \/>\n<meta property=\"article:modified_time\" content=\"2026-02-03T07:29:40+00:00\" \/>\n<meta property=\"og:image\" content=\"https:\/\/meripelastus.fi\/uusikaupunki\/wp-content\/uploads\/sites\/17\/2026\/02\/OP_Varsinais-Suomi_vasen_RGB-scaled.png\" \/>\n\t<meta property=\"og:image:width\" content=\"2560\" \/>\n\t<meta property=\"og:image:height\" content=\"462\" \/>\n\t<meta property=\"og:image:type\" content=\"image\/png\" \/>\n<meta name=\"twitter:card\" content=\"summary_large_image\" \/>\n<meta name=\"twitter:label1\" content=\"Arvioitu lukuaika\" \/>\n\t<meta name=\"twitter:data1\" content=\"3 minuuttia\" \/>\n<script type=\"application\/ld+json\" class=\"yoast-schema-graph\">{\"@context\":\"https:\/\/schema.org\",\"@graph\":[{\"@type\":\"WebPage\",\"@id\":\"https:\/\/meripelastus.fi\/uusikaupunki\/uusikaupunki\/tietoa-meista\/\",\"url\":\"https:\/\/meripelastus.fi\/uusikaupunki\/uusikaupunki\/tietoa-meista\/\",\"name\":\"Tietoa meist\u00e4 - Uudenkaupungin Meripelastajat\",\"isPartOf\":{\"@id\":\"https:\/\/meripelastus.fi\/uusikaupunki\/#website\"},\"primaryImageOfPage\":{\"@id\":\"https:\/\/meripelastus.fi\/uusikaupunki\/uusikaupunki\/tietoa-meista\/#primaryimage\"},\"image\":{\"@id\":\"https:\/\/meripelastus.fi\/uusikaupunki\/uusikaupunki\/tietoa-meista\/#primaryimage\"},\"thumbnailUrl\":\"https:\/\/meripelastus.fi\/uusikaupunki\/wp-content\/uploads\/sites\/17\/2026\/02\/OP_Varsinais-Suomi_vasen_RGB-1024x185.png\",\"datePublished\":\"2018-03-19T07:16:29+00:00\",\"dateModified\":\"2026-02-03T07:29:40+00:00\",\"breadcrumb\":{\"@id\":\"https:\/\/meripelastus.fi\/uusikaupunki\/uusikaupunki\/tietoa-meista\/#breadcrumb\"},\"inLanguage\":\"fi\",\"potentialAction\":[{\"@type\":\"ReadAction\",\"target\":[\"https:\/\/meripelastus.fi\/uusikaupunki\/uusikaupunki\/tietoa-meista\/\"]}]},{\"@type\":\"ImageObject\",\"inLanguage\":\"fi\",\"@id\":\"https:\/\/meripelastus.fi\/uusikaupunki\/uusikaupunki\/tietoa-meista\/#primaryimage\",\"url\":\"https:\/\/meripelastus.fi\/uusikaupunki\/wp-content\/uploads\/sites\/17\/2026\/02\/OP_Varsinais-Suomi_vasen_RGB-scaled.png\",\"contentUrl\":\"https:\/\/meripelastus.fi\/uusikaupunki\/wp-content\/uploads\/sites\/17\/2026\/02\/OP_Varsinais-Suomi_vasen_RGB-scaled.png\",\"width\":2560,\"height\":462},{\"@type\":\"BreadcrumbList\",\"@id\":\"https:\/\/meripelastus.fi\/uusikaupunki\/uusikaupunki\/tietoa-meista\/#breadcrumb\",\"itemListElement\":[{\"@type\":\"ListItem\",\"position\":1,\"name\":\"Etusivu\",\"item\":\"https:\/\/meripelastus.fi\/uusikaupunki\/\"},{\"@type\":\"ListItem\",\"position\":2,\"name\":\"Uudenkaupungin Meripelastajat\",\"item\":\"https:\/\/meripelastus.fi\/uusikaupunki\/uusikaupunki\/\"},{\"@type\":\"ListItem\",\"position\":3,\"name\":\"Tietoa meist\u00e4\"}]},{\"@type\":\"WebSite\",\"@id\":\"https:\/\/meripelastus.fi\/uusikaupunki\/#website\",\"url\":\"https:\/\/meripelastus.fi\/uusikaupunki\/\",\"name\":\"Uudenkaupungin Meripelastajat\",\"description\":\"Vapaaehtoiset apunasi vesill\u00e4\",\"potentialAction\":[{\"@type\":\"SearchAction\",\"target\":{\"@type\":\"EntryPoint\",\"urlTemplate\":\"https:\/\/meripelastus.fi\/uusikaupunki\/?s={search_term_string}\"},\"query-input\":{\"@type\":\"PropertyValueSpecification\",\"valueRequired\":true,\"valueName\":\"search_term_string\"}}],\"inLanguage\":\"fi\"}]}<\/script>\n<!-- \/ Yoast SEO Premium plugin. -->","yoast_head_json":{"title":"Tietoa meist\u00e4 - Uudenkaupungin Meripelastajat","robots":{"index":"index","follow":"follow","max-snippet":"max-snippet:-1","max-image-preview":"max-image-preview:large","max-video-preview":"max-video-preview:-1"},"canonical":"https:\/\/meripelastus.fi\/uusikaupunki\/uusikaupunki\/tietoa-meista\/","og_locale":"fi_FI","og_type":"article","og_title":"Tietoa meist\u00e4","og_description":"P\u00e4\u00e4asiallinen teht\u00e4v\u00e4mme on avustaa veneilij\u00f6it\u00e4 toiminta-alueellamme, joka on Saaristomeren pohjoisosa sek\u00e4 etel\u00e4inen Selk\u00e4meri, ongelmien sattuessa, on se sitten konerikko, polttoaineen loppuminen tai karilleajo. Vakavampia tilanteita ei onneksi usein satu, mutta niidenkin varalle olemme varautuneet koulutuksin sek\u00e4 harjoitusten muodossa. Joko sinulta l\u00f6ytyy Trossi-palvelu n\u00e4iden tilanteiden varalle? T\u00e4ss\u00e4 kohtaa moni ehk\u00e4 miettii, mik\u00e4 ihmeen Trossi ja sivuuttaa [&hellip;]","og_url":"https:\/\/meripelastus.fi\/uusikaupunki\/uusikaupunki\/tietoa-meista\/","og_site_name":"Uudenkaupungin Meripelastajat","article_modified_time":"2026-02-03T07:29:40+00:00","og_image":[{"width":2560,"height":462,"url":"https:\/\/meripelastus.fi\/uusikaupunki\/wp-content\/uploads\/sites\/17\/2026\/02\/OP_Varsinais-Suomi_vasen_RGB-scaled.png","type":"image\/png"}],"twitter_card":"summary_large_image","twitter_misc":{"Arvioitu lukuaika":"3 minuuttia"},"schema":{"@context":"https:\/\/schema.org","@graph":[{"@type":"WebPage","@id":"https:\/\/meripelastus.fi\/uusikaupunki\/uusikaupunki\/tietoa-meista\/","url":"https:\/\/meripelastus.fi\/uusikaupunki\/uusikaupunki\/tietoa-meista\/","name":"Tietoa meist\u00e4 - Uudenkaupungin Meripelastajat","isPartOf":{"@id":"https:\/\/meripelastus.fi\/uusikaupunki\/#website"},"primaryImageOfPage":{"@id":"https:\/\/meripelastus.fi\/uusikaupunki\/uusikaupunki\/tietoa-meista\/#primaryimage"},"image":{"@id":"https:\/\/meripelastus.fi\/uusikaupunki\/uusikaupunki\/tietoa-meista\/#primaryimage"},"thumbnailUrl":"https:\/\/meripelastus.fi\/uusikaupunki\/wp-content\/uploads\/sites\/17\/2026\/02\/OP_Varsinais-Suomi_vasen_RGB-1024x185.png","datePublished":"2018-03-19T07:16:29+00:00","dateModified":"2026-02-03T07:29:40+00:00","breadcrumb":{"@id":"https:\/\/meripelastus.fi\/uusikaupunki\/uusikaupunki\/tietoa-meista\/#breadcrumb"},"inLanguage":"fi","potentialAction":[{"@type":"ReadAction","target":["https:\/\/meripelastus.fi\/uusikaupunki\/uusikaupunki\/tietoa-meista\/"]}]},{"@type":"ImageObject","inLanguage":"fi","@id":"https:\/\/meripelastus.fi\/uusikaupunki\/uusikaupunki\/tietoa-meista\/#primaryimage","url":"https:\/\/meripelastus.fi\/uusikaupunki\/wp-content\/uploads\/sites\/17\/2026\/02\/OP_Varsinais-Suomi_vasen_RGB-scaled.png","contentUrl":"https:\/\/meripelastus.fi\/uusikaupunki\/wp-content\/uploads\/sites\/17\/2026\/02\/OP_Varsinais-Suomi_vasen_RGB-scaled.png","width":2560,"height":462},{"@type":"BreadcrumbList","@id":"https:\/\/meripelastus.fi\/uusikaupunki\/uusikaupunki\/tietoa-meista\/#breadcrumb","itemListElement":[{"@type":"ListItem","position":1,"name":"Etusivu","item":"https:\/\/meripelastus.fi\/uusikaupunki\/"},{"@type":"ListItem","position":2,"name":"Uudenkaupungin Meripelastajat","item":"https:\/\/meripelastus.fi\/uusikaupunki\/uusikaupunki\/"},{"@type":"ListItem","position":3,"name":"Tietoa meist\u00e4"}]},{"@type":"WebSite","@id":"https:\/\/meripelastus.fi\/uusikaupunki\/#website","url":"https:\/\/meripelastus.fi\/uusikaupunki\/","name":"Uudenkaupungin Meripelastajat","description":"Vapaaehtoiset apunasi vesill\u00e4","potentialAction":[{"@type":"SearchAction","target":{"@type":"EntryPoint","urlTemplate":"https:\/\/meripelastus.fi\/uusikaupunki\/?s={search_term_string}"},"query-input":{"@type":"PropertyValueSpecification","valueRequired":true,"valueName":"search_term_string"}}],"inLanguage":"fi"}]}},"_links":{"self":[{"href":"https:\/\/meripelastus.fi\/uusikaupunki\/wp-json\/wp\/v2\/pages\/8","targetHints":{"allow":["GET"]}}],"collection":[{"href":"https:\/\/meripelastus.fi\/uusikaupunki\/wp-json\/wp\/v2\/pages"}],"about":[{"href":"https:\/\/meripelastus.fi\/uusikaupunki\/wp-json\/wp\/v2\/types\/page"}],"author":[{"embeddable":true,"href":"https:\/\/meripelastus.fi\/uusikaupunki\/wp-json\/wp\/v2\/users\/1"}],"replies":[{"embeddable":true,"href":"https:\/\/meripelastus.fi\/uusikaupunki\/wp-json\/wp\/v2\/comments?post=8"}],"version-history":[{"count":33,"href":"https:\/\/meripelastus.fi\/uusikaupunki\/wp-json\/wp\/v2\/pages\/8\/revisions"}],"predecessor-version":[{"id":660,"href":"https:\/\/meripelastus.fi\/uusikaupunki\/wp-json\/wp\/v2\/pages\/8\/revisions\/660"}],"up":[{"embeddable":true,"href":"https:\/\/meripelastus.fi\/uusikaupunki\/wp-json\/wp\/v2\/pages\/6"}],"wp:attachment":[{"href":"https:\/\/meripelastus.fi\/uusikaupunki\/wp-json\/wp\/v2\/media?parent=8"}],"curies":[{"name":"wp","href":"https:\/\/api.w.org\/{rel}","templated":true}]}}