{"id":595,"date":"2025-04-15T21:07:17","date_gmt":"2025-04-15T18:07:17","guid":{"rendered":"https:\/\/meripelastus.fi\/uusikaupunki\/?page_id=595"},"modified":"2026-03-11T16:07:44","modified_gmt":"2026-03-11T14:07:44","slug":"liity-jaseneksi","status":"publish","type":"page","link":"https:\/\/meripelastus.fi\/uusikaupunki\/liity-jaseneksi\/","title":{"rendered":"Liity j\u00e4seneksi"},"content":{"rendered":"\n<p>T\u00e4st\u00e4 voit liitty\u00e4 yhdistyksemme j\u00e4seneksi ja olla tukemassa t\u00e4rke\u00e4\u00e4 vapaaehtoistoimintaa.<\/p>\n\n\n\t\n\t<!--------TROSSI-FORM--------->\n\t<section id=\"liity\" class=\"section-trossi-form has-white-background-color pt-5\">\n\t\t<div class=\"container\">\t\t\n\t\t\t<div class=\"row\">\n\t\t\t\t<div class=\"col-10 offset-1 offset-md-0 col-md-12\">\n\t\t\t\t\t\t\t\t\t\t\t\t\t\t\t\t\t\t\n\t\t\t\t\t\t\t<iframe style=\"width:100%;border-width:0; height:auto;\" src=\"https:\/\/messi.meripelastus.fi\/forms\/fi\/join\/68\" class=\"resizejs\" title=\"Liittymislomake\" name=\"liittymislomake\" seamless=\"\">\n\t\t\t\t\t\t\t<a href=\"https:\/\/messi.meripelastus.fi\/forms\/fi\/join\/68\">Liity t\u00e4st\u00e4<\/a><\/iframe>\n\t\t\t\t\t\t\t\t\t\t\t\t\t\t\t<\/div>\n\t\t\t<\/div>\n\t\t<\/div>\n\t<\/section>","protected":false},"excerpt":{"rendered":"<p>T\u00e4st\u00e4 voit liitty\u00e4 yhdistyksemme j\u00e4seneksi ja olla tukemassa t\u00e4rke\u00e4\u00e4 vapaaehtoistoimintaa.<\/p>\n","protected":false},"author":34,"featured_media":0,"parent":0,"menu_order":0,"comment_status":"closed","ping_status":"closed","template":"","meta":{"_acf_changed":false,"inline_featured_image":false,"footnotes":""},"class_list":["post-595","page","type-page","status-publish","hentry"],"acf":[],"yoast_head":"<!-- This site is optimized with the Yoast SEO Premium plugin v27.4 (Yoast SEO v27.4) - https:\/\/yoast.com\/product\/yoast-seo-premium-wordpress\/ -->\n<title>Liity j\u00e4seneksi - Uudenkaupungin Meripelastajat<\/title>\n<meta name=\"robots\" content=\"index, follow, max-snippet:-1, max-image-preview:large, max-video-preview:-1\" \/>\n<link rel=\"canonical\" href=\"https:\/\/meripelastus.fi\/uusikaupunki\/liity-jaseneksi\/\" \/>\n<meta property=\"og:locale\" content=\"fi_FI\" \/>\n<meta property=\"og:type\" content=\"article\" \/>\n<meta property=\"og:title\" content=\"Liity j\u00e4seneksi\" \/>\n<meta property=\"og:description\" content=\"T\u00e4st\u00e4 voit liitty\u00e4 yhdistyksemme j\u00e4seneksi ja olla tukemassa t\u00e4rke\u00e4\u00e4 vapaaehtoistoimintaa.\" \/>\n<meta property=\"og:url\" content=\"https:\/\/meripelastus.fi\/uusikaupunki\/liity-jaseneksi\/\" \/>\n<meta property=\"og:site_name\" content=\"Uudenkaupungin Meripelastajat\" \/>\n<meta property=\"article:modified_time\" content=\"2026-03-11T14:07:44+00:00\" \/>\n<meta name=\"twitter:card\" content=\"summary_large_image\" \/>\n<meta name=\"twitter:label1\" content=\"Arvioitu lukuaika\" \/>\n\t<meta name=\"twitter:data1\" content=\"1 minuutti\" \/>\n<script type=\"application\/ld+json\" class=\"yoast-schema-graph\">{\"@context\":\"https:\\\/\\\/schema.org\",\"@graph\":[{\"@type\":\"WebPage\",\"@id\":\"https:\\\/\\\/meripelastus.fi\\\/uusikaupunki\\\/liity-jaseneksi\\\/\",\"url\":\"https:\\\/\\\/meripelastus.fi\\\/uusikaupunki\\\/liity-jaseneksi\\\/\",\"name\":\"Liity j\u00e4seneksi - Uudenkaupungin Meripelastajat\",\"isPartOf\":{\"@id\":\"https:\\\/\\\/meripelastus.fi\\\/uusikaupunki\\\/#website\"},\"datePublished\":\"2025-04-15T18:07:17+00:00\",\"dateModified\":\"2026-03-11T14:07:44+00:00\",\"breadcrumb\":{\"@id\":\"https:\\\/\\\/meripelastus.fi\\\/uusikaupunki\\\/liity-jaseneksi\\\/#breadcrumb\"},\"inLanguage\":\"fi\",\"potentialAction\":[{\"@type\":\"ReadAction\",\"target\":[\"https:\\\/\\\/meripelastus.fi\\\/uusikaupunki\\\/liity-jaseneksi\\\/\"]}]},{\"@type\":\"BreadcrumbList\",\"@id\":\"https:\\\/\\\/meripelastus.fi\\\/uusikaupunki\\\/liity-jaseneksi\\\/#breadcrumb\",\"itemListElement\":[{\"@type\":\"ListItem\",\"position\":1,\"name\":\"Etusivu\",\"item\":\"https:\\\/\\\/meripelastus.fi\\\/uusikaupunki\\\/\"},{\"@type\":\"ListItem\",\"position\":2,\"name\":\"Liity j\u00e4seneksi\"}]},{\"@type\":\"WebSite\",\"@id\":\"https:\\\/\\\/meripelastus.fi\\\/uusikaupunki\\\/#website\",\"url\":\"https:\\\/\\\/meripelastus.fi\\\/uusikaupunki\\\/\",\"name\":\"Uudenkaupungin Meripelastajat\",\"description\":\"Vapaaehtoiset apunasi vesill\u00e4\",\"potentialAction\":[{\"@type\":\"SearchAction\",\"target\":{\"@type\":\"EntryPoint\",\"urlTemplate\":\"https:\\\/\\\/meripelastus.fi\\\/uusikaupunki\\\/?s={search_term_string}\"},\"query-input\":{\"@type\":\"PropertyValueSpecification\",\"valueRequired\":true,\"valueName\":\"search_term_string\"}}],\"inLanguage\":\"fi\"}]}<\/script>\n<!-- \/ Yoast SEO Premium plugin. -->","yoast_head_json":{"title":"Liity j\u00e4seneksi - Uudenkaupungin Meripelastajat","robots":{"index":"index","follow":"follow","max-snippet":"max-snippet:-1","max-image-preview":"max-image-preview:large","max-video-preview":"max-video-preview:-1"},"canonical":"https:\/\/meripelastus.fi\/uusikaupunki\/liity-jaseneksi\/","og_locale":"fi_FI","og_type":"article","og_title":"Liity j\u00e4seneksi","og_description":"T\u00e4st\u00e4 voit liitty\u00e4 yhdistyksemme j\u00e4seneksi ja olla tukemassa t\u00e4rke\u00e4\u00e4 vapaaehtoistoimintaa.","og_url":"https:\/\/meripelastus.fi\/uusikaupunki\/liity-jaseneksi\/","og_site_name":"Uudenkaupungin Meripelastajat","article_modified_time":"2026-03-11T14:07:44+00:00","twitter_card":"summary_large_image","twitter_misc":{"Arvioitu lukuaika":"1 minuutti"},"schema":{"@context":"https:\/\/schema.org","@graph":[{"@type":"WebPage","@id":"https:\/\/meripelastus.fi\/uusikaupunki\/liity-jaseneksi\/","url":"https:\/\/meripelastus.fi\/uusikaupunki\/liity-jaseneksi\/","name":"Liity j\u00e4seneksi - Uudenkaupungin Meripelastajat","isPartOf":{"@id":"https:\/\/meripelastus.fi\/uusikaupunki\/#website"},"datePublished":"2025-04-15T18:07:17+00:00","dateModified":"2026-03-11T14:07:44+00:00","breadcrumb":{"@id":"https:\/\/meripelastus.fi\/uusikaupunki\/liity-jaseneksi\/#breadcrumb"},"inLanguage":"fi","potentialAction":[{"@type":"ReadAction","target":["https:\/\/meripelastus.fi\/uusikaupunki\/liity-jaseneksi\/"]}]},{"@type":"BreadcrumbList","@id":"https:\/\/meripelastus.fi\/uusikaupunki\/liity-jaseneksi\/#breadcrumb","itemListElement":[{"@type":"ListItem","position":1,"name":"Etusivu","item":"https:\/\/meripelastus.fi\/uusikaupunki\/"},{"@type":"ListItem","position":2,"name":"Liity j\u00e4seneksi"}]},{"@type":"WebSite","@id":"https:\/\/meripelastus.fi\/uusikaupunki\/#website","url":"https:\/\/meripelastus.fi\/uusikaupunki\/","name":"Uudenkaupungin Meripelastajat","description":"Vapaaehtoiset apunasi vesill\u00e4","potentialAction":[{"@type":"SearchAction","target":{"@type":"EntryPoint","urlTemplate":"https:\/\/meripelastus.fi\/uusikaupunki\/?s={search_term_string}"},"query-input":{"@type":"PropertyValueSpecification","valueRequired":true,"valueName":"search_term_string"}}],"inLanguage":"fi"}]}},"_links":{"self":[{"href":"https:\/\/meripelastus.fi\/uusikaupunki\/wp-json\/wp\/v2\/pages\/595","targetHints":{"allow":["GET"]}}],"collection":[{"href":"https:\/\/meripelastus.fi\/uusikaupunki\/wp-json\/wp\/v2\/pages"}],"about":[{"href":"https:\/\/meripelastus.fi\/uusikaupunki\/wp-json\/wp\/v2\/types\/page"}],"author":[{"embeddable":true,"href":"https:\/\/meripelastus.fi\/uusikaupunki\/wp-json\/wp\/v2\/users\/34"}],"replies":[{"embeddable":true,"href":"https:\/\/meripelastus.fi\/uusikaupunki\/wp-json\/wp\/v2\/comments?post=595"}],"version-history":[{"count":2,"href":"https:\/\/meripelastus.fi\/uusikaupunki\/wp-json\/wp\/v2\/pages\/595\/revisions"}],"predecessor-version":[{"id":664,"href":"https:\/\/meripelastus.fi\/uusikaupunki\/wp-json\/wp\/v2\/pages\/595\/revisions\/664"}],"wp:attachment":[{"href":"https:\/\/meripelastus.fi\/uusikaupunki\/wp-json\/wp\/v2\/media?parent=595"}],"curies":[{"name":"wp","href":"https:\/\/api.w.org\/{rel}","templated":true}]}}