{"id":273,"date":"2019-01-26T16:58:48","date_gmt":"2019-01-26T14:58:48","guid":{"rendered":"https:\/\/meripelastus.fi\/uusikaupunki-vedos\/?page_id=273"},"modified":"2025-02-19T19:25:01","modified_gmt":"2025-02-19T17:25:01","slug":"historia","status":"publish","type":"page","link":"https:\/\/meripelastus.fi\/uusikaupunki\/historia\/","title":{"rendered":"n\u00e4in alkoi yhdistyksemme taival"},"content":{"rendered":"<p>Suomen Meripelastusseura otti 1950-luvulla useaan otteeseen yhteytt\u00e4 Pr. Outoorin silloiseen p\u00e4\u00e4llikk\u00f6\u00f6n K.J. Vikatmaahan ja pyysi t\u00e4m\u00e4n kautta uusikaupunkilaisia naisia mukaan tukemaan meripelastustoimintaa paikkakunnalla.<\/p>\n<p><img loading=\"lazy\" decoding=\"async\" class=\"alignnone size-medium wp-image-278\" src=\"https:\/\/meripelastus.fi\/uusikaupunki-vedos\/wp-content\/uploads\/sites\/17\/2019\/01\/JOKAKAL3B_11196-300x298.jpg\" alt=\"\" width=\"300\" height=\"298\" srcset=\"https:\/\/meripelastus.fi\/uusikaupunki\/wp-content\/uploads\/sites\/17\/2019\/01\/JOKAKAL3B_11196-300x298.jpg 300w, https:\/\/meripelastus.fi\/uusikaupunki\/wp-content\/uploads\/sites\/17\/2019\/01\/JOKAKAL3B_11196-150x150.jpg 150w, https:\/\/meripelastus.fi\/uusikaupunki\/wp-content\/uploads\/sites\/17\/2019\/01\/JOKAKAL3B_11196.jpg 640w\" sizes=\"auto, (max-width: 300px) 100vw, 300px\" \/><\/p>\n<p>Pyynt\u00f6 tuotti tulosta 3.5.1959, 18 naista osallistui uuden yhdistyksen perustavaan kokoukseen ja sitoutui avustamaan vapaaehtoista meripelastusty\u00f6t\u00e4. Paikallisyhdistyksen nimeksi tuli Uudenkaupungin Pelastusrengas ja ensimm\u00e4iseksi puheenjohtajaksi valittiin kaupunginjohtajan rouva Armi Laajo. Pelastusrenkaan p\u00e4\u00e4tarkoitus oli ker\u00e4t\u00e4 varoja Suomen Meripelastusseuralle ja Pr. Outoorille. Varoja hankittiin mm. myyj\u00e4isill\u00e4, muotin\u00e4yt\u00f6ksill\u00e4, kirpputoreilla ja j\u00e4senmaksuilla.<\/p>\n<p>Toiminta jatkui vilkkaana noin 35 vuotta, mutta alkoi hiipua 1990-luvulla. Suomen Meripelastusseura teki 1995 p\u00e4\u00e4t\u00f6ksen, jonka mukaan paikalliset yhdistykset alkoivat itsen\u00e4isesti vastata meripelastustoiminnasta paikkakunnillaan. Silloisen puheenjohtajan Jouni Arvosen ehdotuksesta tehtiin s\u00e4\u00e4nt\u00f6muutos, joka oikeutti paikallisyhdistyksen suorittamaan meripelastusty\u00f6t\u00e4.<\/p>\n<p>S\u00e4\u00e4nt\u00f6uudistuksen j\u00e4lkeen Uudenkaupungin Pelastusrengas muuttui Uudenkaupungin Meripelastajat r.y:ksi 15.10.1997, joka alkoi kehitt\u00e4\u00e4 meripelastusty\u00f6t\u00e4 Uudessakaupungissa. Toiminta, k\u00e4ytt\u00f6vastuu ja p\u00e4\u00e4osin k\u00e4ytt\u00f6kustannuksetkin siirtyiv\u00e4t Meripelastajille.<\/p>\n<p>Samoihin aikoihin SMPS:n vanhin pelastusalus Pr. Outoori alkoi tulla merellisen matkansa p\u00e4\u00e4h\u00e4n, jolloin yhdistys aloitti hankkeet uudemman ja nopeamman aluksen saamiseksi. Syksyll\u00e4 2002 hanke toteutui ja uusi alus haettiin Englannista. Talvikauden aikana alus kunnostettiin t\u00e4k\u00e4l\u00e4isiin olosuhteisiin sopivaksi. Kev\u00e4\u00e4ll\u00e4 2003 alus kastettiin ja nimell\u00e4 Janne Malen se otettiin viralliseen k\u00e4ytt\u00f6\u00f6n.<\/p>\n<p>&nbsp;<\/p>\n<p><img loading=\"lazy\" decoding=\"async\" class=\"alignnone wp-image-279 size-medium\" src=\"https:\/\/meripelastus.fi\/uusikaupunki-vedos\/wp-content\/uploads\/sites\/17\/2019\/01\/malen-300x222.png\" alt=\"\" width=\"300\" height=\"222\" srcset=\"https:\/\/meripelastus.fi\/uusikaupunki\/wp-content\/uploads\/sites\/17\/2019\/01\/malen-300x222.png 300w, https:\/\/meripelastus.fi\/uusikaupunki\/wp-content\/uploads\/sites\/17\/2019\/01\/malen.png 379w\" sizes=\"auto, (max-width: 300px) 100vw, 300px\" \/><\/p>\n","protected":false},"excerpt":{"rendered":"<p>Suomen Meripelastusseura otti 1950-luvulla useaan otteeseen yhteytt\u00e4 Pr. Outoorin silloiseen p\u00e4\u00e4llikk\u00f6\u00f6n K.J. Vikatmaahan ja pyysi t\u00e4m\u00e4n kautta uusikaupunkilaisia naisia mukaan tukemaan meripelastustoimintaa paikkakunnalla. Pyynt\u00f6 tuotti tulosta 3.5.1959, 18 naista osallistui uuden yhdistyksen perustavaan kokoukseen ja sitoutui avustamaan vapaaehtoista meripelastusty\u00f6t\u00e4. Paikallisyhdistyksen nimeksi tuli Uudenkaupungin Pelastusrengas ja ensimm\u00e4iseksi puheenjohtajaksi valittiin kaupunginjohtajan rouva Armi Laajo. Pelastusrenkaan p\u00e4\u00e4tarkoitus oli [&hellip;]<\/p>\n","protected":false},"author":34,"featured_media":0,"parent":0,"menu_order":0,"comment_status":"closed","ping_status":"closed","template":"","meta":{"_acf_changed":false,"inline_featured_image":false,"footnotes":""},"class_list":["post-273","page","type-page","status-publish","hentry"],"acf":[],"yoast_head":"<!-- This site is optimized with the Yoast SEO Premium plugin v27.2 (Yoast SEO v27.2) - https:\/\/yoast.com\/product\/yoast-seo-premium-wordpress\/ -->\n<title>n\u00e4in alkoi yhdistyksemme taival - Uudenkaupungin Meripelastajat<\/title>\n<meta name=\"robots\" content=\"index, follow, max-snippet:-1, max-image-preview:large, max-video-preview:-1\" \/>\n<link rel=\"canonical\" href=\"https:\/\/meripelastus.fi\/uusikaupunki\/historia\/\" \/>\n<meta property=\"og:locale\" content=\"fi_FI\" \/>\n<meta property=\"og:type\" content=\"article\" \/>\n<meta property=\"og:title\" content=\"n\u00e4in alkoi yhdistyksemme taival\" \/>\n<meta property=\"og:description\" content=\"Suomen Meripelastusseura otti 1950-luvulla useaan otteeseen yhteytt\u00e4 Pr. Outoorin silloiseen p\u00e4\u00e4llikk\u00f6\u00f6n K.J. Vikatmaahan ja pyysi t\u00e4m\u00e4n kautta uusikaupunkilaisia naisia mukaan tukemaan meripelastustoimintaa paikkakunnalla. Pyynt\u00f6 tuotti tulosta 3.5.1959, 18 naista osallistui uuden yhdistyksen perustavaan kokoukseen ja sitoutui avustamaan vapaaehtoista meripelastusty\u00f6t\u00e4. Paikallisyhdistyksen nimeksi tuli Uudenkaupungin Pelastusrengas ja ensimm\u00e4iseksi puheenjohtajaksi valittiin kaupunginjohtajan rouva Armi Laajo. Pelastusrenkaan p\u00e4\u00e4tarkoitus oli [&hellip;]\" \/>\n<meta property=\"og:url\" content=\"https:\/\/meripelastus.fi\/uusikaupunki\/historia\/\" \/>\n<meta property=\"og:site_name\" content=\"Uudenkaupungin Meripelastajat\" \/>\n<meta property=\"article:modified_time\" content=\"2025-02-19T17:25:01+00:00\" \/>\n<meta property=\"og:image\" content=\"https:\/\/meripelastus.fi\/uusikaupunki\/wp-content\/uploads\/sites\/17\/2019\/01\/JOKAKAL3B_11196.jpg\" \/>\n\t<meta property=\"og:image:width\" content=\"640\" \/>\n\t<meta property=\"og:image:height\" content=\"635\" \/>\n\t<meta property=\"og:image:type\" content=\"image\/jpeg\" \/>\n<meta name=\"twitter:card\" content=\"summary_large_image\" \/>\n<meta name=\"twitter:label1\" content=\"Arvioitu lukuaika\" \/>\n\t<meta name=\"twitter:data1\" content=\"2 minuuttia\" \/>\n<script type=\"application\/ld+json\" class=\"yoast-schema-graph\">{\"@context\":\"https:\/\/schema.org\",\"@graph\":[{\"@type\":\"WebPage\",\"@id\":\"https:\/\/meripelastus.fi\/uusikaupunki\/historia\/\",\"url\":\"https:\/\/meripelastus.fi\/uusikaupunki\/historia\/\",\"name\":\"n\u00e4in alkoi yhdistyksemme taival - Uudenkaupungin Meripelastajat\",\"isPartOf\":{\"@id\":\"https:\/\/meripelastus.fi\/uusikaupunki\/#website\"},\"primaryImageOfPage\":{\"@id\":\"https:\/\/meripelastus.fi\/uusikaupunki\/historia\/#primaryimage\"},\"image\":{\"@id\":\"https:\/\/meripelastus.fi\/uusikaupunki\/historia\/#primaryimage\"},\"thumbnailUrl\":\"https:\/\/meripelastus.fi\/uusikaupunki-vedos\/wp-content\/uploads\/sites\/17\/2019\/01\/JOKAKAL3B_11196-300x298.jpg\",\"datePublished\":\"2019-01-26T14:58:48+00:00\",\"dateModified\":\"2025-02-19T17:25:01+00:00\",\"breadcrumb\":{\"@id\":\"https:\/\/meripelastus.fi\/uusikaupunki\/historia\/#breadcrumb\"},\"inLanguage\":\"fi\",\"potentialAction\":[{\"@type\":\"ReadAction\",\"target\":[\"https:\/\/meripelastus.fi\/uusikaupunki\/historia\/\"]}]},{\"@type\":\"ImageObject\",\"inLanguage\":\"fi\",\"@id\":\"https:\/\/meripelastus.fi\/uusikaupunki\/historia\/#primaryimage\",\"url\":\"https:\/\/meripelastus.fi\/uusikaupunki\/wp-content\/uploads\/sites\/17\/2019\/01\/JOKAKAL3B_11196.jpg\",\"contentUrl\":\"https:\/\/meripelastus.fi\/uusikaupunki\/wp-content\/uploads\/sites\/17\/2019\/01\/JOKAKAL3B_11196.jpg\",\"width\":640,\"height\":635},{\"@type\":\"BreadcrumbList\",\"@id\":\"https:\/\/meripelastus.fi\/uusikaupunki\/historia\/#breadcrumb\",\"itemListElement\":[{\"@type\":\"ListItem\",\"position\":1,\"name\":\"Etusivu\",\"item\":\"https:\/\/meripelastus.fi\/uusikaupunki\/\"},{\"@type\":\"ListItem\",\"position\":2,\"name\":\"n\u00e4in alkoi yhdistyksemme taival\"}]},{\"@type\":\"WebSite\",\"@id\":\"https:\/\/meripelastus.fi\/uusikaupunki\/#website\",\"url\":\"https:\/\/meripelastus.fi\/uusikaupunki\/\",\"name\":\"Uudenkaupungin Meripelastajat\",\"description\":\"Vapaaehtoiset apunasi vesill\u00e4\",\"potentialAction\":[{\"@type\":\"SearchAction\",\"target\":{\"@type\":\"EntryPoint\",\"urlTemplate\":\"https:\/\/meripelastus.fi\/uusikaupunki\/?s={search_term_string}\"},\"query-input\":{\"@type\":\"PropertyValueSpecification\",\"valueRequired\":true,\"valueName\":\"search_term_string\"}}],\"inLanguage\":\"fi\"}]}<\/script>\n<!-- \/ Yoast SEO Premium plugin. -->","yoast_head_json":{"title":"n\u00e4in alkoi yhdistyksemme taival - Uudenkaupungin Meripelastajat","robots":{"index":"index","follow":"follow","max-snippet":"max-snippet:-1","max-image-preview":"max-image-preview:large","max-video-preview":"max-video-preview:-1"},"canonical":"https:\/\/meripelastus.fi\/uusikaupunki\/historia\/","og_locale":"fi_FI","og_type":"article","og_title":"n\u00e4in alkoi yhdistyksemme taival","og_description":"Suomen Meripelastusseura otti 1950-luvulla useaan otteeseen yhteytt\u00e4 Pr. Outoorin silloiseen p\u00e4\u00e4llikk\u00f6\u00f6n K.J. Vikatmaahan ja pyysi t\u00e4m\u00e4n kautta uusikaupunkilaisia naisia mukaan tukemaan meripelastustoimintaa paikkakunnalla. Pyynt\u00f6 tuotti tulosta 3.5.1959, 18 naista osallistui uuden yhdistyksen perustavaan kokoukseen ja sitoutui avustamaan vapaaehtoista meripelastusty\u00f6t\u00e4. Paikallisyhdistyksen nimeksi tuli Uudenkaupungin Pelastusrengas ja ensimm\u00e4iseksi puheenjohtajaksi valittiin kaupunginjohtajan rouva Armi Laajo. Pelastusrenkaan p\u00e4\u00e4tarkoitus oli [&hellip;]","og_url":"https:\/\/meripelastus.fi\/uusikaupunki\/historia\/","og_site_name":"Uudenkaupungin Meripelastajat","article_modified_time":"2025-02-19T17:25:01+00:00","og_image":[{"width":640,"height":635,"url":"https:\/\/meripelastus.fi\/uusikaupunki\/wp-content\/uploads\/sites\/17\/2019\/01\/JOKAKAL3B_11196.jpg","type":"image\/jpeg"}],"twitter_card":"summary_large_image","twitter_misc":{"Arvioitu lukuaika":"2 minuuttia"},"schema":{"@context":"https:\/\/schema.org","@graph":[{"@type":"WebPage","@id":"https:\/\/meripelastus.fi\/uusikaupunki\/historia\/","url":"https:\/\/meripelastus.fi\/uusikaupunki\/historia\/","name":"n\u00e4in alkoi yhdistyksemme taival - Uudenkaupungin Meripelastajat","isPartOf":{"@id":"https:\/\/meripelastus.fi\/uusikaupunki\/#website"},"primaryImageOfPage":{"@id":"https:\/\/meripelastus.fi\/uusikaupunki\/historia\/#primaryimage"},"image":{"@id":"https:\/\/meripelastus.fi\/uusikaupunki\/historia\/#primaryimage"},"thumbnailUrl":"https:\/\/meripelastus.fi\/uusikaupunki-vedos\/wp-content\/uploads\/sites\/17\/2019\/01\/JOKAKAL3B_11196-300x298.jpg","datePublished":"2019-01-26T14:58:48+00:00","dateModified":"2025-02-19T17:25:01+00:00","breadcrumb":{"@id":"https:\/\/meripelastus.fi\/uusikaupunki\/historia\/#breadcrumb"},"inLanguage":"fi","potentialAction":[{"@type":"ReadAction","target":["https:\/\/meripelastus.fi\/uusikaupunki\/historia\/"]}]},{"@type":"ImageObject","inLanguage":"fi","@id":"https:\/\/meripelastus.fi\/uusikaupunki\/historia\/#primaryimage","url":"https:\/\/meripelastus.fi\/uusikaupunki\/wp-content\/uploads\/sites\/17\/2019\/01\/JOKAKAL3B_11196.jpg","contentUrl":"https:\/\/meripelastus.fi\/uusikaupunki\/wp-content\/uploads\/sites\/17\/2019\/01\/JOKAKAL3B_11196.jpg","width":640,"height":635},{"@type":"BreadcrumbList","@id":"https:\/\/meripelastus.fi\/uusikaupunki\/historia\/#breadcrumb","itemListElement":[{"@type":"ListItem","position":1,"name":"Etusivu","item":"https:\/\/meripelastus.fi\/uusikaupunki\/"},{"@type":"ListItem","position":2,"name":"n\u00e4in alkoi yhdistyksemme taival"}]},{"@type":"WebSite","@id":"https:\/\/meripelastus.fi\/uusikaupunki\/#website","url":"https:\/\/meripelastus.fi\/uusikaupunki\/","name":"Uudenkaupungin Meripelastajat","description":"Vapaaehtoiset apunasi vesill\u00e4","potentialAction":[{"@type":"SearchAction","target":{"@type":"EntryPoint","urlTemplate":"https:\/\/meripelastus.fi\/uusikaupunki\/?s={search_term_string}"},"query-input":{"@type":"PropertyValueSpecification","valueRequired":true,"valueName":"search_term_string"}}],"inLanguage":"fi"}]}},"_links":{"self":[{"href":"https:\/\/meripelastus.fi\/uusikaupunki\/wp-json\/wp\/v2\/pages\/273","targetHints":{"allow":["GET"]}}],"collection":[{"href":"https:\/\/meripelastus.fi\/uusikaupunki\/wp-json\/wp\/v2\/pages"}],"about":[{"href":"https:\/\/meripelastus.fi\/uusikaupunki\/wp-json\/wp\/v2\/types\/page"}],"author":[{"embeddable":true,"href":"https:\/\/meripelastus.fi\/uusikaupunki\/wp-json\/wp\/v2\/users\/34"}],"replies":[{"embeddable":true,"href":"https:\/\/meripelastus.fi\/uusikaupunki\/wp-json\/wp\/v2\/comments?post=273"}],"version-history":[{"count":6,"href":"https:\/\/meripelastus.fi\/uusikaupunki\/wp-json\/wp\/v2\/pages\/273\/revisions"}],"predecessor-version":[{"id":529,"href":"https:\/\/meripelastus.fi\/uusikaupunki\/wp-json\/wp\/v2\/pages\/273\/revisions\/529"}],"wp:attachment":[{"href":"https:\/\/meripelastus.fi\/uusikaupunki\/wp-json\/wp\/v2\/media?parent=273"}],"curies":[{"name":"wp","href":"https:\/\/api.w.org\/{rel}","templated":true}]}}