{"id":253,"date":"2019-01-21T16:59:17","date_gmt":"2019-01-21T14:59:17","guid":{"rendered":"https:\/\/meripelastus.fi\/uusikaupunki-vedos\/?page_id=253"},"modified":"2025-02-19T19:30:04","modified_gmt":"2025-02-19T17:30:04","slug":"koulutus","status":"publish","type":"page","link":"https:\/\/meripelastus.fi\/uusikaupunki\/toiminta\/koulutus\/","title":{"rendered":"Koulutus"},"content":{"rendered":"<p>Uudenkaupungin Meripelastajat Ry j\u00e4rjest\u00e4\u00e4 Suomen Meripelastusseura Ry:n koulutusj\u00e4rjestelm\u00e4n mukaista koulutusta miehist\u00f6ss\u00e4 toimiville j\u00e4senilleen. Koulutuksen tavoite on varmistaa alustemme ja miehist\u00f6jen turvallisuus sek\u00e4 tehokas toiminta kaikissa olosuhteissa.<\/p>\n<p>Miehist\u00f6n koulutus alkaa harjoittelijan koulutusohjelman mukaisesti, jossa ensisijainen painopiste on turvallisuuskoulutus varmistaen turvallisen tavan harrastaa vapaaehtoista meripelastusta. Koulutus tapahtuu talvikautena teoriakoulutuksina viikkokokoontumisten yhteydess\u00e4 yhdistyksemme kerhotiloissa, avovesikautena koulutus ja harjoittelu tapahtuu aluksilla niinik\u00e4\u00e4n viikkokokoontumisten yhteydess\u00e4.<\/p>\n<p>Riitt\u00e4v\u00e4n osaamistason saavuttamisen j\u00e4lkeen harjoittelijalle my\u00f6nnet\u00e4\u00e4n kansimiehen koulutustaso ja t\u00e4m\u00e4n j\u00e4lkeen henkil\u00f6 voi toimia h\u00e4lytysmiehist\u00f6ss\u00e4. Koulutuksen, harjoittelun ja kokemuksen edelleen kasvaessa sek\u00e4 osallistumalla valtakunnallisiin tai alueellisiin kursseihin henkil\u00f6n koulutustaso nousee ja vastuu miehist\u00f6n j\u00e4senen\u00e4 kasvaa.<\/p>\n<p>Kansihenkil\u00f6kunnan koulutuksen lis\u00e4ksi koulutusj\u00e4rjestelm\u00e4 sis\u00e4lt\u00e4\u00e4 my\u00f6s konepuolen koulutusta ja tekniikasta sek\u00e4 koneista kiinnostuneilla aktiivij\u00e4senill\u00e4 on mahdollista kouluttautua ja keskitty\u00e4 konepuolen osaajiksi, jolloin teht\u00e4v\u00e4t aluksella painottuvat koneiston kunnossapitoon ja valvontaan.<\/p>\n<p>Terveisin koulutusvastaava!<\/p>\n<p>\u00a0<\/p>\n<p>\u00a0<\/p>\n\n\n<figure class=\"wp-block-gallery has-nested-images columns-default is-cropped wp-block-gallery-1 is-layout-flex wp-block-gallery-is-layout-flex\">\n<figure class=\"wp-block-image size-large\"><img loading=\"lazy\" decoding=\"async\" width=\"768\" height=\"1024\" data-id=\"337\" src=\"https:\/\/meripelastus.fi\/uusikaupunki\/wp-content\/uploads\/sites\/17\/2019\/05\/tulokaskurssi-768x1024.jpg\" alt=\"\" class=\"wp-image-337\" srcset=\"https:\/\/meripelastus.fi\/uusikaupunki\/wp-content\/uploads\/sites\/17\/2019\/05\/tulokaskurssi-768x1024.jpg 768w, https:\/\/meripelastus.fi\/uusikaupunki\/wp-content\/uploads\/sites\/17\/2019\/05\/tulokaskurssi-225x300.jpg 225w, https:\/\/meripelastus.fi\/uusikaupunki\/wp-content\/uploads\/sites\/17\/2019\/05\/tulokaskurssi.jpg 1200w\" sizes=\"auto, (max-width: 768px) 100vw, 768px\" \/><\/figure>\n\n\n\n<figure class=\"wp-block-image size-large\"><img loading=\"lazy\" decoding=\"async\" width=\"1024\" height=\"768\" data-id=\"338\" src=\"https:\/\/meripelastus.fi\/uusikaupunki\/wp-content\/uploads\/sites\/17\/2019\/05\/tulokaskurssi2-1024x768.jpg\" alt=\"\" class=\"wp-image-338\" srcset=\"https:\/\/meripelastus.fi\/uusikaupunki\/wp-content\/uploads\/sites\/17\/2019\/05\/tulokaskurssi2-1024x768.jpg 1024w, https:\/\/meripelastus.fi\/uusikaupunki\/wp-content\/uploads\/sites\/17\/2019\/05\/tulokaskurssi2-300x225.jpg 300w, https:\/\/meripelastus.fi\/uusikaupunki\/wp-content\/uploads\/sites\/17\/2019\/05\/tulokaskurssi2-768x576.jpg 768w, https:\/\/meripelastus.fi\/uusikaupunki\/wp-content\/uploads\/sites\/17\/2019\/05\/tulokaskurssi2.jpg 1600w\" sizes=\"auto, (max-width: 1024px) 100vw, 1024px\" \/><\/figure>\n\n\n\n<figure class=\"wp-block-image size-large\"><img loading=\"lazy\" decoding=\"async\" width=\"1024\" height=\"768\" data-id=\"339\" src=\"https:\/\/meripelastus.fi\/uusikaupunki\/wp-content\/uploads\/sites\/17\/2019\/05\/tulokaskurssi3-1024x768.jpg\" alt=\"\" class=\"wp-image-339\" srcset=\"https:\/\/meripelastus.fi\/uusikaupunki\/wp-content\/uploads\/sites\/17\/2019\/05\/tulokaskurssi3-1024x768.jpg 1024w, https:\/\/meripelastus.fi\/uusikaupunki\/wp-content\/uploads\/sites\/17\/2019\/05\/tulokaskurssi3-300x225.jpg 300w, https:\/\/meripelastus.fi\/uusikaupunki\/wp-content\/uploads\/sites\/17\/2019\/05\/tulokaskurssi3-768x576.jpg 768w, https:\/\/meripelastus.fi\/uusikaupunki\/wp-content\/uploads\/sites\/17\/2019\/05\/tulokaskurssi3.jpg 1600w\" sizes=\"auto, (max-width: 1024px) 100vw, 1024px\" \/><\/figure>\n<\/figure>\n\n\n\n<p>Tulokaskurssilaiset harjoituksissa.<\/p>\n","protected":false},"excerpt":{"rendered":"<p>Uudenkaupungin Meripelastajat Ry j\u00e4rjest\u00e4\u00e4 Suomen Meripelastusseura Ry:n koulutusj\u00e4rjestelm\u00e4n mukaista koulutusta miehist\u00f6ss\u00e4 toimiville j\u00e4senilleen. Koulutuksen tavoite on varmistaa alustemme ja miehist\u00f6jen turvallisuus sek\u00e4 tehokas toiminta kaikissa olosuhteissa. Miehist\u00f6n koulutus alkaa harjoittelijan koulutusohjelman mukaisesti, jossa ensisijainen painopiste on turvallisuuskoulutus varmistaen turvallisen tavan harrastaa vapaaehtoista meripelastusta. Koulutus tapahtuu talvikautena teoriakoulutuksina viikkokokoontumisten yhteydess\u00e4 yhdistyksemme kerhotiloissa, avovesikautena koulutus ja harjoittelu [&hellip;]<\/p>\n","protected":false},"author":34,"featured_media":190,"parent":20,"menu_order":0,"comment_status":"closed","ping_status":"closed","template":"","meta":{"_acf_changed":false,"inline_featured_image":false,"footnotes":""},"class_list":["post-253","page","type-page","status-publish","has-post-thumbnail","hentry"],"acf":[],"yoast_head":"<!-- This site is optimized with the Yoast SEO Premium plugin v27.2 (Yoast SEO v27.2) - https:\/\/yoast.com\/product\/yoast-seo-premium-wordpress\/ -->\n<title>Koulutus - Uudenkaupungin Meripelastajat<\/title>\n<meta name=\"robots\" content=\"index, follow, max-snippet:-1, max-image-preview:large, max-video-preview:-1\" \/>\n<link rel=\"canonical\" href=\"https:\/\/meripelastus.fi\/uusikaupunki\/toiminta\/koulutus\/\" \/>\n<meta property=\"og:locale\" content=\"fi_FI\" \/>\n<meta property=\"og:type\" content=\"article\" \/>\n<meta property=\"og:title\" content=\"Koulutus\" \/>\n<meta property=\"og:description\" content=\"Uudenkaupungin Meripelastajat Ry j\u00e4rjest\u00e4\u00e4 Suomen Meripelastusseura Ry:n koulutusj\u00e4rjestelm\u00e4n mukaista koulutusta miehist\u00f6ss\u00e4 toimiville j\u00e4senilleen. Koulutuksen tavoite on varmistaa alustemme ja miehist\u00f6jen turvallisuus sek\u00e4 tehokas toiminta kaikissa olosuhteissa. Miehist\u00f6n koulutus alkaa harjoittelijan koulutusohjelman mukaisesti, jossa ensisijainen painopiste on turvallisuuskoulutus varmistaen turvallisen tavan harrastaa vapaaehtoista meripelastusta. Koulutus tapahtuu talvikautena teoriakoulutuksina viikkokokoontumisten yhteydess\u00e4 yhdistyksemme kerhotiloissa, avovesikautena koulutus ja harjoittelu [&hellip;]\" \/>\n<meta property=\"og:url\" content=\"https:\/\/meripelastus.fi\/uusikaupunki\/toiminta\/koulutus\/\" \/>\n<meta property=\"og:site_name\" content=\"Uudenkaupungin Meripelastajat\" \/>\n<meta property=\"article:modified_time\" content=\"2025-02-19T17:30:04+00:00\" \/>\n<meta property=\"og:image\" content=\"https:\/\/meripelastus.fi\/uusikaupunki\/wp-content\/uploads\/sites\/17\/2019\/01\/kotisivukuva.jpg\" \/>\n\t<meta property=\"og:image:width\" content=\"2592\" \/>\n\t<meta property=\"og:image:height\" content=\"1936\" \/>\n\t<meta property=\"og:image:type\" content=\"image\/jpeg\" \/>\n<meta name=\"twitter:card\" content=\"summary_large_image\" \/>\n<meta name=\"twitter:label1\" content=\"Arvioitu lukuaika\" \/>\n\t<meta name=\"twitter:data1\" content=\"2 minuuttia\" \/>\n<script type=\"application\/ld+json\" class=\"yoast-schema-graph\">{\"@context\":\"https:\/\/schema.org\",\"@graph\":[{\"@type\":\"WebPage\",\"@id\":\"https:\/\/meripelastus.fi\/uusikaupunki\/toiminta\/koulutus\/\",\"url\":\"https:\/\/meripelastus.fi\/uusikaupunki\/toiminta\/koulutus\/\",\"name\":\"Koulutus - Uudenkaupungin Meripelastajat\",\"isPartOf\":{\"@id\":\"https:\/\/meripelastus.fi\/uusikaupunki\/#website\"},\"primaryImageOfPage\":{\"@id\":\"https:\/\/meripelastus.fi\/uusikaupunki\/toiminta\/koulutus\/#primaryimage\"},\"image\":{\"@id\":\"https:\/\/meripelastus.fi\/uusikaupunki\/toiminta\/koulutus\/#primaryimage\"},\"thumbnailUrl\":\"https:\/\/meripelastus.fi\/uusikaupunki\/wp-content\/uploads\/sites\/17\/2019\/01\/kotisivukuva.jpg\",\"datePublished\":\"2019-01-21T14:59:17+00:00\",\"dateModified\":\"2025-02-19T17:30:04+00:00\",\"breadcrumb\":{\"@id\":\"https:\/\/meripelastus.fi\/uusikaupunki\/toiminta\/koulutus\/#breadcrumb\"},\"inLanguage\":\"fi\",\"potentialAction\":[{\"@type\":\"ReadAction\",\"target\":[\"https:\/\/meripelastus.fi\/uusikaupunki\/toiminta\/koulutus\/\"]}]},{\"@type\":\"ImageObject\",\"inLanguage\":\"fi\",\"@id\":\"https:\/\/meripelastus.fi\/uusikaupunki\/toiminta\/koulutus\/#primaryimage\",\"url\":\"https:\/\/meripelastus.fi\/uusikaupunki\/wp-content\/uploads\/sites\/17\/2019\/01\/kotisivukuva.jpg\",\"contentUrl\":\"https:\/\/meripelastus.fi\/uusikaupunki\/wp-content\/uploads\/sites\/17\/2019\/01\/kotisivukuva.jpg\",\"width\":2592,\"height\":1936},{\"@type\":\"BreadcrumbList\",\"@id\":\"https:\/\/meripelastus.fi\/uusikaupunki\/toiminta\/koulutus\/#breadcrumb\",\"itemListElement\":[{\"@type\":\"ListItem\",\"position\":1,\"name\":\"Etusivu\",\"item\":\"https:\/\/meripelastus.fi\/uusikaupunki\/\"},{\"@type\":\"ListItem\",\"position\":2,\"name\":\"Toiminta\",\"item\":\"https:\/\/meripelastus.fi\/uusikaupunki\/toiminta\/\"},{\"@type\":\"ListItem\",\"position\":3,\"name\":\"Koulutus\"}]},{\"@type\":\"WebSite\",\"@id\":\"https:\/\/meripelastus.fi\/uusikaupunki\/#website\",\"url\":\"https:\/\/meripelastus.fi\/uusikaupunki\/\",\"name\":\"Uudenkaupungin Meripelastajat\",\"description\":\"Vapaaehtoiset apunasi vesill\u00e4\",\"potentialAction\":[{\"@type\":\"SearchAction\",\"target\":{\"@type\":\"EntryPoint\",\"urlTemplate\":\"https:\/\/meripelastus.fi\/uusikaupunki\/?s={search_term_string}\"},\"query-input\":{\"@type\":\"PropertyValueSpecification\",\"valueRequired\":true,\"valueName\":\"search_term_string\"}}],\"inLanguage\":\"fi\"}]}<\/script>\n<!-- \/ Yoast SEO Premium plugin. -->","yoast_head_json":{"title":"Koulutus - Uudenkaupungin Meripelastajat","robots":{"index":"index","follow":"follow","max-snippet":"max-snippet:-1","max-image-preview":"max-image-preview:large","max-video-preview":"max-video-preview:-1"},"canonical":"https:\/\/meripelastus.fi\/uusikaupunki\/toiminta\/koulutus\/","og_locale":"fi_FI","og_type":"article","og_title":"Koulutus","og_description":"Uudenkaupungin Meripelastajat Ry j\u00e4rjest\u00e4\u00e4 Suomen Meripelastusseura Ry:n koulutusj\u00e4rjestelm\u00e4n mukaista koulutusta miehist\u00f6ss\u00e4 toimiville j\u00e4senilleen. Koulutuksen tavoite on varmistaa alustemme ja miehist\u00f6jen turvallisuus sek\u00e4 tehokas toiminta kaikissa olosuhteissa. Miehist\u00f6n koulutus alkaa harjoittelijan koulutusohjelman mukaisesti, jossa ensisijainen painopiste on turvallisuuskoulutus varmistaen turvallisen tavan harrastaa vapaaehtoista meripelastusta. Koulutus tapahtuu talvikautena teoriakoulutuksina viikkokokoontumisten yhteydess\u00e4 yhdistyksemme kerhotiloissa, avovesikautena koulutus ja harjoittelu [&hellip;]","og_url":"https:\/\/meripelastus.fi\/uusikaupunki\/toiminta\/koulutus\/","og_site_name":"Uudenkaupungin Meripelastajat","article_modified_time":"2025-02-19T17:30:04+00:00","og_image":[{"width":2592,"height":1936,"url":"https:\/\/meripelastus.fi\/uusikaupunki\/wp-content\/uploads\/sites\/17\/2019\/01\/kotisivukuva.jpg","type":"image\/jpeg"}],"twitter_card":"summary_large_image","twitter_misc":{"Arvioitu lukuaika":"2 minuuttia"},"schema":{"@context":"https:\/\/schema.org","@graph":[{"@type":"WebPage","@id":"https:\/\/meripelastus.fi\/uusikaupunki\/toiminta\/koulutus\/","url":"https:\/\/meripelastus.fi\/uusikaupunki\/toiminta\/koulutus\/","name":"Koulutus - Uudenkaupungin Meripelastajat","isPartOf":{"@id":"https:\/\/meripelastus.fi\/uusikaupunki\/#website"},"primaryImageOfPage":{"@id":"https:\/\/meripelastus.fi\/uusikaupunki\/toiminta\/koulutus\/#primaryimage"},"image":{"@id":"https:\/\/meripelastus.fi\/uusikaupunki\/toiminta\/koulutus\/#primaryimage"},"thumbnailUrl":"https:\/\/meripelastus.fi\/uusikaupunki\/wp-content\/uploads\/sites\/17\/2019\/01\/kotisivukuva.jpg","datePublished":"2019-01-21T14:59:17+00:00","dateModified":"2025-02-19T17:30:04+00:00","breadcrumb":{"@id":"https:\/\/meripelastus.fi\/uusikaupunki\/toiminta\/koulutus\/#breadcrumb"},"inLanguage":"fi","potentialAction":[{"@type":"ReadAction","target":["https:\/\/meripelastus.fi\/uusikaupunki\/toiminta\/koulutus\/"]}]},{"@type":"ImageObject","inLanguage":"fi","@id":"https:\/\/meripelastus.fi\/uusikaupunki\/toiminta\/koulutus\/#primaryimage","url":"https:\/\/meripelastus.fi\/uusikaupunki\/wp-content\/uploads\/sites\/17\/2019\/01\/kotisivukuva.jpg","contentUrl":"https:\/\/meripelastus.fi\/uusikaupunki\/wp-content\/uploads\/sites\/17\/2019\/01\/kotisivukuva.jpg","width":2592,"height":1936},{"@type":"BreadcrumbList","@id":"https:\/\/meripelastus.fi\/uusikaupunki\/toiminta\/koulutus\/#breadcrumb","itemListElement":[{"@type":"ListItem","position":1,"name":"Etusivu","item":"https:\/\/meripelastus.fi\/uusikaupunki\/"},{"@type":"ListItem","position":2,"name":"Toiminta","item":"https:\/\/meripelastus.fi\/uusikaupunki\/toiminta\/"},{"@type":"ListItem","position":3,"name":"Koulutus"}]},{"@type":"WebSite","@id":"https:\/\/meripelastus.fi\/uusikaupunki\/#website","url":"https:\/\/meripelastus.fi\/uusikaupunki\/","name":"Uudenkaupungin Meripelastajat","description":"Vapaaehtoiset apunasi vesill\u00e4","potentialAction":[{"@type":"SearchAction","target":{"@type":"EntryPoint","urlTemplate":"https:\/\/meripelastus.fi\/uusikaupunki\/?s={search_term_string}"},"query-input":{"@type":"PropertyValueSpecification","valueRequired":true,"valueName":"search_term_string"}}],"inLanguage":"fi"}]}},"_links":{"self":[{"href":"https:\/\/meripelastus.fi\/uusikaupunki\/wp-json\/wp\/v2\/pages\/253","targetHints":{"allow":["GET"]}}],"collection":[{"href":"https:\/\/meripelastus.fi\/uusikaupunki\/wp-json\/wp\/v2\/pages"}],"about":[{"href":"https:\/\/meripelastus.fi\/uusikaupunki\/wp-json\/wp\/v2\/types\/page"}],"author":[{"embeddable":true,"href":"https:\/\/meripelastus.fi\/uusikaupunki\/wp-json\/wp\/v2\/users\/34"}],"replies":[{"embeddable":true,"href":"https:\/\/meripelastus.fi\/uusikaupunki\/wp-json\/wp\/v2\/comments?post=253"}],"version-history":[{"count":7,"href":"https:\/\/meripelastus.fi\/uusikaupunki\/wp-json\/wp\/v2\/pages\/253\/revisions"}],"predecessor-version":[{"id":531,"href":"https:\/\/meripelastus.fi\/uusikaupunki\/wp-json\/wp\/v2\/pages\/253\/revisions\/531"}],"up":[{"embeddable":true,"href":"https:\/\/meripelastus.fi\/uusikaupunki\/wp-json\/wp\/v2\/pages\/20"}],"wp:featuredmedia":[{"embeddable":true,"href":"https:\/\/meripelastus.fi\/uusikaupunki\/wp-json\/wp\/v2\/media\/190"}],"wp:attachment":[{"href":"https:\/\/meripelastus.fi\/uusikaupunki\/wp-json\/wp\/v2\/media?parent=253"}],"curies":[{"name":"wp","href":"https:\/\/api.w.org\/{rel}","templated":true}]}}