{"id":8,"date":"2018-03-19T09:16:29","date_gmt":"2018-03-19T07:16:29","guid":{"rendered":"http:\/\/basetemplate.smpsyhdistykset.16.testivedos.com\/?page_id=8"},"modified":"2023-06-07T21:04:31","modified_gmt":"2023-06-07T18:04:31","slug":"tietoa-meista","status":"publish","type":"page","link":"https:\/\/meripelastus.fi\/turku\/turun-meripelastusyhdistys\/tietoa-meista\/","title":{"rendered":"Tietoa meist\u00e4"},"content":{"rendered":"<h3 style=\"text-align: left\"><strong>Turun Meripelastusyhdistys ry on vuonna 1962 perustettu <a href=\"https:\/\/meripelastus.fi\/\">Suomen Meripelastusseuran<\/a> j\u00e4senyhdistys. Harjoitamme vapaaehtoista meripelastusty\u00f6t\u00e4 Saaristomerell\u00e4, ja olemme mukana Meripelastusseuran kattavassa yli viidenkymmenen j\u00e4senyhdistyksen verkostossa.<\/strong><\/h3>\n<p><span>Yhdistyksen ensisijaisena teht\u00e4v\u00e4n\u00e4 on ihmishenkien pelastaminen merell\u00e4. Toimintaan kuuluu varsinaisen hengenpelastuksen lis\u00e4ksi merell\u00e4 liikkujien kaikenlainen avustaminen vaara- ja ongelmatilanteissa. Alustemme tavanomaista toimintaa ovat karilta irrotukset, tyhjennyspumppaukset, konevikaisten alusten hinaukset, sairaankuljetukset, kadonneiden etsinn\u00e4t jne.\u00a0Avovesikaudella 2022 Turun Meripelastusyhdistys suoritti 131 teht\u00e4v\u00e4\u00e4 ja n\u00e4ihin kului kaikkiaan 1193 henkil\u00f6ty\u00f6tuntia. N\u00e4ist\u00e4 Rescue ABSO ajoi 106 teht\u00e4v\u00e4\u00e4 ja Rescue AHTI 31. Teht\u00e4vist\u00e4 p\u00e4\u00e4osa oli ensivasteteht\u00e4vi\u00e4.<\/span><\/p>\n<p><span>Yhdistyksen teht\u00e4v\u00e4m\u00e4\u00e4riss\u00e4 on ollut jatkuvaa, noin 20%:n vuosittaista kasvua vuodesta 2017 l\u00e4htien ja nyt teht\u00e4v\u00e4m\u00e4\u00e4r\u00e4t laskivat ensimm\u00e4ist\u00e4 kertaa vuositasolla. Vuosi 2021 olikin teht\u00e4v\u00e4m\u00e4\u00e4riss\u00e4 enn\u00e4tysvuosi sek\u00e4 Turussa ett\u00e4 valtakunnallisesti. T\u00e4ll\u00f6in teht\u00e4vi\u00e4 kirjattiin yhteens\u00e4 189 kappaletta. ja a<\/span><span>pua annettiin 345 henkil\u00f6lle ja 114 alukselle. Rescue ABSO oli my\u00f6s Suomen Meripelastusseuran yksik\u00f6ist\u00e4 eniten teht\u00e4vi\u00e4 suorittanut alus 158 teht\u00e4v\u00e4ll\u00e4.<\/span><\/p>\n<p style=\"text-align: left\">\u00a0Merell\u00e4 liikkujien avustamisen lis\u00e4ksi yhdistys pyrkii edist\u00e4m\u00e4\u00e4n veneilyturvallisuutta ja hyvi\u00e4 merimiestaitoja valistusty\u00f6ll\u00e4.<\/p>\n<p style=\"text-align: left\">Meripelastusteht\u00e4vi\u00e4 suoritetaan kahdella pelastusaluksella, pv ABSOlla ja pv AHTIlla. Yhdistyksen veneet ovat valmiudessa toukokuun alusta marraskuuhun asti. Viikonloppuisin alukset p\u00e4ivyst\u00e4v\u00e4t saaritukikohdastamme k\u00e4sin tai partioivat saaristossa. Arkisin veneet ovat p\u00e4\u00e4s\u00e4\u00e4nt\u00f6isesti kotisatamassa, josta ne saadaan liikkeelle noin kahdessa tunnissa h\u00e4lytyksest\u00e4. Vilkkaimpaan loma-aikaan, eli juhannuksesta elokuun alkuun, pv ABSO pidet\u00e4\u00e4n miehitettyn\u00e4 ja valmiudessa ymp\u00e4ri vuorokauden. Alusten miehist\u00f6\u00f6n kuuluu p\u00e4\u00e4llikk\u00f6 sek\u00e4 2-4 hengen miehist\u00f6.<\/p>\n<p style=\"text-align: left\">Henkil\u00f6j\u00e4seni\u00e4 Turun meripelastusyhdistyksell\u00e4 on jo yli 2300, joista noin sata on mukana yhdistyksen aktiivisessa toiminnassa sek\u00e4 miehist\u00f6n ett\u00e4 hallinnon puolella. Yhdistyksen arjen py\u00f6ritt\u00e4miseen tarvitaankin runsaasti eri alojen osaamista kiinteist\u00f6huollosta konemiehiin ja taloushallinnosta viestint\u00e4\u00e4n. Yhdistyksen j\u00e4seneksi voi kuitenkin liitty\u00e4 kuka tahansa, eik\u00e4 osallistumista p\u00e4ivitt\u00e4iseen ty\u00f6h\u00f6n vaadita. Kiinnostaako j\u00e4senyys tai p\u00e4\u00e4sy pelastusveneen miehist\u00f6\u00f6n? Lue lis\u00e4\u00e4 yhdistyksen <a href=\"https:\/\/meripelastus.fi\/turku\/ole-mukana\/jaseneksi\/\">j\u00e4senyydest\u00e4<\/a>, <a href=\"https:\/\/meripelastus.fi\/turku\/ole-mukana\/trossi\/\">Trossi-j\u00e4senyydest\u00e4<\/a> sek\u00e4 <a href=\"https:\/\/meripelastus.fi\/turku\/ole-mukana\/miehistoon\/\">tulokasvalinnastamme<\/a>.<\/p>\n<p style=\"text-align: left\">Turun Meripelastusyhdistyksen toiminta rahoitetaan p\u00e4\u00e4asiassa j\u00e4senmaksutuloilla, lahjoituksilla ja varainkeruutuotoilla sek\u00e4 suoritetuista teht\u00e4vist\u00e4 maksettavilla korvauksilla. Merkitt\u00e4vin yritysyhteisty\u00f6kumppanimme on Muovitehdas ABSO Oy, jonka mukaan suurin aluksemme on nimetty. Muita merkitt\u00e4vi\u00e4 tukijoitamme ovat Orkla ja Elomatic, joiden mukaan toinen pelastusaluksemme ja apuveneemme on nimetty. Jos olet kiinnostunut mahdollistamaan toimintaamme yhteisty\u00f6n kautta, voit tutustua tukijoillemme suunnattuun sivuun <a href=\"https:\/\/meripelastus.fi\/turku\/ole-mukana\/tukijaksi\/\">t\u00e4\u00e4ll\u00e4<\/a>.<\/p>\n","protected":false},"excerpt":{"rendered":"<p>Turun Meripelastusyhdistys ry on vuonna 1962 perustettu Suomen Meripelastusseuran j\u00e4senyhdistys. Harjoitamme vapaaehtoista meripelastusty\u00f6t\u00e4 Saaristomerell\u00e4, ja olemme mukana Meripelastusseuran kattavassa yli viidenkymmenen j\u00e4senyhdistyksen verkostossa. Yhdistyksen ensisijaisena teht\u00e4v\u00e4n\u00e4 on ihmishenkien pelastaminen merell\u00e4. Toimintaan kuuluu varsinaisen hengenpelastuksen lis\u00e4ksi merell\u00e4 liikkujien kaikenlainen avustaminen vaara- ja ongelmatilanteissa. Alustemme tavanomaista toimintaa ovat karilta irrotukset, tyhjennyspumppaukset, konevikaisten alusten hinaukset, sairaankuljetukset, kadonneiden etsinn\u00e4t [&hellip;]<\/p>\n","protected":false},"author":1,"featured_media":495,"parent":6,"menu_order":0,"comment_status":"closed","ping_status":"closed","template":"","meta":{"_acf_changed":false,"inline_featured_image":false,"footnotes":""},"class_list":["post-8","page","type-page","status-publish","has-post-thumbnail","hentry"],"acf":[],"yoast_head":"<!-- This site is optimized with the Yoast SEO Premium plugin v27.2 (Yoast SEO v27.2) - https:\/\/yoast.com\/product\/yoast-seo-premium-wordpress\/ -->\n<title>Tietoa meist\u00e4 - Turun Meripelastusyhdistys<\/title>\n<meta name=\"description\" content=\"Turun Meripelastusyhdistys on Suomen Meripelastusseuran j\u00e4senyhdistys, joka harjoittaa vapaaehtoista meripelastusty\u00f6t\u00e4 Saaristomerell\u00e4.\" \/>\n<meta name=\"robots\" content=\"index, follow, max-snippet:-1, max-image-preview:large, max-video-preview:-1\" \/>\n<link rel=\"canonical\" href=\"https:\/\/meripelastus.fi\/turku\/turun-meripelastusyhdistys\/tietoa-meista\/\" \/>\n<meta property=\"og:locale\" content=\"fi_FI\" \/>\n<meta property=\"og:type\" content=\"article\" \/>\n<meta property=\"og:title\" content=\"Tietoa meist\u00e4\" \/>\n<meta property=\"og:description\" content=\"Turun Meripelastusyhdistys on Suomen Meripelastusseuran j\u00e4senyhdistys, joka harjoittaa vapaaehtoista meripelastusty\u00f6t\u00e4 Saaristomerell\u00e4.\" \/>\n<meta property=\"og:url\" content=\"https:\/\/meripelastus.fi\/turku\/turun-meripelastusyhdistys\/tietoa-meista\/\" \/>\n<meta property=\"og:site_name\" content=\"Turun Meripelastusyhdistys\" \/>\n<meta property=\"article:modified_time\" content=\"2023-06-07T18:04:31+00:00\" \/>\n<meta property=\"og:image\" content=\"https:\/\/meripelastus.fi\/turku\/wp-content\/uploads\/sites\/22\/2019\/06\/18_1.jpg\" \/>\n\t<meta property=\"og:image:width\" content=\"2666\" \/>\n\t<meta property=\"og:image:height\" content=\"1500\" \/>\n\t<meta property=\"og:image:type\" content=\"image\/jpeg\" \/>\n<meta name=\"twitter:card\" content=\"summary_large_image\" \/>\n<meta name=\"twitter:label1\" content=\"Arvioitu lukuaika\" \/>\n\t<meta name=\"twitter:data1\" content=\"3 minuuttia\" \/>\n<script type=\"application\/ld+json\" class=\"yoast-schema-graph\">{\"@context\":\"https:\/\/schema.org\",\"@graph\":[{\"@type\":\"WebPage\",\"@id\":\"https:\/\/meripelastus.fi\/turku\/turun-meripelastusyhdistys\/tietoa-meista\/\",\"url\":\"https:\/\/meripelastus.fi\/turku\/turun-meripelastusyhdistys\/tietoa-meista\/\",\"name\":\"Tietoa meist\u00e4 - Turun Meripelastusyhdistys\",\"isPartOf\":{\"@id\":\"https:\/\/meripelastus.fi\/turku\/#website\"},\"primaryImageOfPage\":{\"@id\":\"https:\/\/meripelastus.fi\/turku\/turun-meripelastusyhdistys\/tietoa-meista\/#primaryimage\"},\"image\":{\"@id\":\"https:\/\/meripelastus.fi\/turku\/turun-meripelastusyhdistys\/tietoa-meista\/#primaryimage\"},\"thumbnailUrl\":\"https:\/\/meripelastus.fi\/turku\/wp-content\/uploads\/sites\/22\/2019\/06\/18_1.jpg\",\"datePublished\":\"2018-03-19T07:16:29+00:00\",\"dateModified\":\"2023-06-07T18:04:31+00:00\",\"description\":\"Turun Meripelastusyhdistys on Suomen Meripelastusseuran j\u00e4senyhdistys, joka harjoittaa vapaaehtoista meripelastusty\u00f6t\u00e4 Saaristomerell\u00e4.\",\"breadcrumb\":{\"@id\":\"https:\/\/meripelastus.fi\/turku\/turun-meripelastusyhdistys\/tietoa-meista\/#breadcrumb\"},\"inLanguage\":\"fi\",\"potentialAction\":[{\"@type\":\"ReadAction\",\"target\":[\"https:\/\/meripelastus.fi\/turku\/turun-meripelastusyhdistys\/tietoa-meista\/\"]}]},{\"@type\":\"ImageObject\",\"inLanguage\":\"fi\",\"@id\":\"https:\/\/meripelastus.fi\/turku\/turun-meripelastusyhdistys\/tietoa-meista\/#primaryimage\",\"url\":\"https:\/\/meripelastus.fi\/turku\/wp-content\/uploads\/sites\/22\/2019\/06\/18_1.jpg\",\"contentUrl\":\"https:\/\/meripelastus.fi\/turku\/wp-content\/uploads\/sites\/22\/2019\/06\/18_1.jpg\",\"width\":2666,\"height\":1500},{\"@type\":\"BreadcrumbList\",\"@id\":\"https:\/\/meripelastus.fi\/turku\/turun-meripelastusyhdistys\/tietoa-meista\/#breadcrumb\",\"itemListElement\":[{\"@type\":\"ListItem\",\"position\":1,\"name\":\"Etusivu\",\"item\":\"https:\/\/meripelastus.fi\/turku\/\"},{\"@type\":\"ListItem\",\"position\":2,\"name\":\"Turun Meripelastusyhdistys\",\"item\":\"https:\/\/meripelastus.fi\/turku\/turun-meripelastusyhdistys\/\"},{\"@type\":\"ListItem\",\"position\":3,\"name\":\"Tietoa meist\u00e4\"}]},{\"@type\":\"WebSite\",\"@id\":\"https:\/\/meripelastus.fi\/turku\/#website\",\"url\":\"https:\/\/meripelastus.fi\/turku\/\",\"name\":\"Turun Meripelastusyhdistys\",\"description\":\"Vapaaehtoiset apunasi vesill\u00e4\",\"potentialAction\":[{\"@type\":\"SearchAction\",\"target\":{\"@type\":\"EntryPoint\",\"urlTemplate\":\"https:\/\/meripelastus.fi\/turku\/?s={search_term_string}\"},\"query-input\":{\"@type\":\"PropertyValueSpecification\",\"valueRequired\":true,\"valueName\":\"search_term_string\"}}],\"inLanguage\":\"fi\"}]}<\/script>\n<!-- \/ Yoast SEO Premium plugin. -->","yoast_head_json":{"title":"Tietoa meist\u00e4 - Turun Meripelastusyhdistys","description":"Turun Meripelastusyhdistys on Suomen Meripelastusseuran j\u00e4senyhdistys, joka harjoittaa vapaaehtoista meripelastusty\u00f6t\u00e4 Saaristomerell\u00e4.","robots":{"index":"index","follow":"follow","max-snippet":"max-snippet:-1","max-image-preview":"max-image-preview:large","max-video-preview":"max-video-preview:-1"},"canonical":"https:\/\/meripelastus.fi\/turku\/turun-meripelastusyhdistys\/tietoa-meista\/","og_locale":"fi_FI","og_type":"article","og_title":"Tietoa meist\u00e4","og_description":"Turun Meripelastusyhdistys on Suomen Meripelastusseuran j\u00e4senyhdistys, joka harjoittaa vapaaehtoista meripelastusty\u00f6t\u00e4 Saaristomerell\u00e4.","og_url":"https:\/\/meripelastus.fi\/turku\/turun-meripelastusyhdistys\/tietoa-meista\/","og_site_name":"Turun Meripelastusyhdistys","article_modified_time":"2023-06-07T18:04:31+00:00","og_image":[{"width":2666,"height":1500,"url":"https:\/\/meripelastus.fi\/turku\/wp-content\/uploads\/sites\/22\/2019\/06\/18_1.jpg","type":"image\/jpeg"}],"twitter_card":"summary_large_image","twitter_misc":{"Arvioitu lukuaika":"3 minuuttia"},"schema":{"@context":"https:\/\/schema.org","@graph":[{"@type":"WebPage","@id":"https:\/\/meripelastus.fi\/turku\/turun-meripelastusyhdistys\/tietoa-meista\/","url":"https:\/\/meripelastus.fi\/turku\/turun-meripelastusyhdistys\/tietoa-meista\/","name":"Tietoa meist\u00e4 - Turun Meripelastusyhdistys","isPartOf":{"@id":"https:\/\/meripelastus.fi\/turku\/#website"},"primaryImageOfPage":{"@id":"https:\/\/meripelastus.fi\/turku\/turun-meripelastusyhdistys\/tietoa-meista\/#primaryimage"},"image":{"@id":"https:\/\/meripelastus.fi\/turku\/turun-meripelastusyhdistys\/tietoa-meista\/#primaryimage"},"thumbnailUrl":"https:\/\/meripelastus.fi\/turku\/wp-content\/uploads\/sites\/22\/2019\/06\/18_1.jpg","datePublished":"2018-03-19T07:16:29+00:00","dateModified":"2023-06-07T18:04:31+00:00","description":"Turun Meripelastusyhdistys on Suomen Meripelastusseuran j\u00e4senyhdistys, joka harjoittaa vapaaehtoista meripelastusty\u00f6t\u00e4 Saaristomerell\u00e4.","breadcrumb":{"@id":"https:\/\/meripelastus.fi\/turku\/turun-meripelastusyhdistys\/tietoa-meista\/#breadcrumb"},"inLanguage":"fi","potentialAction":[{"@type":"ReadAction","target":["https:\/\/meripelastus.fi\/turku\/turun-meripelastusyhdistys\/tietoa-meista\/"]}]},{"@type":"ImageObject","inLanguage":"fi","@id":"https:\/\/meripelastus.fi\/turku\/turun-meripelastusyhdistys\/tietoa-meista\/#primaryimage","url":"https:\/\/meripelastus.fi\/turku\/wp-content\/uploads\/sites\/22\/2019\/06\/18_1.jpg","contentUrl":"https:\/\/meripelastus.fi\/turku\/wp-content\/uploads\/sites\/22\/2019\/06\/18_1.jpg","width":2666,"height":1500},{"@type":"BreadcrumbList","@id":"https:\/\/meripelastus.fi\/turku\/turun-meripelastusyhdistys\/tietoa-meista\/#breadcrumb","itemListElement":[{"@type":"ListItem","position":1,"name":"Etusivu","item":"https:\/\/meripelastus.fi\/turku\/"},{"@type":"ListItem","position":2,"name":"Turun Meripelastusyhdistys","item":"https:\/\/meripelastus.fi\/turku\/turun-meripelastusyhdistys\/"},{"@type":"ListItem","position":3,"name":"Tietoa meist\u00e4"}]},{"@type":"WebSite","@id":"https:\/\/meripelastus.fi\/turku\/#website","url":"https:\/\/meripelastus.fi\/turku\/","name":"Turun Meripelastusyhdistys","description":"Vapaaehtoiset apunasi vesill\u00e4","potentialAction":[{"@type":"SearchAction","target":{"@type":"EntryPoint","urlTemplate":"https:\/\/meripelastus.fi\/turku\/?s={search_term_string}"},"query-input":{"@type":"PropertyValueSpecification","valueRequired":true,"valueName":"search_term_string"}}],"inLanguage":"fi"}]}},"_links":{"self":[{"href":"https:\/\/meripelastus.fi\/turku\/wp-json\/wp\/v2\/pages\/8","targetHints":{"allow":["GET"]}}],"collection":[{"href":"https:\/\/meripelastus.fi\/turku\/wp-json\/wp\/v2\/pages"}],"about":[{"href":"https:\/\/meripelastus.fi\/turku\/wp-json\/wp\/v2\/types\/page"}],"author":[{"embeddable":true,"href":"https:\/\/meripelastus.fi\/turku\/wp-json\/wp\/v2\/users\/1"}],"replies":[{"embeddable":true,"href":"https:\/\/meripelastus.fi\/turku\/wp-json\/wp\/v2\/comments?post=8"}],"version-history":[{"count":19,"href":"https:\/\/meripelastus.fi\/turku\/wp-json\/wp\/v2\/pages\/8\/revisions"}],"predecessor-version":[{"id":862,"href":"https:\/\/meripelastus.fi\/turku\/wp-json\/wp\/v2\/pages\/8\/revisions\/862"}],"up":[{"embeddable":true,"href":"https:\/\/meripelastus.fi\/turku\/wp-json\/wp\/v2\/pages\/6"}],"wp:featuredmedia":[{"embeddable":true,"href":"https:\/\/meripelastus.fi\/turku\/wp-json\/wp\/v2\/media\/495"}],"wp:attachment":[{"href":"https:\/\/meripelastus.fi\/turku\/wp-json\/wp\/v2\/media?parent=8"}],"curies":[{"name":"wp","href":"https:\/\/api.w.org\/{rel}","templated":true}]}}