{"id":665,"date":"2019-11-28T13:07:07","date_gmt":"2019-11-28T11:07:07","guid":{"rendered":"https:\/\/meripelastus.fi\/turku\/?page_id=665"},"modified":"2019-11-28T13:24:53","modified_gmt":"2019-11-28T11:24:53","slug":"yhdistyksen-saannot","status":"publish","type":"page","link":"https:\/\/meripelastus.fi\/turku\/turun-meripelastusyhdistys\/yhdistyksen-saannot\/","title":{"rendered":"Yhdistyksen s\u00e4\u00e4nn\u00f6t"},"content":{"rendered":"<p>Turun Meripelastusyhdistys ry:n voimassaolevat s\u00e4\u00e4nn\u00f6t l\u00f6yd\u00e4t oheisesta linkist\u00e4:<\/p>\n<p><a href=\"https:\/\/meripelastus.fi\/turku\/wp-content\/uploads\/sites\/22\/2019\/11\/SMPS-Turun-meripelastusyhdistys-ry-s\u00e4\u00e4nn\u00f6t_2011.pdf\">SMPS Turun Meripelastusyhdistys ry s\u00e4\u00e4nn\u00f6t<\/a><\/p>\n<p>Yhdistyksen s\u00e4\u00e4nt\u00f6ihin on kirjattu mm. tiedot yhdistyksen tarkoituksesta ja toiminnasta, s\u00e4\u00e4nt\u00f6m\u00e4\u00e4r\u00e4isist\u00e4 kokouksista sek\u00e4 hallituksen teht\u00e4vist\u00e4. Lis\u00e4tietoa yhdistyksen toimintatavasta ja s\u00e4\u00e4nt\u00f6jen tulkinnasta antaa tarvittaessa hallitus ja puheenjohtaja, puheenjohtaja(a)tmpy.fi.<\/p>\n","protected":false},"excerpt":{"rendered":"<p>Turun Meripelastusyhdistys ry:n voimassaolevat s\u00e4\u00e4nn\u00f6t l\u00f6yd\u00e4t oheisesta linkist\u00e4: SMPS Turun Meripelastusyhdistys ry s\u00e4\u00e4nn\u00f6t Yhdistyksen s\u00e4\u00e4nt\u00f6ihin on kirjattu mm. tiedot yhdistyksen tarkoituksesta ja toiminnasta, s\u00e4\u00e4nt\u00f6m\u00e4\u00e4r\u00e4isist\u00e4 kokouksista sek\u00e4 hallituksen teht\u00e4vist\u00e4. Lis\u00e4tietoa yhdistyksen toimintatavasta ja s\u00e4\u00e4nt\u00f6jen tulkinnasta antaa tarvittaessa hallitus ja puheenjohtaja, puheenjohtaja(a)tmpy.fi.<\/p>\n","protected":false},"author":45,"featured_media":0,"parent":6,"menu_order":0,"comment_status":"closed","ping_status":"closed","template":"","meta":{"_acf_changed":false,"inline_featured_image":false,"footnotes":""},"class_list":["post-665","page","type-page","status-publish","hentry"],"acf":[],"yoast_head":"<!-- This site is optimized with the Yoast SEO Premium plugin v27.2 (Yoast SEO v27.2) - https:\/\/yoast.com\/product\/yoast-seo-premium-wordpress\/ -->\n<title>Yhdistyksen s\u00e4\u00e4nn\u00f6t - Turun Meripelastusyhdistys<\/title>\n<meta name=\"robots\" content=\"index, follow, max-snippet:-1, max-image-preview:large, max-video-preview:-1\" \/>\n<link rel=\"canonical\" href=\"https:\/\/meripelastus.fi\/turku\/turun-meripelastusyhdistys\/yhdistyksen-saannot\/\" \/>\n<meta property=\"og:locale\" content=\"fi_FI\" \/>\n<meta property=\"og:type\" content=\"article\" \/>\n<meta property=\"og:title\" content=\"Yhdistyksen s\u00e4\u00e4nn\u00f6t\" \/>\n<meta property=\"og:description\" content=\"Turun Meripelastusyhdistys ry:n voimassaolevat s\u00e4\u00e4nn\u00f6t l\u00f6yd\u00e4t oheisesta linkist\u00e4: SMPS Turun Meripelastusyhdistys ry s\u00e4\u00e4nn\u00f6t Yhdistyksen s\u00e4\u00e4nt\u00f6ihin on kirjattu mm. tiedot yhdistyksen tarkoituksesta ja toiminnasta, s\u00e4\u00e4nt\u00f6m\u00e4\u00e4r\u00e4isist\u00e4 kokouksista sek\u00e4 hallituksen teht\u00e4vist\u00e4. Lis\u00e4tietoa yhdistyksen toimintatavasta ja s\u00e4\u00e4nt\u00f6jen tulkinnasta antaa tarvittaessa hallitus ja puheenjohtaja, puheenjohtaja(a)tmpy.fi.\" \/>\n<meta property=\"og:url\" content=\"https:\/\/meripelastus.fi\/turku\/turun-meripelastusyhdistys\/yhdistyksen-saannot\/\" \/>\n<meta property=\"og:site_name\" content=\"Turun Meripelastusyhdistys\" \/>\n<meta property=\"article:modified_time\" content=\"2019-11-28T11:24:53+00:00\" \/>\n<meta name=\"twitter:card\" content=\"summary_large_image\" \/>\n<script type=\"application\/ld+json\" class=\"yoast-schema-graph\">{\"@context\":\"https:\/\/schema.org\",\"@graph\":[{\"@type\":\"WebPage\",\"@id\":\"https:\/\/meripelastus.fi\/turku\/turun-meripelastusyhdistys\/yhdistyksen-saannot\/\",\"url\":\"https:\/\/meripelastus.fi\/turku\/turun-meripelastusyhdistys\/yhdistyksen-saannot\/\",\"name\":\"Yhdistyksen s\u00e4\u00e4nn\u00f6t - Turun Meripelastusyhdistys\",\"isPartOf\":{\"@id\":\"https:\/\/meripelastus.fi\/turku\/#website\"},\"datePublished\":\"2019-11-28T11:07:07+00:00\",\"dateModified\":\"2019-11-28T11:24:53+00:00\",\"breadcrumb\":{\"@id\":\"https:\/\/meripelastus.fi\/turku\/turun-meripelastusyhdistys\/yhdistyksen-saannot\/#breadcrumb\"},\"inLanguage\":\"fi\",\"potentialAction\":[{\"@type\":\"ReadAction\",\"target\":[\"https:\/\/meripelastus.fi\/turku\/turun-meripelastusyhdistys\/yhdistyksen-saannot\/\"]}]},{\"@type\":\"BreadcrumbList\",\"@id\":\"https:\/\/meripelastus.fi\/turku\/turun-meripelastusyhdistys\/yhdistyksen-saannot\/#breadcrumb\",\"itemListElement\":[{\"@type\":\"ListItem\",\"position\":1,\"name\":\"Etusivu\",\"item\":\"https:\/\/meripelastus.fi\/turku\/\"},{\"@type\":\"ListItem\",\"position\":2,\"name\":\"Turun Meripelastusyhdistys\",\"item\":\"https:\/\/meripelastus.fi\/turku\/turun-meripelastusyhdistys\/\"},{\"@type\":\"ListItem\",\"position\":3,\"name\":\"Yhdistyksen s\u00e4\u00e4nn\u00f6t\"}]},{\"@type\":\"WebSite\",\"@id\":\"https:\/\/meripelastus.fi\/turku\/#website\",\"url\":\"https:\/\/meripelastus.fi\/turku\/\",\"name\":\"Turun Meripelastusyhdistys\",\"description\":\"Vapaaehtoiset apunasi vesill\u00e4\",\"potentialAction\":[{\"@type\":\"SearchAction\",\"target\":{\"@type\":\"EntryPoint\",\"urlTemplate\":\"https:\/\/meripelastus.fi\/turku\/?s={search_term_string}\"},\"query-input\":{\"@type\":\"PropertyValueSpecification\",\"valueRequired\":true,\"valueName\":\"search_term_string\"}}],\"inLanguage\":\"fi\"}]}<\/script>\n<!-- \/ Yoast SEO Premium plugin. -->","yoast_head_json":{"title":"Yhdistyksen s\u00e4\u00e4nn\u00f6t - Turun Meripelastusyhdistys","robots":{"index":"index","follow":"follow","max-snippet":"max-snippet:-1","max-image-preview":"max-image-preview:large","max-video-preview":"max-video-preview:-1"},"canonical":"https:\/\/meripelastus.fi\/turku\/turun-meripelastusyhdistys\/yhdistyksen-saannot\/","og_locale":"fi_FI","og_type":"article","og_title":"Yhdistyksen s\u00e4\u00e4nn\u00f6t","og_description":"Turun Meripelastusyhdistys ry:n voimassaolevat s\u00e4\u00e4nn\u00f6t l\u00f6yd\u00e4t oheisesta linkist\u00e4: SMPS Turun Meripelastusyhdistys ry s\u00e4\u00e4nn\u00f6t Yhdistyksen s\u00e4\u00e4nt\u00f6ihin on kirjattu mm. tiedot yhdistyksen tarkoituksesta ja toiminnasta, s\u00e4\u00e4nt\u00f6m\u00e4\u00e4r\u00e4isist\u00e4 kokouksista sek\u00e4 hallituksen teht\u00e4vist\u00e4. Lis\u00e4tietoa yhdistyksen toimintatavasta ja s\u00e4\u00e4nt\u00f6jen tulkinnasta antaa tarvittaessa hallitus ja puheenjohtaja, puheenjohtaja(a)tmpy.fi.","og_url":"https:\/\/meripelastus.fi\/turku\/turun-meripelastusyhdistys\/yhdistyksen-saannot\/","og_site_name":"Turun Meripelastusyhdistys","article_modified_time":"2019-11-28T11:24:53+00:00","twitter_card":"summary_large_image","schema":{"@context":"https:\/\/schema.org","@graph":[{"@type":"WebPage","@id":"https:\/\/meripelastus.fi\/turku\/turun-meripelastusyhdistys\/yhdistyksen-saannot\/","url":"https:\/\/meripelastus.fi\/turku\/turun-meripelastusyhdistys\/yhdistyksen-saannot\/","name":"Yhdistyksen s\u00e4\u00e4nn\u00f6t - Turun Meripelastusyhdistys","isPartOf":{"@id":"https:\/\/meripelastus.fi\/turku\/#website"},"datePublished":"2019-11-28T11:07:07+00:00","dateModified":"2019-11-28T11:24:53+00:00","breadcrumb":{"@id":"https:\/\/meripelastus.fi\/turku\/turun-meripelastusyhdistys\/yhdistyksen-saannot\/#breadcrumb"},"inLanguage":"fi","potentialAction":[{"@type":"ReadAction","target":["https:\/\/meripelastus.fi\/turku\/turun-meripelastusyhdistys\/yhdistyksen-saannot\/"]}]},{"@type":"BreadcrumbList","@id":"https:\/\/meripelastus.fi\/turku\/turun-meripelastusyhdistys\/yhdistyksen-saannot\/#breadcrumb","itemListElement":[{"@type":"ListItem","position":1,"name":"Etusivu","item":"https:\/\/meripelastus.fi\/turku\/"},{"@type":"ListItem","position":2,"name":"Turun Meripelastusyhdistys","item":"https:\/\/meripelastus.fi\/turku\/turun-meripelastusyhdistys\/"},{"@type":"ListItem","position":3,"name":"Yhdistyksen s\u00e4\u00e4nn\u00f6t"}]},{"@type":"WebSite","@id":"https:\/\/meripelastus.fi\/turku\/#website","url":"https:\/\/meripelastus.fi\/turku\/","name":"Turun Meripelastusyhdistys","description":"Vapaaehtoiset apunasi vesill\u00e4","potentialAction":[{"@type":"SearchAction","target":{"@type":"EntryPoint","urlTemplate":"https:\/\/meripelastus.fi\/turku\/?s={search_term_string}"},"query-input":{"@type":"PropertyValueSpecification","valueRequired":true,"valueName":"search_term_string"}}],"inLanguage":"fi"}]}},"_links":{"self":[{"href":"https:\/\/meripelastus.fi\/turku\/wp-json\/wp\/v2\/pages\/665","targetHints":{"allow":["GET"]}}],"collection":[{"href":"https:\/\/meripelastus.fi\/turku\/wp-json\/wp\/v2\/pages"}],"about":[{"href":"https:\/\/meripelastus.fi\/turku\/wp-json\/wp\/v2\/types\/page"}],"author":[{"embeddable":true,"href":"https:\/\/meripelastus.fi\/turku\/wp-json\/wp\/v2\/users\/45"}],"replies":[{"embeddable":true,"href":"https:\/\/meripelastus.fi\/turku\/wp-json\/wp\/v2\/comments?post=665"}],"version-history":[{"count":2,"href":"https:\/\/meripelastus.fi\/turku\/wp-json\/wp\/v2\/pages\/665\/revisions"}],"predecessor-version":[{"id":675,"href":"https:\/\/meripelastus.fi\/turku\/wp-json\/wp\/v2\/pages\/665\/revisions\/675"}],"up":[{"embeddable":true,"href":"https:\/\/meripelastus.fi\/turku\/wp-json\/wp\/v2\/pages\/6"}],"wp:attachment":[{"href":"https:\/\/meripelastus.fi\/turku\/wp-json\/wp\/v2\/media?parent=665"}],"curies":[{"name":"wp","href":"https:\/\/api.w.org\/{rel}","templated":true}]}}