{"id":546,"date":"2019-09-04T10:12:58","date_gmt":"2019-09-04T07:12:58","guid":{"rendered":"https:\/\/meripelastus.fi\/turku\/?page_id=546"},"modified":"2026-02-02T10:36:47","modified_gmt":"2026-02-02T08:36:47","slug":"tukijat","status":"publish","type":"page","link":"https:\/\/meripelastus.fi\/turku\/turun-meripelastusyhdistys\/tukijat\/","title":{"rendered":"Tukijat"},"content":{"rendered":"<h3>Vapaaehtoinen meripelastustoiminta ei olisi mahdollista ilman yrityksilt\u00e4, yhteis\u00f6ilt\u00e4 ja yksityishenkil\u00f6ilt\u00e4 saatavaa tukea. Alla tietoa t\u00e4rkeimmist\u00e4 tukijoistamme, jotka omalta osaltaan mahdollistavat niin alusten yll\u00e4pidon, operatiivisen toiminnan kuin miehist\u00f6n koulutuksenkin.<\/h3>\n<p><strong>Orkla Oy\u00a0<\/strong>&#8211; Rescue ABBA<\/p>\n<p data-wp-editing=\"1\">\u00a0 \u00a0 \u00a0 \u00a0 <img loading=\"lazy\" decoding=\"async\" class=\"alignnone size-medium wp-image-991\" src=\"https:\/\/meripelastus.fi\/turku\/wp-content\/uploads\/sites\/22\/2025\/08\/Orkla_Suomi_Red_RGB-300x170.png\" alt=\"\" width=\"300\" height=\"170\" srcset=\"https:\/\/meripelastus.fi\/turku\/wp-content\/uploads\/sites\/22\/2025\/08\/Orkla_Suomi_Red_RGB-300x170.png 300w, https:\/\/meripelastus.fi\/turku\/wp-content\/uploads\/sites\/22\/2025\/08\/Orkla_Suomi_Red_RGB-1024x581.png 1024w, https:\/\/meripelastus.fi\/turku\/wp-content\/uploads\/sites\/22\/2025\/08\/Orkla_Suomi_Red_RGB-768x436.png 768w, https:\/\/meripelastus.fi\/turku\/wp-content\/uploads\/sites\/22\/2025\/08\/Orkla_Suomi_Red_RGB.png 1424w\" sizes=\"auto, (max-width: 300px) 100vw, 300px\" \/>\u00a0 \u00a0 \u00a0 \u00a0 \u00a0 \u00a0 \u00a0 \u00a0 \u00a0 \u00a0 \u00a0 \u00a0 \u00a0 \u00a0 \u00a0 \u00a0 \u00a0 \u00a0 \u00a0 \u00a0 \u00a0 \u00a0<img loading=\"lazy\" decoding=\"async\" class=\"alignnone  wp-image-992\" src=\"https:\/\/meripelastus.fi\/turku\/wp-content\/uploads\/sites\/22\/2025\/08\/Abba_Fi_Logo_BlaGuld_RGB_Rityta-1-1-300x212.png\" alt=\"\" width=\"287\" height=\"203\" srcset=\"https:\/\/meripelastus.fi\/turku\/wp-content\/uploads\/sites\/22\/2025\/08\/Abba_Fi_Logo_BlaGuld_RGB_Rityta-1-1-300x212.png 300w, https:\/\/meripelastus.fi\/turku\/wp-content\/uploads\/sites\/22\/2025\/08\/Abba_Fi_Logo_BlaGuld_RGB_Rityta-1-1-1024x724.png 1024w, https:\/\/meripelastus.fi\/turku\/wp-content\/uploads\/sites\/22\/2025\/08\/Abba_Fi_Logo_BlaGuld_RGB_Rityta-1-1-768x543.png 768w, https:\/\/meripelastus.fi\/turku\/wp-content\/uploads\/sites\/22\/2025\/08\/Abba_Fi_Logo_BlaGuld_RGB_Rityta-1-1.png 1200w\" sizes=\"auto, (max-width: 287px) 100vw, 287px\" \/><\/p>\n<p>_Orkla Suomi__ tuo suomalaisiin koteihin laadukkaita ja maukkaita ruoka-, snacks- sek\u00e4 makeistuotteita niin arkeen kuin juhlaan. Yli 20 tuotemerkkiimme kuuluvat muun muassa Taffel, Panda, Felix, Grandiosa, Oolannin ja Kantolan. Valmistamme suklaa- ja lakritsituotteita Vaajakoskella ja perunatuotteita Ahvenanmaan Haraldsbyss\u00e4. Orkla Suomi Finland Oy Ab on osa Orkla-konsernia, joka on listattu Oslon p\u00f6rssiin._<\/p>\n<p style=\"font-weight: 400\"><a href=\"https:\/\/www.orkla.fi\">Tutustu Orklan toimintaan Suomessa<\/a><\/p>\n<p>\u00a0<\/p>\n<p><strong>Elomatic Oy<\/strong> &#8211; Apuvene Faster<\/p>\n<p><img loading=\"lazy\" decoding=\"async\" class=\"alignnone wp-image-669\" src=\"https:\/\/meripelastus.fi\/turku\/wp-content\/uploads\/sites\/22\/2019\/11\/Elomatic_Logo_Blue_RGB_025.jpg\" alt=\"\" width=\"238\" height=\"71\" srcset=\"https:\/\/meripelastus.fi\/turku\/wp-content\/uploads\/sites\/22\/2019\/11\/Elomatic_Logo_Blue_RGB_025.jpg 3051w, https:\/\/meripelastus.fi\/turku\/wp-content\/uploads\/sites\/22\/2019\/11\/Elomatic_Logo_Blue_RGB_025-300x90.jpg 300w, https:\/\/meripelastus.fi\/turku\/wp-content\/uploads\/sites\/22\/2019\/11\/Elomatic_Logo_Blue_RGB_025-768x230.jpg 768w, https:\/\/meripelastus.fi\/turku\/wp-content\/uploads\/sites\/22\/2019\/11\/Elomatic_Logo_Blue_RGB_025-1024x306.jpg 1024w\" sizes=\"auto, (max-width: 238px) 100vw, 238px\" \/><\/p>\n<p style=\"font-weight: 400\">Elomatic tarjoaa konsultointi-, suunnittelu-, tuotekehitys- ja projektinhallintapalveluita sek\u00e4 tuotteita ja kokonaisratkaisuja teollisuusyrityksille ja julkisen sektorin organisaatioille. Yrityksell\u00e4 on jo 50 vuoden vankka kokemus eri teollisuudenalojen investointiprojekteista, ja se ty\u00f6llist\u00e4\u00e4 yli 1000 ammattilaista.<\/p>\n<p><a href=\"https:\/\/www.elomatic.com\/fi\/\">Tutustu Elomaticin palveluihin<\/a><\/p>\n<p>\u00a0<\/p>\n<p><strong>OP Turun Seutu<\/strong><\/p>\n<p><img loading=\"lazy\" decoding=\"async\" class=\"alignnone  wp-image-1022\" src=\"https:\/\/meripelastus.fi\/turku\/wp-content\/uploads\/sites\/22\/2026\/02\/OP_Varsinais-Suomi_vasen_RGB-300x54.png\" alt=\"\" width=\"560\" height=\"101\" srcset=\"https:\/\/meripelastus.fi\/turku\/wp-content\/uploads\/sites\/22\/2026\/02\/OP_Varsinais-Suomi_vasen_RGB-300x54.png 300w, https:\/\/meripelastus.fi\/turku\/wp-content\/uploads\/sites\/22\/2026\/02\/OP_Varsinais-Suomi_vasen_RGB-1024x185.png 1024w, https:\/\/meripelastus.fi\/turku\/wp-content\/uploads\/sites\/22\/2026\/02\/OP_Varsinais-Suomi_vasen_RGB-768x139.png 768w, https:\/\/meripelastus.fi\/turku\/wp-content\/uploads\/sites\/22\/2026\/02\/OP_Varsinais-Suomi_vasen_RGB-1536x277.png 1536w, https:\/\/meripelastus.fi\/turku\/wp-content\/uploads\/sites\/22\/2026\/02\/OP_Varsinais-Suomi_vasen_RGB-2048x370.png 2048w\" sizes=\"auto, (max-width: 560px) 100vw, 560px\" \/><\/p>\n<p>OP Varsinais- suomi on vahvasti paikallinen omistaja-asiakkaidensa omistama<br \/>pankki. Toimimme Turun, Kaarinan, Liedon, Naantalin, Paraisten, Raision,<br \/>Ruskon ja Vehmaan kuntien alueella. Arvomme ovat ihmisl\u00e4heisyys,<br \/>vastuullisuus sek\u00e4 yhdess\u00e4 menestyminen ja jo vuosisadan ajan olemme<br \/>edist\u00e4neet asiakkaidemme ja toimintaymp\u00e4rist\u00f6mme kest\u00e4v\u00e4\u00e4 taloudellista<br \/>menestyst\u00e4, turvallisuutta ja hyvinvointia.<\/p>\n<p>\u00a0<\/p>\n<p><img loading=\"lazy\" decoding=\"async\" class=\"alignnone size-full wp-image-1012\" src=\"https:\/\/meripelastus.fi\/turku\/wp-content\/uploads\/sites\/22\/2025\/12\/Harvia-1.jpg\" alt=\"\" width=\"180\" height=\"180\" srcset=\"https:\/\/meripelastus.fi\/turku\/wp-content\/uploads\/sites\/22\/2025\/12\/Harvia-1.jpg 180w, https:\/\/meripelastus.fi\/turku\/wp-content\/uploads\/sites\/22\/2025\/12\/Harvia-1-150x150.jpg 150w, https:\/\/meripelastus.fi\/turku\/wp-content\/uploads\/sites\/22\/2025\/12\/Harvia-1-160x160.jpg 160w\" sizes=\"auto, (max-width: 180px) 100vw, 180px\" \/><\/p>\n<p><span style=\"font-size: revert\">Meill\u00e4 on ilo kertoa, ett\u00e4 <\/span><strong style=\"font-size: revert\">Harvia<\/strong><span style=\"font-size: revert\">, maailman johtava sauna- ja spa-ratkaisujen valmistaja, on lahjoittanut kiukaan Turun Meripelastus ry:n k\u00e4ytt\u00f6\u00f6n. Harvia on suomalainen yritys, joka on perustettu vuonna 1950 ja tunnetaan laadukkaista, innovatiivisista ja kest\u00e4vist\u00e4 tuotteistaan. Yrityksen tavoitteena on edist\u00e4\u00e4 hyvinvointia ja saunakulttuuria ymp\u00e4ri maailman.<\/span><\/p>\n<div>\n<p>Kiitos Harvia, ett\u00e4 olette mukana tukemassa vapaaehtoista meripelastustoimintaa ja sen t\u00e4rkeit\u00e4 teht\u00e4vi\u00e4!<\/p>\n<\/div>\n<h3><strong>Oletko kiinnostunut vapaaehtoisen meripelastusty\u00f6n tukemisesta?<\/strong><\/h3>\n<p>Lue lis\u00e4\u00e4 <a href=\"https:\/\/meripelastus.fi\/turku\/ole-mukana\/tukijaksi\/\">t\u00e4\u00e4lt\u00e4<\/a> tai l\u00e4het\u00e4 meille s\u00e4hk\u00f6postia: yhteistyo(a)tmpy.fi<\/p>\n\n\n<p><\/p>\n","protected":false},"excerpt":{"rendered":"<p>Vapaaehtoinen meripelastustoiminta ei olisi mahdollista ilman yrityksilt\u00e4, yhteis\u00f6ilt\u00e4 ja yksityishenkil\u00f6ilt\u00e4 saatavaa tukea. Alla tietoa t\u00e4rkeimmist\u00e4 tukijoistamme, jotka omalta osaltaan mahdollistavat niin alusten yll\u00e4pidon, operatiivisen toiminnan kuin miehist\u00f6n koulutuksenkin. Orkla Oy\u00a0&#8211; Rescue ABBA \u00a0 \u00a0 \u00a0 \u00a0 \u00a0 \u00a0 \u00a0 \u00a0 \u00a0 \u00a0 \u00a0 \u00a0 \u00a0 \u00a0 \u00a0 \u00a0 \u00a0 \u00a0 \u00a0 \u00a0 \u00a0 \u00a0 \u00a0 [&hellip;]<\/p>\n","protected":false},"author":45,"featured_media":0,"parent":6,"menu_order":0,"comment_status":"closed","ping_status":"closed","template":"","meta":{"_acf_changed":false,"inline_featured_image":false,"footnotes":""},"class_list":["post-546","page","type-page","status-publish","hentry"],"acf":[],"yoast_head":"<!-- This site is optimized with the Yoast SEO Premium plugin v27.2 (Yoast SEO v27.2) - https:\/\/yoast.com\/product\/yoast-seo-premium-wordpress\/ -->\n<title>Tukijat - Turun Meripelastusyhdistys<\/title>\n<meta name=\"robots\" content=\"index, follow, max-snippet:-1, max-image-preview:large, max-video-preview:-1\" \/>\n<link rel=\"canonical\" href=\"https:\/\/meripelastus.fi\/turku\/turun-meripelastusyhdistys\/tukijat\/\" \/>\n<meta property=\"og:locale\" content=\"fi_FI\" \/>\n<meta property=\"og:type\" content=\"article\" \/>\n<meta property=\"og:title\" content=\"Tukijat\" \/>\n<meta property=\"og:description\" content=\"Vapaaehtoinen meripelastustoiminta ei olisi mahdollista ilman yrityksilt\u00e4, yhteis\u00f6ilt\u00e4 ja yksityishenkil\u00f6ilt\u00e4 saatavaa tukea. Alla tietoa t\u00e4rkeimmist\u00e4 tukijoistamme, jotka omalta osaltaan mahdollistavat niin alusten yll\u00e4pidon, operatiivisen toiminnan kuin miehist\u00f6n koulutuksenkin. Orkla Oy\u00a0&#8211; Rescue ABBA \u00a0 \u00a0 \u00a0 \u00a0 \u00a0 \u00a0 \u00a0 \u00a0 \u00a0 \u00a0 \u00a0 \u00a0 \u00a0 \u00a0 \u00a0 \u00a0 \u00a0 \u00a0 \u00a0 \u00a0 \u00a0 \u00a0 \u00a0 [&hellip;]\" \/>\n<meta property=\"og:url\" content=\"https:\/\/meripelastus.fi\/turku\/turun-meripelastusyhdistys\/tukijat\/\" \/>\n<meta property=\"og:site_name\" content=\"Turun Meripelastusyhdistys\" \/>\n<meta property=\"article:modified_time\" content=\"2026-02-02T08:36:47+00:00\" \/>\n<meta property=\"og:image\" content=\"https:\/\/meripelastus.fi\/turku\/wp-content\/uploads\/sites\/22\/2025\/08\/Orkla_Suomi_Red_RGB.png\" \/>\n\t<meta property=\"og:image:width\" content=\"1424\" \/>\n\t<meta property=\"og:image:height\" content=\"808\" \/>\n\t<meta property=\"og:image:type\" content=\"image\/png\" \/>\n<meta name=\"twitter:card\" content=\"summary_large_image\" \/>\n<meta name=\"twitter:label1\" content=\"Arvioitu lukuaika\" \/>\n\t<meta name=\"twitter:data1\" content=\"3 minuuttia\" \/>\n<script type=\"application\/ld+json\" class=\"yoast-schema-graph\">{\"@context\":\"https:\/\/schema.org\",\"@graph\":[{\"@type\":\"WebPage\",\"@id\":\"https:\/\/meripelastus.fi\/turku\/turun-meripelastusyhdistys\/tukijat\/\",\"url\":\"https:\/\/meripelastus.fi\/turku\/turun-meripelastusyhdistys\/tukijat\/\",\"name\":\"Tukijat - Turun Meripelastusyhdistys\",\"isPartOf\":{\"@id\":\"https:\/\/meripelastus.fi\/turku\/#website\"},\"primaryImageOfPage\":{\"@id\":\"https:\/\/meripelastus.fi\/turku\/turun-meripelastusyhdistys\/tukijat\/#primaryimage\"},\"image\":{\"@id\":\"https:\/\/meripelastus.fi\/turku\/turun-meripelastusyhdistys\/tukijat\/#primaryimage\"},\"thumbnailUrl\":\"https:\/\/meripelastus.fi\/turku\/wp-content\/uploads\/sites\/22\/2025\/08\/Orkla_Suomi_Red_RGB-300x170.png\",\"datePublished\":\"2019-09-04T07:12:58+00:00\",\"dateModified\":\"2026-02-02T08:36:47+00:00\",\"breadcrumb\":{\"@id\":\"https:\/\/meripelastus.fi\/turku\/turun-meripelastusyhdistys\/tukijat\/#breadcrumb\"},\"inLanguage\":\"fi\",\"potentialAction\":[{\"@type\":\"ReadAction\",\"target\":[\"https:\/\/meripelastus.fi\/turku\/turun-meripelastusyhdistys\/tukijat\/\"]}]},{\"@type\":\"ImageObject\",\"inLanguage\":\"fi\",\"@id\":\"https:\/\/meripelastus.fi\/turku\/turun-meripelastusyhdistys\/tukijat\/#primaryimage\",\"url\":\"https:\/\/meripelastus.fi\/turku\/wp-content\/uploads\/sites\/22\/2025\/08\/Orkla_Suomi_Red_RGB.png\",\"contentUrl\":\"https:\/\/meripelastus.fi\/turku\/wp-content\/uploads\/sites\/22\/2025\/08\/Orkla_Suomi_Red_RGB.png\",\"width\":1424,\"height\":808},{\"@type\":\"BreadcrumbList\",\"@id\":\"https:\/\/meripelastus.fi\/turku\/turun-meripelastusyhdistys\/tukijat\/#breadcrumb\",\"itemListElement\":[{\"@type\":\"ListItem\",\"position\":1,\"name\":\"Etusivu\",\"item\":\"https:\/\/meripelastus.fi\/turku\/\"},{\"@type\":\"ListItem\",\"position\":2,\"name\":\"Turun Meripelastusyhdistys\",\"item\":\"https:\/\/meripelastus.fi\/turku\/turun-meripelastusyhdistys\/\"},{\"@type\":\"ListItem\",\"position\":3,\"name\":\"Tukijat\"}]},{\"@type\":\"WebSite\",\"@id\":\"https:\/\/meripelastus.fi\/turku\/#website\",\"url\":\"https:\/\/meripelastus.fi\/turku\/\",\"name\":\"Turun Meripelastusyhdistys\",\"description\":\"Vapaaehtoiset apunasi vesill\u00e4\",\"potentialAction\":[{\"@type\":\"SearchAction\",\"target\":{\"@type\":\"EntryPoint\",\"urlTemplate\":\"https:\/\/meripelastus.fi\/turku\/?s={search_term_string}\"},\"query-input\":{\"@type\":\"PropertyValueSpecification\",\"valueRequired\":true,\"valueName\":\"search_term_string\"}}],\"inLanguage\":\"fi\"}]}<\/script>\n<!-- \/ Yoast SEO Premium plugin. -->","yoast_head_json":{"title":"Tukijat - Turun Meripelastusyhdistys","robots":{"index":"index","follow":"follow","max-snippet":"max-snippet:-1","max-image-preview":"max-image-preview:large","max-video-preview":"max-video-preview:-1"},"canonical":"https:\/\/meripelastus.fi\/turku\/turun-meripelastusyhdistys\/tukijat\/","og_locale":"fi_FI","og_type":"article","og_title":"Tukijat","og_description":"Vapaaehtoinen meripelastustoiminta ei olisi mahdollista ilman yrityksilt\u00e4, yhteis\u00f6ilt\u00e4 ja yksityishenkil\u00f6ilt\u00e4 saatavaa tukea. Alla tietoa t\u00e4rkeimmist\u00e4 tukijoistamme, jotka omalta osaltaan mahdollistavat niin alusten yll\u00e4pidon, operatiivisen toiminnan kuin miehist\u00f6n koulutuksenkin. Orkla Oy\u00a0&#8211; Rescue ABBA \u00a0 \u00a0 \u00a0 \u00a0 \u00a0 \u00a0 \u00a0 \u00a0 \u00a0 \u00a0 \u00a0 \u00a0 \u00a0 \u00a0 \u00a0 \u00a0 \u00a0 \u00a0 \u00a0 \u00a0 \u00a0 \u00a0 \u00a0 [&hellip;]","og_url":"https:\/\/meripelastus.fi\/turku\/turun-meripelastusyhdistys\/tukijat\/","og_site_name":"Turun Meripelastusyhdistys","article_modified_time":"2026-02-02T08:36:47+00:00","og_image":[{"width":1424,"height":808,"url":"https:\/\/meripelastus.fi\/turku\/wp-content\/uploads\/sites\/22\/2025\/08\/Orkla_Suomi_Red_RGB.png","type":"image\/png"}],"twitter_card":"summary_large_image","twitter_misc":{"Arvioitu lukuaika":"3 minuuttia"},"schema":{"@context":"https:\/\/schema.org","@graph":[{"@type":"WebPage","@id":"https:\/\/meripelastus.fi\/turku\/turun-meripelastusyhdistys\/tukijat\/","url":"https:\/\/meripelastus.fi\/turku\/turun-meripelastusyhdistys\/tukijat\/","name":"Tukijat - Turun Meripelastusyhdistys","isPartOf":{"@id":"https:\/\/meripelastus.fi\/turku\/#website"},"primaryImageOfPage":{"@id":"https:\/\/meripelastus.fi\/turku\/turun-meripelastusyhdistys\/tukijat\/#primaryimage"},"image":{"@id":"https:\/\/meripelastus.fi\/turku\/turun-meripelastusyhdistys\/tukijat\/#primaryimage"},"thumbnailUrl":"https:\/\/meripelastus.fi\/turku\/wp-content\/uploads\/sites\/22\/2025\/08\/Orkla_Suomi_Red_RGB-300x170.png","datePublished":"2019-09-04T07:12:58+00:00","dateModified":"2026-02-02T08:36:47+00:00","breadcrumb":{"@id":"https:\/\/meripelastus.fi\/turku\/turun-meripelastusyhdistys\/tukijat\/#breadcrumb"},"inLanguage":"fi","potentialAction":[{"@type":"ReadAction","target":["https:\/\/meripelastus.fi\/turku\/turun-meripelastusyhdistys\/tukijat\/"]}]},{"@type":"ImageObject","inLanguage":"fi","@id":"https:\/\/meripelastus.fi\/turku\/turun-meripelastusyhdistys\/tukijat\/#primaryimage","url":"https:\/\/meripelastus.fi\/turku\/wp-content\/uploads\/sites\/22\/2025\/08\/Orkla_Suomi_Red_RGB.png","contentUrl":"https:\/\/meripelastus.fi\/turku\/wp-content\/uploads\/sites\/22\/2025\/08\/Orkla_Suomi_Red_RGB.png","width":1424,"height":808},{"@type":"BreadcrumbList","@id":"https:\/\/meripelastus.fi\/turku\/turun-meripelastusyhdistys\/tukijat\/#breadcrumb","itemListElement":[{"@type":"ListItem","position":1,"name":"Etusivu","item":"https:\/\/meripelastus.fi\/turku\/"},{"@type":"ListItem","position":2,"name":"Turun Meripelastusyhdistys","item":"https:\/\/meripelastus.fi\/turku\/turun-meripelastusyhdistys\/"},{"@type":"ListItem","position":3,"name":"Tukijat"}]},{"@type":"WebSite","@id":"https:\/\/meripelastus.fi\/turku\/#website","url":"https:\/\/meripelastus.fi\/turku\/","name":"Turun Meripelastusyhdistys","description":"Vapaaehtoiset apunasi vesill\u00e4","potentialAction":[{"@type":"SearchAction","target":{"@type":"EntryPoint","urlTemplate":"https:\/\/meripelastus.fi\/turku\/?s={search_term_string}"},"query-input":{"@type":"PropertyValueSpecification","valueRequired":true,"valueName":"search_term_string"}}],"inLanguage":"fi"}]}},"_links":{"self":[{"href":"https:\/\/meripelastus.fi\/turku\/wp-json\/wp\/v2\/pages\/546","targetHints":{"allow":["GET"]}}],"collection":[{"href":"https:\/\/meripelastus.fi\/turku\/wp-json\/wp\/v2\/pages"}],"about":[{"href":"https:\/\/meripelastus.fi\/turku\/wp-json\/wp\/v2\/types\/page"}],"author":[{"embeddable":true,"href":"https:\/\/meripelastus.fi\/turku\/wp-json\/wp\/v2\/users\/45"}],"replies":[{"embeddable":true,"href":"https:\/\/meripelastus.fi\/turku\/wp-json\/wp\/v2\/comments?post=546"}],"version-history":[{"count":22,"href":"https:\/\/meripelastus.fi\/turku\/wp-json\/wp\/v2\/pages\/546\/revisions"}],"predecessor-version":[{"id":1025,"href":"https:\/\/meripelastus.fi\/turku\/wp-json\/wp\/v2\/pages\/546\/revisions\/1025"}],"up":[{"embeddable":true,"href":"https:\/\/meripelastus.fi\/turku\/wp-json\/wp\/v2\/pages\/6"}],"wp:attachment":[{"href":"https:\/\/meripelastus.fi\/turku\/wp-json\/wp\/v2\/media?parent=546"}],"curies":[{"name":"wp","href":"https:\/\/api.w.org\/{rel}","templated":true}]}}