{"id":544,"date":"2019-06-18T13:05:59","date_gmt":"2019-06-18T10:05:59","guid":{"rendered":"https:\/\/meripelastus.fi\/turku\/?page_id=544"},"modified":"2022-03-04T13:45:25","modified_gmt":"2022-03-04T11:45:25","slug":"rekisteriselosteet","status":"publish","type":"page","link":"https:\/\/meripelastus.fi\/turku\/turun-meripelastusyhdistys\/rekisteriselosteet\/","title":{"rendered":"Rekisteriselosteet"},"content":{"rendered":"<p>Rekisteri- ja tietosuojaselosteissa on kuvattu Turun Meripelastusyhdistyksen yll\u00e4pit\u00e4mien henkil\u00f6rekisterien sis\u00e4lt\u00e4m\u00e4t tiedot sek\u00e4 tietojen k\u00e4ytt\u00f6tarkoitus, s\u00e4\u00e4nn\u00f6nmukaiset luovutukset ja suojauksen periaatteet. Lis\u00e4ksi tietosuojaselosteet sis\u00e4lt\u00e4v\u00e4t tietoja rekister\u00f6idyn oikeuksista sek\u00e4 yhteystiedot.<\/p>\n<p>Henkil\u00f6rekisterill\u00e4 tarkoitetaan sellaista henkil\u00f6tietojen muodostamaa kokonaisuutta, jossa henkil\u00f6tietoja k\u00e4ytet\u00e4\u00e4n\u00a0yhdenmukaisiin k\u00e4ytt\u00f6tarkoituksiin.<\/p>\n<p>Voit tutustua rekisteri- ja tietosuojaselosteisiimme alla:<\/p>\n<p><a href=\"https:\/\/meripelastus.fi\/turku\/wp-content\/uploads\/sites\/22\/2022\/03\/Rekisteriseloste_Messi-2022.pdf\">Rekisteriseloste_Messi 2022<\/a><\/p>\n<p><a href=\"https:\/\/meripelastus.fi\/turku\/wp-content\/uploads\/sites\/22\/2022\/03\/Rekisteriseloste_laivapaivakirjat-2022.pdf\">Rekisteriseloste_laivap\u00e4iv\u00e4kirjat 2022<\/a><\/p>\n<p><a href=\"https:\/\/meripelastus.fi\/turku\/wp-content\/uploads\/sites\/22\/2022\/03\/Rekisteriseloste_avustussopimukset-2022.pdf\">Rekisteriseloste_avustussopimukset 2022<\/a><\/p>\n<p>&nbsp;<\/p>\n","protected":false},"excerpt":{"rendered":"<p>Rekisteri- ja tietosuojaselosteissa on kuvattu Turun Meripelastusyhdistyksen yll\u00e4pit\u00e4mien henkil\u00f6rekisterien sis\u00e4lt\u00e4m\u00e4t tiedot sek\u00e4 tietojen k\u00e4ytt\u00f6tarkoitus, s\u00e4\u00e4nn\u00f6nmukaiset luovutukset ja suojauksen periaatteet. Lis\u00e4ksi tietosuojaselosteet sis\u00e4lt\u00e4v\u00e4t tietoja rekister\u00f6idyn oikeuksista sek\u00e4 yhteystiedot. Henkil\u00f6rekisterill\u00e4 tarkoitetaan sellaista henkil\u00f6tietojen muodostamaa kokonaisuutta, jossa henkil\u00f6tietoja k\u00e4ytet\u00e4\u00e4n\u00a0yhdenmukaisiin k\u00e4ytt\u00f6tarkoituksiin. Voit tutustua rekisteri- ja tietosuojaselosteisiimme alla: Rekisteriseloste_Messi 2022 Rekisteriseloste_laivap\u00e4iv\u00e4kirjat 2022 Rekisteriseloste_avustussopimukset 2022 &nbsp;<\/p>\n","protected":false},"author":45,"featured_media":0,"parent":6,"menu_order":0,"comment_status":"closed","ping_status":"closed","template":"","meta":{"_acf_changed":false,"inline_featured_image":false,"footnotes":""},"class_list":["post-544","page","type-page","status-publish","hentry"],"acf":[],"yoast_head":"<!-- This site is optimized with the Yoast SEO Premium plugin v27.2 (Yoast SEO v27.2) - https:\/\/yoast.com\/product\/yoast-seo-premium-wordpress\/ -->\n<title>Rekisteriselosteet - Turun Meripelastusyhdistys<\/title>\n<meta name=\"robots\" content=\"index, follow, max-snippet:-1, max-image-preview:large, max-video-preview:-1\" \/>\n<link rel=\"canonical\" href=\"https:\/\/meripelastus.fi\/turku\/turun-meripelastusyhdistys\/rekisteriselosteet\/\" \/>\n<meta property=\"og:locale\" content=\"fi_FI\" \/>\n<meta property=\"og:type\" content=\"article\" \/>\n<meta property=\"og:title\" content=\"Rekisteriselosteet\" \/>\n<meta property=\"og:description\" content=\"Rekisteri- ja tietosuojaselosteissa on kuvattu Turun Meripelastusyhdistyksen yll\u00e4pit\u00e4mien henkil\u00f6rekisterien sis\u00e4lt\u00e4m\u00e4t tiedot sek\u00e4 tietojen k\u00e4ytt\u00f6tarkoitus, s\u00e4\u00e4nn\u00f6nmukaiset luovutukset ja suojauksen periaatteet. Lis\u00e4ksi tietosuojaselosteet sis\u00e4lt\u00e4v\u00e4t tietoja rekister\u00f6idyn oikeuksista sek\u00e4 yhteystiedot. Henkil\u00f6rekisterill\u00e4 tarkoitetaan sellaista henkil\u00f6tietojen muodostamaa kokonaisuutta, jossa henkil\u00f6tietoja k\u00e4ytet\u00e4\u00e4n\u00a0yhdenmukaisiin k\u00e4ytt\u00f6tarkoituksiin. Voit tutustua rekisteri- ja tietosuojaselosteisiimme alla: Rekisteriseloste_Messi 2022 Rekisteriseloste_laivap\u00e4iv\u00e4kirjat 2022 Rekisteriseloste_avustussopimukset 2022 &nbsp;\" \/>\n<meta property=\"og:url\" content=\"https:\/\/meripelastus.fi\/turku\/turun-meripelastusyhdistys\/rekisteriselosteet\/\" \/>\n<meta property=\"og:site_name\" content=\"Turun Meripelastusyhdistys\" \/>\n<meta property=\"article:modified_time\" content=\"2022-03-04T11:45:25+00:00\" \/>\n<meta name=\"twitter:card\" content=\"summary_large_image\" \/>\n<meta name=\"twitter:label1\" content=\"Arvioitu lukuaika\" \/>\n\t<meta name=\"twitter:data1\" content=\"1 minuutti\" \/>\n<script type=\"application\/ld+json\" class=\"yoast-schema-graph\">{\"@context\":\"https:\/\/schema.org\",\"@graph\":[{\"@type\":\"WebPage\",\"@id\":\"https:\/\/meripelastus.fi\/turku\/turun-meripelastusyhdistys\/rekisteriselosteet\/\",\"url\":\"https:\/\/meripelastus.fi\/turku\/turun-meripelastusyhdistys\/rekisteriselosteet\/\",\"name\":\"Rekisteriselosteet - Turun Meripelastusyhdistys\",\"isPartOf\":{\"@id\":\"https:\/\/meripelastus.fi\/turku\/#website\"},\"datePublished\":\"2019-06-18T10:05:59+00:00\",\"dateModified\":\"2022-03-04T11:45:25+00:00\",\"breadcrumb\":{\"@id\":\"https:\/\/meripelastus.fi\/turku\/turun-meripelastusyhdistys\/rekisteriselosteet\/#breadcrumb\"},\"inLanguage\":\"fi\",\"potentialAction\":[{\"@type\":\"ReadAction\",\"target\":[\"https:\/\/meripelastus.fi\/turku\/turun-meripelastusyhdistys\/rekisteriselosteet\/\"]}]},{\"@type\":\"BreadcrumbList\",\"@id\":\"https:\/\/meripelastus.fi\/turku\/turun-meripelastusyhdistys\/rekisteriselosteet\/#breadcrumb\",\"itemListElement\":[{\"@type\":\"ListItem\",\"position\":1,\"name\":\"Etusivu\",\"item\":\"https:\/\/meripelastus.fi\/turku\/\"},{\"@type\":\"ListItem\",\"position\":2,\"name\":\"Turun Meripelastusyhdistys\",\"item\":\"https:\/\/meripelastus.fi\/turku\/turun-meripelastusyhdistys\/\"},{\"@type\":\"ListItem\",\"position\":3,\"name\":\"Rekisteriselosteet\"}]},{\"@type\":\"WebSite\",\"@id\":\"https:\/\/meripelastus.fi\/turku\/#website\",\"url\":\"https:\/\/meripelastus.fi\/turku\/\",\"name\":\"Turun Meripelastusyhdistys\",\"description\":\"Vapaaehtoiset apunasi vesill\u00e4\",\"potentialAction\":[{\"@type\":\"SearchAction\",\"target\":{\"@type\":\"EntryPoint\",\"urlTemplate\":\"https:\/\/meripelastus.fi\/turku\/?s={search_term_string}\"},\"query-input\":{\"@type\":\"PropertyValueSpecification\",\"valueRequired\":true,\"valueName\":\"search_term_string\"}}],\"inLanguage\":\"fi\"}]}<\/script>\n<!-- \/ Yoast SEO Premium plugin. -->","yoast_head_json":{"title":"Rekisteriselosteet - Turun Meripelastusyhdistys","robots":{"index":"index","follow":"follow","max-snippet":"max-snippet:-1","max-image-preview":"max-image-preview:large","max-video-preview":"max-video-preview:-1"},"canonical":"https:\/\/meripelastus.fi\/turku\/turun-meripelastusyhdistys\/rekisteriselosteet\/","og_locale":"fi_FI","og_type":"article","og_title":"Rekisteriselosteet","og_description":"Rekisteri- ja tietosuojaselosteissa on kuvattu Turun Meripelastusyhdistyksen yll\u00e4pit\u00e4mien henkil\u00f6rekisterien sis\u00e4lt\u00e4m\u00e4t tiedot sek\u00e4 tietojen k\u00e4ytt\u00f6tarkoitus, s\u00e4\u00e4nn\u00f6nmukaiset luovutukset ja suojauksen periaatteet. Lis\u00e4ksi tietosuojaselosteet sis\u00e4lt\u00e4v\u00e4t tietoja rekister\u00f6idyn oikeuksista sek\u00e4 yhteystiedot. Henkil\u00f6rekisterill\u00e4 tarkoitetaan sellaista henkil\u00f6tietojen muodostamaa kokonaisuutta, jossa henkil\u00f6tietoja k\u00e4ytet\u00e4\u00e4n\u00a0yhdenmukaisiin k\u00e4ytt\u00f6tarkoituksiin. Voit tutustua rekisteri- ja tietosuojaselosteisiimme alla: Rekisteriseloste_Messi 2022 Rekisteriseloste_laivap\u00e4iv\u00e4kirjat 2022 Rekisteriseloste_avustussopimukset 2022 &nbsp;","og_url":"https:\/\/meripelastus.fi\/turku\/turun-meripelastusyhdistys\/rekisteriselosteet\/","og_site_name":"Turun Meripelastusyhdistys","article_modified_time":"2022-03-04T11:45:25+00:00","twitter_card":"summary_large_image","twitter_misc":{"Arvioitu lukuaika":"1 minuutti"},"schema":{"@context":"https:\/\/schema.org","@graph":[{"@type":"WebPage","@id":"https:\/\/meripelastus.fi\/turku\/turun-meripelastusyhdistys\/rekisteriselosteet\/","url":"https:\/\/meripelastus.fi\/turku\/turun-meripelastusyhdistys\/rekisteriselosteet\/","name":"Rekisteriselosteet - Turun Meripelastusyhdistys","isPartOf":{"@id":"https:\/\/meripelastus.fi\/turku\/#website"},"datePublished":"2019-06-18T10:05:59+00:00","dateModified":"2022-03-04T11:45:25+00:00","breadcrumb":{"@id":"https:\/\/meripelastus.fi\/turku\/turun-meripelastusyhdistys\/rekisteriselosteet\/#breadcrumb"},"inLanguage":"fi","potentialAction":[{"@type":"ReadAction","target":["https:\/\/meripelastus.fi\/turku\/turun-meripelastusyhdistys\/rekisteriselosteet\/"]}]},{"@type":"BreadcrumbList","@id":"https:\/\/meripelastus.fi\/turku\/turun-meripelastusyhdistys\/rekisteriselosteet\/#breadcrumb","itemListElement":[{"@type":"ListItem","position":1,"name":"Etusivu","item":"https:\/\/meripelastus.fi\/turku\/"},{"@type":"ListItem","position":2,"name":"Turun Meripelastusyhdistys","item":"https:\/\/meripelastus.fi\/turku\/turun-meripelastusyhdistys\/"},{"@type":"ListItem","position":3,"name":"Rekisteriselosteet"}]},{"@type":"WebSite","@id":"https:\/\/meripelastus.fi\/turku\/#website","url":"https:\/\/meripelastus.fi\/turku\/","name":"Turun Meripelastusyhdistys","description":"Vapaaehtoiset apunasi vesill\u00e4","potentialAction":[{"@type":"SearchAction","target":{"@type":"EntryPoint","urlTemplate":"https:\/\/meripelastus.fi\/turku\/?s={search_term_string}"},"query-input":{"@type":"PropertyValueSpecification","valueRequired":true,"valueName":"search_term_string"}}],"inLanguage":"fi"}]}},"_links":{"self":[{"href":"https:\/\/meripelastus.fi\/turku\/wp-json\/wp\/v2\/pages\/544","targetHints":{"allow":["GET"]}}],"collection":[{"href":"https:\/\/meripelastus.fi\/turku\/wp-json\/wp\/v2\/pages"}],"about":[{"href":"https:\/\/meripelastus.fi\/turku\/wp-json\/wp\/v2\/types\/page"}],"author":[{"embeddable":true,"href":"https:\/\/meripelastus.fi\/turku\/wp-json\/wp\/v2\/users\/45"}],"replies":[{"embeddable":true,"href":"https:\/\/meripelastus.fi\/turku\/wp-json\/wp\/v2\/comments?post=544"}],"version-history":[{"count":5,"href":"https:\/\/meripelastus.fi\/turku\/wp-json\/wp\/v2\/pages\/544\/revisions"}],"predecessor-version":[{"id":794,"href":"https:\/\/meripelastus.fi\/turku\/wp-json\/wp\/v2\/pages\/544\/revisions\/794"}],"up":[{"embeddable":true,"href":"https:\/\/meripelastus.fi\/turku\/wp-json\/wp\/v2\/pages\/6"}],"wp:attachment":[{"href":"https:\/\/meripelastus.fi\/turku\/wp-json\/wp\/v2\/media?parent=544"}],"curies":[{"name":"wp","href":"https:\/\/api.w.org\/{rel}","templated":true}]}}