{"id":51,"date":"2018-03-19T09:24:37","date_gmt":"2018-03-19T07:24:37","guid":{"rendered":"http:\/\/basetemplate.smpsyhdistykset.16.testivedos.com\/?page_id=51"},"modified":"2025-08-22T20:44:52","modified_gmt":"2025-08-22T17:44:52","slug":"yhteystiedot","status":"publish","type":"page","link":"https:\/\/meripelastus.fi\/turku\/yhteystiedot\/","title":{"rendered":"Yhteystiedot"},"content":{"rendered":"<p>Turun Meripelastusyhdistys<br \/>\nPL 46, 20521 Turku<\/p>\n<p>Y-tunnus: 1074706-0<\/p>\n<p>Instagram: <a style=\"font-size: 1.1rem\" href=\"https:\/\/www.instagram.com\/turku_lifeboats\/\">@turku_lifeboats<\/a><br \/>\nTwitter: <a href=\"https:\/\/twitter.com\/turku_lifeboats\">@turku_lifeboats<\/a><br \/>\nFacebook: <a href=\"https:\/\/www.facebook.com\/search\/top\/?q=smps%20turun%20meripelastusyhdistys%20ry&amp;epa=SEARCH_BOX\">SMPS Turun Meripelastusyhdistys ry<\/a><\/p>\n<p>S\u00e4hk\u00f6postiosoitteiden (a) korvataan @-merkill\u00e4<\/p>\n<h2>Laskutustiedot<\/h2>\n<p>Laskutustiedot<\/p>\n<p>Ensisijaisesti toivomme laskuja verkkolaskuna.<\/p>\n<p>S\u00e4hk\u00f6postitse ja postitse l\u00e4hetett\u00e4ville laskuille k\u00e4yt\u00f6ss\u00e4mme on automaattinen skannauspalvelu. Toimittakaa siksi yhdess\u00e4 s\u00e4hk\u00f6postissa yksi lasku ja sen liitteet yhten\u00e4 PDF-liitetiedostona.<\/p>\n<p>Laskujen postilokero-osoitteeseen saa l\u00e4hett\u00e4\u00e4 vain laskuja. Sit\u00e4 ei voi k\u00e4ytt\u00e4\u00e4 tavarantoimitukseen tai mainosten l\u00e4hett\u00e4miseen tms.<\/p>\n<p>Ostolaskujen vastaanotto<\/p>\n<p>Verkkolaskuna:<br \/>\nVerkkolaskuosoite 003710747060<br \/>\nVerkkolaskujen v\u00e4litt\u00e4j\u00e4 003708599126 (OpenText)<\/p>\n<p>S\u00e4hk\u00f6postitse:<br \/>\n<a href=\"mailto:fennoa.510687@erin.posti.com\">fennoa.510687@erin.posti.com<\/a><\/p>\n<p>Postitse:<br \/>\nTurun meripelastusyhdistys ry<br \/>\nPL 65898<br \/>\n01051 LASKUT<\/p>\n<p>Muissa laskutusasioissa voitte ottaa yhteytt\u00e4 osoitteeseen\u00a0<a href=\"mailto:laskut@tmpy.fi\">laskut@tmpy.fi<\/a><\/p>\n<h2><strong>Hallitus<\/strong><\/h2>\n<p><strong>Heikki P\u00f6ntynen<\/strong><br \/>\nPuheenjohtaja<br \/>\npuheenjohtaja(a)tmpy.fi<br \/>\n0400 786 328<\/p>\n<p><strong>Antti Kellosalo<\/strong><br \/>\nVarapuheenjohtaja<br \/>\nvarapuheenjohtaja(a)tmpy.fi<\/p>\n<p><strong>Jessi Vuorinen<\/strong><br \/>\nSihteeri, ja j\u00e4sensihteeri<br \/>\nsihteeri(a)tmpy.fi<br \/>\njasenasiat(a)tmpy.fi<\/p>\n<h3><b>Hallituksen j\u00e4senet<\/b><\/h3>\n<p>Ahlgren Charlotta<\/p>\n<p>Alanne Timo<\/p>\n<p>Haahtela Meri<\/p>\n<p>Kellosalo Antti<\/p>\n<p>Kilpel\u00e4inen Tomi<\/p>\n<p>Kivel\u00e4 Sari<\/p>\n<p>Nurmi Sami<\/p>\n<p>Putko Lasse<\/p>\n<p>P\u00f6ntynen Heikki<\/p>\n<p>Vuorinen Jessi<\/p>\n<h2><b>Alusvastaavat<\/b><\/h2>\n<p><strong>Robert Thylin<\/strong><br \/>\nRescue ABSO<\/p>\n<p><strong>Jon Walls &amp; Joni Laasio<\/strong><br \/>\nRescue ABBA<\/p>\n<h2><b>Toimihenkil\u00f6t<\/b><\/h2>\n<p><strong>Lasse Putko<\/strong><br \/>\nValmiusvastaava<br \/>\nvalmius(a)tmpy.fi<\/p>\n<p><strong>Meri Haahtela<\/strong><br \/>\nKoulutusvastaava<br \/>\nkoulutus(a)tmpy.fi<\/p>\n<p><strong>Charlotta Ahlgren<\/strong><br \/>\nNuorisovastaava<br \/>\nnuoriso(a)tmpy.fi<\/p>\n<p><strong>Miki Laasio &amp; Sonja Silver<\/strong><br \/>\nTulokasvastaavat<br \/>\ntulokkaat(a)tmpy.fi<\/p>\n<p><strong>Heikki P\u00f6ntynen<\/strong><br \/>\nYhteisty\u00f6- ja tukiasiat<br \/>\nyhteistyo(a)tmpy.fi<\/p>\n<p><strong>Sami Nurmi<\/strong><br \/>\nTiedotusvastaava<br \/>\ntiedotus(a)tmpy.fi<\/p>\n","protected":false},"excerpt":{"rendered":"<p>Turun Meripelastusyhdistys PL 46, 20521 Turku Y-tunnus: 1074706-0 Instagram: @turku_lifeboats Twitter: @turku_lifeboats Facebook: SMPS Turun Meripelastusyhdistys ry S\u00e4hk\u00f6postiosoitteiden (a) korvataan @-merkill\u00e4 Laskutustiedot Laskutustiedot Ensisijaisesti toivomme laskuja verkkolaskuna. S\u00e4hk\u00f6postitse ja postitse l\u00e4hetett\u00e4ville laskuille k\u00e4yt\u00f6ss\u00e4mme on automaattinen skannauspalvelu. Toimittakaa siksi yhdess\u00e4 s\u00e4hk\u00f6postissa yksi lasku ja sen liitteet yhten\u00e4 PDF-liitetiedostona. Laskujen postilokero-osoitteeseen saa l\u00e4hett\u00e4\u00e4 vain laskuja. Sit\u00e4 ei [&hellip;]<\/p>\n","protected":false},"author":1,"featured_media":448,"parent":0,"menu_order":5,"comment_status":"closed","ping_status":"closed","template":"","meta":{"_acf_changed":false,"inline_featured_image":false,"footnotes":""},"class_list":["post-51","page","type-page","status-publish","has-post-thumbnail","hentry"],"acf":[],"yoast_head":"<!-- This site is optimized with the Yoast SEO Premium plugin v27.2 (Yoast SEO v27.2) - https:\/\/yoast.com\/product\/yoast-seo-premium-wordpress\/ -->\n<title>Yhteystiedot - Turun Meripelastusyhdistys<\/title>\n<meta name=\"robots\" content=\"index, follow, max-snippet:-1, max-image-preview:large, max-video-preview:-1\" \/>\n<link rel=\"canonical\" href=\"https:\/\/meripelastus.fi\/turku\/yhteystiedot\/\" \/>\n<meta property=\"og:locale\" content=\"fi_FI\" \/>\n<meta property=\"og:type\" content=\"article\" \/>\n<meta property=\"og:title\" content=\"Yhteystiedot\" \/>\n<meta property=\"og:description\" content=\"Turun Meripelastusyhdistys PL 46, 20521 Turku Y-tunnus: 1074706-0 Instagram: @turku_lifeboats Twitter: @turku_lifeboats Facebook: SMPS Turun Meripelastusyhdistys ry S\u00e4hk\u00f6postiosoitteiden (a) korvataan @-merkill\u00e4 Laskutustiedot Laskutustiedot Ensisijaisesti toivomme laskuja verkkolaskuna. S\u00e4hk\u00f6postitse ja postitse l\u00e4hetett\u00e4ville laskuille k\u00e4yt\u00f6ss\u00e4mme on automaattinen skannauspalvelu. Toimittakaa siksi yhdess\u00e4 s\u00e4hk\u00f6postissa yksi lasku ja sen liitteet yhten\u00e4 PDF-liitetiedostona. Laskujen postilokero-osoitteeseen saa l\u00e4hett\u00e4\u00e4 vain laskuja. Sit\u00e4 ei [&hellip;]\" \/>\n<meta property=\"og:url\" content=\"https:\/\/meripelastus.fi\/turku\/yhteystiedot\/\" \/>\n<meta property=\"og:site_name\" content=\"Turun Meripelastusyhdistys\" \/>\n<meta property=\"article:modified_time\" content=\"2025-08-22T17:44:52+00:00\" \/>\n<meta property=\"og:image\" content=\"https:\/\/meripelastus.fi\/turku\/wp-content\/uploads\/sites\/22\/2019\/06\/892033_10202799060885454_1456043941_o.jpg\" \/>\n\t<meta property=\"og:image:width\" content=\"2048\" \/>\n\t<meta property=\"og:image:height\" content=\"1102\" \/>\n\t<meta property=\"og:image:type\" content=\"image\/jpeg\" \/>\n<meta name=\"twitter:card\" content=\"summary_large_image\" \/>\n<meta name=\"twitter:label1\" content=\"Arvioitu lukuaika\" \/>\n\t<meta name=\"twitter:data1\" content=\"2 minuuttia\" \/>\n<script type=\"application\/ld+json\" class=\"yoast-schema-graph\">{\"@context\":\"https:\/\/schema.org\",\"@graph\":[{\"@type\":\"WebPage\",\"@id\":\"https:\/\/meripelastus.fi\/turku\/yhteystiedot\/\",\"url\":\"https:\/\/meripelastus.fi\/turku\/yhteystiedot\/\",\"name\":\"Yhteystiedot - Turun Meripelastusyhdistys\",\"isPartOf\":{\"@id\":\"https:\/\/meripelastus.fi\/turku\/#website\"},\"primaryImageOfPage\":{\"@id\":\"https:\/\/meripelastus.fi\/turku\/yhteystiedot\/#primaryimage\"},\"image\":{\"@id\":\"https:\/\/meripelastus.fi\/turku\/yhteystiedot\/#primaryimage\"},\"thumbnailUrl\":\"https:\/\/meripelastus.fi\/turku\/wp-content\/uploads\/sites\/22\/2019\/06\/892033_10202799060885454_1456043941_o.jpg\",\"datePublished\":\"2018-03-19T07:24:37+00:00\",\"dateModified\":\"2025-08-22T17:44:52+00:00\",\"breadcrumb\":{\"@id\":\"https:\/\/meripelastus.fi\/turku\/yhteystiedot\/#breadcrumb\"},\"inLanguage\":\"fi\",\"potentialAction\":[{\"@type\":\"ReadAction\",\"target\":[\"https:\/\/meripelastus.fi\/turku\/yhteystiedot\/\"]}]},{\"@type\":\"ImageObject\",\"inLanguage\":\"fi\",\"@id\":\"https:\/\/meripelastus.fi\/turku\/yhteystiedot\/#primaryimage\",\"url\":\"https:\/\/meripelastus.fi\/turku\/wp-content\/uploads\/sites\/22\/2019\/06\/892033_10202799060885454_1456043941_o.jpg\",\"contentUrl\":\"https:\/\/meripelastus.fi\/turku\/wp-content\/uploads\/sites\/22\/2019\/06\/892033_10202799060885454_1456043941_o.jpg\",\"width\":2048,\"height\":1102},{\"@type\":\"BreadcrumbList\",\"@id\":\"https:\/\/meripelastus.fi\/turku\/yhteystiedot\/#breadcrumb\",\"itemListElement\":[{\"@type\":\"ListItem\",\"position\":1,\"name\":\"Etusivu\",\"item\":\"https:\/\/meripelastus.fi\/turku\/\"},{\"@type\":\"ListItem\",\"position\":2,\"name\":\"Yhteystiedot\"}]},{\"@type\":\"WebSite\",\"@id\":\"https:\/\/meripelastus.fi\/turku\/#website\",\"url\":\"https:\/\/meripelastus.fi\/turku\/\",\"name\":\"Turun Meripelastusyhdistys\",\"description\":\"Vapaaehtoiset apunasi vesill\u00e4\",\"potentialAction\":[{\"@type\":\"SearchAction\",\"target\":{\"@type\":\"EntryPoint\",\"urlTemplate\":\"https:\/\/meripelastus.fi\/turku\/?s={search_term_string}\"},\"query-input\":{\"@type\":\"PropertyValueSpecification\",\"valueRequired\":true,\"valueName\":\"search_term_string\"}}],\"inLanguage\":\"fi\"}]}<\/script>\n<!-- \/ Yoast SEO Premium plugin. -->","yoast_head_json":{"title":"Yhteystiedot - Turun Meripelastusyhdistys","robots":{"index":"index","follow":"follow","max-snippet":"max-snippet:-1","max-image-preview":"max-image-preview:large","max-video-preview":"max-video-preview:-1"},"canonical":"https:\/\/meripelastus.fi\/turku\/yhteystiedot\/","og_locale":"fi_FI","og_type":"article","og_title":"Yhteystiedot","og_description":"Turun Meripelastusyhdistys PL 46, 20521 Turku Y-tunnus: 1074706-0 Instagram: @turku_lifeboats Twitter: @turku_lifeboats Facebook: SMPS Turun Meripelastusyhdistys ry S\u00e4hk\u00f6postiosoitteiden (a) korvataan @-merkill\u00e4 Laskutustiedot Laskutustiedot Ensisijaisesti toivomme laskuja verkkolaskuna. S\u00e4hk\u00f6postitse ja postitse l\u00e4hetett\u00e4ville laskuille k\u00e4yt\u00f6ss\u00e4mme on automaattinen skannauspalvelu. Toimittakaa siksi yhdess\u00e4 s\u00e4hk\u00f6postissa yksi lasku ja sen liitteet yhten\u00e4 PDF-liitetiedostona. Laskujen postilokero-osoitteeseen saa l\u00e4hett\u00e4\u00e4 vain laskuja. Sit\u00e4 ei [&hellip;]","og_url":"https:\/\/meripelastus.fi\/turku\/yhteystiedot\/","og_site_name":"Turun Meripelastusyhdistys","article_modified_time":"2025-08-22T17:44:52+00:00","og_image":[{"width":2048,"height":1102,"url":"https:\/\/meripelastus.fi\/turku\/wp-content\/uploads\/sites\/22\/2019\/06\/892033_10202799060885454_1456043941_o.jpg","type":"image\/jpeg"}],"twitter_card":"summary_large_image","twitter_misc":{"Arvioitu lukuaika":"2 minuuttia"},"schema":{"@context":"https:\/\/schema.org","@graph":[{"@type":"WebPage","@id":"https:\/\/meripelastus.fi\/turku\/yhteystiedot\/","url":"https:\/\/meripelastus.fi\/turku\/yhteystiedot\/","name":"Yhteystiedot - Turun Meripelastusyhdistys","isPartOf":{"@id":"https:\/\/meripelastus.fi\/turku\/#website"},"primaryImageOfPage":{"@id":"https:\/\/meripelastus.fi\/turku\/yhteystiedot\/#primaryimage"},"image":{"@id":"https:\/\/meripelastus.fi\/turku\/yhteystiedot\/#primaryimage"},"thumbnailUrl":"https:\/\/meripelastus.fi\/turku\/wp-content\/uploads\/sites\/22\/2019\/06\/892033_10202799060885454_1456043941_o.jpg","datePublished":"2018-03-19T07:24:37+00:00","dateModified":"2025-08-22T17:44:52+00:00","breadcrumb":{"@id":"https:\/\/meripelastus.fi\/turku\/yhteystiedot\/#breadcrumb"},"inLanguage":"fi","potentialAction":[{"@type":"ReadAction","target":["https:\/\/meripelastus.fi\/turku\/yhteystiedot\/"]}]},{"@type":"ImageObject","inLanguage":"fi","@id":"https:\/\/meripelastus.fi\/turku\/yhteystiedot\/#primaryimage","url":"https:\/\/meripelastus.fi\/turku\/wp-content\/uploads\/sites\/22\/2019\/06\/892033_10202799060885454_1456043941_o.jpg","contentUrl":"https:\/\/meripelastus.fi\/turku\/wp-content\/uploads\/sites\/22\/2019\/06\/892033_10202799060885454_1456043941_o.jpg","width":2048,"height":1102},{"@type":"BreadcrumbList","@id":"https:\/\/meripelastus.fi\/turku\/yhteystiedot\/#breadcrumb","itemListElement":[{"@type":"ListItem","position":1,"name":"Etusivu","item":"https:\/\/meripelastus.fi\/turku\/"},{"@type":"ListItem","position":2,"name":"Yhteystiedot"}]},{"@type":"WebSite","@id":"https:\/\/meripelastus.fi\/turku\/#website","url":"https:\/\/meripelastus.fi\/turku\/","name":"Turun Meripelastusyhdistys","description":"Vapaaehtoiset apunasi vesill\u00e4","potentialAction":[{"@type":"SearchAction","target":{"@type":"EntryPoint","urlTemplate":"https:\/\/meripelastus.fi\/turku\/?s={search_term_string}"},"query-input":{"@type":"PropertyValueSpecification","valueRequired":true,"valueName":"search_term_string"}}],"inLanguage":"fi"}]}},"_links":{"self":[{"href":"https:\/\/meripelastus.fi\/turku\/wp-json\/wp\/v2\/pages\/51","targetHints":{"allow":["GET"]}}],"collection":[{"href":"https:\/\/meripelastus.fi\/turku\/wp-json\/wp\/v2\/pages"}],"about":[{"href":"https:\/\/meripelastus.fi\/turku\/wp-json\/wp\/v2\/types\/page"}],"author":[{"embeddable":true,"href":"https:\/\/meripelastus.fi\/turku\/wp-json\/wp\/v2\/users\/1"}],"replies":[{"embeddable":true,"href":"https:\/\/meripelastus.fi\/turku\/wp-json\/wp\/v2\/comments?post=51"}],"version-history":[{"count":45,"href":"https:\/\/meripelastus.fi\/turku\/wp-json\/wp\/v2\/pages\/51\/revisions"}],"predecessor-version":[{"id":1003,"href":"https:\/\/meripelastus.fi\/turku\/wp-json\/wp\/v2\/pages\/51\/revisions\/1003"}],"wp:featuredmedia":[{"embeddable":true,"href":"https:\/\/meripelastus.fi\/turku\/wp-json\/wp\/v2\/media\/448"}],"wp:attachment":[{"href":"https:\/\/meripelastus.fi\/turku\/wp-json\/wp\/v2\/media?parent=51"}],"curies":[{"name":"wp","href":"https:\/\/api.w.org\/{rel}","templated":true}]}}