{"id":4,"date":"2018-03-19T09:15:43","date_gmt":"2018-03-19T07:15:43","guid":{"rendered":"http:\/\/basetemplate.smpsyhdistykset.16.testivedos.com\/?page_id=4"},"modified":"2025-12-05T09:59:01","modified_gmt":"2025-12-05T07:59:01","slug":"etusivu","status":"publish","type":"page","link":"https:\/\/meripelastus.fi\/turku\/","title":{"rendered":"Vapaaehtoiset apunasi Saaristomerell\u00e4"},"content":{"rendered":"\n<div style=\"height:3rem\" aria-hidden=\"true\" class=\"wp-block-spacer\"><\/div>\n\n\n\t\n<div class=\"container home-container\"> \n  <div class=\"row gridparent post-lists\">\n            <figure class=\"gridchild d-flex align-items-stretch\">\n            <div class=\"post-item relative\">\n                    <a href=\"https:\/\/meripelastus.fi\/turku\/miehistohaku-on-auki-haluatko-mukaan-toimintaan\/\" title=\"Miehist\u00f6haku on auki! Haluatko mukaan toimintaan?\">\n                        <img loading=\"lazy\" decoding=\"async\" src=\"https:\/\/meripelastus.fi\/turku\/wp-content\/themes\/jarjestot\/img\/news-big.jpg\" alt=\"Miehist\u00f6haku on auki! Haluatko mukaan toimintaan?\" width=\"730\" height=\"460\" \/>\n                        <div class=\"postgradient\"><\/div><!--postgradient-->\n                    <\/a>\n                    <figcaption class=\"post-list-content\">\n                        <p class=\"article-meta has-white-color\">\n                            22.08.2025 \n                                                                                                <a href=\"https:\/\/meripelastus.fi\/turku\/category\/uutiset\/\">Uutiset<\/a>\n                                                                                    <\/p>\n                        <a href=\"https:\/\/meripelastus.fi\/turku\/miehistohaku-on-auki-haluatko-mukaan-toimintaan\/\" title=\"Miehist\u00f6haku on auki! Haluatko mukaan toimintaan?\">\n                            <h4 class=\"has-white-color my-0\">Miehist\u00f6haku on auki! Haluatko mukaan toimintaan?<\/h4>\n                        <\/a>\n                    <\/figcaption>\t\n            <\/div>\n        <\/figure>\n            <figure class=\"gridchild d-flex align-items-stretch\">\n            <div class=\"post-item relative\">\n                    <a href=\"https:\/\/meripelastus.fi\/turku\/nuorisotoiminnan-kevatkausi-kaynnistyy-25-3\/\" title=\"Nuorisotoiminnan kev\u00e4tkausi k\u00e4ynnistyy 25.3\">\n                        <img loading=\"lazy\" decoding=\"async\" src=\"https:\/\/meripelastus.fi\/turku\/wp-content\/themes\/jarjestot\/img\/news-big.jpg\" alt=\"Nuorisotoiminnan kev\u00e4tkausi k\u00e4ynnistyy 25.3\" width=\"730\" height=\"460\" \/>\n                        <div class=\"postgradient\"><\/div><!--postgradient-->\n                    <\/a>\n                    <figcaption class=\"post-list-content\">\n                        <p class=\"article-meta has-white-color\">\n                            21.03.2024 \n                                                                                                <a href=\"https:\/\/meripelastus.fi\/turku\/category\/uutiset\/\">Uutiset<\/a>\n                                                                                    <\/p>\n                        <a href=\"https:\/\/meripelastus.fi\/turku\/nuorisotoiminnan-kevatkausi-kaynnistyy-25-3\/\" title=\"Nuorisotoiminnan kev\u00e4tkausi k\u00e4ynnistyy 25.3\">\n                            <h4 class=\"has-white-color my-0\">Nuorisotoiminnan kev\u00e4tkausi k\u00e4ynnistyy&#8230;<\/h4>\n                        <\/a>\n                    <\/figcaption>\t\n            <\/div>\n        <\/figure>\n            <figure class=\"gridchild d-flex align-items-stretch\">\n            <div class=\"post-item relative\">\n                    <a href=\"https:\/\/meripelastus.fi\/turku\/turun-meripelastusyhdistys-etsii-uutta-paivystystukikohtaa\/\" title=\"Turun Meripelastusyhdistys etsii uutta p\u00e4ivystystukikohtaa\">\n                        <img loading=\"lazy\" decoding=\"async\" src=\"https:\/\/meripelastus.fi\/turku\/wp-content\/themes\/jarjestot\/img\/news-big.jpg\" alt=\"Turun Meripelastusyhdistys etsii uutta p\u00e4ivystystukikohtaa\" width=\"730\" height=\"460\" \/>\n                        <div class=\"postgradient\"><\/div><!--postgradient-->\n                    <\/a>\n                    <figcaption class=\"post-list-content\">\n                        <p class=\"article-meta has-white-color\">\n                            02.11.2023 \n                                                                                                <a href=\"https:\/\/meripelastus.fi\/turku\/category\/uutiset\/\">Uutiset<\/a>\n                                                                                    <\/p>\n                        <a href=\"https:\/\/meripelastus.fi\/turku\/turun-meripelastusyhdistys-etsii-uutta-paivystystukikohtaa\/\" title=\"Turun Meripelastusyhdistys etsii uutta p\u00e4ivystystukikohtaa\">\n                            <h4 class=\"has-white-color my-0\">Turun Meripelastusyhdistys etsii uutta&#8230;<\/h4>\n                        <\/a>\n                    <\/figcaption>\t\n            <\/div>\n        <\/figure>\n      <\/div>\n\n    \t\n\n    <div class=\"row\">\n      <div class=\"d-none d-sm-block col-2 col-md-3 col-xl-4\"><hr class=\"has-primary-background-color\"><\/div>\n      <div class=\"col-12 col-sm-8 col-md-6 col-xl-4\">\n      <div class=\"d-flex justify-content-center\">\t\n        <a href=\"https:\/\/meripelastus.fi\/turku\/turun-meripelastusyhdistys\/uutiset\/\" target=\"_self\" class=\"btn btn-primary mt-0 mb-3 my-sm-0\">Lis\u00e4\u00e4 kuulumisia<\/a>\t\t\t\t\t\t\t\t\t\t\n      <\/div>\n      <\/div>\n      <div class=\"col-12 col-sm-2 col-md-3 col-xl-4\"><hr class=\"has-primary-background-color\"><\/div>\n    <\/div>\n  \n<\/div>\n\n\n<div style=\"height:6rem\" aria-hidden=\"true\" class=\"wp-block-spacer\"><\/div>\n\n\n \n\t\n<div class=\"container home-container\"> \n    <div class=\"row home-img-lifts py-0 d-flex justify-content-center\">\n\n            \t\t\t\t \n\t\t\t\t\t\t<div class=\"col-10 offset-1 offset-md-0 col-md-6 col-lg-3 col-xxl-4 has-secondary-background-color d-flex flex-column align-items-stretch justify-content-between text-white text-center homelifts homelifts-lahjoita\">\n                            <div class=\"homelifts-lahjoita-img\"><img loading=\"lazy\" decoding=\"async\" src=\"https:\/\/meripelastus.fi\/turku\/wp-content\/uploads\/sites\/22\/2024\/01\/svg-huutomerkki-white.svg\" alt=\"\" width=\"300\" height=\"273\" \/><\/div> \n                            <div class=\"homelifts-lahjoita-content\">\n                                <h3 class=\"h2 text-white mt-0 mb-0\">H\u00e4t\u00e4tilanne! Mihin soitan?<\/h3>                                                                <div class=\"homelifts-lahjoita-content-otsikkoryhma\">\n                                    <h4 class=\"text-white mt-0\"><span>Sis\u00e4vesill\u00e4<\/span><\/h4>\n                                    <p><a href=\"tel:112\">112<\/a><\/p>\n                                <\/div>\n                                                                <div class=\"homelifts-lahjoita-content-otsikkoryhma\">\n                                    <h4 class=\"text-white mt-0\"><span>Merell\u00e4<\/span><\/h4>\n                                    <p><a href=\"tel:02941000\">02 94 1000<\/a><\/p>\n                                <\/div>\n                                                                                            <\/div>\n                            <a href=\"https:\/\/meripelastus.fi\/turku\/toiminta\/halytysohje\/\" class=\"btn btn-default my-0 mx-auto\" target=\"_self\">H\u00e4lytysohjeet<\/a>                             \n                        <\/div>\n\t\t\t\t\t\t\t\n            \t\t\t\t \n\t\t\t\t\t\t\t<div class=\"col-10 offset-1 offset-md-0 col-md-6 col-lg-3 col-xxl-4 has-white-background-color d-flex flex-column align-items-stretch justify-content-between text-center homelifts homelifts-trossi\">\n                                <div class=\"homelifts-trossi-img\"><img loading=\"lazy\" decoding=\"async\" src=\"https:\/\/meripelastus.fi\/turku\/wp-content\/uploads\/sites\/22\/2024\/01\/svg-alus.svg\" alt=\"\" width=\"300\" height=\"300\" \/><\/div>                          \n                                <div class=\"homelifts-trossi-content\">\n                                    <h3 class=\"h2 mt-0\">Suoritetut teht\u00e4v\u00e4t<\/h3>                                                                                                                <ul class=\"list-unstyled\" id=\"tehtavatrss\" data-amount=\"2\" data-city=\"67\">\n                                            <template>\n                                                <li>\n                                                    <time><\/time>\n                                                    <strong><\/strong>\n                                                    <br \/>\n                                                    <span><\/span>\n                                                <\/li>\n                                            <\/template>\n                                        <\/ul>\n                                                                    <\/div>\n                                <a href=\"https:\/\/meripelastus.fi\/turku\/toiminta\/tehtavat\/\" class=\"btn btn-primary mb-0 mx-auto\" target=\"_self\">Selaa teht\u00e4vi\u00e4<\/a>                             \n                            <\/div>\n\t\t\t\t\t\t\t           \n\n            \t\t\t\t \n\t\t\t\t\t\t<div class=\"col-10 offset-1 offset-md-0 col-md-6 col-lg-3 col-xxl-4 has-secondary-background-color d-flex flex-column align-items-stretch justify-content-between text-white text-center homelifts homelifts-liity\">\n                            <div class=\"homelifts-liity-img\"><img loading=\"lazy\" decoding=\"async\" src=\"https:\/\/meripelastus.fi\/turku\/wp-content\/uploads\/sites\/22\/2025\/12\/smps-plus-jasenpalvelu-300x300.png\" alt=\"Ympyr\u00e4ikoni\" width=\"300\" height=\"300\" \/><\/div>  \n                            <div class=\"homelifts-liity-content\">\n                                <h3 class=\"h2 text-white mt-0\">J\u00e4senpalvelu<\/h3>                                <hr class=\"homelift-border\">\n                                <p>Hankkimalla j\u00e4senpalvelun varmistat my\u00f6s veneellesi maksuttoman avun.<\/p>\n                            <\/div>\n                            <a href=\"https:\/\/meripelastus.fi\/jaseneksi\/\" class=\"btn btn-default mb-0 mx-auto\" target=\"_blank\">Liity j\u00e4seneksi<\/a>                             \n                        <\/div>\n\t\t\t\t\t\t\t    <\/div>\n<\/div>\n\n\n<div style=\"height:3rem\" aria-hidden=\"true\" class=\"wp-block-spacer\"><\/div>\n\n\n\n<div class=\"wp-block-group alignfull border-top has-white-background-color has-background\"><div class=\"wp-block-group__inner-container is-layout-constrained wp-block-group-is-layout-constrained\">\n<div style=\"height:3rem\" aria-hidden=\"true\" class=\"wp-block-spacer\"><\/div>\n\n\n\n<h4 class=\"wp-block-heading has-text-align-center has-x-large-font-size\" id=\"h-vapaaehtoiset-apunasi-saaristomerella\" style=\"text-transform:uppercase\">Vapaaehtoiset<br>apunasi Saaristomerell\u00e4<\/h4>\n\n\n\n<div class=\"wp-block-columns is-layout-flex wp-container-core-columns-is-layout-9d6595d7 wp-block-columns-is-layout-flex\">\n<div class=\"wp-block-column is-layout-flow wp-block-column-is-layout-flow\" style=\"flex-basis:10%\"><\/div>\n\n\n\n<div class=\"wp-block-column is-layout-flow wp-block-column-is-layout-flow\" style=\"flex-basis:80%\">\n<p class=\"has-text-align-center has-medium-font-size\"><strong>Turun Meripelastusyhdistys on Suomen Meripelastusseuran j\u00e4senyhdistys Saaristomerell\u00e4. Toimintaamme kuuluu valistusty\u00f6n lis\u00e4ksi merell\u00e4liikkujien kaikenlainen avustaminen vaara- ja ongelmatilanteissa.<\/strong><\/p>\n\n\n\n<div class=\"wp-block-buttons is-content-justification-center is-layout-flex wp-container-core-buttons-is-layout-16018d1d wp-block-buttons-is-layout-flex\">\n<div class=\"wp-block-button\"><a class=\"wp-block-button__link wp-element-button\" href=\"\/turku\/tietoa-meista\">Tutustu toimintaamme<\/a><\/div>\n<\/div>\n<\/div>\n\n\n\n<div class=\"wp-block-column is-layout-flow wp-block-column-is-layout-flow\" style=\"flex-basis:10%\"><\/div>\n<\/div>\n\n\n\t\n   <div class=\"compass-wrapper\"><img loading=\"lazy\" decoding=\"async\" src=\"https:\/\/meripelastus.fi\/turku\/wp-content\/themes\/jarjestot\/img\/smps-kompassi-sininen.png\" width=\"1083\" height=\"110\" class=\"kompassi-block\" aria-hidden=\"true\"\/><\/div><\/div><\/div>\n\n\n\n<div class=\"wp-block-group alignfull has-white-background-color has-background\"><div class=\"wp-block-group__inner-container is-layout-constrained wp-block-group-is-layout-constrained\">\n<div style=\"height:3rem\" aria-hidden=\"true\" class=\"wp-block-spacer\"><\/div>\n\n\n\n<script src=\"https:\/\/cdn.lightwidget.com\/widgets\/lightwidget.js\"><\/script><iframe src=\"https:\/\/cdn.lightwidget.com\/widgets\/acffeb2c8be15002acd3242a4334022c.html\" scrolling=\"no\" allowtransparency=\"true\" class=\"lightwidget-widget\" style=\"width:100%;border:0;overflow:hidden;\"><\/iframe>\n\n\n\n<div style=\"height:3rem\" aria-hidden=\"true\" class=\"wp-block-spacer\"><\/div>\n<\/div><\/div>\n","protected":false},"excerpt":{"rendered":"<p>Vapaaehtoisetapunasi Saaristomerell\u00e4 Turun Meripelastusyhdistys on Suomen Meripelastusseuran j\u00e4senyhdistys Saaristomerell\u00e4. Toimintaamme kuuluu valistusty\u00f6n lis\u00e4ksi merell\u00e4liikkujien kaikenlainen avustaminen vaara- ja ongelmatilanteissa.<\/p>\n","protected":false},"author":1,"featured_media":924,"parent":0,"menu_order":1,"comment_status":"closed","ping_status":"closed","template":"templates\/frontpage.php","meta":{"_acf_changed":false,"inline_featured_image":false,"footnotes":""},"class_list":["post-4","page","type-page","status-publish","has-post-thumbnail","hentry"],"acf":[],"yoast_head":"<!-- This site is optimized with the Yoast SEO Premium plugin v27.2 (Yoast SEO v27.2) - https:\/\/yoast.com\/product\/yoast-seo-premium-wordpress\/ -->\n<title>Turun Meripelastusyhdistys - apunasi Saaristomerell\u00e4<\/title>\n<meta name=\"description\" content=\"Turun Meripelastusyhdistys on Suomen Meripelastusseuran j\u00e4senyhdistys, joka avustaa merell\u00e4liikkujia kaikenlaisissa vaara- ja ongelmatilanteissa. Lue lis\u00e4\u00e4!\" \/>\n<meta name=\"robots\" content=\"index, follow, max-snippet:-1, max-image-preview:large, max-video-preview:-1\" \/>\n<link rel=\"canonical\" href=\"https:\/\/meripelastus.fi\/turku\/\" \/>\n<meta property=\"og:locale\" content=\"fi_FI\" \/>\n<meta property=\"og:type\" content=\"article\" \/>\n<meta property=\"og:title\" content=\"Vapaaehtoiset apunasi Saaristomerell\u00e4\" \/>\n<meta property=\"og:description\" content=\"Turun Meripelastusyhdistys on Suomen Meripelastusseuran j\u00e4senyhdistys, joka avustaa merell\u00e4liikkujia kaikenlaisissa vaara- ja ongelmatilanteissa. Lue lis\u00e4\u00e4!\" \/>\n<meta property=\"og:url\" content=\"https:\/\/meripelastus.fi\/turku\/\" \/>\n<meta property=\"og:site_name\" content=\"Turun Meripelastusyhdistys\" \/>\n<meta property=\"article:modified_time\" content=\"2025-12-05T07:59:01+00:00\" \/>\n<meta property=\"og:image\" content=\"https:\/\/meripelastus.fi\/turku\/wp-content\/uploads\/sites\/22\/2024\/01\/cover.jpg\" \/>\n\t<meta property=\"og:image:width\" content=\"1800\" \/>\n\t<meta property=\"og:image:height\" content=\"850\" \/>\n\t<meta property=\"og:image:type\" content=\"image\/jpeg\" \/>\n<meta name=\"twitter:card\" content=\"summary_large_image\" \/>\n<meta name=\"twitter:label1\" content=\"Arvioitu lukuaika\" \/>\n\t<meta name=\"twitter:data1\" content=\"1 minuutti\" \/>\n<script type=\"application\/ld+json\" class=\"yoast-schema-graph\">{\"@context\":\"https:\/\/schema.org\",\"@graph\":[{\"@type\":\"WebPage\",\"@id\":\"https:\/\/meripelastus.fi\/turku\/\",\"url\":\"https:\/\/meripelastus.fi\/turku\/\",\"name\":\"Turun Meripelastusyhdistys - apunasi Saaristomerell\u00e4\",\"isPartOf\":{\"@id\":\"https:\/\/meripelastus.fi\/turku\/#website\"},\"primaryImageOfPage\":{\"@id\":\"https:\/\/meripelastus.fi\/turku\/#primaryimage\"},\"image\":{\"@id\":\"https:\/\/meripelastus.fi\/turku\/#primaryimage\"},\"thumbnailUrl\":\"https:\/\/meripelastus.fi\/turku\/wp-content\/uploads\/sites\/22\/2024\/01\/cover.jpg\",\"datePublished\":\"2018-03-19T07:15:43+00:00\",\"dateModified\":\"2025-12-05T07:59:01+00:00\",\"description\":\"Turun Meripelastusyhdistys on Suomen Meripelastusseuran j\u00e4senyhdistys, joka avustaa merell\u00e4liikkujia kaikenlaisissa vaara- ja ongelmatilanteissa. Lue lis\u00e4\u00e4!\",\"breadcrumb\":{\"@id\":\"https:\/\/meripelastus.fi\/turku\/#breadcrumb\"},\"inLanguage\":\"fi\",\"potentialAction\":[{\"@type\":\"ReadAction\",\"target\":[\"https:\/\/meripelastus.fi\/turku\/\"]}]},{\"@type\":\"ImageObject\",\"inLanguage\":\"fi\",\"@id\":\"https:\/\/meripelastus.fi\/turku\/#primaryimage\",\"url\":\"https:\/\/meripelastus.fi\/turku\/wp-content\/uploads\/sites\/22\/2024\/01\/cover.jpg\",\"contentUrl\":\"https:\/\/meripelastus.fi\/turku\/wp-content\/uploads\/sites\/22\/2024\/01\/cover.jpg\",\"width\":1800,\"height\":850,\"caption\":\"Turun Meripelastusyhdistys\"},{\"@type\":\"BreadcrumbList\",\"@id\":\"https:\/\/meripelastus.fi\/turku\/#breadcrumb\",\"itemListElement\":[{\"@type\":\"ListItem\",\"position\":1,\"name\":\"Etusivu\",\"item\":\"https:\/\/meripelastus.fi\/turku\/\"},{\"@type\":\"ListItem\",\"position\":2,\"name\":\"Vapaaehtoiset apunasi Saaristomerell\u00e4\"}]},{\"@type\":\"WebSite\",\"@id\":\"https:\/\/meripelastus.fi\/turku\/#website\",\"url\":\"https:\/\/meripelastus.fi\/turku\/\",\"name\":\"Turun Meripelastusyhdistys\",\"description\":\"Vapaaehtoiset apunasi vesill\u00e4\",\"potentialAction\":[{\"@type\":\"SearchAction\",\"target\":{\"@type\":\"EntryPoint\",\"urlTemplate\":\"https:\/\/meripelastus.fi\/turku\/?s={search_term_string}\"},\"query-input\":{\"@type\":\"PropertyValueSpecification\",\"valueRequired\":true,\"valueName\":\"search_term_string\"}}],\"inLanguage\":\"fi\"}]}<\/script>\n<!-- \/ Yoast SEO Premium plugin. -->","yoast_head_json":{"title":"Turun Meripelastusyhdistys - apunasi Saaristomerell\u00e4","description":"Turun Meripelastusyhdistys on Suomen Meripelastusseuran j\u00e4senyhdistys, joka avustaa merell\u00e4liikkujia kaikenlaisissa vaara- ja ongelmatilanteissa. Lue lis\u00e4\u00e4!","robots":{"index":"index","follow":"follow","max-snippet":"max-snippet:-1","max-image-preview":"max-image-preview:large","max-video-preview":"max-video-preview:-1"},"canonical":"https:\/\/meripelastus.fi\/turku\/","og_locale":"fi_FI","og_type":"article","og_title":"Vapaaehtoiset apunasi Saaristomerell\u00e4","og_description":"Turun Meripelastusyhdistys on Suomen Meripelastusseuran j\u00e4senyhdistys, joka avustaa merell\u00e4liikkujia kaikenlaisissa vaara- ja ongelmatilanteissa. Lue lis\u00e4\u00e4!","og_url":"https:\/\/meripelastus.fi\/turku\/","og_site_name":"Turun Meripelastusyhdistys","article_modified_time":"2025-12-05T07:59:01+00:00","og_image":[{"width":1800,"height":850,"url":"https:\/\/meripelastus.fi\/turku\/wp-content\/uploads\/sites\/22\/2024\/01\/cover.jpg","type":"image\/jpeg"}],"twitter_card":"summary_large_image","twitter_misc":{"Arvioitu lukuaika":"1 minuutti"},"schema":{"@context":"https:\/\/schema.org","@graph":[{"@type":"WebPage","@id":"https:\/\/meripelastus.fi\/turku\/","url":"https:\/\/meripelastus.fi\/turku\/","name":"Turun Meripelastusyhdistys - apunasi Saaristomerell\u00e4","isPartOf":{"@id":"https:\/\/meripelastus.fi\/turku\/#website"},"primaryImageOfPage":{"@id":"https:\/\/meripelastus.fi\/turku\/#primaryimage"},"image":{"@id":"https:\/\/meripelastus.fi\/turku\/#primaryimage"},"thumbnailUrl":"https:\/\/meripelastus.fi\/turku\/wp-content\/uploads\/sites\/22\/2024\/01\/cover.jpg","datePublished":"2018-03-19T07:15:43+00:00","dateModified":"2025-12-05T07:59:01+00:00","description":"Turun Meripelastusyhdistys on Suomen Meripelastusseuran j\u00e4senyhdistys, joka avustaa merell\u00e4liikkujia kaikenlaisissa vaara- ja ongelmatilanteissa. Lue lis\u00e4\u00e4!","breadcrumb":{"@id":"https:\/\/meripelastus.fi\/turku\/#breadcrumb"},"inLanguage":"fi","potentialAction":[{"@type":"ReadAction","target":["https:\/\/meripelastus.fi\/turku\/"]}]},{"@type":"ImageObject","inLanguage":"fi","@id":"https:\/\/meripelastus.fi\/turku\/#primaryimage","url":"https:\/\/meripelastus.fi\/turku\/wp-content\/uploads\/sites\/22\/2024\/01\/cover.jpg","contentUrl":"https:\/\/meripelastus.fi\/turku\/wp-content\/uploads\/sites\/22\/2024\/01\/cover.jpg","width":1800,"height":850,"caption":"Turun Meripelastusyhdistys"},{"@type":"BreadcrumbList","@id":"https:\/\/meripelastus.fi\/turku\/#breadcrumb","itemListElement":[{"@type":"ListItem","position":1,"name":"Etusivu","item":"https:\/\/meripelastus.fi\/turku\/"},{"@type":"ListItem","position":2,"name":"Vapaaehtoiset apunasi Saaristomerell\u00e4"}]},{"@type":"WebSite","@id":"https:\/\/meripelastus.fi\/turku\/#website","url":"https:\/\/meripelastus.fi\/turku\/","name":"Turun Meripelastusyhdistys","description":"Vapaaehtoiset apunasi vesill\u00e4","potentialAction":[{"@type":"SearchAction","target":{"@type":"EntryPoint","urlTemplate":"https:\/\/meripelastus.fi\/turku\/?s={search_term_string}"},"query-input":{"@type":"PropertyValueSpecification","valueRequired":true,"valueName":"search_term_string"}}],"inLanguage":"fi"}]}},"_links":{"self":[{"href":"https:\/\/meripelastus.fi\/turku\/wp-json\/wp\/v2\/pages\/4","targetHints":{"allow":["GET"]}}],"collection":[{"href":"https:\/\/meripelastus.fi\/turku\/wp-json\/wp\/v2\/pages"}],"about":[{"href":"https:\/\/meripelastus.fi\/turku\/wp-json\/wp\/v2\/types\/page"}],"author":[{"embeddable":true,"href":"https:\/\/meripelastus.fi\/turku\/wp-json\/wp\/v2\/users\/1"}],"replies":[{"embeddable":true,"href":"https:\/\/meripelastus.fi\/turku\/wp-json\/wp\/v2\/comments?post=4"}],"version-history":[{"count":43,"href":"https:\/\/meripelastus.fi\/turku\/wp-json\/wp\/v2\/pages\/4\/revisions"}],"predecessor-version":[{"id":1008,"href":"https:\/\/meripelastus.fi\/turku\/wp-json\/wp\/v2\/pages\/4\/revisions\/1008"}],"wp:featuredmedia":[{"embeddable":true,"href":"https:\/\/meripelastus.fi\/turku\/wp-json\/wp\/v2\/media\/924"}],"wp:attachment":[{"href":"https:\/\/meripelastus.fi\/turku\/wp-json\/wp\/v2\/media?parent=4"}],"curies":[{"name":"wp","href":"https:\/\/api.w.org\/{rel}","templated":true}]}}