{"id":38,"date":"2018-03-19T09:20:36","date_gmt":"2018-03-19T07:20:36","guid":{"rendered":"http:\/\/basetemplate.smpsyhdistykset.16.testivedos.com\/?page_id=38"},"modified":"2019-06-15T00:07:29","modified_gmt":"2019-06-14T21:07:29","slug":"tilaa-uutiskirje","status":"publish","type":"page","link":"https:\/\/meripelastus.fi\/turku\/turun-meripelastusyhdistys\/tilaa-uutiskirje\/","title":{"rendered":"Tilaa uutiskirje!"},"content":{"rendered":"<p>Julkaisemme s\u00e4\u00e4nn\u00f6llisesti uutiskirjett\u00e4, jossa jaamme yhdistyksen kuulumisia, tietoa tulevista tapahtumista sek\u00e4 uutisia yhteisty\u00f6kumppaneiltamme.<\/p>\n<p>Liity uutiskirjeen tilaajaksi sy\u00f6tt\u00e4m\u00e4ll\u00e4 s\u00e4hk\u00f6postiosoitteesi liittymislomakkeeseen alla.<\/p>\n","protected":false},"excerpt":{"rendered":"<p>Julkaisemme s\u00e4\u00e4nn\u00f6llisesti uutiskirjett\u00e4, jossa jaamme yhdistyksen kuulumisia, tietoa tulevista tapahtumista sek\u00e4 uutisia yhteisty\u00f6kumppaneiltamme. Liity uutiskirjeen tilaajaksi sy\u00f6tt\u00e4m\u00e4ll\u00e4 s\u00e4hk\u00f6postiosoitteesi liittymislomakkeeseen alla.<\/p>\n","protected":false},"author":1,"featured_media":492,"parent":6,"menu_order":0,"comment_status":"closed","ping_status":"closed","template":"templates\/newsletter.php","meta":{"_acf_changed":false,"inline_featured_image":false,"footnotes":""},"class_list":["post-38","page","type-page","status-publish","has-post-thumbnail","hentry"],"acf":[],"yoast_head":"<!-- This site is optimized with the Yoast SEO Premium plugin v27.2 (Yoast SEO v27.2) - https:\/\/yoast.com\/product\/yoast-seo-premium-wordpress\/ -->\n<title>Tilaa uutiskirje! - Turun Meripelastusyhdistys<\/title>\n<meta name=\"robots\" content=\"index, follow, max-snippet:-1, max-image-preview:large, max-video-preview:-1\" \/>\n<link rel=\"canonical\" href=\"https:\/\/meripelastus.fi\/turku\/turun-meripelastusyhdistys\/tilaa-uutiskirje\/\" \/>\n<meta property=\"og:locale\" content=\"fi_FI\" \/>\n<meta property=\"og:type\" content=\"article\" \/>\n<meta property=\"og:title\" content=\"Tilaa uutiskirje!\" \/>\n<meta property=\"og:description\" content=\"Julkaisemme s\u00e4\u00e4nn\u00f6llisesti uutiskirjett\u00e4, jossa jaamme yhdistyksen kuulumisia, tietoa tulevista tapahtumista sek\u00e4 uutisia yhteisty\u00f6kumppaneiltamme. Liity uutiskirjeen tilaajaksi sy\u00f6tt\u00e4m\u00e4ll\u00e4 s\u00e4hk\u00f6postiosoitteesi liittymislomakkeeseen alla.\" \/>\n<meta property=\"og:url\" content=\"https:\/\/meripelastus.fi\/turku\/turun-meripelastusyhdistys\/tilaa-uutiskirje\/\" \/>\n<meta property=\"og:site_name\" content=\"Turun Meripelastusyhdistys\" \/>\n<meta property=\"article:modified_time\" content=\"2019-06-14T21:07:29+00:00\" \/>\n<meta property=\"og:image\" content=\"https:\/\/meripelastus.fi\/turku\/wp-content\/uploads\/sites\/22\/2019\/06\/17.jpg\" \/>\n\t<meta property=\"og:image:width\" content=\"4282\" \/>\n\t<meta property=\"og:image:height\" content=\"2410\" \/>\n\t<meta property=\"og:image:type\" content=\"image\/jpeg\" \/>\n<meta name=\"twitter:card\" content=\"summary_large_image\" \/>\n<script type=\"application\/ld+json\" class=\"yoast-schema-graph\">{\"@context\":\"https:\/\/schema.org\",\"@graph\":[{\"@type\":\"WebPage\",\"@id\":\"https:\/\/meripelastus.fi\/turku\/turun-meripelastusyhdistys\/tilaa-uutiskirje\/\",\"url\":\"https:\/\/meripelastus.fi\/turku\/turun-meripelastusyhdistys\/tilaa-uutiskirje\/\",\"name\":\"Tilaa uutiskirje! - Turun Meripelastusyhdistys\",\"isPartOf\":{\"@id\":\"https:\/\/meripelastus.fi\/turku\/#website\"},\"primaryImageOfPage\":{\"@id\":\"https:\/\/meripelastus.fi\/turku\/turun-meripelastusyhdistys\/tilaa-uutiskirje\/#primaryimage\"},\"image\":{\"@id\":\"https:\/\/meripelastus.fi\/turku\/turun-meripelastusyhdistys\/tilaa-uutiskirje\/#primaryimage\"},\"thumbnailUrl\":\"https:\/\/meripelastus.fi\/turku\/wp-content\/uploads\/sites\/22\/2019\/06\/17.jpg\",\"datePublished\":\"2018-03-19T07:20:36+00:00\",\"dateModified\":\"2019-06-14T21:07:29+00:00\",\"breadcrumb\":{\"@id\":\"https:\/\/meripelastus.fi\/turku\/turun-meripelastusyhdistys\/tilaa-uutiskirje\/#breadcrumb\"},\"inLanguage\":\"fi\",\"potentialAction\":[{\"@type\":\"ReadAction\",\"target\":[\"https:\/\/meripelastus.fi\/turku\/turun-meripelastusyhdistys\/tilaa-uutiskirje\/\"]}]},{\"@type\":\"ImageObject\",\"inLanguage\":\"fi\",\"@id\":\"https:\/\/meripelastus.fi\/turku\/turun-meripelastusyhdistys\/tilaa-uutiskirje\/#primaryimage\",\"url\":\"https:\/\/meripelastus.fi\/turku\/wp-content\/uploads\/sites\/22\/2019\/06\/17.jpg\",\"contentUrl\":\"https:\/\/meripelastus.fi\/turku\/wp-content\/uploads\/sites\/22\/2019\/06\/17.jpg\",\"width\":4282,\"height\":2410},{\"@type\":\"BreadcrumbList\",\"@id\":\"https:\/\/meripelastus.fi\/turku\/turun-meripelastusyhdistys\/tilaa-uutiskirje\/#breadcrumb\",\"itemListElement\":[{\"@type\":\"ListItem\",\"position\":1,\"name\":\"Etusivu\",\"item\":\"https:\/\/meripelastus.fi\/turku\/\"},{\"@type\":\"ListItem\",\"position\":2,\"name\":\"Turun Meripelastusyhdistys\",\"item\":\"https:\/\/meripelastus.fi\/turku\/turun-meripelastusyhdistys\/\"},{\"@type\":\"ListItem\",\"position\":3,\"name\":\"Tilaa uutiskirje!\"}]},{\"@type\":\"WebSite\",\"@id\":\"https:\/\/meripelastus.fi\/turku\/#website\",\"url\":\"https:\/\/meripelastus.fi\/turku\/\",\"name\":\"Turun Meripelastusyhdistys\",\"description\":\"Vapaaehtoiset apunasi vesill\u00e4\",\"potentialAction\":[{\"@type\":\"SearchAction\",\"target\":{\"@type\":\"EntryPoint\",\"urlTemplate\":\"https:\/\/meripelastus.fi\/turku\/?s={search_term_string}\"},\"query-input\":{\"@type\":\"PropertyValueSpecification\",\"valueRequired\":true,\"valueName\":\"search_term_string\"}}],\"inLanguage\":\"fi\"}]}<\/script>\n<!-- \/ Yoast SEO Premium plugin. -->","yoast_head_json":{"title":"Tilaa uutiskirje! - Turun Meripelastusyhdistys","robots":{"index":"index","follow":"follow","max-snippet":"max-snippet:-1","max-image-preview":"max-image-preview:large","max-video-preview":"max-video-preview:-1"},"canonical":"https:\/\/meripelastus.fi\/turku\/turun-meripelastusyhdistys\/tilaa-uutiskirje\/","og_locale":"fi_FI","og_type":"article","og_title":"Tilaa uutiskirje!","og_description":"Julkaisemme s\u00e4\u00e4nn\u00f6llisesti uutiskirjett\u00e4, jossa jaamme yhdistyksen kuulumisia, tietoa tulevista tapahtumista sek\u00e4 uutisia yhteisty\u00f6kumppaneiltamme. Liity uutiskirjeen tilaajaksi sy\u00f6tt\u00e4m\u00e4ll\u00e4 s\u00e4hk\u00f6postiosoitteesi liittymislomakkeeseen alla.","og_url":"https:\/\/meripelastus.fi\/turku\/turun-meripelastusyhdistys\/tilaa-uutiskirje\/","og_site_name":"Turun Meripelastusyhdistys","article_modified_time":"2019-06-14T21:07:29+00:00","og_image":[{"width":4282,"height":2410,"url":"https:\/\/meripelastus.fi\/turku\/wp-content\/uploads\/sites\/22\/2019\/06\/17.jpg","type":"image\/jpeg"}],"twitter_card":"summary_large_image","schema":{"@context":"https:\/\/schema.org","@graph":[{"@type":"WebPage","@id":"https:\/\/meripelastus.fi\/turku\/turun-meripelastusyhdistys\/tilaa-uutiskirje\/","url":"https:\/\/meripelastus.fi\/turku\/turun-meripelastusyhdistys\/tilaa-uutiskirje\/","name":"Tilaa uutiskirje! - Turun Meripelastusyhdistys","isPartOf":{"@id":"https:\/\/meripelastus.fi\/turku\/#website"},"primaryImageOfPage":{"@id":"https:\/\/meripelastus.fi\/turku\/turun-meripelastusyhdistys\/tilaa-uutiskirje\/#primaryimage"},"image":{"@id":"https:\/\/meripelastus.fi\/turku\/turun-meripelastusyhdistys\/tilaa-uutiskirje\/#primaryimage"},"thumbnailUrl":"https:\/\/meripelastus.fi\/turku\/wp-content\/uploads\/sites\/22\/2019\/06\/17.jpg","datePublished":"2018-03-19T07:20:36+00:00","dateModified":"2019-06-14T21:07:29+00:00","breadcrumb":{"@id":"https:\/\/meripelastus.fi\/turku\/turun-meripelastusyhdistys\/tilaa-uutiskirje\/#breadcrumb"},"inLanguage":"fi","potentialAction":[{"@type":"ReadAction","target":["https:\/\/meripelastus.fi\/turku\/turun-meripelastusyhdistys\/tilaa-uutiskirje\/"]}]},{"@type":"ImageObject","inLanguage":"fi","@id":"https:\/\/meripelastus.fi\/turku\/turun-meripelastusyhdistys\/tilaa-uutiskirje\/#primaryimage","url":"https:\/\/meripelastus.fi\/turku\/wp-content\/uploads\/sites\/22\/2019\/06\/17.jpg","contentUrl":"https:\/\/meripelastus.fi\/turku\/wp-content\/uploads\/sites\/22\/2019\/06\/17.jpg","width":4282,"height":2410},{"@type":"BreadcrumbList","@id":"https:\/\/meripelastus.fi\/turku\/turun-meripelastusyhdistys\/tilaa-uutiskirje\/#breadcrumb","itemListElement":[{"@type":"ListItem","position":1,"name":"Etusivu","item":"https:\/\/meripelastus.fi\/turku\/"},{"@type":"ListItem","position":2,"name":"Turun Meripelastusyhdistys","item":"https:\/\/meripelastus.fi\/turku\/turun-meripelastusyhdistys\/"},{"@type":"ListItem","position":3,"name":"Tilaa uutiskirje!"}]},{"@type":"WebSite","@id":"https:\/\/meripelastus.fi\/turku\/#website","url":"https:\/\/meripelastus.fi\/turku\/","name":"Turun Meripelastusyhdistys","description":"Vapaaehtoiset apunasi vesill\u00e4","potentialAction":[{"@type":"SearchAction","target":{"@type":"EntryPoint","urlTemplate":"https:\/\/meripelastus.fi\/turku\/?s={search_term_string}"},"query-input":{"@type":"PropertyValueSpecification","valueRequired":true,"valueName":"search_term_string"}}],"inLanguage":"fi"}]}},"_links":{"self":[{"href":"https:\/\/meripelastus.fi\/turku\/wp-json\/wp\/v2\/pages\/38","targetHints":{"allow":["GET"]}}],"collection":[{"href":"https:\/\/meripelastus.fi\/turku\/wp-json\/wp\/v2\/pages"}],"about":[{"href":"https:\/\/meripelastus.fi\/turku\/wp-json\/wp\/v2\/types\/page"}],"author":[{"embeddable":true,"href":"https:\/\/meripelastus.fi\/turku\/wp-json\/wp\/v2\/users\/1"}],"replies":[{"embeddable":true,"href":"https:\/\/meripelastus.fi\/turku\/wp-json\/wp\/v2\/comments?post=38"}],"version-history":[{"count":10,"href":"https:\/\/meripelastus.fi\/turku\/wp-json\/wp\/v2\/pages\/38\/revisions"}],"predecessor-version":[{"id":442,"href":"https:\/\/meripelastus.fi\/turku\/wp-json\/wp\/v2\/pages\/38\/revisions\/442"}],"up":[{"embeddable":true,"href":"https:\/\/meripelastus.fi\/turku\/wp-json\/wp\/v2\/pages\/6"}],"wp:featuredmedia":[{"embeddable":true,"href":"https:\/\/meripelastus.fi\/turku\/wp-json\/wp\/v2\/media\/492"}],"wp:attachment":[{"href":"https:\/\/meripelastus.fi\/turku\/wp-json\/wp\/v2\/media?parent=38"}],"curies":[{"name":"wp","href":"https:\/\/api.w.org\/{rel}","templated":true}]}}