{"id":321,"date":"2019-05-22T21:06:37","date_gmt":"2019-05-22T18:06:37","guid":{"rendered":"https:\/\/meripelastus.fi\/turku-vedos\/?page_id=321"},"modified":"2019-06-14T23:20:41","modified_gmt":"2019-06-14T20:20:41","slug":"turun-pelastusrengas-ry","status":"publish","type":"page","link":"https:\/\/meripelastus.fi\/turku\/toiminta\/turun-pelastusrengas-ry\/","title":{"rendered":"Turun Pelastusrengas ry"},"content":{"rendered":"<p><span><strong>Livbojen \u00c5bo &#8211; Pelastusrengas Turku rf<\/strong> on Turun Meripelastusyhdistyksen toimintaa tukeva varainkeruuyhdistys, joka tunnetaan pienten, k\u00e4sintehtyjen pelastusrenkaiden myynnist\u00e4. Pelastusrengaslaiset ovat vuosittaisilla lahjoituksillaan mahdollistaneet mm. Meripelastusyhdistyksen varustehankintoja ja koulutuksia.\u00a0<\/span><\/p>\n<p><span>Yhdistys, jota kutsutaan yleens\u00e4 lyhyesti nimell\u00e4 <em>Livbojen<\/em>, sai alkunsa tammikuussa vuonna 1930 merikapteenin rouva <strong>Anna Gadd<\/strong>in kokoonkutsumassa keskustelutilaisuudessa. L\u00e4ht\u00f6sys\u00e4yksen kokoukselle antoi vajaat kaksi kuukautta aikaisemmin tapahtunut ja koko Suomea kohauttanut kuunarilaiva Drakenin haaksirikko. Varsinainen perustava kokous pidettiin 19. helmikuuta, ja yhdistysrekisteriin Livbojen merkittiin maaliskuun ensimm\u00e4isen\u00e4 p\u00e4iv\u00e4n\u00e4. Yhdistys sai aluksi nimen<em> Syf\u00f6rening Livbojen &#8211; Ompeluseura Pelastusrengas rf<\/em>, mutta nykyiseksi <em>Livbojen \u00c5bo &#8211; Turun Pelastusrengas rf<\/em>:ksi se muutettiin vuonna 1936. <\/span><\/p>\n<p><span>Turun Pelastusrengas hankki 1930-luvulla oman pelastusaluksen, joka sai puuhanaisensa kunniaksi nimen <em>p\/v\u00a0Anna Gadd<\/em>. Vene suoritti pitk\u00e4n p\u00e4iv\u00e4ty\u00f6n meripelastusseuran laivastossa, kunnes se luovutettiin Turun Maakuntamuseolle. Alus on yh\u00e4 yleis\u00f6n n\u00e4ht\u00e4vill\u00e4 Merikeskus Forum Marinumissa.<\/span><\/p>\n<p><img loading=\"lazy\" decoding=\"async\" class=\"alignnone wp-image-439\" src=\"https:\/\/meripelastus.fi\/turku-vedos\/wp-content\/uploads\/sites\/22\/2019\/06\/M20_FMV168_11.jpg\" alt=\"\" width=\"920\" height=\"598\" srcset=\"https:\/\/meripelastus.fi\/turku\/wp-content\/uploads\/sites\/22\/2019\/06\/M20_FMV168_11.jpg 2481w, https:\/\/meripelastus.fi\/turku\/wp-content\/uploads\/sites\/22\/2019\/06\/M20_FMV168_11-300x195.jpg 300w, https:\/\/meripelastus.fi\/turku\/wp-content\/uploads\/sites\/22\/2019\/06\/M20_FMV168_11-768x499.jpg 768w, https:\/\/meripelastus.fi\/turku\/wp-content\/uploads\/sites\/22\/2019\/06\/M20_FMV168_11-1024x665.jpg 1024w\" sizes=\"auto, (max-width: 920px) 100vw, 920px\" \/><br \/>\n<em>Kuvassa p\/v Anna Gadd kulussa. Kuvaaja Ode N\u00e4ttinen, kuvan omistaja Forum Marinum.<\/em><\/p>\n","protected":false},"excerpt":{"rendered":"<p>Livbojen \u00c5bo &#8211; Pelastusrengas Turku rf on Turun Meripelastusyhdistyksen toimintaa tukeva varainkeruuyhdistys, joka tunnetaan pienten, k\u00e4sintehtyjen pelastusrenkaiden myynnist\u00e4. Pelastusrengaslaiset ovat vuosittaisilla lahjoituksillaan mahdollistaneet mm. Meripelastusyhdistyksen varustehankintoja ja koulutuksia.\u00a0 Yhdistys, jota kutsutaan yleens\u00e4 lyhyesti nimell\u00e4 Livbojen, sai alkunsa tammikuussa vuonna 1930 merikapteenin rouva Anna Gaddin kokoonkutsumassa keskustelutilaisuudessa. L\u00e4ht\u00f6sys\u00e4yksen kokoukselle antoi vajaat kaksi kuukautta aikaisemmin tapahtunut ja [&hellip;]<\/p>\n","protected":false},"author":44,"featured_media":490,"parent":20,"menu_order":0,"comment_status":"closed","ping_status":"closed","template":"","meta":{"_acf_changed":false,"inline_featured_image":false,"footnotes":""},"class_list":["post-321","page","type-page","status-publish","has-post-thumbnail","hentry"],"acf":[],"yoast_head":"<!-- This site is optimized with the Yoast SEO Premium plugin v27.2 (Yoast SEO v27.2) - https:\/\/yoast.com\/product\/yoast-seo-premium-wordpress\/ -->\n<title>Turun Pelastusrengas ry - Turun Meripelastusyhdistys<\/title>\n<meta name=\"robots\" content=\"index, follow, max-snippet:-1, max-image-preview:large, max-video-preview:-1\" \/>\n<link rel=\"canonical\" href=\"https:\/\/meripelastus.fi\/turku\/toiminta\/turun-pelastusrengas-ry\/\" \/>\n<meta property=\"og:locale\" content=\"fi_FI\" \/>\n<meta property=\"og:type\" content=\"article\" \/>\n<meta property=\"og:title\" content=\"Turun Pelastusrengas ry\" \/>\n<meta property=\"og:description\" content=\"Livbojen \u00c5bo &#8211; Pelastusrengas Turku rf on Turun Meripelastusyhdistyksen toimintaa tukeva varainkeruuyhdistys, joka tunnetaan pienten, k\u00e4sintehtyjen pelastusrenkaiden myynnist\u00e4. Pelastusrengaslaiset ovat vuosittaisilla lahjoituksillaan mahdollistaneet mm. Meripelastusyhdistyksen varustehankintoja ja koulutuksia.\u00a0 Yhdistys, jota kutsutaan yleens\u00e4 lyhyesti nimell\u00e4 Livbojen, sai alkunsa tammikuussa vuonna 1930 merikapteenin rouva Anna Gaddin kokoonkutsumassa keskustelutilaisuudessa. L\u00e4ht\u00f6sys\u00e4yksen kokoukselle antoi vajaat kaksi kuukautta aikaisemmin tapahtunut ja [&hellip;]\" \/>\n<meta property=\"og:url\" content=\"https:\/\/meripelastus.fi\/turku\/toiminta\/turun-pelastusrengas-ry\/\" \/>\n<meta property=\"og:site_name\" content=\"Turun Meripelastusyhdistys\" \/>\n<meta property=\"article:modified_time\" content=\"2019-06-14T20:20:41+00:00\" \/>\n<meta property=\"og:image\" content=\"https:\/\/meripelastus.fi\/turku\/wp-content\/uploads\/sites\/22\/2019\/06\/livbojen-2.jpeg\" \/>\n\t<meta property=\"og:image:width\" content=\"1598\" \/>\n\t<meta property=\"og:image:height\" content=\"899\" \/>\n\t<meta property=\"og:image:type\" content=\"image\/jpeg\" \/>\n<meta name=\"twitter:card\" content=\"summary_large_image\" \/>\n<meta name=\"twitter:label1\" content=\"Arvioitu lukuaika\" \/>\n\t<meta name=\"twitter:data1\" content=\"1 minuutti\" \/>\n<script type=\"application\/ld+json\" class=\"yoast-schema-graph\">{\"@context\":\"https:\/\/schema.org\",\"@graph\":[{\"@type\":\"WebPage\",\"@id\":\"https:\/\/meripelastus.fi\/turku\/toiminta\/turun-pelastusrengas-ry\/\",\"url\":\"https:\/\/meripelastus.fi\/turku\/toiminta\/turun-pelastusrengas-ry\/\",\"name\":\"Turun Pelastusrengas ry - Turun Meripelastusyhdistys\",\"isPartOf\":{\"@id\":\"https:\/\/meripelastus.fi\/turku\/#website\"},\"primaryImageOfPage\":{\"@id\":\"https:\/\/meripelastus.fi\/turku\/toiminta\/turun-pelastusrengas-ry\/#primaryimage\"},\"image\":{\"@id\":\"https:\/\/meripelastus.fi\/turku\/toiminta\/turun-pelastusrengas-ry\/#primaryimage\"},\"thumbnailUrl\":\"https:\/\/meripelastus.fi\/turku\/wp-content\/uploads\/sites\/22\/2019\/06\/livbojen-2.jpeg\",\"datePublished\":\"2019-05-22T18:06:37+00:00\",\"dateModified\":\"2019-06-14T20:20:41+00:00\",\"breadcrumb\":{\"@id\":\"https:\/\/meripelastus.fi\/turku\/toiminta\/turun-pelastusrengas-ry\/#breadcrumb\"},\"inLanguage\":\"fi\",\"potentialAction\":[{\"@type\":\"ReadAction\",\"target\":[\"https:\/\/meripelastus.fi\/turku\/toiminta\/turun-pelastusrengas-ry\/\"]}]},{\"@type\":\"ImageObject\",\"inLanguage\":\"fi\",\"@id\":\"https:\/\/meripelastus.fi\/turku\/toiminta\/turun-pelastusrengas-ry\/#primaryimage\",\"url\":\"https:\/\/meripelastus.fi\/turku\/wp-content\/uploads\/sites\/22\/2019\/06\/livbojen-2.jpeg\",\"contentUrl\":\"https:\/\/meripelastus.fi\/turku\/wp-content\/uploads\/sites\/22\/2019\/06\/livbojen-2.jpeg\",\"width\":1598,\"height\":899},{\"@type\":\"BreadcrumbList\",\"@id\":\"https:\/\/meripelastus.fi\/turku\/toiminta\/turun-pelastusrengas-ry\/#breadcrumb\",\"itemListElement\":[{\"@type\":\"ListItem\",\"position\":1,\"name\":\"Etusivu\",\"item\":\"https:\/\/meripelastus.fi\/turku\/\"},{\"@type\":\"ListItem\",\"position\":2,\"name\":\"Toiminta\",\"item\":\"https:\/\/meripelastus.fi\/turku\/toiminta\/\"},{\"@type\":\"ListItem\",\"position\":3,\"name\":\"Turun Pelastusrengas ry\"}]},{\"@type\":\"WebSite\",\"@id\":\"https:\/\/meripelastus.fi\/turku\/#website\",\"url\":\"https:\/\/meripelastus.fi\/turku\/\",\"name\":\"Turun Meripelastusyhdistys\",\"description\":\"Vapaaehtoiset apunasi vesill\u00e4\",\"potentialAction\":[{\"@type\":\"SearchAction\",\"target\":{\"@type\":\"EntryPoint\",\"urlTemplate\":\"https:\/\/meripelastus.fi\/turku\/?s={search_term_string}\"},\"query-input\":{\"@type\":\"PropertyValueSpecification\",\"valueRequired\":true,\"valueName\":\"search_term_string\"}}],\"inLanguage\":\"fi\"}]}<\/script>\n<!-- \/ Yoast SEO Premium plugin. -->","yoast_head_json":{"title":"Turun Pelastusrengas ry - Turun Meripelastusyhdistys","robots":{"index":"index","follow":"follow","max-snippet":"max-snippet:-1","max-image-preview":"max-image-preview:large","max-video-preview":"max-video-preview:-1"},"canonical":"https:\/\/meripelastus.fi\/turku\/toiminta\/turun-pelastusrengas-ry\/","og_locale":"fi_FI","og_type":"article","og_title":"Turun Pelastusrengas ry","og_description":"Livbojen \u00c5bo &#8211; Pelastusrengas Turku rf on Turun Meripelastusyhdistyksen toimintaa tukeva varainkeruuyhdistys, joka tunnetaan pienten, k\u00e4sintehtyjen pelastusrenkaiden myynnist\u00e4. Pelastusrengaslaiset ovat vuosittaisilla lahjoituksillaan mahdollistaneet mm. Meripelastusyhdistyksen varustehankintoja ja koulutuksia.\u00a0 Yhdistys, jota kutsutaan yleens\u00e4 lyhyesti nimell\u00e4 Livbojen, sai alkunsa tammikuussa vuonna 1930 merikapteenin rouva Anna Gaddin kokoonkutsumassa keskustelutilaisuudessa. L\u00e4ht\u00f6sys\u00e4yksen kokoukselle antoi vajaat kaksi kuukautta aikaisemmin tapahtunut ja [&hellip;]","og_url":"https:\/\/meripelastus.fi\/turku\/toiminta\/turun-pelastusrengas-ry\/","og_site_name":"Turun Meripelastusyhdistys","article_modified_time":"2019-06-14T20:20:41+00:00","og_image":[{"width":1598,"height":899,"url":"https:\/\/meripelastus.fi\/turku\/wp-content\/uploads\/sites\/22\/2019\/06\/livbojen-2.jpeg","type":"image\/jpeg"}],"twitter_card":"summary_large_image","twitter_misc":{"Arvioitu lukuaika":"1 minuutti"},"schema":{"@context":"https:\/\/schema.org","@graph":[{"@type":"WebPage","@id":"https:\/\/meripelastus.fi\/turku\/toiminta\/turun-pelastusrengas-ry\/","url":"https:\/\/meripelastus.fi\/turku\/toiminta\/turun-pelastusrengas-ry\/","name":"Turun Pelastusrengas ry - Turun Meripelastusyhdistys","isPartOf":{"@id":"https:\/\/meripelastus.fi\/turku\/#website"},"primaryImageOfPage":{"@id":"https:\/\/meripelastus.fi\/turku\/toiminta\/turun-pelastusrengas-ry\/#primaryimage"},"image":{"@id":"https:\/\/meripelastus.fi\/turku\/toiminta\/turun-pelastusrengas-ry\/#primaryimage"},"thumbnailUrl":"https:\/\/meripelastus.fi\/turku\/wp-content\/uploads\/sites\/22\/2019\/06\/livbojen-2.jpeg","datePublished":"2019-05-22T18:06:37+00:00","dateModified":"2019-06-14T20:20:41+00:00","breadcrumb":{"@id":"https:\/\/meripelastus.fi\/turku\/toiminta\/turun-pelastusrengas-ry\/#breadcrumb"},"inLanguage":"fi","potentialAction":[{"@type":"ReadAction","target":["https:\/\/meripelastus.fi\/turku\/toiminta\/turun-pelastusrengas-ry\/"]}]},{"@type":"ImageObject","inLanguage":"fi","@id":"https:\/\/meripelastus.fi\/turku\/toiminta\/turun-pelastusrengas-ry\/#primaryimage","url":"https:\/\/meripelastus.fi\/turku\/wp-content\/uploads\/sites\/22\/2019\/06\/livbojen-2.jpeg","contentUrl":"https:\/\/meripelastus.fi\/turku\/wp-content\/uploads\/sites\/22\/2019\/06\/livbojen-2.jpeg","width":1598,"height":899},{"@type":"BreadcrumbList","@id":"https:\/\/meripelastus.fi\/turku\/toiminta\/turun-pelastusrengas-ry\/#breadcrumb","itemListElement":[{"@type":"ListItem","position":1,"name":"Etusivu","item":"https:\/\/meripelastus.fi\/turku\/"},{"@type":"ListItem","position":2,"name":"Toiminta","item":"https:\/\/meripelastus.fi\/turku\/toiminta\/"},{"@type":"ListItem","position":3,"name":"Turun Pelastusrengas ry"}]},{"@type":"WebSite","@id":"https:\/\/meripelastus.fi\/turku\/#website","url":"https:\/\/meripelastus.fi\/turku\/","name":"Turun Meripelastusyhdistys","description":"Vapaaehtoiset apunasi vesill\u00e4","potentialAction":[{"@type":"SearchAction","target":{"@type":"EntryPoint","urlTemplate":"https:\/\/meripelastus.fi\/turku\/?s={search_term_string}"},"query-input":{"@type":"PropertyValueSpecification","valueRequired":true,"valueName":"search_term_string"}}],"inLanguage":"fi"}]}},"_links":{"self":[{"href":"https:\/\/meripelastus.fi\/turku\/wp-json\/wp\/v2\/pages\/321","targetHints":{"allow":["GET"]}}],"collection":[{"href":"https:\/\/meripelastus.fi\/turku\/wp-json\/wp\/v2\/pages"}],"about":[{"href":"https:\/\/meripelastus.fi\/turku\/wp-json\/wp\/v2\/types\/page"}],"author":[{"embeddable":true,"href":"https:\/\/meripelastus.fi\/turku\/wp-json\/wp\/v2\/users\/44"}],"replies":[{"embeddable":true,"href":"https:\/\/meripelastus.fi\/turku\/wp-json\/wp\/v2\/comments?post=321"}],"version-history":[{"count":7,"href":"https:\/\/meripelastus.fi\/turku\/wp-json\/wp\/v2\/pages\/321\/revisions"}],"predecessor-version":[{"id":440,"href":"https:\/\/meripelastus.fi\/turku\/wp-json\/wp\/v2\/pages\/321\/revisions\/440"}],"up":[{"embeddable":true,"href":"https:\/\/meripelastus.fi\/turku\/wp-json\/wp\/v2\/pages\/20"}],"wp:featuredmedia":[{"embeddable":true,"href":"https:\/\/meripelastus.fi\/turku\/wp-json\/wp\/v2\/media\/490"}],"wp:attachment":[{"href":"https:\/\/meripelastus.fi\/turku\/wp-json\/wp\/v2\/media?parent=321"}],"curies":[{"name":"wp","href":"https:\/\/api.w.org\/{rel}","templated":true}]}}