{"id":294,"date":"2019-05-22T20:21:10","date_gmt":"2019-05-22T17:21:10","guid":{"rendered":"https:\/\/meripelastus.fi\/turku-vedos\/?page_id=294"},"modified":"2019-06-19T14:21:57","modified_gmt":"2019-06-19T11:21:57","slug":"jasentietojen-paivitys","status":"publish","type":"page","link":"https:\/\/meripelastus.fi\/turku\/ole-mukana\/jasentietojen-paivitys\/","title":{"rendered":"J\u00e4sentietojen p\u00e4ivitys"},"content":{"rendered":"<h3>Tietojen p\u00e4ivitt\u00e4minen Messiss\u00e4<\/h3>\n<p><span>Messi on Suomen Meripelastusseuraan kuuluvien yhdistysten j\u00e4senille tarkoitettu sivusto, jossa voit helposti yll\u00e4pit\u00e4\u00e4 yhteystietojasi sek\u00e4 katsoa tai maksaa j\u00e4senlaskusi. <\/span><\/p>\n<p><span>Jokaisella Turun Meripelastusyhdistyksen j\u00e4senell\u00e4 on tunnukset Messiin. Mik\u00e4li et ole aiemmin kirjautunut palveluun, l\u00f6yd\u00e4t k\u00e4ytt\u00e4j\u00e4tunnuksen ja salasanan saamastasi j\u00e4senlaskusta. <a href=\"http:\/\/messi.meripelastus.fi\">P\u00e4\u00e4set Messiin t\u00e4st\u00e4<\/a>.\u00a0<\/span><\/p>\n<h3><strong>J\u00e4senpalvelulomake<\/strong><\/h3>\n<p>Voit p\u00e4ivitt\u00e4\u00e4 tietojasi verkossa my\u00f6s Suomen Meripelastusseuran j\u00e4senpalvelulomakkeen kautta.\u00a0<a href=\"https:\/\/meripelastus.fi\/jasenyys\/jasentietojen-paivityslomake\/\">L\u00f6yd\u00e4t lomakkeen t\u00e4\u00e4lt\u00e4.<\/a><\/p>\n<h3><strong>J\u00e4sensihteeri<\/strong><\/h3>\n<p>Turun Meripelastusyhdistyksen j\u00e4sensihteeri auttaa ja neuvoo kaikissa j\u00e4senyyteesi liittyviss\u00e4 asioissa. Voit olla yhteydess\u00e4 j\u00e4sensihteeriin s\u00e4hk\u00f6postitse: jasenasiat(a)tmpy.fi.<\/p>\n","protected":false},"excerpt":{"rendered":"<p>Tietojen p\u00e4ivitt\u00e4minen Messiss\u00e4 Messi on Suomen Meripelastusseuraan kuuluvien yhdistysten j\u00e4senille tarkoitettu sivusto, jossa voit helposti yll\u00e4pit\u00e4\u00e4 yhteystietojasi sek\u00e4 katsoa tai maksaa j\u00e4senlaskusi. Jokaisella Turun Meripelastusyhdistyksen j\u00e4senell\u00e4 on tunnukset Messiin. Mik\u00e4li et ole aiemmin kirjautunut palveluun, l\u00f6yd\u00e4t k\u00e4ytt\u00e4j\u00e4tunnuksen ja salasanan saamastasi j\u00e4senlaskusta. P\u00e4\u00e4set Messiin t\u00e4st\u00e4.\u00a0 J\u00e4senpalvelulomake Voit p\u00e4ivitt\u00e4\u00e4 tietojasi verkossa my\u00f6s Suomen Meripelastusseuran j\u00e4senpalvelulomakkeen kautta.\u00a0L\u00f6yd\u00e4t lomakkeen [&hellip;]<\/p>\n","protected":false},"author":44,"featured_media":407,"parent":250,"menu_order":0,"comment_status":"closed","ping_status":"closed","template":"","meta":{"_acf_changed":false,"inline_featured_image":false,"footnotes":""},"class_list":["post-294","page","type-page","status-publish","has-post-thumbnail","hentry"],"acf":[],"yoast_head":"<!-- This site is optimized with the Yoast SEO Premium plugin v27.2 (Yoast SEO v27.2) - https:\/\/yoast.com\/product\/yoast-seo-premium-wordpress\/ -->\n<title>J\u00e4sentietojen p\u00e4ivitys - Turun Meripelastusyhdistys<\/title>\n<meta name=\"robots\" content=\"index, follow, max-snippet:-1, max-image-preview:large, max-video-preview:-1\" \/>\n<link rel=\"canonical\" href=\"https:\/\/meripelastus.fi\/turku\/ole-mukana\/jasentietojen-paivitys\/\" \/>\n<meta property=\"og:locale\" content=\"fi_FI\" \/>\n<meta property=\"og:type\" content=\"article\" \/>\n<meta property=\"og:title\" content=\"J\u00e4sentietojen p\u00e4ivitys\" \/>\n<meta property=\"og:description\" content=\"Tietojen p\u00e4ivitt\u00e4minen Messiss\u00e4 Messi on Suomen Meripelastusseuraan kuuluvien yhdistysten j\u00e4senille tarkoitettu sivusto, jossa voit helposti yll\u00e4pit\u00e4\u00e4 yhteystietojasi sek\u00e4 katsoa tai maksaa j\u00e4senlaskusi. Jokaisella Turun Meripelastusyhdistyksen j\u00e4senell\u00e4 on tunnukset Messiin. Mik\u00e4li et ole aiemmin kirjautunut palveluun, l\u00f6yd\u00e4t k\u00e4ytt\u00e4j\u00e4tunnuksen ja salasanan saamastasi j\u00e4senlaskusta. P\u00e4\u00e4set Messiin t\u00e4st\u00e4.\u00a0 J\u00e4senpalvelulomake Voit p\u00e4ivitt\u00e4\u00e4 tietojasi verkossa my\u00f6s Suomen Meripelastusseuran j\u00e4senpalvelulomakkeen kautta.\u00a0L\u00f6yd\u00e4t lomakkeen [&hellip;]\" \/>\n<meta property=\"og:url\" content=\"https:\/\/meripelastus.fi\/turku\/ole-mukana\/jasentietojen-paivitys\/\" \/>\n<meta property=\"og:site_name\" content=\"Turun Meripelastusyhdistys\" \/>\n<meta property=\"article:modified_time\" content=\"2019-06-19T11:21:57+00:00\" \/>\n<meta property=\"og:image\" content=\"https:\/\/meripelastus.fi\/turku\/wp-content\/uploads\/sites\/22\/2019\/05\/DSC_7250_2-3.jpg\" \/>\n\t<meta property=\"og:image:width\" content=\"3439\" \/>\n\t<meta property=\"og:image:height\" content=\"1875\" \/>\n\t<meta property=\"og:image:type\" content=\"image\/jpeg\" \/>\n<meta name=\"twitter:card\" content=\"summary_large_image\" \/>\n<meta name=\"twitter:label1\" content=\"Arvioitu lukuaika\" \/>\n\t<meta name=\"twitter:data1\" content=\"1 minuutti\" \/>\n<script type=\"application\/ld+json\" class=\"yoast-schema-graph\">{\"@context\":\"https:\/\/schema.org\",\"@graph\":[{\"@type\":\"WebPage\",\"@id\":\"https:\/\/meripelastus.fi\/turku\/ole-mukana\/jasentietojen-paivitys\/\",\"url\":\"https:\/\/meripelastus.fi\/turku\/ole-mukana\/jasentietojen-paivitys\/\",\"name\":\"J\u00e4sentietojen p\u00e4ivitys - Turun Meripelastusyhdistys\",\"isPartOf\":{\"@id\":\"https:\/\/meripelastus.fi\/turku\/#website\"},\"primaryImageOfPage\":{\"@id\":\"https:\/\/meripelastus.fi\/turku\/ole-mukana\/jasentietojen-paivitys\/#primaryimage\"},\"image\":{\"@id\":\"https:\/\/meripelastus.fi\/turku\/ole-mukana\/jasentietojen-paivitys\/#primaryimage\"},\"thumbnailUrl\":\"https:\/\/meripelastus.fi\/turku\/wp-content\/uploads\/sites\/22\/2019\/05\/DSC_7250_2-3.jpg\",\"datePublished\":\"2019-05-22T17:21:10+00:00\",\"dateModified\":\"2019-06-19T11:21:57+00:00\",\"breadcrumb\":{\"@id\":\"https:\/\/meripelastus.fi\/turku\/ole-mukana\/jasentietojen-paivitys\/#breadcrumb\"},\"inLanguage\":\"fi\",\"potentialAction\":[{\"@type\":\"ReadAction\",\"target\":[\"https:\/\/meripelastus.fi\/turku\/ole-mukana\/jasentietojen-paivitys\/\"]}]},{\"@type\":\"ImageObject\",\"inLanguage\":\"fi\",\"@id\":\"https:\/\/meripelastus.fi\/turku\/ole-mukana\/jasentietojen-paivitys\/#primaryimage\",\"url\":\"https:\/\/meripelastus.fi\/turku\/wp-content\/uploads\/sites\/22\/2019\/05\/DSC_7250_2-3.jpg\",\"contentUrl\":\"https:\/\/meripelastus.fi\/turku\/wp-content\/uploads\/sites\/22\/2019\/05\/DSC_7250_2-3.jpg\",\"width\":3439,\"height\":1875},{\"@type\":\"BreadcrumbList\",\"@id\":\"https:\/\/meripelastus.fi\/turku\/ole-mukana\/jasentietojen-paivitys\/#breadcrumb\",\"itemListElement\":[{\"@type\":\"ListItem\",\"position\":1,\"name\":\"Etusivu\",\"item\":\"https:\/\/meripelastus.fi\/turku\/\"},{\"@type\":\"ListItem\",\"position\":2,\"name\":\"Ole mukana!\",\"item\":\"https:\/\/meripelastus.fi\/turku\/ole-mukana\/\"},{\"@type\":\"ListItem\",\"position\":3,\"name\":\"J\u00e4sentietojen p\u00e4ivitys\"}]},{\"@type\":\"WebSite\",\"@id\":\"https:\/\/meripelastus.fi\/turku\/#website\",\"url\":\"https:\/\/meripelastus.fi\/turku\/\",\"name\":\"Turun Meripelastusyhdistys\",\"description\":\"Vapaaehtoiset apunasi vesill\u00e4\",\"potentialAction\":[{\"@type\":\"SearchAction\",\"target\":{\"@type\":\"EntryPoint\",\"urlTemplate\":\"https:\/\/meripelastus.fi\/turku\/?s={search_term_string}\"},\"query-input\":{\"@type\":\"PropertyValueSpecification\",\"valueRequired\":true,\"valueName\":\"search_term_string\"}}],\"inLanguage\":\"fi\"}]}<\/script>\n<!-- \/ Yoast SEO Premium plugin. -->","yoast_head_json":{"title":"J\u00e4sentietojen p\u00e4ivitys - Turun Meripelastusyhdistys","robots":{"index":"index","follow":"follow","max-snippet":"max-snippet:-1","max-image-preview":"max-image-preview:large","max-video-preview":"max-video-preview:-1"},"canonical":"https:\/\/meripelastus.fi\/turku\/ole-mukana\/jasentietojen-paivitys\/","og_locale":"fi_FI","og_type":"article","og_title":"J\u00e4sentietojen p\u00e4ivitys","og_description":"Tietojen p\u00e4ivitt\u00e4minen Messiss\u00e4 Messi on Suomen Meripelastusseuraan kuuluvien yhdistysten j\u00e4senille tarkoitettu sivusto, jossa voit helposti yll\u00e4pit\u00e4\u00e4 yhteystietojasi sek\u00e4 katsoa tai maksaa j\u00e4senlaskusi. Jokaisella Turun Meripelastusyhdistyksen j\u00e4senell\u00e4 on tunnukset Messiin. Mik\u00e4li et ole aiemmin kirjautunut palveluun, l\u00f6yd\u00e4t k\u00e4ytt\u00e4j\u00e4tunnuksen ja salasanan saamastasi j\u00e4senlaskusta. P\u00e4\u00e4set Messiin t\u00e4st\u00e4.\u00a0 J\u00e4senpalvelulomake Voit p\u00e4ivitt\u00e4\u00e4 tietojasi verkossa my\u00f6s Suomen Meripelastusseuran j\u00e4senpalvelulomakkeen kautta.\u00a0L\u00f6yd\u00e4t lomakkeen [&hellip;]","og_url":"https:\/\/meripelastus.fi\/turku\/ole-mukana\/jasentietojen-paivitys\/","og_site_name":"Turun Meripelastusyhdistys","article_modified_time":"2019-06-19T11:21:57+00:00","og_image":[{"width":3439,"height":1875,"url":"https:\/\/meripelastus.fi\/turku\/wp-content\/uploads\/sites\/22\/2019\/05\/DSC_7250_2-3.jpg","type":"image\/jpeg"}],"twitter_card":"summary_large_image","twitter_misc":{"Arvioitu lukuaika":"1 minuutti"},"schema":{"@context":"https:\/\/schema.org","@graph":[{"@type":"WebPage","@id":"https:\/\/meripelastus.fi\/turku\/ole-mukana\/jasentietojen-paivitys\/","url":"https:\/\/meripelastus.fi\/turku\/ole-mukana\/jasentietojen-paivitys\/","name":"J\u00e4sentietojen p\u00e4ivitys - Turun Meripelastusyhdistys","isPartOf":{"@id":"https:\/\/meripelastus.fi\/turku\/#website"},"primaryImageOfPage":{"@id":"https:\/\/meripelastus.fi\/turku\/ole-mukana\/jasentietojen-paivitys\/#primaryimage"},"image":{"@id":"https:\/\/meripelastus.fi\/turku\/ole-mukana\/jasentietojen-paivitys\/#primaryimage"},"thumbnailUrl":"https:\/\/meripelastus.fi\/turku\/wp-content\/uploads\/sites\/22\/2019\/05\/DSC_7250_2-3.jpg","datePublished":"2019-05-22T17:21:10+00:00","dateModified":"2019-06-19T11:21:57+00:00","breadcrumb":{"@id":"https:\/\/meripelastus.fi\/turku\/ole-mukana\/jasentietojen-paivitys\/#breadcrumb"},"inLanguage":"fi","potentialAction":[{"@type":"ReadAction","target":["https:\/\/meripelastus.fi\/turku\/ole-mukana\/jasentietojen-paivitys\/"]}]},{"@type":"ImageObject","inLanguage":"fi","@id":"https:\/\/meripelastus.fi\/turku\/ole-mukana\/jasentietojen-paivitys\/#primaryimage","url":"https:\/\/meripelastus.fi\/turku\/wp-content\/uploads\/sites\/22\/2019\/05\/DSC_7250_2-3.jpg","contentUrl":"https:\/\/meripelastus.fi\/turku\/wp-content\/uploads\/sites\/22\/2019\/05\/DSC_7250_2-3.jpg","width":3439,"height":1875},{"@type":"BreadcrumbList","@id":"https:\/\/meripelastus.fi\/turku\/ole-mukana\/jasentietojen-paivitys\/#breadcrumb","itemListElement":[{"@type":"ListItem","position":1,"name":"Etusivu","item":"https:\/\/meripelastus.fi\/turku\/"},{"@type":"ListItem","position":2,"name":"Ole mukana!","item":"https:\/\/meripelastus.fi\/turku\/ole-mukana\/"},{"@type":"ListItem","position":3,"name":"J\u00e4sentietojen p\u00e4ivitys"}]},{"@type":"WebSite","@id":"https:\/\/meripelastus.fi\/turku\/#website","url":"https:\/\/meripelastus.fi\/turku\/","name":"Turun Meripelastusyhdistys","description":"Vapaaehtoiset apunasi vesill\u00e4","potentialAction":[{"@type":"SearchAction","target":{"@type":"EntryPoint","urlTemplate":"https:\/\/meripelastus.fi\/turku\/?s={search_term_string}"},"query-input":{"@type":"PropertyValueSpecification","valueRequired":true,"valueName":"search_term_string"}}],"inLanguage":"fi"}]}},"_links":{"self":[{"href":"https:\/\/meripelastus.fi\/turku\/wp-json\/wp\/v2\/pages\/294","targetHints":{"allow":["GET"]}}],"collection":[{"href":"https:\/\/meripelastus.fi\/turku\/wp-json\/wp\/v2\/pages"}],"about":[{"href":"https:\/\/meripelastus.fi\/turku\/wp-json\/wp\/v2\/types\/page"}],"author":[{"embeddable":true,"href":"https:\/\/meripelastus.fi\/turku\/wp-json\/wp\/v2\/users\/44"}],"replies":[{"embeddable":true,"href":"https:\/\/meripelastus.fi\/turku\/wp-json\/wp\/v2\/comments?post=294"}],"version-history":[{"count":8,"href":"https:\/\/meripelastus.fi\/turku\/wp-json\/wp\/v2\/pages\/294\/revisions"}],"predecessor-version":[{"id":559,"href":"https:\/\/meripelastus.fi\/turku\/wp-json\/wp\/v2\/pages\/294\/revisions\/559"}],"up":[{"embeddable":true,"href":"https:\/\/meripelastus.fi\/turku\/wp-json\/wp\/v2\/pages\/250"}],"wp:featuredmedia":[{"embeddable":true,"href":"https:\/\/meripelastus.fi\/turku\/wp-json\/wp\/v2\/media\/407"}],"wp:attachment":[{"href":"https:\/\/meripelastus.fi\/turku\/wp-json\/wp\/v2\/media?parent=294"}],"curies":[{"name":"wp","href":"https:\/\/api.w.org\/{rel}","templated":true}]}}