{"id":278,"date":"2019-05-22T20:01:04","date_gmt":"2019-05-22T17:01:04","guid":{"rendered":"https:\/\/meripelastus.fi\/turku-vedos\/?page_id=278"},"modified":"2025-08-22T20:28:54","modified_gmt":"2025-08-22T17:28:54","slug":"miehistoon","status":"publish","type":"page","link":"https:\/\/meripelastus.fi\/turku\/ole-mukana\/miehistoon\/","title":{"rendered":"Miehist\u00f6\u00f6n?"},"content":{"rendered":"<h1>Haluatko mukaan toimintaan?\u00a0<\/h1>\n<p><em>SMPS Turun Meripelastusyhdistys etsii nyt uusia vapaaehtoisia miehist\u00f6nj\u00e4seni\u00e4 meripelastusalusten miehist\u00f6\u00f6n.<\/em><\/p>\n<p>Turun Meripelastusyhdistys j\u00e4rjest\u00e4\u00e4 seuraavan tulokaskoulutuksen loppuvuodesta 2025 alkaen. Tulokaskoulutus kest\u00e4\u00e4 loppukev\u00e4\u00e4seen 2026. Koulutukseen ei rajallisten resurssien takia voida ottaa kaikkia halukkaita, joten osallistujat valitaan kiinnostuneiden joukosta. Mit\u00e4\u00e4n ennakkotietoja tai -taitoja ei koulutukseen otettavilta vaadita, vaan kaikki koulutetaan Suomen Meripelastusseuran koulutusj\u00e4rjestelm\u00e4n mukaisesti. Miehist\u00f6n j\u00e4senelt\u00e4 kuitenkin vaaditaan yli 18 vuoden ik\u00e4\u00e4, uimataitoa sek\u00e4 hyv\u00e4\u00e4 terveytt\u00e4. Tulokaskurssin suorittaminen on ensimm\u00e4inen askel kohti pelastusaluksen h\u00e4lytysmiehist\u00f6\u00e4. Turun Meripelastusyhdistyksen alusten miehist\u00f6\u00f6n ei ole mahdollista p\u00e4\u00e4st\u00e4 tulokaskoulutuksen ulkopuolelta. Valintatilaisuus j\u00e4rjestet\u00e4\u00e4n 25.10.2025 klo 10:00 alkaen. Tilaisuus koostuu lyhyest\u00e4 haastattelusta sek\u00e4 muutamista toiminnallisista teht\u00e4vist\u00e4, joista osa suoritetaan vedess\u00e4 pelastuspukua k\u00e4ytt\u00e4en. Osallistuminen valintatilaisuuteen edellytt\u00e4\u00e4 ilmoittautumista etuk\u00e4teen. Ilmoittaudu mukaan s\u00e4hk\u00f6postitse 13.10.2024 menness\u00e4 osoitteeseen tulokkaat@tmpy.fi. Vastaamme mielell\u00e4mme lis\u00e4kysymyksiin.<\/p>\n<p>Miki &amp; Sonja<\/p>\n<p>Lis\u00e4\u00e4 tietoa toiminnasta voi lukea &#8221;Mukaan vapaaehtoisten pelastusveneiden miehist\u00f6\u00f6n oppaasta&#8221;:<\/p>\n<p>http:\/\/view.24mags.com\/mobilev\/b96aff83a6a4bbbdcfbada9f7d2ead02#\/page=1<\/p>\n\n\n<p><\/p>\n","protected":false},"excerpt":{"rendered":"<p>Haluatko mukaan toimintaan?\u00a0 SMPS Turun Meripelastusyhdistys etsii nyt uusia vapaaehtoisia miehist\u00f6nj\u00e4seni\u00e4 meripelastusalusten miehist\u00f6\u00f6n. Turun Meripelastusyhdistys j\u00e4rjest\u00e4\u00e4 seuraavan tulokaskoulutuksen loppuvuodesta 2025 alkaen. Tulokaskoulutus kest\u00e4\u00e4 loppukev\u00e4\u00e4seen 2026. Koulutukseen ei rajallisten resurssien takia voida ottaa kaikkia halukkaita, joten osallistujat valitaan kiinnostuneiden joukosta. Mit\u00e4\u00e4n ennakkotietoja tai -taitoja ei koulutukseen otettavilta vaadita, vaan kaikki koulutetaan Suomen Meripelastusseuran koulutusj\u00e4rjestelm\u00e4n mukaisesti. Miehist\u00f6n [&hellip;]<\/p>\n","protected":false},"author":44,"featured_media":486,"parent":250,"menu_order":0,"comment_status":"closed","ping_status":"closed","template":"","meta":{"_acf_changed":false,"inline_featured_image":false,"footnotes":""},"class_list":["post-278","page","type-page","status-publish","has-post-thumbnail","hentry"],"acf":[],"yoast_head":"<!-- This site is optimized with the Yoast SEO Premium plugin v27.2 (Yoast SEO v27.2) - https:\/\/yoast.com\/product\/yoast-seo-premium-wordpress\/ -->\n<title>Miehist\u00f6\u00f6n? - Turun Meripelastusyhdistys<\/title>\n<meta name=\"robots\" content=\"index, follow, max-snippet:-1, max-image-preview:large, max-video-preview:-1\" \/>\n<link rel=\"canonical\" href=\"https:\/\/meripelastus.fi\/turku\/ole-mukana\/miehistoon\/\" \/>\n<meta property=\"og:locale\" content=\"fi_FI\" \/>\n<meta property=\"og:type\" content=\"article\" \/>\n<meta property=\"og:title\" content=\"Miehist\u00f6\u00f6n?\" \/>\n<meta property=\"og:description\" content=\"Haluatko mukaan toimintaan?\u00a0 SMPS Turun Meripelastusyhdistys etsii nyt uusia vapaaehtoisia miehist\u00f6nj\u00e4seni\u00e4 meripelastusalusten miehist\u00f6\u00f6n. Turun Meripelastusyhdistys j\u00e4rjest\u00e4\u00e4 seuraavan tulokaskoulutuksen loppuvuodesta 2025 alkaen. Tulokaskoulutus kest\u00e4\u00e4 loppukev\u00e4\u00e4seen 2026. Koulutukseen ei rajallisten resurssien takia voida ottaa kaikkia halukkaita, joten osallistujat valitaan kiinnostuneiden joukosta. Mit\u00e4\u00e4n ennakkotietoja tai -taitoja ei koulutukseen otettavilta vaadita, vaan kaikki koulutetaan Suomen Meripelastusseuran koulutusj\u00e4rjestelm\u00e4n mukaisesti. Miehist\u00f6n [&hellip;]\" \/>\n<meta property=\"og:url\" content=\"https:\/\/meripelastus.fi\/turku\/ole-mukana\/miehistoon\/\" \/>\n<meta property=\"og:site_name\" content=\"Turun Meripelastusyhdistys\" \/>\n<meta property=\"article:modified_time\" content=\"2025-08-22T17:28:54+00:00\" \/>\n<meta property=\"og:image\" content=\"https:\/\/meripelastus.fi\/turku\/wp-content\/uploads\/sites\/22\/2019\/06\/11_1.jpg\" \/>\n\t<meta property=\"og:image:width\" content=\"2666\" \/>\n\t<meta property=\"og:image:height\" content=\"1500\" \/>\n\t<meta property=\"og:image:type\" content=\"image\/jpeg\" \/>\n<meta name=\"twitter:card\" content=\"summary_large_image\" \/>\n<meta name=\"twitter:label1\" content=\"Arvioitu lukuaika\" \/>\n\t<meta name=\"twitter:data1\" content=\"2 minuuttia\" \/>\n<script type=\"application\/ld+json\" class=\"yoast-schema-graph\">{\"@context\":\"https:\/\/schema.org\",\"@graph\":[{\"@type\":\"WebPage\",\"@id\":\"https:\/\/meripelastus.fi\/turku\/ole-mukana\/miehistoon\/\",\"url\":\"https:\/\/meripelastus.fi\/turku\/ole-mukana\/miehistoon\/\",\"name\":\"Miehist\u00f6\u00f6n? - Turun Meripelastusyhdistys\",\"isPartOf\":{\"@id\":\"https:\/\/meripelastus.fi\/turku\/#website\"},\"primaryImageOfPage\":{\"@id\":\"https:\/\/meripelastus.fi\/turku\/ole-mukana\/miehistoon\/#primaryimage\"},\"image\":{\"@id\":\"https:\/\/meripelastus.fi\/turku\/ole-mukana\/miehistoon\/#primaryimage\"},\"thumbnailUrl\":\"https:\/\/meripelastus.fi\/turku\/wp-content\/uploads\/sites\/22\/2019\/06\/11_1.jpg\",\"datePublished\":\"2019-05-22T17:01:04+00:00\",\"dateModified\":\"2025-08-22T17:28:54+00:00\",\"breadcrumb\":{\"@id\":\"https:\/\/meripelastus.fi\/turku\/ole-mukana\/miehistoon\/#breadcrumb\"},\"inLanguage\":\"fi\",\"potentialAction\":[{\"@type\":\"ReadAction\",\"target\":[\"https:\/\/meripelastus.fi\/turku\/ole-mukana\/miehistoon\/\"]}]},{\"@type\":\"ImageObject\",\"inLanguage\":\"fi\",\"@id\":\"https:\/\/meripelastus.fi\/turku\/ole-mukana\/miehistoon\/#primaryimage\",\"url\":\"https:\/\/meripelastus.fi\/turku\/wp-content\/uploads\/sites\/22\/2019\/06\/11_1.jpg\",\"contentUrl\":\"https:\/\/meripelastus.fi\/turku\/wp-content\/uploads\/sites\/22\/2019\/06\/11_1.jpg\",\"width\":2666,\"height\":1500},{\"@type\":\"BreadcrumbList\",\"@id\":\"https:\/\/meripelastus.fi\/turku\/ole-mukana\/miehistoon\/#breadcrumb\",\"itemListElement\":[{\"@type\":\"ListItem\",\"position\":1,\"name\":\"Etusivu\",\"item\":\"https:\/\/meripelastus.fi\/turku\/\"},{\"@type\":\"ListItem\",\"position\":2,\"name\":\"Ole mukana!\",\"item\":\"https:\/\/meripelastus.fi\/turku\/ole-mukana\/\"},{\"@type\":\"ListItem\",\"position\":3,\"name\":\"Miehist\u00f6\u00f6n?\"}]},{\"@type\":\"WebSite\",\"@id\":\"https:\/\/meripelastus.fi\/turku\/#website\",\"url\":\"https:\/\/meripelastus.fi\/turku\/\",\"name\":\"Turun Meripelastusyhdistys\",\"description\":\"Vapaaehtoiset apunasi vesill\u00e4\",\"potentialAction\":[{\"@type\":\"SearchAction\",\"target\":{\"@type\":\"EntryPoint\",\"urlTemplate\":\"https:\/\/meripelastus.fi\/turku\/?s={search_term_string}\"},\"query-input\":{\"@type\":\"PropertyValueSpecification\",\"valueRequired\":true,\"valueName\":\"search_term_string\"}}],\"inLanguage\":\"fi\"}]}<\/script>\n<!-- \/ Yoast SEO Premium plugin. -->","yoast_head_json":{"title":"Miehist\u00f6\u00f6n? - Turun Meripelastusyhdistys","robots":{"index":"index","follow":"follow","max-snippet":"max-snippet:-1","max-image-preview":"max-image-preview:large","max-video-preview":"max-video-preview:-1"},"canonical":"https:\/\/meripelastus.fi\/turku\/ole-mukana\/miehistoon\/","og_locale":"fi_FI","og_type":"article","og_title":"Miehist\u00f6\u00f6n?","og_description":"Haluatko mukaan toimintaan?\u00a0 SMPS Turun Meripelastusyhdistys etsii nyt uusia vapaaehtoisia miehist\u00f6nj\u00e4seni\u00e4 meripelastusalusten miehist\u00f6\u00f6n. Turun Meripelastusyhdistys j\u00e4rjest\u00e4\u00e4 seuraavan tulokaskoulutuksen loppuvuodesta 2025 alkaen. Tulokaskoulutus kest\u00e4\u00e4 loppukev\u00e4\u00e4seen 2026. Koulutukseen ei rajallisten resurssien takia voida ottaa kaikkia halukkaita, joten osallistujat valitaan kiinnostuneiden joukosta. Mit\u00e4\u00e4n ennakkotietoja tai -taitoja ei koulutukseen otettavilta vaadita, vaan kaikki koulutetaan Suomen Meripelastusseuran koulutusj\u00e4rjestelm\u00e4n mukaisesti. Miehist\u00f6n [&hellip;]","og_url":"https:\/\/meripelastus.fi\/turku\/ole-mukana\/miehistoon\/","og_site_name":"Turun Meripelastusyhdistys","article_modified_time":"2025-08-22T17:28:54+00:00","og_image":[{"width":2666,"height":1500,"url":"https:\/\/meripelastus.fi\/turku\/wp-content\/uploads\/sites\/22\/2019\/06\/11_1.jpg","type":"image\/jpeg"}],"twitter_card":"summary_large_image","twitter_misc":{"Arvioitu lukuaika":"2 minuuttia"},"schema":{"@context":"https:\/\/schema.org","@graph":[{"@type":"WebPage","@id":"https:\/\/meripelastus.fi\/turku\/ole-mukana\/miehistoon\/","url":"https:\/\/meripelastus.fi\/turku\/ole-mukana\/miehistoon\/","name":"Miehist\u00f6\u00f6n? - Turun Meripelastusyhdistys","isPartOf":{"@id":"https:\/\/meripelastus.fi\/turku\/#website"},"primaryImageOfPage":{"@id":"https:\/\/meripelastus.fi\/turku\/ole-mukana\/miehistoon\/#primaryimage"},"image":{"@id":"https:\/\/meripelastus.fi\/turku\/ole-mukana\/miehistoon\/#primaryimage"},"thumbnailUrl":"https:\/\/meripelastus.fi\/turku\/wp-content\/uploads\/sites\/22\/2019\/06\/11_1.jpg","datePublished":"2019-05-22T17:01:04+00:00","dateModified":"2025-08-22T17:28:54+00:00","breadcrumb":{"@id":"https:\/\/meripelastus.fi\/turku\/ole-mukana\/miehistoon\/#breadcrumb"},"inLanguage":"fi","potentialAction":[{"@type":"ReadAction","target":["https:\/\/meripelastus.fi\/turku\/ole-mukana\/miehistoon\/"]}]},{"@type":"ImageObject","inLanguage":"fi","@id":"https:\/\/meripelastus.fi\/turku\/ole-mukana\/miehistoon\/#primaryimage","url":"https:\/\/meripelastus.fi\/turku\/wp-content\/uploads\/sites\/22\/2019\/06\/11_1.jpg","contentUrl":"https:\/\/meripelastus.fi\/turku\/wp-content\/uploads\/sites\/22\/2019\/06\/11_1.jpg","width":2666,"height":1500},{"@type":"BreadcrumbList","@id":"https:\/\/meripelastus.fi\/turku\/ole-mukana\/miehistoon\/#breadcrumb","itemListElement":[{"@type":"ListItem","position":1,"name":"Etusivu","item":"https:\/\/meripelastus.fi\/turku\/"},{"@type":"ListItem","position":2,"name":"Ole mukana!","item":"https:\/\/meripelastus.fi\/turku\/ole-mukana\/"},{"@type":"ListItem","position":3,"name":"Miehist\u00f6\u00f6n?"}]},{"@type":"WebSite","@id":"https:\/\/meripelastus.fi\/turku\/#website","url":"https:\/\/meripelastus.fi\/turku\/","name":"Turun Meripelastusyhdistys","description":"Vapaaehtoiset apunasi vesill\u00e4","potentialAction":[{"@type":"SearchAction","target":{"@type":"EntryPoint","urlTemplate":"https:\/\/meripelastus.fi\/turku\/?s={search_term_string}"},"query-input":{"@type":"PropertyValueSpecification","valueRequired":true,"valueName":"search_term_string"}}],"inLanguage":"fi"}]}},"_links":{"self":[{"href":"https:\/\/meripelastus.fi\/turku\/wp-json\/wp\/v2\/pages\/278","targetHints":{"allow":["GET"]}}],"collection":[{"href":"https:\/\/meripelastus.fi\/turku\/wp-json\/wp\/v2\/pages"}],"about":[{"href":"https:\/\/meripelastus.fi\/turku\/wp-json\/wp\/v2\/types\/page"}],"author":[{"embeddable":true,"href":"https:\/\/meripelastus.fi\/turku\/wp-json\/wp\/v2\/users\/44"}],"replies":[{"embeddable":true,"href":"https:\/\/meripelastus.fi\/turku\/wp-json\/wp\/v2\/comments?post=278"}],"version-history":[{"count":19,"href":"https:\/\/meripelastus.fi\/turku\/wp-json\/wp\/v2\/pages\/278\/revisions"}],"predecessor-version":[{"id":997,"href":"https:\/\/meripelastus.fi\/turku\/wp-json\/wp\/v2\/pages\/278\/revisions\/997"}],"up":[{"embeddable":true,"href":"https:\/\/meripelastus.fi\/turku\/wp-json\/wp\/v2\/pages\/250"}],"wp:featuredmedia":[{"embeddable":true,"href":"https:\/\/meripelastus.fi\/turku\/wp-json\/wp\/v2\/media\/486"}],"wp:attachment":[{"href":"https:\/\/meripelastus.fi\/turku\/wp-json\/wp\/v2\/media?parent=278"}],"curies":[{"name":"wp","href":"https:\/\/api.w.org\/{rel}","templated":true}]}}