{"id":276,"date":"2019-05-22T20:00:39","date_gmt":"2019-05-22T17:00:39","guid":{"rendered":"https:\/\/meripelastus.fi\/turku-vedos\/?page_id=276"},"modified":"2021-01-13T17:23:11","modified_gmt":"2021-01-13T15:23:11","slug":"tukijaksi","status":"publish","type":"page","link":"https:\/\/meripelastus.fi\/turku\/ole-mukana\/tukijaksi\/","title":{"rendered":"Tukijaksi"},"content":{"rendered":"<h2><strong>Auta pit\u00e4m\u00e4\u00e4n meripelastajat vesill\u00e4!<\/strong><\/h2>\n<p>Kun p\u00e4ivystysvuorossa olevan vapaaehtoisen meripelastajan puhelin soi, aikaa ei ole hukattavana \u2013 joku tarvitsee vesill\u00e4 apua. Viime vuonna apua sai valtakunnallisesti yli 3000 ihmist\u00e4.<\/p>\n<p>Vaikka vapaaehtoiset tekev\u00e4t ty\u00f6t\u00e4\u00e4n korvauksetta, tarvitaan pelastusalusten ja \u00advarusteiden hankintaan ja yll\u00e4pitoon sek\u00e4 miehist\u00f6jen koulutukseen jatkuvaa rahoitusta.<\/p>\n<p>Yksityisten ihmisten ja yhteis\u00f6jen tuki on toimintamme jatkumisen edellytys. Sin\u00e4kin voit auttaa pit\u00e4m\u00e4\u00e4n meripelastajat vesill\u00e4!<\/p>\n<h3>Sponsorointi tai yhteisty\u00f6<\/h3>\n<p>Edustatko yrityst\u00e4 tai yhteis\u00f6\u00e4, joka olisi kiinnostunut tukemaan Turun Meripelastusyhdistyksen toimintaa tai tekem\u00e4\u00e4n kanssamme yhteisty\u00f6t\u00e4? L\u00e4het\u00e4 meille s\u00e4hk\u00f6postia osoitteeseen yhteistyo(a)tmpy.fi, niin keskustelemme mielell\u00e4mme kanssasi lis\u00e4\u00e4.<\/p>\n<h3>Testamenttilahjoitus<\/h3>\n<p>Testamenttilahjoituksella voit tukea itsellesi t\u00e4rke\u00e4\u00e4 vapaaehtoisty\u00f6t\u00e4 my\u00f6s poismenosi j\u00e4lkeen. Koska yleishy\u00f6dylliselle j\u00e4rjest\u00f6lle testamentatusta omaisuudesta ei tarvitse maksaa perint\u00f6veroa, voimme k\u00e4ytt\u00e4\u00e4 varat t\u00e4ysim\u00e4\u00e4r\u00e4isin\u00e4 meripelastusty\u00f6h\u00f6n. Jos haluat kysy\u00e4 lis\u00e4tietoja testamenttilahjoituksen tekemisest\u00e4, vastaamme mielell\u00e4mme. Voit l\u00e4hett\u00e4\u00e4 s\u00e4hk\u00f6postia osoitteeseen yhteistyo(a)tmpy.fi.<\/p>\n","protected":false},"excerpt":{"rendered":"<p>Auta pit\u00e4m\u00e4\u00e4n meripelastajat vesill\u00e4! Kun p\u00e4ivystysvuorossa olevan vapaaehtoisen meripelastajan puhelin soi, aikaa ei ole hukattavana \u2013 joku tarvitsee vesill\u00e4 apua. Viime vuonna apua sai valtakunnallisesti yli 3000 ihmist\u00e4. Vaikka vapaaehtoiset tekev\u00e4t ty\u00f6t\u00e4\u00e4n korvauksetta, tarvitaan pelastusalusten ja \u00advarusteiden hankintaan ja yll\u00e4pitoon sek\u00e4 miehist\u00f6jen koulutukseen jatkuvaa rahoitusta. Yksityisten ihmisten ja yhteis\u00f6jen tuki on toimintamme jatkumisen edellytys. Sin\u00e4kin [&hellip;]<\/p>\n","protected":false},"author":44,"featured_media":483,"parent":250,"menu_order":0,"comment_status":"closed","ping_status":"closed","template":"","meta":{"_acf_changed":false,"inline_featured_image":false,"footnotes":""},"class_list":["post-276","page","type-page","status-publish","has-post-thumbnail","hentry"],"acf":[],"yoast_head":"<!-- This site is optimized with the Yoast SEO Premium plugin v27.2 (Yoast SEO v27.2) - https:\/\/yoast.com\/product\/yoast-seo-premium-wordpress\/ -->\n<title>Tukijaksi - Turun Meripelastusyhdistys<\/title>\n<meta name=\"robots\" content=\"index, follow, max-snippet:-1, max-image-preview:large, max-video-preview:-1\" \/>\n<link rel=\"canonical\" href=\"https:\/\/meripelastus.fi\/turku\/ole-mukana\/tukijaksi\/\" \/>\n<meta property=\"og:locale\" content=\"fi_FI\" \/>\n<meta property=\"og:type\" content=\"article\" \/>\n<meta property=\"og:title\" content=\"Tukijaksi\" \/>\n<meta property=\"og:description\" content=\"Auta pit\u00e4m\u00e4\u00e4n meripelastajat vesill\u00e4! Kun p\u00e4ivystysvuorossa olevan vapaaehtoisen meripelastajan puhelin soi, aikaa ei ole hukattavana \u2013 joku tarvitsee vesill\u00e4 apua. Viime vuonna apua sai valtakunnallisesti yli 3000 ihmist\u00e4. Vaikka vapaaehtoiset tekev\u00e4t ty\u00f6t\u00e4\u00e4n korvauksetta, tarvitaan pelastusalusten ja \u00advarusteiden hankintaan ja yll\u00e4pitoon sek\u00e4 miehist\u00f6jen koulutukseen jatkuvaa rahoitusta. Yksityisten ihmisten ja yhteis\u00f6jen tuki on toimintamme jatkumisen edellytys. Sin\u00e4kin [&hellip;]\" \/>\n<meta property=\"og:url\" content=\"https:\/\/meripelastus.fi\/turku\/ole-mukana\/tukijaksi\/\" \/>\n<meta property=\"og:site_name\" content=\"Turun Meripelastusyhdistys\" \/>\n<meta property=\"article:modified_time\" content=\"2021-01-13T15:23:11+00:00\" \/>\n<meta property=\"og:image\" content=\"https:\/\/meripelastus.fi\/turku\/wp-content\/uploads\/sites\/22\/2019\/06\/kansikuva-2.jpg\" \/>\n\t<meta property=\"og:image:width\" content=\"3868\" \/>\n\t<meta property=\"og:image:height\" content=\"2176\" \/>\n\t<meta property=\"og:image:type\" content=\"image\/jpeg\" \/>\n<meta name=\"twitter:card\" content=\"summary_large_image\" \/>\n<meta name=\"twitter:label1\" content=\"Arvioitu lukuaika\" \/>\n\t<meta name=\"twitter:data1\" content=\"1 minuutti\" \/>\n<script type=\"application\/ld+json\" class=\"yoast-schema-graph\">{\"@context\":\"https:\/\/schema.org\",\"@graph\":[{\"@type\":\"WebPage\",\"@id\":\"https:\/\/meripelastus.fi\/turku\/ole-mukana\/tukijaksi\/\",\"url\":\"https:\/\/meripelastus.fi\/turku\/ole-mukana\/tukijaksi\/\",\"name\":\"Tukijaksi - Turun Meripelastusyhdistys\",\"isPartOf\":{\"@id\":\"https:\/\/meripelastus.fi\/turku\/#website\"},\"primaryImageOfPage\":{\"@id\":\"https:\/\/meripelastus.fi\/turku\/ole-mukana\/tukijaksi\/#primaryimage\"},\"image\":{\"@id\":\"https:\/\/meripelastus.fi\/turku\/ole-mukana\/tukijaksi\/#primaryimage\"},\"thumbnailUrl\":\"https:\/\/meripelastus.fi\/turku\/wp-content\/uploads\/sites\/22\/2019\/06\/kansikuva-2.jpg\",\"datePublished\":\"2019-05-22T17:00:39+00:00\",\"dateModified\":\"2021-01-13T15:23:11+00:00\",\"breadcrumb\":{\"@id\":\"https:\/\/meripelastus.fi\/turku\/ole-mukana\/tukijaksi\/#breadcrumb\"},\"inLanguage\":\"fi\",\"potentialAction\":[{\"@type\":\"ReadAction\",\"target\":[\"https:\/\/meripelastus.fi\/turku\/ole-mukana\/tukijaksi\/\"]}]},{\"@type\":\"ImageObject\",\"inLanguage\":\"fi\",\"@id\":\"https:\/\/meripelastus.fi\/turku\/ole-mukana\/tukijaksi\/#primaryimage\",\"url\":\"https:\/\/meripelastus.fi\/turku\/wp-content\/uploads\/sites\/22\/2019\/06\/kansikuva-2.jpg\",\"contentUrl\":\"https:\/\/meripelastus.fi\/turku\/wp-content\/uploads\/sites\/22\/2019\/06\/kansikuva-2.jpg\",\"width\":3868,\"height\":2176},{\"@type\":\"BreadcrumbList\",\"@id\":\"https:\/\/meripelastus.fi\/turku\/ole-mukana\/tukijaksi\/#breadcrumb\",\"itemListElement\":[{\"@type\":\"ListItem\",\"position\":1,\"name\":\"Etusivu\",\"item\":\"https:\/\/meripelastus.fi\/turku\/\"},{\"@type\":\"ListItem\",\"position\":2,\"name\":\"Ole mukana!\",\"item\":\"https:\/\/meripelastus.fi\/turku\/ole-mukana\/\"},{\"@type\":\"ListItem\",\"position\":3,\"name\":\"Tukijaksi\"}]},{\"@type\":\"WebSite\",\"@id\":\"https:\/\/meripelastus.fi\/turku\/#website\",\"url\":\"https:\/\/meripelastus.fi\/turku\/\",\"name\":\"Turun Meripelastusyhdistys\",\"description\":\"Vapaaehtoiset apunasi vesill\u00e4\",\"potentialAction\":[{\"@type\":\"SearchAction\",\"target\":{\"@type\":\"EntryPoint\",\"urlTemplate\":\"https:\/\/meripelastus.fi\/turku\/?s={search_term_string}\"},\"query-input\":{\"@type\":\"PropertyValueSpecification\",\"valueRequired\":true,\"valueName\":\"search_term_string\"}}],\"inLanguage\":\"fi\"}]}<\/script>\n<!-- \/ Yoast SEO Premium plugin. -->","yoast_head_json":{"title":"Tukijaksi - Turun Meripelastusyhdistys","robots":{"index":"index","follow":"follow","max-snippet":"max-snippet:-1","max-image-preview":"max-image-preview:large","max-video-preview":"max-video-preview:-1"},"canonical":"https:\/\/meripelastus.fi\/turku\/ole-mukana\/tukijaksi\/","og_locale":"fi_FI","og_type":"article","og_title":"Tukijaksi","og_description":"Auta pit\u00e4m\u00e4\u00e4n meripelastajat vesill\u00e4! Kun p\u00e4ivystysvuorossa olevan vapaaehtoisen meripelastajan puhelin soi, aikaa ei ole hukattavana \u2013 joku tarvitsee vesill\u00e4 apua. Viime vuonna apua sai valtakunnallisesti yli 3000 ihmist\u00e4. Vaikka vapaaehtoiset tekev\u00e4t ty\u00f6t\u00e4\u00e4n korvauksetta, tarvitaan pelastusalusten ja \u00advarusteiden hankintaan ja yll\u00e4pitoon sek\u00e4 miehist\u00f6jen koulutukseen jatkuvaa rahoitusta. Yksityisten ihmisten ja yhteis\u00f6jen tuki on toimintamme jatkumisen edellytys. Sin\u00e4kin [&hellip;]","og_url":"https:\/\/meripelastus.fi\/turku\/ole-mukana\/tukijaksi\/","og_site_name":"Turun Meripelastusyhdistys","article_modified_time":"2021-01-13T15:23:11+00:00","og_image":[{"width":3868,"height":2176,"url":"https:\/\/meripelastus.fi\/turku\/wp-content\/uploads\/sites\/22\/2019\/06\/kansikuva-2.jpg","type":"image\/jpeg"}],"twitter_card":"summary_large_image","twitter_misc":{"Arvioitu lukuaika":"1 minuutti"},"schema":{"@context":"https:\/\/schema.org","@graph":[{"@type":"WebPage","@id":"https:\/\/meripelastus.fi\/turku\/ole-mukana\/tukijaksi\/","url":"https:\/\/meripelastus.fi\/turku\/ole-mukana\/tukijaksi\/","name":"Tukijaksi - Turun Meripelastusyhdistys","isPartOf":{"@id":"https:\/\/meripelastus.fi\/turku\/#website"},"primaryImageOfPage":{"@id":"https:\/\/meripelastus.fi\/turku\/ole-mukana\/tukijaksi\/#primaryimage"},"image":{"@id":"https:\/\/meripelastus.fi\/turku\/ole-mukana\/tukijaksi\/#primaryimage"},"thumbnailUrl":"https:\/\/meripelastus.fi\/turku\/wp-content\/uploads\/sites\/22\/2019\/06\/kansikuva-2.jpg","datePublished":"2019-05-22T17:00:39+00:00","dateModified":"2021-01-13T15:23:11+00:00","breadcrumb":{"@id":"https:\/\/meripelastus.fi\/turku\/ole-mukana\/tukijaksi\/#breadcrumb"},"inLanguage":"fi","potentialAction":[{"@type":"ReadAction","target":["https:\/\/meripelastus.fi\/turku\/ole-mukana\/tukijaksi\/"]}]},{"@type":"ImageObject","inLanguage":"fi","@id":"https:\/\/meripelastus.fi\/turku\/ole-mukana\/tukijaksi\/#primaryimage","url":"https:\/\/meripelastus.fi\/turku\/wp-content\/uploads\/sites\/22\/2019\/06\/kansikuva-2.jpg","contentUrl":"https:\/\/meripelastus.fi\/turku\/wp-content\/uploads\/sites\/22\/2019\/06\/kansikuva-2.jpg","width":3868,"height":2176},{"@type":"BreadcrumbList","@id":"https:\/\/meripelastus.fi\/turku\/ole-mukana\/tukijaksi\/#breadcrumb","itemListElement":[{"@type":"ListItem","position":1,"name":"Etusivu","item":"https:\/\/meripelastus.fi\/turku\/"},{"@type":"ListItem","position":2,"name":"Ole mukana!","item":"https:\/\/meripelastus.fi\/turku\/ole-mukana\/"},{"@type":"ListItem","position":3,"name":"Tukijaksi"}]},{"@type":"WebSite","@id":"https:\/\/meripelastus.fi\/turku\/#website","url":"https:\/\/meripelastus.fi\/turku\/","name":"Turun Meripelastusyhdistys","description":"Vapaaehtoiset apunasi vesill\u00e4","potentialAction":[{"@type":"SearchAction","target":{"@type":"EntryPoint","urlTemplate":"https:\/\/meripelastus.fi\/turku\/?s={search_term_string}"},"query-input":{"@type":"PropertyValueSpecification","valueRequired":true,"valueName":"search_term_string"}}],"inLanguage":"fi"}]}},"_links":{"self":[{"href":"https:\/\/meripelastus.fi\/turku\/wp-json\/wp\/v2\/pages\/276","targetHints":{"allow":["GET"]}}],"collection":[{"href":"https:\/\/meripelastus.fi\/turku\/wp-json\/wp\/v2\/pages"}],"about":[{"href":"https:\/\/meripelastus.fi\/turku\/wp-json\/wp\/v2\/types\/page"}],"author":[{"embeddable":true,"href":"https:\/\/meripelastus.fi\/turku\/wp-json\/wp\/v2\/users\/44"}],"replies":[{"embeddable":true,"href":"https:\/\/meripelastus.fi\/turku\/wp-json\/wp\/v2\/comments?post=276"}],"version-history":[{"count":19,"href":"https:\/\/meripelastus.fi\/turku\/wp-json\/wp\/v2\/pages\/276\/revisions"}],"predecessor-version":[{"id":746,"href":"https:\/\/meripelastus.fi\/turku\/wp-json\/wp\/v2\/pages\/276\/revisions\/746"}],"up":[{"embeddable":true,"href":"https:\/\/meripelastus.fi\/turku\/wp-json\/wp\/v2\/pages\/250"}],"wp:featuredmedia":[{"embeddable":true,"href":"https:\/\/meripelastus.fi\/turku\/wp-json\/wp\/v2\/media\/483"}],"wp:attachment":[{"href":"https:\/\/meripelastus.fi\/turku\/wp-json\/wp\/v2\/media?parent=276"}],"curies":[{"name":"wp","href":"https:\/\/api.w.org\/{rel}","templated":true}]}}