{"id":274,"date":"2019-05-22T20:00:20","date_gmt":"2019-05-22T17:00:20","guid":{"rendered":"https:\/\/meripelastus.fi\/turku-vedos\/?page_id=274"},"modified":"2026-02-06T13:09:32","modified_gmt":"2026-02-06T11:09:32","slug":"trossi","status":"publish","type":"page","link":"https:\/\/meripelastus.fi\/turku\/ole-mukana\/trossi\/","title":{"rendered":"J\u00c4SENPALVELUMME"},"content":{"rendered":"\n<h2 class=\"wp-block-heading\" id=\"h-meripelastusseura-plus-ja-meripelastusseura-premium\">Meripelastusseura plus ja meripelastusseura premium<\/h2>\n\n\n\n<p><strong>Ihmiset pelastetaan vesill\u00e4 aina korvauksetta, mutta veneen kiireett\u00f6m\u00e4st\u00e4 siirrosta turvaan joudutaan yleens\u00e4 perim\u00e4\u00e4n kulukorvaus. Summa voi nousta satoihin euroihin. Hankkimalla Meripelastusseuran Plus-j\u00e4senpalvelun varmistat veneellesi avun j\u00e4senetuna silloinkin, kun ihmisi\u00e4 ei ole vaarassa. Premium-j\u00e4senpalvelu takaa saman avun kaikille veneillesi, my\u00f6s perheesi yhteisk\u00e4yt\u00f6ss\u00e4, sek\u00e4 sinulle veneilless\u00e4si jonkun muun omistamalla veneell\u00e4. J\u00e4senen\u00e4 tuet my\u00f6s vapaaehtoista meripelastusty\u00f6t\u00e4.<\/strong><\/p>\n\n\n\n<p><\/p>\n\n\n\n<h2 class=\"wp-block-heading\">Plus- j\u00e4senpalvelu<\/h2>\n\n\n\n<p><img loading=\"lazy\" decoding=\"async\" src=\"https:\/\/meripelastus.fi\/wp-content\/uploads\/2025\/12\/plus.png\" alt=\"Plus\" width=\"177\" height=\"86\"><\/p>\n\n\n\n<h3 class=\"wp-block-heading\">98\u20ac\/vuosi<\/h3>\n\n\n\n<h4 class=\"wp-block-heading\">Plus-<br>j\u00e4senpalvelu<\/h4>\n\n\n\n<p>Kun tarvitset turvaa yhdelle omistamallesi veneelle.<\/p>\n\n\n\n<ul class=\"wp-block-list\">\n<li>Kiireet\u00f6n apu veneellesi 1.5.-31.10.<\/li>\n\n\n\n<li>J\u00e4senpalvelu on k\u00e4yt\u00f6ss\u00e4 yhdelle omistamallesi veneelle.<\/li>\n\n\n\n<li>J\u00e4senpalvelu on voimassa ollessasi itse mukana veneess\u00e4.<\/li>\n\n\n\n<li><a href=\"https:\/\/meripelastus.fi\/jaseneksi\/#liity\">Liity Plus-j\u00e4seneksi<\/a><\/li>\n<\/ul>\n\n\n\n<h2 class=\"wp-block-heading\">Premium- j\u00e4senpalvelu<\/h2>\n\n\n\n<p><img loading=\"lazy\" decoding=\"async\" src=\"https:\/\/meripelastus.fi\/wp-content\/uploads\/2025\/12\/premium.png\" alt=\"Premium\" width=\"273\" height=\"86\"><\/p>\n\n\n\n<h3 class=\"wp-block-heading\">148\u20ac\/vuosi<\/h3>\n\n\n\n<h4 class=\"wp-block-heading\">Premium-<br>j\u00e4senpalvelu<\/h4>\n\n\n\n<p>Kun omistat useamman veneen ja haluat turvaa kaikille venematkoillesi.<\/p>\n\n\n\n<ul class=\"wp-block-list\">\n<li>Kiireet\u00f6n apu veneillesi ja venematkoillesi 1.5.-31.10.<\/li>\n\n\n\n<li>Kattaa veneesi ja venematkasi riippumatta, kenen omistamalla veneell\u00e4 liikut.<\/li>\n\n\n\n<li>Kattaa my\u00f6s perhe- ja yhteisk\u00e4yt\u00f6n.<\/li>\n<\/ul>\n\n\n\n<h5 class=\"wp-block-heading\" id=\"h-meripelastusseuran-jasenpalvelu-turvanasi\">Meripelastusseuran j\u00e4senpalvelu turvanasi<\/h5>\n\n\n\n<p>Meripelastusseuran Plus- ja Premium-j\u00e4senpalvelut varmistavat venematkallesi avun kiireett\u00f6miss\u00e4kin ongelmatilanteissa. Plus-tason j\u00e4senmaksu on vain 98 \u20ac kalenterivuodessa. Laajemman turvan tarjoavan Premium-j\u00e4senpalvelun hinta on 148 \u20ac. Ilman j\u00e4senpalvelua yksi veneen hinaus maksaa keskim\u00e4\u00e4rin noin 450 euroa.<\/p>\n\n\n\n<p>J\u00e4senpalveluun voit liitt\u00e4\u00e4 huvivenedirektiivin mukaisen huviveneen tai vesiskootterin. Vastaava palvelu on saatavilla Suomen lis\u00e4ksi Ruotsissa ja Norjassa sek\u00e4 osin my\u00f6s Tanskassa. J\u00e4senyys alkaa heti laskun maksettuasi. Liimaa veneeseen saamasi venetarra ja pid\u00e4 j\u00e4senkortti (tai j\u00e4sennumero) mukanasi aina veneilless\u00e4.<\/p>\n\n\n\n<p><a href=\"https:\/\/meripelastus.fi\/jasenyys\/ehdot\/\">Tutustu j\u00e4senpalvelun ehtoihin<\/a><\/p>\n\n\n<p><a class=\"link-arrow\" href=\"https:\/\/meripelastus.fi\/jasenyys\/liittymislomakkeet\/\">Liity nyt!<\/a><\/p>\n\n\n<ul class=\"wp-block-list\">\n<li><img loading=\"lazy\" decoding=\"async\" width=\"33\" height=\"36\" src=\"https:\/\/meripelastus.fi\/wp-content\/uploads\/2025\/12\/noun-knot.png\" alt=\"Solmuikoni\"><strong>Maksuton hinaus satamaan, jossa korjauspalveluita<\/strong><\/li>\n\n\n\n<li><img loading=\"lazy\" decoding=\"async\" width=\"31\" height=\"35\" src=\"https:\/\/meripelastus.fi\/wp-content\/uploads\/2025\/12\/noun-tool.png\" alt=\"Ty\u00f6kaluikoni\"><strong>Apua korjaajan ja v\u00e4liaikaisen s\u00e4ilytyspaikan hankinnassa<\/strong><\/li>\n\n\n\n<li><img loading=\"lazy\" decoding=\"async\" width=\"38\" height=\"37\" src=\"https:\/\/meripelastus.fi\/wp-content\/uploads\/2025\/12\/noun-id-card.png\" alt=\"Kortti-ikoni\"><strong>Saat digitaalisen j\u00e4senkortin ja venetarran<\/strong><\/li>\n\n\n\n<li><img loading=\"lazy\" decoding=\"async\" width=\"35\" height=\"38\" src=\"https:\/\/meripelastus.fi\/wp-content\/uploads\/2025\/12\/noun-book.png\" alt=\"Kirjaikoni\"><strong>J\u00e4senlehti 2 kertaa vuodessa<\/strong><\/li>\n\n\n\n<li><img loading=\"lazy\" decoding=\"async\" width=\"33\" height=\"37\" src=\"https:\/\/meripelastus.fi\/wp-content\/uploads\/2025\/12\/noun-add-phone.png\" alt=\"Puhelin\"><strong>Kattavat j\u00e4senedut.<\/strong><\/li>\n<\/ul>\n\n\n\n<p><\/p>\n","protected":false},"excerpt":{"rendered":"<p>Meripelastusseura plus ja meripelastusseura premium Ihmiset pelastetaan vesill\u00e4 aina korvauksetta, mutta veneen kiireett\u00f6m\u00e4st\u00e4 siirrosta turvaan joudutaan yleens\u00e4 perim\u00e4\u00e4n kulukorvaus. Summa voi nousta satoihin euroihin. Hankkimalla Meripelastusseuran Plus-j\u00e4senpalvelun varmistat veneellesi avun j\u00e4senetuna silloinkin, kun ihmisi\u00e4 ei ole vaarassa. Premium-j\u00e4senpalvelu takaa saman avun kaikille veneillesi, my\u00f6s perheesi yhteisk\u00e4yt\u00f6ss\u00e4, sek\u00e4 sinulle veneilless\u00e4si jonkun muun omistamalla veneell\u00e4. J\u00e4senen\u00e4 tuet [&hellip;]<\/p>\n","protected":false},"author":44,"featured_media":468,"parent":250,"menu_order":0,"comment_status":"closed","ping_status":"closed","template":"","meta":{"_acf_changed":false,"inline_featured_image":false,"footnotes":""},"class_list":["post-274","page","type-page","status-publish","has-post-thumbnail","hentry"],"acf":[],"yoast_head":"<!-- This site is optimized with the Yoast SEO Premium plugin v27.2 (Yoast SEO v27.2) - https:\/\/yoast.com\/product\/yoast-seo-premium-wordpress\/ -->\n<title>J\u00c4SENPALVELUMME - Turun Meripelastusyhdistys<\/title>\n<meta name=\"robots\" content=\"index, follow, max-snippet:-1, max-image-preview:large, max-video-preview:-1\" \/>\n<link rel=\"canonical\" href=\"https:\/\/meripelastus.fi\/turku\/ole-mukana\/trossi\/\" \/>\n<meta property=\"og:locale\" content=\"fi_FI\" \/>\n<meta property=\"og:type\" content=\"article\" \/>\n<meta property=\"og:title\" content=\"J\u00c4SENPALVELUMME\" \/>\n<meta property=\"og:description\" content=\"Meripelastusseura plus ja meripelastusseura premium Ihmiset pelastetaan vesill\u00e4 aina korvauksetta, mutta veneen kiireett\u00f6m\u00e4st\u00e4 siirrosta turvaan joudutaan yleens\u00e4 perim\u00e4\u00e4n kulukorvaus. Summa voi nousta satoihin euroihin. Hankkimalla Meripelastusseuran Plus-j\u00e4senpalvelun varmistat veneellesi avun j\u00e4senetuna silloinkin, kun ihmisi\u00e4 ei ole vaarassa. Premium-j\u00e4senpalvelu takaa saman avun kaikille veneillesi, my\u00f6s perheesi yhteisk\u00e4yt\u00f6ss\u00e4, sek\u00e4 sinulle veneilless\u00e4si jonkun muun omistamalla veneell\u00e4. J\u00e4senen\u00e4 tuet [&hellip;]\" \/>\n<meta property=\"og:url\" content=\"https:\/\/meripelastus.fi\/turku\/ole-mukana\/trossi\/\" \/>\n<meta property=\"og:site_name\" content=\"Turun Meripelastusyhdistys\" \/>\n<meta property=\"article:modified_time\" content=\"2026-02-06T11:09:32+00:00\" \/>\n<meta property=\"og:image\" content=\"https:\/\/meripelastus.fi\/turku\/wp-content\/uploads\/sites\/22\/2019\/06\/2.jpg\" \/>\n\t<meta property=\"og:image:width\" content=\"2454\" \/>\n\t<meta property=\"og:image:height\" content=\"1629\" \/>\n\t<meta property=\"og:image:type\" content=\"image\/jpeg\" \/>\n<meta name=\"twitter:card\" content=\"summary_large_image\" \/>\n<meta name=\"twitter:label1\" content=\"Arvioitu lukuaika\" \/>\n\t<meta name=\"twitter:data1\" content=\"3 minuuttia\" \/>\n<script type=\"application\/ld+json\" class=\"yoast-schema-graph\">{\"@context\":\"https:\/\/schema.org\",\"@graph\":[{\"@type\":\"WebPage\",\"@id\":\"https:\/\/meripelastus.fi\/turku\/ole-mukana\/trossi\/\",\"url\":\"https:\/\/meripelastus.fi\/turku\/ole-mukana\/trossi\/\",\"name\":\"J\u00c4SENPALVELUMME - Turun Meripelastusyhdistys\",\"isPartOf\":{\"@id\":\"https:\/\/meripelastus.fi\/turku\/#website\"},\"primaryImageOfPage\":{\"@id\":\"https:\/\/meripelastus.fi\/turku\/ole-mukana\/trossi\/#primaryimage\"},\"image\":{\"@id\":\"https:\/\/meripelastus.fi\/turku\/ole-mukana\/trossi\/#primaryimage\"},\"thumbnailUrl\":\"https:\/\/meripelastus.fi\/turku\/wp-content\/uploads\/sites\/22\/2019\/06\/2.jpg\",\"datePublished\":\"2019-05-22T17:00:20+00:00\",\"dateModified\":\"2026-02-06T11:09:32+00:00\",\"breadcrumb\":{\"@id\":\"https:\/\/meripelastus.fi\/turku\/ole-mukana\/trossi\/#breadcrumb\"},\"inLanguage\":\"fi\",\"potentialAction\":[{\"@type\":\"ReadAction\",\"target\":[\"https:\/\/meripelastus.fi\/turku\/ole-mukana\/trossi\/\"]}]},{\"@type\":\"ImageObject\",\"inLanguage\":\"fi\",\"@id\":\"https:\/\/meripelastus.fi\/turku\/ole-mukana\/trossi\/#primaryimage\",\"url\":\"https:\/\/meripelastus.fi\/turku\/wp-content\/uploads\/sites\/22\/2019\/06\/2.jpg\",\"contentUrl\":\"https:\/\/meripelastus.fi\/turku\/wp-content\/uploads\/sites\/22\/2019\/06\/2.jpg\",\"width\":2454,\"height\":1629},{\"@type\":\"BreadcrumbList\",\"@id\":\"https:\/\/meripelastus.fi\/turku\/ole-mukana\/trossi\/#breadcrumb\",\"itemListElement\":[{\"@type\":\"ListItem\",\"position\":1,\"name\":\"Etusivu\",\"item\":\"https:\/\/meripelastus.fi\/turku\/\"},{\"@type\":\"ListItem\",\"position\":2,\"name\":\"Ole mukana!\",\"item\":\"https:\/\/meripelastus.fi\/turku\/ole-mukana\/\"},{\"@type\":\"ListItem\",\"position\":3,\"name\":\"J\u00c4SENPALVELUMME\"}]},{\"@type\":\"WebSite\",\"@id\":\"https:\/\/meripelastus.fi\/turku\/#website\",\"url\":\"https:\/\/meripelastus.fi\/turku\/\",\"name\":\"Turun Meripelastusyhdistys\",\"description\":\"Vapaaehtoiset apunasi vesill\u00e4\",\"potentialAction\":[{\"@type\":\"SearchAction\",\"target\":{\"@type\":\"EntryPoint\",\"urlTemplate\":\"https:\/\/meripelastus.fi\/turku\/?s={search_term_string}\"},\"query-input\":{\"@type\":\"PropertyValueSpecification\",\"valueRequired\":true,\"valueName\":\"search_term_string\"}}],\"inLanguage\":\"fi\"}]}<\/script>\n<!-- \/ Yoast SEO Premium plugin. -->","yoast_head_json":{"title":"J\u00c4SENPALVELUMME - Turun Meripelastusyhdistys","robots":{"index":"index","follow":"follow","max-snippet":"max-snippet:-1","max-image-preview":"max-image-preview:large","max-video-preview":"max-video-preview:-1"},"canonical":"https:\/\/meripelastus.fi\/turku\/ole-mukana\/trossi\/","og_locale":"fi_FI","og_type":"article","og_title":"J\u00c4SENPALVELUMME","og_description":"Meripelastusseura plus ja meripelastusseura premium Ihmiset pelastetaan vesill\u00e4 aina korvauksetta, mutta veneen kiireett\u00f6m\u00e4st\u00e4 siirrosta turvaan joudutaan yleens\u00e4 perim\u00e4\u00e4n kulukorvaus. Summa voi nousta satoihin euroihin. Hankkimalla Meripelastusseuran Plus-j\u00e4senpalvelun varmistat veneellesi avun j\u00e4senetuna silloinkin, kun ihmisi\u00e4 ei ole vaarassa. Premium-j\u00e4senpalvelu takaa saman avun kaikille veneillesi, my\u00f6s perheesi yhteisk\u00e4yt\u00f6ss\u00e4, sek\u00e4 sinulle veneilless\u00e4si jonkun muun omistamalla veneell\u00e4. J\u00e4senen\u00e4 tuet [&hellip;]","og_url":"https:\/\/meripelastus.fi\/turku\/ole-mukana\/trossi\/","og_site_name":"Turun Meripelastusyhdistys","article_modified_time":"2026-02-06T11:09:32+00:00","og_image":[{"width":2454,"height":1629,"url":"https:\/\/meripelastus.fi\/turku\/wp-content\/uploads\/sites\/22\/2019\/06\/2.jpg","type":"image\/jpeg"}],"twitter_card":"summary_large_image","twitter_misc":{"Arvioitu lukuaika":"3 minuuttia"},"schema":{"@context":"https:\/\/schema.org","@graph":[{"@type":"WebPage","@id":"https:\/\/meripelastus.fi\/turku\/ole-mukana\/trossi\/","url":"https:\/\/meripelastus.fi\/turku\/ole-mukana\/trossi\/","name":"J\u00c4SENPALVELUMME - Turun Meripelastusyhdistys","isPartOf":{"@id":"https:\/\/meripelastus.fi\/turku\/#website"},"primaryImageOfPage":{"@id":"https:\/\/meripelastus.fi\/turku\/ole-mukana\/trossi\/#primaryimage"},"image":{"@id":"https:\/\/meripelastus.fi\/turku\/ole-mukana\/trossi\/#primaryimage"},"thumbnailUrl":"https:\/\/meripelastus.fi\/turku\/wp-content\/uploads\/sites\/22\/2019\/06\/2.jpg","datePublished":"2019-05-22T17:00:20+00:00","dateModified":"2026-02-06T11:09:32+00:00","breadcrumb":{"@id":"https:\/\/meripelastus.fi\/turku\/ole-mukana\/trossi\/#breadcrumb"},"inLanguage":"fi","potentialAction":[{"@type":"ReadAction","target":["https:\/\/meripelastus.fi\/turku\/ole-mukana\/trossi\/"]}]},{"@type":"ImageObject","inLanguage":"fi","@id":"https:\/\/meripelastus.fi\/turku\/ole-mukana\/trossi\/#primaryimage","url":"https:\/\/meripelastus.fi\/turku\/wp-content\/uploads\/sites\/22\/2019\/06\/2.jpg","contentUrl":"https:\/\/meripelastus.fi\/turku\/wp-content\/uploads\/sites\/22\/2019\/06\/2.jpg","width":2454,"height":1629},{"@type":"BreadcrumbList","@id":"https:\/\/meripelastus.fi\/turku\/ole-mukana\/trossi\/#breadcrumb","itemListElement":[{"@type":"ListItem","position":1,"name":"Etusivu","item":"https:\/\/meripelastus.fi\/turku\/"},{"@type":"ListItem","position":2,"name":"Ole mukana!","item":"https:\/\/meripelastus.fi\/turku\/ole-mukana\/"},{"@type":"ListItem","position":3,"name":"J\u00c4SENPALVELUMME"}]},{"@type":"WebSite","@id":"https:\/\/meripelastus.fi\/turku\/#website","url":"https:\/\/meripelastus.fi\/turku\/","name":"Turun Meripelastusyhdistys","description":"Vapaaehtoiset apunasi vesill\u00e4","potentialAction":[{"@type":"SearchAction","target":{"@type":"EntryPoint","urlTemplate":"https:\/\/meripelastus.fi\/turku\/?s={search_term_string}"},"query-input":{"@type":"PropertyValueSpecification","valueRequired":true,"valueName":"search_term_string"}}],"inLanguage":"fi"}]}},"_links":{"self":[{"href":"https:\/\/meripelastus.fi\/turku\/wp-json\/wp\/v2\/pages\/274","targetHints":{"allow":["GET"]}}],"collection":[{"href":"https:\/\/meripelastus.fi\/turku\/wp-json\/wp\/v2\/pages"}],"about":[{"href":"https:\/\/meripelastus.fi\/turku\/wp-json\/wp\/v2\/types\/page"}],"author":[{"embeddable":true,"href":"https:\/\/meripelastus.fi\/turku\/wp-json\/wp\/v2\/users\/44"}],"replies":[{"embeddable":true,"href":"https:\/\/meripelastus.fi\/turku\/wp-json\/wp\/v2\/comments?post=274"}],"version-history":[{"count":10,"href":"https:\/\/meripelastus.fi\/turku\/wp-json\/wp\/v2\/pages\/274\/revisions"}],"predecessor-version":[{"id":1028,"href":"https:\/\/meripelastus.fi\/turku\/wp-json\/wp\/v2\/pages\/274\/revisions\/1028"}],"up":[{"embeddable":true,"href":"https:\/\/meripelastus.fi\/turku\/wp-json\/wp\/v2\/pages\/250"}],"wp:featuredmedia":[{"embeddable":true,"href":"https:\/\/meripelastus.fi\/turku\/wp-json\/wp\/v2\/media\/468"}],"wp:attachment":[{"href":"https:\/\/meripelastus.fi\/turku\/wp-json\/wp\/v2\/media?parent=274"}],"curies":[{"name":"wp","href":"https:\/\/api.w.org\/{rel}","templated":true}]}}