{"id":272,"date":"2019-05-22T20:00:03","date_gmt":"2019-05-22T17:00:03","guid":{"rendered":"https:\/\/meripelastus.fi\/turku-vedos\/?page_id=272"},"modified":"2025-03-11T20:29:08","modified_gmt":"2025-03-11T18:29:08","slug":"jaseneksi","status":"publish","type":"page","link":"https:\/\/meripelastus.fi\/turku\/ole-mukana\/jaseneksi\/","title":{"rendered":"J\u00e4seneksi"},"content":{"rendered":"<h3>Haluatko olla mukana tukemassa vapaaehtoista meripelastusty\u00f6t\u00e4 Saaristomerell\u00e4?<\/h3>\n<p>Turun Meripelastusyhdistyksen toiminta rahoitetaan ensisijaisesti j\u00e4senmaksuilla ja lahjoituksilla. Liittym\u00e4ll\u00e4 j\u00e4seneksi olet mukana edist\u00e4m\u00e4ss\u00e4 veneilyturvallisuutta ja varmistamassa, ett\u00e4 vapaaehtoinen meripelastusty\u00f6 jatkuu alueellamme elinvoimaisena my\u00f6s tulevaisuudessa.\u00a0<\/p>\n<p>Yhdistyksen j\u00e4senen\u00e4 sinulla on mahdollisuus kouluttautua veneilyn harjoittelijasta aina pelastusaluksen p\u00e4\u00e4llik\u00f6ksi asti kattavan ja monipuolisen koulutusj\u00e4rjestelm\u00e4mme avulla. Lue lis\u00e4\u00e4 miehist\u00f6valinnastamme <a href=\"https:\/\/meripelastus.fi\/turku\/ole-mukana\/miehistoon\/\">t\u00e4\u00e4lt\u00e4<\/a>.\u00a0<\/p>\n<p><strong>Kannatusj\u00e4senyytemme maksaa vain 42 \u20ac vuodessa<\/strong>. <a href=\"https:\/\/meripelastus.fi\/jasenyys\/liittymislomakkeet\/\">Liity j\u00e4seneksi t\u00e4st\u00e4!<\/a><\/p>\n\n\n<p><\/p>\n","protected":false},"excerpt":{"rendered":"<p>Haluatko olla mukana tukemassa vapaaehtoista meripelastusty\u00f6t\u00e4 Saaristomerell\u00e4? Turun Meripelastusyhdistyksen toiminta rahoitetaan ensisijaisesti j\u00e4senmaksuilla ja lahjoituksilla. Liittym\u00e4ll\u00e4 j\u00e4seneksi olet mukana edist\u00e4m\u00e4ss\u00e4 veneilyturvallisuutta ja varmistamassa, ett\u00e4 vapaaehtoinen meripelastusty\u00f6 jatkuu alueellamme elinvoimaisena my\u00f6s tulevaisuudessa.\u00a0 Yhdistyksen j\u00e4senen\u00e4 sinulla on mahdollisuus kouluttautua veneilyn harjoittelijasta aina pelastusaluksen p\u00e4\u00e4llik\u00f6ksi asti kattavan ja monipuolisen koulutusj\u00e4rjestelm\u00e4mme avulla. Lue lis\u00e4\u00e4 miehist\u00f6valinnastamme t\u00e4\u00e4lt\u00e4.\u00a0 Kannatusj\u00e4senyytemme maksaa vain [&hellip;]<\/p>\n","protected":false},"author":44,"featured_media":402,"parent":250,"menu_order":0,"comment_status":"closed","ping_status":"closed","template":"","meta":{"_acf_changed":false,"inline_featured_image":false,"footnotes":""},"class_list":["post-272","page","type-page","status-publish","has-post-thumbnail","hentry"],"acf":[],"yoast_head":"<!-- This site is optimized with the Yoast SEO Premium plugin v27.4 (Yoast SEO v27.4) - https:\/\/yoast.com\/product\/yoast-seo-premium-wordpress\/ -->\n<title>J\u00e4seneksi - Turun Meripelastusyhdistys<\/title>\n<meta name=\"robots\" content=\"index, follow, max-snippet:-1, max-image-preview:large, max-video-preview:-1\" \/>\n<link rel=\"canonical\" href=\"https:\/\/meripelastus.fi\/turku\/ole-mukana\/jaseneksi\/\" \/>\n<meta property=\"og:locale\" content=\"fi_FI\" \/>\n<meta property=\"og:type\" content=\"article\" \/>\n<meta property=\"og:title\" content=\"J\u00e4seneksi\" \/>\n<meta property=\"og:description\" content=\"Haluatko olla mukana tukemassa vapaaehtoista meripelastusty\u00f6t\u00e4 Saaristomerell\u00e4? Turun Meripelastusyhdistyksen toiminta rahoitetaan ensisijaisesti j\u00e4senmaksuilla ja lahjoituksilla. Liittym\u00e4ll\u00e4 j\u00e4seneksi olet mukana edist\u00e4m\u00e4ss\u00e4 veneilyturvallisuutta ja varmistamassa, ett\u00e4 vapaaehtoinen meripelastusty\u00f6 jatkuu alueellamme elinvoimaisena my\u00f6s tulevaisuudessa.\u00a0 Yhdistyksen j\u00e4senen\u00e4 sinulla on mahdollisuus kouluttautua veneilyn harjoittelijasta aina pelastusaluksen p\u00e4\u00e4llik\u00f6ksi asti kattavan ja monipuolisen koulutusj\u00e4rjestelm\u00e4mme avulla. Lue lis\u00e4\u00e4 miehist\u00f6valinnastamme t\u00e4\u00e4lt\u00e4.\u00a0 Kannatusj\u00e4senyytemme maksaa vain [&hellip;]\" \/>\n<meta property=\"og:url\" content=\"https:\/\/meripelastus.fi\/turku\/ole-mukana\/jaseneksi\/\" \/>\n<meta property=\"og:site_name\" content=\"Turun Meripelastusyhdistys\" \/>\n<meta property=\"article:modified_time\" content=\"2025-03-11T18:29:08+00:00\" \/>\n<meta property=\"og:image\" content=\"https:\/\/meripelastus.fi\/turku\/wp-content\/uploads\/sites\/22\/2019\/05\/IMG_20180708_120313_2.jpg\" \/>\n\t<meta property=\"og:image:width\" content=\"2418\" \/>\n\t<meta property=\"og:image:height\" content=\"1814\" \/>\n\t<meta property=\"og:image:type\" content=\"image\/jpeg\" \/>\n<meta name=\"twitter:card\" content=\"summary_large_image\" \/>\n<meta name=\"twitter:label1\" content=\"Arvioitu lukuaika\" \/>\n\t<meta name=\"twitter:data1\" content=\"1 minuutti\" \/>\n<script type=\"application\/ld+json\" class=\"yoast-schema-graph\">{\"@context\":\"https:\\\/\\\/schema.org\",\"@graph\":[{\"@type\":\"WebPage\",\"@id\":\"https:\\\/\\\/meripelastus.fi\\\/turku\\\/ole-mukana\\\/jaseneksi\\\/\",\"url\":\"https:\\\/\\\/meripelastus.fi\\\/turku\\\/ole-mukana\\\/jaseneksi\\\/\",\"name\":\"J\u00e4seneksi - Turun Meripelastusyhdistys\",\"isPartOf\":{\"@id\":\"https:\\\/\\\/meripelastus.fi\\\/turku\\\/#website\"},\"primaryImageOfPage\":{\"@id\":\"https:\\\/\\\/meripelastus.fi\\\/turku\\\/ole-mukana\\\/jaseneksi\\\/#primaryimage\"},\"image\":{\"@id\":\"https:\\\/\\\/meripelastus.fi\\\/turku\\\/ole-mukana\\\/jaseneksi\\\/#primaryimage\"},\"thumbnailUrl\":\"https:\\\/\\\/meripelastus.fi\\\/turku\\\/wp-content\\\/uploads\\\/sites\\\/22\\\/2019\\\/05\\\/IMG_20180708_120313_2.jpg\",\"datePublished\":\"2019-05-22T17:00:03+00:00\",\"dateModified\":\"2025-03-11T18:29:08+00:00\",\"breadcrumb\":{\"@id\":\"https:\\\/\\\/meripelastus.fi\\\/turku\\\/ole-mukana\\\/jaseneksi\\\/#breadcrumb\"},\"inLanguage\":\"fi\",\"potentialAction\":[{\"@type\":\"ReadAction\",\"target\":[\"https:\\\/\\\/meripelastus.fi\\\/turku\\\/ole-mukana\\\/jaseneksi\\\/\"]}]},{\"@type\":\"ImageObject\",\"inLanguage\":\"fi\",\"@id\":\"https:\\\/\\\/meripelastus.fi\\\/turku\\\/ole-mukana\\\/jaseneksi\\\/#primaryimage\",\"url\":\"https:\\\/\\\/meripelastus.fi\\\/turku\\\/wp-content\\\/uploads\\\/sites\\\/22\\\/2019\\\/05\\\/IMG_20180708_120313_2.jpg\",\"contentUrl\":\"https:\\\/\\\/meripelastus.fi\\\/turku\\\/wp-content\\\/uploads\\\/sites\\\/22\\\/2019\\\/05\\\/IMG_20180708_120313_2.jpg\",\"width\":2418,\"height\":1814,\"caption\":\"sdr\"},{\"@type\":\"BreadcrumbList\",\"@id\":\"https:\\\/\\\/meripelastus.fi\\\/turku\\\/ole-mukana\\\/jaseneksi\\\/#breadcrumb\",\"itemListElement\":[{\"@type\":\"ListItem\",\"position\":1,\"name\":\"Etusivu\",\"item\":\"https:\\\/\\\/meripelastus.fi\\\/turku\\\/\"},{\"@type\":\"ListItem\",\"position\":2,\"name\":\"Ole mukana!\",\"item\":\"https:\\\/\\\/meripelastus.fi\\\/turku\\\/ole-mukana\\\/\"},{\"@type\":\"ListItem\",\"position\":3,\"name\":\"J\u00e4seneksi\"}]},{\"@type\":\"WebSite\",\"@id\":\"https:\\\/\\\/meripelastus.fi\\\/turku\\\/#website\",\"url\":\"https:\\\/\\\/meripelastus.fi\\\/turku\\\/\",\"name\":\"Turun Meripelastusyhdistys\",\"description\":\"Vapaaehtoiset apunasi vesill\u00e4\",\"potentialAction\":[{\"@type\":\"SearchAction\",\"target\":{\"@type\":\"EntryPoint\",\"urlTemplate\":\"https:\\\/\\\/meripelastus.fi\\\/turku\\\/?s={search_term_string}\"},\"query-input\":{\"@type\":\"PropertyValueSpecification\",\"valueRequired\":true,\"valueName\":\"search_term_string\"}}],\"inLanguage\":\"fi\"}]}<\/script>\n<!-- \/ Yoast SEO Premium plugin. -->","yoast_head_json":{"title":"J\u00e4seneksi - Turun Meripelastusyhdistys","robots":{"index":"index","follow":"follow","max-snippet":"max-snippet:-1","max-image-preview":"max-image-preview:large","max-video-preview":"max-video-preview:-1"},"canonical":"https:\/\/meripelastus.fi\/turku\/ole-mukana\/jaseneksi\/","og_locale":"fi_FI","og_type":"article","og_title":"J\u00e4seneksi","og_description":"Haluatko olla mukana tukemassa vapaaehtoista meripelastusty\u00f6t\u00e4 Saaristomerell\u00e4? Turun Meripelastusyhdistyksen toiminta rahoitetaan ensisijaisesti j\u00e4senmaksuilla ja lahjoituksilla. Liittym\u00e4ll\u00e4 j\u00e4seneksi olet mukana edist\u00e4m\u00e4ss\u00e4 veneilyturvallisuutta ja varmistamassa, ett\u00e4 vapaaehtoinen meripelastusty\u00f6 jatkuu alueellamme elinvoimaisena my\u00f6s tulevaisuudessa.\u00a0 Yhdistyksen j\u00e4senen\u00e4 sinulla on mahdollisuus kouluttautua veneilyn harjoittelijasta aina pelastusaluksen p\u00e4\u00e4llik\u00f6ksi asti kattavan ja monipuolisen koulutusj\u00e4rjestelm\u00e4mme avulla. Lue lis\u00e4\u00e4 miehist\u00f6valinnastamme t\u00e4\u00e4lt\u00e4.\u00a0 Kannatusj\u00e4senyytemme maksaa vain [&hellip;]","og_url":"https:\/\/meripelastus.fi\/turku\/ole-mukana\/jaseneksi\/","og_site_name":"Turun Meripelastusyhdistys","article_modified_time":"2025-03-11T18:29:08+00:00","og_image":[{"width":2418,"height":1814,"url":"https:\/\/meripelastus.fi\/turku\/wp-content\/uploads\/sites\/22\/2019\/05\/IMG_20180708_120313_2.jpg","type":"image\/jpeg"}],"twitter_card":"summary_large_image","twitter_misc":{"Arvioitu lukuaika":"1 minuutti"},"schema":{"@context":"https:\/\/schema.org","@graph":[{"@type":"WebPage","@id":"https:\/\/meripelastus.fi\/turku\/ole-mukana\/jaseneksi\/","url":"https:\/\/meripelastus.fi\/turku\/ole-mukana\/jaseneksi\/","name":"J\u00e4seneksi - Turun Meripelastusyhdistys","isPartOf":{"@id":"https:\/\/meripelastus.fi\/turku\/#website"},"primaryImageOfPage":{"@id":"https:\/\/meripelastus.fi\/turku\/ole-mukana\/jaseneksi\/#primaryimage"},"image":{"@id":"https:\/\/meripelastus.fi\/turku\/ole-mukana\/jaseneksi\/#primaryimage"},"thumbnailUrl":"https:\/\/meripelastus.fi\/turku\/wp-content\/uploads\/sites\/22\/2019\/05\/IMG_20180708_120313_2.jpg","datePublished":"2019-05-22T17:00:03+00:00","dateModified":"2025-03-11T18:29:08+00:00","breadcrumb":{"@id":"https:\/\/meripelastus.fi\/turku\/ole-mukana\/jaseneksi\/#breadcrumb"},"inLanguage":"fi","potentialAction":[{"@type":"ReadAction","target":["https:\/\/meripelastus.fi\/turku\/ole-mukana\/jaseneksi\/"]}]},{"@type":"ImageObject","inLanguage":"fi","@id":"https:\/\/meripelastus.fi\/turku\/ole-mukana\/jaseneksi\/#primaryimage","url":"https:\/\/meripelastus.fi\/turku\/wp-content\/uploads\/sites\/22\/2019\/05\/IMG_20180708_120313_2.jpg","contentUrl":"https:\/\/meripelastus.fi\/turku\/wp-content\/uploads\/sites\/22\/2019\/05\/IMG_20180708_120313_2.jpg","width":2418,"height":1814,"caption":"sdr"},{"@type":"BreadcrumbList","@id":"https:\/\/meripelastus.fi\/turku\/ole-mukana\/jaseneksi\/#breadcrumb","itemListElement":[{"@type":"ListItem","position":1,"name":"Etusivu","item":"https:\/\/meripelastus.fi\/turku\/"},{"@type":"ListItem","position":2,"name":"Ole mukana!","item":"https:\/\/meripelastus.fi\/turku\/ole-mukana\/"},{"@type":"ListItem","position":3,"name":"J\u00e4seneksi"}]},{"@type":"WebSite","@id":"https:\/\/meripelastus.fi\/turku\/#website","url":"https:\/\/meripelastus.fi\/turku\/","name":"Turun Meripelastusyhdistys","description":"Vapaaehtoiset apunasi vesill\u00e4","potentialAction":[{"@type":"SearchAction","target":{"@type":"EntryPoint","urlTemplate":"https:\/\/meripelastus.fi\/turku\/?s={search_term_string}"},"query-input":{"@type":"PropertyValueSpecification","valueRequired":true,"valueName":"search_term_string"}}],"inLanguage":"fi"}]}},"_links":{"self":[{"href":"https:\/\/meripelastus.fi\/turku\/wp-json\/wp\/v2\/pages\/272","targetHints":{"allow":["GET"]}}],"collection":[{"href":"https:\/\/meripelastus.fi\/turku\/wp-json\/wp\/v2\/pages"}],"about":[{"href":"https:\/\/meripelastus.fi\/turku\/wp-json\/wp\/v2\/types\/page"}],"author":[{"embeddable":true,"href":"https:\/\/meripelastus.fi\/turku\/wp-json\/wp\/v2\/users\/44"}],"replies":[{"embeddable":true,"href":"https:\/\/meripelastus.fi\/turku\/wp-json\/wp\/v2\/comments?post=272"}],"version-history":[{"count":13,"href":"https:\/\/meripelastus.fi\/turku\/wp-json\/wp\/v2\/pages\/272\/revisions"}],"predecessor-version":[{"id":982,"href":"https:\/\/meripelastus.fi\/turku\/wp-json\/wp\/v2\/pages\/272\/revisions\/982"}],"up":[{"embeddable":true,"href":"https:\/\/meripelastus.fi\/turku\/wp-json\/wp\/v2\/pages\/250"}],"wp:featuredmedia":[{"embeddable":true,"href":"https:\/\/meripelastus.fi\/turku\/wp-json\/wp\/v2\/media\/402"}],"wp:attachment":[{"href":"https:\/\/meripelastus.fi\/turku\/wp-json\/wp\/v2\/media?parent=272"}],"curies":[{"name":"wp","href":"https:\/\/api.w.org\/{rel}","templated":true}]}}