{"id":26,"date":"2018-03-19T09:19:10","date_gmt":"2018-03-19T07:19:10","guid":{"rendered":"http:\/\/basetemplate.smpsyhdistykset.16.testivedos.com\/?page_id=26"},"modified":"2022-01-03T23:59:16","modified_gmt":"2022-01-03T21:59:16","slug":"alukset","status":"publish","type":"page","link":"https:\/\/meripelastus.fi\/turku\/toiminta\/alukset\/","title":{"rendered":"Alukset"},"content":{"rendered":"<h2>Rescue ABSO<\/h2>\n<figure id=\"attachment_781\" aria-describedby=\"caption-attachment-781\" style=\"width: 544px\" class=\"wp-caption alignnone\"><img loading=\"lazy\" decoding=\"async\" class=\" wp-image-781\" src=\"https:\/\/meripelastus.fi\/turku\/wp-content\/uploads\/sites\/22\/2022\/01\/20210813-DSCF6817MISKA_KIVIOJA-300x200.jpg\" alt=\"\" width=\"544\" height=\"362\" srcset=\"https:\/\/meripelastus.fi\/turku\/wp-content\/uploads\/sites\/22\/2022\/01\/20210813-DSCF6817MISKA_KIVIOJA-300x200.jpg 300w, https:\/\/meripelastus.fi\/turku\/wp-content\/uploads\/sites\/22\/2022\/01\/20210813-DSCF6817MISKA_KIVIOJA-1024x682.jpg 1024w, https:\/\/meripelastus.fi\/turku\/wp-content\/uploads\/sites\/22\/2022\/01\/20210813-DSCF6817MISKA_KIVIOJA-768x512.jpg 768w, https:\/\/meripelastus.fi\/turku\/wp-content\/uploads\/sites\/22\/2022\/01\/20210813-DSCF6817MISKA_KIVIOJA-1536x1024.jpg 1536w, https:\/\/meripelastus.fi\/turku\/wp-content\/uploads\/sites\/22\/2022\/01\/20210813-DSCF6817MISKA_KIVIOJA.jpg 2000w\" sizes=\"auto, (max-width: 544px) 100vw, 544px\" \/><figcaption id=\"caption-attachment-781\" class=\"wp-caption-text\">Kuva: Miska Kivioja\/Marrasvalo.fi<\/figcaption><\/figure>\n<p>Tukija: <a href=\"http:\/\/www.abso.fi\/\">Muovitehdas ABSO Oy<\/a><\/p>\n<p>Tunnus: PV503<br \/>\nValmistaja: Marine Alutech Oy, 2006<br \/>\nPituus: 16,8 m<br \/>\nLeveys: 4,5 m<br \/>\nSyv\u00e4ys: 1,0 m<br \/>\nKorkeus: 8,5 m<br \/>\nPaino: 15,5 tn<br \/>\nNopeus: 37 kn<br \/>\nKoneteho: 1193 kW<br \/>\nP\u00e4\u00e4koneita: 2 kpl, Scania<br \/>\nToimintas\u00e4de: 170\u00a0nm<br \/>\nToiminta-aika 14 h<br \/>\nKotisatama: Turku<br \/>\nMiehist\u00f6: 4<br \/>\nPropulsio: vesisuihku<br \/>\nAlusluokka: PV5<\/p>\n<p><a href=\"https:\/\/www.marinetraffic.com\/en\/ais\/home\/shipid:6078\/zoom:14\">Pv ABSO kartalla<\/a><\/p>\n<p><em>Pv ABSO on varusteltu monipuolisesti meripelastus-, ensivaste- ja avustusteht\u00e4vi\u00e4 varten. Isoon runkoon mahtuu mm. ohjaamosta erillinen tila potilaiden kuljettamiseen.<\/em><\/p>\n<h2><span>Rescue AHTI<br \/>\n<\/span><\/h2>\n<figure id=\"attachment_778\" aria-describedby=\"caption-attachment-778\" style=\"width: 543px\" class=\"wp-caption alignnone\"><img loading=\"lazy\" decoding=\"async\" class=\" wp-image-778\" src=\"https:\/\/meripelastus.fi\/turku\/wp-content\/uploads\/sites\/22\/2022\/01\/ahti_miska_kiviojajpg-300x200.jpg\" alt=\"\" width=\"543\" height=\"362\" srcset=\"https:\/\/meripelastus.fi\/turku\/wp-content\/uploads\/sites\/22\/2022\/01\/ahti_miska_kiviojajpg-300x200.jpg 300w, https:\/\/meripelastus.fi\/turku\/wp-content\/uploads\/sites\/22\/2022\/01\/ahti_miska_kiviojajpg-1024x682.jpg 1024w, https:\/\/meripelastus.fi\/turku\/wp-content\/uploads\/sites\/22\/2022\/01\/ahti_miska_kiviojajpg-768x512.jpg 768w, https:\/\/meripelastus.fi\/turku\/wp-content\/uploads\/sites\/22\/2022\/01\/ahti_miska_kiviojajpg-1536x1024.jpg 1536w, https:\/\/meripelastus.fi\/turku\/wp-content\/uploads\/sites\/22\/2022\/01\/ahti_miska_kiviojajpg.jpg 2000w\" sizes=\"auto, (max-width: 543px) 100vw, 543px\" \/><figcaption id=\"caption-attachment-778\" class=\"wp-caption-text\">Kuva; Miska Kivioja\/Marrasvalo.fi<\/figcaption><\/figure>\n<h2><span>\u00a0<\/span><\/h2>\n<p>Tukija: <a href=\"https:\/\/www.orkla.fi\/\">Orkla Oy<\/a><\/p>\n<p>Tunnus: PV138<br \/>\nValmistaja: Htech Engineering, 2011<br \/>\nPituus: 7,95 m<br \/>\nLeveys: 2,85 m<br \/>\nSyv\u00e4ys: 0,45 m<br \/>\nKorkeus: 3,46 m\/ 1,8 m<br \/>\nPaino: 2,8 tn<br \/>\nNopeus: 26 kn \/ 30 kn<br \/>\nKoneteho: 217 kW<br \/>\nToimintas\u00e4de: 100 NM<br \/>\nToiminta-aika: 3 tuntia<br \/>\nKotisatama: Turku<br \/>\nMiehist\u00f6: 2<br \/>\nPropulsio: vesisuihku<br \/>\nAlusluokka: PV1<\/p>\n<p><a href=\"https:\/\/www.marinetraffic.com\/en\/ais\/home\/shipid:4136\/zoom:10\">AHTI kartalla<\/a><\/p>\n<p><em><strong>Pv AHTI \u2013 Meripelastajan perusty\u00f6kalu<br \/>\n<\/strong>Jos pv AHTI olisi ty\u00f6kalu, se olisi akkuporakone. Kulkee helposti mukana, kevyt k\u00e4ytt\u00e4\u00e4 ja soveltuu mainiosti oikeastaan kaikkiin ty\u00f6teht\u00e4viin.<\/em><\/p>\n<p><em>AHTI on vuonna 2011 Htech Engineeringin valmistama nopea liukuvarunkoinen, kylkipehmustein varustettu pelastusalus. Alus on t\u00e4ysin varusteltu toimimaan itsen\u00e4isen\u00e4 etsint\u00e4-, ja pelastusyksikk\u00f6n\u00e4 kaikilla eri teht\u00e4v\u00e4tyypeill\u00e4. Pienen kokonsa, matalan syv\u00e4yksens\u00e4 sek\u00e4 toimivien kansiratkaisuiden johdosta alus soveltuu mit\u00e4 parhaiten meripelastajan perusteht\u00e4viin, eli huvialusten hinaukseen Turun alueen ahtailla v\u00e4ylill\u00e4 ja satamissa.<\/em><\/p>\n<p><em>T\u00e4m\u00e4 kovapohjaiselta kellukeveneelt\u00e4 (RIB) n\u00e4ytt\u00e4v\u00e4 alus ei itseasiassa ole kovapohjainen kellukevene. Aluksen runko on merialumiinia, mutta alusta kiert\u00e4\u00e4 solumuovit\u00e4ytteinen kylkipehmuste. Kylkipehmuste suojaa sek\u00e4 alusta itse\u00e4\u00e4n, mutta my\u00f6s avustettavia aluksia ja henkil\u00f6it\u00e4 erilaisissa avustustilanteissa.<\/em><\/p>\n<p><em>AHTI on varustettu yhdell\u00e4 dieselmootttorilla sek\u00e4 vesisuihkupropulsiolla. Aluksen polttoaineenkulutus on pieni, joten alus on my\u00f6s ymp\u00e4rist\u00f6lle yst\u00e4v\u00e4llinen. Alusta operoidaan minimiss\u00e4\u00e4n kahden hengen miehist\u00f6ll\u00e4.<\/em><\/p>\n<h2>Apuvene Elomatic<\/h2>\n<figure id=\"attachment_779\" aria-describedby=\"caption-attachment-779\" style=\"width: 544px\" class=\"wp-caption alignnone\"><img loading=\"lazy\" decoding=\"async\" class=\" wp-image-779\" src=\"https:\/\/meripelastus.fi\/turku\/wp-content\/uploads\/sites\/22\/2022\/01\/20200516-XT2M3085_Kivioja_Miska-300x200.jpg\" alt=\"\" width=\"544\" height=\"362\" srcset=\"https:\/\/meripelastus.fi\/turku\/wp-content\/uploads\/sites\/22\/2022\/01\/20200516-XT2M3085_Kivioja_Miska-300x200.jpg 300w, https:\/\/meripelastus.fi\/turku\/wp-content\/uploads\/sites\/22\/2022\/01\/20200516-XT2M3085_Kivioja_Miska-1024x682.jpg 1024w, https:\/\/meripelastus.fi\/turku\/wp-content\/uploads\/sites\/22\/2022\/01\/20200516-XT2M3085_Kivioja_Miska-768x512.jpg 768w, https:\/\/meripelastus.fi\/turku\/wp-content\/uploads\/sites\/22\/2022\/01\/20200516-XT2M3085_Kivioja_Miska-1536x1024.jpg 1536w, https:\/\/meripelastus.fi\/turku\/wp-content\/uploads\/sites\/22\/2022\/01\/20200516-XT2M3085_Kivioja_Miska.jpg 2000w\" sizes=\"auto, (max-width: 544px) 100vw, 544px\" \/><figcaption id=\"caption-attachment-779\" class=\"wp-caption-text\">Kuva: Miska Kivioja\/Marrasvalo.fi<\/figcaption><\/figure>\n<p>Tukija: <a href=\"https:\/\/www.elomatic.com\/fi\/\">Elomatic Oy<\/a><\/p>\n<p>&nbsp;<\/p>\n","protected":false},"excerpt":{"rendered":"<p>Rescue ABSO Tukija: Muovitehdas ABSO Oy Tunnus: PV503 Valmistaja: Marine Alutech Oy, 2006 Pituus: 16,8 m Leveys: 4,5 m Syv\u00e4ys: 1,0 m Korkeus: 8,5 m Paino: 15,5 tn Nopeus: 37 kn Koneteho: 1193 kW P\u00e4\u00e4koneita: 2 kpl, Scania Toimintas\u00e4de: 170\u00a0nm Toiminta-aika 14 h Kotisatama: Turku Miehist\u00f6: 4 Propulsio: vesisuihku Alusluokka: PV5 Pv ABSO kartalla Pv [&hellip;]<\/p>\n","protected":false},"author":1,"featured_media":780,"parent":20,"menu_order":0,"comment_status":"closed","ping_status":"closed","template":"","meta":{"_acf_changed":false,"inline_featured_image":false,"footnotes":""},"class_list":["post-26","page","type-page","status-publish","has-post-thumbnail","hentry"],"acf":[],"yoast_head":"<!-- This site is optimized with the Yoast SEO Premium plugin v27.2 (Yoast SEO v27.2) - https:\/\/yoast.com\/product\/yoast-seo-premium-wordpress\/ -->\n<title>Alukset - Turun Meripelastusyhdistys<\/title>\n<meta name=\"robots\" content=\"index, follow, max-snippet:-1, max-image-preview:large, max-video-preview:-1\" \/>\n<link rel=\"canonical\" href=\"https:\/\/meripelastus.fi\/turku\/toiminta\/alukset\/\" \/>\n<meta property=\"og:locale\" content=\"fi_FI\" \/>\n<meta property=\"og:type\" content=\"article\" \/>\n<meta property=\"og:title\" content=\"Alukset\" \/>\n<meta property=\"og:description\" content=\"Rescue ABSO Tukija: Muovitehdas ABSO Oy Tunnus: PV503 Valmistaja: Marine Alutech Oy, 2006 Pituus: 16,8 m Leveys: 4,5 m Syv\u00e4ys: 1,0 m Korkeus: 8,5 m Paino: 15,5 tn Nopeus: 37 kn Koneteho: 1193 kW P\u00e4\u00e4koneita: 2 kpl, Scania Toimintas\u00e4de: 170\u00a0nm Toiminta-aika 14 h Kotisatama: Turku Miehist\u00f6: 4 Propulsio: vesisuihku Alusluokka: PV5 Pv ABSO kartalla Pv [&hellip;]\" \/>\n<meta property=\"og:url\" content=\"https:\/\/meripelastus.fi\/turku\/toiminta\/alukset\/\" \/>\n<meta property=\"og:site_name\" content=\"Turun Meripelastusyhdistys\" \/>\n<meta property=\"article:modified_time\" content=\"2022-01-03T21:59:16+00:00\" \/>\n<meta property=\"og:image\" content=\"https:\/\/meripelastus.fi\/turku\/wp-content\/uploads\/sites\/22\/2022\/01\/20210813-DSCF6710MISKA_KIVIOJA.jpg\" \/>\n\t<meta property=\"og:image:width\" content=\"2000\" \/>\n\t<meta property=\"og:image:height\" content=\"1333\" \/>\n\t<meta property=\"og:image:type\" content=\"image\/jpeg\" \/>\n<meta name=\"twitter:card\" content=\"summary_large_image\" \/>\n<meta name=\"twitter:label1\" content=\"Arvioitu lukuaika\" \/>\n\t<meta name=\"twitter:data1\" content=\"3 minuuttia\" \/>\n<script type=\"application\/ld+json\" class=\"yoast-schema-graph\">{\"@context\":\"https:\/\/schema.org\",\"@graph\":[{\"@type\":\"WebPage\",\"@id\":\"https:\/\/meripelastus.fi\/turku\/toiminta\/alukset\/\",\"url\":\"https:\/\/meripelastus.fi\/turku\/toiminta\/alukset\/\",\"name\":\"Alukset - Turun Meripelastusyhdistys\",\"isPartOf\":{\"@id\":\"https:\/\/meripelastus.fi\/turku\/#website\"},\"primaryImageOfPage\":{\"@id\":\"https:\/\/meripelastus.fi\/turku\/toiminta\/alukset\/#primaryimage\"},\"image\":{\"@id\":\"https:\/\/meripelastus.fi\/turku\/toiminta\/alukset\/#primaryimage\"},\"thumbnailUrl\":\"https:\/\/meripelastus.fi\/turku\/wp-content\/uploads\/sites\/22\/2022\/01\/20210813-DSCF6710MISKA_KIVIOJA.jpg\",\"datePublished\":\"2018-03-19T07:19:10+00:00\",\"dateModified\":\"2022-01-03T21:59:16+00:00\",\"breadcrumb\":{\"@id\":\"https:\/\/meripelastus.fi\/turku\/toiminta\/alukset\/#breadcrumb\"},\"inLanguage\":\"fi\",\"potentialAction\":[{\"@type\":\"ReadAction\",\"target\":[\"https:\/\/meripelastus.fi\/turku\/toiminta\/alukset\/\"]}]},{\"@type\":\"ImageObject\",\"inLanguage\":\"fi\",\"@id\":\"https:\/\/meripelastus.fi\/turku\/toiminta\/alukset\/#primaryimage\",\"url\":\"https:\/\/meripelastus.fi\/turku\/wp-content\/uploads\/sites\/22\/2022\/01\/20210813-DSCF6710MISKA_KIVIOJA.jpg\",\"contentUrl\":\"https:\/\/meripelastus.fi\/turku\/wp-content\/uploads\/sites\/22\/2022\/01\/20210813-DSCF6710MISKA_KIVIOJA.jpg\",\"width\":2000,\"height\":1333,\"caption\":\"Kuva: Miska Kivioja\/Marrasvalo\"},{\"@type\":\"BreadcrumbList\",\"@id\":\"https:\/\/meripelastus.fi\/turku\/toiminta\/alukset\/#breadcrumb\",\"itemListElement\":[{\"@type\":\"ListItem\",\"position\":1,\"name\":\"Etusivu\",\"item\":\"https:\/\/meripelastus.fi\/turku\/\"},{\"@type\":\"ListItem\",\"position\":2,\"name\":\"Toiminta\",\"item\":\"https:\/\/meripelastus.fi\/turku\/toiminta\/\"},{\"@type\":\"ListItem\",\"position\":3,\"name\":\"Alukset\"}]},{\"@type\":\"WebSite\",\"@id\":\"https:\/\/meripelastus.fi\/turku\/#website\",\"url\":\"https:\/\/meripelastus.fi\/turku\/\",\"name\":\"Turun Meripelastusyhdistys\",\"description\":\"Vapaaehtoiset apunasi vesill\u00e4\",\"potentialAction\":[{\"@type\":\"SearchAction\",\"target\":{\"@type\":\"EntryPoint\",\"urlTemplate\":\"https:\/\/meripelastus.fi\/turku\/?s={search_term_string}\"},\"query-input\":{\"@type\":\"PropertyValueSpecification\",\"valueRequired\":true,\"valueName\":\"search_term_string\"}}],\"inLanguage\":\"fi\"}]}<\/script>\n<!-- \/ Yoast SEO Premium plugin. -->","yoast_head_json":{"title":"Alukset - Turun Meripelastusyhdistys","robots":{"index":"index","follow":"follow","max-snippet":"max-snippet:-1","max-image-preview":"max-image-preview:large","max-video-preview":"max-video-preview:-1"},"canonical":"https:\/\/meripelastus.fi\/turku\/toiminta\/alukset\/","og_locale":"fi_FI","og_type":"article","og_title":"Alukset","og_description":"Rescue ABSO Tukija: Muovitehdas ABSO Oy Tunnus: PV503 Valmistaja: Marine Alutech Oy, 2006 Pituus: 16,8 m Leveys: 4,5 m Syv\u00e4ys: 1,0 m Korkeus: 8,5 m Paino: 15,5 tn Nopeus: 37 kn Koneteho: 1193 kW P\u00e4\u00e4koneita: 2 kpl, Scania Toimintas\u00e4de: 170\u00a0nm Toiminta-aika 14 h Kotisatama: Turku Miehist\u00f6: 4 Propulsio: vesisuihku Alusluokka: PV5 Pv ABSO kartalla Pv [&hellip;]","og_url":"https:\/\/meripelastus.fi\/turku\/toiminta\/alukset\/","og_site_name":"Turun Meripelastusyhdistys","article_modified_time":"2022-01-03T21:59:16+00:00","og_image":[{"width":2000,"height":1333,"url":"https:\/\/meripelastus.fi\/turku\/wp-content\/uploads\/sites\/22\/2022\/01\/20210813-DSCF6710MISKA_KIVIOJA.jpg","type":"image\/jpeg"}],"twitter_card":"summary_large_image","twitter_misc":{"Arvioitu lukuaika":"3 minuuttia"},"schema":{"@context":"https:\/\/schema.org","@graph":[{"@type":"WebPage","@id":"https:\/\/meripelastus.fi\/turku\/toiminta\/alukset\/","url":"https:\/\/meripelastus.fi\/turku\/toiminta\/alukset\/","name":"Alukset - Turun Meripelastusyhdistys","isPartOf":{"@id":"https:\/\/meripelastus.fi\/turku\/#website"},"primaryImageOfPage":{"@id":"https:\/\/meripelastus.fi\/turku\/toiminta\/alukset\/#primaryimage"},"image":{"@id":"https:\/\/meripelastus.fi\/turku\/toiminta\/alukset\/#primaryimage"},"thumbnailUrl":"https:\/\/meripelastus.fi\/turku\/wp-content\/uploads\/sites\/22\/2022\/01\/20210813-DSCF6710MISKA_KIVIOJA.jpg","datePublished":"2018-03-19T07:19:10+00:00","dateModified":"2022-01-03T21:59:16+00:00","breadcrumb":{"@id":"https:\/\/meripelastus.fi\/turku\/toiminta\/alukset\/#breadcrumb"},"inLanguage":"fi","potentialAction":[{"@type":"ReadAction","target":["https:\/\/meripelastus.fi\/turku\/toiminta\/alukset\/"]}]},{"@type":"ImageObject","inLanguage":"fi","@id":"https:\/\/meripelastus.fi\/turku\/toiminta\/alukset\/#primaryimage","url":"https:\/\/meripelastus.fi\/turku\/wp-content\/uploads\/sites\/22\/2022\/01\/20210813-DSCF6710MISKA_KIVIOJA.jpg","contentUrl":"https:\/\/meripelastus.fi\/turku\/wp-content\/uploads\/sites\/22\/2022\/01\/20210813-DSCF6710MISKA_KIVIOJA.jpg","width":2000,"height":1333,"caption":"Kuva: Miska Kivioja\/Marrasvalo"},{"@type":"BreadcrumbList","@id":"https:\/\/meripelastus.fi\/turku\/toiminta\/alukset\/#breadcrumb","itemListElement":[{"@type":"ListItem","position":1,"name":"Etusivu","item":"https:\/\/meripelastus.fi\/turku\/"},{"@type":"ListItem","position":2,"name":"Toiminta","item":"https:\/\/meripelastus.fi\/turku\/toiminta\/"},{"@type":"ListItem","position":3,"name":"Alukset"}]},{"@type":"WebSite","@id":"https:\/\/meripelastus.fi\/turku\/#website","url":"https:\/\/meripelastus.fi\/turku\/","name":"Turun Meripelastusyhdistys","description":"Vapaaehtoiset apunasi vesill\u00e4","potentialAction":[{"@type":"SearchAction","target":{"@type":"EntryPoint","urlTemplate":"https:\/\/meripelastus.fi\/turku\/?s={search_term_string}"},"query-input":{"@type":"PropertyValueSpecification","valueRequired":true,"valueName":"search_term_string"}}],"inLanguage":"fi"}]}},"_links":{"self":[{"href":"https:\/\/meripelastus.fi\/turku\/wp-json\/wp\/v2\/pages\/26","targetHints":{"allow":["GET"]}}],"collection":[{"href":"https:\/\/meripelastus.fi\/turku\/wp-json\/wp\/v2\/pages"}],"about":[{"href":"https:\/\/meripelastus.fi\/turku\/wp-json\/wp\/v2\/types\/page"}],"author":[{"embeddable":true,"href":"https:\/\/meripelastus.fi\/turku\/wp-json\/wp\/v2\/users\/1"}],"replies":[{"embeddable":true,"href":"https:\/\/meripelastus.fi\/turku\/wp-json\/wp\/v2\/comments?post=26"}],"version-history":[{"count":37,"href":"https:\/\/meripelastus.fi\/turku\/wp-json\/wp\/v2\/pages\/26\/revisions"}],"predecessor-version":[{"id":782,"href":"https:\/\/meripelastus.fi\/turku\/wp-json\/wp\/v2\/pages\/26\/revisions\/782"}],"up":[{"embeddable":true,"href":"https:\/\/meripelastus.fi\/turku\/wp-json\/wp\/v2\/pages\/20"}],"wp:featuredmedia":[{"embeddable":true,"href":"https:\/\/meripelastus.fi\/turku\/wp-json\/wp\/v2\/media\/780"}],"wp:attachment":[{"href":"https:\/\/meripelastus.fi\/turku\/wp-json\/wp\/v2\/media?parent=26"}],"curies":[{"name":"wp","href":"https:\/\/api.w.org\/{rel}","templated":true}]}}