{"id":248,"date":"2019-05-22T18:51:36","date_gmt":"2019-05-22T15:51:36","guid":{"rendered":"https:\/\/meripelastus.fi\/turku-vedos\/?page_id=248"},"modified":"2019-06-19T14:24:07","modified_gmt":"2019-06-19T11:24:07","slug":"koulutus","status":"publish","type":"page","link":"https:\/\/meripelastus.fi\/turku\/toiminta\/koulutus\/","title":{"rendered":"Koulutus"},"content":{"rendered":"<p><strong>Meripelastusseuralla on oma koulutusj\u00e4rjestelm\u00e4, jonka mukaan kaikki pelastusmiehist\u00f6jen j\u00e4senet koulutetaan. Koulutuksen tavoitteena on antaa vapaaehtoisille meripelastajille sellaiset tiedot ja taidot, ett\u00e4 he voivat turvallisesti ja tehokkaasti toimia pelastusteht\u00e4viss\u00e4 meripelastusaluksilla.<\/strong><\/p>\n<p>Koulutus toteutetaan keskusj\u00e4rjest\u00f6n valtakunnallisilla kursseilla sek\u00e4 j\u00e4senyhdistysten itse j\u00e4rjest\u00e4min\u00e4 koulutuksina ja k\u00e4yt\u00e4nn\u00f6n harjoituksina. Lis\u00e4ksi k\u00e4ytet\u00e4\u00e4n jonkin verran ulkopuolisia koulutuspalveluja. Seuran oma\u00a0<a href=\"https:\/\/meripelastus.fi\/toiminta\/bagaskarin-toimintakeskus\/\">toimintakeskus<\/a> sijaitsee B\u00e5gask\u00e4riss\u00e4 Inkoon ulkosaaristossa.<\/p>\n<p>Koulutusj\u00e4rjestelm\u00e4 koostuu miehist\u00f6n ja p\u00e4\u00e4llyst\u00f6n koulutussuunnitelmista. Niihin molempiin sis\u00e4ltyy 12 eri osaamisaluetta, joissa opiskeltavia asioita ovat mm. merimiestaidot, merenkulku, alustekniikka, ensiapu, viestiliikenne, etsint\u00e4-, pelastus- ja avustustoiminta sek\u00e4 johtaminen aluksella. Opittuja taitoja testataan mm.\u00a0jokavuotisissa valtakunnallisissa meripelastustaitokilpailuissa.<\/p>\n<p><a href=\"http:\/\/view.24mags.com\/publication\/meripelastus\/fa2d67ed5e49d76a3a3dde8d5872d78e\" target=\"_blank\" rel=\"noopener noreferrer\">Koulutusj\u00e4rjestelm\u00e4n yleiskuvaus<\/a><\/p>\n<p><a href=\"http:\/\/view.24mags.com\/publication\/meripelastus\/d259ffb696ed449c575ff1480eae8659\" target=\"_blank\" rel=\"noopener noreferrer\">Miehist\u00f6n koulutussuunnitelma<\/a><\/p>\n<p><a href=\"http:\/\/view.24mags.com\/publication\/meripelastus\/dfed6354f8ffa73f02531bdf4241edfc\" target=\"_blank\" rel=\"noopener noreferrer\">P\u00e4\u00e4llyst\u00f6n koulutussuunnitelma<\/a><\/p>\n<p><a href=\"https:\/\/meripelastus.fi\/turku\/ole-mukana\/miehistoon\/\">Miten p\u00e4\u00e4sen mukaan?\u00a0<\/a><\/p>\n","protected":false},"excerpt":{"rendered":"<p>Meripelastusseuralla on oma koulutusj\u00e4rjestelm\u00e4, jonka mukaan kaikki pelastusmiehist\u00f6jen j\u00e4senet koulutetaan. Koulutuksen tavoitteena on antaa vapaaehtoisille meripelastajille sellaiset tiedot ja taidot, ett\u00e4 he voivat turvallisesti ja tehokkaasti toimia pelastusteht\u00e4viss\u00e4 meripelastusaluksilla. Koulutus toteutetaan keskusj\u00e4rjest\u00f6n valtakunnallisilla kursseilla sek\u00e4 j\u00e4senyhdistysten itse j\u00e4rjest\u00e4min\u00e4 koulutuksina ja k\u00e4yt\u00e4nn\u00f6n harjoituksina. Lis\u00e4ksi k\u00e4ytet\u00e4\u00e4n jonkin verran ulkopuolisia koulutuspalveluja. Seuran oma\u00a0toimintakeskus sijaitsee B\u00e5gask\u00e4riss\u00e4 Inkoon ulkosaaristossa. Koulutusj\u00e4rjestelm\u00e4 [&hellip;]<\/p>\n","protected":false},"author":44,"featured_media":485,"parent":20,"menu_order":0,"comment_status":"closed","ping_status":"closed","template":"","meta":{"_acf_changed":false,"inline_featured_image":false,"footnotes":""},"class_list":["post-248","page","type-page","status-publish","has-post-thumbnail","hentry"],"acf":[],"yoast_head":"<!-- This site is optimized with the Yoast SEO Premium plugin v27.2 (Yoast SEO v27.2) - https:\/\/yoast.com\/product\/yoast-seo-premium-wordpress\/ -->\n<title>Koulutus - Turun Meripelastusyhdistys<\/title>\n<meta name=\"robots\" content=\"index, follow, max-snippet:-1, max-image-preview:large, max-video-preview:-1\" \/>\n<link rel=\"canonical\" href=\"https:\/\/meripelastus.fi\/turku\/toiminta\/koulutus\/\" \/>\n<meta property=\"og:locale\" content=\"fi_FI\" \/>\n<meta property=\"og:type\" content=\"article\" \/>\n<meta property=\"og:title\" content=\"Koulutus\" \/>\n<meta property=\"og:description\" content=\"Meripelastusseuralla on oma koulutusj\u00e4rjestelm\u00e4, jonka mukaan kaikki pelastusmiehist\u00f6jen j\u00e4senet koulutetaan. Koulutuksen tavoitteena on antaa vapaaehtoisille meripelastajille sellaiset tiedot ja taidot, ett\u00e4 he voivat turvallisesti ja tehokkaasti toimia pelastusteht\u00e4viss\u00e4 meripelastusaluksilla. Koulutus toteutetaan keskusj\u00e4rjest\u00f6n valtakunnallisilla kursseilla sek\u00e4 j\u00e4senyhdistysten itse j\u00e4rjest\u00e4min\u00e4 koulutuksina ja k\u00e4yt\u00e4nn\u00f6n harjoituksina. Lis\u00e4ksi k\u00e4ytet\u00e4\u00e4n jonkin verran ulkopuolisia koulutuspalveluja. Seuran oma\u00a0toimintakeskus sijaitsee B\u00e5gask\u00e4riss\u00e4 Inkoon ulkosaaristossa. Koulutusj\u00e4rjestelm\u00e4 [&hellip;]\" \/>\n<meta property=\"og:url\" content=\"https:\/\/meripelastus.fi\/turku\/toiminta\/koulutus\/\" \/>\n<meta property=\"og:site_name\" content=\"Turun Meripelastusyhdistys\" \/>\n<meta property=\"article:modified_time\" content=\"2019-06-19T11:24:07+00:00\" \/>\n<meta property=\"og:image\" content=\"https:\/\/meripelastus.fi\/turku\/wp-content\/uploads\/sites\/22\/2019\/06\/8.jpg\" \/>\n\t<meta property=\"og:image:width\" content=\"2846\" \/>\n\t<meta property=\"og:image:height\" content=\"1393\" \/>\n\t<meta property=\"og:image:type\" content=\"image\/jpeg\" \/>\n<meta name=\"twitter:card\" content=\"summary_large_image\" \/>\n<meta name=\"twitter:label1\" content=\"Arvioitu lukuaika\" \/>\n\t<meta name=\"twitter:data1\" content=\"1 minuutti\" \/>\n<script type=\"application\/ld+json\" class=\"yoast-schema-graph\">{\"@context\":\"https:\/\/schema.org\",\"@graph\":[{\"@type\":\"WebPage\",\"@id\":\"https:\/\/meripelastus.fi\/turku\/toiminta\/koulutus\/\",\"url\":\"https:\/\/meripelastus.fi\/turku\/toiminta\/koulutus\/\",\"name\":\"Koulutus - Turun Meripelastusyhdistys\",\"isPartOf\":{\"@id\":\"https:\/\/meripelastus.fi\/turku\/#website\"},\"primaryImageOfPage\":{\"@id\":\"https:\/\/meripelastus.fi\/turku\/toiminta\/koulutus\/#primaryimage\"},\"image\":{\"@id\":\"https:\/\/meripelastus.fi\/turku\/toiminta\/koulutus\/#primaryimage\"},\"thumbnailUrl\":\"https:\/\/meripelastus.fi\/turku\/wp-content\/uploads\/sites\/22\/2019\/06\/8.jpg\",\"datePublished\":\"2019-05-22T15:51:36+00:00\",\"dateModified\":\"2019-06-19T11:24:07+00:00\",\"breadcrumb\":{\"@id\":\"https:\/\/meripelastus.fi\/turku\/toiminta\/koulutus\/#breadcrumb\"},\"inLanguage\":\"fi\",\"potentialAction\":[{\"@type\":\"ReadAction\",\"target\":[\"https:\/\/meripelastus.fi\/turku\/toiminta\/koulutus\/\"]}]},{\"@type\":\"ImageObject\",\"inLanguage\":\"fi\",\"@id\":\"https:\/\/meripelastus.fi\/turku\/toiminta\/koulutus\/#primaryimage\",\"url\":\"https:\/\/meripelastus.fi\/turku\/wp-content\/uploads\/sites\/22\/2019\/06\/8.jpg\",\"contentUrl\":\"https:\/\/meripelastus.fi\/turku\/wp-content\/uploads\/sites\/22\/2019\/06\/8.jpg\",\"width\":2846,\"height\":1393},{\"@type\":\"BreadcrumbList\",\"@id\":\"https:\/\/meripelastus.fi\/turku\/toiminta\/koulutus\/#breadcrumb\",\"itemListElement\":[{\"@type\":\"ListItem\",\"position\":1,\"name\":\"Etusivu\",\"item\":\"https:\/\/meripelastus.fi\/turku\/\"},{\"@type\":\"ListItem\",\"position\":2,\"name\":\"Toiminta\",\"item\":\"https:\/\/meripelastus.fi\/turku\/toiminta\/\"},{\"@type\":\"ListItem\",\"position\":3,\"name\":\"Koulutus\"}]},{\"@type\":\"WebSite\",\"@id\":\"https:\/\/meripelastus.fi\/turku\/#website\",\"url\":\"https:\/\/meripelastus.fi\/turku\/\",\"name\":\"Turun Meripelastusyhdistys\",\"description\":\"Vapaaehtoiset apunasi vesill\u00e4\",\"potentialAction\":[{\"@type\":\"SearchAction\",\"target\":{\"@type\":\"EntryPoint\",\"urlTemplate\":\"https:\/\/meripelastus.fi\/turku\/?s={search_term_string}\"},\"query-input\":{\"@type\":\"PropertyValueSpecification\",\"valueRequired\":true,\"valueName\":\"search_term_string\"}}],\"inLanguage\":\"fi\"}]}<\/script>\n<!-- \/ Yoast SEO Premium plugin. -->","yoast_head_json":{"title":"Koulutus - Turun Meripelastusyhdistys","robots":{"index":"index","follow":"follow","max-snippet":"max-snippet:-1","max-image-preview":"max-image-preview:large","max-video-preview":"max-video-preview:-1"},"canonical":"https:\/\/meripelastus.fi\/turku\/toiminta\/koulutus\/","og_locale":"fi_FI","og_type":"article","og_title":"Koulutus","og_description":"Meripelastusseuralla on oma koulutusj\u00e4rjestelm\u00e4, jonka mukaan kaikki pelastusmiehist\u00f6jen j\u00e4senet koulutetaan. Koulutuksen tavoitteena on antaa vapaaehtoisille meripelastajille sellaiset tiedot ja taidot, ett\u00e4 he voivat turvallisesti ja tehokkaasti toimia pelastusteht\u00e4viss\u00e4 meripelastusaluksilla. Koulutus toteutetaan keskusj\u00e4rjest\u00f6n valtakunnallisilla kursseilla sek\u00e4 j\u00e4senyhdistysten itse j\u00e4rjest\u00e4min\u00e4 koulutuksina ja k\u00e4yt\u00e4nn\u00f6n harjoituksina. Lis\u00e4ksi k\u00e4ytet\u00e4\u00e4n jonkin verran ulkopuolisia koulutuspalveluja. Seuran oma\u00a0toimintakeskus sijaitsee B\u00e5gask\u00e4riss\u00e4 Inkoon ulkosaaristossa. Koulutusj\u00e4rjestelm\u00e4 [&hellip;]","og_url":"https:\/\/meripelastus.fi\/turku\/toiminta\/koulutus\/","og_site_name":"Turun Meripelastusyhdistys","article_modified_time":"2019-06-19T11:24:07+00:00","og_image":[{"width":2846,"height":1393,"url":"https:\/\/meripelastus.fi\/turku\/wp-content\/uploads\/sites\/22\/2019\/06\/8.jpg","type":"image\/jpeg"}],"twitter_card":"summary_large_image","twitter_misc":{"Arvioitu lukuaika":"1 minuutti"},"schema":{"@context":"https:\/\/schema.org","@graph":[{"@type":"WebPage","@id":"https:\/\/meripelastus.fi\/turku\/toiminta\/koulutus\/","url":"https:\/\/meripelastus.fi\/turku\/toiminta\/koulutus\/","name":"Koulutus - Turun Meripelastusyhdistys","isPartOf":{"@id":"https:\/\/meripelastus.fi\/turku\/#website"},"primaryImageOfPage":{"@id":"https:\/\/meripelastus.fi\/turku\/toiminta\/koulutus\/#primaryimage"},"image":{"@id":"https:\/\/meripelastus.fi\/turku\/toiminta\/koulutus\/#primaryimage"},"thumbnailUrl":"https:\/\/meripelastus.fi\/turku\/wp-content\/uploads\/sites\/22\/2019\/06\/8.jpg","datePublished":"2019-05-22T15:51:36+00:00","dateModified":"2019-06-19T11:24:07+00:00","breadcrumb":{"@id":"https:\/\/meripelastus.fi\/turku\/toiminta\/koulutus\/#breadcrumb"},"inLanguage":"fi","potentialAction":[{"@type":"ReadAction","target":["https:\/\/meripelastus.fi\/turku\/toiminta\/koulutus\/"]}]},{"@type":"ImageObject","inLanguage":"fi","@id":"https:\/\/meripelastus.fi\/turku\/toiminta\/koulutus\/#primaryimage","url":"https:\/\/meripelastus.fi\/turku\/wp-content\/uploads\/sites\/22\/2019\/06\/8.jpg","contentUrl":"https:\/\/meripelastus.fi\/turku\/wp-content\/uploads\/sites\/22\/2019\/06\/8.jpg","width":2846,"height":1393},{"@type":"BreadcrumbList","@id":"https:\/\/meripelastus.fi\/turku\/toiminta\/koulutus\/#breadcrumb","itemListElement":[{"@type":"ListItem","position":1,"name":"Etusivu","item":"https:\/\/meripelastus.fi\/turku\/"},{"@type":"ListItem","position":2,"name":"Toiminta","item":"https:\/\/meripelastus.fi\/turku\/toiminta\/"},{"@type":"ListItem","position":3,"name":"Koulutus"}]},{"@type":"WebSite","@id":"https:\/\/meripelastus.fi\/turku\/#website","url":"https:\/\/meripelastus.fi\/turku\/","name":"Turun Meripelastusyhdistys","description":"Vapaaehtoiset apunasi vesill\u00e4","potentialAction":[{"@type":"SearchAction","target":{"@type":"EntryPoint","urlTemplate":"https:\/\/meripelastus.fi\/turku\/?s={search_term_string}"},"query-input":{"@type":"PropertyValueSpecification","valueRequired":true,"valueName":"search_term_string"}}],"inLanguage":"fi"}]}},"_links":{"self":[{"href":"https:\/\/meripelastus.fi\/turku\/wp-json\/wp\/v2\/pages\/248","targetHints":{"allow":["GET"]}}],"collection":[{"href":"https:\/\/meripelastus.fi\/turku\/wp-json\/wp\/v2\/pages"}],"about":[{"href":"https:\/\/meripelastus.fi\/turku\/wp-json\/wp\/v2\/types\/page"}],"author":[{"embeddable":true,"href":"https:\/\/meripelastus.fi\/turku\/wp-json\/wp\/v2\/users\/44"}],"replies":[{"embeddable":true,"href":"https:\/\/meripelastus.fi\/turku\/wp-json\/wp\/v2\/comments?post=248"}],"version-history":[{"count":10,"href":"https:\/\/meripelastus.fi\/turku\/wp-json\/wp\/v2\/pages\/248\/revisions"}],"predecessor-version":[{"id":561,"href":"https:\/\/meripelastus.fi\/turku\/wp-json\/wp\/v2\/pages\/248\/revisions\/561"}],"up":[{"embeddable":true,"href":"https:\/\/meripelastus.fi\/turku\/wp-json\/wp\/v2\/pages\/20"}],"wp:featuredmedia":[{"embeddable":true,"href":"https:\/\/meripelastus.fi\/turku\/wp-json\/wp\/v2\/media\/485"}],"wp:attachment":[{"href":"https:\/\/meripelastus.fi\/turku\/wp-json\/wp\/v2\/media?parent=248"}],"curies":[{"name":"wp","href":"https:\/\/api.w.org\/{rel}","templated":true}]}}