{"id":22,"date":"2018-03-19T09:18:43","date_gmt":"2018-03-19T07:18:43","guid":{"rendered":"http:\/\/basetemplate.smpsyhdistykset.16.testivedos.com\/?page_id=22"},"modified":"2019-06-15T22:59:24","modified_gmt":"2019-06-15T19:59:24","slug":"halytysohje","status":"publish","type":"page","link":"https:\/\/meripelastus.fi\/turku\/toiminta\/halytysohje\/","title":{"rendered":"H\u00e4lytysohje"},"content":{"rendered":"<p>Merell\u00e4 meripelastuksen h\u00e4lytysnumero <strong>0294 1000<br \/>\n<\/strong>Tai VHF-kanava <strong>16<\/strong> \/ <strong>VHF-DSC 70<\/strong><br \/>\nSis\u00e4vesill\u00e4 yleinen h\u00e4t\u00e4numero <strong>112<\/strong><\/p>\n<p><strong>H\u00e4t\u00e4- tai vaaratilanteessa ilmoita:<\/strong><\/p>\n<ul>\n<li>Nimesi (aluksesi nimi) ja yhteysmahdollisuudet<\/li>\n<li>Tapahtumapaikka mahdollisimman tarkasti<\/li>\n<li>mit\u00e4 on tapahtunut<\/li>\n<li>onko loukkaantuneita tai ihmishenki\u00e4 vaarassa<\/li>\n<li>Mit\u00e4 apua tarvitaan<\/li>\n<li><strong>\u00c4l\u00e4 katkaise yhteytt\u00e4 ennen kuin saat luvan<\/strong><\/li>\n<\/ul>\n<p>&nbsp;<\/p>\n<p>Kiireett\u00f6m\u00e4t Trossi-palvelupyynn\u00f6t numerosta <strong>0800 30 22 30<\/strong> (1.5.-31.10.).<\/p>\n<p>&nbsp;<\/p>\n<h2>Alarmanvisning<\/h2>\n<p><span>Sj\u00f6r\u00e4ddningens alarmnummer <\/span><b style=\"font-size: 1.1rem\">0294 1000<br \/>\n<\/b><span>Eller VHF-kanal <\/span><b style=\"font-size: 1.1rem\">16 \/ VHF-DSC 70<br \/>\n<\/b><span>Allm\u00e4nt n\u00f6dnummer <\/span><b style=\"font-size: 1.1rem\">112<\/b><\/p>\n<div class=\"module\">\n<ul>\n<li>Ber\u00e4tta (fartygets) namn och kontaktuppgifter<\/li>\n<li>Ber\u00e4tta exakt var olyckan skett<\/li>\n<li>Ber\u00e4tta vad som har h\u00e4nt<\/li>\n<li>Hur m\u00e5nga m\u00e4nniskor \u00e4r i fara, finns det skadade<\/li>\n<li>Ber\u00e4tta hurudan hj\u00e4lp det beh\u00f6vs<\/li>\n<li><strong>Avbryt inte kontakten f\u00f6rr\u00e4n du f\u00e5tt lov<\/strong><\/li>\n<\/ul>\n<\/div>\n<p>&nbsp;<\/p>\n<div class=\"module\">\n<div class=\"title\">\n<h2>Emergency instructions<\/h2>\n<\/div>\n<p>Distress calls to the Maritime Rescue Centre via VHF ch <b>16 \/ VHF-DSC 70<\/b><br \/>\nor by telephone <b>+358-294 1000<\/b> (international) <b>0294 1000<\/b> (national)<\/p>\n<ul>\n<li>Tell your (ships) name and contact information<\/li>\n<li>Tell your position<\/li>\n<li>Tell what has happened<\/li>\n<li>How many people are in danger, how many are injured<\/li>\n<li>Tell what kind of help is needed<\/li>\n<li><strong>Do not hang up before you get premission to do so<\/strong><\/li>\n<\/ul>\n<\/div>\n","protected":false},"excerpt":{"rendered":"<p>Merell\u00e4 meripelastuksen h\u00e4lytysnumero 0294 1000 Tai VHF-kanava 16 \/ VHF-DSC 70 Sis\u00e4vesill\u00e4 yleinen h\u00e4t\u00e4numero 112 H\u00e4t\u00e4- tai vaaratilanteessa ilmoita: Nimesi (aluksesi nimi) ja yhteysmahdollisuudet Tapahtumapaikka mahdollisimman tarkasti mit\u00e4 on tapahtunut onko loukkaantuneita tai ihmishenki\u00e4 vaarassa Mit\u00e4 apua tarvitaan \u00c4l\u00e4 katkaise yhteytt\u00e4 ennen kuin saat luvan &nbsp; Kiireett\u00f6m\u00e4t Trossi-palvelupyynn\u00f6t numerosta 0800 30 22 30 (1.5.-31.10.). &nbsp; [&hellip;]<\/p>\n","protected":false},"author":1,"featured_media":500,"parent":20,"menu_order":0,"comment_status":"closed","ping_status":"closed","template":"","meta":{"_acf_changed":false,"inline_featured_image":false,"footnotes":""},"class_list":["post-22","page","type-page","status-publish","has-post-thumbnail","hentry"],"acf":[],"yoast_head":"<!-- This site is optimized with the Yoast SEO Premium plugin v27.4 (Yoast SEO v27.4) - https:\/\/yoast.com\/product\/yoast-seo-premium-wordpress\/ -->\n<title>H\u00e4lytysohje - Turun Meripelastusyhdistys<\/title>\n<meta name=\"robots\" content=\"index, follow, max-snippet:-1, max-image-preview:large, max-video-preview:-1\" \/>\n<link rel=\"canonical\" href=\"https:\/\/meripelastus.fi\/turku\/toiminta\/halytysohje\/\" \/>\n<meta property=\"og:locale\" content=\"fi_FI\" \/>\n<meta property=\"og:type\" content=\"article\" \/>\n<meta property=\"og:title\" content=\"H\u00e4lytysohje\" \/>\n<meta property=\"og:description\" content=\"Merell\u00e4 meripelastuksen h\u00e4lytysnumero 0294 1000 Tai VHF-kanava 16 \/ VHF-DSC 70 Sis\u00e4vesill\u00e4 yleinen h\u00e4t\u00e4numero 112 H\u00e4t\u00e4- tai vaaratilanteessa ilmoita: Nimesi (aluksesi nimi) ja yhteysmahdollisuudet Tapahtumapaikka mahdollisimman tarkasti mit\u00e4 on tapahtunut onko loukkaantuneita tai ihmishenki\u00e4 vaarassa Mit\u00e4 apua tarvitaan \u00c4l\u00e4 katkaise yhteytt\u00e4 ennen kuin saat luvan &nbsp; Kiireett\u00f6m\u00e4t Trossi-palvelupyynn\u00f6t numerosta 0800 30 22 30 (1.5.-31.10.). &nbsp; [&hellip;]\" \/>\n<meta property=\"og:url\" content=\"https:\/\/meripelastus.fi\/turku\/toiminta\/halytysohje\/\" \/>\n<meta property=\"og:site_name\" content=\"Turun Meripelastusyhdistys\" \/>\n<meta property=\"article:modified_time\" content=\"2019-06-15T19:59:24+00:00\" \/>\n<meta property=\"og:image\" content=\"https:\/\/meripelastus.fi\/turku\/wp-content\/uploads\/sites\/22\/2019\/06\/9_1_edited.jpg\" \/>\n\t<meta property=\"og:image:width\" content=\"2731\" \/>\n\t<meta property=\"og:image:height\" content=\"1464\" \/>\n\t<meta property=\"og:image:type\" content=\"image\/jpeg\" \/>\n<meta name=\"twitter:card\" content=\"summary_large_image\" \/>\n<meta name=\"twitter:label1\" content=\"Arvioitu lukuaika\" \/>\n\t<meta name=\"twitter:data1\" content=\"1 minuutti\" \/>\n<script type=\"application\/ld+json\" class=\"yoast-schema-graph\">{\"@context\":\"https:\\\/\\\/schema.org\",\"@graph\":[{\"@type\":\"WebPage\",\"@id\":\"https:\\\/\\\/meripelastus.fi\\\/turku\\\/toiminta\\\/halytysohje\\\/\",\"url\":\"https:\\\/\\\/meripelastus.fi\\\/turku\\\/toiminta\\\/halytysohje\\\/\",\"name\":\"H\u00e4lytysohje - Turun Meripelastusyhdistys\",\"isPartOf\":{\"@id\":\"https:\\\/\\\/meripelastus.fi\\\/turku\\\/#website\"},\"primaryImageOfPage\":{\"@id\":\"https:\\\/\\\/meripelastus.fi\\\/turku\\\/toiminta\\\/halytysohje\\\/#primaryimage\"},\"image\":{\"@id\":\"https:\\\/\\\/meripelastus.fi\\\/turku\\\/toiminta\\\/halytysohje\\\/#primaryimage\"},\"thumbnailUrl\":\"https:\\\/\\\/meripelastus.fi\\\/turku\\\/wp-content\\\/uploads\\\/sites\\\/22\\\/2019\\\/06\\\/9_1_edited.jpg\",\"datePublished\":\"2018-03-19T07:18:43+00:00\",\"dateModified\":\"2019-06-15T19:59:24+00:00\",\"breadcrumb\":{\"@id\":\"https:\\\/\\\/meripelastus.fi\\\/turku\\\/toiminta\\\/halytysohje\\\/#breadcrumb\"},\"inLanguage\":\"fi\",\"potentialAction\":[{\"@type\":\"ReadAction\",\"target\":[\"https:\\\/\\\/meripelastus.fi\\\/turku\\\/toiminta\\\/halytysohje\\\/\"]}]},{\"@type\":\"ImageObject\",\"inLanguage\":\"fi\",\"@id\":\"https:\\\/\\\/meripelastus.fi\\\/turku\\\/toiminta\\\/halytysohje\\\/#primaryimage\",\"url\":\"https:\\\/\\\/meripelastus.fi\\\/turku\\\/wp-content\\\/uploads\\\/sites\\\/22\\\/2019\\\/06\\\/9_1_edited.jpg\",\"contentUrl\":\"https:\\\/\\\/meripelastus.fi\\\/turku\\\/wp-content\\\/uploads\\\/sites\\\/22\\\/2019\\\/06\\\/9_1_edited.jpg\",\"width\":2731,\"height\":1464},{\"@type\":\"BreadcrumbList\",\"@id\":\"https:\\\/\\\/meripelastus.fi\\\/turku\\\/toiminta\\\/halytysohje\\\/#breadcrumb\",\"itemListElement\":[{\"@type\":\"ListItem\",\"position\":1,\"name\":\"Etusivu\",\"item\":\"https:\\\/\\\/meripelastus.fi\\\/turku\\\/\"},{\"@type\":\"ListItem\",\"position\":2,\"name\":\"Toiminta\",\"item\":\"https:\\\/\\\/meripelastus.fi\\\/turku\\\/toiminta\\\/\"},{\"@type\":\"ListItem\",\"position\":3,\"name\":\"H\u00e4lytysohje\"}]},{\"@type\":\"WebSite\",\"@id\":\"https:\\\/\\\/meripelastus.fi\\\/turku\\\/#website\",\"url\":\"https:\\\/\\\/meripelastus.fi\\\/turku\\\/\",\"name\":\"Turun Meripelastusyhdistys\",\"description\":\"Vapaaehtoiset apunasi vesill\u00e4\",\"potentialAction\":[{\"@type\":\"SearchAction\",\"target\":{\"@type\":\"EntryPoint\",\"urlTemplate\":\"https:\\\/\\\/meripelastus.fi\\\/turku\\\/?s={search_term_string}\"},\"query-input\":{\"@type\":\"PropertyValueSpecification\",\"valueRequired\":true,\"valueName\":\"search_term_string\"}}],\"inLanguage\":\"fi\"}]}<\/script>\n<!-- \/ Yoast SEO Premium plugin. -->","yoast_head_json":{"title":"H\u00e4lytysohje - Turun Meripelastusyhdistys","robots":{"index":"index","follow":"follow","max-snippet":"max-snippet:-1","max-image-preview":"max-image-preview:large","max-video-preview":"max-video-preview:-1"},"canonical":"https:\/\/meripelastus.fi\/turku\/toiminta\/halytysohje\/","og_locale":"fi_FI","og_type":"article","og_title":"H\u00e4lytysohje","og_description":"Merell\u00e4 meripelastuksen h\u00e4lytysnumero 0294 1000 Tai VHF-kanava 16 \/ VHF-DSC 70 Sis\u00e4vesill\u00e4 yleinen h\u00e4t\u00e4numero 112 H\u00e4t\u00e4- tai vaaratilanteessa ilmoita: Nimesi (aluksesi nimi) ja yhteysmahdollisuudet Tapahtumapaikka mahdollisimman tarkasti mit\u00e4 on tapahtunut onko loukkaantuneita tai ihmishenki\u00e4 vaarassa Mit\u00e4 apua tarvitaan \u00c4l\u00e4 katkaise yhteytt\u00e4 ennen kuin saat luvan &nbsp; Kiireett\u00f6m\u00e4t Trossi-palvelupyynn\u00f6t numerosta 0800 30 22 30 (1.5.-31.10.). &nbsp; [&hellip;]","og_url":"https:\/\/meripelastus.fi\/turku\/toiminta\/halytysohje\/","og_site_name":"Turun Meripelastusyhdistys","article_modified_time":"2019-06-15T19:59:24+00:00","og_image":[{"width":2731,"height":1464,"url":"https:\/\/meripelastus.fi\/turku\/wp-content\/uploads\/sites\/22\/2019\/06\/9_1_edited.jpg","type":"image\/jpeg"}],"twitter_card":"summary_large_image","twitter_misc":{"Arvioitu lukuaika":"1 minuutti"},"schema":{"@context":"https:\/\/schema.org","@graph":[{"@type":"WebPage","@id":"https:\/\/meripelastus.fi\/turku\/toiminta\/halytysohje\/","url":"https:\/\/meripelastus.fi\/turku\/toiminta\/halytysohje\/","name":"H\u00e4lytysohje - Turun Meripelastusyhdistys","isPartOf":{"@id":"https:\/\/meripelastus.fi\/turku\/#website"},"primaryImageOfPage":{"@id":"https:\/\/meripelastus.fi\/turku\/toiminta\/halytysohje\/#primaryimage"},"image":{"@id":"https:\/\/meripelastus.fi\/turku\/toiminta\/halytysohje\/#primaryimage"},"thumbnailUrl":"https:\/\/meripelastus.fi\/turku\/wp-content\/uploads\/sites\/22\/2019\/06\/9_1_edited.jpg","datePublished":"2018-03-19T07:18:43+00:00","dateModified":"2019-06-15T19:59:24+00:00","breadcrumb":{"@id":"https:\/\/meripelastus.fi\/turku\/toiminta\/halytysohje\/#breadcrumb"},"inLanguage":"fi","potentialAction":[{"@type":"ReadAction","target":["https:\/\/meripelastus.fi\/turku\/toiminta\/halytysohje\/"]}]},{"@type":"ImageObject","inLanguage":"fi","@id":"https:\/\/meripelastus.fi\/turku\/toiminta\/halytysohje\/#primaryimage","url":"https:\/\/meripelastus.fi\/turku\/wp-content\/uploads\/sites\/22\/2019\/06\/9_1_edited.jpg","contentUrl":"https:\/\/meripelastus.fi\/turku\/wp-content\/uploads\/sites\/22\/2019\/06\/9_1_edited.jpg","width":2731,"height":1464},{"@type":"BreadcrumbList","@id":"https:\/\/meripelastus.fi\/turku\/toiminta\/halytysohje\/#breadcrumb","itemListElement":[{"@type":"ListItem","position":1,"name":"Etusivu","item":"https:\/\/meripelastus.fi\/turku\/"},{"@type":"ListItem","position":2,"name":"Toiminta","item":"https:\/\/meripelastus.fi\/turku\/toiminta\/"},{"@type":"ListItem","position":3,"name":"H\u00e4lytysohje"}]},{"@type":"WebSite","@id":"https:\/\/meripelastus.fi\/turku\/#website","url":"https:\/\/meripelastus.fi\/turku\/","name":"Turun Meripelastusyhdistys","description":"Vapaaehtoiset apunasi vesill\u00e4","potentialAction":[{"@type":"SearchAction","target":{"@type":"EntryPoint","urlTemplate":"https:\/\/meripelastus.fi\/turku\/?s={search_term_string}"},"query-input":{"@type":"PropertyValueSpecification","valueRequired":true,"valueName":"search_term_string"}}],"inLanguage":"fi"}]}},"_links":{"self":[{"href":"https:\/\/meripelastus.fi\/turku\/wp-json\/wp\/v2\/pages\/22","targetHints":{"allow":["GET"]}}],"collection":[{"href":"https:\/\/meripelastus.fi\/turku\/wp-json\/wp\/v2\/pages"}],"about":[{"href":"https:\/\/meripelastus.fi\/turku\/wp-json\/wp\/v2\/types\/page"}],"author":[{"embeddable":true,"href":"https:\/\/meripelastus.fi\/turku\/wp-json\/wp\/v2\/users\/1"}],"replies":[{"embeddable":true,"href":"https:\/\/meripelastus.fi\/turku\/wp-json\/wp\/v2\/comments?post=22"}],"version-history":[{"count":12,"href":"https:\/\/meripelastus.fi\/turku\/wp-json\/wp\/v2\/pages\/22\/revisions"}],"predecessor-version":[{"id":437,"href":"https:\/\/meripelastus.fi\/turku\/wp-json\/wp\/v2\/pages\/22\/revisions\/437"}],"up":[{"embeddable":true,"href":"https:\/\/meripelastus.fi\/turku\/wp-json\/wp\/v2\/pages\/20"}],"wp:featuredmedia":[{"embeddable":true,"href":"https:\/\/meripelastus.fi\/turku\/wp-json\/wp\/v2\/media\/500"}],"wp:attachment":[{"href":"https:\/\/meripelastus.fi\/turku\/wp-json\/wp\/v2\/media?parent=22"}],"curies":[{"name":"wp","href":"https:\/\/api.w.org\/{rel}","templated":true}]}}