{"id":820,"date":"2026-03-22T07:42:23","date_gmt":"2026-03-22T05:42:23","guid":{"rendered":"https:\/\/meripelastus.fi\/tammisaari\/?page_id=820"},"modified":"2026-03-22T07:52:50","modified_gmt":"2026-03-22T05:52:50","slug":"liity-jaseneksi","status":"publish","type":"page","link":"https:\/\/meripelastus.fi\/tammisaari\/fi\/liity-jaseneksi\/","title":{"rendered":"Liity j\u00e4seneksi"},"content":{"rendered":"\n<h2 class=\"wp-block-heading\" id=\"h-jasenluokat\">J\u00e4senluokat<\/h2>\n\n\n\n<details class=\"wp-block-details is-layout-flow wp-block-details-is-layout-flow\"><summary>Plus- tai Premium-j\u00e4senpalvelu<\/summary>\n<ul class=\"wp-block-list\">\n<li>Plus-j\u00e4senpalvelu<\/li>\n\n\n\n<li>Premium-j\u00e4senpalvelu<\/li>\n<\/ul>\n<\/details>\n\n\n\n<div class=\"wp-block-buttons is-layout-flex wp-block-buttons-is-layout-flex\">\n<div class=\"wp-block-button\"><a class=\"wp-block-button__link wp-element-button\" href=\"https:\/\/meripelastus.fi\/jaseneksi\/\" target=\"_blank\" rel=\"noreferrer noopener\">Lue lis\u00e4\u00e4 j\u00e4senpalvelusta<\/a><\/div>\n<\/div>\n\n\n\n<details class=\"wp-block-details is-layout-flow wp-block-details-is-layout-flow\"><summary>Henkil\u00f6j\u00e4senyys<\/summary>\n<ul class=\"wp-block-list\">\n<li>Miehist\u00f6 \/ H\u00e4lytysmiehist\u00f6<\/li>\n\n\n\n<li>Nuorisoj\u00e4senyys<\/li>\n\n\n\n<li>Perhej\u00e4senyys<\/li>\n\n\n\n<li>Yritysj\u00e4senyys<\/li>\n<\/ul>\n<\/details>\n\n\n\n<h2 class=\"wp-block-heading\" id=\"h-liity-jaseneksi\">Liity j\u00e4seneksi<\/h2>\n\n\n\n<p>Liity j\u00e4seneksi, tai p\u00e4ivit\u00e4 j\u00e4senyytesi alla olevan linkin kautta:<\/p>\n\n\n\n<div class=\"wp-block-buttons is-layout-flex wp-block-buttons-is-layout-flex\">\n<div class=\"wp-block-button\"><a class=\"wp-block-button__link wp-element-button\" href=\"https:\/\/meripelastus.fi\/jasenyys\/liittymislomakkeet\/\" target=\"_blank\" rel=\"noreferrer noopener\">Liittymislomake<\/a><\/div>\n<\/div>\n\n\n\n<p><\/p>\n","protected":false},"excerpt":{"rendered":"<p>J\u00e4senluokat Liity j\u00e4seneksi Liity j\u00e4seneksi, tai p\u00e4ivit\u00e4 j\u00e4senyytesi alla olevan linkin kautta:<\/p>\n","protected":false},"author":90,"featured_media":411,"parent":0,"menu_order":0,"comment_status":"closed","ping_status":"closed","template":"","meta":{"_acf_changed":false,"inline_featured_image":false,"footnotes":""},"class_list":["post-820","page","type-page","status-publish","has-post-thumbnail","hentry"],"acf":[],"yoast_head":"<!-- This site is optimized with the Yoast SEO Premium plugin v27.2 (Yoast SEO v27.2) - https:\/\/yoast.com\/product\/yoast-seo-premium-wordpress\/ -->\n<title>Liity j\u00e4seneksi - FSRS Eken\u00e4s Sj\u00f6r\u00e4ddare r.f. - SMPS Tammisaaren Meripelastajat r.y.<\/title>\n<meta name=\"robots\" content=\"index, follow, max-snippet:-1, max-image-preview:large, max-video-preview:-1\" \/>\n<link rel=\"canonical\" href=\"https:\/\/meripelastus.fi\/tammisaari\/fi\/liity-jaseneksi\/\" \/>\n<meta property=\"og:locale\" content=\"sv_SE\" \/>\n<meta property=\"og:type\" content=\"article\" \/>\n<meta property=\"og:title\" content=\"Liity j\u00e4seneksi\" \/>\n<meta property=\"og:description\" content=\"J\u00e4senluokat Liity j\u00e4seneksi Liity j\u00e4seneksi, tai p\u00e4ivit\u00e4 j\u00e4senyytesi alla olevan linkin kautta:\" \/>\n<meta property=\"og:url\" content=\"https:\/\/meripelastus.fi\/tammisaari\/fi\/liity-jaseneksi\/\" \/>\n<meta property=\"og:site_name\" content=\"FSRS Eken\u00e4s Sj\u00f6r\u00e4ddare r.f. - SMPS Tammisaaren Meripelastajat r.y.\" \/>\n<meta property=\"article:modified_time\" content=\"2026-03-22T05:52:50+00:00\" \/>\n<meta property=\"og:image\" content=\"https:\/\/meripelastus.fi\/tammisaari\/wp-content\/uploads\/sites\/35\/2023\/01\/20210702_200709_w2000_light.jpg\" \/>\n\t<meta property=\"og:image:width\" content=\"2000\" \/>\n\t<meta property=\"og:image:height\" content=\"1500\" \/>\n\t<meta property=\"og:image:type\" content=\"image\/jpeg\" \/>\n<meta name=\"twitter:card\" content=\"summary_large_image\" \/>\n<meta name=\"twitter:label1\" content=\"Ber\u00e4knad l\u00e4stid\" \/>\n\t<meta name=\"twitter:data1\" content=\"1 minut\" \/>\n<script type=\"application\/ld+json\" class=\"yoast-schema-graph\">{\"@context\":\"https:\/\/schema.org\",\"@graph\":[{\"@type\":\"WebPage\",\"@id\":\"https:\/\/meripelastus.fi\/tammisaari\/fi\/liity-jaseneksi\/\",\"url\":\"https:\/\/meripelastus.fi\/tammisaari\/fi\/liity-jaseneksi\/\",\"name\":\"Liity j\u00e4seneksi - FSRS Eken\u00e4s Sj\u00f6r\u00e4ddare r.f. - SMPS Tammisaaren Meripelastajat r.y.\",\"isPartOf\":{\"@id\":\"https:\/\/meripelastus.fi\/tammisaari\/#website\"},\"primaryImageOfPage\":{\"@id\":\"https:\/\/meripelastus.fi\/tammisaari\/fi\/liity-jaseneksi\/#primaryimage\"},\"image\":{\"@id\":\"https:\/\/meripelastus.fi\/tammisaari\/fi\/liity-jaseneksi\/#primaryimage\"},\"thumbnailUrl\":\"https:\/\/meripelastus.fi\/tammisaari\/wp-content\/uploads\/sites\/35\/2023\/01\/20210702_200709_w2000_light.jpg\",\"datePublished\":\"2026-03-22T05:42:23+00:00\",\"dateModified\":\"2026-03-22T05:52:50+00:00\",\"breadcrumb\":{\"@id\":\"https:\/\/meripelastus.fi\/tammisaari\/fi\/liity-jaseneksi\/#breadcrumb\"},\"inLanguage\":\"sv-SE\",\"potentialAction\":[{\"@type\":\"ReadAction\",\"target\":[\"https:\/\/meripelastus.fi\/tammisaari\/fi\/liity-jaseneksi\/\"]}]},{\"@type\":\"ImageObject\",\"inLanguage\":\"sv-SE\",\"@id\":\"https:\/\/meripelastus.fi\/tammisaari\/fi\/liity-jaseneksi\/#primaryimage\",\"url\":\"https:\/\/meripelastus.fi\/tammisaari\/wp-content\/uploads\/sites\/35\/2023\/01\/20210702_200709_w2000_light.jpg\",\"contentUrl\":\"https:\/\/meripelastus.fi\/tammisaari\/wp-content\/uploads\/sites\/35\/2023\/01\/20210702_200709_w2000_light.jpg\",\"width\":2000,\"height\":1500},{\"@type\":\"BreadcrumbList\",\"@id\":\"https:\/\/meripelastus.fi\/tammisaari\/fi\/liity-jaseneksi\/#breadcrumb\",\"itemListElement\":[{\"@type\":\"ListItem\",\"position\":1,\"name\":\"Etusivu\",\"item\":\"https:\/\/meripelastus.fi\/tammisaari\/fi\/\"},{\"@type\":\"ListItem\",\"position\":2,\"name\":\"Liity j\u00e4seneksi\"}]},{\"@type\":\"WebSite\",\"@id\":\"https:\/\/meripelastus.fi\/tammisaari\/#website\",\"url\":\"https:\/\/meripelastus.fi\/tammisaari\/\",\"name\":\"FSRS Eken\u00e4s Sj\u00f6r\u00e4ddare r.f. - SMPS Tammisaaren Meripelastajat r.y.\",\"description\":\"Vapaaehtoiset apunasi vesill\u00e4\",\"potentialAction\":[{\"@type\":\"SearchAction\",\"target\":{\"@type\":\"EntryPoint\",\"urlTemplate\":\"https:\/\/meripelastus.fi\/tammisaari\/?s={search_term_string}\"},\"query-input\":{\"@type\":\"PropertyValueSpecification\",\"valueRequired\":true,\"valueName\":\"search_term_string\"}}],\"inLanguage\":\"sv-SE\"}]}<\/script>\n<!-- \/ Yoast SEO Premium plugin. -->","yoast_head_json":{"title":"Liity j\u00e4seneksi - FSRS Eken\u00e4s Sj\u00f6r\u00e4ddare r.f. - SMPS Tammisaaren Meripelastajat r.y.","robots":{"index":"index","follow":"follow","max-snippet":"max-snippet:-1","max-image-preview":"max-image-preview:large","max-video-preview":"max-video-preview:-1"},"canonical":"https:\/\/meripelastus.fi\/tammisaari\/fi\/liity-jaseneksi\/","og_locale":"sv_SE","og_type":"article","og_title":"Liity j\u00e4seneksi","og_description":"J\u00e4senluokat Liity j\u00e4seneksi Liity j\u00e4seneksi, tai p\u00e4ivit\u00e4 j\u00e4senyytesi alla olevan linkin kautta:","og_url":"https:\/\/meripelastus.fi\/tammisaari\/fi\/liity-jaseneksi\/","og_site_name":"FSRS Eken\u00e4s Sj\u00f6r\u00e4ddare r.f. - SMPS Tammisaaren Meripelastajat r.y.","article_modified_time":"2026-03-22T05:52:50+00:00","og_image":[{"width":2000,"height":1500,"url":"https:\/\/meripelastus.fi\/tammisaari\/wp-content\/uploads\/sites\/35\/2023\/01\/20210702_200709_w2000_light.jpg","type":"image\/jpeg"}],"twitter_card":"summary_large_image","twitter_misc":{"Ber\u00e4knad l\u00e4stid":"1 minut"},"schema":{"@context":"https:\/\/schema.org","@graph":[{"@type":"WebPage","@id":"https:\/\/meripelastus.fi\/tammisaari\/fi\/liity-jaseneksi\/","url":"https:\/\/meripelastus.fi\/tammisaari\/fi\/liity-jaseneksi\/","name":"Liity j\u00e4seneksi - FSRS Eken\u00e4s Sj\u00f6r\u00e4ddare r.f. - SMPS Tammisaaren Meripelastajat r.y.","isPartOf":{"@id":"https:\/\/meripelastus.fi\/tammisaari\/#website"},"primaryImageOfPage":{"@id":"https:\/\/meripelastus.fi\/tammisaari\/fi\/liity-jaseneksi\/#primaryimage"},"image":{"@id":"https:\/\/meripelastus.fi\/tammisaari\/fi\/liity-jaseneksi\/#primaryimage"},"thumbnailUrl":"https:\/\/meripelastus.fi\/tammisaari\/wp-content\/uploads\/sites\/35\/2023\/01\/20210702_200709_w2000_light.jpg","datePublished":"2026-03-22T05:42:23+00:00","dateModified":"2026-03-22T05:52:50+00:00","breadcrumb":{"@id":"https:\/\/meripelastus.fi\/tammisaari\/fi\/liity-jaseneksi\/#breadcrumb"},"inLanguage":"sv-SE","potentialAction":[{"@type":"ReadAction","target":["https:\/\/meripelastus.fi\/tammisaari\/fi\/liity-jaseneksi\/"]}]},{"@type":"ImageObject","inLanguage":"sv-SE","@id":"https:\/\/meripelastus.fi\/tammisaari\/fi\/liity-jaseneksi\/#primaryimage","url":"https:\/\/meripelastus.fi\/tammisaari\/wp-content\/uploads\/sites\/35\/2023\/01\/20210702_200709_w2000_light.jpg","contentUrl":"https:\/\/meripelastus.fi\/tammisaari\/wp-content\/uploads\/sites\/35\/2023\/01\/20210702_200709_w2000_light.jpg","width":2000,"height":1500},{"@type":"BreadcrumbList","@id":"https:\/\/meripelastus.fi\/tammisaari\/fi\/liity-jaseneksi\/#breadcrumb","itemListElement":[{"@type":"ListItem","position":1,"name":"Etusivu","item":"https:\/\/meripelastus.fi\/tammisaari\/fi\/"},{"@type":"ListItem","position":2,"name":"Liity j\u00e4seneksi"}]},{"@type":"WebSite","@id":"https:\/\/meripelastus.fi\/tammisaari\/#website","url":"https:\/\/meripelastus.fi\/tammisaari\/","name":"FSRS Eken\u00e4s Sj\u00f6r\u00e4ddare r.f. - SMPS Tammisaaren Meripelastajat r.y.","description":"Vapaaehtoiset apunasi vesill\u00e4","potentialAction":[{"@type":"SearchAction","target":{"@type":"EntryPoint","urlTemplate":"https:\/\/meripelastus.fi\/tammisaari\/?s={search_term_string}"},"query-input":{"@type":"PropertyValueSpecification","valueRequired":true,"valueName":"search_term_string"}}],"inLanguage":"sv-SE"}]}},"_links":{"self":[{"href":"https:\/\/meripelastus.fi\/tammisaari\/wp-json\/wp\/v2\/pages\/820","targetHints":{"allow":["GET"]}}],"collection":[{"href":"https:\/\/meripelastus.fi\/tammisaari\/wp-json\/wp\/v2\/pages"}],"about":[{"href":"https:\/\/meripelastus.fi\/tammisaari\/wp-json\/wp\/v2\/types\/page"}],"author":[{"embeddable":true,"href":"https:\/\/meripelastus.fi\/tammisaari\/wp-json\/wp\/v2\/users\/90"}],"replies":[{"embeddable":true,"href":"https:\/\/meripelastus.fi\/tammisaari\/wp-json\/wp\/v2\/comments?post=820"}],"version-history":[{"count":2,"href":"https:\/\/meripelastus.fi\/tammisaari\/wp-json\/wp\/v2\/pages\/820\/revisions"}],"predecessor-version":[{"id":825,"href":"https:\/\/meripelastus.fi\/tammisaari\/wp-json\/wp\/v2\/pages\/820\/revisions\/825"}],"wp:featuredmedia":[{"embeddable":true,"href":"https:\/\/meripelastus.fi\/tammisaari\/wp-json\/wp\/v2\/media\/411"}],"wp:attachment":[{"href":"https:\/\/meripelastus.fi\/tammisaari\/wp-json\/wp\/v2\/media?parent=820"}],"curies":[{"name":"wp","href":"https:\/\/api.w.org\/{rel}","templated":true}]}}