{"id":815,"date":"2026-03-22T07:39:58","date_gmt":"2026-03-22T05:39:58","guid":{"rendered":"https:\/\/meripelastus.fi\/tammisaari\/?page_id=815"},"modified":"2026-03-22T15:01:08","modified_gmt":"2026-03-22T13:01:08","slug":"bli-medlem","status":"publish","type":"page","link":"https:\/\/meripelastus.fi\/tammisaari\/bli-medlem\/","title":{"rendered":"Bli medlem"},"content":{"rendered":"\n<h2 class=\"wp-block-heading\" id=\"h-medlemstyper\">Medlemstyper<\/h2>\n\n\n\n<details class=\"wp-block-details is-layout-flow wp-block-details-is-layout-flow\"><summary>Plus- eller Premium- medlemstj\u00e4nst<\/summary>\n<ul class=\"wp-block-list\">\n<li>Plus-medlemstj\u00e4nst<br>\u00c5r 2026: 98 \u20ac\/\u00e5r. I Plus-medlemstj\u00e4nsten ing\u00e5r personmedlemskap.<\/li>\n\n\n\n<li>Premium-medlemstj\u00e4nst<br>\u00c5r 2026: 148 \u20ac\/\u00e5r. I Premium-medlemstj\u00e4nsten ing\u00e5r personmedlemskap.<\/li>\n<\/ul>\n<\/details>\n\n\n\n<div class=\"wp-block-buttons is-layout-flex wp-block-buttons-is-layout-flex\">\n<div class=\"wp-block-button\"><a class=\"wp-block-button__link wp-element-button\" href=\"https:\/\/meripelastus.fi\/sv\/medlemstjanst\/\" target=\"_blank\" rel=\"noreferrer noopener\">L\u00e4s mer om medlemstj\u00e4nsten<\/a><\/div>\n<\/div>\n\n\n\n<details class=\"wp-block-details is-layout-flow wp-block-details-is-layout-flow\"><summary>Personmedlem<\/summary>\n<ul class=\"wp-block-list\">\n<li>Personmedlemskap (Bes\u00e4ttning \/ Alarmbes\u00e4ttning)<br>\u00c5r 2026: 40 \u20ac\/\u00e5r. F\u00f6r personer \u00f6ver 16 \u00e5r. Om du \u00f6nskar bli aktiv inom bes\u00e4ttningen ta kontakt med f\u00f6reningens utbildningsansvariga. F\u00f6r att ans\u00f6ka om alarmbes\u00e4ttningsskap, b\u00f6r personen vara med i bes\u00e4ttningen och minst 18 \u00e5r gammal.<br><\/li>\n\n\n\n<li>Ungdomsmedlemskap<br>\u00c5r 2026: 30 \u20ac\/\u00e5r. F\u00f6r personer under 16 \u00e5r.<br><\/li>\n\n\n\n<li>Familjemedlem<br>\u00c5r 2026: 25 \u20ac\/\u00e5r. Familjemedlemskapet kr\u00e4ver att minst en i samma hush\u00e5ll \u00e4r inskriven i f\u00f6reningen som personmedlem. Familjemedlemmar f\u00e5r inte medlemstidningen, men har annars samma r\u00e4ttigheter som personmedlemmar. <br><\/li>\n\n\n\n<li>F\u00f6retagsmedlem<br>\u00c5r 2026: 300 \u20ac\/\u00e5r. F\u00f6r f\u00f6retag som vill st\u00f6da f\u00f6reningens verksamhet. Som f\u00f6retagsmedlem har du m\u00f6jlighet att f\u00e5 din logo\/namn p\u00e5 f\u00f6reningens webbplats.<\/li>\n<\/ul>\n<\/details>\n\n\n\n<h2 class=\"wp-block-heading\" id=\"h-anslut-dig-som-medlem\">Anslut dig som medlem<\/h2>\n\n\n\n<p>Anslut dig som medlem, eller uppdatera ditt medlemskap via l\u00e4nken nedan:<\/p>\n\n\n\n<div class=\"wp-block-buttons is-layout-flex wp-block-buttons-is-layout-flex\">\n<div class=\"wp-block-button\"><a class=\"wp-block-button__link wp-element-button\" href=\"https:\/\/meripelastus.fi\/sv\/medlemskap\/bli-medlem\/\" target=\"_blank\" rel=\"noreferrer noopener\">Medlemsblankett<\/a><\/div>\n<\/div>\n\n\n\n<p><\/p>\n","protected":false},"excerpt":{"rendered":"<p>Medlemstyper Anslut dig som medlem Anslut dig som medlem, eller uppdatera ditt medlemskap via l\u00e4nken nedan:<\/p>\n","protected":false},"author":90,"featured_media":410,"parent":0,"menu_order":0,"comment_status":"closed","ping_status":"closed","template":"","meta":{"_acf_changed":false,"inline_featured_image":false,"footnotes":""},"class_list":["post-815","page","type-page","status-publish","has-post-thumbnail","hentry"],"acf":[],"yoast_head":"<!-- This site is optimized with the Yoast SEO Premium plugin v27.2 (Yoast SEO v27.2) - https:\/\/yoast.com\/product\/yoast-seo-premium-wordpress\/ -->\n<title>Bli medlem - FSRS Eken\u00e4s Sj\u00f6r\u00e4ddare r.f. - SMPS Tammisaaren Meripelastajat r.y.<\/title>\n<meta name=\"robots\" content=\"index, follow, max-snippet:-1, max-image-preview:large, max-video-preview:-1\" \/>\n<link rel=\"canonical\" href=\"https:\/\/meripelastus.fi\/tammisaari\/bli-medlem\/\" \/>\n<meta property=\"og:locale\" content=\"sv_SE\" \/>\n<meta property=\"og:type\" content=\"article\" \/>\n<meta property=\"og:title\" content=\"Bli medlem\" \/>\n<meta property=\"og:description\" content=\"Medlemstyper Anslut dig som medlem Anslut dig som medlem, eller uppdatera ditt medlemskap via l\u00e4nken nedan:\" \/>\n<meta property=\"og:url\" content=\"https:\/\/meripelastus.fi\/tammisaari\/bli-medlem\/\" \/>\n<meta property=\"og:site_name\" content=\"FSRS Eken\u00e4s Sj\u00f6r\u00e4ddare r.f. - SMPS Tammisaaren Meripelastajat r.y.\" \/>\n<meta property=\"article:modified_time\" content=\"2026-03-22T13:01:08+00:00\" \/>\n<meta property=\"og:image\" content=\"https:\/\/meripelastus.fi\/tammisaari\/wp-content\/uploads\/sites\/35\/2023\/01\/20210702_200709_w2000_light.jpg\" \/>\n\t<meta property=\"og:image:width\" content=\"2000\" \/>\n\t<meta property=\"og:image:height\" content=\"1500\" \/>\n\t<meta property=\"og:image:type\" content=\"image\/jpeg\" \/>\n<meta name=\"twitter:card\" content=\"summary_large_image\" \/>\n<meta name=\"twitter:label1\" content=\"Ber\u00e4knad l\u00e4stid\" \/>\n\t<meta name=\"twitter:data1\" content=\"1 minut\" \/>\n<script type=\"application\/ld+json\" class=\"yoast-schema-graph\">{\"@context\":\"https:\/\/schema.org\",\"@graph\":[{\"@type\":\"WebPage\",\"@id\":\"https:\/\/meripelastus.fi\/tammisaari\/bli-medlem\/\",\"url\":\"https:\/\/meripelastus.fi\/tammisaari\/bli-medlem\/\",\"name\":\"Bli medlem - FSRS Eken\u00e4s Sj\u00f6r\u00e4ddare r.f. - SMPS Tammisaaren Meripelastajat r.y.\",\"isPartOf\":{\"@id\":\"https:\/\/meripelastus.fi\/tammisaari\/#website\"},\"primaryImageOfPage\":{\"@id\":\"https:\/\/meripelastus.fi\/tammisaari\/bli-medlem\/#primaryimage\"},\"image\":{\"@id\":\"https:\/\/meripelastus.fi\/tammisaari\/bli-medlem\/#primaryimage\"},\"thumbnailUrl\":\"https:\/\/meripelastus.fi\/tammisaari\/wp-content\/uploads\/sites\/35\/2023\/01\/20210702_200709_w2000_light.jpg\",\"datePublished\":\"2026-03-22T05:39:58+00:00\",\"dateModified\":\"2026-03-22T13:01:08+00:00\",\"breadcrumb\":{\"@id\":\"https:\/\/meripelastus.fi\/tammisaari\/bli-medlem\/#breadcrumb\"},\"inLanguage\":\"sv-SE\",\"potentialAction\":[{\"@type\":\"ReadAction\",\"target\":[\"https:\/\/meripelastus.fi\/tammisaari\/bli-medlem\/\"]}]},{\"@type\":\"ImageObject\",\"inLanguage\":\"sv-SE\",\"@id\":\"https:\/\/meripelastus.fi\/tammisaari\/bli-medlem\/#primaryimage\",\"url\":\"https:\/\/meripelastus.fi\/tammisaari\/wp-content\/uploads\/sites\/35\/2023\/01\/20210702_200709_w2000_light.jpg\",\"contentUrl\":\"https:\/\/meripelastus.fi\/tammisaari\/wp-content\/uploads\/sites\/35\/2023\/01\/20210702_200709_w2000_light.jpg\",\"width\":2000,\"height\":1500},{\"@type\":\"BreadcrumbList\",\"@id\":\"https:\/\/meripelastus.fi\/tammisaari\/bli-medlem\/#breadcrumb\",\"itemListElement\":[{\"@type\":\"ListItem\",\"position\":1,\"name\":\"Etusivu\",\"item\":\"https:\/\/meripelastus.fi\/tammisaari\/fi\/\"},{\"@type\":\"ListItem\",\"position\":2,\"name\":\"Bli medlem\"}]},{\"@type\":\"WebSite\",\"@id\":\"https:\/\/meripelastus.fi\/tammisaari\/#website\",\"url\":\"https:\/\/meripelastus.fi\/tammisaari\/\",\"name\":\"FSRS Eken\u00e4s Sj\u00f6r\u00e4ddare r.f. - SMPS Tammisaaren Meripelastajat r.y.\",\"description\":\"Vapaaehtoiset apunasi vesill\u00e4\",\"potentialAction\":[{\"@type\":\"SearchAction\",\"target\":{\"@type\":\"EntryPoint\",\"urlTemplate\":\"https:\/\/meripelastus.fi\/tammisaari\/?s={search_term_string}\"},\"query-input\":{\"@type\":\"PropertyValueSpecification\",\"valueRequired\":true,\"valueName\":\"search_term_string\"}}],\"inLanguage\":\"sv-SE\"}]}<\/script>\n<!-- \/ Yoast SEO Premium plugin. -->","yoast_head_json":{"title":"Bli medlem - FSRS Eken\u00e4s Sj\u00f6r\u00e4ddare r.f. - SMPS Tammisaaren Meripelastajat r.y.","robots":{"index":"index","follow":"follow","max-snippet":"max-snippet:-1","max-image-preview":"max-image-preview:large","max-video-preview":"max-video-preview:-1"},"canonical":"https:\/\/meripelastus.fi\/tammisaari\/bli-medlem\/","og_locale":"sv_SE","og_type":"article","og_title":"Bli medlem","og_description":"Medlemstyper Anslut dig som medlem Anslut dig som medlem, eller uppdatera ditt medlemskap via l\u00e4nken nedan:","og_url":"https:\/\/meripelastus.fi\/tammisaari\/bli-medlem\/","og_site_name":"FSRS Eken\u00e4s Sj\u00f6r\u00e4ddare r.f. - SMPS Tammisaaren Meripelastajat r.y.","article_modified_time":"2026-03-22T13:01:08+00:00","og_image":[{"width":2000,"height":1500,"url":"https:\/\/meripelastus.fi\/tammisaari\/wp-content\/uploads\/sites\/35\/2023\/01\/20210702_200709_w2000_light.jpg","type":"image\/jpeg"}],"twitter_card":"summary_large_image","twitter_misc":{"Ber\u00e4knad l\u00e4stid":"1 minut"},"schema":{"@context":"https:\/\/schema.org","@graph":[{"@type":"WebPage","@id":"https:\/\/meripelastus.fi\/tammisaari\/bli-medlem\/","url":"https:\/\/meripelastus.fi\/tammisaari\/bli-medlem\/","name":"Bli medlem - FSRS Eken\u00e4s Sj\u00f6r\u00e4ddare r.f. - SMPS Tammisaaren Meripelastajat r.y.","isPartOf":{"@id":"https:\/\/meripelastus.fi\/tammisaari\/#website"},"primaryImageOfPage":{"@id":"https:\/\/meripelastus.fi\/tammisaari\/bli-medlem\/#primaryimage"},"image":{"@id":"https:\/\/meripelastus.fi\/tammisaari\/bli-medlem\/#primaryimage"},"thumbnailUrl":"https:\/\/meripelastus.fi\/tammisaari\/wp-content\/uploads\/sites\/35\/2023\/01\/20210702_200709_w2000_light.jpg","datePublished":"2026-03-22T05:39:58+00:00","dateModified":"2026-03-22T13:01:08+00:00","breadcrumb":{"@id":"https:\/\/meripelastus.fi\/tammisaari\/bli-medlem\/#breadcrumb"},"inLanguage":"sv-SE","potentialAction":[{"@type":"ReadAction","target":["https:\/\/meripelastus.fi\/tammisaari\/bli-medlem\/"]}]},{"@type":"ImageObject","inLanguage":"sv-SE","@id":"https:\/\/meripelastus.fi\/tammisaari\/bli-medlem\/#primaryimage","url":"https:\/\/meripelastus.fi\/tammisaari\/wp-content\/uploads\/sites\/35\/2023\/01\/20210702_200709_w2000_light.jpg","contentUrl":"https:\/\/meripelastus.fi\/tammisaari\/wp-content\/uploads\/sites\/35\/2023\/01\/20210702_200709_w2000_light.jpg","width":2000,"height":1500},{"@type":"BreadcrumbList","@id":"https:\/\/meripelastus.fi\/tammisaari\/bli-medlem\/#breadcrumb","itemListElement":[{"@type":"ListItem","position":1,"name":"Etusivu","item":"https:\/\/meripelastus.fi\/tammisaari\/fi\/"},{"@type":"ListItem","position":2,"name":"Bli medlem"}]},{"@type":"WebSite","@id":"https:\/\/meripelastus.fi\/tammisaari\/#website","url":"https:\/\/meripelastus.fi\/tammisaari\/","name":"FSRS Eken\u00e4s Sj\u00f6r\u00e4ddare r.f. - SMPS Tammisaaren Meripelastajat r.y.","description":"Vapaaehtoiset apunasi vesill\u00e4","potentialAction":[{"@type":"SearchAction","target":{"@type":"EntryPoint","urlTemplate":"https:\/\/meripelastus.fi\/tammisaari\/?s={search_term_string}"},"query-input":{"@type":"PropertyValueSpecification","valueRequired":true,"valueName":"search_term_string"}}],"inLanguage":"sv-SE"}]}},"_links":{"self":[{"href":"https:\/\/meripelastus.fi\/tammisaari\/wp-json\/wp\/v2\/pages\/815","targetHints":{"allow":["GET"]}}],"collection":[{"href":"https:\/\/meripelastus.fi\/tammisaari\/wp-json\/wp\/v2\/pages"}],"about":[{"href":"https:\/\/meripelastus.fi\/tammisaari\/wp-json\/wp\/v2\/types\/page"}],"author":[{"embeddable":true,"href":"https:\/\/meripelastus.fi\/tammisaari\/wp-json\/wp\/v2\/users\/90"}],"replies":[{"embeddable":true,"href":"https:\/\/meripelastus.fi\/tammisaari\/wp-json\/wp\/v2\/comments?post=815"}],"version-history":[{"count":9,"href":"https:\/\/meripelastus.fi\/tammisaari\/wp-json\/wp\/v2\/pages\/815\/revisions"}],"predecessor-version":[{"id":836,"href":"https:\/\/meripelastus.fi\/tammisaari\/wp-json\/wp\/v2\/pages\/815\/revisions\/836"}],"wp:featuredmedia":[{"embeddable":true,"href":"https:\/\/meripelastus.fi\/tammisaari\/wp-json\/wp\/v2\/media\/410"}],"wp:attachment":[{"href":"https:\/\/meripelastus.fi\/tammisaari\/wp-json\/wp\/v2\/media?parent=815"}],"curies":[{"name":"wp","href":"https:\/\/api.w.org\/{rel}","templated":true}]}}