{"id":8,"date":"2018-03-19T09:16:29","date_gmt":"2018-03-19T07:16:29","guid":{"rendered":"http:\/\/basetemplate.smpsyhdistykset.16.testivedos.com\/?page_id=8"},"modified":"2024-01-19T10:55:21","modified_gmt":"2024-01-19T08:55:21","slug":"tietoa-meista","status":"publish","type":"page","link":"https:\/\/meripelastus.fi\/tammisaari\/fi\/tammisaaren-meripelastajat\/tietoa-meista\/","title":{"rendered":"Tietoa meist\u00e4"},"content":{"rendered":"\n<p><\/p>\n\n\n\n<p>SMPS Tammisaaren meripelastajat r.y. on meripelastusyhdistys, jolla p\u00e4\u00e4toimialue on Raasepori. Yhdistyksell\u00e4 on noin 440 j\u00e4sent\u00e4 (tilastotieto tammikuu 2024), joista noin 360 niist\u00e4 ovat j\u00e4seni\u00e4 jolla on Trossi palvelu.<\/p>\n\n\n\n<h2 class=\"wp-block-heading\">Yhdistys ja toiminta vapaaehtoisin voimin<\/h2>\n\n\n\n<p>Kaikki yhdistyksess\u00e4 ovat vapaaehtoisia. T\u00e4m\u00e4 tarkoittaa ett\u00e4 sek\u00e4 koulutus ja ennaltaehk\u00e4isev\u00e4\u00e4 toimintaa sek\u00e4 operatiivist\u00e4 toimintaa harjoitetaan vapaaehtoisvoimin jotka ovat t\u00e4ysin riippuvaisia j\u00e4senmaksuista ja tukirahoituksista, sek\u00e4 yksitysihenkil\u00f6ilt\u00e4, yrityksilt\u00e4 sek\u00e4 s\u00e4\u00e4ti\u00f6ilt\u00e4.<\/p>\n\n\n\n<p>Yhdistyksen tarkoituksena on m.m.<\/p>\n\n\n\n<ul class=\"wp-block-list\">\n<li>aktiivisesti osallistua meripelastusty\u00f6h\u00f6n toiminta-alueellamme yhteisty\u00f6ss\u00e4 viranomaisten ja muiden toimioiden kanssa.<\/li>\n\n\n\n<li>edist\u00e4\u00e4 kiinnostusta meripelastusta kohtaan ja parantaa meripelastustaitoja.<\/li>\n\n\n\n<li>tukea muiden yhdistysten meriturvallisuusty\u00f6t\u00e4.<\/li>\n<\/ul>\n\n\n\n<p>Lyhyesti sanottuna,<\/p>\n\n\n\n<ul class=\"wp-block-list\">\n<li>toimia vaarojen ja vaurioiden ennaltaehk\u00e4isemiseksi.<\/li>\n<\/ul>\n\n\n\n<p>Mutta vaaratilanteiden sattuessa<\/p>\n\n\n\n<ul class=\"wp-block-list\">\n<li>minimoida niiden seuraukset.<\/li>\n<\/ul>\n\n\n\n<h2 class=\"wp-block-heading\">Yhdistys historialla<\/h2>\n\n\n\n<p>Yhdistys perustettiin vuonna 1965, mutta jo vuotta aiemmin oli suunnitelmia yhdistyksen perustamiselle. Alkuaikoina toiminta keskittyi etsint\u00e4laivueisiin ja yhdistys sai ensimm\u00e4isen veneens\u00e4 1978. Yhdistyksen nimi oli tuolloin Sj\u00f6r\u00e4ddningsf\u00f6reningen i V\u00e4stra Nyland eli L\u00e4nsi-Uudenmaan meripelastusyhdistys.<\/p>\n\n\n\n<h2 class=\"wp-block-heading\">Laaja toiminta, laajalla toiminta-alueella<\/h2>\n\n\n\n<p>Tammisaaren Meripelastajat j\u00e4rjest\u00e4\u00e4 tiedotustilaisuuksia ja osallistuu messuihin ja vastaaviin toimintaan eteenkin Raaseporissa. Yhdistys tekee yhteisty\u00f6t\u00e4 viranomaisten ja muiden toimioiden kanssa, turvataaksemme vesill\u00e4 liikkujia ja vesien l\u00e4hell\u00e4 olevia ihmisi\u00e4. Tiivis yhteisty\u00f6 l\u00e4hell\u00e4 olevien meripelastusyhdistyksien kanssa, on my\u00f6s tosi t\u00e4rke\u00e4\u00e4.<\/p>\n\n\n\n<p>Toiminta-alueemme ylt\u00e4\u00e4 Pohjasta pohjoisessa, Bar\u00f6sundista id\u00e4ss\u00e4 Hankoon l\u00e4nness\u00e4 ja Viroon etel\u00e4ss\u00e4. Tarvittaessa meid\u00e4n aluksemme liikkuvat viel\u00e4 isommalla alueella.<\/p>\n\n\n\n<h2 class=\"wp-block-heading\">Nuoriso-osasto<\/h2>\n\n\n\n<p>Yhdistyksell\u00e4 on aktiivinen nuorisotoiminta. Toimintaan voi hakea kun on t\u00e4ytt\u00e4nyt 10 vuotta. 16 vuoden i\u00e4n saavuttanut j\u00e4sen, on mahdollisuus osallistua miehist\u00f6n\u00e4, ja 18 vuoden ik\u00e4isen\u00e4 on mahdollisuus hakea mukaan h\u00e4lytysmiehist\u00f6\u00f6n.<\/p>\n\n\n\n<p>Kaikki kiinnostuneet tulemaan mukaan toimintaan, kehotetaan ottamaan yhteytt\u00e4 nuorisovastaavaan. Ainut mit\u00e4 sinulla tulisi olla mukanasi on, yleinen fyysinen kunto ja osa uimataitoa.<\/p>\n","protected":false},"excerpt":{"rendered":"<p>SMPS Tammisaaren meripelastajat r.y. on meripelastusyhdistys, jolla p\u00e4\u00e4toimialue on Raasepori. Yhdistyksell\u00e4 on noin 440 j\u00e4sent\u00e4 (tilastotieto tammikuu 2024), joista noin 360 niist\u00e4 ovat j\u00e4seni\u00e4 jolla on Trossi palvelu. Yhdistys ja toiminta vapaaehtoisin voimin Kaikki yhdistyksess\u00e4 ovat vapaaehtoisia. T\u00e4m\u00e4 tarkoittaa ett\u00e4 sek\u00e4 koulutus ja ennaltaehk\u00e4isev\u00e4\u00e4 toimintaa sek\u00e4 operatiivist\u00e4 toimintaa harjoitetaan vapaaehtoisvoimin jotka ovat t\u00e4ysin riippuvaisia j\u00e4senmaksuista [&hellip;]<\/p>\n","protected":false},"author":1,"featured_media":411,"parent":6,"menu_order":0,"comment_status":"closed","ping_status":"closed","template":"","meta":{"_acf_changed":false,"inline_featured_image":false,"footnotes":""},"class_list":["post-8","page","type-page","status-publish","has-post-thumbnail","hentry"],"acf":[],"yoast_head":"<!-- This site is optimized with the Yoast SEO Premium plugin v27.2 (Yoast SEO v27.2) - https:\/\/yoast.com\/product\/yoast-seo-premium-wordpress\/ -->\n<title>Tietoa meist\u00e4 - FSRS Eken\u00e4s Sj\u00f6r\u00e4ddare r.f. - SMPS Tammisaaren Meripelastajat r.y.<\/title>\n<meta name=\"robots\" content=\"index, follow, max-snippet:-1, max-image-preview:large, max-video-preview:-1\" \/>\n<link rel=\"canonical\" href=\"https:\/\/meripelastus.fi\/tammisaari\/fi\/tammisaaren-meripelastajat\/tietoa-meista\/\" \/>\n<meta property=\"og:locale\" content=\"sv_SE\" \/>\n<meta property=\"og:type\" content=\"article\" \/>\n<meta property=\"og:title\" content=\"Tietoa meist\u00e4\" \/>\n<meta property=\"og:description\" content=\"SMPS Tammisaaren meripelastajat r.y. on meripelastusyhdistys, jolla p\u00e4\u00e4toimialue on Raasepori. Yhdistyksell\u00e4 on noin 440 j\u00e4sent\u00e4 (tilastotieto tammikuu 2024), joista noin 360 niist\u00e4 ovat j\u00e4seni\u00e4 jolla on Trossi palvelu. Yhdistys ja toiminta vapaaehtoisin voimin Kaikki yhdistyksess\u00e4 ovat vapaaehtoisia. T\u00e4m\u00e4 tarkoittaa ett\u00e4 sek\u00e4 koulutus ja ennaltaehk\u00e4isev\u00e4\u00e4 toimintaa sek\u00e4 operatiivist\u00e4 toimintaa harjoitetaan vapaaehtoisvoimin jotka ovat t\u00e4ysin riippuvaisia j\u00e4senmaksuista [&hellip;]\" \/>\n<meta property=\"og:url\" content=\"https:\/\/meripelastus.fi\/tammisaari\/fi\/tammisaaren-meripelastajat\/tietoa-meista\/\" \/>\n<meta property=\"og:site_name\" content=\"FSRS Eken\u00e4s Sj\u00f6r\u00e4ddare r.f. - SMPS Tammisaaren Meripelastajat r.y.\" \/>\n<meta property=\"article:modified_time\" content=\"2024-01-19T08:55:21+00:00\" \/>\n<meta property=\"og:image\" content=\"https:\/\/meripelastus.fi\/tammisaari\/wp-content\/uploads\/sites\/35\/2023\/01\/20210702_200709_w2000_light.jpg\" \/>\n\t<meta property=\"og:image:width\" content=\"2000\" \/>\n\t<meta property=\"og:image:height\" content=\"1500\" \/>\n\t<meta property=\"og:image:type\" content=\"image\/jpeg\" \/>\n<meta name=\"twitter:card\" content=\"summary_large_image\" \/>\n<meta name=\"twitter:label1\" content=\"Ber\u00e4knad l\u00e4stid\" \/>\n\t<meta name=\"twitter:data1\" content=\"2 minuter\" \/>\n<script type=\"application\/ld+json\" class=\"yoast-schema-graph\">{\"@context\":\"https:\/\/schema.org\",\"@graph\":[{\"@type\":\"WebPage\",\"@id\":\"https:\/\/meripelastus.fi\/tammisaari\/fi\/tammisaaren-meripelastajat\/tietoa-meista\/\",\"url\":\"https:\/\/meripelastus.fi\/tammisaari\/fi\/tammisaaren-meripelastajat\/tietoa-meista\/\",\"name\":\"Tietoa meist\u00e4 - FSRS Eken\u00e4s Sj\u00f6r\u00e4ddare r.f. - SMPS Tammisaaren Meripelastajat r.y.\",\"isPartOf\":{\"@id\":\"https:\/\/meripelastus.fi\/tammisaari\/#website\"},\"primaryImageOfPage\":{\"@id\":\"https:\/\/meripelastus.fi\/tammisaari\/fi\/tammisaaren-meripelastajat\/tietoa-meista\/#primaryimage\"},\"image\":{\"@id\":\"https:\/\/meripelastus.fi\/tammisaari\/fi\/tammisaaren-meripelastajat\/tietoa-meista\/#primaryimage\"},\"thumbnailUrl\":\"https:\/\/meripelastus.fi\/tammisaari\/wp-content\/uploads\/sites\/35\/2023\/01\/20210702_200709_w2000_light.jpg\",\"datePublished\":\"2018-03-19T07:16:29+00:00\",\"dateModified\":\"2024-01-19T08:55:21+00:00\",\"breadcrumb\":{\"@id\":\"https:\/\/meripelastus.fi\/tammisaari\/fi\/tammisaaren-meripelastajat\/tietoa-meista\/#breadcrumb\"},\"inLanguage\":\"sv-SE\",\"potentialAction\":[{\"@type\":\"ReadAction\",\"target\":[\"https:\/\/meripelastus.fi\/tammisaari\/fi\/tammisaaren-meripelastajat\/tietoa-meista\/\"]}]},{\"@type\":\"ImageObject\",\"inLanguage\":\"sv-SE\",\"@id\":\"https:\/\/meripelastus.fi\/tammisaari\/fi\/tammisaaren-meripelastajat\/tietoa-meista\/#primaryimage\",\"url\":\"https:\/\/meripelastus.fi\/tammisaari\/wp-content\/uploads\/sites\/35\/2023\/01\/20210702_200709_w2000_light.jpg\",\"contentUrl\":\"https:\/\/meripelastus.fi\/tammisaari\/wp-content\/uploads\/sites\/35\/2023\/01\/20210702_200709_w2000_light.jpg\",\"width\":2000,\"height\":1500},{\"@type\":\"BreadcrumbList\",\"@id\":\"https:\/\/meripelastus.fi\/tammisaari\/fi\/tammisaaren-meripelastajat\/tietoa-meista\/#breadcrumb\",\"itemListElement\":[{\"@type\":\"ListItem\",\"position\":1,\"name\":\"Etusivu\",\"item\":\"https:\/\/meripelastus.fi\/tammisaari\/fi\/\"},{\"@type\":\"ListItem\",\"position\":2,\"name\":\"Tammisaaren Meripelastajat\",\"item\":\"https:\/\/meripelastus.fi\/tammisaari\/fi\/tammisaaren-meripelastajat\/\"},{\"@type\":\"ListItem\",\"position\":3,\"name\":\"Tietoa meist\u00e4\"}]},{\"@type\":\"WebSite\",\"@id\":\"https:\/\/meripelastus.fi\/tammisaari\/#website\",\"url\":\"https:\/\/meripelastus.fi\/tammisaari\/\",\"name\":\"FSRS Eken\u00e4s Sj\u00f6r\u00e4ddare r.f. - SMPS Tammisaaren Meripelastajat r.y.\",\"description\":\"Vapaaehtoiset apunasi vesill\u00e4\",\"potentialAction\":[{\"@type\":\"SearchAction\",\"target\":{\"@type\":\"EntryPoint\",\"urlTemplate\":\"https:\/\/meripelastus.fi\/tammisaari\/?s={search_term_string}\"},\"query-input\":{\"@type\":\"PropertyValueSpecification\",\"valueRequired\":true,\"valueName\":\"search_term_string\"}}],\"inLanguage\":\"sv-SE\"}]}<\/script>\n<!-- \/ Yoast SEO Premium plugin. -->","yoast_head_json":{"title":"Tietoa meist\u00e4 - FSRS Eken\u00e4s Sj\u00f6r\u00e4ddare r.f. - SMPS Tammisaaren Meripelastajat r.y.","robots":{"index":"index","follow":"follow","max-snippet":"max-snippet:-1","max-image-preview":"max-image-preview:large","max-video-preview":"max-video-preview:-1"},"canonical":"https:\/\/meripelastus.fi\/tammisaari\/fi\/tammisaaren-meripelastajat\/tietoa-meista\/","og_locale":"sv_SE","og_type":"article","og_title":"Tietoa meist\u00e4","og_description":"SMPS Tammisaaren meripelastajat r.y. on meripelastusyhdistys, jolla p\u00e4\u00e4toimialue on Raasepori. Yhdistyksell\u00e4 on noin 440 j\u00e4sent\u00e4 (tilastotieto tammikuu 2024), joista noin 360 niist\u00e4 ovat j\u00e4seni\u00e4 jolla on Trossi palvelu. Yhdistys ja toiminta vapaaehtoisin voimin Kaikki yhdistyksess\u00e4 ovat vapaaehtoisia. T\u00e4m\u00e4 tarkoittaa ett\u00e4 sek\u00e4 koulutus ja ennaltaehk\u00e4isev\u00e4\u00e4 toimintaa sek\u00e4 operatiivist\u00e4 toimintaa harjoitetaan vapaaehtoisvoimin jotka ovat t\u00e4ysin riippuvaisia j\u00e4senmaksuista [&hellip;]","og_url":"https:\/\/meripelastus.fi\/tammisaari\/fi\/tammisaaren-meripelastajat\/tietoa-meista\/","og_site_name":"FSRS Eken\u00e4s Sj\u00f6r\u00e4ddare r.f. - SMPS Tammisaaren Meripelastajat r.y.","article_modified_time":"2024-01-19T08:55:21+00:00","og_image":[{"width":2000,"height":1500,"url":"https:\/\/meripelastus.fi\/tammisaari\/wp-content\/uploads\/sites\/35\/2023\/01\/20210702_200709_w2000_light.jpg","type":"image\/jpeg"}],"twitter_card":"summary_large_image","twitter_misc":{"Ber\u00e4knad l\u00e4stid":"2 minuter"},"schema":{"@context":"https:\/\/schema.org","@graph":[{"@type":"WebPage","@id":"https:\/\/meripelastus.fi\/tammisaari\/fi\/tammisaaren-meripelastajat\/tietoa-meista\/","url":"https:\/\/meripelastus.fi\/tammisaari\/fi\/tammisaaren-meripelastajat\/tietoa-meista\/","name":"Tietoa meist\u00e4 - FSRS Eken\u00e4s Sj\u00f6r\u00e4ddare r.f. - SMPS Tammisaaren Meripelastajat r.y.","isPartOf":{"@id":"https:\/\/meripelastus.fi\/tammisaari\/#website"},"primaryImageOfPage":{"@id":"https:\/\/meripelastus.fi\/tammisaari\/fi\/tammisaaren-meripelastajat\/tietoa-meista\/#primaryimage"},"image":{"@id":"https:\/\/meripelastus.fi\/tammisaari\/fi\/tammisaaren-meripelastajat\/tietoa-meista\/#primaryimage"},"thumbnailUrl":"https:\/\/meripelastus.fi\/tammisaari\/wp-content\/uploads\/sites\/35\/2023\/01\/20210702_200709_w2000_light.jpg","datePublished":"2018-03-19T07:16:29+00:00","dateModified":"2024-01-19T08:55:21+00:00","breadcrumb":{"@id":"https:\/\/meripelastus.fi\/tammisaari\/fi\/tammisaaren-meripelastajat\/tietoa-meista\/#breadcrumb"},"inLanguage":"sv-SE","potentialAction":[{"@type":"ReadAction","target":["https:\/\/meripelastus.fi\/tammisaari\/fi\/tammisaaren-meripelastajat\/tietoa-meista\/"]}]},{"@type":"ImageObject","inLanguage":"sv-SE","@id":"https:\/\/meripelastus.fi\/tammisaari\/fi\/tammisaaren-meripelastajat\/tietoa-meista\/#primaryimage","url":"https:\/\/meripelastus.fi\/tammisaari\/wp-content\/uploads\/sites\/35\/2023\/01\/20210702_200709_w2000_light.jpg","contentUrl":"https:\/\/meripelastus.fi\/tammisaari\/wp-content\/uploads\/sites\/35\/2023\/01\/20210702_200709_w2000_light.jpg","width":2000,"height":1500},{"@type":"BreadcrumbList","@id":"https:\/\/meripelastus.fi\/tammisaari\/fi\/tammisaaren-meripelastajat\/tietoa-meista\/#breadcrumb","itemListElement":[{"@type":"ListItem","position":1,"name":"Etusivu","item":"https:\/\/meripelastus.fi\/tammisaari\/fi\/"},{"@type":"ListItem","position":2,"name":"Tammisaaren Meripelastajat","item":"https:\/\/meripelastus.fi\/tammisaari\/fi\/tammisaaren-meripelastajat\/"},{"@type":"ListItem","position":3,"name":"Tietoa meist\u00e4"}]},{"@type":"WebSite","@id":"https:\/\/meripelastus.fi\/tammisaari\/#website","url":"https:\/\/meripelastus.fi\/tammisaari\/","name":"FSRS Eken\u00e4s Sj\u00f6r\u00e4ddare r.f. - SMPS Tammisaaren Meripelastajat r.y.","description":"Vapaaehtoiset apunasi vesill\u00e4","potentialAction":[{"@type":"SearchAction","target":{"@type":"EntryPoint","urlTemplate":"https:\/\/meripelastus.fi\/tammisaari\/?s={search_term_string}"},"query-input":{"@type":"PropertyValueSpecification","valueRequired":true,"valueName":"search_term_string"}}],"inLanguage":"sv-SE"}]}},"_links":{"self":[{"href":"https:\/\/meripelastus.fi\/tammisaari\/wp-json\/wp\/v2\/pages\/8","targetHints":{"allow":["GET"]}}],"collection":[{"href":"https:\/\/meripelastus.fi\/tammisaari\/wp-json\/wp\/v2\/pages"}],"about":[{"href":"https:\/\/meripelastus.fi\/tammisaari\/wp-json\/wp\/v2\/types\/page"}],"author":[{"embeddable":true,"href":"https:\/\/meripelastus.fi\/tammisaari\/wp-json\/wp\/v2\/users\/1"}],"replies":[{"embeddable":true,"href":"https:\/\/meripelastus.fi\/tammisaari\/wp-json\/wp\/v2\/comments?post=8"}],"version-history":[{"count":10,"href":"https:\/\/meripelastus.fi\/tammisaari\/wp-json\/wp\/v2\/pages\/8\/revisions"}],"predecessor-version":[{"id":646,"href":"https:\/\/meripelastus.fi\/tammisaari\/wp-json\/wp\/v2\/pages\/8\/revisions\/646"}],"up":[{"embeddable":true,"href":"https:\/\/meripelastus.fi\/tammisaari\/wp-json\/wp\/v2\/pages\/6"}],"wp:featuredmedia":[{"embeddable":true,"href":"https:\/\/meripelastus.fi\/tammisaari\/wp-json\/wp\/v2\/media\/411"}],"wp:attachment":[{"href":"https:\/\/meripelastus.fi\/tammisaari\/wp-json\/wp\/v2\/media?parent=8"}],"curies":[{"name":"wp","href":"https:\/\/api.w.org\/{rel}","templated":true}]}}