{"id":724,"date":"2025-05-06T18:34:28","date_gmt":"2025-05-06T15:34:28","guid":{"rendered":"https:\/\/meripelastus.fi\/tammisaari\/?page_id=724"},"modified":"2025-11-20T13:51:34","modified_gmt":"2025-11-20T11:51:34","slug":"sponsorit","status":"publish","type":"page","link":"https:\/\/meripelastus.fi\/tammisaari\/fi\/sponsorit\/","title":{"rendered":"Sponsorit"},"content":{"rendered":"\n<p>Listaa p\u00e4ivitet\u00e4\u00e4n. \/ Sivu on ty\u00f6n alla.<\/p>\n\n\n\n<p><\/p>\n\n\n\n<figure class=\"wp-block-image size-full is-resized\"><a href=\"https:\/\/www.karistelefon.fi\/\" target=\"_blank\" rel=\" noreferrer noopener\"><img loading=\"lazy\" decoding=\"async\" width=\"892\" height=\"250\" src=\"https:\/\/meripelastus.fi\/tammisaari\/wp-content\/uploads\/sites\/35\/2025\/11\/KT_KP_cmyk_orig.png\" alt=\"\" class=\"wp-image-750\" style=\"width:428px;height:auto\" srcset=\"https:\/\/meripelastus.fi\/tammisaari\/wp-content\/uploads\/sites\/35\/2025\/11\/KT_KP_cmyk_orig.png 892w, https:\/\/meripelastus.fi\/tammisaari\/wp-content\/uploads\/sites\/35\/2025\/11\/KT_KP_cmyk_orig-300x84.png 300w, https:\/\/meripelastus.fi\/tammisaari\/wp-content\/uploads\/sites\/35\/2025\/11\/KT_KP_cmyk_orig-768x215.png 768w\" sizes=\"auto, (max-width: 892px) 100vw, 892px\" \/><\/a><\/figure>\n\n\n\n<p>Haluatko nimesi tai yrityksesi logoa t\u00e4lle sivulle? \u00c4l\u00e4 ep\u00e4r\u00f6i ottaa yhteytt\u00e4!<\/p>\n\n\n\n<p>Ota yhteytt\u00e4 meihin: info@ekenassjoraddare.org<\/p>\n","protected":false},"excerpt":{"rendered":"<p>Listaa p\u00e4ivitet\u00e4\u00e4n. \/ Sivu on ty\u00f6n alla. Haluatko nimesi tai yrityksesi logoa t\u00e4lle sivulle? \u00c4l\u00e4 ep\u00e4r\u00f6i ottaa yhteytt\u00e4! Ota yhteytt\u00e4 meihin: info@ekenassjoraddare.org<\/p>\n","protected":false},"author":90,"featured_media":0,"parent":0,"menu_order":0,"comment_status":"closed","ping_status":"closed","template":"","meta":{"_acf_changed":false,"inline_featured_image":false,"footnotes":""},"class_list":["post-724","page","type-page","status-publish","hentry"],"acf":[],"yoast_head":"<!-- This site is optimized with the Yoast SEO Premium plugin v27.4 (Yoast SEO v27.4) - https:\/\/yoast.com\/product\/yoast-seo-premium-wordpress\/ -->\n<title>Sponsorit - FSRS Eken\u00e4s Sj\u00f6r\u00e4ddare r.f. - SMPS Tammisaaren Meripelastajat r.y.<\/title>\n<meta name=\"robots\" content=\"index, follow, max-snippet:-1, max-image-preview:large, max-video-preview:-1\" \/>\n<link rel=\"canonical\" href=\"https:\/\/meripelastus.fi\/tammisaari\/fi\/sponsorit\/\" \/>\n<meta property=\"og:locale\" content=\"sv_SE\" \/>\n<meta property=\"og:type\" content=\"article\" \/>\n<meta property=\"og:title\" content=\"Sponsorit\" \/>\n<meta property=\"og:description\" content=\"Listaa p\u00e4ivitet\u00e4\u00e4n. \/ Sivu on ty\u00f6n alla. Haluatko nimesi tai yrityksesi logoa t\u00e4lle sivulle? \u00c4l\u00e4 ep\u00e4r\u00f6i ottaa yhteytt\u00e4! Ota yhteytt\u00e4 meihin: info@ekenassjoraddare.org\" \/>\n<meta property=\"og:url\" content=\"https:\/\/meripelastus.fi\/tammisaari\/fi\/sponsorit\/\" \/>\n<meta property=\"og:site_name\" content=\"FSRS Eken\u00e4s Sj\u00f6r\u00e4ddare r.f. - SMPS Tammisaaren Meripelastajat r.y.\" \/>\n<meta property=\"article:modified_time\" content=\"2025-11-20T11:51:34+00:00\" \/>\n<meta property=\"og:image\" content=\"https:\/\/meripelastus.fi\/tammisaari\/wp-content\/uploads\/sites\/35\/2025\/11\/KT_KP_cmyk_orig.png\" \/>\n\t<meta property=\"og:image:width\" content=\"892\" \/>\n\t<meta property=\"og:image:height\" content=\"250\" \/>\n\t<meta property=\"og:image:type\" content=\"image\/png\" \/>\n<meta name=\"twitter:card\" content=\"summary_large_image\" \/>\n<meta name=\"twitter:label1\" content=\"Ber\u00e4knad l\u00e4stid\" \/>\n\t<meta name=\"twitter:data1\" content=\"1 minut\" \/>\n<script type=\"application\/ld+json\" class=\"yoast-schema-graph\">{\"@context\":\"https:\\\/\\\/schema.org\",\"@graph\":[{\"@type\":\"WebPage\",\"@id\":\"https:\\\/\\\/meripelastus.fi\\\/tammisaari\\\/fi\\\/sponsorit\\\/\",\"url\":\"https:\\\/\\\/meripelastus.fi\\\/tammisaari\\\/fi\\\/sponsorit\\\/\",\"name\":\"Sponsorit - FSRS Eken\u00e4s Sj\u00f6r\u00e4ddare r.f. - SMPS Tammisaaren Meripelastajat r.y.\",\"isPartOf\":{\"@id\":\"https:\\\/\\\/meripelastus.fi\\\/tammisaari\\\/#website\"},\"primaryImageOfPage\":{\"@id\":\"https:\\\/\\\/meripelastus.fi\\\/tammisaari\\\/fi\\\/sponsorit\\\/#primaryimage\"},\"image\":{\"@id\":\"https:\\\/\\\/meripelastus.fi\\\/tammisaari\\\/fi\\\/sponsorit\\\/#primaryimage\"},\"thumbnailUrl\":\"https:\\\/\\\/meripelastus.fi\\\/tammisaari\\\/wp-content\\\/uploads\\\/sites\\\/35\\\/2025\\\/11\\\/KT_KP_cmyk_orig.png\",\"datePublished\":\"2025-05-06T15:34:28+00:00\",\"dateModified\":\"2025-11-20T11:51:34+00:00\",\"breadcrumb\":{\"@id\":\"https:\\\/\\\/meripelastus.fi\\\/tammisaari\\\/fi\\\/sponsorit\\\/#breadcrumb\"},\"inLanguage\":\"sv-SE\",\"potentialAction\":[{\"@type\":\"ReadAction\",\"target\":[\"https:\\\/\\\/meripelastus.fi\\\/tammisaari\\\/fi\\\/sponsorit\\\/\"]}]},{\"@type\":\"ImageObject\",\"inLanguage\":\"sv-SE\",\"@id\":\"https:\\\/\\\/meripelastus.fi\\\/tammisaari\\\/fi\\\/sponsorit\\\/#primaryimage\",\"url\":\"https:\\\/\\\/meripelastus.fi\\\/tammisaari\\\/wp-content\\\/uploads\\\/sites\\\/35\\\/2025\\\/11\\\/KT_KP_cmyk_orig.png\",\"contentUrl\":\"https:\\\/\\\/meripelastus.fi\\\/tammisaari\\\/wp-content\\\/uploads\\\/sites\\\/35\\\/2025\\\/11\\\/KT_KP_cmyk_orig.png\",\"width\":892,\"height\":250},{\"@type\":\"BreadcrumbList\",\"@id\":\"https:\\\/\\\/meripelastus.fi\\\/tammisaari\\\/fi\\\/sponsorit\\\/#breadcrumb\",\"itemListElement\":[{\"@type\":\"ListItem\",\"position\":1,\"name\":\"Etusivu\",\"item\":\"https:\\\/\\\/meripelastus.fi\\\/tammisaari\\\/fi\\\/\"},{\"@type\":\"ListItem\",\"position\":2,\"name\":\"Sponsorit\"}]},{\"@type\":\"WebSite\",\"@id\":\"https:\\\/\\\/meripelastus.fi\\\/tammisaari\\\/#website\",\"url\":\"https:\\\/\\\/meripelastus.fi\\\/tammisaari\\\/\",\"name\":\"FSRS Eken\u00e4s Sj\u00f6r\u00e4ddare r.f. - SMPS Tammisaaren Meripelastajat r.y.\",\"description\":\"Vapaaehtoiset apunasi vesill\u00e4\",\"potentialAction\":[{\"@type\":\"SearchAction\",\"target\":{\"@type\":\"EntryPoint\",\"urlTemplate\":\"https:\\\/\\\/meripelastus.fi\\\/tammisaari\\\/?s={search_term_string}\"},\"query-input\":{\"@type\":\"PropertyValueSpecification\",\"valueRequired\":true,\"valueName\":\"search_term_string\"}}],\"inLanguage\":\"sv-SE\"}]}<\/script>\n<!-- \/ Yoast SEO Premium plugin. -->","yoast_head_json":{"title":"Sponsorit - FSRS Eken\u00e4s Sj\u00f6r\u00e4ddare r.f. - SMPS Tammisaaren Meripelastajat r.y.","robots":{"index":"index","follow":"follow","max-snippet":"max-snippet:-1","max-image-preview":"max-image-preview:large","max-video-preview":"max-video-preview:-1"},"canonical":"https:\/\/meripelastus.fi\/tammisaari\/fi\/sponsorit\/","og_locale":"sv_SE","og_type":"article","og_title":"Sponsorit","og_description":"Listaa p\u00e4ivitet\u00e4\u00e4n. \/ Sivu on ty\u00f6n alla. Haluatko nimesi tai yrityksesi logoa t\u00e4lle sivulle? \u00c4l\u00e4 ep\u00e4r\u00f6i ottaa yhteytt\u00e4! Ota yhteytt\u00e4 meihin: info@ekenassjoraddare.org","og_url":"https:\/\/meripelastus.fi\/tammisaari\/fi\/sponsorit\/","og_site_name":"FSRS Eken\u00e4s Sj\u00f6r\u00e4ddare r.f. - SMPS Tammisaaren Meripelastajat r.y.","article_modified_time":"2025-11-20T11:51:34+00:00","og_image":[{"width":892,"height":250,"url":"https:\/\/meripelastus.fi\/tammisaari\/wp-content\/uploads\/sites\/35\/2025\/11\/KT_KP_cmyk_orig.png","type":"image\/png"}],"twitter_card":"summary_large_image","twitter_misc":{"Ber\u00e4knad l\u00e4stid":"1 minut"},"schema":{"@context":"https:\/\/schema.org","@graph":[{"@type":"WebPage","@id":"https:\/\/meripelastus.fi\/tammisaari\/fi\/sponsorit\/","url":"https:\/\/meripelastus.fi\/tammisaari\/fi\/sponsorit\/","name":"Sponsorit - FSRS Eken\u00e4s Sj\u00f6r\u00e4ddare r.f. - SMPS Tammisaaren Meripelastajat r.y.","isPartOf":{"@id":"https:\/\/meripelastus.fi\/tammisaari\/#website"},"primaryImageOfPage":{"@id":"https:\/\/meripelastus.fi\/tammisaari\/fi\/sponsorit\/#primaryimage"},"image":{"@id":"https:\/\/meripelastus.fi\/tammisaari\/fi\/sponsorit\/#primaryimage"},"thumbnailUrl":"https:\/\/meripelastus.fi\/tammisaari\/wp-content\/uploads\/sites\/35\/2025\/11\/KT_KP_cmyk_orig.png","datePublished":"2025-05-06T15:34:28+00:00","dateModified":"2025-11-20T11:51:34+00:00","breadcrumb":{"@id":"https:\/\/meripelastus.fi\/tammisaari\/fi\/sponsorit\/#breadcrumb"},"inLanguage":"sv-SE","potentialAction":[{"@type":"ReadAction","target":["https:\/\/meripelastus.fi\/tammisaari\/fi\/sponsorit\/"]}]},{"@type":"ImageObject","inLanguage":"sv-SE","@id":"https:\/\/meripelastus.fi\/tammisaari\/fi\/sponsorit\/#primaryimage","url":"https:\/\/meripelastus.fi\/tammisaari\/wp-content\/uploads\/sites\/35\/2025\/11\/KT_KP_cmyk_orig.png","contentUrl":"https:\/\/meripelastus.fi\/tammisaari\/wp-content\/uploads\/sites\/35\/2025\/11\/KT_KP_cmyk_orig.png","width":892,"height":250},{"@type":"BreadcrumbList","@id":"https:\/\/meripelastus.fi\/tammisaari\/fi\/sponsorit\/#breadcrumb","itemListElement":[{"@type":"ListItem","position":1,"name":"Etusivu","item":"https:\/\/meripelastus.fi\/tammisaari\/fi\/"},{"@type":"ListItem","position":2,"name":"Sponsorit"}]},{"@type":"WebSite","@id":"https:\/\/meripelastus.fi\/tammisaari\/#website","url":"https:\/\/meripelastus.fi\/tammisaari\/","name":"FSRS Eken\u00e4s Sj\u00f6r\u00e4ddare r.f. - SMPS Tammisaaren Meripelastajat r.y.","description":"Vapaaehtoiset apunasi vesill\u00e4","potentialAction":[{"@type":"SearchAction","target":{"@type":"EntryPoint","urlTemplate":"https:\/\/meripelastus.fi\/tammisaari\/?s={search_term_string}"},"query-input":{"@type":"PropertyValueSpecification","valueRequired":true,"valueName":"search_term_string"}}],"inLanguage":"sv-SE"}]}},"_links":{"self":[{"href":"https:\/\/meripelastus.fi\/tammisaari\/wp-json\/wp\/v2\/pages\/724","targetHints":{"allow":["GET"]}}],"collection":[{"href":"https:\/\/meripelastus.fi\/tammisaari\/wp-json\/wp\/v2\/pages"}],"about":[{"href":"https:\/\/meripelastus.fi\/tammisaari\/wp-json\/wp\/v2\/types\/page"}],"author":[{"embeddable":true,"href":"https:\/\/meripelastus.fi\/tammisaari\/wp-json\/wp\/v2\/users\/90"}],"replies":[{"embeddable":true,"href":"https:\/\/meripelastus.fi\/tammisaari\/wp-json\/wp\/v2\/comments?post=724"}],"version-history":[{"count":3,"href":"https:\/\/meripelastus.fi\/tammisaari\/wp-json\/wp\/v2\/pages\/724\/revisions"}],"predecessor-version":[{"id":753,"href":"https:\/\/meripelastus.fi\/tammisaari\/wp-json\/wp\/v2\/pages\/724\/revisions\/753"}],"wp:attachment":[{"href":"https:\/\/meripelastus.fi\/tammisaari\/wp-json\/wp\/v2\/media?parent=724"}],"curies":[{"name":"wp","href":"https:\/\/api.w.org\/{rel}","templated":true}]}}