{"id":38,"date":"2018-03-19T09:20:36","date_gmt":"2018-03-19T07:20:36","guid":{"rendered":"http:\/\/basetemplate.smpsyhdistykset.16.testivedos.com\/?page_id=38"},"modified":"2023-11-07T16:44:31","modified_gmt":"2023-11-07T14:44:31","slug":"nuoriso-osasto","status":"publish","type":"page","link":"https:\/\/meripelastus.fi\/tammisaari\/fi\/toiminta\/nuoriso-osasto\/","title":{"rendered":"Nuoriso-osasto"},"content":{"rendered":"\n<p>Yhdistyksell\u00e4 on aktiivinen nuorisotoiminta, joka on ollut t\u00e4rke\u00e4 osa yhdistyksen toimintaa vuodesta 2006. Toimintaan voi hakea kun on t\u00e4ytt\u00e4nyt 10 vuotta. 16 vuoden i\u00e4n saavuttanut j\u00e4sen, on mahdollisuus osallistua miehist\u00f6n\u00e4, ja 18 vuoden ik\u00e4isen\u00e4 on mahdollisuus hakea mukaan h\u00e4lytysmiehist\u00f6\u00f6n.<\/p>\n\n\n\n<p>Kaikki kiinnostuneet tulemaan mukaan toimintaan, kehotetaan ottamaan yhteytt\u00e4 nuorisovastaavaan. Ainut mit\u00e4 sinulla tulisi olla mukanasi on, yleinen fyysinen kunto ja osa uimataitoa.<\/p>\n","protected":false},"excerpt":{"rendered":"<p>Yhdistyksell\u00e4 on aktiivinen nuorisotoiminta, joka on ollut t\u00e4rke\u00e4 osa yhdistyksen toimintaa vuodesta 2006. Toimintaan voi hakea kun on t\u00e4ytt\u00e4nyt 10 vuotta. 16 vuoden i\u00e4n saavuttanut j\u00e4sen, on mahdollisuus osallistua miehist\u00f6n\u00e4, ja 18 vuoden ik\u00e4isen\u00e4 on mahdollisuus hakea mukaan h\u00e4lytysmiehist\u00f6\u00f6n. Kaikki kiinnostuneet tulemaan mukaan toimintaan, kehotetaan ottamaan yhteytt\u00e4 nuorisovastaavaan. Ainut mit\u00e4 sinulla tulisi olla mukanasi on, [&hellip;]<\/p>\n","protected":false},"author":1,"featured_media":0,"parent":20,"menu_order":2,"comment_status":"closed","ping_status":"closed","template":"","meta":{"_acf_changed":false,"inline_featured_image":false,"footnotes":""},"class_list":["post-38","page","type-page","status-publish","hentry"],"acf":[],"yoast_head":"<!-- This site is optimized with the Yoast SEO Premium plugin v27.2 (Yoast SEO v27.2) - https:\/\/yoast.com\/product\/yoast-seo-premium-wordpress\/ -->\n<title>Nuoriso-osasto - FSRS Eken\u00e4s Sj\u00f6r\u00e4ddare r.f. - SMPS Tammisaaren Meripelastajat r.y.<\/title>\n<meta name=\"robots\" content=\"index, follow, max-snippet:-1, max-image-preview:large, max-video-preview:-1\" \/>\n<link rel=\"canonical\" href=\"https:\/\/meripelastus.fi\/tammisaari\/fi\/toiminta\/nuoriso-osasto\/\" \/>\n<meta property=\"og:locale\" content=\"sv_SE\" \/>\n<meta property=\"og:type\" content=\"article\" \/>\n<meta property=\"og:title\" content=\"Nuoriso-osasto\" \/>\n<meta property=\"og:description\" content=\"Yhdistyksell\u00e4 on aktiivinen nuorisotoiminta, joka on ollut t\u00e4rke\u00e4 osa yhdistyksen toimintaa vuodesta 2006. Toimintaan voi hakea kun on t\u00e4ytt\u00e4nyt 10 vuotta. 16 vuoden i\u00e4n saavuttanut j\u00e4sen, on mahdollisuus osallistua miehist\u00f6n\u00e4, ja 18 vuoden ik\u00e4isen\u00e4 on mahdollisuus hakea mukaan h\u00e4lytysmiehist\u00f6\u00f6n. Kaikki kiinnostuneet tulemaan mukaan toimintaan, kehotetaan ottamaan yhteytt\u00e4 nuorisovastaavaan. Ainut mit\u00e4 sinulla tulisi olla mukanasi on, [&hellip;]\" \/>\n<meta property=\"og:url\" content=\"https:\/\/meripelastus.fi\/tammisaari\/fi\/toiminta\/nuoriso-osasto\/\" \/>\n<meta property=\"og:site_name\" content=\"FSRS Eken\u00e4s Sj\u00f6r\u00e4ddare r.f. - SMPS Tammisaaren Meripelastajat r.y.\" \/>\n<meta property=\"article:modified_time\" content=\"2023-11-07T14:44:31+00:00\" \/>\n<meta name=\"twitter:card\" content=\"summary_large_image\" \/>\n<meta name=\"twitter:label1\" content=\"Ber\u00e4knad l\u00e4stid\" \/>\n\t<meta name=\"twitter:data1\" content=\"1 minut\" \/>\n<script type=\"application\/ld+json\" class=\"yoast-schema-graph\">{\"@context\":\"https:\/\/schema.org\",\"@graph\":[{\"@type\":\"WebPage\",\"@id\":\"https:\/\/meripelastus.fi\/tammisaari\/fi\/toiminta\/nuoriso-osasto\/\",\"url\":\"https:\/\/meripelastus.fi\/tammisaari\/fi\/toiminta\/nuoriso-osasto\/\",\"name\":\"Nuoriso-osasto - FSRS Eken\u00e4s Sj\u00f6r\u00e4ddare r.f. - SMPS Tammisaaren Meripelastajat r.y.\",\"isPartOf\":{\"@id\":\"https:\/\/meripelastus.fi\/tammisaari\/#website\"},\"datePublished\":\"2018-03-19T07:20:36+00:00\",\"dateModified\":\"2023-11-07T14:44:31+00:00\",\"breadcrumb\":{\"@id\":\"https:\/\/meripelastus.fi\/tammisaari\/fi\/toiminta\/nuoriso-osasto\/#breadcrumb\"},\"inLanguage\":\"sv-SE\",\"potentialAction\":[{\"@type\":\"ReadAction\",\"target\":[\"https:\/\/meripelastus.fi\/tammisaari\/fi\/toiminta\/nuoriso-osasto\/\"]}]},{\"@type\":\"BreadcrumbList\",\"@id\":\"https:\/\/meripelastus.fi\/tammisaari\/fi\/toiminta\/nuoriso-osasto\/#breadcrumb\",\"itemListElement\":[{\"@type\":\"ListItem\",\"position\":1,\"name\":\"Etusivu\",\"item\":\"https:\/\/meripelastus.fi\/tammisaari\/fi\/\"},{\"@type\":\"ListItem\",\"position\":2,\"name\":\"Toiminta\",\"item\":\"https:\/\/meripelastus.fi\/tammisaari\/fi\/toiminta\/\"},{\"@type\":\"ListItem\",\"position\":3,\"name\":\"Nuoriso-osasto\"}]},{\"@type\":\"WebSite\",\"@id\":\"https:\/\/meripelastus.fi\/tammisaari\/#website\",\"url\":\"https:\/\/meripelastus.fi\/tammisaari\/\",\"name\":\"FSRS Eken\u00e4s Sj\u00f6r\u00e4ddare r.f. - SMPS Tammisaaren Meripelastajat r.y.\",\"description\":\"Vapaaehtoiset apunasi vesill\u00e4\",\"potentialAction\":[{\"@type\":\"SearchAction\",\"target\":{\"@type\":\"EntryPoint\",\"urlTemplate\":\"https:\/\/meripelastus.fi\/tammisaari\/?s={search_term_string}\"},\"query-input\":{\"@type\":\"PropertyValueSpecification\",\"valueRequired\":true,\"valueName\":\"search_term_string\"}}],\"inLanguage\":\"sv-SE\"}]}<\/script>\n<!-- \/ Yoast SEO Premium plugin. -->","yoast_head_json":{"title":"Nuoriso-osasto - FSRS Eken\u00e4s Sj\u00f6r\u00e4ddare r.f. - SMPS Tammisaaren Meripelastajat r.y.","robots":{"index":"index","follow":"follow","max-snippet":"max-snippet:-1","max-image-preview":"max-image-preview:large","max-video-preview":"max-video-preview:-1"},"canonical":"https:\/\/meripelastus.fi\/tammisaari\/fi\/toiminta\/nuoriso-osasto\/","og_locale":"sv_SE","og_type":"article","og_title":"Nuoriso-osasto","og_description":"Yhdistyksell\u00e4 on aktiivinen nuorisotoiminta, joka on ollut t\u00e4rke\u00e4 osa yhdistyksen toimintaa vuodesta 2006. Toimintaan voi hakea kun on t\u00e4ytt\u00e4nyt 10 vuotta. 16 vuoden i\u00e4n saavuttanut j\u00e4sen, on mahdollisuus osallistua miehist\u00f6n\u00e4, ja 18 vuoden ik\u00e4isen\u00e4 on mahdollisuus hakea mukaan h\u00e4lytysmiehist\u00f6\u00f6n. Kaikki kiinnostuneet tulemaan mukaan toimintaan, kehotetaan ottamaan yhteytt\u00e4 nuorisovastaavaan. Ainut mit\u00e4 sinulla tulisi olla mukanasi on, [&hellip;]","og_url":"https:\/\/meripelastus.fi\/tammisaari\/fi\/toiminta\/nuoriso-osasto\/","og_site_name":"FSRS Eken\u00e4s Sj\u00f6r\u00e4ddare r.f. - SMPS Tammisaaren Meripelastajat r.y.","article_modified_time":"2023-11-07T14:44:31+00:00","twitter_card":"summary_large_image","twitter_misc":{"Ber\u00e4knad l\u00e4stid":"1 minut"},"schema":{"@context":"https:\/\/schema.org","@graph":[{"@type":"WebPage","@id":"https:\/\/meripelastus.fi\/tammisaari\/fi\/toiminta\/nuoriso-osasto\/","url":"https:\/\/meripelastus.fi\/tammisaari\/fi\/toiminta\/nuoriso-osasto\/","name":"Nuoriso-osasto - FSRS Eken\u00e4s Sj\u00f6r\u00e4ddare r.f. - SMPS Tammisaaren Meripelastajat r.y.","isPartOf":{"@id":"https:\/\/meripelastus.fi\/tammisaari\/#website"},"datePublished":"2018-03-19T07:20:36+00:00","dateModified":"2023-11-07T14:44:31+00:00","breadcrumb":{"@id":"https:\/\/meripelastus.fi\/tammisaari\/fi\/toiminta\/nuoriso-osasto\/#breadcrumb"},"inLanguage":"sv-SE","potentialAction":[{"@type":"ReadAction","target":["https:\/\/meripelastus.fi\/tammisaari\/fi\/toiminta\/nuoriso-osasto\/"]}]},{"@type":"BreadcrumbList","@id":"https:\/\/meripelastus.fi\/tammisaari\/fi\/toiminta\/nuoriso-osasto\/#breadcrumb","itemListElement":[{"@type":"ListItem","position":1,"name":"Etusivu","item":"https:\/\/meripelastus.fi\/tammisaari\/fi\/"},{"@type":"ListItem","position":2,"name":"Toiminta","item":"https:\/\/meripelastus.fi\/tammisaari\/fi\/toiminta\/"},{"@type":"ListItem","position":3,"name":"Nuoriso-osasto"}]},{"@type":"WebSite","@id":"https:\/\/meripelastus.fi\/tammisaari\/#website","url":"https:\/\/meripelastus.fi\/tammisaari\/","name":"FSRS Eken\u00e4s Sj\u00f6r\u00e4ddare r.f. - SMPS Tammisaaren Meripelastajat r.y.","description":"Vapaaehtoiset apunasi vesill\u00e4","potentialAction":[{"@type":"SearchAction","target":{"@type":"EntryPoint","urlTemplate":"https:\/\/meripelastus.fi\/tammisaari\/?s={search_term_string}"},"query-input":{"@type":"PropertyValueSpecification","valueRequired":true,"valueName":"search_term_string"}}],"inLanguage":"sv-SE"}]}},"_links":{"self":[{"href":"https:\/\/meripelastus.fi\/tammisaari\/wp-json\/wp\/v2\/pages\/38","targetHints":{"allow":["GET"]}}],"collection":[{"href":"https:\/\/meripelastus.fi\/tammisaari\/wp-json\/wp\/v2\/pages"}],"about":[{"href":"https:\/\/meripelastus.fi\/tammisaari\/wp-json\/wp\/v2\/types\/page"}],"author":[{"embeddable":true,"href":"https:\/\/meripelastus.fi\/tammisaari\/wp-json\/wp\/v2\/users\/1"}],"replies":[{"embeddable":true,"href":"https:\/\/meripelastus.fi\/tammisaari\/wp-json\/wp\/v2\/comments?post=38"}],"version-history":[{"count":6,"href":"https:\/\/meripelastus.fi\/tammisaari\/wp-json\/wp\/v2\/pages\/38\/revisions"}],"predecessor-version":[{"id":471,"href":"https:\/\/meripelastus.fi\/tammisaari\/wp-json\/wp\/v2\/pages\/38\/revisions\/471"}],"up":[{"embeddable":true,"href":"https:\/\/meripelastus.fi\/tammisaari\/wp-json\/wp\/v2\/pages\/20"}],"wp:attachment":[{"href":"https:\/\/meripelastus.fi\/tammisaari\/wp-json\/wp\/v2\/media?parent=38"}],"curies":[{"name":"wp","href":"https:\/\/api.w.org\/{rel}","templated":true}]}}