{"id":26,"date":"2018-03-19T09:19:10","date_gmt":"2018-03-19T07:19:10","guid":{"rendered":"http:\/\/basetemplate.smpsyhdistykset.16.testivedos.com\/?page_id=26"},"modified":"2023-11-07T16:44:38","modified_gmt":"2023-11-07T14:44:38","slug":"alukset","status":"publish","type":"page","link":"https:\/\/meripelastus.fi\/tammisaari\/fi\/toiminta\/alukset\/","title":{"rendered":"Alukset"},"content":{"rendered":"\n<p>SMPS Tammisaaren Meripelastajat r.y:ll\u00e4 on k\u00e4ytett\u00e4viss\u00e4 kaksi venett\u00e4. Molempien kotisatama on N\u00e4seuddenin Meripelastusasema, Tammisaari.<\/p>\n\n\n\n<h2 class=\"wp-block-heading\">PV Corinne Rescue<\/h2>\n\n\n\n<figure class=\"wp-block-image\"><img loading=\"lazy\" decoding=\"async\" width=\"300\" height=\"225\" src=\"https:\/\/meripelastus.fi\/tammisaari-vedos\/wp-content\/uploads\/sites\/35\/2023\/01\/20221105_143854_crop_w2000_light-300x225.jpg\" alt=\"\" class=\"wp-image-425\" srcset=\"https:\/\/meripelastus.fi\/tammisaari\/wp-content\/uploads\/sites\/35\/2023\/01\/20221105_143854_crop_w2000_light-300x225.jpg 300w, https:\/\/meripelastus.fi\/tammisaari\/wp-content\/uploads\/sites\/35\/2023\/01\/20221105_143854_crop_w2000_light-768x576.jpg 768w, https:\/\/meripelastus.fi\/tammisaari\/wp-content\/uploads\/sites\/35\/2023\/01\/20221105_143854_crop_w2000_light-1024x768.jpg 1024w, https:\/\/meripelastus.fi\/tammisaari\/wp-content\/uploads\/sites\/35\/2023\/01\/20221105_143854_crop_w2000_light-1536x1152.jpg 1536w, https:\/\/meripelastus.fi\/tammisaari\/wp-content\/uploads\/sites\/35\/2023\/01\/20221105_143854_crop_w2000_light-1600x1200.jpg 1600w, https:\/\/meripelastus.fi\/tammisaari\/wp-content\/uploads\/sites\/35\/2023\/01\/20221105_143854_crop_w2000_light.jpg 2000w\" sizes=\"auto, (max-width: 300px) 100vw, 300px\" \/><\/figure>\n\n\n\n<p>Valmistaja: OY Kewatec Aluboat AB<br>Merkki: Kewatec<br>Malli: Patroll 1000 SAR<br>K\u00e4ytt\u00f6\u00f6nottovuosi: 2021<br>Rakennusmateriaali: alumiini<br>Max.nopeus: 32 solmua<br>Pituus: 10,02 m<br>Leveys: 3,21 m<br>Korkeus: 4,10 m<br>Syv\u00e4ys: 0,60 m<br>Paino: 6,50 tn<br>Koneteho: 405 kW<br>Propulsio: vesijetti<br>Miehitys: min. 1 + 1<br>Nimisponsori: Nylund&#8217;s Boathouse<\/p>\n\n\n\n<h2 class=\"wp-block-heading\">PV Interpersona Rescue<\/h2>\n\n\n\n<figure class=\"wp-block-image\"><img loading=\"lazy\" decoding=\"async\" width=\"300\" height=\"225\" src=\"https:\/\/meripelastus.fi\/tammisaari-vedos\/wp-content\/uploads\/sites\/35\/2023\/01\/20180512_171848_w2000_light-300x225.jpg\" alt=\"\" class=\"wp-image-437\" srcset=\"https:\/\/meripelastus.fi\/tammisaari\/wp-content\/uploads\/sites\/35\/2023\/01\/20180512_171848_w2000_light-300x225.jpg 300w, https:\/\/meripelastus.fi\/tammisaari\/wp-content\/uploads\/sites\/35\/2023\/01\/20180512_171848_w2000_light-768x576.jpg 768w, https:\/\/meripelastus.fi\/tammisaari\/wp-content\/uploads\/sites\/35\/2023\/01\/20180512_171848_w2000_light-1024x768.jpg 1024w, https:\/\/meripelastus.fi\/tammisaari\/wp-content\/uploads\/sites\/35\/2023\/01\/20180512_171848_w2000_light-1536x1152.jpg 1536w, https:\/\/meripelastus.fi\/tammisaari\/wp-content\/uploads\/sites\/35\/2023\/01\/20180512_171848_w2000_light-1600x1200.jpg 1600w, https:\/\/meripelastus.fi\/tammisaari\/wp-content\/uploads\/sites\/35\/2023\/01\/20180512_171848_w2000_light.jpg 2000w\" sizes=\"auto, (max-width: 300px) 100vw, 300px\" \/><\/figure>\n\n\n\n<p>Valmistaja: HT Engineering Oy<br>Merkki: HTech<br>Malli: A25 SAR<br>K\u00e4ytt\u00f6\u00f6nottovuosi: 2011<br>Rakennusmateriaali: alumiini<br>Max.nopeus: 32 solmua<br>Pituus: 7,95 m<br>Leveys: 2,85 m<br>Korkeus: 3,46 m<br>Syv\u00e4ys: 0,45 m<br>Paino: 2,85 tn<br>Koneteho: 217 kW<br>Propulsio: vesijetti<br>Miehitys: min. 1 + 1<br>Nimisponsori: Interpersona Oy Ab<\/p>\n","protected":false},"excerpt":{"rendered":"<p>SMPS Tammisaaren Meripelastajat r.y:ll\u00e4 on k\u00e4ytett\u00e4viss\u00e4 kaksi venett\u00e4. Molempien kotisatama on N\u00e4seuddenin Meripelastusasema, Tammisaari. PV Corinne Rescue Valmistaja: OY Kewatec Aluboat ABMerkki: KewatecMalli: Patroll 1000 SARK\u00e4ytt\u00f6\u00f6nottovuosi: 2021Rakennusmateriaali: alumiiniMax.nopeus: 32 solmuaPituus: 10,02 mLeveys: 3,21 mKorkeus: 4,10 mSyv\u00e4ys: 0,60 mPaino: 6,50 tnKoneteho: 405 kWPropulsio: vesijettiMiehitys: min. 1 + 1Nimisponsori: Nylund&#8217;s Boathouse PV Interpersona Rescue Valmistaja: HT Engineering [&hellip;]<\/p>\n","protected":false},"author":1,"featured_media":376,"parent":20,"menu_order":0,"comment_status":"closed","ping_status":"closed","template":"","meta":{"_acf_changed":false,"inline_featured_image":false,"footnotes":""},"class_list":["post-26","page","type-page","status-publish","has-post-thumbnail","hentry"],"acf":[],"yoast_head":"<!-- This site is optimized with the Yoast SEO Premium plugin v27.2 (Yoast SEO v27.2) - https:\/\/yoast.com\/product\/yoast-seo-premium-wordpress\/ -->\n<title>Alukset - FSRS Eken\u00e4s Sj\u00f6r\u00e4ddare r.f. - SMPS Tammisaaren Meripelastajat r.y.<\/title>\n<meta name=\"robots\" content=\"index, follow, max-snippet:-1, max-image-preview:large, max-video-preview:-1\" \/>\n<link rel=\"canonical\" href=\"https:\/\/meripelastus.fi\/tammisaari\/fi\/toiminta\/alukset\/\" \/>\n<meta property=\"og:locale\" content=\"sv_SE\" \/>\n<meta property=\"og:type\" content=\"article\" \/>\n<meta property=\"og:title\" content=\"Alukset\" \/>\n<meta property=\"og:description\" content=\"SMPS Tammisaaren Meripelastajat r.y:ll\u00e4 on k\u00e4ytett\u00e4viss\u00e4 kaksi venett\u00e4. Molempien kotisatama on N\u00e4seuddenin Meripelastusasema, Tammisaari. PV Corinne Rescue Valmistaja: OY Kewatec Aluboat ABMerkki: KewatecMalli: Patroll 1000 SARK\u00e4ytt\u00f6\u00f6nottovuosi: 2021Rakennusmateriaali: alumiiniMax.nopeus: 32 solmuaPituus: 10,02 mLeveys: 3,21 mKorkeus: 4,10 mSyv\u00e4ys: 0,60 mPaino: 6,50 tnKoneteho: 405 kWPropulsio: vesijettiMiehitys: min. 1 + 1Nimisponsori: Nylund&#8217;s Boathouse PV Interpersona Rescue Valmistaja: HT Engineering [&hellip;]\" \/>\n<meta property=\"og:url\" content=\"https:\/\/meripelastus.fi\/tammisaari\/fi\/toiminta\/alukset\/\" \/>\n<meta property=\"og:site_name\" content=\"FSRS Eken\u00e4s Sj\u00f6r\u00e4ddare r.f. - SMPS Tammisaaren Meripelastajat r.y.\" \/>\n<meta property=\"article:modified_time\" content=\"2023-11-07T14:44:38+00:00\" \/>\n<meta property=\"og:image\" content=\"https:\/\/meripelastus.fi\/tammisaari\/wp-content\/uploads\/sites\/35\/2022\/06\/RB_Corinne_Rescue_RB_Interpersona_Rescue_Naseudden_Ekenas_Raseborg_Foto_Andreas_Hindren_20220527_123025-scaled.jpg\" \/>\n\t<meta property=\"og:image:width\" content=\"2560\" \/>\n\t<meta property=\"og:image:height\" content=\"1409\" \/>\n\t<meta property=\"og:image:type\" content=\"image\/jpeg\" \/>\n<meta name=\"twitter:card\" content=\"summary_large_image\" \/>\n<meta name=\"twitter:label1\" content=\"Ber\u00e4knad l\u00e4stid\" \/>\n\t<meta name=\"twitter:data1\" content=\"2 minuter\" \/>\n<script type=\"application\/ld+json\" class=\"yoast-schema-graph\">{\"@context\":\"https:\/\/schema.org\",\"@graph\":[{\"@type\":\"WebPage\",\"@id\":\"https:\/\/meripelastus.fi\/tammisaari\/fi\/toiminta\/alukset\/\",\"url\":\"https:\/\/meripelastus.fi\/tammisaari\/fi\/toiminta\/alukset\/\",\"name\":\"Alukset - FSRS Eken\u00e4s Sj\u00f6r\u00e4ddare r.f. - SMPS Tammisaaren Meripelastajat r.y.\",\"isPartOf\":{\"@id\":\"https:\/\/meripelastus.fi\/tammisaari\/#website\"},\"primaryImageOfPage\":{\"@id\":\"https:\/\/meripelastus.fi\/tammisaari\/fi\/toiminta\/alukset\/#primaryimage\"},\"image\":{\"@id\":\"https:\/\/meripelastus.fi\/tammisaari\/fi\/toiminta\/alukset\/#primaryimage\"},\"thumbnailUrl\":\"https:\/\/meripelastus.fi\/tammisaari\/wp-content\/uploads\/sites\/35\/2022\/06\/RB_Corinne_Rescue_RB_Interpersona_Rescue_Naseudden_Ekenas_Raseborg_Foto_Andreas_Hindren_20220527_123025-scaled.jpg\",\"datePublished\":\"2018-03-19T07:19:10+00:00\",\"dateModified\":\"2023-11-07T14:44:38+00:00\",\"breadcrumb\":{\"@id\":\"https:\/\/meripelastus.fi\/tammisaari\/fi\/toiminta\/alukset\/#breadcrumb\"},\"inLanguage\":\"sv-SE\",\"potentialAction\":[{\"@type\":\"ReadAction\",\"target\":[\"https:\/\/meripelastus.fi\/tammisaari\/fi\/toiminta\/alukset\/\"]}]},{\"@type\":\"ImageObject\",\"inLanguage\":\"sv-SE\",\"@id\":\"https:\/\/meripelastus.fi\/tammisaari\/fi\/toiminta\/alukset\/#primaryimage\",\"url\":\"https:\/\/meripelastus.fi\/tammisaari\/wp-content\/uploads\/sites\/35\/2022\/06\/RB_Corinne_Rescue_RB_Interpersona_Rescue_Naseudden_Ekenas_Raseborg_Foto_Andreas_Hindren_20220527_123025-scaled.jpg\",\"contentUrl\":\"https:\/\/meripelastus.fi\/tammisaari\/wp-content\/uploads\/sites\/35\/2022\/06\/RB_Corinne_Rescue_RB_Interpersona_Rescue_Naseudden_Ekenas_Raseborg_Foto_Andreas_Hindren_20220527_123025-scaled.jpg\",\"width\":3589,\"height\":1975},{\"@type\":\"BreadcrumbList\",\"@id\":\"https:\/\/meripelastus.fi\/tammisaari\/fi\/toiminta\/alukset\/#breadcrumb\",\"itemListElement\":[{\"@type\":\"ListItem\",\"position\":1,\"name\":\"Etusivu\",\"item\":\"https:\/\/meripelastus.fi\/tammisaari\/fi\/\"},{\"@type\":\"ListItem\",\"position\":2,\"name\":\"Toiminta\",\"item\":\"https:\/\/meripelastus.fi\/tammisaari\/fi\/toiminta\/\"},{\"@type\":\"ListItem\",\"position\":3,\"name\":\"Alukset\"}]},{\"@type\":\"WebSite\",\"@id\":\"https:\/\/meripelastus.fi\/tammisaari\/#website\",\"url\":\"https:\/\/meripelastus.fi\/tammisaari\/\",\"name\":\"FSRS Eken\u00e4s Sj\u00f6r\u00e4ddare r.f. - SMPS Tammisaaren Meripelastajat r.y.\",\"description\":\"Vapaaehtoiset apunasi vesill\u00e4\",\"potentialAction\":[{\"@type\":\"SearchAction\",\"target\":{\"@type\":\"EntryPoint\",\"urlTemplate\":\"https:\/\/meripelastus.fi\/tammisaari\/?s={search_term_string}\"},\"query-input\":{\"@type\":\"PropertyValueSpecification\",\"valueRequired\":true,\"valueName\":\"search_term_string\"}}],\"inLanguage\":\"sv-SE\"}]}<\/script>\n<!-- \/ Yoast SEO Premium plugin. -->","yoast_head_json":{"title":"Alukset - FSRS Eken\u00e4s Sj\u00f6r\u00e4ddare r.f. - SMPS Tammisaaren Meripelastajat r.y.","robots":{"index":"index","follow":"follow","max-snippet":"max-snippet:-1","max-image-preview":"max-image-preview:large","max-video-preview":"max-video-preview:-1"},"canonical":"https:\/\/meripelastus.fi\/tammisaari\/fi\/toiminta\/alukset\/","og_locale":"sv_SE","og_type":"article","og_title":"Alukset","og_description":"SMPS Tammisaaren Meripelastajat r.y:ll\u00e4 on k\u00e4ytett\u00e4viss\u00e4 kaksi venett\u00e4. Molempien kotisatama on N\u00e4seuddenin Meripelastusasema, Tammisaari. PV Corinne Rescue Valmistaja: OY Kewatec Aluboat ABMerkki: KewatecMalli: Patroll 1000 SARK\u00e4ytt\u00f6\u00f6nottovuosi: 2021Rakennusmateriaali: alumiiniMax.nopeus: 32 solmuaPituus: 10,02 mLeveys: 3,21 mKorkeus: 4,10 mSyv\u00e4ys: 0,60 mPaino: 6,50 tnKoneteho: 405 kWPropulsio: vesijettiMiehitys: min. 1 + 1Nimisponsori: Nylund&#8217;s Boathouse PV Interpersona Rescue Valmistaja: HT Engineering [&hellip;]","og_url":"https:\/\/meripelastus.fi\/tammisaari\/fi\/toiminta\/alukset\/","og_site_name":"FSRS Eken\u00e4s Sj\u00f6r\u00e4ddare r.f. - SMPS Tammisaaren Meripelastajat r.y.","article_modified_time":"2023-11-07T14:44:38+00:00","og_image":[{"width":2560,"height":1409,"url":"https:\/\/meripelastus.fi\/tammisaari\/wp-content\/uploads\/sites\/35\/2022\/06\/RB_Corinne_Rescue_RB_Interpersona_Rescue_Naseudden_Ekenas_Raseborg_Foto_Andreas_Hindren_20220527_123025-scaled.jpg","type":"image\/jpeg"}],"twitter_card":"summary_large_image","twitter_misc":{"Ber\u00e4knad l\u00e4stid":"2 minuter"},"schema":{"@context":"https:\/\/schema.org","@graph":[{"@type":"WebPage","@id":"https:\/\/meripelastus.fi\/tammisaari\/fi\/toiminta\/alukset\/","url":"https:\/\/meripelastus.fi\/tammisaari\/fi\/toiminta\/alukset\/","name":"Alukset - FSRS Eken\u00e4s Sj\u00f6r\u00e4ddare r.f. - SMPS Tammisaaren Meripelastajat r.y.","isPartOf":{"@id":"https:\/\/meripelastus.fi\/tammisaari\/#website"},"primaryImageOfPage":{"@id":"https:\/\/meripelastus.fi\/tammisaari\/fi\/toiminta\/alukset\/#primaryimage"},"image":{"@id":"https:\/\/meripelastus.fi\/tammisaari\/fi\/toiminta\/alukset\/#primaryimage"},"thumbnailUrl":"https:\/\/meripelastus.fi\/tammisaari\/wp-content\/uploads\/sites\/35\/2022\/06\/RB_Corinne_Rescue_RB_Interpersona_Rescue_Naseudden_Ekenas_Raseborg_Foto_Andreas_Hindren_20220527_123025-scaled.jpg","datePublished":"2018-03-19T07:19:10+00:00","dateModified":"2023-11-07T14:44:38+00:00","breadcrumb":{"@id":"https:\/\/meripelastus.fi\/tammisaari\/fi\/toiminta\/alukset\/#breadcrumb"},"inLanguage":"sv-SE","potentialAction":[{"@type":"ReadAction","target":["https:\/\/meripelastus.fi\/tammisaari\/fi\/toiminta\/alukset\/"]}]},{"@type":"ImageObject","inLanguage":"sv-SE","@id":"https:\/\/meripelastus.fi\/tammisaari\/fi\/toiminta\/alukset\/#primaryimage","url":"https:\/\/meripelastus.fi\/tammisaari\/wp-content\/uploads\/sites\/35\/2022\/06\/RB_Corinne_Rescue_RB_Interpersona_Rescue_Naseudden_Ekenas_Raseborg_Foto_Andreas_Hindren_20220527_123025-scaled.jpg","contentUrl":"https:\/\/meripelastus.fi\/tammisaari\/wp-content\/uploads\/sites\/35\/2022\/06\/RB_Corinne_Rescue_RB_Interpersona_Rescue_Naseudden_Ekenas_Raseborg_Foto_Andreas_Hindren_20220527_123025-scaled.jpg","width":3589,"height":1975},{"@type":"BreadcrumbList","@id":"https:\/\/meripelastus.fi\/tammisaari\/fi\/toiminta\/alukset\/#breadcrumb","itemListElement":[{"@type":"ListItem","position":1,"name":"Etusivu","item":"https:\/\/meripelastus.fi\/tammisaari\/fi\/"},{"@type":"ListItem","position":2,"name":"Toiminta","item":"https:\/\/meripelastus.fi\/tammisaari\/fi\/toiminta\/"},{"@type":"ListItem","position":3,"name":"Alukset"}]},{"@type":"WebSite","@id":"https:\/\/meripelastus.fi\/tammisaari\/#website","url":"https:\/\/meripelastus.fi\/tammisaari\/","name":"FSRS Eken\u00e4s Sj\u00f6r\u00e4ddare r.f. - SMPS Tammisaaren Meripelastajat r.y.","description":"Vapaaehtoiset apunasi vesill\u00e4","potentialAction":[{"@type":"SearchAction","target":{"@type":"EntryPoint","urlTemplate":"https:\/\/meripelastus.fi\/tammisaari\/?s={search_term_string}"},"query-input":{"@type":"PropertyValueSpecification","valueRequired":true,"valueName":"search_term_string"}}],"inLanguage":"sv-SE"}]}},"_links":{"self":[{"href":"https:\/\/meripelastus.fi\/tammisaari\/wp-json\/wp\/v2\/pages\/26","targetHints":{"allow":["GET"]}}],"collection":[{"href":"https:\/\/meripelastus.fi\/tammisaari\/wp-json\/wp\/v2\/pages"}],"about":[{"href":"https:\/\/meripelastus.fi\/tammisaari\/wp-json\/wp\/v2\/types\/page"}],"author":[{"embeddable":true,"href":"https:\/\/meripelastus.fi\/tammisaari\/wp-json\/wp\/v2\/users\/1"}],"replies":[{"embeddable":true,"href":"https:\/\/meripelastus.fi\/tammisaari\/wp-json\/wp\/v2\/comments?post=26"}],"version-history":[{"count":5,"href":"https:\/\/meripelastus.fi\/tammisaari\/wp-json\/wp\/v2\/pages\/26\/revisions"}],"predecessor-version":[{"id":473,"href":"https:\/\/meripelastus.fi\/tammisaari\/wp-json\/wp\/v2\/pages\/26\/revisions\/473"}],"up":[{"embeddable":true,"href":"https:\/\/meripelastus.fi\/tammisaari\/wp-json\/wp\/v2\/pages\/20"}],"wp:featuredmedia":[{"embeddable":true,"href":"https:\/\/meripelastus.fi\/tammisaari\/wp-json\/wp\/v2\/media\/376"}],"wp:attachment":[{"href":"https:\/\/meripelastus.fi\/tammisaari\/wp-json\/wp\/v2\/media?parent=26"}],"curies":[{"name":"wp","href":"https:\/\/api.w.org\/{rel}","templated":true}]}}