{"id":232,"date":"2018-03-19T09:24:37","date_gmt":"2018-03-19T07:24:37","guid":{"rendered":"https:\/\/meripelastus.fi\/tammisaari-vedos\/yhteystiedot\/"},"modified":"2026-04-08T20:34:45","modified_gmt":"2026-04-08T17:34:45","slug":"kontakt","status":"publish","type":"page","link":"https:\/\/meripelastus.fi\/tammisaari\/kontakt\/","title":{"rendered":"Kontakt"},"content":{"rendered":"\n<p>E-post:<br>info@ekenassjoraddare.org<\/p>\n\n\n\n<p>Postadress:<br>Eken\u00e4s sj\u00f6r\u00e4ddare r.f.<br>Norra strandgatan 19<br>10600 Eken\u00e4s<\/p>\n\n\n\n<p>Bes\u00f6ksadress:<br>N\u00e4seuddens Sj\u00f6r\u00e4ddningsstation, N\u00e4seuddsv\u00e4gen 15, 10620 Eken\u00e4s.<\/p>\n\n\n\n<p>Observera att obeh\u00f6rig vistelse, p\u00e5 stationsomr\u00e5det, \u00e4r f\u00f6rbjudet.<\/p>\n\n\n\n<h2 class=\"wp-block-heading\" id=\"h-styrelsen-2026\">STYRELSEN 2026<\/h2>\n\n\n\n<figure class=\"wp-block-table\"><table><tbody><tr><td>Ordf\u00f6rande Oskar Sj\u00f6berg<\/td><td>Vice ordf\u00f6rande Jessica Silfver<\/td><\/tr><tr><td>Sekreterare Johan B\u00e4ckman<\/td><td>Kass\u00f6r Henning Swiboda<\/td><\/tr><tr><td>B\u00e5tsfogde Mikael B\u00e4ckman<\/td><td>Ledamot Patrik B\u00e4ckman<\/td><\/tr><tr><td>Ledamot Markus Korpela<\/td><td>Ledamot Eric S\u00f6derstr\u00f6m<\/td><\/tr><tr><td>Suppleant Andreas Hindr\u00e9n<\/td><td>Suppleant Teija Sirko-Lev\u00e4aho<\/td><\/tr><\/tbody><\/table><\/figure>\n\n\n\n<div style=\"height:2rem\" aria-hidden=\"true\" class=\"wp-block-spacer\"><\/div>\n\n\n\n<h2 class=\"wp-block-heading\" id=\"h-ansvarsposter-2026\">Ansvarsposter 2026 \u2013<\/h2>\n\n\n\n<p>Utbildningsansvariga Mikael B\u00e4ckman<br>Ungdomsansvariga Mikael B\u00e4ckman<br>Beredskapsansvarig Markus Korpela<br>Dejoureringsansvarig Markus Korpela<br>Stationsansvarig Patrik B\u00e4ckman<br>Medlemssekreterare Johan B\u00e4ckman<br>S\u00e4kerhetsansvarig Jessica Silfver<br>Informationsansvarig Oskar Sj\u00f6berg<br>Marknadsf\u00f6ringsansvariga Eric S\u00f6derstr\u00f6m<br>Webbansvarig Andreas Hindr\u00e9n<br>Material- och inventeringsansvariga Eric S\u00f6derstr\u00f6m<br>F\u00f6rsta hj\u00e4lpen ansvarig Jessica Silfver<\/p>\n\n\n\n<p><\/p>\n","protected":false},"excerpt":{"rendered":"<p>E-post:info@ekenassjoraddare.org Postadress:Eken\u00e4s sj\u00f6r\u00e4ddare r.f.Norra strandgatan 1910600 Eken\u00e4s Bes\u00f6ksadress:N\u00e4seuddens Sj\u00f6r\u00e4ddningsstation, N\u00e4seuddsv\u00e4gen 15, 10620 Eken\u00e4s. Observera att obeh\u00f6rig vistelse, p\u00e5 stationsomr\u00e5det, \u00e4r f\u00f6rbjudet. STYRELSEN 2026 Ordf\u00f6rande Oskar Sj\u00f6berg Vice ordf\u00f6rande Jessica Silfver Sekreterare Johan B\u00e4ckman Kass\u00f6r Henning Swiboda B\u00e5tsfogde Mikael B\u00e4ckman Ledamot Patrik B\u00e4ckman Ledamot Markus Korpela Ledamot Eric S\u00f6derstr\u00f6m Suppleant Andreas Hindr\u00e9n Suppleant Teija Sirko-Lev\u00e4aho Ansvarsposter [&hellip;]<\/p>\n","protected":false},"author":1,"featured_media":290,"parent":0,"menu_order":4,"comment_status":"closed","ping_status":"closed","template":"","meta":{"_acf_changed":false,"inline_featured_image":false,"footnotes":""},"class_list":["post-232","page","type-page","status-publish","has-post-thumbnail","hentry"],"acf":[],"yoast_head":"<!-- This site is optimized with the Yoast SEO Premium plugin v27.2 (Yoast SEO v27.2) - https:\/\/yoast.com\/product\/yoast-seo-premium-wordpress\/ -->\n<title>Kontakt - FSRS Eken\u00e4s Sj\u00f6r\u00e4ddare r.f. - SMPS Tammisaaren Meripelastajat r.y.<\/title>\n<meta name=\"robots\" content=\"index, follow, max-snippet:-1, max-image-preview:large, max-video-preview:-1\" \/>\n<link rel=\"canonical\" href=\"https:\/\/meripelastus.fi\/tammisaari\/kontakt\/\" \/>\n<meta property=\"og:locale\" content=\"sv_SE\" \/>\n<meta property=\"og:type\" content=\"article\" \/>\n<meta property=\"og:title\" content=\"Kontakt\" \/>\n<meta property=\"og:description\" content=\"E-post:info@ekenassjoraddare.org Postadress:Eken\u00e4s sj\u00f6r\u00e4ddare r.f.Norra strandgatan 1910600 Eken\u00e4s Bes\u00f6ksadress:N\u00e4seuddens Sj\u00f6r\u00e4ddningsstation, N\u00e4seuddsv\u00e4gen 15, 10620 Eken\u00e4s. Observera att obeh\u00f6rig vistelse, p\u00e5 stationsomr\u00e5det, \u00e4r f\u00f6rbjudet. STYRELSEN 2026 Ordf\u00f6rande Oskar Sj\u00f6berg Vice ordf\u00f6rande Jessica Silfver Sekreterare Johan B\u00e4ckman Kass\u00f6r Henning Swiboda B\u00e5tsfogde Mikael B\u00e4ckman Ledamot Patrik B\u00e4ckman Ledamot Markus Korpela Ledamot Eric S\u00f6derstr\u00f6m Suppleant Andreas Hindr\u00e9n Suppleant Teija Sirko-Lev\u00e4aho Ansvarsposter [&hellip;]\" \/>\n<meta property=\"og:url\" content=\"https:\/\/meripelastus.fi\/tammisaari\/kontakt\/\" \/>\n<meta property=\"og:site_name\" content=\"FSRS Eken\u00e4s Sj\u00f6r\u00e4ddare r.f. - SMPS Tammisaaren Meripelastajat r.y.\" \/>\n<meta property=\"article:modified_time\" content=\"2026-04-08T17:34:45+00:00\" \/>\n<meta property=\"og:image\" content=\"https:\/\/meripelastus.fi\/tammisaari\/wp-content\/uploads\/sites\/35\/2021\/06\/tammisaari.jpg\" \/>\n\t<meta property=\"og:image:width\" content=\"1920\" \/>\n\t<meta property=\"og:image:height\" content=\"375\" \/>\n\t<meta property=\"og:image:type\" content=\"image\/jpeg\" \/>\n<meta name=\"twitter:card\" content=\"summary_large_image\" \/>\n<meta name=\"twitter:label1\" content=\"Ber\u00e4knad l\u00e4stid\" \/>\n\t<meta name=\"twitter:data1\" content=\"1 minut\" \/>\n<script type=\"application\/ld+json\" class=\"yoast-schema-graph\">{\"@context\":\"https:\/\/schema.org\",\"@graph\":[{\"@type\":\"WebPage\",\"@id\":\"https:\/\/meripelastus.fi\/tammisaari\/kontakt\/\",\"url\":\"https:\/\/meripelastus.fi\/tammisaari\/kontakt\/\",\"name\":\"Kontakt - FSRS Eken\u00e4s Sj\u00f6r\u00e4ddare r.f. - SMPS Tammisaaren Meripelastajat r.y.\",\"isPartOf\":{\"@id\":\"https:\/\/meripelastus.fi\/tammisaari\/#website\"},\"primaryImageOfPage\":{\"@id\":\"https:\/\/meripelastus.fi\/tammisaari\/kontakt\/#primaryimage\"},\"image\":{\"@id\":\"https:\/\/meripelastus.fi\/tammisaari\/kontakt\/#primaryimage\"},\"thumbnailUrl\":\"https:\/\/meripelastus.fi\/tammisaari\/wp-content\/uploads\/sites\/35\/2021\/06\/tammisaari.jpg\",\"datePublished\":\"2018-03-19T07:24:37+00:00\",\"dateModified\":\"2026-04-08T17:34:45+00:00\",\"breadcrumb\":{\"@id\":\"https:\/\/meripelastus.fi\/tammisaari\/kontakt\/#breadcrumb\"},\"inLanguage\":\"sv-SE\",\"potentialAction\":[{\"@type\":\"ReadAction\",\"target\":[\"https:\/\/meripelastus.fi\/tammisaari\/kontakt\/\"]}]},{\"@type\":\"ImageObject\",\"inLanguage\":\"sv-SE\",\"@id\":\"https:\/\/meripelastus.fi\/tammisaari\/kontakt\/#primaryimage\",\"url\":\"https:\/\/meripelastus.fi\/tammisaari\/wp-content\/uploads\/sites\/35\/2021\/06\/tammisaari.jpg\",\"contentUrl\":\"https:\/\/meripelastus.fi\/tammisaari\/wp-content\/uploads\/sites\/35\/2021\/06\/tammisaari.jpg\",\"width\":1920,\"height\":375},{\"@type\":\"BreadcrumbList\",\"@id\":\"https:\/\/meripelastus.fi\/tammisaari\/kontakt\/#breadcrumb\",\"itemListElement\":[{\"@type\":\"ListItem\",\"position\":1,\"name\":\"Etusivu\",\"item\":\"https:\/\/meripelastus.fi\/tammisaari\/fi\/\"},{\"@type\":\"ListItem\",\"position\":2,\"name\":\"Kontakt\"}]},{\"@type\":\"WebSite\",\"@id\":\"https:\/\/meripelastus.fi\/tammisaari\/#website\",\"url\":\"https:\/\/meripelastus.fi\/tammisaari\/\",\"name\":\"FSRS Eken\u00e4s Sj\u00f6r\u00e4ddare r.f. - SMPS Tammisaaren Meripelastajat r.y.\",\"description\":\"Vapaaehtoiset apunasi vesill\u00e4\",\"potentialAction\":[{\"@type\":\"SearchAction\",\"target\":{\"@type\":\"EntryPoint\",\"urlTemplate\":\"https:\/\/meripelastus.fi\/tammisaari\/?s={search_term_string}\"},\"query-input\":{\"@type\":\"PropertyValueSpecification\",\"valueRequired\":true,\"valueName\":\"search_term_string\"}}],\"inLanguage\":\"sv-SE\"}]}<\/script>\n<!-- \/ Yoast SEO Premium plugin. -->","yoast_head_json":{"title":"Kontakt - FSRS Eken\u00e4s Sj\u00f6r\u00e4ddare r.f. - SMPS Tammisaaren Meripelastajat r.y.","robots":{"index":"index","follow":"follow","max-snippet":"max-snippet:-1","max-image-preview":"max-image-preview:large","max-video-preview":"max-video-preview:-1"},"canonical":"https:\/\/meripelastus.fi\/tammisaari\/kontakt\/","og_locale":"sv_SE","og_type":"article","og_title":"Kontakt","og_description":"E-post:info@ekenassjoraddare.org Postadress:Eken\u00e4s sj\u00f6r\u00e4ddare r.f.Norra strandgatan 1910600 Eken\u00e4s Bes\u00f6ksadress:N\u00e4seuddens Sj\u00f6r\u00e4ddningsstation, N\u00e4seuddsv\u00e4gen 15, 10620 Eken\u00e4s. Observera att obeh\u00f6rig vistelse, p\u00e5 stationsomr\u00e5det, \u00e4r f\u00f6rbjudet. STYRELSEN 2026 Ordf\u00f6rande Oskar Sj\u00f6berg Vice ordf\u00f6rande Jessica Silfver Sekreterare Johan B\u00e4ckman Kass\u00f6r Henning Swiboda B\u00e5tsfogde Mikael B\u00e4ckman Ledamot Patrik B\u00e4ckman Ledamot Markus Korpela Ledamot Eric S\u00f6derstr\u00f6m Suppleant Andreas Hindr\u00e9n Suppleant Teija Sirko-Lev\u00e4aho Ansvarsposter [&hellip;]","og_url":"https:\/\/meripelastus.fi\/tammisaari\/kontakt\/","og_site_name":"FSRS Eken\u00e4s Sj\u00f6r\u00e4ddare r.f. - SMPS Tammisaaren Meripelastajat r.y.","article_modified_time":"2026-04-08T17:34:45+00:00","og_image":[{"width":1920,"height":375,"url":"https:\/\/meripelastus.fi\/tammisaari\/wp-content\/uploads\/sites\/35\/2021\/06\/tammisaari.jpg","type":"image\/jpeg"}],"twitter_card":"summary_large_image","twitter_misc":{"Ber\u00e4knad l\u00e4stid":"1 minut"},"schema":{"@context":"https:\/\/schema.org","@graph":[{"@type":"WebPage","@id":"https:\/\/meripelastus.fi\/tammisaari\/kontakt\/","url":"https:\/\/meripelastus.fi\/tammisaari\/kontakt\/","name":"Kontakt - FSRS Eken\u00e4s Sj\u00f6r\u00e4ddare r.f. - SMPS Tammisaaren Meripelastajat r.y.","isPartOf":{"@id":"https:\/\/meripelastus.fi\/tammisaari\/#website"},"primaryImageOfPage":{"@id":"https:\/\/meripelastus.fi\/tammisaari\/kontakt\/#primaryimage"},"image":{"@id":"https:\/\/meripelastus.fi\/tammisaari\/kontakt\/#primaryimage"},"thumbnailUrl":"https:\/\/meripelastus.fi\/tammisaari\/wp-content\/uploads\/sites\/35\/2021\/06\/tammisaari.jpg","datePublished":"2018-03-19T07:24:37+00:00","dateModified":"2026-04-08T17:34:45+00:00","breadcrumb":{"@id":"https:\/\/meripelastus.fi\/tammisaari\/kontakt\/#breadcrumb"},"inLanguage":"sv-SE","potentialAction":[{"@type":"ReadAction","target":["https:\/\/meripelastus.fi\/tammisaari\/kontakt\/"]}]},{"@type":"ImageObject","inLanguage":"sv-SE","@id":"https:\/\/meripelastus.fi\/tammisaari\/kontakt\/#primaryimage","url":"https:\/\/meripelastus.fi\/tammisaari\/wp-content\/uploads\/sites\/35\/2021\/06\/tammisaari.jpg","contentUrl":"https:\/\/meripelastus.fi\/tammisaari\/wp-content\/uploads\/sites\/35\/2021\/06\/tammisaari.jpg","width":1920,"height":375},{"@type":"BreadcrumbList","@id":"https:\/\/meripelastus.fi\/tammisaari\/kontakt\/#breadcrumb","itemListElement":[{"@type":"ListItem","position":1,"name":"Etusivu","item":"https:\/\/meripelastus.fi\/tammisaari\/fi\/"},{"@type":"ListItem","position":2,"name":"Kontakt"}]},{"@type":"WebSite","@id":"https:\/\/meripelastus.fi\/tammisaari\/#website","url":"https:\/\/meripelastus.fi\/tammisaari\/","name":"FSRS Eken\u00e4s Sj\u00f6r\u00e4ddare r.f. - SMPS Tammisaaren Meripelastajat r.y.","description":"Vapaaehtoiset apunasi vesill\u00e4","potentialAction":[{"@type":"SearchAction","target":{"@type":"EntryPoint","urlTemplate":"https:\/\/meripelastus.fi\/tammisaari\/?s={search_term_string}"},"query-input":{"@type":"PropertyValueSpecification","valueRequired":true,"valueName":"search_term_string"}}],"inLanguage":"sv-SE"}]}},"_links":{"self":[{"href":"https:\/\/meripelastus.fi\/tammisaari\/wp-json\/wp\/v2\/pages\/232","targetHints":{"allow":["GET"]}}],"collection":[{"href":"https:\/\/meripelastus.fi\/tammisaari\/wp-json\/wp\/v2\/pages"}],"about":[{"href":"https:\/\/meripelastus.fi\/tammisaari\/wp-json\/wp\/v2\/types\/page"}],"author":[{"embeddable":true,"href":"https:\/\/meripelastus.fi\/tammisaari\/wp-json\/wp\/v2\/users\/1"}],"replies":[{"embeddable":true,"href":"https:\/\/meripelastus.fi\/tammisaari\/wp-json\/wp\/v2\/comments?post=232"}],"version-history":[{"count":16,"href":"https:\/\/meripelastus.fi\/tammisaari\/wp-json\/wp\/v2\/pages\/232\/revisions"}],"predecessor-version":[{"id":841,"href":"https:\/\/meripelastus.fi\/tammisaari\/wp-json\/wp\/v2\/pages\/232\/revisions\/841"}],"wp:featuredmedia":[{"embeddable":true,"href":"https:\/\/meripelastus.fi\/tammisaari\/wp-json\/wp\/v2\/media\/290"}],"wp:attachment":[{"href":"https:\/\/meripelastus.fi\/tammisaari\/wp-json\/wp\/v2\/media?parent=232"}],"curies":[{"name":"wp","href":"https:\/\/api.w.org\/{rel}","templated":true}]}}