{"id":223,"date":"2018-03-19T09:18:43","date_gmt":"2018-03-19T07:18:43","guid":{"rendered":"https:\/\/meripelastus.fi\/tammisaari-vedos\/verksamhet\/halytysohje\/"},"modified":"2023-11-07T16:45:35","modified_gmt":"2023-11-07T14:45:35","slug":"alarmanvisning","status":"publish","type":"page","link":"https:\/\/meripelastus.fi\/tammisaari\/verksamhet\/alarmanvisning\/","title":{"rendered":"Alarmanvisning"},"content":{"rendered":"\n<p><span>Alarmanvisning<\/span><\/p>\n\n\n\n<p><span>Sj\u00f6r\u00e4ddningens alarmnummer&nbsp;<strong>0294 1000<\/strong><\/span><br><span>VHF-kanal&nbsp;<strong>16<\/strong>&nbsp;\/ VHF-DSC&nbsp;<strong>70<br><\/strong><\/span><span>Allm\u00e4nt n\u00f6dnummer&nbsp;<strong>112<br><\/strong>Trossen-servicebeg\u00e4ran (1.5.-31.10.)&nbsp;<strong>0800 30 22 30<br><\/strong><\/span><\/p>\n\n\n\n<p><span>Ber\u00e4tta (fartygets) namn och kontaktuppgifter<\/span><br><span>Ber\u00e4tta exakt var olyckan skett<\/span><br><span>Ber\u00e4tta vad som har h\u00e4nt<\/span><br><span>Hur m\u00e5nga m\u00e4nniskor \u00e4r i fara, finns det skadade?<\/span><br><span>Ber\u00e4tta hurudan hj\u00e4lp det beh\u00f6vs<\/span><br><span><strong>Avbryt inte kontakten<\/strong>&nbsp;f\u00f6rr\u00e4n du f\u00e5tt lov<\/span><\/p>\n\n\n\n<hr class=\"wp-block-separator has-alpha-channel-opacity\"\/>\n\n\n\n<p><span>H\u00e4lytysohje<\/span><\/p>\n\n\n\n<p><span>Meripelastuksen h\u00e4lytysnumero <strong>0294 1000<br><\/strong><\/span><span>VHF-kanava&nbsp;<\/span><strong style=\"font-size: 1.1rem;\">16&nbsp;<\/strong><span>\/ VHF-DSC&nbsp;<\/span><strong style=\"font-size: 1.1rem;\">70<br><\/strong><span>Yleinen h\u00e4t\u00e4numero&nbsp;<\/span><strong style=\"font-size: 1.1rem;\">112<br><\/strong>Trossi-palvelupyynn\u00f6t (1.5.-31.10.) <strong style=\"font-size: 1.1rem;\"><strong>0800 30 22 30<\/strong><br><\/strong><\/p>\n\n\n\n<p><span>Kerro (aluksesi) nimi ja yhteystiedot<\/span><br><span>Kerro tarkka tapahtumapaikka<\/span><br><span>Kerro mit\u00e4 on tapahtunut<\/span><br><span>Montako ihmist\u00e4 on vaarassa, onko loukkaantuneita?<\/span><br><span>Kerro mit\u00e4 apua tarvitaan<\/span><br><span><strong>\u00c4l\u00e4 katkaise yhteytt\u00e4<\/strong>&nbsp;ennen kuin saat luvan<\/span><\/p>\n\n\n\n<hr class=\"wp-block-separator has-alpha-channel-opacity\"\/>\n\n\n\n<p><span>Emergency instructions<\/span><\/p>\n\n\n\n<p><span>Distress calls to the Maritime Rescue Centre<\/span><br><span>via VHF ch&nbsp;<strong>16<\/strong>&nbsp;\/ VHF-DSC&nbsp;<strong>70<\/strong><\/span><br><span>by telephone&nbsp;<strong>+358 294 1000<\/strong>&nbsp;(international) or&nbsp;<strong>0294 1000<\/strong>&nbsp;(national)<\/span><\/p>\n\n\n\n<p><span>Tell your (ship\u2019s) name and contact information<\/span><br><span>Tell your position<\/span><br><span>Tell what has happened<\/span><br><span>How many people are in danger, how many are injured?<\/span><br><span>Tell what kind of help is needed<\/span><br><span><strong>Do not hang up<\/strong>&nbsp;before you get premission to do so<\/span><\/p>\n","protected":false},"excerpt":{"rendered":"<p>Alarmanvisning Sj\u00f6r\u00e4ddningens alarmnummer&nbsp;0294 1000VHF-kanal&nbsp;16&nbsp;\/ VHF-DSC&nbsp;70Allm\u00e4nt n\u00f6dnummer&nbsp;112Trossen-servicebeg\u00e4ran (1.5.-31.10.)&nbsp;0800 30 22 30 Ber\u00e4tta (fartygets) namn och kontaktuppgifterBer\u00e4tta exakt var olyckan skettBer\u00e4tta vad som har h\u00e4ntHur m\u00e5nga m\u00e4nniskor \u00e4r i fara, finns det skadade?Ber\u00e4tta hurudan hj\u00e4lp det beh\u00f6vsAvbryt inte kontakten&nbsp;f\u00f6rr\u00e4n du f\u00e5tt lov H\u00e4lytysohje Meripelastuksen h\u00e4lytysnumero 0294 1000VHF-kanava&nbsp;16&nbsp;\/ VHF-DSC&nbsp;70Yleinen h\u00e4t\u00e4numero&nbsp;112Trossi-palvelupyynn\u00f6t (1.5.-31.10.) 0800 30 22 30 Kerro (aluksesi) nimi [&hellip;]<\/p>\n","protected":false},"author":1,"featured_media":418,"parent":216,"menu_order":0,"comment_status":"closed","ping_status":"closed","template":"","meta":{"_acf_changed":false,"inline_featured_image":false,"footnotes":""},"class_list":["post-223","page","type-page","status-publish","has-post-thumbnail","hentry"],"acf":[],"yoast_head":"<!-- This site is optimized with the Yoast SEO Premium plugin v27.2 (Yoast SEO v27.2) - https:\/\/yoast.com\/product\/yoast-seo-premium-wordpress\/ -->\n<title>Alarmanvisning - FSRS Eken\u00e4s Sj\u00f6r\u00e4ddare r.f. - SMPS Tammisaaren Meripelastajat r.y.<\/title>\n<meta name=\"robots\" content=\"index, follow, max-snippet:-1, max-image-preview:large, max-video-preview:-1\" \/>\n<link rel=\"canonical\" href=\"https:\/\/meripelastus.fi\/tammisaari\/verksamhet\/alarmanvisning\/\" \/>\n<meta property=\"og:locale\" content=\"sv_SE\" \/>\n<meta property=\"og:type\" content=\"article\" \/>\n<meta property=\"og:title\" content=\"Alarmanvisning\" \/>\n<meta property=\"og:description\" content=\"Alarmanvisning Sj\u00f6r\u00e4ddningens alarmnummer&nbsp;0294 1000VHF-kanal&nbsp;16&nbsp;\/ VHF-DSC&nbsp;70Allm\u00e4nt n\u00f6dnummer&nbsp;112Trossen-servicebeg\u00e4ran (1.5.-31.10.)&nbsp;0800 30 22 30 Ber\u00e4tta (fartygets) namn och kontaktuppgifterBer\u00e4tta exakt var olyckan skettBer\u00e4tta vad som har h\u00e4ntHur m\u00e5nga m\u00e4nniskor \u00e4r i fara, finns det skadade?Ber\u00e4tta hurudan hj\u00e4lp det beh\u00f6vsAvbryt inte kontakten&nbsp;f\u00f6rr\u00e4n du f\u00e5tt lov H\u00e4lytysohje Meripelastuksen h\u00e4lytysnumero 0294 1000VHF-kanava&nbsp;16&nbsp;\/ VHF-DSC&nbsp;70Yleinen h\u00e4t\u00e4numero&nbsp;112Trossi-palvelupyynn\u00f6t (1.5.-31.10.) 0800 30 22 30 Kerro (aluksesi) nimi [&hellip;]\" \/>\n<meta property=\"og:url\" content=\"https:\/\/meripelastus.fi\/tammisaari\/verksamhet\/alarmanvisning\/\" \/>\n<meta property=\"og:site_name\" content=\"FSRS Eken\u00e4s Sj\u00f6r\u00e4ddare r.f. - SMPS Tammisaaren Meripelastajat r.y.\" \/>\n<meta property=\"article:modified_time\" content=\"2023-11-07T14:45:35+00:00\" \/>\n<meta property=\"og:image\" content=\"https:\/\/meripelastus.fi\/tammisaari\/wp-content\/uploads\/sites\/35\/2023\/01\/20210702_232142_w2000_light.jpg\" \/>\n\t<meta property=\"og:image:width\" content=\"2000\" \/>\n\t<meta property=\"og:image:height\" content=\"1500\" \/>\n\t<meta property=\"og:image:type\" content=\"image\/jpeg\" \/>\n<meta name=\"twitter:card\" content=\"summary_large_image\" \/>\n<meta name=\"twitter:label1\" content=\"Ber\u00e4knad l\u00e4stid\" \/>\n\t<meta name=\"twitter:data1\" content=\"2 minuter\" \/>\n<script type=\"application\/ld+json\" class=\"yoast-schema-graph\">{\"@context\":\"https:\/\/schema.org\",\"@graph\":[{\"@type\":\"WebPage\",\"@id\":\"https:\/\/meripelastus.fi\/tammisaari\/verksamhet\/alarmanvisning\/\",\"url\":\"https:\/\/meripelastus.fi\/tammisaari\/verksamhet\/alarmanvisning\/\",\"name\":\"Alarmanvisning - FSRS Eken\u00e4s Sj\u00f6r\u00e4ddare r.f. - SMPS Tammisaaren Meripelastajat r.y.\",\"isPartOf\":{\"@id\":\"https:\/\/meripelastus.fi\/tammisaari\/#website\"},\"primaryImageOfPage\":{\"@id\":\"https:\/\/meripelastus.fi\/tammisaari\/verksamhet\/alarmanvisning\/#primaryimage\"},\"image\":{\"@id\":\"https:\/\/meripelastus.fi\/tammisaari\/verksamhet\/alarmanvisning\/#primaryimage\"},\"thumbnailUrl\":\"https:\/\/meripelastus.fi\/tammisaari\/wp-content\/uploads\/sites\/35\/2023\/01\/20210702_232142_w2000_light.jpg\",\"datePublished\":\"2018-03-19T07:18:43+00:00\",\"dateModified\":\"2023-11-07T14:45:35+00:00\",\"breadcrumb\":{\"@id\":\"https:\/\/meripelastus.fi\/tammisaari\/verksamhet\/alarmanvisning\/#breadcrumb\"},\"inLanguage\":\"sv-SE\",\"potentialAction\":[{\"@type\":\"ReadAction\",\"target\":[\"https:\/\/meripelastus.fi\/tammisaari\/verksamhet\/alarmanvisning\/\"]}]},{\"@type\":\"ImageObject\",\"inLanguage\":\"sv-SE\",\"@id\":\"https:\/\/meripelastus.fi\/tammisaari\/verksamhet\/alarmanvisning\/#primaryimage\",\"url\":\"https:\/\/meripelastus.fi\/tammisaari\/wp-content\/uploads\/sites\/35\/2023\/01\/20210702_232142_w2000_light.jpg\",\"contentUrl\":\"https:\/\/meripelastus.fi\/tammisaari\/wp-content\/uploads\/sites\/35\/2023\/01\/20210702_232142_w2000_light.jpg\",\"width\":2000,\"height\":1500},{\"@type\":\"BreadcrumbList\",\"@id\":\"https:\/\/meripelastus.fi\/tammisaari\/verksamhet\/alarmanvisning\/#breadcrumb\",\"itemListElement\":[{\"@type\":\"ListItem\",\"position\":1,\"name\":\"Etusivu\",\"item\":\"https:\/\/meripelastus.fi\/tammisaari\/fi\/\"},{\"@type\":\"ListItem\",\"position\":2,\"name\":\"Verksamhet\",\"item\":\"https:\/\/meripelastus.fi\/tammisaari\/verksamhet\/\"},{\"@type\":\"ListItem\",\"position\":3,\"name\":\"Alarmanvisning\"}]},{\"@type\":\"WebSite\",\"@id\":\"https:\/\/meripelastus.fi\/tammisaari\/#website\",\"url\":\"https:\/\/meripelastus.fi\/tammisaari\/\",\"name\":\"FSRS Eken\u00e4s Sj\u00f6r\u00e4ddare r.f. - SMPS Tammisaaren Meripelastajat r.y.\",\"description\":\"Vapaaehtoiset apunasi vesill\u00e4\",\"potentialAction\":[{\"@type\":\"SearchAction\",\"target\":{\"@type\":\"EntryPoint\",\"urlTemplate\":\"https:\/\/meripelastus.fi\/tammisaari\/?s={search_term_string}\"},\"query-input\":{\"@type\":\"PropertyValueSpecification\",\"valueRequired\":true,\"valueName\":\"search_term_string\"}}],\"inLanguage\":\"sv-SE\"}]}<\/script>\n<!-- \/ Yoast SEO Premium plugin. -->","yoast_head_json":{"title":"Alarmanvisning - FSRS Eken\u00e4s Sj\u00f6r\u00e4ddare r.f. - SMPS Tammisaaren Meripelastajat r.y.","robots":{"index":"index","follow":"follow","max-snippet":"max-snippet:-1","max-image-preview":"max-image-preview:large","max-video-preview":"max-video-preview:-1"},"canonical":"https:\/\/meripelastus.fi\/tammisaari\/verksamhet\/alarmanvisning\/","og_locale":"sv_SE","og_type":"article","og_title":"Alarmanvisning","og_description":"Alarmanvisning Sj\u00f6r\u00e4ddningens alarmnummer&nbsp;0294 1000VHF-kanal&nbsp;16&nbsp;\/ VHF-DSC&nbsp;70Allm\u00e4nt n\u00f6dnummer&nbsp;112Trossen-servicebeg\u00e4ran (1.5.-31.10.)&nbsp;0800 30 22 30 Ber\u00e4tta (fartygets) namn och kontaktuppgifterBer\u00e4tta exakt var olyckan skettBer\u00e4tta vad som har h\u00e4ntHur m\u00e5nga m\u00e4nniskor \u00e4r i fara, finns det skadade?Ber\u00e4tta hurudan hj\u00e4lp det beh\u00f6vsAvbryt inte kontakten&nbsp;f\u00f6rr\u00e4n du f\u00e5tt lov H\u00e4lytysohje Meripelastuksen h\u00e4lytysnumero 0294 1000VHF-kanava&nbsp;16&nbsp;\/ VHF-DSC&nbsp;70Yleinen h\u00e4t\u00e4numero&nbsp;112Trossi-palvelupyynn\u00f6t (1.5.-31.10.) 0800 30 22 30 Kerro (aluksesi) nimi [&hellip;]","og_url":"https:\/\/meripelastus.fi\/tammisaari\/verksamhet\/alarmanvisning\/","og_site_name":"FSRS Eken\u00e4s Sj\u00f6r\u00e4ddare r.f. - SMPS Tammisaaren Meripelastajat r.y.","article_modified_time":"2023-11-07T14:45:35+00:00","og_image":[{"width":2000,"height":1500,"url":"https:\/\/meripelastus.fi\/tammisaari\/wp-content\/uploads\/sites\/35\/2023\/01\/20210702_232142_w2000_light.jpg","type":"image\/jpeg"}],"twitter_card":"summary_large_image","twitter_misc":{"Ber\u00e4knad l\u00e4stid":"2 minuter"},"schema":{"@context":"https:\/\/schema.org","@graph":[{"@type":"WebPage","@id":"https:\/\/meripelastus.fi\/tammisaari\/verksamhet\/alarmanvisning\/","url":"https:\/\/meripelastus.fi\/tammisaari\/verksamhet\/alarmanvisning\/","name":"Alarmanvisning - FSRS Eken\u00e4s Sj\u00f6r\u00e4ddare r.f. - SMPS Tammisaaren Meripelastajat r.y.","isPartOf":{"@id":"https:\/\/meripelastus.fi\/tammisaari\/#website"},"primaryImageOfPage":{"@id":"https:\/\/meripelastus.fi\/tammisaari\/verksamhet\/alarmanvisning\/#primaryimage"},"image":{"@id":"https:\/\/meripelastus.fi\/tammisaari\/verksamhet\/alarmanvisning\/#primaryimage"},"thumbnailUrl":"https:\/\/meripelastus.fi\/tammisaari\/wp-content\/uploads\/sites\/35\/2023\/01\/20210702_232142_w2000_light.jpg","datePublished":"2018-03-19T07:18:43+00:00","dateModified":"2023-11-07T14:45:35+00:00","breadcrumb":{"@id":"https:\/\/meripelastus.fi\/tammisaari\/verksamhet\/alarmanvisning\/#breadcrumb"},"inLanguage":"sv-SE","potentialAction":[{"@type":"ReadAction","target":["https:\/\/meripelastus.fi\/tammisaari\/verksamhet\/alarmanvisning\/"]}]},{"@type":"ImageObject","inLanguage":"sv-SE","@id":"https:\/\/meripelastus.fi\/tammisaari\/verksamhet\/alarmanvisning\/#primaryimage","url":"https:\/\/meripelastus.fi\/tammisaari\/wp-content\/uploads\/sites\/35\/2023\/01\/20210702_232142_w2000_light.jpg","contentUrl":"https:\/\/meripelastus.fi\/tammisaari\/wp-content\/uploads\/sites\/35\/2023\/01\/20210702_232142_w2000_light.jpg","width":2000,"height":1500},{"@type":"BreadcrumbList","@id":"https:\/\/meripelastus.fi\/tammisaari\/verksamhet\/alarmanvisning\/#breadcrumb","itemListElement":[{"@type":"ListItem","position":1,"name":"Etusivu","item":"https:\/\/meripelastus.fi\/tammisaari\/fi\/"},{"@type":"ListItem","position":2,"name":"Verksamhet","item":"https:\/\/meripelastus.fi\/tammisaari\/verksamhet\/"},{"@type":"ListItem","position":3,"name":"Alarmanvisning"}]},{"@type":"WebSite","@id":"https:\/\/meripelastus.fi\/tammisaari\/#website","url":"https:\/\/meripelastus.fi\/tammisaari\/","name":"FSRS Eken\u00e4s Sj\u00f6r\u00e4ddare r.f. - SMPS Tammisaaren Meripelastajat r.y.","description":"Vapaaehtoiset apunasi vesill\u00e4","potentialAction":[{"@type":"SearchAction","target":{"@type":"EntryPoint","urlTemplate":"https:\/\/meripelastus.fi\/tammisaari\/?s={search_term_string}"},"query-input":{"@type":"PropertyValueSpecification","valueRequired":true,"valueName":"search_term_string"}}],"inLanguage":"sv-SE"}]}},"_links":{"self":[{"href":"https:\/\/meripelastus.fi\/tammisaari\/wp-json\/wp\/v2\/pages\/223","targetHints":{"allow":["GET"]}}],"collection":[{"href":"https:\/\/meripelastus.fi\/tammisaari\/wp-json\/wp\/v2\/pages"}],"about":[{"href":"https:\/\/meripelastus.fi\/tammisaari\/wp-json\/wp\/v2\/types\/page"}],"author":[{"embeddable":true,"href":"https:\/\/meripelastus.fi\/tammisaari\/wp-json\/wp\/v2\/users\/1"}],"replies":[{"embeddable":true,"href":"https:\/\/meripelastus.fi\/tammisaari\/wp-json\/wp\/v2\/comments?post=223"}],"version-history":[{"count":4,"href":"https:\/\/meripelastus.fi\/tammisaari\/wp-json\/wp\/v2\/pages\/223\/revisions"}],"predecessor-version":[{"id":479,"href":"https:\/\/meripelastus.fi\/tammisaari\/wp-json\/wp\/v2\/pages\/223\/revisions\/479"}],"up":[{"embeddable":true,"href":"https:\/\/meripelastus.fi\/tammisaari\/wp-json\/wp\/v2\/pages\/216"}],"wp:featuredmedia":[{"embeddable":true,"href":"https:\/\/meripelastus.fi\/tammisaari\/wp-json\/wp\/v2\/media\/418"}],"wp:attachment":[{"href":"https:\/\/meripelastus.fi\/tammisaari\/wp-json\/wp\/v2\/media?parent=223"}],"curies":[{"name":"wp","href":"https:\/\/api.w.org\/{rel}","templated":true}]}}