{"id":182,"date":"2021-06-21T15:37:40","date_gmt":"2021-06-21T12:37:40","guid":{"rendered":"https:\/\/meripelastus.fi\/tammisaari-vedos\/?page_id=182"},"modified":"2026-03-19T13:49:00","modified_gmt":"2026-03-19T11:49:00","slug":"startsida","status":"publish","type":"page","link":"https:\/\/meripelastus.fi\/tammisaari\/","title":{"rendered":"Frivilliga hj\u00e4lper dig till havs"},"content":{"rendered":"\n<div style=\"height:3rem\" aria-hidden=\"true\" class=\"wp-block-spacer\"><\/div>\n\n\n\n<h2 class=\"wp-block-heading\" id=\"h-nyheter\">Nyheter<\/h2>\n\n\n\t\n<div class=\"container home-container\"> \n  <div class=\"row gridparent post-lists\">\n            <figure class=\"gridchild d-flex align-items-stretch\">\n            <div class=\"post-item relative\">\n                    <a href=\"https:\/\/meripelastus.fi\/tammisaari\/fi\/kevatkokous-24-3-2026-klo-19\/\" title=\"Kev\u00e4tkokous 24.3.2026 klo 19 \u2013\">\n                        <img loading=\"lazy\" decoding=\"async\" src=\"https:\/\/meripelastus.fi\/tammisaari\/wp-content\/uploads\/sites\/35\/2024\/01\/158335231_4133885620038308_5845596603599204512_n-730x460.jpg\" alt=\"Kev\u00e4tkokous 24.3.2026 klo 19 \u2013\" width=\"730\" height=\"460\" \/>\n                        <div class=\"postgradient\"><\/div><!--postgradient-->\n                    <\/a>\n                    <figcaption class=\"post-list-content\">\n                        <p class=\"article-meta has-white-color\">\n                            05.02.2026 \n                                                                                                <a href=\"https:\/\/meripelastus.fi\/tammisaari\/fi\/category\/uutiset\/\">Uutiset<\/a>\n                                                                                    <\/p>\n                        <a href=\"https:\/\/meripelastus.fi\/tammisaari\/fi\/kevatkokous-24-3-2026-klo-19\/\" title=\"Kev\u00e4tkokous 24.3.2026 klo 19 \u2013\">\n                            <h4 class=\"has-white-color my-0\">Kev\u00e4tkokous 24.3.2026 klo 19 \u2013<\/h4>\n                        <\/a>\n                    <\/figcaption>\t\n            <\/div>\n        <\/figure>\n            <figure class=\"gridchild d-flex align-items-stretch\">\n            <div class=\"post-item relative\">\n                    <a href=\"https:\/\/meripelastus.fi\/tammisaari\/varmote-24-3-2026-kl-19\/\" title=\"V\u00e5rm\u00f6te 24.3.2026 kl.19\u2013\">\n                        <img loading=\"lazy\" decoding=\"async\" src=\"https:\/\/meripelastus.fi\/tammisaari\/wp-content\/uploads\/sites\/35\/2024\/01\/158335231_4133885620038308_5845596603599204512_n-350x225.jpg\" alt=\"V\u00e5rm\u00f6te 24.3.2026 kl.19\u2013\" width=\"730\" height=\"460\" \/>\n                        <div class=\"postgradient\"><\/div><!--postgradient-->\n                    <\/a>\n                    <figcaption class=\"post-list-content\">\n                        <p class=\"article-meta has-white-color\">\n                            05.02.2026 \n                                                                                                <a href=\"https:\/\/meripelastus.fi\/tammisaari\/category\/nyheter\/\">Nyheter<\/a>\n                                                                                    <\/p>\n                        <a href=\"https:\/\/meripelastus.fi\/tammisaari\/varmote-24-3-2026-kl-19\/\" title=\"V\u00e5rm\u00f6te 24.3.2026 kl.19\u2013\">\n                            <h4 class=\"has-white-color my-0\">V\u00e5rm\u00f6te 24.3.2026 kl.19\u2013<\/h4>\n                        <\/a>\n                    <\/figcaption>\t\n            <\/div>\n        <\/figure>\n            <figure class=\"gridchild d-flex align-items-stretch\">\n            <div class=\"post-item relative\">\n                    <a href=\"https:\/\/meripelastus.fi\/tammisaari\/fi\/kiitos-vuodesta-2026\/\" title=\"Kiitos vuodesta 2026!\">\n                        <img loading=\"lazy\" decoding=\"async\" src=\"https:\/\/meripelastus.fi\/tammisaari\/wp-content\/uploads\/sites\/35\/2025\/12\/corinne_rescue_2025_nyhet_ekenassjoraddare-1-350x225.jpg\" alt=\"Kiitos vuodesta 2026!\" width=\"730\" height=\"460\" \/>\n                        <div class=\"postgradient\"><\/div><!--postgradient-->\n                    <\/a>\n                    <figcaption class=\"post-list-content\">\n                        <p class=\"article-meta has-white-color\">\n                            31.12.2025 \n                                                                                                <a href=\"https:\/\/meripelastus.fi\/tammisaari\/fi\/category\/uutiset\/\">Uutiset<\/a>\n                                                                                    <\/p>\n                        <a href=\"https:\/\/meripelastus.fi\/tammisaari\/fi\/kiitos-vuodesta-2026\/\" title=\"Kiitos vuodesta 2026!\">\n                            <h4 class=\"has-white-color my-0\">Kiitos vuodesta 2026!<\/h4>\n                        <\/a>\n                    <\/figcaption>\t\n            <\/div>\n        <\/figure>\n      <\/div>\n\n    \t\n\n    <div class=\"row\">\n      <div class=\"d-none d-sm-block col-2 col-md-3 col-xl-4\"><hr class=\"has-primary-background-color\"><\/div>\n      <div class=\"col-12 col-sm-8 col-md-6 col-xl-4\">\n      <div class=\"d-flex justify-content-center\">\t\n        <a href=\"https:\/\/meripelastus.fi\/tammisaari\/ekenas-sjoraddare\/nyheter\/\" target=\"_self\" class=\"btn btn-primary mt-0 mb-3 my-sm-0\">Nyheter<\/a>\t\t\t\t\t\t\t\t\t\t\n      <\/div>\n      <\/div>\n      <div class=\"col-12 col-sm-2 col-md-3 col-xl-4\"><hr class=\"has-primary-background-color\"><\/div>\n    <\/div>\n  \n<\/div>\n\n\n<div style=\"height:6rem\" aria-hidden=\"true\" class=\"wp-block-spacer\"><\/div>\n\n\n \n\t\n<div class=\"container home-container\"> \n    <div class=\"row home-img-lifts py-0 d-flex justify-content-center\">\n\n            \t\t\t\t \n\t\t\t\t\t\t<div class=\"col-10 offset-1 offset-md-0 col-md-6 col-lg-3 col-xxl-4 has-secondary-background-color d-flex flex-column align-items-stretch justify-content-between text-white text-center homelifts homelifts-lahjoita\">\n                            <div class=\"homelifts-lahjoita-img\"><img loading=\"lazy\" decoding=\"async\" src=\"https:\/\/meripelastus.fi\/tammisaari\/wp-content\/uploads\/sites\/35\/2024\/01\/svg-huutomerkki-white.svg\" alt=\"\" width=\"300\" height=\"273\" \/><\/div> \n                            <div class=\"homelifts-lahjoita-content\">\n                                <h3 class=\"h2 text-white mt-0 mb-0\">Alarmanvisning!<\/h3>                                                                <div class=\"homelifts-lahjoita-content-otsikkoryhma\">\n                                    <h4 class=\"text-white mt-0\"><span>Insj\u00f6vattnen<\/span><\/h4>\n                                    <p><a href=\"tel:112\">112<\/a><\/p>\n                                <\/div>\n                                                                <div class=\"homelifts-lahjoita-content-otsikkoryhma\">\n                                    <h4 class=\"text-white mt-0\"><span>Sj\u00f6omr\u00e5det<\/span><\/h4>\n                                    <p><a href=\"tel:02941000\">0294 1000<\/a><\/p>\n                                <\/div>\n                                                                <p>Trossen-servicebeg\u00e4ran\u00a0(1.5.-31.10.) <a href=\"tel:0800302230\"><strong>0800 30 22 30<\/strong><\/a><\/p>\n                            <\/div>\n                            <a href=\"https:\/\/meripelastus.fi\/tammisaari\/verksamhet\/alarmanvisning\/\" class=\"btn btn-default my-0 mx-auto\" target=\"_self\">Alarmanvisning<\/a>                             \n                        <\/div>\n\t\t\t\t\t\t\t\n            \t\t\t\t \n\t\t\t\t\t\t\t<div class=\"col-10 offset-1 offset-md-0 col-md-6 col-lg-3 col-xxl-4 has-white-background-color d-flex flex-column align-items-stretch justify-content-between text-center homelifts homelifts-trossi\">\n                                <div class=\"homelifts-trossi-img\"><img loading=\"lazy\" decoding=\"async\" src=\"https:\/\/meripelastus.fi\/tammisaari\/wp-content\/uploads\/sites\/35\/2024\/01\/svg-alus.svg\" alt=\"\" width=\"300\" height=\"300\" \/><\/div>                          \n                                <div class=\"homelifts-trossi-content\">\n                                    <h3 class=\"h2 mt-0\">Utf\u00f6rda uppdrag<\/h3>                                                                                                                <ul class=\"list-unstyled\" id=\"tehtavatrss\" data-amount=\"2\" data-city=\"63\">\n                                            <template>\n                                                <li>\n                                                    <time><\/time>\n                                                    <strong><\/strong>\n                                                    <br \/>\n                                                    <span><\/span>\n                                                <\/li>\n                                            <\/template>\n                                        <\/ul>\n                                                                    <\/div>\n                                <a href=\"https:\/\/meripelastus.fi\/tammisaari\/verksamhet\/utforda-uppdrag\/\" class=\"btn btn-primary mb-0 mx-auto\" target=\"_self\">Bl\u00e4ddra bland uppgifter<\/a>                             \n                            <\/div>\n\t\t\t\t\t\t\t           \n\n            \t\t\t\t \n\t\t\t\t\t\t<div class=\"col-10 offset-1 offset-md-0 col-md-6 col-lg-3 col-xxl-4 has-secondary-background-color d-flex flex-column align-items-stretch justify-content-between text-white text-center homelifts homelifts-liity\">\n                            <div class=\"homelifts-liity-img\"><img loading=\"lazy\" decoding=\"async\" src=\"https:\/\/meripelastus.fi\/tammisaari\/wp-content\/uploads\/sites\/35\/2025\/12\/smps-plus-jasenpalvelu-1-300x300.png\" alt=\"Round\" width=\"300\" height=\"300\" \/><\/div>  \n                            <div class=\"homelifts-liity-content\">\n                                <h3 class=\"h2 text-white mt-0\">Medlemstj\u00e4nst &#8211; Skydd f\u00f6r din b\u00e5t<\/h3>                                <hr class=\"homelift-border\">\n                                <p>Vill du f\u00e5 din b\u00e5t, kostnadsfritt till s\u00e4kerhet, vid ett eventuellt haveri? Anslut dig till Medlemstj\u00e4nst!<\/p>\n                            <\/div>\n                            <a href=\"https:\/\/meripelastus.fi\/sv\/medlemstjanst\/\" class=\"btn btn-default mb-0 mx-auto\" target=\"_blank\">L\u00e4s mer och anslut dig<\/a>                             \n                        <\/div>\n\t\t\t\t\t\t\t    <\/div>\n<\/div>\n\n\n<div style=\"height:3rem\" aria-hidden=\"true\" class=\"wp-block-spacer\"><\/div>\n\n\n\n<div class=\"wp-block-group alignfull border-top has-white-background-color has-background\"><div class=\"wp-block-group__inner-container is-layout-constrained wp-block-group-is-layout-constrained\">\n<div style=\"height:3rem\" aria-hidden=\"true\" class=\"wp-block-spacer\"><\/div>\n\n\n\n<h4 class=\"wp-block-heading has-text-align-center has-x-large-font-size\" id=\"h-frivilliga-hjalper-dig-till-havs\" style=\"text-transform:uppercase\">Frivilliga hj\u00e4lper dig till havs<\/h4>\n\n\n\n<p class=\"has-text-align-center\">Vi \u00e4r en ideell sj\u00f6r\u00e4ddningsf\u00f6rening fr\u00e5n Raseborg som lyder under centralorganisationen Finlands Sj\u00f6r\u00e4ddningss\u00e4llskap.<\/p>\n\n\n\n<p class=\"has-text-align-center\">Vi r\u00e4ddar, hj\u00e4lper och assisterar personer och b\u00e5tar som r\u00e5kat i sj\u00f6n\u00f6d.<\/p>\n\n\n\n<div class=\"wp-block-buttons is-content-justification-center is-layout-flex wp-container-core-buttons-is-layout-16018d1d wp-block-buttons-is-layout-flex\">\n<div class=\"wp-block-button\"><a class=\"wp-block-button__link wp-element-button\" href=\"https:\/\/meripelastus.fi\/tammisaari\/ekenas-sjoraddare\/om-oss\/\">Bekanta dig med verksamheten<\/a><\/div>\n<\/div>\n\n\n\t\n   <div class=\"compass-wrapper\"><img loading=\"lazy\" decoding=\"async\" src=\"https:\/\/meripelastus.fi\/tammisaari\/wp-content\/themes\/jarjestot\/img\/smps-kompassi-sininen.png\" width=\"1083\" height=\"110\" class=\"kompassi-block\" aria-hidden=\"true\"\/><\/div>\n\n\n<div style=\"height:3rem\" aria-hidden=\"true\" class=\"wp-block-spacer\"><\/div>\n<\/div><\/div>\n","protected":false},"excerpt":{"rendered":"<p>Nyheter Frivilliga hj\u00e4lper dig till havs Vi \u00e4r en ideell sj\u00f6r\u00e4ddningsf\u00f6rening fr\u00e5n Raseborg som lyder under centralorganisationen Finlands Sj\u00f6r\u00e4ddningss\u00e4llskap. Vi r\u00e4ddar, hj\u00e4lper och assisterar personer och b\u00e5tar som r\u00e5kat i sj\u00f6n\u00f6d.<\/p>\n","protected":false},"author":90,"featured_media":501,"parent":0,"menu_order":1,"comment_status":"closed","ping_status":"closed","template":"templates\/frontpage.php","meta":{"_acf_changed":false,"inline_featured_image":false,"footnotes":""},"class_list":["post-182","page","type-page","status-publish","has-post-thumbnail","hentry"],"acf":[],"yoast_head":"<!-- This site is optimized with the Yoast SEO Premium plugin v27.2 (Yoast SEO v27.2) - https:\/\/yoast.com\/product\/yoast-seo-premium-wordpress\/ -->\n<title>Frivilliga hj\u00e4lper dig till havs - FSRS Eken\u00e4s Sj\u00f6r\u00e4ddare r.f. - SMPS Tammisaaren Meripelastajat r.y.<\/title>\n<meta name=\"description\" content=\"FSRS Eken\u00e4s Sj\u00f6r\u00e4ddare r.f. \u00e4r en sj\u00f6r\u00e4ddningsf\u00f6rening med verksamhet fr\u00e4mst i Raseborg. F\u00f6reningen fungerar p\u00e5 ideell basis.\" \/>\n<meta name=\"robots\" content=\"index, follow, max-snippet:-1, max-image-preview:large, max-video-preview:-1\" \/>\n<link rel=\"canonical\" href=\"https:\/\/meripelastus.fi\/tammisaari\/\" \/>\n<meta property=\"og:locale\" content=\"sv_SE\" \/>\n<meta property=\"og:type\" content=\"article\" \/>\n<meta property=\"og:title\" content=\"Frivilliga hj\u00e4lper dig till havs\" \/>\n<meta property=\"og:description\" content=\"FSRS Eken\u00e4s Sj\u00f6r\u00e4ddare r.f. \u00e4r en sj\u00f6r\u00e4ddningsf\u00f6rening med verksamhet fr\u00e4mst i Raseborg. F\u00f6reningen fungerar p\u00e5 ideell basis.\" \/>\n<meta property=\"og:url\" content=\"https:\/\/meripelastus.fi\/tammisaari\/\" \/>\n<meta property=\"og:site_name\" content=\"FSRS Eken\u00e4s Sj\u00f6r\u00e4ddare r.f. - SMPS Tammisaaren Meripelastajat r.y.\" \/>\n<meta property=\"article:modified_time\" content=\"2026-03-19T11:49:00+00:00\" \/>\n<meta property=\"og:image\" content=\"https:\/\/meripelastus.fi\/tammisaari\/wp-content\/uploads\/sites\/35\/2024\/01\/cover.jpg\" \/>\n\t<meta property=\"og:image:width\" content=\"1800\" \/>\n\t<meta property=\"og:image:height\" content=\"850\" \/>\n\t<meta property=\"og:image:type\" content=\"image\/jpeg\" \/>\n<meta name=\"twitter:card\" content=\"summary_large_image\" \/>\n<meta name=\"twitter:label1\" content=\"Ber\u00e4knad l\u00e4stid\" \/>\n\t<meta name=\"twitter:data1\" content=\"1 minut\" \/>\n<script type=\"application\/ld+json\" class=\"yoast-schema-graph\">{\"@context\":\"https:\/\/schema.org\",\"@graph\":[{\"@type\":\"WebPage\",\"@id\":\"https:\/\/meripelastus.fi\/tammisaari\/\",\"url\":\"https:\/\/meripelastus.fi\/tammisaari\/\",\"name\":\"Frivilliga hj\u00e4lper dig till havs - FSRS Eken\u00e4s Sj\u00f6r\u00e4ddare r.f. - SMPS Tammisaaren Meripelastajat r.y.\",\"isPartOf\":{\"@id\":\"https:\/\/meripelastus.fi\/tammisaari\/#website\"},\"primaryImageOfPage\":{\"@id\":\"https:\/\/meripelastus.fi\/tammisaari\/#primaryimage\"},\"image\":{\"@id\":\"https:\/\/meripelastus.fi\/tammisaari\/#primaryimage\"},\"thumbnailUrl\":\"https:\/\/meripelastus.fi\/tammisaari\/wp-content\/uploads\/sites\/35\/2024\/01\/cover.jpg\",\"datePublished\":\"2021-06-21T12:37:40+00:00\",\"dateModified\":\"2026-03-19T11:49:00+00:00\",\"description\":\"FSRS Eken\u00e4s Sj\u00f6r\u00e4ddare r.f. \u00e4r en sj\u00f6r\u00e4ddningsf\u00f6rening med verksamhet fr\u00e4mst i Raseborg. F\u00f6reningen fungerar p\u00e5 ideell basis.\",\"breadcrumb\":{\"@id\":\"https:\/\/meripelastus.fi\/tammisaari\/#breadcrumb\"},\"inLanguage\":\"sv-SE\",\"potentialAction\":[{\"@type\":\"ReadAction\",\"target\":[\"https:\/\/meripelastus.fi\/tammisaari\/\"]}]},{\"@type\":\"ImageObject\",\"inLanguage\":\"sv-SE\",\"@id\":\"https:\/\/meripelastus.fi\/tammisaari\/#primaryimage\",\"url\":\"https:\/\/meripelastus.fi\/tammisaari\/wp-content\/uploads\/sites\/35\/2024\/01\/cover.jpg\",\"contentUrl\":\"https:\/\/meripelastus.fi\/tammisaari\/wp-content\/uploads\/sites\/35\/2024\/01\/cover.jpg\",\"width\":1800,\"height\":850},{\"@type\":\"BreadcrumbList\",\"@id\":\"https:\/\/meripelastus.fi\/tammisaari\/#breadcrumb\",\"itemListElement\":[{\"@type\":\"ListItem\",\"position\":1,\"name\":\"Etusivu\",\"item\":\"https:\/\/meripelastus.fi\/tammisaari\/fi\/\"},{\"@type\":\"ListItem\",\"position\":2,\"name\":\"Frivilliga hj\u00e4lper dig till havs\"}]},{\"@type\":\"WebSite\",\"@id\":\"https:\/\/meripelastus.fi\/tammisaari\/#website\",\"url\":\"https:\/\/meripelastus.fi\/tammisaari\/\",\"name\":\"FSRS Eken\u00e4s Sj\u00f6r\u00e4ddare r.f. - SMPS Tammisaaren Meripelastajat r.y.\",\"description\":\"Vapaaehtoiset apunasi vesill\u00e4\",\"potentialAction\":[{\"@type\":\"SearchAction\",\"target\":{\"@type\":\"EntryPoint\",\"urlTemplate\":\"https:\/\/meripelastus.fi\/tammisaari\/?s={search_term_string}\"},\"query-input\":{\"@type\":\"PropertyValueSpecification\",\"valueRequired\":true,\"valueName\":\"search_term_string\"}}],\"inLanguage\":\"sv-SE\"}]}<\/script>\n<!-- \/ Yoast SEO Premium plugin. -->","yoast_head_json":{"title":"Frivilliga hj\u00e4lper dig till havs - FSRS Eken\u00e4s Sj\u00f6r\u00e4ddare r.f. - SMPS Tammisaaren Meripelastajat r.y.","description":"FSRS Eken\u00e4s Sj\u00f6r\u00e4ddare r.f. \u00e4r en sj\u00f6r\u00e4ddningsf\u00f6rening med verksamhet fr\u00e4mst i Raseborg. F\u00f6reningen fungerar p\u00e5 ideell basis.","robots":{"index":"index","follow":"follow","max-snippet":"max-snippet:-1","max-image-preview":"max-image-preview:large","max-video-preview":"max-video-preview:-1"},"canonical":"https:\/\/meripelastus.fi\/tammisaari\/","og_locale":"sv_SE","og_type":"article","og_title":"Frivilliga hj\u00e4lper dig till havs","og_description":"FSRS Eken\u00e4s Sj\u00f6r\u00e4ddare r.f. \u00e4r en sj\u00f6r\u00e4ddningsf\u00f6rening med verksamhet fr\u00e4mst i Raseborg. F\u00f6reningen fungerar p\u00e5 ideell basis.","og_url":"https:\/\/meripelastus.fi\/tammisaari\/","og_site_name":"FSRS Eken\u00e4s Sj\u00f6r\u00e4ddare r.f. - SMPS Tammisaaren Meripelastajat r.y.","article_modified_time":"2026-03-19T11:49:00+00:00","og_image":[{"width":1800,"height":850,"url":"https:\/\/meripelastus.fi\/tammisaari\/wp-content\/uploads\/sites\/35\/2024\/01\/cover.jpg","type":"image\/jpeg"}],"twitter_card":"summary_large_image","twitter_misc":{"Ber\u00e4knad l\u00e4stid":"1 minut"},"schema":{"@context":"https:\/\/schema.org","@graph":[{"@type":"WebPage","@id":"https:\/\/meripelastus.fi\/tammisaari\/","url":"https:\/\/meripelastus.fi\/tammisaari\/","name":"Frivilliga hj\u00e4lper dig till havs - FSRS Eken\u00e4s Sj\u00f6r\u00e4ddare r.f. - SMPS Tammisaaren Meripelastajat r.y.","isPartOf":{"@id":"https:\/\/meripelastus.fi\/tammisaari\/#website"},"primaryImageOfPage":{"@id":"https:\/\/meripelastus.fi\/tammisaari\/#primaryimage"},"image":{"@id":"https:\/\/meripelastus.fi\/tammisaari\/#primaryimage"},"thumbnailUrl":"https:\/\/meripelastus.fi\/tammisaari\/wp-content\/uploads\/sites\/35\/2024\/01\/cover.jpg","datePublished":"2021-06-21T12:37:40+00:00","dateModified":"2026-03-19T11:49:00+00:00","description":"FSRS Eken\u00e4s Sj\u00f6r\u00e4ddare r.f. \u00e4r en sj\u00f6r\u00e4ddningsf\u00f6rening med verksamhet fr\u00e4mst i Raseborg. F\u00f6reningen fungerar p\u00e5 ideell basis.","breadcrumb":{"@id":"https:\/\/meripelastus.fi\/tammisaari\/#breadcrumb"},"inLanguage":"sv-SE","potentialAction":[{"@type":"ReadAction","target":["https:\/\/meripelastus.fi\/tammisaari\/"]}]},{"@type":"ImageObject","inLanguage":"sv-SE","@id":"https:\/\/meripelastus.fi\/tammisaari\/#primaryimage","url":"https:\/\/meripelastus.fi\/tammisaari\/wp-content\/uploads\/sites\/35\/2024\/01\/cover.jpg","contentUrl":"https:\/\/meripelastus.fi\/tammisaari\/wp-content\/uploads\/sites\/35\/2024\/01\/cover.jpg","width":1800,"height":850},{"@type":"BreadcrumbList","@id":"https:\/\/meripelastus.fi\/tammisaari\/#breadcrumb","itemListElement":[{"@type":"ListItem","position":1,"name":"Etusivu","item":"https:\/\/meripelastus.fi\/tammisaari\/fi\/"},{"@type":"ListItem","position":2,"name":"Frivilliga hj\u00e4lper dig till havs"}]},{"@type":"WebSite","@id":"https:\/\/meripelastus.fi\/tammisaari\/#website","url":"https:\/\/meripelastus.fi\/tammisaari\/","name":"FSRS Eken\u00e4s Sj\u00f6r\u00e4ddare r.f. - SMPS Tammisaaren Meripelastajat r.y.","description":"Vapaaehtoiset apunasi vesill\u00e4","potentialAction":[{"@type":"SearchAction","target":{"@type":"EntryPoint","urlTemplate":"https:\/\/meripelastus.fi\/tammisaari\/?s={search_term_string}"},"query-input":{"@type":"PropertyValueSpecification","valueRequired":true,"valueName":"search_term_string"}}],"inLanguage":"sv-SE"}]}},"_links":{"self":[{"href":"https:\/\/meripelastus.fi\/tammisaari\/wp-json\/wp\/v2\/pages\/182","targetHints":{"allow":["GET"]}}],"collection":[{"href":"https:\/\/meripelastus.fi\/tammisaari\/wp-json\/wp\/v2\/pages"}],"about":[{"href":"https:\/\/meripelastus.fi\/tammisaari\/wp-json\/wp\/v2\/types\/page"}],"author":[{"embeddable":true,"href":"https:\/\/meripelastus.fi\/tammisaari\/wp-json\/wp\/v2\/users\/90"}],"replies":[{"embeddable":true,"href":"https:\/\/meripelastus.fi\/tammisaari\/wp-json\/wp\/v2\/comments?post=182"}],"version-history":[{"count":50,"href":"https:\/\/meripelastus.fi\/tammisaari\/wp-json\/wp\/v2\/pages\/182\/revisions"}],"predecessor-version":[{"id":814,"href":"https:\/\/meripelastus.fi\/tammisaari\/wp-json\/wp\/v2\/pages\/182\/revisions\/814"}],"wp:featuredmedia":[{"embeddable":true,"href":"https:\/\/meripelastus.fi\/tammisaari\/wp-json\/wp\/v2\/media\/501"}],"wp:attachment":[{"href":"https:\/\/meripelastus.fi\/tammisaari\/wp-json\/wp\/v2\/media?parent=182"}],"curies":[{"name":"wp","href":"https:\/\/api.w.org\/{rel}","templated":true}]}}