{"id":10,"date":"2018-03-19T09:16:59","date_gmt":"2018-03-19T07:16:59","guid":{"rendered":"http:\/\/basetemplate.smpsyhdistykset.16.testivedos.com\/?page_id=10"},"modified":"2024-01-19T10:41:50","modified_gmt":"2024-01-19T08:41:50","slug":"uutiset","status":"publish","type":"page","link":"https:\/\/meripelastus.fi\/tammisaari\/fi\/tammisaaren-meripelastajat\/uutiset\/","title":{"rendered":"Uutiset"},"content":{"rendered":"","protected":false},"excerpt":{"rendered":"","protected":false},"author":1,"featured_media":291,"parent":6,"menu_order":0,"comment_status":"closed","ping_status":"closed","template":"","meta":{"_acf_changed":false,"inline_featured_image":false,"footnotes":""},"class_list":["post-10","page","type-page","status-publish","has-post-thumbnail","hentry"],"acf":[],"yoast_head":"<!-- This site is optimized with the Yoast SEO Premium plugin v27.4 (Yoast SEO v27.4) - https:\/\/yoast.com\/product\/yoast-seo-premium-wordpress\/ -->\n<title>Uutiset - FSRS Eken\u00e4s Sj\u00f6r\u00e4ddare r.f. - SMPS Tammisaaren Meripelastajat r.y.<\/title>\n<meta name=\"robots\" content=\"index, follow, max-snippet:-1, max-image-preview:large, max-video-preview:-1\" \/>\n<link rel=\"canonical\" href=\"https:\/\/meripelastus.fi\/tammisaari\/fi\/tammisaaren-meripelastajat\/uutiset\/\" \/>\n<meta property=\"og:locale\" content=\"sv_SE\" \/>\n<meta property=\"og:type\" content=\"article\" \/>\n<meta property=\"og:title\" content=\"Uutiset\" \/>\n<meta property=\"og:url\" content=\"https:\/\/meripelastus.fi\/tammisaari\/fi\/tammisaaren-meripelastajat\/uutiset\/\" \/>\n<meta property=\"og:site_name\" content=\"FSRS Eken\u00e4s Sj\u00f6r\u00e4ddare r.f. - SMPS Tammisaaren Meripelastajat r.y.\" \/>\n<meta property=\"article:modified_time\" content=\"2024-01-19T08:41:50+00:00\" \/>\n<meta property=\"og:image\" content=\"https:\/\/meripelastus.fi\/tammisaari\/wp-content\/uploads\/sites\/35\/2021\/06\/tammisaari.jpg\" \/>\n\t<meta property=\"og:image:width\" content=\"1920\" \/>\n\t<meta property=\"og:image:height\" content=\"375\" \/>\n\t<meta property=\"og:image:type\" content=\"image\/jpeg\" \/>\n<meta name=\"twitter:card\" content=\"summary_large_image\" \/>\n<meta name=\"twitter:label1\" content=\"Ber\u00e4knad l\u00e4stid\" \/>\n\t<meta name=\"twitter:data1\" content=\"1 minut\" \/>\n<script type=\"application\/ld+json\" class=\"yoast-schema-graph\">{\"@context\":\"https:\\\/\\\/schema.org\",\"@graph\":[{\"@type\":[\"WebPage\",\"CollectionPage\"],\"@id\":\"https:\\\/\\\/meripelastus.fi\\\/tammisaari\\\/fi\\\/tammisaaren-meripelastajat\\\/uutiset\\\/\",\"url\":\"https:\\\/\\\/meripelastus.fi\\\/tammisaari\\\/fi\\\/tammisaaren-meripelastajat\\\/uutiset\\\/\",\"name\":\"Uutiset - FSRS Eken\u00e4s Sj\u00f6r\u00e4ddare r.f. - SMPS Tammisaaren Meripelastajat r.y.\",\"isPartOf\":{\"@id\":\"https:\\\/\\\/meripelastus.fi\\\/tammisaari\\\/#website\"},\"primaryImageOfPage\":{\"@id\":\"https:\\\/\\\/meripelastus.fi\\\/tammisaari\\\/fi\\\/tammisaaren-meripelastajat\\\/uutiset\\\/#primaryimage\"},\"image\":{\"@id\":\"https:\\\/\\\/meripelastus.fi\\\/tammisaari\\\/fi\\\/tammisaaren-meripelastajat\\\/uutiset\\\/#primaryimage\"},\"thumbnailUrl\":\"https:\\\/\\\/meripelastus.fi\\\/tammisaari\\\/wp-content\\\/uploads\\\/sites\\\/35\\\/2021\\\/06\\\/tammisaari.jpg\",\"datePublished\":\"2018-03-19T07:16:59+00:00\",\"dateModified\":\"2024-01-19T08:41:50+00:00\",\"breadcrumb\":{\"@id\":\"https:\\\/\\\/meripelastus.fi\\\/tammisaari\\\/fi\\\/tammisaaren-meripelastajat\\\/uutiset\\\/#breadcrumb\"},\"inLanguage\":\"sv-SE\"},{\"@type\":\"ImageObject\",\"inLanguage\":\"sv-SE\",\"@id\":\"https:\\\/\\\/meripelastus.fi\\\/tammisaari\\\/fi\\\/tammisaaren-meripelastajat\\\/uutiset\\\/#primaryimage\",\"url\":\"https:\\\/\\\/meripelastus.fi\\\/tammisaari\\\/wp-content\\\/uploads\\\/sites\\\/35\\\/2021\\\/06\\\/tammisaari.jpg\",\"contentUrl\":\"https:\\\/\\\/meripelastus.fi\\\/tammisaari\\\/wp-content\\\/uploads\\\/sites\\\/35\\\/2021\\\/06\\\/tammisaari.jpg\",\"width\":1920,\"height\":375},{\"@type\":\"BreadcrumbList\",\"@id\":\"https:\\\/\\\/meripelastus.fi\\\/tammisaari\\\/fi\\\/tammisaaren-meripelastajat\\\/uutiset\\\/#breadcrumb\",\"itemListElement\":[{\"@type\":\"ListItem\",\"position\":1,\"name\":\"Etusivu\",\"item\":\"https:\\\/\\\/meripelastus.fi\\\/tammisaari\\\/fi\\\/\"},{\"@type\":\"ListItem\",\"position\":2,\"name\":\"Tammisaaren Meripelastajat\",\"item\":\"https:\\\/\\\/meripelastus.fi\\\/tammisaari\\\/fi\\\/tammisaaren-meripelastajat\\\/\"},{\"@type\":\"ListItem\",\"position\":3,\"name\":\"Uutiset\"}]},{\"@type\":\"WebSite\",\"@id\":\"https:\\\/\\\/meripelastus.fi\\\/tammisaari\\\/#website\",\"url\":\"https:\\\/\\\/meripelastus.fi\\\/tammisaari\\\/\",\"name\":\"FSRS Eken\u00e4s Sj\u00f6r\u00e4ddare r.f. - SMPS Tammisaaren Meripelastajat r.y.\",\"description\":\"Vapaaehtoiset apunasi vesill\u00e4\",\"potentialAction\":[{\"@type\":\"SearchAction\",\"target\":{\"@type\":\"EntryPoint\",\"urlTemplate\":\"https:\\\/\\\/meripelastus.fi\\\/tammisaari\\\/?s={search_term_string}\"},\"query-input\":{\"@type\":\"PropertyValueSpecification\",\"valueRequired\":true,\"valueName\":\"search_term_string\"}}],\"inLanguage\":\"sv-SE\"}]}<\/script>\n<!-- \/ Yoast SEO Premium plugin. -->","yoast_head_json":{"title":"Uutiset - FSRS Eken\u00e4s Sj\u00f6r\u00e4ddare r.f. - SMPS Tammisaaren Meripelastajat r.y.","robots":{"index":"index","follow":"follow","max-snippet":"max-snippet:-1","max-image-preview":"max-image-preview:large","max-video-preview":"max-video-preview:-1"},"canonical":"https:\/\/meripelastus.fi\/tammisaari\/fi\/tammisaaren-meripelastajat\/uutiset\/","og_locale":"sv_SE","og_type":"article","og_title":"Uutiset","og_url":"https:\/\/meripelastus.fi\/tammisaari\/fi\/tammisaaren-meripelastajat\/uutiset\/","og_site_name":"FSRS Eken\u00e4s Sj\u00f6r\u00e4ddare r.f. - SMPS Tammisaaren Meripelastajat r.y.","article_modified_time":"2024-01-19T08:41:50+00:00","og_image":[{"width":1920,"height":375,"url":"https:\/\/meripelastus.fi\/tammisaari\/wp-content\/uploads\/sites\/35\/2021\/06\/tammisaari.jpg","type":"image\/jpeg"}],"twitter_card":"summary_large_image","twitter_misc":{"Ber\u00e4knad l\u00e4stid":"1 minut"},"schema":{"@context":"https:\/\/schema.org","@graph":[{"@type":["WebPage","CollectionPage"],"@id":"https:\/\/meripelastus.fi\/tammisaari\/fi\/tammisaaren-meripelastajat\/uutiset\/","url":"https:\/\/meripelastus.fi\/tammisaari\/fi\/tammisaaren-meripelastajat\/uutiset\/","name":"Uutiset - FSRS Eken\u00e4s Sj\u00f6r\u00e4ddare r.f. - SMPS Tammisaaren Meripelastajat r.y.","isPartOf":{"@id":"https:\/\/meripelastus.fi\/tammisaari\/#website"},"primaryImageOfPage":{"@id":"https:\/\/meripelastus.fi\/tammisaari\/fi\/tammisaaren-meripelastajat\/uutiset\/#primaryimage"},"image":{"@id":"https:\/\/meripelastus.fi\/tammisaari\/fi\/tammisaaren-meripelastajat\/uutiset\/#primaryimage"},"thumbnailUrl":"https:\/\/meripelastus.fi\/tammisaari\/wp-content\/uploads\/sites\/35\/2021\/06\/tammisaari.jpg","datePublished":"2018-03-19T07:16:59+00:00","dateModified":"2024-01-19T08:41:50+00:00","breadcrumb":{"@id":"https:\/\/meripelastus.fi\/tammisaari\/fi\/tammisaaren-meripelastajat\/uutiset\/#breadcrumb"},"inLanguage":"sv-SE"},{"@type":"ImageObject","inLanguage":"sv-SE","@id":"https:\/\/meripelastus.fi\/tammisaari\/fi\/tammisaaren-meripelastajat\/uutiset\/#primaryimage","url":"https:\/\/meripelastus.fi\/tammisaari\/wp-content\/uploads\/sites\/35\/2021\/06\/tammisaari.jpg","contentUrl":"https:\/\/meripelastus.fi\/tammisaari\/wp-content\/uploads\/sites\/35\/2021\/06\/tammisaari.jpg","width":1920,"height":375},{"@type":"BreadcrumbList","@id":"https:\/\/meripelastus.fi\/tammisaari\/fi\/tammisaaren-meripelastajat\/uutiset\/#breadcrumb","itemListElement":[{"@type":"ListItem","position":1,"name":"Etusivu","item":"https:\/\/meripelastus.fi\/tammisaari\/fi\/"},{"@type":"ListItem","position":2,"name":"Tammisaaren Meripelastajat","item":"https:\/\/meripelastus.fi\/tammisaari\/fi\/tammisaaren-meripelastajat\/"},{"@type":"ListItem","position":3,"name":"Uutiset"}]},{"@type":"WebSite","@id":"https:\/\/meripelastus.fi\/tammisaari\/#website","url":"https:\/\/meripelastus.fi\/tammisaari\/","name":"FSRS Eken\u00e4s Sj\u00f6r\u00e4ddare r.f. - SMPS Tammisaaren Meripelastajat r.y.","description":"Vapaaehtoiset apunasi vesill\u00e4","potentialAction":[{"@type":"SearchAction","target":{"@type":"EntryPoint","urlTemplate":"https:\/\/meripelastus.fi\/tammisaari\/?s={search_term_string}"},"query-input":{"@type":"PropertyValueSpecification","valueRequired":true,"valueName":"search_term_string"}}],"inLanguage":"sv-SE"}]}},"_links":{"self":[{"href":"https:\/\/meripelastus.fi\/tammisaari\/wp-json\/wp\/v2\/pages\/10","targetHints":{"allow":["GET"]}}],"collection":[{"href":"https:\/\/meripelastus.fi\/tammisaari\/wp-json\/wp\/v2\/pages"}],"about":[{"href":"https:\/\/meripelastus.fi\/tammisaari\/wp-json\/wp\/v2\/types\/page"}],"author":[{"embeddable":true,"href":"https:\/\/meripelastus.fi\/tammisaari\/wp-json\/wp\/v2\/users\/1"}],"replies":[{"embeddable":true,"href":"https:\/\/meripelastus.fi\/tammisaari\/wp-json\/wp\/v2\/comments?post=10"}],"version-history":[{"count":1,"href":"https:\/\/meripelastus.fi\/tammisaari\/wp-json\/wp\/v2\/pages\/10\/revisions"}],"predecessor-version":[{"id":11,"href":"https:\/\/meripelastus.fi\/tammisaari\/wp-json\/wp\/v2\/pages\/10\/revisions\/11"}],"up":[{"embeddable":true,"href":"https:\/\/meripelastus.fi\/tammisaari\/wp-json\/wp\/v2\/pages\/6"}],"wp:featuredmedia":[{"embeddable":true,"href":"https:\/\/meripelastus.fi\/tammisaari\/wp-json\/wp\/v2\/media\/291"}],"wp:attachment":[{"href":"https:\/\/meripelastus.fi\/tammisaari\/wp-json\/wp\/v2\/media?parent=10"}],"curies":[{"name":"wp","href":"https:\/\/api.w.org\/{rel}","templated":true}]}}