{"id":99,"date":"2026-03-16T16:54:35","date_gmt":"2026-03-16T14:54:35","guid":{"rendered":"https:\/\/meripelastus.fi\/savonlinna-vedos\/?page_id=99"},"modified":"2026-04-03T12:46:07","modified_gmt":"2026-04-03T09:46:07","slug":"tule-mukaan","status":"publish","type":"page","link":"https:\/\/meripelastus.fi\/savonlinna\/toiminta\/tule-mukaan\/","title":{"rendered":"Tule mukaan!"},"content":{"rendered":"\n<p>Vapaaehtoinen meripelastustoiminta vaatii sitoutumista, mutta antaa my\u00f6s paljon. Mahdollisuus auttaa kanssaihmisi\u00e4, p\u00e4\u00e4st\u00e4 vesille ilman omaa venett\u00e4 sek\u00e4 saada monipuolista pelastus\u2011 ja merenkulkukoulutusta muodostavat kokonaisuuden, jota harva muu harrastus voi tarjota.<\/p>\n\n\n\n<p>Toimintaan mukaan l\u00e4hteminen ei edellyt\u00e4 aikaisempaa veneilykokemusta tai erityisosaamista. T\u00e4rkeint\u00e4 on halu auttaa, into oppia uutta ja valmius sitoutua vaativaan mutta palkitsevaan harrastukseen.<\/p>\n\n\n\n<p>J\u00e4senist\u00f6mme on monipuolinen: mukana on sek\u00e4 miehi\u00e4 ett\u00e4 naisia, ja naisten osuus kasvaa jatkuvasti. Taustat ja ammatit vaihtelevat suuresti sairaanhoitajista ja palomiehist\u00e4 kirjanpit\u00e4jiin ja kosmetologeihin. Yhteist\u00e4 kaikille on halu toimia vesill\u00e4 turvallisesti ja auttaa muita \u2013 ja jokaisesta voi kasvaa yht\u00e4 hyv\u00e4 meripelastaja.<\/p>\n\n\n\n<p>Rekrytoimme uusia miehist\u00f6n j\u00e4seni\u00e4 vuosittain. <\/p>\n\n\n\n<p>Kiinnostuitko? Ota yhteytt\u00e4 <a href=\"mailto:savonlinna@messi.meripelastus.fi\">koulutus@messi.meripelastus.fi<\/a><\/p>\n\n\n\n<hr class=\"wp-block-separator has-alpha-channel-opacity is-style-wide\" \/>\n\n\n\n<h2 class=\"wp-block-heading\" id=\"h-meripelastusseura-plus-ja-meripelastusseura-premium\">Meripelastusseura plus ja meripelastusseura premium<\/h2>\n\n\n\n<p>Ihmiset pelastetaan vesill\u00e4 aina korvauksetta, mutta veneen kiireett\u00f6m\u00e4st\u00e4 avustamisesta joudumme perim\u00e4\u00e4n kulukorvauksen. Teht\u00e4v\u00e4st\u00e4 riippuen summa voi nousta useisiin satoihin euroihin. Hankkimalla Meripelastusseuran Plus-, tai Premium -j\u00e4senpalvelun varmistat veneellesi avun veloituksettomana j\u00e4senetuna silloinkin, kun ihmisi\u00e4 ei ole vaarassa. Premium-j\u00e4senpalvelu takaa saman avun kaikille veneillesi, my\u00f6s perheesi yhteisk\u00e4yt\u00f6ss\u00e4, sek\u00e4 sinulle veneilless\u00e4si jonkun muun omistamalla veneell\u00e4. J\u00e4senen\u00e4 tuet my\u00f6s vapaaehtoista meripelastusty\u00f6t\u00e4.<\/p>\n\n\n\t\n\t<!--------TROSSI-FORM--------->\n\t<section id=\"liity\" class=\"section-trossi-form has-white-background-color pt-5\">\n\t\t<div class=\"container\">\t\t\n\t\t\t<div class=\"row\">\n\t\t\t\t<div class=\"col-10 offset-1 offset-md-0 col-md-12\">\n\t\t\t\t\t\t\t\t\t\t\t\t\t\t\t\t\t\t\n\t\t\t\t\t\t\t<iframe style=\"width:100%;border-width:0; height:auto;\" src=\"https:\/\/messi.meripelastus.fi\/forms\/fi\/join\/60\" class=\"resizejs\" title=\"Liittymislomake\" name=\"liittymislomake\" seamless=\"\">\n\t\t\t\t\t\t\t<a href=\"https:\/\/messi.meripelastus.fi\/forms\/fi\/join\/60\">Liity t\u00e4st\u00e4<\/a><\/iframe>\n\t\t\t\t\t\t\t\t\t\t\t\t\t\t\t<\/div>\n\t\t\t<\/div>\n\t\t<\/div>\n\t<\/section>","protected":false},"excerpt":{"rendered":"<p>Vapaaehtoinen meripelastustoiminta vaatii sitoutumista, mutta antaa my\u00f6s paljon. Mahdollisuus auttaa kanssaihmisi\u00e4, p\u00e4\u00e4st\u00e4 vesille ilman omaa venett\u00e4 sek\u00e4 saada monipuolista pelastus\u2011 ja merenkulkukoulutusta muodostavat kokonaisuuden, jota harva muu harrastus voi tarjota. Toimintaan mukaan l\u00e4hteminen ei edellyt\u00e4 aikaisempaa veneilykokemusta tai erityisosaamista. T\u00e4rkeint\u00e4 on halu auttaa, into oppia uutta ja valmius sitoutua vaativaan mutta palkitsevaan harrastukseen. J\u00e4senist\u00f6mme on [&hellip;]<\/p>\n","protected":false},"author":1,"featured_media":0,"parent":56,"menu_order":0,"comment_status":"closed","ping_status":"closed","template":"","meta":{"_acf_changed":false,"inline_featured_image":false,"footnotes":""},"class_list":["post-99","page","type-page","status-publish","hentry"],"acf":[],"yoast_head":"<!-- This site is optimized with the Yoast SEO Premium plugin v27.4 (Yoast SEO v27.4) - https:\/\/yoast.com\/product\/yoast-seo-premium-wordpress\/ -->\n<title>Tule mukaan! - SMPS Savonlinnan J\u00e4rvipelastajat ry<\/title>\n<meta name=\"robots\" content=\"index, follow, max-snippet:-1, max-image-preview:large, max-video-preview:-1\" \/>\n<link rel=\"canonical\" href=\"https:\/\/meripelastus.fi\/savonlinna\/toiminta\/tule-mukaan\/\" \/>\n<meta property=\"og:locale\" content=\"fi_FI\" \/>\n<meta property=\"og:type\" content=\"article\" \/>\n<meta property=\"og:title\" content=\"Tule mukaan!\" \/>\n<meta property=\"og:description\" content=\"Vapaaehtoinen meripelastustoiminta vaatii sitoutumista, mutta antaa my\u00f6s paljon. Mahdollisuus auttaa kanssaihmisi\u00e4, p\u00e4\u00e4st\u00e4 vesille ilman omaa venett\u00e4 sek\u00e4 saada monipuolista pelastus\u2011 ja merenkulkukoulutusta muodostavat kokonaisuuden, jota harva muu harrastus voi tarjota. Toimintaan mukaan l\u00e4hteminen ei edellyt\u00e4 aikaisempaa veneilykokemusta tai erityisosaamista. T\u00e4rkeint\u00e4 on halu auttaa, into oppia uutta ja valmius sitoutua vaativaan mutta palkitsevaan harrastukseen. J\u00e4senist\u00f6mme on [&hellip;]\" \/>\n<meta property=\"og:url\" content=\"https:\/\/meripelastus.fi\/savonlinna\/toiminta\/tule-mukaan\/\" \/>\n<meta property=\"og:site_name\" content=\"SMPS Savonlinnan J\u00e4rvipelastajat ry\" \/>\n<meta property=\"article:modified_time\" content=\"2026-04-03T09:46:07+00:00\" \/>\n<meta name=\"twitter:card\" content=\"summary_large_image\" \/>\n<meta name=\"twitter:label1\" content=\"Arvioitu lukuaika\" \/>\n\t<meta name=\"twitter:data1\" content=\"2 minuuttia\" \/>\n<script type=\"application\/ld+json\" class=\"yoast-schema-graph\">{\"@context\":\"https:\\\/\\\/schema.org\",\"@graph\":[{\"@type\":\"WebPage\",\"@id\":\"https:\\\/\\\/meripelastus.fi\\\/savonlinna\\\/toiminta\\\/tule-mukaan\\\/\",\"url\":\"https:\\\/\\\/meripelastus.fi\\\/savonlinna\\\/toiminta\\\/tule-mukaan\\\/\",\"name\":\"Tule mukaan! - SMPS Savonlinnan J\u00e4rvipelastajat ry\",\"isPartOf\":{\"@id\":\"https:\\\/\\\/meripelastus.fi\\\/savonlinna\\\/#website\"},\"datePublished\":\"2026-03-16T14:54:35+00:00\",\"dateModified\":\"2026-04-03T09:46:07+00:00\",\"breadcrumb\":{\"@id\":\"https:\\\/\\\/meripelastus.fi\\\/savonlinna\\\/toiminta\\\/tule-mukaan\\\/#breadcrumb\"},\"inLanguage\":\"fi\",\"potentialAction\":[{\"@type\":\"ReadAction\",\"target\":[\"https:\\\/\\\/meripelastus.fi\\\/savonlinna\\\/toiminta\\\/tule-mukaan\\\/\"]}]},{\"@type\":\"BreadcrumbList\",\"@id\":\"https:\\\/\\\/meripelastus.fi\\\/savonlinna\\\/toiminta\\\/tule-mukaan\\\/#breadcrumb\",\"itemListElement\":[{\"@type\":\"ListItem\",\"position\":1,\"name\":\"Etusivu\",\"item\":\"https:\\\/\\\/meripelastus.fi\\\/savonlinna\\\/\"},{\"@type\":\"ListItem\",\"position\":2,\"name\":\"Toiminta\",\"item\":\"https:\\\/\\\/meripelastus.fi\\\/savonlinna\\\/toiminta\\\/\"},{\"@type\":\"ListItem\",\"position\":3,\"name\":\"Tule mukaan!\"}]},{\"@type\":\"WebSite\",\"@id\":\"https:\\\/\\\/meripelastus.fi\\\/savonlinna\\\/#website\",\"url\":\"https:\\\/\\\/meripelastus.fi\\\/savonlinna\\\/\",\"name\":\"SMPS Savonlinnan J\u00e4rvipelastajat ry\",\"description\":\"Vapaaehtoiset apunasi vesill\u00e4\",\"potentialAction\":[{\"@type\":\"SearchAction\",\"target\":{\"@type\":\"EntryPoint\",\"urlTemplate\":\"https:\\\/\\\/meripelastus.fi\\\/savonlinna\\\/?s={search_term_string}\"},\"query-input\":{\"@type\":\"PropertyValueSpecification\",\"valueRequired\":true,\"valueName\":\"search_term_string\"}}],\"inLanguage\":\"fi\"}]}<\/script>\n<!-- \/ Yoast SEO Premium plugin. -->","yoast_head_json":{"title":"Tule mukaan! - SMPS Savonlinnan J\u00e4rvipelastajat ry","robots":{"index":"index","follow":"follow","max-snippet":"max-snippet:-1","max-image-preview":"max-image-preview:large","max-video-preview":"max-video-preview:-1"},"canonical":"https:\/\/meripelastus.fi\/savonlinna\/toiminta\/tule-mukaan\/","og_locale":"fi_FI","og_type":"article","og_title":"Tule mukaan!","og_description":"Vapaaehtoinen meripelastustoiminta vaatii sitoutumista, mutta antaa my\u00f6s paljon. Mahdollisuus auttaa kanssaihmisi\u00e4, p\u00e4\u00e4st\u00e4 vesille ilman omaa venett\u00e4 sek\u00e4 saada monipuolista pelastus\u2011 ja merenkulkukoulutusta muodostavat kokonaisuuden, jota harva muu harrastus voi tarjota. Toimintaan mukaan l\u00e4hteminen ei edellyt\u00e4 aikaisempaa veneilykokemusta tai erityisosaamista. T\u00e4rkeint\u00e4 on halu auttaa, into oppia uutta ja valmius sitoutua vaativaan mutta palkitsevaan harrastukseen. J\u00e4senist\u00f6mme on [&hellip;]","og_url":"https:\/\/meripelastus.fi\/savonlinna\/toiminta\/tule-mukaan\/","og_site_name":"SMPS Savonlinnan J\u00e4rvipelastajat ry","article_modified_time":"2026-04-03T09:46:07+00:00","twitter_card":"summary_large_image","twitter_misc":{"Arvioitu lukuaika":"2 minuuttia"},"schema":{"@context":"https:\/\/schema.org","@graph":[{"@type":"WebPage","@id":"https:\/\/meripelastus.fi\/savonlinna\/toiminta\/tule-mukaan\/","url":"https:\/\/meripelastus.fi\/savonlinna\/toiminta\/tule-mukaan\/","name":"Tule mukaan! - SMPS Savonlinnan J\u00e4rvipelastajat ry","isPartOf":{"@id":"https:\/\/meripelastus.fi\/savonlinna\/#website"},"datePublished":"2026-03-16T14:54:35+00:00","dateModified":"2026-04-03T09:46:07+00:00","breadcrumb":{"@id":"https:\/\/meripelastus.fi\/savonlinna\/toiminta\/tule-mukaan\/#breadcrumb"},"inLanguage":"fi","potentialAction":[{"@type":"ReadAction","target":["https:\/\/meripelastus.fi\/savonlinna\/toiminta\/tule-mukaan\/"]}]},{"@type":"BreadcrumbList","@id":"https:\/\/meripelastus.fi\/savonlinna\/toiminta\/tule-mukaan\/#breadcrumb","itemListElement":[{"@type":"ListItem","position":1,"name":"Etusivu","item":"https:\/\/meripelastus.fi\/savonlinna\/"},{"@type":"ListItem","position":2,"name":"Toiminta","item":"https:\/\/meripelastus.fi\/savonlinna\/toiminta\/"},{"@type":"ListItem","position":3,"name":"Tule mukaan!"}]},{"@type":"WebSite","@id":"https:\/\/meripelastus.fi\/savonlinna\/#website","url":"https:\/\/meripelastus.fi\/savonlinna\/","name":"SMPS Savonlinnan J\u00e4rvipelastajat ry","description":"Vapaaehtoiset apunasi vesill\u00e4","potentialAction":[{"@type":"SearchAction","target":{"@type":"EntryPoint","urlTemplate":"https:\/\/meripelastus.fi\/savonlinna\/?s={search_term_string}"},"query-input":{"@type":"PropertyValueSpecification","valueRequired":true,"valueName":"search_term_string"}}],"inLanguage":"fi"}]}},"_links":{"self":[{"href":"https:\/\/meripelastus.fi\/savonlinna\/wp-json\/wp\/v2\/pages\/99","targetHints":{"allow":["GET"]}}],"collection":[{"href":"https:\/\/meripelastus.fi\/savonlinna\/wp-json\/wp\/v2\/pages"}],"about":[{"href":"https:\/\/meripelastus.fi\/savonlinna\/wp-json\/wp\/v2\/types\/page"}],"author":[{"embeddable":true,"href":"https:\/\/meripelastus.fi\/savonlinna\/wp-json\/wp\/v2\/users\/1"}],"replies":[{"embeddable":true,"href":"https:\/\/meripelastus.fi\/savonlinna\/wp-json\/wp\/v2\/comments?post=99"}],"version-history":[{"count":7,"href":"https:\/\/meripelastus.fi\/savonlinna\/wp-json\/wp\/v2\/pages\/99\/revisions"}],"predecessor-version":[{"id":254,"href":"https:\/\/meripelastus.fi\/savonlinna\/wp-json\/wp\/v2\/pages\/99\/revisions\/254"}],"up":[{"embeddable":true,"href":"https:\/\/meripelastus.fi\/savonlinna\/wp-json\/wp\/v2\/pages\/56"}],"wp:attachment":[{"href":"https:\/\/meripelastus.fi\/savonlinna\/wp-json\/wp\/v2\/media?parent=99"}],"curies":[{"name":"wp","href":"https:\/\/api.w.org\/{rel}","templated":true}]}}