{"id":66,"date":"2026-03-16T16:29:22","date_gmt":"2026-03-16T14:29:22","guid":{"rendered":"https:\/\/meripelastus.fi\/savonlinna-vedos\/?page_id=66"},"modified":"2026-04-03T12:40:52","modified_gmt":"2026-04-03T09:40:52","slug":"yhteystiedot","status":"publish","type":"page","link":"https:\/\/meripelastus.fi\/savonlinna\/savonlinnan-jarvipelastajat\/yhteystiedot\/","title":{"rendered":"Yhteystiedot"},"content":{"rendered":"\n<p><strong>SMPS Savonlinnan J\u00e4rvipelastajat ry<\/strong><\/p>\n\n\n\n<p><\/p>\n\n\n\n<p><strong>K\u00e4yntiosoite:<\/strong><br>Laivamiehentie 2<br>57510 Savonlinna<\/p>\n\n\n\n<figure class=\"wp-block-image size-full\"><img loading=\"lazy\" decoding=\"async\" width=\"613\" height=\"346\" src=\"https:\/\/meripelastus.fi\/savonlinna-vedos\/wp-content\/uploads\/sites\/50\/2026\/03\/Asema.png\" alt=\"\" class=\"wp-image-116\" srcset=\"https:\/\/meripelastus.fi\/savonlinna\/wp-content\/uploads\/sites\/50\/2026\/03\/Asema.png 613w, https:\/\/meripelastus.fi\/savonlinna\/wp-content\/uploads\/sites\/50\/2026\/03\/Asema-300x169.png 300w\" sizes=\"auto, (max-width: 613px) 100vw, 613px\" \/><\/figure>\n\n\n\n<p>Email: <a href=\"mailto:savonlinna@messi.meripelastus.fi\">savonlinna @ messi.meripelastus.fi<\/a> (poista v\u00e4lily\u00f6nnit)<br>Puhelin: 0500 374 359 (p\u00e4ivystys)<\/p>\n\n\n\n<p>Facebook: Savonlinnan J\u00e4rvipelastajat ry<br>Instagram: @SARSavonlinna<\/p>\n\n\n\n<p>c\/o<br>Samusalontie 22<br>57710 Savonlinna<\/p>\n\n\n\n<p>Y-tunnus 1006428-6<\/p>\n\n\n\n<p><\/p>\n","protected":false},"excerpt":{"rendered":"<p>SMPS Savonlinnan J\u00e4rvipelastajat ry K\u00e4yntiosoite:Laivamiehentie 257510 Savonlinna Email: savonlinna @ messi.meripelastus.fi (poista v\u00e4lily\u00f6nnit)Puhelin: 0500 374 359 (p\u00e4ivystys) Facebook: Savonlinnan J\u00e4rvipelastajat ryInstagram: @SARSavonlinna c\/oSamusalontie 2257710 Savonlinna Y-tunnus 1006428-6<\/p>\n","protected":false},"author":1,"featured_media":0,"parent":60,"menu_order":0,"comment_status":"closed","ping_status":"closed","template":"","meta":{"_acf_changed":false,"inline_featured_image":false,"footnotes":""},"class_list":["post-66","page","type-page","status-publish","hentry"],"acf":[],"yoast_head":"<!-- This site is optimized with the Yoast SEO Premium plugin v27.4 (Yoast SEO v27.4) - https:\/\/yoast.com\/product\/yoast-seo-premium-wordpress\/ -->\n<title>Yhteystiedot - SMPS Savonlinnan J\u00e4rvipelastajat ry<\/title>\n<meta name=\"robots\" content=\"index, follow, max-snippet:-1, max-image-preview:large, max-video-preview:-1\" \/>\n<link rel=\"canonical\" href=\"https:\/\/meripelastus.fi\/savonlinna\/savonlinnan-jarvipelastajat\/yhteystiedot\/\" \/>\n<meta property=\"og:locale\" content=\"fi_FI\" \/>\n<meta property=\"og:type\" content=\"article\" \/>\n<meta property=\"og:title\" content=\"Yhteystiedot\" \/>\n<meta property=\"og:description\" content=\"SMPS Savonlinnan J\u00e4rvipelastajat ry K\u00e4yntiosoite:Laivamiehentie 257510 Savonlinna Email: savonlinna @ messi.meripelastus.fi (poista v\u00e4lily\u00f6nnit)Puhelin: 0500 374 359 (p\u00e4ivystys) Facebook: Savonlinnan J\u00e4rvipelastajat ryInstagram: @SARSavonlinna c\/oSamusalontie 2257710 Savonlinna Y-tunnus 1006428-6\" \/>\n<meta property=\"og:url\" content=\"https:\/\/meripelastus.fi\/savonlinna\/savonlinnan-jarvipelastajat\/yhteystiedot\/\" \/>\n<meta property=\"og:site_name\" content=\"SMPS Savonlinnan J\u00e4rvipelastajat ry\" \/>\n<meta property=\"article:modified_time\" content=\"2026-04-03T09:40:52+00:00\" \/>\n<meta property=\"og:image\" content=\"https:\/\/meripelastus.fi\/savonlinna\/wp-content\/uploads\/sites\/50\/2026\/03\/Asema.png\" \/>\n\t<meta property=\"og:image:width\" content=\"613\" \/>\n\t<meta property=\"og:image:height\" content=\"346\" \/>\n\t<meta property=\"og:image:type\" content=\"image\/png\" \/>\n<meta name=\"twitter:card\" content=\"summary_large_image\" \/>\n<meta name=\"twitter:label1\" content=\"Arvioitu lukuaika\" \/>\n\t<meta name=\"twitter:data1\" content=\"1 minuutti\" \/>\n<script type=\"application\/ld+json\" class=\"yoast-schema-graph\">{\"@context\":\"https:\\\/\\\/schema.org\",\"@graph\":[{\"@type\":\"WebPage\",\"@id\":\"https:\\\/\\\/meripelastus.fi\\\/savonlinna\\\/savonlinnan-jarvipelastajat\\\/yhteystiedot\\\/\",\"url\":\"https:\\\/\\\/meripelastus.fi\\\/savonlinna\\\/savonlinnan-jarvipelastajat\\\/yhteystiedot\\\/\",\"name\":\"Yhteystiedot - SMPS Savonlinnan J\u00e4rvipelastajat ry\",\"isPartOf\":{\"@id\":\"https:\\\/\\\/meripelastus.fi\\\/savonlinna\\\/#website\"},\"primaryImageOfPage\":{\"@id\":\"https:\\\/\\\/meripelastus.fi\\\/savonlinna\\\/savonlinnan-jarvipelastajat\\\/yhteystiedot\\\/#primaryimage\"},\"image\":{\"@id\":\"https:\\\/\\\/meripelastus.fi\\\/savonlinna\\\/savonlinnan-jarvipelastajat\\\/yhteystiedot\\\/#primaryimage\"},\"thumbnailUrl\":\"https:\\\/\\\/meripelastus.fi\\\/savonlinna-vedos\\\/wp-content\\\/uploads\\\/sites\\\/50\\\/2026\\\/03\\\/Asema.png\",\"datePublished\":\"2026-03-16T14:29:22+00:00\",\"dateModified\":\"2026-04-03T09:40:52+00:00\",\"breadcrumb\":{\"@id\":\"https:\\\/\\\/meripelastus.fi\\\/savonlinna\\\/savonlinnan-jarvipelastajat\\\/yhteystiedot\\\/#breadcrumb\"},\"inLanguage\":\"fi\",\"potentialAction\":[{\"@type\":\"ReadAction\",\"target\":[\"https:\\\/\\\/meripelastus.fi\\\/savonlinna\\\/savonlinnan-jarvipelastajat\\\/yhteystiedot\\\/\"]}]},{\"@type\":\"ImageObject\",\"inLanguage\":\"fi\",\"@id\":\"https:\\\/\\\/meripelastus.fi\\\/savonlinna\\\/savonlinnan-jarvipelastajat\\\/yhteystiedot\\\/#primaryimage\",\"url\":\"https:\\\/\\\/meripelastus.fi\\\/savonlinna\\\/wp-content\\\/uploads\\\/sites\\\/50\\\/2026\\\/03\\\/Asema.png\",\"contentUrl\":\"https:\\\/\\\/meripelastus.fi\\\/savonlinna\\\/wp-content\\\/uploads\\\/sites\\\/50\\\/2026\\\/03\\\/Asema.png\",\"width\":613,\"height\":346},{\"@type\":\"BreadcrumbList\",\"@id\":\"https:\\\/\\\/meripelastus.fi\\\/savonlinna\\\/savonlinnan-jarvipelastajat\\\/yhteystiedot\\\/#breadcrumb\",\"itemListElement\":[{\"@type\":\"ListItem\",\"position\":1,\"name\":\"Etusivu\",\"item\":\"https:\\\/\\\/meripelastus.fi\\\/savonlinna\\\/\"},{\"@type\":\"ListItem\",\"position\":2,\"name\":\"Savonlinnan J\u00e4rvipelastajat\",\"item\":\"https:\\\/\\\/meripelastus.fi\\\/savonlinna\\\/savonlinnan-jarvipelastajat\\\/\"},{\"@type\":\"ListItem\",\"position\":3,\"name\":\"Yhteystiedot\"}]},{\"@type\":\"WebSite\",\"@id\":\"https:\\\/\\\/meripelastus.fi\\\/savonlinna\\\/#website\",\"url\":\"https:\\\/\\\/meripelastus.fi\\\/savonlinna\\\/\",\"name\":\"SMPS Savonlinnan J\u00e4rvipelastajat ry\",\"description\":\"Vapaaehtoiset apunasi vesill\u00e4\",\"potentialAction\":[{\"@type\":\"SearchAction\",\"target\":{\"@type\":\"EntryPoint\",\"urlTemplate\":\"https:\\\/\\\/meripelastus.fi\\\/savonlinna\\\/?s={search_term_string}\"},\"query-input\":{\"@type\":\"PropertyValueSpecification\",\"valueRequired\":true,\"valueName\":\"search_term_string\"}}],\"inLanguage\":\"fi\"}]}<\/script>\n<!-- \/ Yoast SEO Premium plugin. -->","yoast_head_json":{"title":"Yhteystiedot - SMPS Savonlinnan J\u00e4rvipelastajat ry","robots":{"index":"index","follow":"follow","max-snippet":"max-snippet:-1","max-image-preview":"max-image-preview:large","max-video-preview":"max-video-preview:-1"},"canonical":"https:\/\/meripelastus.fi\/savonlinna\/savonlinnan-jarvipelastajat\/yhteystiedot\/","og_locale":"fi_FI","og_type":"article","og_title":"Yhteystiedot","og_description":"SMPS Savonlinnan J\u00e4rvipelastajat ry K\u00e4yntiosoite:Laivamiehentie 257510 Savonlinna Email: savonlinna @ messi.meripelastus.fi (poista v\u00e4lily\u00f6nnit)Puhelin: 0500 374 359 (p\u00e4ivystys) Facebook: Savonlinnan J\u00e4rvipelastajat ryInstagram: @SARSavonlinna c\/oSamusalontie 2257710 Savonlinna Y-tunnus 1006428-6","og_url":"https:\/\/meripelastus.fi\/savonlinna\/savonlinnan-jarvipelastajat\/yhteystiedot\/","og_site_name":"SMPS Savonlinnan J\u00e4rvipelastajat ry","article_modified_time":"2026-04-03T09:40:52+00:00","og_image":[{"width":613,"height":346,"url":"https:\/\/meripelastus.fi\/savonlinna\/wp-content\/uploads\/sites\/50\/2026\/03\/Asema.png","type":"image\/png"}],"twitter_card":"summary_large_image","twitter_misc":{"Arvioitu lukuaika":"1 minuutti"},"schema":{"@context":"https:\/\/schema.org","@graph":[{"@type":"WebPage","@id":"https:\/\/meripelastus.fi\/savonlinna\/savonlinnan-jarvipelastajat\/yhteystiedot\/","url":"https:\/\/meripelastus.fi\/savonlinna\/savonlinnan-jarvipelastajat\/yhteystiedot\/","name":"Yhteystiedot - SMPS Savonlinnan J\u00e4rvipelastajat ry","isPartOf":{"@id":"https:\/\/meripelastus.fi\/savonlinna\/#website"},"primaryImageOfPage":{"@id":"https:\/\/meripelastus.fi\/savonlinna\/savonlinnan-jarvipelastajat\/yhteystiedot\/#primaryimage"},"image":{"@id":"https:\/\/meripelastus.fi\/savonlinna\/savonlinnan-jarvipelastajat\/yhteystiedot\/#primaryimage"},"thumbnailUrl":"https:\/\/meripelastus.fi\/savonlinna-vedos\/wp-content\/uploads\/sites\/50\/2026\/03\/Asema.png","datePublished":"2026-03-16T14:29:22+00:00","dateModified":"2026-04-03T09:40:52+00:00","breadcrumb":{"@id":"https:\/\/meripelastus.fi\/savonlinna\/savonlinnan-jarvipelastajat\/yhteystiedot\/#breadcrumb"},"inLanguage":"fi","potentialAction":[{"@type":"ReadAction","target":["https:\/\/meripelastus.fi\/savonlinna\/savonlinnan-jarvipelastajat\/yhteystiedot\/"]}]},{"@type":"ImageObject","inLanguage":"fi","@id":"https:\/\/meripelastus.fi\/savonlinna\/savonlinnan-jarvipelastajat\/yhteystiedot\/#primaryimage","url":"https:\/\/meripelastus.fi\/savonlinna\/wp-content\/uploads\/sites\/50\/2026\/03\/Asema.png","contentUrl":"https:\/\/meripelastus.fi\/savonlinna\/wp-content\/uploads\/sites\/50\/2026\/03\/Asema.png","width":613,"height":346},{"@type":"BreadcrumbList","@id":"https:\/\/meripelastus.fi\/savonlinna\/savonlinnan-jarvipelastajat\/yhteystiedot\/#breadcrumb","itemListElement":[{"@type":"ListItem","position":1,"name":"Etusivu","item":"https:\/\/meripelastus.fi\/savonlinna\/"},{"@type":"ListItem","position":2,"name":"Savonlinnan J\u00e4rvipelastajat","item":"https:\/\/meripelastus.fi\/savonlinna\/savonlinnan-jarvipelastajat\/"},{"@type":"ListItem","position":3,"name":"Yhteystiedot"}]},{"@type":"WebSite","@id":"https:\/\/meripelastus.fi\/savonlinna\/#website","url":"https:\/\/meripelastus.fi\/savonlinna\/","name":"SMPS Savonlinnan J\u00e4rvipelastajat ry","description":"Vapaaehtoiset apunasi vesill\u00e4","potentialAction":[{"@type":"SearchAction","target":{"@type":"EntryPoint","urlTemplate":"https:\/\/meripelastus.fi\/savonlinna\/?s={search_term_string}"},"query-input":{"@type":"PropertyValueSpecification","valueRequired":true,"valueName":"search_term_string"}}],"inLanguage":"fi"}]}},"_links":{"self":[{"href":"https:\/\/meripelastus.fi\/savonlinna\/wp-json\/wp\/v2\/pages\/66","targetHints":{"allow":["GET"]}}],"collection":[{"href":"https:\/\/meripelastus.fi\/savonlinna\/wp-json\/wp\/v2\/pages"}],"about":[{"href":"https:\/\/meripelastus.fi\/savonlinna\/wp-json\/wp\/v2\/types\/page"}],"author":[{"embeddable":true,"href":"https:\/\/meripelastus.fi\/savonlinna\/wp-json\/wp\/v2\/users\/1"}],"replies":[{"embeddable":true,"href":"https:\/\/meripelastus.fi\/savonlinna\/wp-json\/wp\/v2\/comments?post=66"}],"version-history":[{"count":12,"href":"https:\/\/meripelastus.fi\/savonlinna\/wp-json\/wp\/v2\/pages\/66\/revisions"}],"predecessor-version":[{"id":250,"href":"https:\/\/meripelastus.fi\/savonlinna\/wp-json\/wp\/v2\/pages\/66\/revisions\/250"}],"up":[{"embeddable":true,"href":"https:\/\/meripelastus.fi\/savonlinna\/wp-json\/wp\/v2\/pages\/60"}],"wp:attachment":[{"href":"https:\/\/meripelastus.fi\/savonlinna\/wp-json\/wp\/v2\/media?parent=66"}],"curies":[{"name":"wp","href":"https:\/\/api.w.org\/{rel}","templated":true}]}}